{"id":10903,"date":"2022-05-13T21:33:46","date_gmt":"2022-05-13T21:33:46","guid":{"rendered":"https:\/\/ceolawyer.com\/espanol\/?page_id=10903"},"modified":"2025-12-18T12:13:56","modified_gmt":"2025-12-18T12:13:56","slug":"abogado-de-lesiones-personales-alpharetta","status":"publish","type":"page","link":"https:\/\/ceolawyer.com\/espanol\/abogado-de-lesiones-personales-alpharetta\/","title":{"rendered":"Abogado de Lesiones Personales de Alpharetta"},"content":{"rendered":"<p><img decoding=\"async\" class=\"alignright size-full wp-image-8571\" src=\"https:\/\/ceolawyer.com\/espanol\/wp-content\/uploads\/sites\/2\/2022\/01\/alpharetta-personal-injury-lawyer.jpg\" alt=\"alpharetta green space\" width=\"500\" height=\"333\" srcset=\"https:\/\/ceolawyer.com\/espanol\/wp-content\/uploads\/sites\/2\/2022\/01\/alpharetta-personal-injury-lawyer.jpg 500w, https:\/\/ceolawyer.com\/espanol\/wp-content\/uploads\/sites\/2\/2022\/01\/alpharetta-personal-injury-lawyer-300x200.jpg 300w\" sizes=\"(max-width: 500px) 100vw, 500px\" \/>Imagina que estuviste involucrado en un accidente automovil\u00edstico en Alpharetta, Georgia. No tuviste la culpa, pero las facturas m\u00e9dicas empiezan a acumularse y la aseguradora del conductor responsable no quiere ofrecer una compensaci\u00f3n justa.<\/p>\n<p>En situaciones as\u00ed, es esencial contactar a un abogado experimentado en lesiones personales.<\/p>\n<p>Un abogado de lesiones personales es un profesional legal que se especializa en ayudar a personas que han sufrido da\u00f1os f\u00edsicos o emocionales debido a la negligencia, imprudencia o conducta intencional de otra persona.<\/p>\n<p>Estos abogados desempe\u00f1an un papel fundamental al ayudar a sus clientes a buscar compensaci\u00f3n por sus p\u00e9rdidas, incluyendo gastos m\u00e9dicos, salarios perdidos y el impacto f\u00edsico y emocional del accidente.<\/p>\n<p><strong>Haz clic aqu\u00ed para saber cu\u00e1nto vale tu caso.<\/strong><\/p>\n<p>Los abogados de lesiones personales tienen experiencia investigando este tipo de accidentes y cuentan con la capacidad para negociar con compa\u00f1\u00edas de seguros. Lo m\u00e1s importante es que pueden representarte ante la corte si es necesario.<\/p>\n<p>Si est\u00e1s enfrentando facturas m\u00e9dicas crecientes, no dudes en comunicarte con nuestro equipo. En <a href=\"https:\/\/ceolawyer.com\/espanol\/abogado-de-lesiones-personales-georgia\/\"><strong>CEO Lawyer Personal Injury Law Firm<\/strong><\/a>, hemos ayudado a innumerables clientes en una amplia variedad de reclamaciones por lesiones personales.<\/p>\n<p>Nuestra experiencia nos permite estar preparados para ayudarte a ti y a tu familia a navegar lo que viene por delante.<\/p>\n<p>Llama al <a href=\"tel:+14708229716\"><strong>(470) 822-9716<\/strong><\/a> o cont\u00e1ctanos en l\u00ednea para hablar con un miembro de nuestro equipo sobre los detalles de tu accidente en una consulta gratuita y sin compromiso. Nuestros abogados est\u00e1n listos para explicarte tus opciones legales y ayudarte a elegir el camino m\u00e1s adecuado.<\/p>\n<h2>\u00bfCon Qu\u00e9 Tipos de Accidentes Puede Ayudarte un Abogado de Lesiones Personales que brinda servicios en Alpharetta?<\/h2>\n<p>Los abogados de lesiones personales pueden ayudar a los clientes a recuperar gastos en una amplia gama de escenarios. Estos son algunos de los tipos m\u00e1s comunes de accidentes que manejan:<\/p>\n<h3>Accidentes Automovil\u00edsticos<\/h3>\n<p>Son muy frecuentes en Alpharetta y suelen causar lesiones y da\u00f1os importantes. Un abogado puede ayudarte a manejar reclamos complejos, incluso cuando hay m\u00faltiples conductores involucrados.<\/p>\n<h3>Accidentes por Resbalones y Ca\u00eddas<\/h3>\n<p>Ocurren en propiedades mal mantenidas, como tiendas, aceras o residencias privadas. Un abogado puede apoyarte en reclamaciones de responsabilidad de locales y responsabilizar al propietario por condiciones inseguras.<\/p>\n<h3>Negligencia M\u00e9dica<\/h3>\n<p>Cuando un profesional de la salud no sigue el est\u00e1ndar de cuidado y causa da\u00f1o, el paciente puede reclamar compensaci\u00f3n. Tu abogado te ayudar\u00e1 a presentar un reclamo por negligencia m\u00e9dica.<\/p>\n<h3>Lesiones en el Trabajo<\/h3>\n<p>Si te lesionaste debido a negligencia del empleador o condiciones inseguras, tu abogado puede ayudarte a obtener beneficios de compensaci\u00f3n laboral o presentar una demanda personal si corresponde.<\/p>\n<h3>Responsabilidad por Productos Defectuosos<\/h3>\n<p>Si un producto o medicamento defectuoso te caus\u00f3 da\u00f1o, un abogado puede ayudarte a tomar acci\u00f3n legal contra el fabricante o distribuidor.<\/p>\n<h3>Mordeduras de Perro<\/h3>\n<p>En algunos casos, las v\u00edctimas pueden recibir compensaci\u00f3n. Un abogado puede ayudarte a tratar con la aseguradora del due\u00f1o del perro o con el propio due\u00f1o.<\/p>\n<h3>Abuso en Asilos<\/h3>\n<p>Los abogados de lesiones personales pueden ayudar a personas mayores y a sus familias a tomar acci\u00f3n contra instalaciones o individuos responsables de abuso o negligencia.<\/p>\n<h3>Accidentes de Construcci\u00f3n<\/h3>\n<p>Los abogados manejan casos donde un trabajador o visitante sufre lesiones debido a violaciones de seguridad o negligencia en un sitio de construcci\u00f3n.<\/p>\n<h3>Accidentes en Bicicleta<\/h3>\n<p>Si un conductor negligente provoca un accidente, tu abogado puede ayudarte a presentar un reclamo contra el responsable.<\/p>\n<h3>Accidentes de Motocicleta<\/h3>\n<p>Tu abogado te ayudar\u00e1 a navegar el proceso legal y pelear por una compensaci\u00f3n justa.<\/p>\n<h3>Accidentes Peatonales<\/h3>\n<p>Si un peat\u00f3n es atropellado por un veh\u00edculo, un abogado puede ayudar a presentar un reclamo para recuperar los da\u00f1os.<\/p>\n<p>Aunque estos son ejemplos comunes, esta lista no es exhaustiva. Un abogado puede ayudarte a obtener compensaci\u00f3n por pr\u00e1cticamente cualquier accidente causado por la negligencia de otra persona.<\/p>\n<p>No dudes en contactar a un abogado si estuviste involucrado en cualquier accidente \u2014desde un choque con un cami\u00f3n hasta un incidente en barco\u2014 y crees que otra parte fue responsable.<\/p>\n<h2>\u00bfQu\u00e9 es una Reclamaci\u00f3n por Lesiones Personales?<\/h2>\n<p>Una reclamaci\u00f3n por lesiones personales es un recurso legal para quienes sufren da\u00f1os f\u00edsicos o emocionales debido a la negligencia de otra persona. Esta es la base de la ley de lesiones personales, cuyo prop\u00f3sito es asegurar que quienes resultan heridos puedan recibir una compensaci\u00f3n justa.<\/p>\n<p>En esencia, una reclamaci\u00f3n involucra al demandante (la persona lesionada) y al demandado (la parte responsable). La compensaci\u00f3n puede incluir:<\/p>\n<h3>Gastos M\u00e9dicos<\/h3>\n<p>Costos relacionados con tratamiento m\u00e9dico, hospitalizaci\u00f3n, cirug\u00edas, medicamentos, terapia y rehabilitaci\u00f3n.<\/p>\n<h3>P\u00e9rdida de Ingresos<\/h3>\n<p>Si las lesiones impiden trabajar, el reclamo puede incluir ingresos perdidos presentes y futuros.<\/p>\n<h3>Dolor y Sufrimiento<\/h3>\n<p>Compensaci\u00f3n por el dolor f\u00edsico y emocional causado por la lesi\u00f3n.<\/p>\n<h3>Da\u00f1os a la Propiedad<\/h3>\n<p>Por ejemplo, reparaciones necesarias tras un accidente automovil\u00edstico.<\/p>\n<h2>Marco Legal de las Reclamaciones por Lesiones Personales<\/h2>\n<p>En Alpharetta, estas reclamaciones est\u00e1n reguladas por el <a href=\"https:\/\/law.justia.com\/codes\/georgia\/title-51\/chapter-12\/article-3\/section-51-12-51\/\"><strong>T\u00edtulo 51, Cap\u00edtulo 12 del C\u00f3digo Oficial de Georgia Anotado (OCGA)<\/strong><\/a>, que define los derechos y responsabilidades de ambas partes.<\/p>\n<p>Para que una reclamaci\u00f3n tenga \u00e9xito, deben establecerse varios elementos clave:<\/p>\n<h3>Deber de Cuidado<\/h3>\n<p>El demandado deb\u00eda actuar de manera razonable para evitar da\u00f1o.<br \/>\nEj.: los conductores deben manejar con cuidado.<\/p>\n<h3>Incumplimiento del Deber<\/h3>\n<p>El demandado actu\u00f3 con negligencia, imprudencia o intenci\u00f3n da\u00f1ina.<\/p>\n<h3>Causalidad<\/h3>\n<p>La conducta del demandado caus\u00f3 directamente las lesiones del demandante.<\/p>\n<h3>Da\u00f1os<\/h3>\n<p>El demandante debe demostrar que sufri\u00f3 p\u00e9rdidas reales.<\/p>\n<h2>La Importancia de un Abogado en el Proceso de Negociaci\u00f3n<\/h2>\n<p>La mayor\u00eda de las reclamaciones incluyen negociaciones con aseguradoras. Un abogado:<\/p>\n<ul>\n<li>Representa tus intereses<\/li>\n<li>Enfrenta t\u00e1cticas de intimidaci\u00f3n<\/li>\n<li>Maneja ajustadores de seguros<\/li>\n<li>Busca un acuerdo justo<\/li>\n<\/ul>\n<p>Si las negociaciones fallan, el caso puede ir a juicio. Un abogado experimentado ser\u00e1 esencial durante todo el proceso.<\/p>\n<h2>Contacta a un Abogado de Lesiones Personales en Alpharetta Hoy<\/h2>\n<p>Ya sea que hayas sufrido un accidente automovil\u00edstico u otra lesi\u00f3n personal, estamos aqu\u00ed para apoyarte. Queremos ayudarte a responsabilizar a la parte culpable y a buscar la compensaci\u00f3n que t\u00fa o tu familia merecen.<\/p>\n<p>Revisaremos los detalles de tu situaci\u00f3n y te guiaremos hacia el camino m\u00e1s efectivo. Evaluaremos si hubo negligencia, calcularemos tus da\u00f1os y te ayudaremos a presentar tu reclamaci\u00f3n.<\/p>\n<p>No dudes en comunicarte con nuestro equipo hoy mismo. Los nuevos clientes pueden llamar al <a href=\"tel:+14703238779\"><strong>470-323-8779<\/strong><\/a> o <a href=\"https:\/\/ceolawyer.com\/espanol\/contacto-con-nosotros\/\">contactarnos en l\u00ednea<\/a> para hablar con un miembro de nuestro equipo sobre los detalles de tu caso y explorar tus opciones legales.<\/p>\n","protected":false},"excerpt":{"rendered":"<p>Imagina que estuviste involucrado en un accidente automovil\u00edstico en Alpharetta, Georgia. No tuviste la culpa, pero las facturas m\u00e9dicas empiezan a acumularse y la aseguradora del conductor responsable no quiere ofrecer una compensaci\u00f3n justa. En situaciones as\u00ed, es esencial contactar a un abogado experimentado en lesiones personales. Un abogado de lesiones personales es un profesional [&hellip;]<\/p>\n","protected":false},"author":22,"featured_media":8571,"parent":0,"menu_order":0,"comment_status":"closed","ping_status":"closed","template":"","meta":{"_acf_changed":false,"footnotes":""},"class_list":["post-10903","page","type-page","status-publish","has-post-thumbnail","hentry"],"acf":[],"yoast_head":"<!-- This site is optimized with the Yoast SEO plugin v27.2 - https:\/\/yoast.com\/product\/yoast-seo-wordpress\/ -->\n<title>Abogado de Lesiones Personales de Alpharetta | CEO Lawyer<\/title>\n<meta name=\"description\" content=\"\u00bfEst\u00e1 buscando un abogado de lesiones personales en Alpharetta, GA que pueda ayudarlo a reclamar la compensaci\u00f3n que merece? No busques m\u00e1s, estamos aqu\u00ed para ayudarte. P\u00f3ngase en contacto con nosotros hoy.\" \/>\n<meta name=\"robots\" content=\"index, follow, max-snippet:-1, max-image-preview:large, max-video-preview:-1\" \/>\n<link rel=\"canonical\" href=\"https:\/\/ceolawyer.com\/espanol\/abogado-de-lesiones-personales-alpharetta\/\" \/>\n<meta property=\"og:locale\" content=\"en_US\" \/>\n<meta property=\"og:type\" content=\"article\" \/>\n<meta property=\"og:title\" content=\"Abogado de Lesiones Personales de Alpharetta | CEO Lawyer\" \/>\n<meta property=\"og:description\" content=\"\u00bfEst\u00e1 buscando un abogado de lesiones personales en Alpharetta, GA que pueda ayudarlo a reclamar la compensaci\u00f3n que merece? No busques m\u00e1s, estamos aqu\u00ed para ayudarte. P\u00f3ngase en contacto con nosotros hoy.\" \/>\n<meta property=\"og:url\" content=\"https:\/\/ceolawyer.com\/espanol\/abogado-de-lesiones-personales-alpharetta\/\" \/>\n<meta property=\"og:site_name\" content=\"CEO Lawyer\" \/>\n<meta property=\"article:modified_time\" content=\"2025-12-18T12:13:56+00:00\" \/>\n<meta property=\"og:image\" content=\"https:\/\/ceolawyer.com\/espanol\/wp-content\/uploads\/sites\/2\/2022\/01\/alpharetta-personal-injury-lawyer.jpg\" \/>\n\t<meta property=\"og:image:width\" content=\"500\" \/>\n\t<meta property=\"og:image:height\" content=\"333\" \/>\n\t<meta property=\"og:image:type\" content=\"image\/jpeg\" \/>\n<meta name=\"twitter:card\" content=\"summary_large_image\" \/>\n<meta name=\"twitter:label1\" content=\"Est. reading time\" \/>\n\t<meta name=\"twitter:data1\" content=\"6 minutes\" \/>\n<script type=\"application\/ld+json\" class=\"yoast-schema-graph\">{\"@context\":\"https:\/\/schema.org\",\"@graph\":[{\"@type\":\"WebPage\",\"@id\":\"https:\/\/ceolawyer.com\/espanol\/abogado-de-lesiones-personales-alpharetta\/\",\"url\":\"https:\/\/ceolawyer.com\/espanol\/abogado-de-lesiones-personales-alpharetta\/\",\"name\":\"Abogado de Lesiones Personales de Alpharetta | CEO Lawyer\",\"isPartOf\":{\"@id\":\"https:\/\/ceolawyer.com\/espanol\/#website\"},\"primaryImageOfPage\":{\"@id\":\"https:\/\/ceolawyer.com\/espanol\/abogado-de-lesiones-personales-alpharetta\/#primaryimage\"},\"image\":{\"@id\":\"https:\/\/ceolawyer.com\/espanol\/abogado-de-lesiones-personales-alpharetta\/#primaryimage\"},\"thumbnailUrl\":\"https:\/\/ceolawyer.com\/espanol\/wp-content\/uploads\/sites\/2\/2022\/01\/alpharetta-personal-injury-lawyer.jpg\",\"datePublished\":\"2022-05-13T21:33:46+00:00\",\"dateModified\":\"2025-12-18T12:13:56+00:00\",\"description\":\"\u00bfEst\u00e1 buscando un abogado de lesiones personales en Alpharetta, GA que pueda ayudarlo a reclamar la compensaci\u00f3n que merece? No busques m\u00e1s, estamos aqu\u00ed para ayudarte. P\u00f3ngase en contacto con nosotros hoy.\",\"breadcrumb\":{\"@id\":\"https:\/\/ceolawyer.com\/espanol\/abogado-de-lesiones-personales-alpharetta\/#breadcrumb\"},\"inLanguage\":\"en-US\",\"potentialAction\":[{\"@type\":\"ReadAction\",\"target\":[\"https:\/\/ceolawyer.com\/espanol\/abogado-de-lesiones-personales-alpharetta\/\"]}]},{\"@type\":\"ImageObject\",\"inLanguage\":\"en-US\",\"@id\":\"https:\/\/ceolawyer.com\/espanol\/abogado-de-lesiones-personales-alpharetta\/#primaryimage\",\"url\":\"https:\/\/ceolawyer.com\/espanol\/wp-content\/uploads\/sites\/2\/2022\/01\/alpharetta-personal-injury-lawyer.jpg\",\"contentUrl\":\"https:\/\/ceolawyer.com\/espanol\/wp-content\/uploads\/sites\/2\/2022\/01\/alpharetta-personal-injury-lawyer.jpg\",\"width\":500,\"height\":333,\"caption\":\"alpharetta green space\"},{\"@type\":\"BreadcrumbList\",\"@id\":\"https:\/\/ceolawyer.com\/espanol\/abogado-de-lesiones-personales-alpharetta\/#breadcrumb\",\"itemListElement\":[{\"@type\":\"ListItem\",\"position\":1,\"name\":\"Home\",\"item\":\"https:\/\/ceolawyer.com\/espanol\/\"},{\"@type\":\"ListItem\",\"position\":2,\"name\":\"Abogado de Lesiones Personales de Alpharetta\"}]},{\"@type\":\"WebSite\",\"@id\":\"https:\/\/ceolawyer.com\/espanol\/#website\",\"url\":\"https:\/\/ceolawyer.com\/espanol\/\",\"name\":\"CEO Lawyer\",\"description\":\"Personal Injury Attorney\",\"publisher\":{\"@id\":\"https:\/\/ceolawyer.com\/espanol\/#organization\"},\"potentialAction\":[{\"@type\":\"SearchAction\",\"target\":{\"@type\":\"EntryPoint\",\"urlTemplate\":\"https:\/\/ceolawyer.com\/espanol\/?s={search_term_string}\"},\"query-input\":{\"@type\":\"PropertyValueSpecification\",\"valueRequired\":true,\"valueName\":\"search_term_string\"}}],\"inLanguage\":\"en-US\"},{\"@type\":\"Organization\",\"@id\":\"https:\/\/ceolawyer.com\/espanol\/#organization\",\"name\":\"CEO Lawyer\",\"url\":\"https:\/\/ceolawyer.com\/espanol\/\",\"logo\":{\"@type\":\"ImageObject\",\"inLanguage\":\"en-US\",\"@id\":\"https:\/\/ceolawyer.com\/espanol\/#\/schema\/logo\/image\/\",\"url\":\"https:\/\/ceolawyer.com\/espanol\/wp-content\/uploads\/sites\/2\/2022\/05\/CEO_Logo.png\",\"contentUrl\":\"https:\/\/ceolawyer.com\/espanol\/wp-content\/uploads\/sites\/2\/2022\/05\/CEO_Logo.png\",\"width\":200,\"height\":108,\"caption\":\"CEO Lawyer\"},\"image\":{\"@id\":\"https:\/\/ceolawyer.com\/espanol\/#\/schema\/logo\/image\/\"}}]}<\/script>\n<!-- \/ Yoast SEO plugin. -->","yoast_head_json":{"title":"Abogado de Lesiones Personales de Alpharetta | CEO Lawyer","description":"\u00bfEst\u00e1 buscando un abogado de lesiones personales en Alpharetta, GA que pueda ayudarlo a reclamar la compensaci\u00f3n que merece? No busques m\u00e1s, estamos aqu\u00ed para ayudarte. P\u00f3ngase en contacto con nosotros hoy.","robots":{"index":"index","follow":"follow","max-snippet":"max-snippet:-1","max-image-preview":"max-image-preview:large","max-video-preview":"max-video-preview:-1"},"canonical":"https:\/\/ceolawyer.com\/espanol\/abogado-de-lesiones-personales-alpharetta\/","og_locale":"en_US","og_type":"article","og_title":"Abogado de Lesiones Personales de Alpharetta | CEO Lawyer","og_description":"\u00bfEst\u00e1 buscando un abogado de lesiones personales en Alpharetta, GA que pueda ayudarlo a reclamar la compensaci\u00f3n que merece? No busques m\u00e1s, estamos aqu\u00ed para ayudarte. P\u00f3ngase en contacto con nosotros hoy.","og_url":"https:\/\/ceolawyer.com\/espanol\/abogado-de-lesiones-personales-alpharetta\/","og_site_name":"CEO Lawyer","article_modified_time":"2025-12-18T12:13:56+00:00","og_image":[{"width":500,"height":333,"url":"https:\/\/ceolawyer.com\/espanol\/wp-content\/uploads\/sites\/2\/2022\/01\/alpharetta-personal-injury-lawyer.jpg","type":"image\/jpeg"}],"twitter_card":"summary_large_image","twitter_misc":{"Est. reading time":"6 minutes"},"schema":{"@context":"https:\/\/schema.org","@graph":[{"@type":"WebPage","@id":"https:\/\/ceolawyer.com\/espanol\/abogado-de-lesiones-personales-alpharetta\/","url":"https:\/\/ceolawyer.com\/espanol\/abogado-de-lesiones-personales-alpharetta\/","name":"Abogado de Lesiones Personales de Alpharetta | CEO Lawyer","isPartOf":{"@id":"https:\/\/ceolawyer.com\/espanol\/#website"},"primaryImageOfPage":{"@id":"https:\/\/ceolawyer.com\/espanol\/abogado-de-lesiones-personales-alpharetta\/#primaryimage"},"image":{"@id":"https:\/\/ceolawyer.com\/espanol\/abogado-de-lesiones-personales-alpharetta\/#primaryimage"},"thumbnailUrl":"https:\/\/ceolawyer.com\/espanol\/wp-content\/uploads\/sites\/2\/2022\/01\/alpharetta-personal-injury-lawyer.jpg","datePublished":"2022-05-13T21:33:46+00:00","dateModified":"2025-12-18T12:13:56+00:00","description":"\u00bfEst\u00e1 buscando un abogado de lesiones personales en Alpharetta, GA que pueda ayudarlo a reclamar la compensaci\u00f3n que merece? No busques m\u00e1s, estamos aqu\u00ed para ayudarte. P\u00f3ngase en contacto con nosotros hoy.","breadcrumb":{"@id":"https:\/\/ceolawyer.com\/espanol\/abogado-de-lesiones-personales-alpharetta\/#breadcrumb"},"inLanguage":"en-US","potentialAction":[{"@type":"ReadAction","target":["https:\/\/ceolawyer.com\/espanol\/abogado-de-lesiones-personales-alpharetta\/"]}]},{"@type":"ImageObject","inLanguage":"en-US","@id":"https:\/\/ceolawyer.com\/espanol\/abogado-de-lesiones-personales-alpharetta\/#primaryimage","url":"https:\/\/ceolawyer.com\/espanol\/wp-content\/uploads\/sites\/2\/2022\/01\/alpharetta-personal-injury-lawyer.jpg","contentUrl":"https:\/\/ceolawyer.com\/espanol\/wp-content\/uploads\/sites\/2\/2022\/01\/alpharetta-personal-injury-lawyer.jpg","width":500,"height":333,"caption":"alpharetta green space"},{"@type":"BreadcrumbList","@id":"https:\/\/ceolawyer.com\/espanol\/abogado-de-lesiones-personales-alpharetta\/#breadcrumb","itemListElement":[{"@type":"ListItem","position":1,"name":"Home","item":"https:\/\/ceolawyer.com\/espanol\/"},{"@type":"ListItem","position":2,"name":"Abogado de Lesiones Personales de Alpharetta"}]},{"@type":"WebSite","@id":"https:\/\/ceolawyer.com\/espanol\/#website","url":"https:\/\/ceolawyer.com\/espanol\/","name":"CEO Lawyer","description":"Personal Injury Attorney","publisher":{"@id":"https:\/\/ceolawyer.com\/espanol\/#organization"},"potentialAction":[{"@type":"SearchAction","target":{"@type":"EntryPoint","urlTemplate":"https:\/\/ceolawyer.com\/espanol\/?s={search_term_string}"},"query-input":{"@type":"PropertyValueSpecification","valueRequired":true,"valueName":"search_term_string"}}],"inLanguage":"en-US"},{"@type":"Organization","@id":"https:\/\/ceolawyer.com\/espanol\/#organization","name":"CEO Lawyer","url":"https:\/\/ceolawyer.com\/espanol\/","logo":{"@type":"ImageObject","inLanguage":"en-US","@id":"https:\/\/ceolawyer.com\/espanol\/#\/schema\/logo\/image\/","url":"https:\/\/ceolawyer.com\/espanol\/wp-content\/uploads\/sites\/2\/2022\/05\/CEO_Logo.png","contentUrl":"https:\/\/ceolawyer.com\/espanol\/wp-content\/uploads\/sites\/2\/2022\/05\/CEO_Logo.png","width":200,"height":108,"caption":"CEO Lawyer"},"image":{"@id":"https:\/\/ceolawyer.com\/espanol\/#\/schema\/logo\/image\/"}}]}},"_links":{"self":[{"href":"https:\/\/ceolawyer.com\/espanol\/wp-json\/wp\/v2\/pages\/10903","targetHints":{"allow":["GET"]}}],"collection":[{"href":"https:\/\/ceolawyer.com\/espanol\/wp-json\/wp\/v2\/pages"}],"about":[{"href":"https:\/\/ceolawyer.com\/espanol\/wp-json\/wp\/v2\/types\/page"}],"author":[{"embeddable":true,"href":"https:\/\/ceolawyer.com\/espanol\/wp-json\/wp\/v2\/users\/22"}],"replies":[{"embeddable":true,"href":"https:\/\/ceolawyer.com\/espanol\/wp-json\/wp\/v2\/comments?post=10903"}],"version-history":[{"count":0,"href":"https:\/\/ceolawyer.com\/espanol\/wp-json\/wp\/v2\/pages\/10903\/revisions"}],"wp:featuredmedia":[{"embeddable":true,"href":"https:\/\/ceolawyer.com\/espanol\/wp-json\/wp\/v2\/media\/8571"}],"wp:attachment":[{"href":"https:\/\/ceolawyer.com\/espanol\/wp-json\/wp\/v2\/media?parent=10903"}],"curies":[{"name":"wp","href":"https:\/\/api.w.org\/{rel}","templated":true}]}}