{"id":10928,"date":"2022-05-17T19:46:56","date_gmt":"2022-05-17T19:46:56","guid":{"rendered":"https:\/\/ceolawyer.com\/espanol\/?page_id=10928"},"modified":"2025-12-18T12:09:36","modified_gmt":"2025-12-18T12:09:36","slug":"abogado-de-lesiones-personales-atlanta","status":"publish","type":"page","link":"https:\/\/ceolawyer.com\/espanol\/abogado-de-lesiones-personales-atlanta\/","title":{"rendered":"Abogado de Lesiones Personales de Atlanta"},"content":{"rendered":"<div class=\"row\">\n<div class=\"col-sm-9\">\n<div class=\"georgia-block-right block-wide\">\n<h1 class=\"h2\"><strong>ABOGADO DE LESIONES PERSONALES EN ATLANTA<\/strong><\/h1>\n<p>Si ha sido herido en un accidente en Atlanta, cuanto antes hable con un abogado, mejor. Todos los abogados de lesiones personales trabajan con honorarios de contingencia, que es b\u00e1sicamente una comisi\u00f3n. Esto significa que no tiene que pagar nada de su bolsillo y la mayor\u00eda de las consultas son completamente gratuitas. Ya sea que su lesi\u00f3n haya sido causada por un accidente automovil\u00edstico, un resbal\u00f3n y ca\u00edda en un negocio local, un error del proveedor m\u00e9dico o cualquier otra negligencia que no sea su culpa, hablar con un abogado es el mejor camino para obtener la compensaci\u00f3n que necesita para recuperarse de sus p\u00e9rdidas.<br \/>\nMedical bills, missed work income, car repairs, and other costs aren\u2019t going to wait until you recover. You need a way to pay for all of it \u2014 fast. Working with an experienced and proven personal injury lawyer in Atlanta gives you the best chances of obtaining this compensation from all people who are responsible.<\/p>\n<p>No conf\u00ede en una compa\u00f1\u00eda de seguros para que le brinde la informaci\u00f3n correcta que necesita para maximizar su reclamo. Antes de hablar con ellos, hable con nosotros: el CEO Lawyer Abogados de Accidentes Awad, com\u00fanmente conocido como el CEO Lawyer, es el abogado del que aprenden otros abogados. Ha creado miles de videos gratuitos de asesoramiento legal para educar a los consumidores y abogados sobre c\u00f3mo maximizar los reclamos por lesiones personales. Con m\u00e1s de 1 mill\u00f3n de seguidores y creciendo, una de las mejores fuentes de asesoramiento legal gratuito se puede encontrar aqu\u00ed @CEOLawyer.<br \/>\nUtilice el formulario de contacto que ve justo al lado de este texto para informarnos sobre su lesi\u00f3n, \u00a1y nos pondremos en contacto con usted para comenzar con su posible caso r\u00e1pidamente!<\/p>\n<\/div>\n<\/div>\n<div class=\"col-sm-3 img-order\">\n<div class=\"personal-img\"><img decoding=\"async\" class=\"attachment-full alignnone\" src=\"https:\/\/ceolawyer.com\/wp-content\/uploads\/sites\/2\/2021\/03\/ALI-1.jpg\" sizes=\"(max-width: 760px) 100vw, 760px\" srcset=\"https:\/\/ceolawyer.com\/wp-content\/uploads\/sites\/2\/2021\/03\/ALI-1.jpg 760w, https:\/\/ceolawyer.com\/wp-content\/uploads\/sites\/2\/2021\/03\/ALI-1-240x300.jpg 240w\" alt=\"Ali Awad\" width=\"760\" height=\"950\" \/><\/div>\n<\/div>\n<\/div>\n<div class=\"row\">\n<div class=\"col-sm-12\">\n<div class=\"georgia-block-right block-wide\">\n<h2>\u00bfHa sido herido recientemente? Tome estos pasos ahora<\/h2>\n<ul class=\"styles-list\">\n<li aria-level=\"1\"><b>No hable con nadie sobre los detalles<\/b> de su caso que no sea un abogado personal. \u00a1No haga una declaraci\u00f3n a las aseguradoras! No publique sobre ello en las redes sociales. Proteja su derecho a compartir solo la informaci\u00f3n necesaria con las personas necesarias en el momento adecuado.<\/li>\n<li aria-level=\"1\"><b>Conserve todas las pruebas que pueda.<\/b> Eso puede significar fotos de la escena del accidente, fotos de su lesi\u00f3n o declaraciones grabadas de testigos presenciales. Obtenga la informaci\u00f3n de contacto de todos los involucrados. Guarde toda la documentaci\u00f3n y evidencia como ropa ensangrentada.<\/li>\n<li aria-level=\"1\"><b>\u00a1Obtenga ayuda m\u00e9dica lo antes posible!<\/b> Cuanto m\u00e1s espere para ver a un m\u00e9dico, m\u00e1s dif\u00edcil ser\u00e1 conectar sus lesiones con su accidente. Tambi\u00e9n deseara diagnosticar y comenzar a tratar sus lesiones lo antes posible. En muchos casos, NO necesita pagar de su bolsillo para la atenci\u00f3n m\u00e9dica relacionada con un accidente con lesiones personales.<\/li>\n<li aria-level=\"1\"><b>Hable con los abogados de lesiones personales de Atlanta que luchar\u00e1n por usted.<\/b> Los abogados de CEO Lawyer Abogados de Accidentes le brindar\u00e1n la informaci\u00f3n, el asesoramiento y los servicios legales que necesita para manejar las compa\u00f1\u00edas de seguros que no querr\u00e1n pagar. Si ha tomado una decisi\u00f3n equivocada al contratar a otro despacho de abogados, haga clic aqu\u00ed para saber c\u00f3mo cambiar.<\/li>\n<\/ul>\n<h2>Luchando para proteger los derechos legales de los habitantes de Atlanta cuando m\u00e1s lo necesitan<\/h2>\n<p>Nuestro despacho de abogados est\u00e1 100% enfocado en el cliente y preparado para poner cada gramo de esfuerzo que podamos en su caso. Comenzaremos a trabajar con usted r\u00e1pidamente, para obtener informaci\u00f3n, necesitamos presentar un reclamo y documentar el alcance total de su lesi\u00f3n y sus p\u00e9rdidas.<\/p>\n<p>Los casos de accidentes comunes en los que nos centramos incluyen:<\/p>\n<ul class=\"styles-list\">\n<li aria-level=\"1\"><a href=\"https:\/\/ceolawyer.com\/espanol\/abogado-de-lesiones-personales-georgia\/abogado-de-accidentes-automovilisticos\/\">Accidentes automovil\u00edsticos<\/a><\/li>\n<li aria-level=\"1\"><a href=\"https:\/\/ceolawyer.com\/espanol\/abogado-de-lesiones-personales-georgia\/abogado-de-accidentes-de-bicicleta\/\">Accidentes de bicicleta<\/a><\/li>\n<li aria-level=\"1\"><a href=\"https:\/\/ceolawyer.com\/espanol\/abogado-de-lesiones-personales-georgia\/abogado-de-conducir-ebrio\/\">Conducir ebrio<\/a><\/li>\n<li aria-level=\"1\"><a href=\"https:\/\/ceolawyer.com\/espanol\/abogado-de-lesiones-personales-georgia\/abogado-de-accidentes-de-camiones\/\">Veh\u00edculos comerciales<\/a><\/li>\n<li aria-level=\"1\"><a href=\"https:\/\/ceolawyer.com\/espanol\/abogado-de-lesiones-personales-georgia\/abogado-de-mordeduras-de-perro\/\">Mordidas de perro<\/a><\/li>\n<li aria-level=\"1\"><a href=\"https:\/\/ceolawyer.com\/espanol\/abogado-de-lesiones-personales-georgia\/abogado-de-muerte-injustia\/\">Muerte injusta<\/a><\/li>\n<li aria-level=\"1\">Derechos civiles<\/li>\n<li aria-level=\"1\"><a href=\"https:\/\/ceolawyer.com\/espanol\/abogado-de-lesiones-personales-georgia\/abogado-de-accidentes-de-peatones\/\">Accidentes de peatones<\/a><\/li>\n<li aria-level=\"1\"><a href=\"https:\/\/ceolawyer.com\/espanol\/abogado-de-lesiones-personales-georgia\/abogado-de-compensacion-laboral\/\">Compensaci\u00f3n al trabajador<\/a><\/li>\n<li aria-level=\"1\"><a href=\"https:\/\/ceolawyer.com\/espanol\/abogado-de-lesiones-personales-georgia\/abogado-de-negligencia\/\">Negligencia m\u00e9dica<\/a><\/li>\n<\/ul>\n<h2>Tiene derecho a trabajar con un abogado en su caso de lesiones<\/h2>\n<p>Toda persona en los Estados Unidos tiene derecho a consultar con un abogado cuando tenga preguntas legales, especialmente en un caso que involucre p\u00e9rdidas econ\u00f3micas personales. Millones de estadounidenses no dudan en utilizar este derecho: \u00a1tienen a su abogado en marcaci\u00f3n r\u00e1pida! Entonces, \u00bfpor qu\u00e9 la persona promedio en Atlanta no habla con un abogado cuando tiene potencialmente miles (o millones) de d\u00f3lares en p\u00e9rdidas relacionadas con accidentes?<\/p>\n<p>La respuesta es que la mayor\u00eda de los habitantes de Atlanta no se dan cuenta de que pueden obtener ayuda legal gratuita para su caso. Asumen que hablar con las compa\u00f1\u00edas de seguros es la mejor manera de obtener el dinero que necesitan para recuperarse, pero lamentablemente esto no es cierto.<\/p>\n<p>Las compa\u00f1\u00edas de seguros ganan m\u00e1s dinero cuando reducen las reclamaciones o se niegan rotundamente a pagarlas. Cuando una v\u00edctima de lesiones personales se niega a conseguir un abogado, las aseguradoras pueden pensar que tienen un caso f\u00e1cil de &#8220;pagar lo que queremos&#8221;, \u00a1que puede ser cero! Cuando un reclamante est\u00e1 representado por un abogado, las aseguradoras saben que tienen que trabajar m\u00e1s duro para asegurarse de cumplir con la letra del contrato de la p\u00f3liza.<\/p>\n<p>As\u00ed que contrate a un abogado de lesiones personales de Atlanta que realmente quiera verlo obtener lo m\u00e1s posible por su lesi\u00f3n. Los abogados de lesiones y accidentes de CEO Lawyer lo representar\u00e1n sin costo inicial. Solo debe dinero por nuestros servicios si recuperamos con \u00e9xito el dinero por las p\u00e9rdidas de su accidente.<\/p>\n<p>No se le paga por su lesi\u00f3n a menos que su reclamo tenga \u00e9xito, y no se nos paga a menos que le paguen a usted. Conf\u00ede en que nosotros haremos lo que sea necesario para obtener la m\u00e1xima compensaci\u00f3n por cada centavo de los costos de su lesi\u00f3n.<\/p>\n<h2>Abogados de Atlanta de confianza y con base local<\/h2>\n<p>Con oficinas justo en el coraz\u00f3n del centro de Atlanta, los Abogados de CEO Lawyer Abogados de Accidentes trabajan para las personas de nuestra comunidad cuando resultan heridas. Nuestros abogados tienen d\u00e9cadas de experiencia colectiva y han representado a miles de clientes en el \u00e1rea de Atlanta.<\/p>\n<p>Atlanta es una joya del sur de Estados Unidos y una de las mejores ciudades para vivir culturalmente y econ\u00f3micamente. Somos afortunados de tener una comunidad diversa y una amplia gama de servicios comerciales que se originan en todo el mundo. Tambi\u00e9n somos la ciudad que mantuvo la esperanza para los Bravos de Atlanta, ahora dos veces ganadores de la Serie Mundial. Si eso no comunica nuestra paciencia y fe, \u00a1no sabemos qu\u00e9 lo har\u00e1!<\/p>\n<p>Desafortunadamente, la ajetreada econom\u00eda de Atlanta y las populares atracciones locales tambi\u00e9n significan muchas oportunidades para que las personas sufran lesiones graves. Solo los datos de accidentes del condado de Fulton muestran que hubo casi 46,000 accidentes en 2018, lo que provoc\u00f3 656 sospechadas lesiones graves y 131 muertes. Muchas de estas muertes se atribuyeron directamente al comportamiento negligente de los conductores, incluidas 37 muertes relacionadas con DUI y 27 accidentes fatales por exceso de velocidad.<\/p>\n<p>Tambi\u00e9n hay una serie de peligros para el ciudadano promedio de Atlanta durante su vida cotidiana. Resbalones y ca\u00eddas, negligencia m\u00e9dica, lesiones por productos defectuosos y otros tipos de accidentes graves tienen el potencial de causar decenas de miles, a veces millones, en da\u00f1os totales.<\/p>\n<p>Nuestros abogados locales de lesiones personales en Atlanta quieren ayudar a cualquier persona lesionada a encontrar la representaci\u00f3n que necesitan para maximizar sus posibilidades de recuperaci\u00f3n financiera. Comun\u00edquese con nuestros abogados de lesiones altamente calificados y con experiencia para comenzar su posible caso hoy.<\/p>\n<h2>\u00bfQu\u00e9 se necesita para que un caso de lesiones tenga \u00e9xito? Los 5 factores m\u00e1s importantes<\/h2>\n<p>En nuestra experiencia trabajando como abogados de lesiones personales en Atlanta, hemos asegurado decenas de millones de d\u00f3lares para nuestros clientes lesionados en cientos de casos exitosos. Es imposible predecir exactamente qu\u00e9 casos alcanzar\u00e1n el resultado deseado para el cliente lesionado, pero los factores del caso que consideramos m\u00e1s importantes son:<\/p>\n<ul class=\"styles-list\">\n<li aria-level=\"1\">Una lesi\u00f3n grave claramente documentada. Los da\u00f1os se otorgan en funci\u00f3n de los costos m\u00e9dicos y otras p\u00e9rdidas relacionadas con la lesi\u00f3n. En pocas palabras: generalmente, cuanto peor es la lesi\u00f3n, m\u00e1s son los n\u00fameros de da\u00f1os que deben recuperarse.<\/li>\n<li aria-level=\"1\">R\u00e1pida actuaci\u00f3n por parte del perjudicado. Cuando est\u00e1s gravemente herido, tus acciones pueden ser limitadas, pero eso no significa que no puedas actuar. Los clientes que buscan atenci\u00f3n m\u00e9dica inmediata y toman medidas para comunicarse con un abogado r\u00e1pidamente tienen m\u00e1s probabilidades de recuperarse.<\/li>\n<li aria-level=\"1\">Evidencia clara y espec\u00edfica. Su caso debe probar que result\u00f3 herido, que sufri\u00f3 p\u00e9rdidas y que una parte negligente caus\u00f3 sus p\u00e9rdidas. La evidencia de cualquiera de estos tres debe ser lo suficientemente s\u00f3lida como para resistir el escrutinio de las aseguradoras y otros abogados.<\/li>\n<li aria-level=\"1\">Persistencia y confianza en su caso. Las aseguradoras a menudo lanzan una peque\u00f1a oferta de liquidaci\u00f3n con la esperanza de finalizar un reclamo. Las personas lesionadas que conocen el valor de su caso rechazar\u00e1n una oferta inadecuada y defender\u00e1n los m\u00e9ritos de su reclamo.<\/li>\n<li aria-level=\"1\">Abogados de lesiones en Atlanta con experiencia y enfoque profesional. Los abogados atienden a sus clientes, y los abogados que ganan con mayor frecuencia usan todas las herramientas disponibles para ayudar a sus clientes a encontrar el \u00e9xito. \u00a1Los abogados de CEO Lawyer Abogados de Accidentes luchan por usted!<\/li>\n<\/ul>\n<\/div>\n<\/div>\n<\/div>\n","protected":false},"excerpt":{"rendered":"<p>ABOGADO DE LESIONES PERSONALES EN ATLANTA Si ha sido herido en un accidente en Atlanta, cuanto antes hable con un abogado, mejor. Todos los abogados de lesiones personales trabajan con honorarios de contingencia, que es b\u00e1sicamente una comisi\u00f3n. Esto significa que no tiene que pagar nada de su bolsillo y la mayor\u00eda de las consultas [&hellip;]<\/p>\n","protected":false},"author":22,"featured_media":0,"parent":0,"menu_order":0,"comment_status":"closed","ping_status":"closed","template":"template-geo-pages.php","meta":{"_acf_changed":false,"footnotes":""},"class_list":["post-10928","page","type-page","status-publish","hentry"],"acf":[],"yoast_head":"<!-- This site is optimized with the Yoast SEO plugin v27.2 - https:\/\/yoast.com\/product\/yoast-seo-wordpress\/ -->\n<title>Abogado de Lesiones Personales de Atlanta | CEO Lawyer<\/title>\n<meta name=\"description\" content=\"\u00bfEst\u00e1 buscando un abogado de lesiones personales en Atlanta, GA que pueda ayudarlo a reclamar la compensaci\u00f3n que merece? No busques m\u00e1s, estamos aqu\u00ed para ayudarte. P\u00f3ngase en contacto con nosotros hoy.\" \/>\n<meta name=\"robots\" content=\"index, follow, max-snippet:-1, max-image-preview:large, max-video-preview:-1\" \/>\n<link rel=\"canonical\" href=\"https:\/\/ceolawyer.com\/espanol\/abogado-de-lesiones-personales-atlanta\/\" \/>\n<meta property=\"og:locale\" content=\"en_US\" \/>\n<meta property=\"og:type\" content=\"article\" \/>\n<meta property=\"og:title\" content=\"Abogado de Lesiones Personales de Atlanta | CEO Lawyer\" \/>\n<meta property=\"og:description\" content=\"\u00bfEst\u00e1 buscando un abogado de lesiones personales en Atlanta, GA que pueda ayudarlo a reclamar la compensaci\u00f3n que merece? No busques m\u00e1s, estamos aqu\u00ed para ayudarte. P\u00f3ngase en contacto con nosotros hoy.\" \/>\n<meta property=\"og:url\" content=\"https:\/\/ceolawyer.com\/espanol\/abogado-de-lesiones-personales-atlanta\/\" \/>\n<meta property=\"og:site_name\" content=\"CEO Lawyer\" \/>\n<meta property=\"article:modified_time\" content=\"2025-12-18T12:09:36+00:00\" \/>\n<meta property=\"og:image\" content=\"https:\/\/ceolawyer.com\/wp-content\/uploads\/sites\/2\/2021\/03\/ALI-1.jpg\" \/>\n<meta name=\"twitter:card\" content=\"summary_large_image\" \/>\n<meta name=\"twitter:label1\" content=\"Est. reading time\" \/>\n\t<meta name=\"twitter:data1\" content=\"7 minutes\" \/>\n<script type=\"application\/ld+json\" class=\"yoast-schema-graph\">{\"@context\":\"https:\/\/schema.org\",\"@graph\":[{\"@type\":\"WebPage\",\"@id\":\"https:\/\/ceolawyer.com\/espanol\/abogado-de-lesiones-personales-atlanta\/\",\"url\":\"https:\/\/ceolawyer.com\/espanol\/abogado-de-lesiones-personales-atlanta\/\",\"name\":\"Abogado de Lesiones Personales de Atlanta | CEO Lawyer\",\"isPartOf\":{\"@id\":\"https:\/\/ceolawyer.com\/espanol\/#website\"},\"primaryImageOfPage\":{\"@id\":\"https:\/\/ceolawyer.com\/espanol\/abogado-de-lesiones-personales-atlanta\/#primaryimage\"},\"image\":{\"@id\":\"https:\/\/ceolawyer.com\/espanol\/abogado-de-lesiones-personales-atlanta\/#primaryimage\"},\"thumbnailUrl\":\"https:\/\/ceolawyer.com\/wp-content\/uploads\/sites\/2\/2021\/03\/ALI-1.jpg\",\"datePublished\":\"2022-05-17T19:46:56+00:00\",\"dateModified\":\"2025-12-18T12:09:36+00:00\",\"description\":\"\u00bfEst\u00e1 buscando un abogado de lesiones personales en Atlanta, GA que pueda ayudarlo a reclamar la compensaci\u00f3n que merece? No busques m\u00e1s, estamos aqu\u00ed para ayudarte. P\u00f3ngase en contacto con nosotros hoy.\",\"breadcrumb\":{\"@id\":\"https:\/\/ceolawyer.com\/espanol\/abogado-de-lesiones-personales-atlanta\/#breadcrumb\"},\"inLanguage\":\"en-US\",\"potentialAction\":[{\"@type\":\"ReadAction\",\"target\":[\"https:\/\/ceolawyer.com\/espanol\/abogado-de-lesiones-personales-atlanta\/\"]}]},{\"@type\":\"ImageObject\",\"inLanguage\":\"en-US\",\"@id\":\"https:\/\/ceolawyer.com\/espanol\/abogado-de-lesiones-personales-atlanta\/#primaryimage\",\"url\":\"https:\/\/ceolawyer.com\/wp-content\/uploads\/sites\/2\/2021\/03\/ALI-1.jpg\",\"contentUrl\":\"https:\/\/ceolawyer.com\/wp-content\/uploads\/sites\/2\/2021\/03\/ALI-1.jpg\"},{\"@type\":\"BreadcrumbList\",\"@id\":\"https:\/\/ceolawyer.com\/espanol\/abogado-de-lesiones-personales-atlanta\/#breadcrumb\",\"itemListElement\":[{\"@type\":\"ListItem\",\"position\":1,\"name\":\"Home\",\"item\":\"https:\/\/ceolawyer.com\/espanol\/\"},{\"@type\":\"ListItem\",\"position\":2,\"name\":\"Abogado de Lesiones Personales de Atlanta\"}]},{\"@type\":\"WebSite\",\"@id\":\"https:\/\/ceolawyer.com\/espanol\/#website\",\"url\":\"https:\/\/ceolawyer.com\/espanol\/\",\"name\":\"CEO Lawyer\",\"description\":\"Personal Injury Attorney\",\"publisher\":{\"@id\":\"https:\/\/ceolawyer.com\/espanol\/#organization\"},\"potentialAction\":[{\"@type\":\"SearchAction\",\"target\":{\"@type\":\"EntryPoint\",\"urlTemplate\":\"https:\/\/ceolawyer.com\/espanol\/?s={search_term_string}\"},\"query-input\":{\"@type\":\"PropertyValueSpecification\",\"valueRequired\":true,\"valueName\":\"search_term_string\"}}],\"inLanguage\":\"en-US\"},{\"@type\":\"Organization\",\"@id\":\"https:\/\/ceolawyer.com\/espanol\/#organization\",\"name\":\"CEO Lawyer\",\"url\":\"https:\/\/ceolawyer.com\/espanol\/\",\"logo\":{\"@type\":\"ImageObject\",\"inLanguage\":\"en-US\",\"@id\":\"https:\/\/ceolawyer.com\/espanol\/#\/schema\/logo\/image\/\",\"url\":\"https:\/\/ceolawyer.com\/espanol\/wp-content\/uploads\/sites\/2\/2022\/05\/CEO_Logo.png\",\"contentUrl\":\"https:\/\/ceolawyer.com\/espanol\/wp-content\/uploads\/sites\/2\/2022\/05\/CEO_Logo.png\",\"width\":200,\"height\":108,\"caption\":\"CEO Lawyer\"},\"image\":{\"@id\":\"https:\/\/ceolawyer.com\/espanol\/#\/schema\/logo\/image\/\"}}]}<\/script>\n<!-- \/ Yoast SEO plugin. -->","yoast_head_json":{"title":"Abogado de Lesiones Personales de Atlanta | CEO Lawyer","description":"\u00bfEst\u00e1 buscando un abogado de lesiones personales en Atlanta, GA que pueda ayudarlo a reclamar la compensaci\u00f3n que merece? No busques m\u00e1s, estamos aqu\u00ed para ayudarte. P\u00f3ngase en contacto con nosotros hoy.","robots":{"index":"index","follow":"follow","max-snippet":"max-snippet:-1","max-image-preview":"max-image-preview:large","max-video-preview":"max-video-preview:-1"},"canonical":"https:\/\/ceolawyer.com\/espanol\/abogado-de-lesiones-personales-atlanta\/","og_locale":"en_US","og_type":"article","og_title":"Abogado de Lesiones Personales de Atlanta | CEO Lawyer","og_description":"\u00bfEst\u00e1 buscando un abogado de lesiones personales en Atlanta, GA que pueda ayudarlo a reclamar la compensaci\u00f3n que merece? No busques m\u00e1s, estamos aqu\u00ed para ayudarte. P\u00f3ngase en contacto con nosotros hoy.","og_url":"https:\/\/ceolawyer.com\/espanol\/abogado-de-lesiones-personales-atlanta\/","og_site_name":"CEO Lawyer","article_modified_time":"2025-12-18T12:09:36+00:00","og_image":[{"url":"https:\/\/ceolawyer.com\/wp-content\/uploads\/sites\/2\/2021\/03\/ALI-1.jpg","type":"","width":"","height":""}],"twitter_card":"summary_large_image","twitter_misc":{"Est. reading time":"7 minutes"},"schema":{"@context":"https:\/\/schema.org","@graph":[{"@type":"WebPage","@id":"https:\/\/ceolawyer.com\/espanol\/abogado-de-lesiones-personales-atlanta\/","url":"https:\/\/ceolawyer.com\/espanol\/abogado-de-lesiones-personales-atlanta\/","name":"Abogado de Lesiones Personales de Atlanta | CEO Lawyer","isPartOf":{"@id":"https:\/\/ceolawyer.com\/espanol\/#website"},"primaryImageOfPage":{"@id":"https:\/\/ceolawyer.com\/espanol\/abogado-de-lesiones-personales-atlanta\/#primaryimage"},"image":{"@id":"https:\/\/ceolawyer.com\/espanol\/abogado-de-lesiones-personales-atlanta\/#primaryimage"},"thumbnailUrl":"https:\/\/ceolawyer.com\/wp-content\/uploads\/sites\/2\/2021\/03\/ALI-1.jpg","datePublished":"2022-05-17T19:46:56+00:00","dateModified":"2025-12-18T12:09:36+00:00","description":"\u00bfEst\u00e1 buscando un abogado de lesiones personales en Atlanta, GA que pueda ayudarlo a reclamar la compensaci\u00f3n que merece? No busques m\u00e1s, estamos aqu\u00ed para ayudarte. P\u00f3ngase en contacto con nosotros hoy.","breadcrumb":{"@id":"https:\/\/ceolawyer.com\/espanol\/abogado-de-lesiones-personales-atlanta\/#breadcrumb"},"inLanguage":"en-US","potentialAction":[{"@type":"ReadAction","target":["https:\/\/ceolawyer.com\/espanol\/abogado-de-lesiones-personales-atlanta\/"]}]},{"@type":"ImageObject","inLanguage":"en-US","@id":"https:\/\/ceolawyer.com\/espanol\/abogado-de-lesiones-personales-atlanta\/#primaryimage","url":"https:\/\/ceolawyer.com\/wp-content\/uploads\/sites\/2\/2021\/03\/ALI-1.jpg","contentUrl":"https:\/\/ceolawyer.com\/wp-content\/uploads\/sites\/2\/2021\/03\/ALI-1.jpg"},{"@type":"BreadcrumbList","@id":"https:\/\/ceolawyer.com\/espanol\/abogado-de-lesiones-personales-atlanta\/#breadcrumb","itemListElement":[{"@type":"ListItem","position":1,"name":"Home","item":"https:\/\/ceolawyer.com\/espanol\/"},{"@type":"ListItem","position":2,"name":"Abogado de Lesiones Personales de Atlanta"}]},{"@type":"WebSite","@id":"https:\/\/ceolawyer.com\/espanol\/#website","url":"https:\/\/ceolawyer.com\/espanol\/","name":"CEO Lawyer","description":"Personal Injury Attorney","publisher":{"@id":"https:\/\/ceolawyer.com\/espanol\/#organization"},"potentialAction":[{"@type":"SearchAction","target":{"@type":"EntryPoint","urlTemplate":"https:\/\/ceolawyer.com\/espanol\/?s={search_term_string}"},"query-input":{"@type":"PropertyValueSpecification","valueRequired":true,"valueName":"search_term_string"}}],"inLanguage":"en-US"},{"@type":"Organization","@id":"https:\/\/ceolawyer.com\/espanol\/#organization","name":"CEO Lawyer","url":"https:\/\/ceolawyer.com\/espanol\/","logo":{"@type":"ImageObject","inLanguage":"en-US","@id":"https:\/\/ceolawyer.com\/espanol\/#\/schema\/logo\/image\/","url":"https:\/\/ceolawyer.com\/espanol\/wp-content\/uploads\/sites\/2\/2022\/05\/CEO_Logo.png","contentUrl":"https:\/\/ceolawyer.com\/espanol\/wp-content\/uploads\/sites\/2\/2022\/05\/CEO_Logo.png","width":200,"height":108,"caption":"CEO Lawyer"},"image":{"@id":"https:\/\/ceolawyer.com\/espanol\/#\/schema\/logo\/image\/"}}]}},"_links":{"self":[{"href":"https:\/\/ceolawyer.com\/espanol\/wp-json\/wp\/v2\/pages\/10928","targetHints":{"allow":["GET"]}}],"collection":[{"href":"https:\/\/ceolawyer.com\/espanol\/wp-json\/wp\/v2\/pages"}],"about":[{"href":"https:\/\/ceolawyer.com\/espanol\/wp-json\/wp\/v2\/types\/page"}],"author":[{"embeddable":true,"href":"https:\/\/ceolawyer.com\/espanol\/wp-json\/wp\/v2\/users\/22"}],"replies":[{"embeddable":true,"href":"https:\/\/ceolawyer.com\/espanol\/wp-json\/wp\/v2\/comments?post=10928"}],"version-history":[{"count":0,"href":"https:\/\/ceolawyer.com\/espanol\/wp-json\/wp\/v2\/pages\/10928\/revisions"}],"wp:attachment":[{"href":"https:\/\/ceolawyer.com\/espanol\/wp-json\/wp\/v2\/media?parent=10928"}],"curies":[{"name":"wp","href":"https:\/\/api.w.org\/{rel}","templated":true}]}}