{"id":10933,"date":"2022-05-17T21:23:12","date_gmt":"2022-05-17T21:23:12","guid":{"rendered":"https:\/\/ceolawyer.com\/espanol\/?page_id=10933"},"modified":"2025-12-18T12:17:15","modified_gmt":"2025-12-18T12:17:15","slug":"abogado-de-lesiones-personales-austell","status":"publish","type":"page","link":"https:\/\/ceolawyer.com\/espanol\/abogado-de-lesiones-personales-austell\/","title":{"rendered":"Abogado de Lesiones Personales de Austell"},"content":{"rendered":"<p><img decoding=\"async\" class=\"alignright size-full wp-image-9019\" src=\"https:\/\/ceolawyer.com\/espanol\/wp-content\/uploads\/sites\/2\/2022\/02\/austell-personal-injury-lawyer.jpg\" alt=\"Austell Personal Injury Lawyer\" width=\"500\" height=\"333\" srcset=\"https:\/\/ceolawyer.com\/espanol\/wp-content\/uploads\/sites\/2\/2022\/02\/austell-personal-injury-lawyer.jpg 500w, https:\/\/ceolawyer.com\/espanol\/wp-content\/uploads\/sites\/2\/2022\/02\/austell-personal-injury-lawyer-300x200.jpg 300w\" sizes=\"(max-width: 500px) 100vw, 500px\" \/>Austell, Georgia, es un suburbio de Atlanta conocido por su cercan\u00eda a <strong>Six Flags Over Georgia<\/strong> (a solo siete millas) y por los partidos de softbol en verano. Desafortunadamente, tambi\u00e9n est\u00e1 cerca de una de las intersecciones m\u00e1s peligrosas del \u00e1rea metropolitana de Atlanta: <strong>Austell Road y East-West Connector<\/strong> en el condado de Cobb, donde se registraron 477 choques en un periodo de tres a\u00f1os. Como en muchas intersecciones, el alto volumen de tr\u00e1fico incrementa el riesgo de accidentes.<\/p>\n<p>Los choques automovil\u00edsticos pueden provocar lesiones graves e incluso la muerte. Si t\u00fa o un ser querido resultaron gravemente heridos en cualquier tipo de accidente automovil\u00edstico, es importante buscar ayuda legal de inmediato. Tus facturas m\u00e9dicas pueden aumentar r\u00e1pidamente y, si no puedes trabajar por tus lesiones, tu situaci\u00f3n financiera tambi\u00e9n puede deteriorarse con rapidez.<\/p>\n<p>Despu\u00e9s de tu accidente de auto, no esperes para llamarnos y agendar una consulta sin obligaci\u00f3n sobre tu caso. El equipo de <strong>CEO Lawyer Personal Injury Law Firm<\/strong> trabaja bajo un acuerdo de contingencia, lo que significa que <strong>no cobra honorarios hasta que t\u00fa recibas compensaci\u00f3n<\/strong>. No tienes nada que perder llamando al <a href=\"tel:+14708229716\"><strong>(470) 822-9716<\/strong><\/a> para hablar sobre los detalles de tu caso.<\/p>\n<h2>\u00bfPor Qu\u00e9 Son Tan Peligrosas las Intersecciones?<\/h2>\n<p>Aproximadamente la mitad de los accidentes de tr\u00e1fico ocurren en o alrededor de intersecciones. Hay varias razones para esto.<\/p>\n<p>Primero, mientras m\u00e1s transitadas son, m\u00e1s oportunidades hay de que ocurran choques. Intersecciones como Austell Road y East-West Connector pueden recibir desde docenas hasta cientos de veh\u00edculos por hora. Esta intersecci\u00f3n est\u00e1 en una zona con muchos comercios, por lo que hay numerosos autos entrando y saliendo de estacionamientos y haciendo giros en los accesos.<\/p>\n<p>La segunda raz\u00f3n es que algunas personas desobedecen o no entienden las leyes y reglas de tr\u00e1fico relacionadas con las intersecciones. Dos situaciones comunes son:<\/p>\n<ul>\n<li>Un conductor que se pasa una luz roja<\/li>\n<li>Un conductor que \u201cse apura\u201d para cruzar con luz amarilla antes de que cambie a rojo<\/li>\n<\/ul>\n<p>Ambas conductas aumentan el riesgo de accidente. Es mejor esperar un minuto a que cambie el sem\u00e1foro que arriesgarte a una colisi\u00f3n donde alguien pueda resultar gravemente herido.<\/p>\n<p>Los conductores distra\u00eddos tambi\u00e9n causan muchos problemas en las intersecciones. Las distracciones pueden incluir tel\u00e9fonos, maquillaje, controles de radio o un GPS que falla. Cualquier cosa que te haga quitar la vista y la atenci\u00f3n del camino aumenta el riesgo de no ver otro veh\u00edculo o de no notar una luz roja o amarilla. Es importante ignorar estas distracciones hasta llegar a tu destino o detenerte en un lugar seguro. Si ayuda, puedes silenciar el tel\u00e9fono o utilizar una app que bloquee notificaciones mientras el auto est\u00e1 en movimiento.<\/p>\n<h2>Entendiendo las Se\u00f1ales de Ceda el Paso (Yield)<\/h2>\n<p>Otro problema com\u00fan en choques de intersecci\u00f3n es que algunos conductores no saben qu\u00e9 hacer ante una se\u00f1al de \u201cyield\u201d o <strong>ceda el paso<\/strong>. Algunas intersecciones peque\u00f1as que no tienen sem\u00e1foros dependen de estas se\u00f1ales para regular el tr\u00e1nsito.<\/p>\n<p>Las se\u00f1ales de ceda el paso se parecen a las de alto, pero <strong>no siempre exigen detenerse por completo<\/strong> si es seguro continuar. La clave est\u00e1 en saber cu\u00e1ndo lo es. Algunas personas no tienen claro qui\u00e9n tiene el derecho de paso y eso puede llevar a colisiones.<\/p>\n<p>Al acercarte a una se\u00f1al de ceda el paso:<\/p>\n<ul>\n<li>Reduce la velocidad a un nivel razonable para poder detenerte f\u00e1cilmente si es necesario<\/li>\n<li>Observa en ambas direcciones<\/li>\n<li>Si no ves otros veh\u00edculos, puedes continuar<\/li>\n<li>Si ves tr\u00e1fico, debes ceder el paso a los autos que ya est\u00e1n en la intersecci\u00f3n o tan cerca que tu ingreso podr\u00eda ser peligroso<\/li>\n<\/ul>\n<p>Como es de esperar, algunos conductores se equivocan al calcular qu\u00e9 tan cerca est\u00e1 otro auto. Lo m\u00e1s recomendable es <strong>pecar de prudente<\/strong> y ceder el paso. Casi siempre esto tomar\u00e1 solo unos segundos, mientras que un accidente podr\u00eda arruinarte el resto del d\u00eda.<\/p>\n<h2>Pasarse una Se\u00f1al de Alto<\/h2>\n<p>Aunque la mayor\u00eda comprende mejor las se\u00f1ales de alto que las de ceda el paso, algunos conductores tambi\u00e9n se las pasan. Un escenario com\u00fan es cuando el conductor se acerca, reduce la velocidad pero no se detiene por completo y sigue avanzando porque \u201cno ve a nadie\u201d, pero se pierde de vista otro veh\u00edculo.<\/p>\n<p>Esto es especialmente delicado con motocicletas, que son m\u00e1s dif\u00edciles de ver por su tama\u00f1o, pero tambi\u00e9n ocurre con veh\u00edculos m\u00e1s grandes. Siempre debes <strong>detenerte por completo<\/strong> en una se\u00f1al de alto y mirar cuidadosamente en ambas direcciones antes de avanzar.<\/p>\n<p><a href=\"https:\/\/highways.dot.gov\/safety\/intersection-safety\/about\">Tambi\u00e9n hay problemas frecuentes en los cruces<\/a> de cuatro altos (four-way stops), donde hay una se\u00f1al de alto en cada esquina. En estos casos, muchos conductores no tienen claro qui\u00e9n debe pasar primero. Algunas reglas b\u00e1sicas son:<\/p>\n<ul>\n<li>El veh\u00edculo que llega primero tiene el derecho de paso<\/li>\n<li>Si dos o m\u00e1s autos llegan al mismo tiempo, cede el paso al veh\u00edculo de tu derecha<\/li>\n<li>Los veh\u00edculos que giran deben ceder el paso a los que van de frente<\/li>\n<li>Los autos que giran a la derecha tienen prioridad sobre los que giran a la izquierda<\/li>\n<\/ul>\n<p>Sin importar si crees tener el derecho de paso, entra a la intersecci\u00f3n lentamente despu\u00e9s de detenerte, de modo que otros conductores puedan ver lo que haces y detenerse si es necesario. Si ves a un conductor entrando de forma agresiva sin respetar el turno, es posible que tengas tiempo de detenerte antes de cruzar su trayectoria.<\/p>\n<p><strong>Siempre mantente alerta y pon atenci\u00f3n al acercarte a una intersecci\u00f3n.<\/strong><\/p>\n<h2>\u00bfQu\u00e9 Pasa Si Te Golpe\u00f3 un Conductor que No Cedi\u00f3 el Paso?<\/h2>\n<p>En la mayor\u00eda de los casos, un conductor que no cede el paso en una se\u00f1al de yield y golpea a otro veh\u00edculo en la intersecci\u00f3n se considera responsable por no haber cumplido con la se\u00f1al. Por lo general, la polic\u00eda multar\u00e1 al conductor, ya que el propio accidente demuestra que no respet\u00f3 la indicaci\u00f3n.<\/p>\n<p>Lo mismo suele aplicar a quienes ignoran la se\u00f1al de alto o no ceden correctamente en un cruce de cuatro altos. Si fuiste v\u00edctima de este tipo de accidente, contacta a un <strong>abogado de lesiones personales en Austell<\/strong> lo antes posible para hablar sobre tus opciones de compensaci\u00f3n.<\/p>\n<h2>Reclamar Da\u00f1os Despu\u00e9s de un Accidente Automovil\u00edstico<\/h2>\n<p>Resultar herido en un choque puede provocar lesiones dolorosas, entre ellas:<\/p>\n<ul>\n<li>Fracturas<\/li>\n<li>Lesiones de tejidos blandos<\/li>\n<li>Conmociones o traumatismos craneoencef\u00e1licos (TBI)<\/li>\n<li>Hemorragias internas<\/li>\n<\/ul>\n<p>Es posible que necesites cirug\u00eda, medicamentos y fisioterapia por un periodo prolongado. Y estas son solo las lesiones f\u00edsicas. Una colisi\u00f3n tambi\u00e9n puede ser traum\u00e1tica a nivel emocional y provocar:<\/p>\n<ul>\n<li>Ansiedad<\/li>\n<li>Depresi\u00f3n<\/li>\n<li>Trastorno de estr\u00e9s postraum\u00e1tico (TEPT)<\/li>\n<li>Insomnio<\/li>\n<\/ul>\n<p>Mientras se acumulan los gastos m\u00e9dicos, puede que tengas que ausentarte del trabajo. Si tienes un empleo muy demandante f\u00edsicamente, podr\u00edas quedarte sin trabajar d\u00edas, semanas o incluso meses.<\/p>\n<p>Cuando consultes con un abogado de lesiones personales en Austell, este revisar\u00e1 tus facturas y har\u00e1 una lista de todos estos costos: desde salarios perdidos hasta cuentas de hospital. Tambi\u00e9n te preguntar\u00e1 por <strong>otras p\u00e9rdidas<\/strong>, como:<\/p>\n<ul>\n<li>Disfrute de la vida<\/li>\n<li>Tiempo con amigos y familia<\/li>\n<li>Participaci\u00f3n en hobbies y actividades cotidianas<\/li>\n<li>P\u00e9rdida de compa\u00f1\u00eda si un ser querido falleci\u00f3<\/li>\n<\/ul>\n<p>Con esta informaci\u00f3n, el abogado tendr\u00e1 una buena idea de los da\u00f1os que debes reclamar ante la aseguradora del otro conductor.<\/p>\n<h2>\u00bfPuedes Presentar la Reclamaci\u00f3n Directamente con la Aseguradora?<\/h2>\n<p>S\u00ed, pero <strong>no es lo m\u00e1s recomendable<\/strong> por varias razones.<\/p>\n<p>Primero, Georgia aplica leyes de <strong>negligencia comparativa<\/strong> en reclamaciones por lesiones personales. Eso significa que, si la otra parte demuestra que tuviste m\u00e1s del 49% de la culpa, no tendr\u00e1 que pagarte nada. Si tu responsabilidad se determina por debajo de ese porcentaje, pero mayor a 0%, el monto de tus da\u00f1os se reducir\u00e1 en proporci\u00f3n a tu grado de culpa.<\/p>\n<p>El otro conductor dif\u00edcilmente va a decir: \u201cS\u00ed, fue 100% mi culpa\u201d, porque no quiere que suban sus primas. Y aunque lo hiciera, su aseguradora no quiere pagar m\u00e1s de lo estrictamente necesario, o nada, si puede evitarlo. El ajustador de seguros intentar\u00e1 presentar el choque como si fuera tu culpa y puede sacar de contexto cosas que digas para usarlas en tu contra.<\/p>\n<p>Si est\u00e1s bajo medicaci\u00f3n para el dolor o sigues muy adolorido, es posible que te confundas, olvides detalles del accidente o cometas un error al hablar con el ajustador. Ellos no dudar\u00e1n en aprovecharlo.<\/p>\n<p>Incluso si logras pasar esa conversaci\u00f3n sin problemas y recibes una oferta, hay otro inconveniente: las aseguradoras suelen hacer <strong>ofertas iniciales bajas<\/strong> que pueden no cubrir todos tus gastos, especialmente si sigues en tratamiento y a\u00fan no conoces el total de tus costos m\u00e9dicos. La oferta puede \u201csonar bien\u201d al principio, pero no ser suficiente.<\/p>\n<p>Sin hablar con un abogado, es dif\u00edcil saber cu\u00e1nto vale realmente tu caso y si debes aceptar una oferta. Es muy recomendable <strong>no aceptar ninguna propuesta<\/strong> sin antes consultar con un abogado de lesiones personales en Austell que pueda estimar el valor real de tu reclamaci\u00f3n.<\/p>\n<p>Otro aspecto importante son los l\u00edmites de p\u00f3liza. En Georgia, el m\u00ednimo de cobertura de responsabilidad civil en seguros de auto es de:<\/p>\n<ul>\n<li><strong>$25,000 por persona<\/strong><\/li>\n<li><strong>$50,000 por accidente<\/strong><\/li>\n<\/ul>\n<p>Si tus da\u00f1os superan estas cantidades y el otro conductor solo tiene la cobertura m\u00ednima, la aseguradora s\u00f3lo pagar\u00e1 hasta el l\u00edmite de la p\u00f3liza. En esos casos, un abogado puede ayudarte a presentar una reclamaci\u00f3n directa contra el otro conductor o, en situaciones menos comunes, contra un tercero que tambi\u00e9n pueda ser responsable.<\/p>\n<p>Si est\u00e1s batallando para cubrir tus cuentas despu\u00e9s de un choque, hablar con un abogado de lesiones y accidentes es una forma confiable de conocer todas tus opciones para recuperarte f\u00edsica y econ\u00f3micamente.<\/p>\n<h2>CEO Lawyer, Firma de Abogados de Accidentes por Lesiones Personales<\/h2>\n<p>Si sufriste una lesi\u00f3n en Austell por un accidente de tr\u00e1fico, tienes derecho a reclamar compensaci\u00f3n por tus da\u00f1os f\u00edsicos, emocionales y econ\u00f3micos. Act\u00faa r\u00e1pido, documenta todo y consulta fuentes oficiales para informarte y proteger tus derechos. No aceptes ofertas sin asesor\u00eda y <a href=\"https:\/\/ceolawyer.com\/espanol\/contacto-con-nosotros\/\">cont\u00e1ctanos<\/a> para obtener el acuerdo que realmente mereces al <a href=\"tel:+14703238779\">(470) 323-8779<\/a>.<\/p>\n","protected":false},"excerpt":{"rendered":"<p>Austell, Georgia, es un suburbio de Atlanta conocido por su cercan\u00eda a Six Flags Over Georgia (a solo siete millas) y por los partidos de softbol en verano. Desafortunadamente, tambi\u00e9n est\u00e1 cerca de una de las intersecciones m\u00e1s peligrosas del \u00e1rea metropolitana de Atlanta: Austell Road y East-West Connector en el condado de Cobb, donde [&hellip;]<\/p>\n","protected":false},"author":22,"featured_media":9019,"parent":0,"menu_order":0,"comment_status":"closed","ping_status":"closed","template":"","meta":{"_acf_changed":false,"footnotes":""},"class_list":["post-10933","page","type-page","status-publish","has-post-thumbnail","hentry"],"acf":[],"yoast_head":"<!-- This site is optimized with the Yoast SEO plugin v27.4 - https:\/\/yoast.com\/product\/yoast-seo-wordpress\/ -->\n<title>Abogado de Lesiones Personales de Austell | CEO Lawyer<\/title>\n<meta name=\"description\" content=\"\u00bfEst\u00e1 buscando un abogado de lesiones personales en Austell, GA que pueda ayudarlo a reclamar la compensaci\u00f3n que merece? No busques m\u00e1s, estamos aqu\u00ed para ayudarte. P\u00f3ngase en contacto con nosotros hoy.\" \/>\n<meta name=\"robots\" content=\"index, follow, max-snippet:-1, max-image-preview:large, max-video-preview:-1\" \/>\n<link rel=\"canonical\" href=\"https:\/\/ceolawyer.com\/espanol\/abogado-de-lesiones-personales-austell\/\" \/>\n<meta property=\"og:locale\" content=\"en_US\" \/>\n<meta property=\"og:type\" content=\"article\" \/>\n<meta property=\"og:title\" content=\"Abogado de Lesiones Personales de Austell | CEO Lawyer\" \/>\n<meta property=\"og:description\" content=\"\u00bfEst\u00e1 buscando un abogado de lesiones personales en Austell, GA que pueda ayudarlo a reclamar la compensaci\u00f3n que merece? No busques m\u00e1s, estamos aqu\u00ed para ayudarte. P\u00f3ngase en contacto con nosotros hoy.\" \/>\n<meta property=\"og:url\" content=\"https:\/\/ceolawyer.com\/espanol\/abogado-de-lesiones-personales-austell\/\" \/>\n<meta property=\"og:site_name\" content=\"CEO Lawyer\" \/>\n<meta property=\"article:modified_time\" content=\"2025-12-18T12:17:15+00:00\" \/>\n<meta property=\"og:image\" content=\"https:\/\/ceolawyer.com\/espanol\/wp-content\/uploads\/sites\/2\/2022\/02\/austell-personal-injury-lawyer.jpg\" \/>\n\t<meta property=\"og:image:width\" content=\"500\" \/>\n\t<meta property=\"og:image:height\" content=\"333\" \/>\n\t<meta property=\"og:image:type\" content=\"image\/jpeg\" \/>\n<meta name=\"twitter:card\" content=\"summary_large_image\" \/>\n<meta name=\"twitter:label1\" content=\"Est. reading time\" \/>\n\t<meta name=\"twitter:data1\" content=\"8 minutes\" \/>\n<script type=\"application\/ld+json\" class=\"yoast-schema-graph\">{\"@context\":\"https:\\\/\\\/schema.org\",\"@graph\":[{\"@type\":\"WebPage\",\"@id\":\"https:\\\/\\\/ceolawyer.com\\\/espanol\\\/abogado-de-lesiones-personales-austell\\\/\",\"url\":\"https:\\\/\\\/ceolawyer.com\\\/espanol\\\/abogado-de-lesiones-personales-austell\\\/\",\"name\":\"Abogado de Lesiones Personales de Austell | CEO Lawyer\",\"isPartOf\":{\"@id\":\"https:\\\/\\\/ceolawyer.com\\\/espanol\\\/#website\"},\"primaryImageOfPage\":{\"@id\":\"https:\\\/\\\/ceolawyer.com\\\/espanol\\\/abogado-de-lesiones-personales-austell\\\/#primaryimage\"},\"image\":{\"@id\":\"https:\\\/\\\/ceolawyer.com\\\/espanol\\\/abogado-de-lesiones-personales-austell\\\/#primaryimage\"},\"thumbnailUrl\":\"https:\\\/\\\/ceolawyer.com\\\/espanol\\\/wp-content\\\/uploads\\\/sites\\\/2\\\/2022\\\/02\\\/austell-personal-injury-lawyer.jpg\",\"datePublished\":\"2022-05-17T21:23:12+00:00\",\"dateModified\":\"2025-12-18T12:17:15+00:00\",\"description\":\"\u00bfEst\u00e1 buscando un abogado de lesiones personales en Austell, GA que pueda ayudarlo a reclamar la compensaci\u00f3n que merece? No busques m\u00e1s, estamos aqu\u00ed para ayudarte. P\u00f3ngase en contacto con nosotros hoy.\",\"breadcrumb\":{\"@id\":\"https:\\\/\\\/ceolawyer.com\\\/espanol\\\/abogado-de-lesiones-personales-austell\\\/#breadcrumb\"},\"inLanguage\":\"en-US\",\"potentialAction\":[{\"@type\":\"ReadAction\",\"target\":[\"https:\\\/\\\/ceolawyer.com\\\/espanol\\\/abogado-de-lesiones-personales-austell\\\/\"]}]},{\"@type\":\"ImageObject\",\"inLanguage\":\"en-US\",\"@id\":\"https:\\\/\\\/ceolawyer.com\\\/espanol\\\/abogado-de-lesiones-personales-austell\\\/#primaryimage\",\"url\":\"https:\\\/\\\/ceolawyer.com\\\/espanol\\\/wp-content\\\/uploads\\\/sites\\\/2\\\/2022\\\/02\\\/austell-personal-injury-lawyer.jpg\",\"contentUrl\":\"https:\\\/\\\/ceolawyer.com\\\/espanol\\\/wp-content\\\/uploads\\\/sites\\\/2\\\/2022\\\/02\\\/austell-personal-injury-lawyer.jpg\",\"width\":500,\"height\":333,\"caption\":\"Austell Personal Injury Lawyer\"},{\"@type\":\"BreadcrumbList\",\"@id\":\"https:\\\/\\\/ceolawyer.com\\\/espanol\\\/abogado-de-lesiones-personales-austell\\\/#breadcrumb\",\"itemListElement\":[{\"@type\":\"ListItem\",\"position\":1,\"name\":\"Home\",\"item\":\"https:\\\/\\\/ceolawyer.com\\\/espanol\\\/\"},{\"@type\":\"ListItem\",\"position\":2,\"name\":\"Abogado de Lesiones Personales de Austell\"}]},{\"@type\":\"WebSite\",\"@id\":\"https:\\\/\\\/ceolawyer.com\\\/espanol\\\/#website\",\"url\":\"https:\\\/\\\/ceolawyer.com\\\/espanol\\\/\",\"name\":\"CEO Lawyer\",\"description\":\"Personal Injury Attorney\",\"publisher\":{\"@id\":\"https:\\\/\\\/ceolawyer.com\\\/espanol\\\/#organization\"},\"potentialAction\":[{\"@type\":\"SearchAction\",\"target\":{\"@type\":\"EntryPoint\",\"urlTemplate\":\"https:\\\/\\\/ceolawyer.com\\\/espanol\\\/?s={search_term_string}\"},\"query-input\":{\"@type\":\"PropertyValueSpecification\",\"valueRequired\":true,\"valueName\":\"search_term_string\"}}],\"inLanguage\":\"en-US\"},{\"@type\":\"Organization\",\"@id\":\"https:\\\/\\\/ceolawyer.com\\\/espanol\\\/#organization\",\"name\":\"CEO Lawyer\",\"url\":\"https:\\\/\\\/ceolawyer.com\\\/espanol\\\/\",\"logo\":{\"@type\":\"ImageObject\",\"inLanguage\":\"en-US\",\"@id\":\"https:\\\/\\\/ceolawyer.com\\\/espanol\\\/#\\\/schema\\\/logo\\\/image\\\/\",\"url\":\"https:\\\/\\\/ceolawyer.com\\\/espanol\\\/wp-content\\\/uploads\\\/sites\\\/2\\\/2022\\\/05\\\/CEO_Logo.png\",\"contentUrl\":\"https:\\\/\\\/ceolawyer.com\\\/espanol\\\/wp-content\\\/uploads\\\/sites\\\/2\\\/2022\\\/05\\\/CEO_Logo.png\",\"width\":200,\"height\":108,\"caption\":\"CEO Lawyer\"},\"image\":{\"@id\":\"https:\\\/\\\/ceolawyer.com\\\/espanol\\\/#\\\/schema\\\/logo\\\/image\\\/\"}}]}<\/script>\n<!-- \/ Yoast SEO plugin. -->","yoast_head_json":{"title":"Abogado de Lesiones Personales de Austell | CEO Lawyer","description":"\u00bfEst\u00e1 buscando un abogado de lesiones personales en Austell, GA que pueda ayudarlo a reclamar la compensaci\u00f3n que merece? No busques m\u00e1s, estamos aqu\u00ed para ayudarte. P\u00f3ngase en contacto con nosotros hoy.","robots":{"index":"index","follow":"follow","max-snippet":"max-snippet:-1","max-image-preview":"max-image-preview:large","max-video-preview":"max-video-preview:-1"},"canonical":"https:\/\/ceolawyer.com\/espanol\/abogado-de-lesiones-personales-austell\/","og_locale":"en_US","og_type":"article","og_title":"Abogado de Lesiones Personales de Austell | CEO Lawyer","og_description":"\u00bfEst\u00e1 buscando un abogado de lesiones personales en Austell, GA que pueda ayudarlo a reclamar la compensaci\u00f3n que merece? No busques m\u00e1s, estamos aqu\u00ed para ayudarte. P\u00f3ngase en contacto con nosotros hoy.","og_url":"https:\/\/ceolawyer.com\/espanol\/abogado-de-lesiones-personales-austell\/","og_site_name":"CEO Lawyer","article_modified_time":"2025-12-18T12:17:15+00:00","og_image":[{"width":500,"height":333,"url":"https:\/\/ceolawyer.com\/espanol\/wp-content\/uploads\/sites\/2\/2022\/02\/austell-personal-injury-lawyer.jpg","type":"image\/jpeg"}],"twitter_card":"summary_large_image","twitter_misc":{"Est. reading time":"8 minutes"},"schema":{"@context":"https:\/\/schema.org","@graph":[{"@type":"WebPage","@id":"https:\/\/ceolawyer.com\/espanol\/abogado-de-lesiones-personales-austell\/","url":"https:\/\/ceolawyer.com\/espanol\/abogado-de-lesiones-personales-austell\/","name":"Abogado de Lesiones Personales de Austell | CEO Lawyer","isPartOf":{"@id":"https:\/\/ceolawyer.com\/espanol\/#website"},"primaryImageOfPage":{"@id":"https:\/\/ceolawyer.com\/espanol\/abogado-de-lesiones-personales-austell\/#primaryimage"},"image":{"@id":"https:\/\/ceolawyer.com\/espanol\/abogado-de-lesiones-personales-austell\/#primaryimage"},"thumbnailUrl":"https:\/\/ceolawyer.com\/espanol\/wp-content\/uploads\/sites\/2\/2022\/02\/austell-personal-injury-lawyer.jpg","datePublished":"2022-05-17T21:23:12+00:00","dateModified":"2025-12-18T12:17:15+00:00","description":"\u00bfEst\u00e1 buscando un abogado de lesiones personales en Austell, GA que pueda ayudarlo a reclamar la compensaci\u00f3n que merece? No busques m\u00e1s, estamos aqu\u00ed para ayudarte. P\u00f3ngase en contacto con nosotros hoy.","breadcrumb":{"@id":"https:\/\/ceolawyer.com\/espanol\/abogado-de-lesiones-personales-austell\/#breadcrumb"},"inLanguage":"en-US","potentialAction":[{"@type":"ReadAction","target":["https:\/\/ceolawyer.com\/espanol\/abogado-de-lesiones-personales-austell\/"]}]},{"@type":"ImageObject","inLanguage":"en-US","@id":"https:\/\/ceolawyer.com\/espanol\/abogado-de-lesiones-personales-austell\/#primaryimage","url":"https:\/\/ceolawyer.com\/espanol\/wp-content\/uploads\/sites\/2\/2022\/02\/austell-personal-injury-lawyer.jpg","contentUrl":"https:\/\/ceolawyer.com\/espanol\/wp-content\/uploads\/sites\/2\/2022\/02\/austell-personal-injury-lawyer.jpg","width":500,"height":333,"caption":"Austell Personal Injury Lawyer"},{"@type":"BreadcrumbList","@id":"https:\/\/ceolawyer.com\/espanol\/abogado-de-lesiones-personales-austell\/#breadcrumb","itemListElement":[{"@type":"ListItem","position":1,"name":"Home","item":"https:\/\/ceolawyer.com\/espanol\/"},{"@type":"ListItem","position":2,"name":"Abogado de Lesiones Personales de Austell"}]},{"@type":"WebSite","@id":"https:\/\/ceolawyer.com\/espanol\/#website","url":"https:\/\/ceolawyer.com\/espanol\/","name":"CEO Lawyer","description":"Personal Injury Attorney","publisher":{"@id":"https:\/\/ceolawyer.com\/espanol\/#organization"},"potentialAction":[{"@type":"SearchAction","target":{"@type":"EntryPoint","urlTemplate":"https:\/\/ceolawyer.com\/espanol\/?s={search_term_string}"},"query-input":{"@type":"PropertyValueSpecification","valueRequired":true,"valueName":"search_term_string"}}],"inLanguage":"en-US"},{"@type":"Organization","@id":"https:\/\/ceolawyer.com\/espanol\/#organization","name":"CEO Lawyer","url":"https:\/\/ceolawyer.com\/espanol\/","logo":{"@type":"ImageObject","inLanguage":"en-US","@id":"https:\/\/ceolawyer.com\/espanol\/#\/schema\/logo\/image\/","url":"https:\/\/ceolawyer.com\/espanol\/wp-content\/uploads\/sites\/2\/2022\/05\/CEO_Logo.png","contentUrl":"https:\/\/ceolawyer.com\/espanol\/wp-content\/uploads\/sites\/2\/2022\/05\/CEO_Logo.png","width":200,"height":108,"caption":"CEO Lawyer"},"image":{"@id":"https:\/\/ceolawyer.com\/espanol\/#\/schema\/logo\/image\/"}}]}},"_links":{"self":[{"href":"https:\/\/ceolawyer.com\/espanol\/wp-json\/wp\/v2\/pages\/10933","targetHints":{"allow":["GET"]}}],"collection":[{"href":"https:\/\/ceolawyer.com\/espanol\/wp-json\/wp\/v2\/pages"}],"about":[{"href":"https:\/\/ceolawyer.com\/espanol\/wp-json\/wp\/v2\/types\/page"}],"author":[{"embeddable":true,"href":"https:\/\/ceolawyer.com\/espanol\/wp-json\/wp\/v2\/users\/22"}],"replies":[{"embeddable":true,"href":"https:\/\/ceolawyer.com\/espanol\/wp-json\/wp\/v2\/comments?post=10933"}],"version-history":[{"count":0,"href":"https:\/\/ceolawyer.com\/espanol\/wp-json\/wp\/v2\/pages\/10933\/revisions"}],"wp:featuredmedia":[{"embeddable":true,"href":"https:\/\/ceolawyer.com\/espanol\/wp-json\/wp\/v2\/media\/9019"}],"wp:attachment":[{"href":"https:\/\/ceolawyer.com\/espanol\/wp-json\/wp\/v2\/media?parent=10933"}],"curies":[{"name":"wp","href":"https:\/\/api.w.org\/{rel}","templated":true}]}}