{"id":10940,"date":"2022-05-18T13:48:18","date_gmt":"2022-05-18T13:48:18","guid":{"rendered":"https:\/\/ceolawyer.com\/espanol\/?page_id=10940"},"modified":"2026-01-22T14:43:27","modified_gmt":"2026-01-22T14:43:27","slug":"abogado-de-lesiones-personales-buford","status":"publish","type":"page","link":"https:\/\/ceolawyer.com\/espanol\/abogado-de-lesiones-personales-buford\/","title":{"rendered":"Abogado de Lesiones Personales de Buford"},"content":{"rendered":"<p><img decoding=\"async\" class=\"alignright wp-image-12707 size-full\" src=\"https:\/\/ceolawyer.com\/espanol\/wp-content\/uploads\/sites\/2\/2025\/12\/buford-personal-injury-lawyer-1.webp\" alt=\"buford sign\" width=\"500\" height=\"300\" srcset=\"https:\/\/ceolawyer.com\/espanol\/wp-content\/uploads\/sites\/2\/2025\/12\/buford-personal-injury-lawyer-1.webp 500w, https:\/\/ceolawyer.com\/espanol\/wp-content\/uploads\/sites\/2\/2025\/12\/buford-personal-injury-lawyer-1-300x180.webp 300w\" sizes=\"(max-width: 500px) 100vw, 500px\" \/>Solo se necesitan unos segundos para que un accidente cause lesiones graves y cambie los planes de una persona. Si has resultado herido en un accidente, un <strong>abogado de lesiones personales en Buford<\/strong> puede explicarte tus derechos y ayudarte a presentar un reclamo.<\/p>\n<p>Cuando tu vida se ve afectada por la negligencia de alguien m\u00e1s, necesitas a un abogado decidido y comprometido. El equipo de <strong>CEO Lawyer Injury Law Firm <\/strong>luchar\u00e1 agresivamente para encontrar la evidencia y la estrategia legal necesarias para darle a tu reclamo una alta probabilidad de \u00e9xito.<\/p>\n<p>Si deseas obtener m\u00e1s informaci\u00f3n sobre c\u00f3mo presentar un reclamo, programa una evaluaci\u00f3n de caso en l\u00ednea con <strong>CEO Lawyer Personal Injury Law Firm<\/strong> o ll\u00e1manos al <a href=\"tel:+14708229716\"><strong>(470) 822-9716<\/strong><\/a>.<\/p>\n<h2>Presentar un Reclamo por Lesiones Personales en Buford<\/h2>\n<p>Ubicada en los condados de Gwinnett y Hall, la ciudad de Buford se estableci\u00f3 originalmente como un punto ferroviario entre Atlanta y Charlotte, Carolina del Norte. Hoy en d\u00eda, es una fuente importante de energ\u00eda para Georgia y sus <strong>Lake Lanier Islands<\/strong> son reconocidas como una de las principales \u00e1reas recreativas del sureste.<\/p>\n<p>Las actividades al aire libre abundan para residentes y visitantes: pesca, paseos en bote, nataci\u00f3n, esqu\u00ed, campamentos y golf. Con tantas actividades disponibles, la ciudad suele estar llena de energ\u00eda.<\/p>\n<p>Aun as\u00ed, como en cualquier otro lugar, los accidentes pueden ocurrir. No importa lo que hayas vivido, nuestros abogados est\u00e1n aqu\u00ed para ayudarte.<\/p>\n<h2>Por Qu\u00e9 Necesitas un Abogado de Lesiones Personales<\/h2>\n<p>Si te lesionaste y no sabes a d\u00f3nde acudir, es esencial comprender los beneficios de trabajar con un abogado de lesiones personales. Si alguna de las siguientes situaciones aplica a ti, programa una evaluaci\u00f3n de reclamo con <strong>nuestro equipo legal<\/strong> hoy mismo:<\/p>\n<h3>No sabes qui\u00e9n caus\u00f3 tu accidente<\/h3>\n<p>La culpa no siempre es evidente. Seg\u00fan la regla de <strong>negligencia comparativa modificada<\/strong> de Georgia, podr\u00edas ser considerado parcialmente responsable y aun as\u00ed recuperar compensaci\u00f3n.<\/p>\n<h3>Has sufrido lesiones extensas<\/h3>\n<p>Si tus lesiones te impiden trabajar a corto o largo plazo, puedes buscar una compensaci\u00f3n que cubra esas p\u00e9rdidas. Para ello, necesitar\u00e1s documentaci\u00f3n m\u00e9dica detallada.<\/p>\n<h3>Est\u00e1s enfrentando a una aseguradora<\/h3>\n<p>Las compa\u00f1\u00edas de seguros se enfocan en su propio beneficio. Los ajustadores har\u00e1n lo posible por reducir tu compensaci\u00f3n. En lugar de enfrentarlo solo, un abogado puede manejar las negociaciones y proteger tu reclamo.<\/p>\n<h3>No conoces tus derechos legales<\/h3>\n<p>Muchos afectados desconocen sus derechos despu\u00e9s de un accidente. Para proteger tu futuro, conviene tener un abogado a tu lado.<\/p>\n<h3>Quieres recuperarte por completo<\/h3>\n<p>Puedes presentar un reclamo por tu cuenta, pero hacerlo podr\u00eda poner en riesgo tu recuperaci\u00f3n. Si deseas maximizar tu compensaci\u00f3n y volver a estabilizar tu vida lo antes posible, trabajar con un abogado es una decisi\u00f3n acertada.<\/p>\n<p>En momentos abrumadores, <strong>CEO Lawyer Personal Injury Law Firm<\/strong>, est\u00e1 aqu\u00ed para defender tus derechos. No aceptes ofertas bajas ni conf\u00edes ciegamente en lo que dice la aseguradora. Equ\u00edpate con la representaci\u00f3n legal necesaria para obtener el acuerdo que realmente mereces.<\/p>\n<h2>C\u00f3mo Manejar las Consecuencias de un Accidente<\/h2>\n<p>Los accidentes personales pueden generar p\u00e9rdidas significativas. Para aumentar tus posibilidades de recuperar lo m\u00e1ximo posible, necesitar\u00e1s un abogado que eval\u00fae tu caso correctamente, considerando tus da\u00f1os econ\u00f3micos y no econ\u00f3micos.<\/p>\n<p>Las consecuencias m\u00e1s comunes incluyen:<\/p>\n<h3>Lesiones F\u00edsicas<\/h3>\n<p>La gravedad de las lesiones depende de factores como la edad, el estado de salud y el tipo de accidente. Algunas de las lesiones m\u00e1s comunes incluyen:<\/p>\n<ul>\n<li>Latigazo cervical<\/li>\n<li>Traumatismo craneal<\/li>\n<li>Fracturas<\/li>\n<li>Esguinces y distensiones<\/li>\n<li>Lesiones de espalda<\/li>\n<\/ul>\n<h3>El Trauma Emocional<\/h3>\n<p>El impacto emocional de un accidente no siempre se toma en cuenta, pero deber\u00eda. Tienes derecho a recuperarte en todas las \u00e1reas afectadas, incluyendo tu salud mental.<\/p>\n<p>Podr\u00edas estar experimentando:<\/p>\n<ul>\n<li>Depresi\u00f3n<\/li>\n<li>Ansiedad<\/li>\n<li>Cambios de humor<\/li>\n<li>Problemas de sue\u00f1o<\/li>\n<li>Trastorno de estr\u00e9s postraum\u00e1tico (TEPT)<\/li>\n<\/ul>\n<h3>P\u00e9rdidas Financieras<\/h3>\n<p>Las p\u00e9rdidas econ\u00f3micas var\u00edan seg\u00fan el tipo de accidente. Por ejemplo, un choque automovil\u00edstico podr\u00eda generar m\u00e1s da\u00f1os a la propiedad que una ca\u00edda. Sin embargo, tienes derecho a recuperar <a href=\"https:\/\/www.justia.com\/injury\/negligence-theory\/non-economic-damages\/\"><strong>todas<\/strong> tus p\u00e9rdidas financieras<\/a>. Las m\u00e1s comunes incluyen:<\/p>\n<ul>\n<li>Facturas m\u00e9dicas<\/li>\n<li>Salarios perdidos<\/li>\n<li>Da\u00f1os a la propiedad<\/li>\n<li>Cuidado m\u00e9dico futuro<\/li>\n<li>P\u00e9rdida de capacidad laboral<\/li>\n<\/ul>\n<h2>Asegura Tus Derechos Hoy con Nosotros<\/h2>\n<p>Cuanto antes te pongas en contacto con un abogado de lesiones personales de CEO Lawyer Personal Injury Law Firm, mayores ser\u00e1n tus posibilidades de presentar una reclamaci\u00f3n que resulte en la compensaci\u00f3n que necesitas para volver a encarrilar tu vida. Nuestro equipo legal entiende las dificultades a las que te enfrentas y est\u00e1n preparados para ayudarte a lidiar con las ramificaciones de tu accidente. Aunque no hay dos reclamaciones por lesiones iguales, nuestros abogados cuentan con una amplia experiencia en muchas \u00e1reas de pr\u00e1ctica y tienen acceso a los recursos necesarios para ayudarte a emprender acciones legales.<\/p>\n<p>Ya sea que est\u00e9s listo para presentar una reclamaci\u00f3n o quieras aprender m\u00e1s sobre tus derechos y opciones legales, programa una consulta gratuita y sin compromiso con nuestra firma de abogados. Revisaremos lo que has pasado y te ayudaremos a entender tus opciones. Llama al <a href=\"tel:+14703238779\">(470) 323-8779<\/a> o <a href=\"https:\/\/ceolawyer.com\/espanol\/contacto-con-nosotros\/\">programa una sesi\u00f3n en l\u00ednea<\/a> hoy para obtener m\u00e1s informaci\u00f3n.<\/p>\n","protected":false},"excerpt":{"rendered":"<p>Solo se necesitan unos segundos para que un accidente cause lesiones graves y cambie los planes de una persona. Si has resultado herido en un accidente, un abogado de lesiones personales en Buford puede explicarte tus derechos y ayudarte a presentar un reclamo. Cuando tu vida se ve afectada por la negligencia de alguien m\u00e1s, [&hellip;]<\/p>\n","protected":false},"author":22,"featured_media":12707,"parent":0,"menu_order":0,"comment_status":"closed","ping_status":"closed","template":"","meta":{"_acf_changed":false,"footnotes":""},"class_list":["post-10940","page","type-page","status-publish","has-post-thumbnail","hentry"],"acf":[],"yoast_head":"<!-- This site is optimized with the Yoast SEO plugin v27.4 - https:\/\/yoast.com\/product\/yoast-seo-wordpress\/ -->\n<title>Abogado de Lesiones Personales de Buford | CEO Lawyer<\/title>\n<meta name=\"description\" content=\"\u00bfEst\u00e1 buscando un abogado de lesiones personales en Buford, GA que pueda ayudarlo a reclamar la compensaci\u00f3n que merece? No busques m\u00e1s, estamos aqu\u00ed para ayudarte. P\u00f3ngase en contacto con nosotros hoy.\" \/>\n<meta name=\"robots\" content=\"index, follow, max-snippet:-1, max-image-preview:large, max-video-preview:-1\" \/>\n<link rel=\"canonical\" href=\"https:\/\/ceolawyer.com\/espanol\/abogado-de-lesiones-personales-buford\/\" \/>\n<meta property=\"og:locale\" content=\"en_US\" \/>\n<meta property=\"og:type\" content=\"article\" \/>\n<meta property=\"og:title\" content=\"Abogado de Lesiones Personales de Buford | CEO Lawyer\" \/>\n<meta property=\"og:description\" content=\"\u00bfEst\u00e1 buscando un abogado de lesiones personales en Buford, GA que pueda ayudarlo a reclamar la compensaci\u00f3n que merece? No busques m\u00e1s, estamos aqu\u00ed para ayudarte. P\u00f3ngase en contacto con nosotros hoy.\" \/>\n<meta property=\"og:url\" content=\"https:\/\/ceolawyer.com\/espanol\/abogado-de-lesiones-personales-buford\/\" \/>\n<meta property=\"og:site_name\" content=\"CEO Lawyer\" \/>\n<meta property=\"article:modified_time\" content=\"2026-01-22T14:43:27+00:00\" \/>\n<meta property=\"og:image\" content=\"https:\/\/ceolawyer.com\/espanol\/wp-content\/uploads\/sites\/2\/2025\/12\/buford-personal-injury-lawyer-1.webp\" \/>\n\t<meta property=\"og:image:width\" content=\"500\" \/>\n\t<meta property=\"og:image:height\" content=\"300\" \/>\n\t<meta property=\"og:image:type\" content=\"image\/webp\" \/>\n<meta name=\"twitter:card\" content=\"summary_large_image\" \/>\n<meta name=\"twitter:label1\" content=\"Est. reading time\" \/>\n\t<meta name=\"twitter:data1\" content=\"5 minutes\" \/>\n<script type=\"application\/ld+json\" class=\"yoast-schema-graph\">{\"@context\":\"https:\\\/\\\/schema.org\",\"@graph\":[{\"@type\":\"WebPage\",\"@id\":\"https:\\\/\\\/ceolawyer.com\\\/espanol\\\/abogado-de-lesiones-personales-buford\\\/\",\"url\":\"https:\\\/\\\/ceolawyer.com\\\/espanol\\\/abogado-de-lesiones-personales-buford\\\/\",\"name\":\"Abogado de Lesiones Personales de Buford | CEO Lawyer\",\"isPartOf\":{\"@id\":\"https:\\\/\\\/ceolawyer.com\\\/espanol\\\/#website\"},\"primaryImageOfPage\":{\"@id\":\"https:\\\/\\\/ceolawyer.com\\\/espanol\\\/abogado-de-lesiones-personales-buford\\\/#primaryimage\"},\"image\":{\"@id\":\"https:\\\/\\\/ceolawyer.com\\\/espanol\\\/abogado-de-lesiones-personales-buford\\\/#primaryimage\"},\"thumbnailUrl\":\"https:\\\/\\\/ceolawyer.com\\\/espanol\\\/wp-content\\\/uploads\\\/sites\\\/2\\\/2025\\\/12\\\/buford-personal-injury-lawyer-1.webp\",\"datePublished\":\"2022-05-18T13:48:18+00:00\",\"dateModified\":\"2026-01-22T14:43:27+00:00\",\"description\":\"\u00bfEst\u00e1 buscando un abogado de lesiones personales en Buford, GA que pueda ayudarlo a reclamar la compensaci\u00f3n que merece? No busques m\u00e1s, estamos aqu\u00ed para ayudarte. P\u00f3ngase en contacto con nosotros hoy.\",\"breadcrumb\":{\"@id\":\"https:\\\/\\\/ceolawyer.com\\\/espanol\\\/abogado-de-lesiones-personales-buford\\\/#breadcrumb\"},\"inLanguage\":\"en-US\",\"potentialAction\":[{\"@type\":\"ReadAction\",\"target\":[\"https:\\\/\\\/ceolawyer.com\\\/espanol\\\/abogado-de-lesiones-personales-buford\\\/\"]}]},{\"@type\":\"ImageObject\",\"inLanguage\":\"en-US\",\"@id\":\"https:\\\/\\\/ceolawyer.com\\\/espanol\\\/abogado-de-lesiones-personales-buford\\\/#primaryimage\",\"url\":\"https:\\\/\\\/ceolawyer.com\\\/espanol\\\/wp-content\\\/uploads\\\/sites\\\/2\\\/2025\\\/12\\\/buford-personal-injury-lawyer-1.webp\",\"contentUrl\":\"https:\\\/\\\/ceolawyer.com\\\/espanol\\\/wp-content\\\/uploads\\\/sites\\\/2\\\/2025\\\/12\\\/buford-personal-injury-lawyer-1.webp\",\"width\":500,\"height\":300,\"caption\":\"buford sign\"},{\"@type\":\"BreadcrumbList\",\"@id\":\"https:\\\/\\\/ceolawyer.com\\\/espanol\\\/abogado-de-lesiones-personales-buford\\\/#breadcrumb\",\"itemListElement\":[{\"@type\":\"ListItem\",\"position\":1,\"name\":\"Home\",\"item\":\"https:\\\/\\\/ceolawyer.com\\\/espanol\\\/\"},{\"@type\":\"ListItem\",\"position\":2,\"name\":\"Abogado de Lesiones Personales de Buford\"}]},{\"@type\":\"WebSite\",\"@id\":\"https:\\\/\\\/ceolawyer.com\\\/espanol\\\/#website\",\"url\":\"https:\\\/\\\/ceolawyer.com\\\/espanol\\\/\",\"name\":\"CEO Lawyer\",\"description\":\"Personal Injury Attorney\",\"publisher\":{\"@id\":\"https:\\\/\\\/ceolawyer.com\\\/espanol\\\/#organization\"},\"potentialAction\":[{\"@type\":\"SearchAction\",\"target\":{\"@type\":\"EntryPoint\",\"urlTemplate\":\"https:\\\/\\\/ceolawyer.com\\\/espanol\\\/?s={search_term_string}\"},\"query-input\":{\"@type\":\"PropertyValueSpecification\",\"valueRequired\":true,\"valueName\":\"search_term_string\"}}],\"inLanguage\":\"en-US\"},{\"@type\":\"Organization\",\"@id\":\"https:\\\/\\\/ceolawyer.com\\\/espanol\\\/#organization\",\"name\":\"CEO Lawyer\",\"url\":\"https:\\\/\\\/ceolawyer.com\\\/espanol\\\/\",\"logo\":{\"@type\":\"ImageObject\",\"inLanguage\":\"en-US\",\"@id\":\"https:\\\/\\\/ceolawyer.com\\\/espanol\\\/#\\\/schema\\\/logo\\\/image\\\/\",\"url\":\"https:\\\/\\\/ceolawyer.com\\\/espanol\\\/wp-content\\\/uploads\\\/sites\\\/2\\\/2022\\\/05\\\/CEO_Logo.png\",\"contentUrl\":\"https:\\\/\\\/ceolawyer.com\\\/espanol\\\/wp-content\\\/uploads\\\/sites\\\/2\\\/2022\\\/05\\\/CEO_Logo.png\",\"width\":200,\"height\":108,\"caption\":\"CEO Lawyer\"},\"image\":{\"@id\":\"https:\\\/\\\/ceolawyer.com\\\/espanol\\\/#\\\/schema\\\/logo\\\/image\\\/\"}}]}<\/script>\n<!-- \/ Yoast SEO plugin. -->","yoast_head_json":{"title":"Abogado de Lesiones Personales de Buford | CEO Lawyer","description":"\u00bfEst\u00e1 buscando un abogado de lesiones personales en Buford, GA que pueda ayudarlo a reclamar la compensaci\u00f3n que merece? No busques m\u00e1s, estamos aqu\u00ed para ayudarte. P\u00f3ngase en contacto con nosotros hoy.","robots":{"index":"index","follow":"follow","max-snippet":"max-snippet:-1","max-image-preview":"max-image-preview:large","max-video-preview":"max-video-preview:-1"},"canonical":"https:\/\/ceolawyer.com\/espanol\/abogado-de-lesiones-personales-buford\/","og_locale":"en_US","og_type":"article","og_title":"Abogado de Lesiones Personales de Buford | CEO Lawyer","og_description":"\u00bfEst\u00e1 buscando un abogado de lesiones personales en Buford, GA que pueda ayudarlo a reclamar la compensaci\u00f3n que merece? No busques m\u00e1s, estamos aqu\u00ed para ayudarte. P\u00f3ngase en contacto con nosotros hoy.","og_url":"https:\/\/ceolawyer.com\/espanol\/abogado-de-lesiones-personales-buford\/","og_site_name":"CEO Lawyer","article_modified_time":"2026-01-22T14:43:27+00:00","og_image":[{"width":500,"height":300,"url":"https:\/\/ceolawyer.com\/espanol\/wp-content\/uploads\/sites\/2\/2025\/12\/buford-personal-injury-lawyer-1.webp","type":"image\/webp"}],"twitter_card":"summary_large_image","twitter_misc":{"Est. reading time":"5 minutes"},"schema":{"@context":"https:\/\/schema.org","@graph":[{"@type":"WebPage","@id":"https:\/\/ceolawyer.com\/espanol\/abogado-de-lesiones-personales-buford\/","url":"https:\/\/ceolawyer.com\/espanol\/abogado-de-lesiones-personales-buford\/","name":"Abogado de Lesiones Personales de Buford | CEO Lawyer","isPartOf":{"@id":"https:\/\/ceolawyer.com\/espanol\/#website"},"primaryImageOfPage":{"@id":"https:\/\/ceolawyer.com\/espanol\/abogado-de-lesiones-personales-buford\/#primaryimage"},"image":{"@id":"https:\/\/ceolawyer.com\/espanol\/abogado-de-lesiones-personales-buford\/#primaryimage"},"thumbnailUrl":"https:\/\/ceolawyer.com\/espanol\/wp-content\/uploads\/sites\/2\/2025\/12\/buford-personal-injury-lawyer-1.webp","datePublished":"2022-05-18T13:48:18+00:00","dateModified":"2026-01-22T14:43:27+00:00","description":"\u00bfEst\u00e1 buscando un abogado de lesiones personales en Buford, GA que pueda ayudarlo a reclamar la compensaci\u00f3n que merece? No busques m\u00e1s, estamos aqu\u00ed para ayudarte. P\u00f3ngase en contacto con nosotros hoy.","breadcrumb":{"@id":"https:\/\/ceolawyer.com\/espanol\/abogado-de-lesiones-personales-buford\/#breadcrumb"},"inLanguage":"en-US","potentialAction":[{"@type":"ReadAction","target":["https:\/\/ceolawyer.com\/espanol\/abogado-de-lesiones-personales-buford\/"]}]},{"@type":"ImageObject","inLanguage":"en-US","@id":"https:\/\/ceolawyer.com\/espanol\/abogado-de-lesiones-personales-buford\/#primaryimage","url":"https:\/\/ceolawyer.com\/espanol\/wp-content\/uploads\/sites\/2\/2025\/12\/buford-personal-injury-lawyer-1.webp","contentUrl":"https:\/\/ceolawyer.com\/espanol\/wp-content\/uploads\/sites\/2\/2025\/12\/buford-personal-injury-lawyer-1.webp","width":500,"height":300,"caption":"buford sign"},{"@type":"BreadcrumbList","@id":"https:\/\/ceolawyer.com\/espanol\/abogado-de-lesiones-personales-buford\/#breadcrumb","itemListElement":[{"@type":"ListItem","position":1,"name":"Home","item":"https:\/\/ceolawyer.com\/espanol\/"},{"@type":"ListItem","position":2,"name":"Abogado de Lesiones Personales de Buford"}]},{"@type":"WebSite","@id":"https:\/\/ceolawyer.com\/espanol\/#website","url":"https:\/\/ceolawyer.com\/espanol\/","name":"CEO Lawyer","description":"Personal Injury Attorney","publisher":{"@id":"https:\/\/ceolawyer.com\/espanol\/#organization"},"potentialAction":[{"@type":"SearchAction","target":{"@type":"EntryPoint","urlTemplate":"https:\/\/ceolawyer.com\/espanol\/?s={search_term_string}"},"query-input":{"@type":"PropertyValueSpecification","valueRequired":true,"valueName":"search_term_string"}}],"inLanguage":"en-US"},{"@type":"Organization","@id":"https:\/\/ceolawyer.com\/espanol\/#organization","name":"CEO Lawyer","url":"https:\/\/ceolawyer.com\/espanol\/","logo":{"@type":"ImageObject","inLanguage":"en-US","@id":"https:\/\/ceolawyer.com\/espanol\/#\/schema\/logo\/image\/","url":"https:\/\/ceolawyer.com\/espanol\/wp-content\/uploads\/sites\/2\/2022\/05\/CEO_Logo.png","contentUrl":"https:\/\/ceolawyer.com\/espanol\/wp-content\/uploads\/sites\/2\/2022\/05\/CEO_Logo.png","width":200,"height":108,"caption":"CEO Lawyer"},"image":{"@id":"https:\/\/ceolawyer.com\/espanol\/#\/schema\/logo\/image\/"}}]}},"_links":{"self":[{"href":"https:\/\/ceolawyer.com\/espanol\/wp-json\/wp\/v2\/pages\/10940","targetHints":{"allow":["GET"]}}],"collection":[{"href":"https:\/\/ceolawyer.com\/espanol\/wp-json\/wp\/v2\/pages"}],"about":[{"href":"https:\/\/ceolawyer.com\/espanol\/wp-json\/wp\/v2\/types\/page"}],"author":[{"embeddable":true,"href":"https:\/\/ceolawyer.com\/espanol\/wp-json\/wp\/v2\/users\/22"}],"replies":[{"embeddable":true,"href":"https:\/\/ceolawyer.com\/espanol\/wp-json\/wp\/v2\/comments?post=10940"}],"version-history":[{"count":0,"href":"https:\/\/ceolawyer.com\/espanol\/wp-json\/wp\/v2\/pages\/10940\/revisions"}],"wp:featuredmedia":[{"embeddable":true,"href":"https:\/\/ceolawyer.com\/espanol\/wp-json\/wp\/v2\/media\/12707"}],"wp:attachment":[{"href":"https:\/\/ceolawyer.com\/espanol\/wp-json\/wp\/v2\/media?parent=10940"}],"curies":[{"name":"wp","href":"https:\/\/api.w.org\/{rel}","templated":true}]}}