{"id":10967,"date":"2022-05-18T16:15:27","date_gmt":"2022-05-18T16:15:27","guid":{"rendered":"https:\/\/ceolawyer.com\/espanol\/?page_id=10967"},"modified":"2025-12-16T13:44:16","modified_gmt":"2025-12-16T13:44:16","slug":"abogado-de-accidentes-automovilisticos","status":"publish","type":"page","link":"https:\/\/ceolawyer.com\/espanol\/abogado-de-lesiones-personales-georgia\/abogado-de-accidentes-automovilisticos\/","title":{"rendered":"Abogado de Accidentes de Auto de Georgia"},"content":{"rendered":"<p><img decoding=\"async\" class=\"alignright size-full wp-image-12661\" src=\"https:\/\/ceolawyer.com\/espanol\/wp-content\/uploads\/sites\/2\/2025\/12\/georgia-car-accident-lawyer.webp\" alt=\"Hombre haciendo una llamada despu\u00e9s de un accidente automovil\u00edstico en Georgia\" width=\"500\" height=\"333\" srcset=\"https:\/\/ceolawyer.com\/espanol\/wp-content\/uploads\/sites\/2\/2025\/12\/georgia-car-accident-lawyer.webp 500w, https:\/\/ceolawyer.com\/espanol\/wp-content\/uploads\/sites\/2\/2025\/12\/georgia-car-accident-lawyer-300x200.webp 300w\" sizes=\"(max-width: 500px) 100vw, 500px\" \/>Sabemos que un accidente de auto puede cambiar la vida de una persona en cuesti\u00f3n de segundos. Tal vez resultaste herido, tu autom\u00f3vil sufri\u00f3 da\u00f1os irreparables, o incluso est\u00e1s enfrentando la p\u00e9rdida de un ser querido\u2026 M\u00e1s all\u00e1 del da\u00f1o f\u00edsico, las consecuencias emocionales y financieras pueden ser abrumadoras. Entre gastos m\u00e9dicos, p\u00e9rdidas de ingresos y el estr\u00e9s de lidiar con todos estos factores, es normal no saber por d\u00f3nde empezar. En momentos as\u00ed, contar con el apoyo correcto hace toda la diferencia. En CEO Lawyer, Firma de Abogados para Accidentes de Lesiones Personales, entendemos lo dif\u00edcil que puede ser este proceso, y nuestra misi\u00f3n es ayudarte a recuperar tu bienestar y tranquilidad. Nos encargaremos de los aspectos legales y administrativos de tu caso para que te puedas enfocar en lo que de verdad importa: tu recuperaci\u00f3n.<\/p>\n<h2>Nuestra firma defiende tus derechos en Georgia<\/h2>\n<p>Con m\u00e1s de 10 millones de habitantes, Georgia es uno de los estados m\u00e1s activos y transitados del pa\u00eds. Su crecimiento econ\u00f3mico, diversidad y su constante movimiento hacen que las carreteras est\u00e9n siempre concurridas\u2026 lo que tambi\u00e9n aumenta el riesgo de accidentes. Carreteras como la I-285 o la US129 son escenarios frecuentes de choques y accidentes graves. En octubre de 2025, hubo un accidente que tom\u00f3 la vida de una familia entera: <a href=\"https:\/\/www.univision.com\/local\/atlanta-wuvg\/familia-salvadorena-accidente-georgia-tepetitan-repatriacion-choque-i-85-comunidad-el-salvador\">un cami\u00f3n semirremolque en la I-85 choc\u00f3 contra la camioneta<\/a> donde todos los integrantes de una familia perdieron la vida.<\/p>\n<p>Y cada accidente tiene un costo: hospitalizaciones, p\u00e9rdidas de ingresos, da\u00f1os materiales, estr\u00e9s y angustia emocional. Sin embargo, muchas v\u00edctimas terminan aceptando indemnizaciones injustas porque no conocen sus derechos o porque las compa\u00f1\u00edas de seguros les hacen creer que su caso \u201cno vale tanto\u201d. En nuestra firma, nos aseguramos de que nada de eso ocurra. Nuestros abogados de accidentes de auto en Georgia te explicar\u00e1n el valor de tu caso y c\u00f3mo conseguir una compensaci\u00f3n justa.<\/p>\n<h3>M\u00e1s que abogados, somos tu equipo de apoyo<\/h3>\n<p>Nuestro trabajo no termina con mantener un archivo de documentos en orden o presentar demandas. Sabemos que despu\u00e9s de un accidente hay mil cosas que atender, y queremos que tengas un proceso lo m\u00e1s tranquilo posible. Por eso ofrecemos asistencia completa y servicios adicionales sin costo, como:<\/p>\n<ul>\n<li>Conectarte con proveedores de autos en renta para que puedas seguir con tu rutina.<\/li>\n<li>Encontrar talleres mec\u00e1nicos de confianza para tu auto.<\/li>\n<li>Ayudarte a obtener pagos por la p\u00e9rdida del uso de tu autom\u00f3vil.<\/li>\n<li>Localizar m\u00e9dicos que no requieran un pago directo de tu bolsillo.<\/li>\n<li>Proporcionar asistencia para obtener pr\u00e9stamos previos al acuerdo de indemnizaci\u00f3n.<\/li>\n<li>Asegurarnos de que recibas un acuerdo justo, seg\u00fan las circunstancias de tu caso.<\/li>\n<\/ul>\n<p><strong>Aviso importante:<\/strong> La informaci\u00f3n en este art\u00edculo es meramente informativa y no debe tomarse como un consejo legal. No existe una garant\u00eda de \u00e9xito para casos futuros. Ponte en <a href=\"https:\/\/ceolawyer.com\/espanol\/contacto-con-nosotros\/\">contacto con nosotros<\/a> para discutir los particulares de tu situaci\u00f3n.<\/p>\n<h2>La realidad es que las aseguradoras no est\u00e1n de tu lado<\/h2>\n<p>Despu\u00e9s de un accidente, es com\u00fan recibir llamadas de las compa\u00f1\u00edas de seguro del otro conductor, o incluso de tu propia aseguradora. Sus representantes suelen mostrarse amables y comprensivos, pero su principal objetivo no es ayudarte: es proteger sus intereses. Su estrategia se basa en aprovechar tu estr\u00e9s y tu urgencia por resolver la situaci\u00f3n, muchas de estas empresas intentar\u00e1n que firmes acuerdos r\u00e1pidos antes de que conozcas el valor real de tu caso. Otras podr\u00edan argumentar que tus lesiones no son tan graves, o que ya exist\u00edan antes del accidente. Incluso pueden hacerte preguntas dise\u00f1adas para hacerte parecer responsable, aunque no lo seas.<\/p>\n<p>Por eso es importante contar con un abogado de accidentes de auto que te represente. En nuestra firma, manejamos todas las comunicaciones con las compa\u00f1\u00edas de seguros y los abogados de los involucrados, para que no digas ni firmes nada que pueda usarse en tu contra. Mientras ellos buscan reducir tu compensaci\u00f3n, nosotros trabajamos para que recibas la indemnizaci\u00f3n que mereces.<\/p>\n<h2>Los tipos de compensaci\u00f3n que podr\u00edas recibir<\/h2>\n<p>Cada caso es diferente, pero bajo las leyes del estado de Georgia, tienes derecho a buscar compensaci\u00f3n por todas las p\u00e9rdidas que hayas sufrido tras un accidente. Esto incluye tanto los gastos actuales como los que surjan a futuro. Entre los tipos de indemnizaci\u00f3n m\u00e1s comunes est\u00e1n:<\/p>\n<ul>\n<li><strong>Gastos m\u00e9dicos pasados y futuros. <\/strong>Incluyen servicios de ambulancia, hospitalizaci\u00f3n, cirug\u00edas, medicamentos, terapias y rehabilitaci\u00f3n.<\/li>\n<li><strong>Salarios perdidos. <\/strong>Si tus lesiones te impiden ir a trabajar, puedes reclamar el ingreso que dejaste de percibir.<\/li>\n<li><strong>P\u00e9rdida de capacidad laboral. <\/strong>Si estas lesiones afectan tu capacidad para trabajar en el futuro, tambi\u00e9n puede incluirse en la proyecci\u00f3n de tu compensaci\u00f3n.<\/li>\n<li><strong>Da\u00f1os a tu auto y otras pertenencias. <\/strong>El costo de reparaci\u00f3n o reemplazo puede incluirse en la demanda.<\/li>\n<li><strong>Dolor y sufrimiento. <\/strong>La ley reconoce el impacto emocional y f\u00edsico de tus lesiones.<\/li>\n<li><strong>P\u00e9rdida de consorcio o de afecto familiar.<\/strong> En casos graves o donde alguien fallece, los familiares tambi\u00e9n pueden recibir compensaci\u00f3n.<\/li>\n<\/ul>\n<h2>\u00bfC\u00f3mo se prueba una demanda de lesiones despu\u00e9s de un accidente de auto?<\/h2>\n<p>Para ganar una demanda por lesiones personales en Georgia, es necesario demostrar que otra persona actu\u00f3 con negligencia, y que esa conducta caus\u00f3 directamente tus lesiones. Esto se demuestra mediante cuatro elementos b\u00e1sicos:<\/p>\n<ol>\n<li><strong>Deber de cuidado: <\/strong>Toda persona que conduce un auto tiene la obligaci\u00f3n legal de hacerlo de manera segura y responsable.<\/li>\n<li><strong>Incumplimiento del deber: <\/strong>Alguien que se distrae tras el volante, maneja a exceso de velocidad o bajo los efectos del alcohol, no est\u00e1 cumpliendo ese deber de cuidado.<\/li>\n<li><strong>Causalidad: <\/strong>Se debe probar que esta conducta negligente fue la causa directa del accidente.<\/li>\n<li><strong>Da\u00f1os: <\/strong>Finalmente, se deben documentar los da\u00f1os f\u00edsicos, emocionales y financieros que sufriste.<\/li>\n<\/ol>\n<p>Nuestro equipo trabajar\u00e1 de la mano contigo para reunir toda la evidencia necesaria. Cuanto m\u00e1s s\u00f3lida sea la evidencia, tu caso tendr\u00e1 m\u00e1s peso frente a cualquier argumento.<\/p>\n<h2>Qu\u00e9 hacer despu\u00e9s de un accidente de auto<\/h2>\n<p>Las acciones que tomes despu\u00e9s del accidente pueden marcar el rumbo (\u00a1y el resultado!) de tu caso. Aqu\u00ed te compartimos una gu\u00eda r\u00e1pida de los pasos m\u00e1s importantes que debes seguir:<\/p>\n<ol>\n<li><strong>Detente de inmediato. <\/strong>Si puedes, mueve tu auto a un lugar seguro.<\/li>\n<li><strong>Aseg\u00farate de que todos est\u00e9n a salvo. <\/strong>Toma nota de qui\u00e9nes necesitan atenci\u00f3n m\u00e9dica urgente.<\/li>\n<li><strong>Llama a las autoridades. <\/strong>Reporta el accidente y solicita una ambulancia si alguien est\u00e1 herido.<\/li>\n<li><strong>Mant\u00e9n la calma.<\/strong> Permanece tranquilo, y no admitas la culpa mientras esperas a que la polic\u00eda llegue y documente el accidente. Luego, <a href=\"https:\/\/carrosenusa.com\/como-reportar-un-accidente-al-dmv\/\">solicita el reporte policial<\/a> \u2014 este ser\u00e1 \u00fatil a la hora de armar tu caso.<\/li>\n<li><strong>Toma fotograf\u00edas. <\/strong>Docum\u00e9ntalo todo: el lugar del accidente, el da\u00f1o a los veh\u00edculos, incluso tus lesiones.<\/li>\n<li><strong>Da tu versi\u00f3n de los hechos, sin especular. <\/strong>Comparte con los agentes en la escena solamente los hechos y no admitas la culpa de nada.<\/li>\n<li><strong>Busca atenci\u00f3n m\u00e9dica lo antes posible. <\/strong>Incluso si crees que no est\u00e1s herido, algunas lesiones pueden manifestarse despu\u00e9s.<\/li>\n<li><strong>Ponte en contacto con un abogado. <\/strong>En CEO Lawyer, Firma de Abogados para Accidentes de Lesiones Personales, podemos ayudarte desde el primer momento a gestionar tu reclamo y a orientarte con los siguientes pasos que debes tomar.<\/li>\n<\/ol>\n<h2>Acude a una firma de abogados de accidentes de auto<\/h2>\n<p>En CEO Lawyer, Firma de Abogados para Accidentes de Lesiones Personales, creemos que todos merecen acceso a una representaci\u00f3n legal puntual y honesta. Queremos que te sientas acompa\u00f1ado en todo momento, manteni\u00e9ndote informado sobre cada paso del proceso, respondiendo tus preguntas con claridad y luchando por el resultado favorable posible. Y sabemos que cada d\u00eda que pasa sin que cuentes con asesor\u00eda legal puede afectar tu caso: la evidencia puede perderse, los testigos pueden olvidar ciertos detalles y las aseguradoras pueden presionarte para aceptar menos de lo que mereces.<\/p>\n<p>Por eso, ponte en contacto con nosotros y ll\u00e1manos al <a href=\"tel:+14703238779\">(470) 323-8779<\/a>. Alguien de nuestro equipo te asesorar\u00e1 de forma gratuita sobre los detalles particulares de tu caso. Estamos aqu\u00ed para proteger tu bienestar y ayudarte a recuperar tu vida despu\u00e9s de un accidente de auto en Georgia.<\/p>\n","protected":false},"excerpt":{"rendered":"<p>Sabemos que un accidente de auto puede cambiar la vida de una persona en cuesti\u00f3n de segundos. Tal vez resultaste herido, tu autom\u00f3vil sufri\u00f3 da\u00f1os irreparables, o incluso est\u00e1s enfrentando la p\u00e9rdida de un ser querido\u2026 M\u00e1s all\u00e1 del da\u00f1o f\u00edsico, las consecuencias emocionales y financieras pueden ser abrumadoras. Entre gastos m\u00e9dicos, p\u00e9rdidas de ingresos [&hellip;]<\/p>\n","protected":false},"author":22,"featured_media":12661,"parent":10962,"menu_order":0,"comment_status":"closed","ping_status":"closed","template":"","meta":{"_acf_changed":false,"footnotes":""},"class_list":["post-10967","page","type-page","status-publish","has-post-thumbnail","hentry"],"acf":[],"yoast_head":"<!-- This site is optimized with the Yoast SEO plugin v27.2 - https:\/\/yoast.com\/product\/yoast-seo-wordpress\/ -->\n<title>Abogado de Accidentes Automovil\u00edsticos de Georgia | CEO Lawyer<\/title>\n<meta name=\"description\" content=\"\u00bfBusca un abogado de accidentes automovil\u00edsticos en Georgia? El bufete de abogados Ali Awad Law puede proporcionar consultas de expertos y asistencia legal para su caso. Ll\u00e1menos hoy.\" \/>\n<meta name=\"robots\" content=\"index, follow, max-snippet:-1, max-image-preview:large, max-video-preview:-1\" \/>\n<link rel=\"canonical\" href=\"https:\/\/ceolawyer.com\/espanol\/abogado-de-lesiones-personales-georgia\/abogado-de-accidentes-automovilisticos\/\" \/>\n<meta property=\"og:locale\" content=\"en_US\" \/>\n<meta property=\"og:type\" content=\"article\" \/>\n<meta property=\"og:title\" content=\"Abogado de Accidentes Automovil\u00edsticos de Georgia | CEO Lawyer\" \/>\n<meta property=\"og:description\" content=\"\u00bfBusca un abogado de accidentes automovil\u00edsticos en Georgia? El bufete de abogados Ali Awad Law puede proporcionar consultas de expertos y asistencia legal para su caso. Ll\u00e1menos hoy.\" \/>\n<meta property=\"og:url\" content=\"https:\/\/ceolawyer.com\/espanol\/abogado-de-lesiones-personales-georgia\/abogado-de-accidentes-automovilisticos\/\" \/>\n<meta property=\"og:site_name\" content=\"CEO Lawyer\" \/>\n<meta property=\"article:modified_time\" content=\"2025-12-16T13:44:16+00:00\" \/>\n<meta property=\"og:image\" content=\"https:\/\/ceolawyer.com\/espanol\/wp-content\/uploads\/sites\/2\/2025\/12\/georgia-car-accident-lawyer.webp\" \/>\n\t<meta property=\"og:image:width\" content=\"500\" \/>\n\t<meta property=\"og:image:height\" content=\"333\" \/>\n\t<meta property=\"og:image:type\" content=\"image\/webp\" \/>\n<meta name=\"twitter:card\" content=\"summary_large_image\" \/>\n<meta name=\"twitter:label1\" content=\"Est. reading time\" \/>\n\t<meta name=\"twitter:data1\" content=\"7 minutes\" \/>\n<script type=\"application\/ld+json\" class=\"yoast-schema-graph\">{\"@context\":\"https:\/\/schema.org\",\"@graph\":[{\"@type\":\"WebPage\",\"@id\":\"https:\/\/ceolawyer.com\/espanol\/abogado-de-lesiones-personales-georgia\/abogado-de-accidentes-automovilisticos\/\",\"url\":\"https:\/\/ceolawyer.com\/espanol\/abogado-de-lesiones-personales-georgia\/abogado-de-accidentes-automovilisticos\/\",\"name\":\"Abogado de Accidentes Automovil\u00edsticos de Georgia | CEO Lawyer\",\"isPartOf\":{\"@id\":\"https:\/\/ceolawyer.com\/espanol\/#website\"},\"primaryImageOfPage\":{\"@id\":\"https:\/\/ceolawyer.com\/espanol\/abogado-de-lesiones-personales-georgia\/abogado-de-accidentes-automovilisticos\/#primaryimage\"},\"image\":{\"@id\":\"https:\/\/ceolawyer.com\/espanol\/abogado-de-lesiones-personales-georgia\/abogado-de-accidentes-automovilisticos\/#primaryimage\"},\"thumbnailUrl\":\"https:\/\/ceolawyer.com\/espanol\/wp-content\/uploads\/sites\/2\/2025\/12\/georgia-car-accident-lawyer.webp\",\"datePublished\":\"2022-05-18T16:15:27+00:00\",\"dateModified\":\"2025-12-16T13:44:16+00:00\",\"description\":\"\u00bfBusca un abogado de accidentes automovil\u00edsticos en Georgia? El bufete de abogados Ali Awad Law puede proporcionar consultas de expertos y asistencia legal para su caso. Ll\u00e1menos hoy.\",\"breadcrumb\":{\"@id\":\"https:\/\/ceolawyer.com\/espanol\/abogado-de-lesiones-personales-georgia\/abogado-de-accidentes-automovilisticos\/#breadcrumb\"},\"inLanguage\":\"en-US\",\"potentialAction\":[{\"@type\":\"ReadAction\",\"target\":[\"https:\/\/ceolawyer.com\/espanol\/abogado-de-lesiones-personales-georgia\/abogado-de-accidentes-automovilisticos\/\"]}]},{\"@type\":\"ImageObject\",\"inLanguage\":\"en-US\",\"@id\":\"https:\/\/ceolawyer.com\/espanol\/abogado-de-lesiones-personales-georgia\/abogado-de-accidentes-automovilisticos\/#primaryimage\",\"url\":\"https:\/\/ceolawyer.com\/espanol\/wp-content\/uploads\/sites\/2\/2025\/12\/georgia-car-accident-lawyer.webp\",\"contentUrl\":\"https:\/\/ceolawyer.com\/espanol\/wp-content\/uploads\/sites\/2\/2025\/12\/georgia-car-accident-lawyer.webp\",\"width\":500,\"height\":333,\"caption\":\"Hombre haciendo una llamada despu\u00e9s de un accidente automovil\u00edstico en Georgia\"},{\"@type\":\"BreadcrumbList\",\"@id\":\"https:\/\/ceolawyer.com\/espanol\/abogado-de-lesiones-personales-georgia\/abogado-de-accidentes-automovilisticos\/#breadcrumb\",\"itemListElement\":[{\"@type\":\"ListItem\",\"position\":1,\"name\":\"Home\",\"item\":\"https:\/\/ceolawyer.com\/espanol\/\"},{\"@type\":\"ListItem\",\"position\":2,\"name\":\"Abogado de Lesiones Personales de Georgia\",\"item\":\"https:\/\/ceolawyer.com\/espanol\/abogado-de-lesiones-personales-georgia\/\"},{\"@type\":\"ListItem\",\"position\":3,\"name\":\"Abogado de Accidentes de Auto de Georgia\"}]},{\"@type\":\"WebSite\",\"@id\":\"https:\/\/ceolawyer.com\/espanol\/#website\",\"url\":\"https:\/\/ceolawyer.com\/espanol\/\",\"name\":\"CEO Lawyer\",\"description\":\"Personal Injury Attorney\",\"publisher\":{\"@id\":\"https:\/\/ceolawyer.com\/espanol\/#organization\"},\"potentialAction\":[{\"@type\":\"SearchAction\",\"target\":{\"@type\":\"EntryPoint\",\"urlTemplate\":\"https:\/\/ceolawyer.com\/espanol\/?s={search_term_string}\"},\"query-input\":{\"@type\":\"PropertyValueSpecification\",\"valueRequired\":true,\"valueName\":\"search_term_string\"}}],\"inLanguage\":\"en-US\"},{\"@type\":\"Organization\",\"@id\":\"https:\/\/ceolawyer.com\/espanol\/#organization\",\"name\":\"CEO Lawyer\",\"url\":\"https:\/\/ceolawyer.com\/espanol\/\",\"logo\":{\"@type\":\"ImageObject\",\"inLanguage\":\"en-US\",\"@id\":\"https:\/\/ceolawyer.com\/espanol\/#\/schema\/logo\/image\/\",\"url\":\"https:\/\/ceolawyer.com\/espanol\/wp-content\/uploads\/sites\/2\/2022\/05\/CEO_Logo.png\",\"contentUrl\":\"https:\/\/ceolawyer.com\/espanol\/wp-content\/uploads\/sites\/2\/2022\/05\/CEO_Logo.png\",\"width\":200,\"height\":108,\"caption\":\"CEO Lawyer\"},\"image\":{\"@id\":\"https:\/\/ceolawyer.com\/espanol\/#\/schema\/logo\/image\/\"}}]}<\/script>\n<!-- \/ Yoast SEO plugin. -->","yoast_head_json":{"title":"Abogado de Accidentes Automovil\u00edsticos de Georgia | CEO Lawyer","description":"\u00bfBusca un abogado de accidentes automovil\u00edsticos en Georgia? El bufete de abogados Ali Awad Law puede proporcionar consultas de expertos y asistencia legal para su caso. Ll\u00e1menos hoy.","robots":{"index":"index","follow":"follow","max-snippet":"max-snippet:-1","max-image-preview":"max-image-preview:large","max-video-preview":"max-video-preview:-1"},"canonical":"https:\/\/ceolawyer.com\/espanol\/abogado-de-lesiones-personales-georgia\/abogado-de-accidentes-automovilisticos\/","og_locale":"en_US","og_type":"article","og_title":"Abogado de Accidentes Automovil\u00edsticos de Georgia | CEO Lawyer","og_description":"\u00bfBusca un abogado de accidentes automovil\u00edsticos en Georgia? El bufete de abogados Ali Awad Law puede proporcionar consultas de expertos y asistencia legal para su caso. Ll\u00e1menos hoy.","og_url":"https:\/\/ceolawyer.com\/espanol\/abogado-de-lesiones-personales-georgia\/abogado-de-accidentes-automovilisticos\/","og_site_name":"CEO Lawyer","article_modified_time":"2025-12-16T13:44:16+00:00","og_image":[{"width":500,"height":333,"url":"https:\/\/ceolawyer.com\/espanol\/wp-content\/uploads\/sites\/2\/2025\/12\/georgia-car-accident-lawyer.webp","type":"image\/webp"}],"twitter_card":"summary_large_image","twitter_misc":{"Est. reading time":"7 minutes"},"schema":{"@context":"https:\/\/schema.org","@graph":[{"@type":"WebPage","@id":"https:\/\/ceolawyer.com\/espanol\/abogado-de-lesiones-personales-georgia\/abogado-de-accidentes-automovilisticos\/","url":"https:\/\/ceolawyer.com\/espanol\/abogado-de-lesiones-personales-georgia\/abogado-de-accidentes-automovilisticos\/","name":"Abogado de Accidentes Automovil\u00edsticos de Georgia | CEO Lawyer","isPartOf":{"@id":"https:\/\/ceolawyer.com\/espanol\/#website"},"primaryImageOfPage":{"@id":"https:\/\/ceolawyer.com\/espanol\/abogado-de-lesiones-personales-georgia\/abogado-de-accidentes-automovilisticos\/#primaryimage"},"image":{"@id":"https:\/\/ceolawyer.com\/espanol\/abogado-de-lesiones-personales-georgia\/abogado-de-accidentes-automovilisticos\/#primaryimage"},"thumbnailUrl":"https:\/\/ceolawyer.com\/espanol\/wp-content\/uploads\/sites\/2\/2025\/12\/georgia-car-accident-lawyer.webp","datePublished":"2022-05-18T16:15:27+00:00","dateModified":"2025-12-16T13:44:16+00:00","description":"\u00bfBusca un abogado de accidentes automovil\u00edsticos en Georgia? El bufete de abogados Ali Awad Law puede proporcionar consultas de expertos y asistencia legal para su caso. Ll\u00e1menos hoy.","breadcrumb":{"@id":"https:\/\/ceolawyer.com\/espanol\/abogado-de-lesiones-personales-georgia\/abogado-de-accidentes-automovilisticos\/#breadcrumb"},"inLanguage":"en-US","potentialAction":[{"@type":"ReadAction","target":["https:\/\/ceolawyer.com\/espanol\/abogado-de-lesiones-personales-georgia\/abogado-de-accidentes-automovilisticos\/"]}]},{"@type":"ImageObject","inLanguage":"en-US","@id":"https:\/\/ceolawyer.com\/espanol\/abogado-de-lesiones-personales-georgia\/abogado-de-accidentes-automovilisticos\/#primaryimage","url":"https:\/\/ceolawyer.com\/espanol\/wp-content\/uploads\/sites\/2\/2025\/12\/georgia-car-accident-lawyer.webp","contentUrl":"https:\/\/ceolawyer.com\/espanol\/wp-content\/uploads\/sites\/2\/2025\/12\/georgia-car-accident-lawyer.webp","width":500,"height":333,"caption":"Hombre haciendo una llamada despu\u00e9s de un accidente automovil\u00edstico en Georgia"},{"@type":"BreadcrumbList","@id":"https:\/\/ceolawyer.com\/espanol\/abogado-de-lesiones-personales-georgia\/abogado-de-accidentes-automovilisticos\/#breadcrumb","itemListElement":[{"@type":"ListItem","position":1,"name":"Home","item":"https:\/\/ceolawyer.com\/espanol\/"},{"@type":"ListItem","position":2,"name":"Abogado de Lesiones Personales de Georgia","item":"https:\/\/ceolawyer.com\/espanol\/abogado-de-lesiones-personales-georgia\/"},{"@type":"ListItem","position":3,"name":"Abogado de Accidentes de Auto de Georgia"}]},{"@type":"WebSite","@id":"https:\/\/ceolawyer.com\/espanol\/#website","url":"https:\/\/ceolawyer.com\/espanol\/","name":"CEO Lawyer","description":"Personal Injury Attorney","publisher":{"@id":"https:\/\/ceolawyer.com\/espanol\/#organization"},"potentialAction":[{"@type":"SearchAction","target":{"@type":"EntryPoint","urlTemplate":"https:\/\/ceolawyer.com\/espanol\/?s={search_term_string}"},"query-input":{"@type":"PropertyValueSpecification","valueRequired":true,"valueName":"search_term_string"}}],"inLanguage":"en-US"},{"@type":"Organization","@id":"https:\/\/ceolawyer.com\/espanol\/#organization","name":"CEO Lawyer","url":"https:\/\/ceolawyer.com\/espanol\/","logo":{"@type":"ImageObject","inLanguage":"en-US","@id":"https:\/\/ceolawyer.com\/espanol\/#\/schema\/logo\/image\/","url":"https:\/\/ceolawyer.com\/espanol\/wp-content\/uploads\/sites\/2\/2022\/05\/CEO_Logo.png","contentUrl":"https:\/\/ceolawyer.com\/espanol\/wp-content\/uploads\/sites\/2\/2022\/05\/CEO_Logo.png","width":200,"height":108,"caption":"CEO Lawyer"},"image":{"@id":"https:\/\/ceolawyer.com\/espanol\/#\/schema\/logo\/image\/"}}]}},"_links":{"self":[{"href":"https:\/\/ceolawyer.com\/espanol\/wp-json\/wp\/v2\/pages\/10967","targetHints":{"allow":["GET"]}}],"collection":[{"href":"https:\/\/ceolawyer.com\/espanol\/wp-json\/wp\/v2\/pages"}],"about":[{"href":"https:\/\/ceolawyer.com\/espanol\/wp-json\/wp\/v2\/types\/page"}],"author":[{"embeddable":true,"href":"https:\/\/ceolawyer.com\/espanol\/wp-json\/wp\/v2\/users\/22"}],"replies":[{"embeddable":true,"href":"https:\/\/ceolawyer.com\/espanol\/wp-json\/wp\/v2\/comments?post=10967"}],"version-history":[{"count":0,"href":"https:\/\/ceolawyer.com\/espanol\/wp-json\/wp\/v2\/pages\/10967\/revisions"}],"up":[{"embeddable":true,"href":"https:\/\/ceolawyer.com\/espanol\/wp-json\/wp\/v2\/pages\/10962"}],"wp:featuredmedia":[{"embeddable":true,"href":"https:\/\/ceolawyer.com\/espanol\/wp-json\/wp\/v2\/media\/12661"}],"wp:attachment":[{"href":"https:\/\/ceolawyer.com\/espanol\/wp-json\/wp\/v2\/media?parent=10967"}],"curies":[{"name":"wp","href":"https:\/\/api.w.org\/{rel}","templated":true}]}}