{"id":10979,"date":"2022-05-18T16:57:20","date_gmt":"2022-05-18T16:57:20","guid":{"rendered":"https:\/\/ceolawyer.com\/espanol\/?page_id=10979"},"modified":"2026-04-28T15:41:50","modified_gmt":"2026-04-28T15:41:50","slug":"abogado-de-accidentes-de-automovilista-sin-seguro","status":"publish","type":"page","link":"https:\/\/ceolawyer.com\/espanol\/abogado-de-lesiones-personales-georgia\/abogado-de-accidentes-de-automovilista-sin-seguro\/","title":{"rendered":"Abogado de Automovilistas con Seguro Insuficiente de Georgia"},"content":{"rendered":"<p><img decoding=\"async\" class=\"alignright size-full wp-image-12663\" src=\"https:\/\/ceolawyer.com\/espanol\/wp-content\/uploads\/sites\/2\/2025\/12\/georgia-uninsured-motorist-lawyer.webp\" alt=\"Accidente con conductor sin seguro en Georgia\" width=\"500\" height=\"333\" srcset=\"https:\/\/ceolawyer.com\/espanol\/wp-content\/uploads\/sites\/2\/2025\/12\/georgia-uninsured-motorist-lawyer.webp 500w, https:\/\/ceolawyer.com\/espanol\/wp-content\/uploads\/sites\/2\/2025\/12\/georgia-uninsured-motorist-lawyer-300x200.webp 300w\" sizes=\"(max-width: 500px) 100vw, 500px\" \/>Sufrir un accidente de auto ya es una experiencia traum\u00e1tica. Pero cuando descubres que el conductor responsable no tiene seguro o su cobertura no es suficiente, la situaci\u00f3n puede volverse a\u00fan m\u00e1s frustrante. \u00bfQui\u00e9n va a pagar tus gastos m\u00e9dicos? \u00bfC\u00f3mo vas a recuperar el dinero que perdiste por no poder ir a trabajar? \u00bfQu\u00e9 va a pasar con los da\u00f1os que sufri\u00f3 tu auto? Por suerte, un abogado que sepa manejar casos de accidentes con conductores sin seguro que brinda servicios en Georgia puede ayudarte durante este proceso. En CEO Lawyer, Firma de Abogados para Accidentes de Lesiones Personales, entendemos perfectamente esta situaci\u00f3n. Nuestro equipo te ayudar\u00e1 a buscar alternativas legales y financieras para obtener la compensaci\u00f3n justa para cubrir tus da\u00f1os, incluso cuando el otro conductor no cuenta con seguro.<\/p>\n<h3>Si tuviste un accidente, no est\u00e1s solo<\/h3>\n<p>Cada d\u00eda que pasa sin asesor\u00eda legal puede afectar tu caso. Las aseguradoras pueden aprovechar el tiempo para debilitar tu caso o presionarte para que aceptes un acuerdo m\u00ednimo. Al trabajar con CEO Lawyer, Firma de Abogados para Accidentes de Lesiones Personales, tendr\u00e1s a tu disposici\u00f3n a un equipo comprometido con tu bienestar. Nos encargamos de todo el proceso legal: desde la recolecci\u00f3n de evidencia, hasta negociar acuerdos o llevar tu caso a juicio. Lo importante es que te concentres en tu recuperaci\u00f3n, d\u00e9janos el resto a nosotros.<\/p>\n<p>Nuestro equipo combina m\u00e1s de 2 d\u00e9cadas de experiencia legal y todos nuestros casos de lesiones personales se manejan bajo honorarios de contingencia, lo que significa que no pagas nada a menos que ganemos tu caso. Si no puedes venir a nuestras oficinas, vamos hasta ti. Tambi\u00e9n podemos ayudarte a conseguir transporte a tus citas m\u00e9dicas, con opciones para rentar un auto y acceso a pr\u00e9stamos antes del acuerdo, para aliviar tu situaci\u00f3n financiera mientras el caso se resuelve. Tu recuperaci\u00f3n integral es nuestra prioridad.<\/p>\n<p><strong>Aviso importante:<\/strong> La informaci\u00f3n en este art\u00edculo es meramente informativa y no debe tomarse como un consejo legal. No existe una garant\u00eda de \u00e9xito para casos futuros. Ponte en contacto con nosotros para discutir los particulares de tu situaci\u00f3n.<\/p>\n<h2>C\u00f3mo proteger tus derechos despu\u00e9s de un accidente<\/h2>\n<p>Los accidentes de auto no solo generan estr\u00e9s emocional o pueden hacerte perder detalles importantes, tambi\u00e9n traen consigo cargas financieras considerables. Y, para proteger tu derecho a reclamar una compensaci\u00f3n por tus lesiones y p\u00e9rdidas, debes seguir estos pasos:<\/p>\n<h3>1. Busca atenci\u00f3n m\u00e9dica de inmediato<\/h3>\n<p>Incluso si te sientes bien en el momento, es importante acudir a un m\u00e9dico o sala de urgencias, ya que algunas lesiones internas pueden manifestarse despu\u00e9s. Es importante crear un registro oficial, para poder probar que tus da\u00f1os est\u00e1n relacionados directamente con el accidente y no con otros eventos posteriores.<\/p>\n<h3>2. Documenta el accidente<\/h3>\n<p>Toma fotos y videos del lugar del accidente, de los veh\u00edculos involucrados y de cualquier lesi\u00f3n. Habla con testigos y pide su informaci\u00f3n de contacto; tambi\u00e9n aseg\u00farate de que haya un informe policial. Todo esto ser\u00e1 evidencia clave para tu demanda.<\/p>\n<h3>3. Deja que tu abogado se encargue de las aseguradoras<\/h3>\n<p>Aunque tu aseguradora parezca querer ayudarte, su prioridad es proteger sus intereses y buscan minimizar sus costos. A menudo intentar\u00e1n reducir tu reclamo o hacer que aceptes menos dinero del que realmente mereces. Antes de dar una declaraci\u00f3n o aceptar una oferta, ac\u00e9rcate a un abogado. Con un equipo legal a tu lado, podr\u00e1s protegerte de estrategias que puedan debilitar tu caso y cualquier comunicaci\u00f3n con tu compa\u00f1\u00eda de seguros ser\u00e1 gestionada por un profesional.<\/p>\n<h2>Beneficios de trabajar con un abogado que sepa manejar casos de accidentes con conductores sin seguro<\/h2>\n<p>Aunque puedes intentar gestionar el proceso por tu cuenta, contar con un abogado que ha manejado casos de accidentes con conductores sin seguro y que brinda servicios en Georgia, brinda ventajas clave:<\/p>\n<h3>Reunir evidencia antes de que desaparezca<\/h3>\n<p>Actuar r\u00e1pidamente es crucial. <a href=\"https:\/\/oci.georgia.gov\/insurance-resources\/auto\/auto-claim-tips\">Las pruebas pueden perderse<\/a> o borrarse en cuesti\u00f3n de d\u00edas. Nuestro equipo se encargar\u00e1 de llevar a cabo una investigaci\u00f3n exhaustiva de inmediato: revisar las grabaciones de las c\u00e1maras de tr\u00e1fico, los reportes policiales, testimonios y cualquier elemento que pueda demostrar la negligencia del otro conductor.<\/p>\n<h3>Valorar correctamente tu caso<\/h3>\n<p>Determinar cu\u00e1nto vale tu demanda no es tan simple como sumar facturas. Debemos considerar tus da\u00f1os econ\u00f3micos y no econ\u00f3micos: gastos m\u00e9dicos, p\u00e9rdida de salarios; dolor f\u00edsico, angustia f\u00edsica y cualquier impacto en tu calidad de vida a futuro. Contamos con una red de expertos m\u00e9dicos y economistas para proyectar tus necesidades a largo plazo y asegurarnos de que recibas la compensaci\u00f3n que realmente mereces.<\/p>\n<h3>Cumplir con plazos y requisitos legales<\/h3>\n<p>En Georgia, la ley establece un plazo de dos a\u00f1os desde la fecha del accidente para presentar una demanda por lesiones personales. Si se te pasa ese tiempo, podr\u00edas perder tu derecho a reclamar una compensaci\u00f3n. Como tu equipo legal, nosotros nos encargamos de todos los plazos, formularios y documentaci\u00f3n legal para que no tengas que preocuparte por errores o retrasos.<\/p>\n<h3>Negociar con las aseguradoras por ti<\/h3>\n<p>Como lo mencionamos, lidiar con una compa\u00f1\u00eda de seguros puede ser desgastante y confuso si lo haces por tu cuenta. Y nosotros conocemos sus t\u00e1cticas: nuestra meta es obtener el acuerdo que mejor cubra tus necesidades y, si no cooperan, crearemos una estrategia legal s\u00f3lida para llevar tu caso ante los tribunales y defender tus intereses ante un juez o jurado.<\/p>\n<h2>Las leyes de seguro de autos en Georgia<\/h2>\n<p>En Georgia, todos los conductores deben tener un seguro de responsabilidad civil m\u00ednimo. Este seguro cubre los da\u00f1os que causen a otras personas en caso de un accidente. Los l\u00edmites m\u00ednimos son:<\/p>\n<ul>\n<li>25 mil d\u00f3lares por lesiones corporales a una persona.<\/li>\n<li>50 mil d\u00f3lares por lesiones corporales por accidente (si hay m\u00e1s de una persona lesionada).<\/li>\n<li>25 mil d\u00f3lares por da\u00f1os a la propiedad.<\/li>\n<\/ul>\n<p>Sin embargo, estas cantidades no suelen ser suficientes para cubrir los gastos de un accidente grave. Por eso, es recomendable contar con una p\u00f3liza de seguro adicional contra conductores sin seguro o con una cobertura insuficiente. Esta p\u00f3liza puede pagar tus gastos m\u00e9dicos, las reparaciones de tu auto y otras p\u00e9rdidas si el conductor culpable no tiene seguro o si su cobertura no alcanza a cubrir tus da\u00f1os.<\/p>\n<h2>Recupera el control de tu vida despu\u00e9s de un accidente<\/h2>\n<p>Sabemos que despu\u00e9s de un accidente, todo parece estar cuesta arriba. Las cuentas a pagar no esperan a nadie, el dolor f\u00edsico y emocional tampoco dan tregua y la incertidumbre puede ser abrumadora. Pero no tienes que enfrentarlos solo. En CEO Lawyer, Firma de Abogados para Accidentes de Lesiones Personales, estamos comprometidos en ayudarte a recuperar la estabilidad y la tranquilidad que te fueron arrebatadas. Seremos tus gu\u00edas paso a paso para que entiendas, de forma clara, cada parte del proceso y tomes decisiones informadas.<\/p>\n<p>Recuerda que el tiempo es esencial, as\u00ed que empieza hoy tu camino hacia la justicia: <a href=\"https:\/\/ceolawyer.com\/espanol\/contacto-con-nosotros\/\">llena nuestro formulario<\/a> o ll\u00e1manos al <a href=\"tel:+14708229716\">(470) 822-9716<\/a> y agenda una evaluaci\u00f3n gratuita, alguien de nuestro equipo se pondr\u00e1 en contacto contigo para explicarte tus opciones. Nuestra misi\u00f3n es simple: defender tus derechos y ayudarte a obtener la compensaci\u00f3n que mereces despu\u00e9s de sufrir un accidente causado por un conductor sin seguro.<\/p>\n","protected":false},"excerpt":{"rendered":"<p>Sufrir un accidente de auto ya es una experiencia traum\u00e1tica. Pero cuando descubres que el conductor responsable no tiene seguro o su cobertura no es suficiente, la situaci\u00f3n puede volverse a\u00fan m\u00e1s frustrante. \u00bfQui\u00e9n va a pagar tus gastos m\u00e9dicos? \u00bfC\u00f3mo vas a recuperar el dinero que perdiste por no poder ir a trabajar? \u00bfQu\u00e9 [&hellip;]<\/p>\n","protected":false},"author":22,"featured_media":12663,"parent":10962,"menu_order":0,"comment_status":"closed","ping_status":"closed","template":"","meta":{"_acf_changed":false,"footnotes":""},"class_list":["post-10979","page","type-page","status-publish","has-post-thumbnail","hentry"],"acf":[],"yoast_head":"<!-- This site is optimized with the Yoast SEO plugin v27.5 - https:\/\/yoast.com\/product\/yoast-seo-wordpress\/ -->\n<title>Abogado de Automovilistas con Seguro Insuficiente de Georgia | CEO Lawyer<\/title>\n<meta name=\"description\" content=\"\u00bfBusca un abogado de automovilistas con seguro insuficiente en Georgia? El bufete de abogados Ali Awad Law puede proporcionar consultas de expertos y asistencia legal para su caso.\" \/>\n<meta name=\"robots\" content=\"index, follow, max-snippet:-1, max-image-preview:large, max-video-preview:-1\" \/>\n<link rel=\"canonical\" href=\"https:\/\/ceolawyer.com\/espanol\/abogado-de-lesiones-personales-georgia\/abogado-de-accidentes-de-automovilista-sin-seguro\/\" \/>\n<meta property=\"og:locale\" content=\"en_US\" \/>\n<meta property=\"og:type\" content=\"article\" \/>\n<meta property=\"og:title\" content=\"Abogado de Automovilistas con Seguro Insuficiente de Georgia | CEO Lawyer\" \/>\n<meta property=\"og:description\" content=\"\u00bfBusca un abogado de automovilistas con seguro insuficiente en Georgia? El bufete de abogados Ali Awad Law puede proporcionar consultas de expertos y asistencia legal para su caso.\" \/>\n<meta property=\"og:url\" content=\"https:\/\/ceolawyer.com\/espanol\/abogado-de-lesiones-personales-georgia\/abogado-de-accidentes-de-automovilista-sin-seguro\/\" \/>\n<meta property=\"og:site_name\" content=\"CEO Lawyer\" \/>\n<meta property=\"article:modified_time\" content=\"2026-04-28T15:41:50+00:00\" \/>\n<meta property=\"og:image\" content=\"https:\/\/ceolawyer.com\/espanol\/wp-content\/uploads\/sites\/2\/2025\/12\/georgia-uninsured-motorist-lawyer.webp\" \/>\n\t<meta property=\"og:image:width\" content=\"500\" \/>\n\t<meta property=\"og:image:height\" content=\"333\" \/>\n\t<meta property=\"og:image:type\" content=\"image\/webp\" \/>\n<meta name=\"twitter:card\" content=\"summary_large_image\" \/>\n<meta name=\"twitter:label1\" content=\"Est. reading time\" \/>\n\t<meta name=\"twitter:data1\" content=\"6 minutes\" \/>\n<script type=\"application\/ld+json\" class=\"yoast-schema-graph\">{\"@context\":\"https:\\\/\\\/schema.org\",\"@graph\":[{\"@type\":\"WebPage\",\"@id\":\"https:\\\/\\\/ceolawyer.com\\\/espanol\\\/abogado-de-lesiones-personales-georgia\\\/abogado-de-accidentes-de-automovilista-sin-seguro\\\/\",\"url\":\"https:\\\/\\\/ceolawyer.com\\\/espanol\\\/abogado-de-lesiones-personales-georgia\\\/abogado-de-accidentes-de-automovilista-sin-seguro\\\/\",\"name\":\"Abogado de Automovilistas con Seguro Insuficiente de Georgia | CEO Lawyer\",\"isPartOf\":{\"@id\":\"https:\\\/\\\/ceolawyer.com\\\/espanol\\\/#website\"},\"primaryImageOfPage\":{\"@id\":\"https:\\\/\\\/ceolawyer.com\\\/espanol\\\/abogado-de-lesiones-personales-georgia\\\/abogado-de-accidentes-de-automovilista-sin-seguro\\\/#primaryimage\"},\"image\":{\"@id\":\"https:\\\/\\\/ceolawyer.com\\\/espanol\\\/abogado-de-lesiones-personales-georgia\\\/abogado-de-accidentes-de-automovilista-sin-seguro\\\/#primaryimage\"},\"thumbnailUrl\":\"https:\\\/\\\/ceolawyer.com\\\/espanol\\\/wp-content\\\/uploads\\\/sites\\\/2\\\/2025\\\/12\\\/georgia-uninsured-motorist-lawyer.webp\",\"datePublished\":\"2022-05-18T16:57:20+00:00\",\"dateModified\":\"2026-04-28T15:41:50+00:00\",\"description\":\"\u00bfBusca un abogado de automovilistas con seguro insuficiente en Georgia? El bufete de abogados Ali Awad Law puede proporcionar consultas de expertos y asistencia legal para su caso.\",\"breadcrumb\":{\"@id\":\"https:\\\/\\\/ceolawyer.com\\\/espanol\\\/abogado-de-lesiones-personales-georgia\\\/abogado-de-accidentes-de-automovilista-sin-seguro\\\/#breadcrumb\"},\"inLanguage\":\"en-US\",\"potentialAction\":[{\"@type\":\"ReadAction\",\"target\":[\"https:\\\/\\\/ceolawyer.com\\\/espanol\\\/abogado-de-lesiones-personales-georgia\\\/abogado-de-accidentes-de-automovilista-sin-seguro\\\/\"]}]},{\"@type\":\"ImageObject\",\"inLanguage\":\"en-US\",\"@id\":\"https:\\\/\\\/ceolawyer.com\\\/espanol\\\/abogado-de-lesiones-personales-georgia\\\/abogado-de-accidentes-de-automovilista-sin-seguro\\\/#primaryimage\",\"url\":\"https:\\\/\\\/ceolawyer.com\\\/espanol\\\/wp-content\\\/uploads\\\/sites\\\/2\\\/2025\\\/12\\\/georgia-uninsured-motorist-lawyer.webp\",\"contentUrl\":\"https:\\\/\\\/ceolawyer.com\\\/espanol\\\/wp-content\\\/uploads\\\/sites\\\/2\\\/2025\\\/12\\\/georgia-uninsured-motorist-lawyer.webp\",\"width\":500,\"height\":333,\"caption\":\"Accidente con conductor sin seguro en Georgia\"},{\"@type\":\"BreadcrumbList\",\"@id\":\"https:\\\/\\\/ceolawyer.com\\\/espanol\\\/abogado-de-lesiones-personales-georgia\\\/abogado-de-accidentes-de-automovilista-sin-seguro\\\/#breadcrumb\",\"itemListElement\":[{\"@type\":\"ListItem\",\"position\":1,\"name\":\"Home\",\"item\":\"https:\\\/\\\/ceolawyer.com\\\/espanol\\\/\"},{\"@type\":\"ListItem\",\"position\":2,\"name\":\"Abogado de Lesiones Personales de Georgia\",\"item\":\"https:\\\/\\\/ceolawyer.com\\\/espanol\\\/abogado-de-lesiones-personales-georgia\\\/\"},{\"@type\":\"ListItem\",\"position\":3,\"name\":\"Abogado de Automovilistas con Seguro Insuficiente de Georgia\"}]},{\"@type\":\"WebSite\",\"@id\":\"https:\\\/\\\/ceolawyer.com\\\/espanol\\\/#website\",\"url\":\"https:\\\/\\\/ceolawyer.com\\\/espanol\\\/\",\"name\":\"CEO Lawyer\",\"description\":\"Personal Injury Attorney\",\"publisher\":{\"@id\":\"https:\\\/\\\/ceolawyer.com\\\/espanol\\\/#organization\"},\"potentialAction\":[{\"@type\":\"SearchAction\",\"target\":{\"@type\":\"EntryPoint\",\"urlTemplate\":\"https:\\\/\\\/ceolawyer.com\\\/espanol\\\/?s={search_term_string}\"},\"query-input\":{\"@type\":\"PropertyValueSpecification\",\"valueRequired\":true,\"valueName\":\"search_term_string\"}}],\"inLanguage\":\"en-US\"},{\"@type\":\"Organization\",\"@id\":\"https:\\\/\\\/ceolawyer.com\\\/espanol\\\/#organization\",\"name\":\"CEO Lawyer\",\"url\":\"https:\\\/\\\/ceolawyer.com\\\/espanol\\\/\",\"logo\":{\"@type\":\"ImageObject\",\"inLanguage\":\"en-US\",\"@id\":\"https:\\\/\\\/ceolawyer.com\\\/espanol\\\/#\\\/schema\\\/logo\\\/image\\\/\",\"url\":\"https:\\\/\\\/ceolawyer.com\\\/espanol\\\/wp-content\\\/uploads\\\/sites\\\/2\\\/2022\\\/05\\\/CEO_Logo.png\",\"contentUrl\":\"https:\\\/\\\/ceolawyer.com\\\/espanol\\\/wp-content\\\/uploads\\\/sites\\\/2\\\/2022\\\/05\\\/CEO_Logo.png\",\"width\":200,\"height\":108,\"caption\":\"CEO Lawyer\"},\"image\":{\"@id\":\"https:\\\/\\\/ceolawyer.com\\\/espanol\\\/#\\\/schema\\\/logo\\\/image\\\/\"}}]}<\/script>\n<!-- \/ Yoast SEO plugin. -->","yoast_head_json":{"title":"Abogado de Automovilistas con Seguro Insuficiente de Georgia | CEO Lawyer","description":"\u00bfBusca un abogado de automovilistas con seguro insuficiente en Georgia? El bufete de abogados Ali Awad Law puede proporcionar consultas de expertos y asistencia legal para su caso.","robots":{"index":"index","follow":"follow","max-snippet":"max-snippet:-1","max-image-preview":"max-image-preview:large","max-video-preview":"max-video-preview:-1"},"canonical":"https:\/\/ceolawyer.com\/espanol\/abogado-de-lesiones-personales-georgia\/abogado-de-accidentes-de-automovilista-sin-seguro\/","og_locale":"en_US","og_type":"article","og_title":"Abogado de Automovilistas con Seguro Insuficiente de Georgia | CEO Lawyer","og_description":"\u00bfBusca un abogado de automovilistas con seguro insuficiente en Georgia? El bufete de abogados Ali Awad Law puede proporcionar consultas de expertos y asistencia legal para su caso.","og_url":"https:\/\/ceolawyer.com\/espanol\/abogado-de-lesiones-personales-georgia\/abogado-de-accidentes-de-automovilista-sin-seguro\/","og_site_name":"CEO Lawyer","article_modified_time":"2026-04-28T15:41:50+00:00","og_image":[{"width":500,"height":333,"url":"https:\/\/ceolawyer.com\/espanol\/wp-content\/uploads\/sites\/2\/2025\/12\/georgia-uninsured-motorist-lawyer.webp","type":"image\/webp"}],"twitter_card":"summary_large_image","twitter_misc":{"Est. reading time":"6 minutes"},"schema":{"@context":"https:\/\/schema.org","@graph":[{"@type":"WebPage","@id":"https:\/\/ceolawyer.com\/espanol\/abogado-de-lesiones-personales-georgia\/abogado-de-accidentes-de-automovilista-sin-seguro\/","url":"https:\/\/ceolawyer.com\/espanol\/abogado-de-lesiones-personales-georgia\/abogado-de-accidentes-de-automovilista-sin-seguro\/","name":"Abogado de Automovilistas con Seguro Insuficiente de Georgia | CEO Lawyer","isPartOf":{"@id":"https:\/\/ceolawyer.com\/espanol\/#website"},"primaryImageOfPage":{"@id":"https:\/\/ceolawyer.com\/espanol\/abogado-de-lesiones-personales-georgia\/abogado-de-accidentes-de-automovilista-sin-seguro\/#primaryimage"},"image":{"@id":"https:\/\/ceolawyer.com\/espanol\/abogado-de-lesiones-personales-georgia\/abogado-de-accidentes-de-automovilista-sin-seguro\/#primaryimage"},"thumbnailUrl":"https:\/\/ceolawyer.com\/espanol\/wp-content\/uploads\/sites\/2\/2025\/12\/georgia-uninsured-motorist-lawyer.webp","datePublished":"2022-05-18T16:57:20+00:00","dateModified":"2026-04-28T15:41:50+00:00","description":"\u00bfBusca un abogado de automovilistas con seguro insuficiente en Georgia? El bufete de abogados Ali Awad Law puede proporcionar consultas de expertos y asistencia legal para su caso.","breadcrumb":{"@id":"https:\/\/ceolawyer.com\/espanol\/abogado-de-lesiones-personales-georgia\/abogado-de-accidentes-de-automovilista-sin-seguro\/#breadcrumb"},"inLanguage":"en-US","potentialAction":[{"@type":"ReadAction","target":["https:\/\/ceolawyer.com\/espanol\/abogado-de-lesiones-personales-georgia\/abogado-de-accidentes-de-automovilista-sin-seguro\/"]}]},{"@type":"ImageObject","inLanguage":"en-US","@id":"https:\/\/ceolawyer.com\/espanol\/abogado-de-lesiones-personales-georgia\/abogado-de-accidentes-de-automovilista-sin-seguro\/#primaryimage","url":"https:\/\/ceolawyer.com\/espanol\/wp-content\/uploads\/sites\/2\/2025\/12\/georgia-uninsured-motorist-lawyer.webp","contentUrl":"https:\/\/ceolawyer.com\/espanol\/wp-content\/uploads\/sites\/2\/2025\/12\/georgia-uninsured-motorist-lawyer.webp","width":500,"height":333,"caption":"Accidente con conductor sin seguro en Georgia"},{"@type":"BreadcrumbList","@id":"https:\/\/ceolawyer.com\/espanol\/abogado-de-lesiones-personales-georgia\/abogado-de-accidentes-de-automovilista-sin-seguro\/#breadcrumb","itemListElement":[{"@type":"ListItem","position":1,"name":"Home","item":"https:\/\/ceolawyer.com\/espanol\/"},{"@type":"ListItem","position":2,"name":"Abogado de Lesiones Personales de Georgia","item":"https:\/\/ceolawyer.com\/espanol\/abogado-de-lesiones-personales-georgia\/"},{"@type":"ListItem","position":3,"name":"Abogado de Automovilistas con Seguro Insuficiente de Georgia"}]},{"@type":"WebSite","@id":"https:\/\/ceolawyer.com\/espanol\/#website","url":"https:\/\/ceolawyer.com\/espanol\/","name":"CEO Lawyer","description":"Personal Injury Attorney","publisher":{"@id":"https:\/\/ceolawyer.com\/espanol\/#organization"},"potentialAction":[{"@type":"SearchAction","target":{"@type":"EntryPoint","urlTemplate":"https:\/\/ceolawyer.com\/espanol\/?s={search_term_string}"},"query-input":{"@type":"PropertyValueSpecification","valueRequired":true,"valueName":"search_term_string"}}],"inLanguage":"en-US"},{"@type":"Organization","@id":"https:\/\/ceolawyer.com\/espanol\/#organization","name":"CEO Lawyer","url":"https:\/\/ceolawyer.com\/espanol\/","logo":{"@type":"ImageObject","inLanguage":"en-US","@id":"https:\/\/ceolawyer.com\/espanol\/#\/schema\/logo\/image\/","url":"https:\/\/ceolawyer.com\/espanol\/wp-content\/uploads\/sites\/2\/2022\/05\/CEO_Logo.png","contentUrl":"https:\/\/ceolawyer.com\/espanol\/wp-content\/uploads\/sites\/2\/2022\/05\/CEO_Logo.png","width":200,"height":108,"caption":"CEO Lawyer"},"image":{"@id":"https:\/\/ceolawyer.com\/espanol\/#\/schema\/logo\/image\/"}}]}},"_links":{"self":[{"href":"https:\/\/ceolawyer.com\/espanol\/wp-json\/wp\/v2\/pages\/10979","targetHints":{"allow":["GET"]}}],"collection":[{"href":"https:\/\/ceolawyer.com\/espanol\/wp-json\/wp\/v2\/pages"}],"about":[{"href":"https:\/\/ceolawyer.com\/espanol\/wp-json\/wp\/v2\/types\/page"}],"author":[{"embeddable":true,"href":"https:\/\/ceolawyer.com\/espanol\/wp-json\/wp\/v2\/users\/22"}],"replies":[{"embeddable":true,"href":"https:\/\/ceolawyer.com\/espanol\/wp-json\/wp\/v2\/comments?post=10979"}],"version-history":[{"count":0,"href":"https:\/\/ceolawyer.com\/espanol\/wp-json\/wp\/v2\/pages\/10979\/revisions"}],"up":[{"embeddable":true,"href":"https:\/\/ceolawyer.com\/espanol\/wp-json\/wp\/v2\/pages\/10962"}],"wp:featuredmedia":[{"embeddable":true,"href":"https:\/\/ceolawyer.com\/espanol\/wp-json\/wp\/v2\/media\/12663"}],"wp:attachment":[{"href":"https:\/\/ceolawyer.com\/espanol\/wp-json\/wp\/v2\/media?parent=10979"}],"curies":[{"name":"wp","href":"https:\/\/api.w.org\/{rel}","templated":true}]}}