{"id":10992,"date":"2022-05-18T18:38:07","date_gmt":"2022-05-18T18:38:07","guid":{"rendered":"https:\/\/ceolawyer.com\/espanol\/?page_id=10992"},"modified":"2025-12-16T14:19:35","modified_gmt":"2025-12-16T14:19:35","slug":"abogado-de-accidentes-de-bicicleta","status":"publish","type":"page","link":"https:\/\/ceolawyer.com\/espanol\/abogado-de-lesiones-personales-georgia\/abogado-de-accidentes-de-bicicleta\/","title":{"rendered":"Abogado de Accidentes de Bicicleta de Georgia"},"content":{"rendered":"<p><img decoding=\"async\" class=\"alignright size-full wp-image-12665\" src=\"https:\/\/ceolawyer.com\/espanol\/wp-content\/uploads\/sites\/2\/2025\/12\/georgia-bicycle-accident-lawyer.webp\" alt=\"Accidente de bicicleta en Georgia\" width=\"500\" height=\"333\" srcset=\"https:\/\/ceolawyer.com\/espanol\/wp-content\/uploads\/sites\/2\/2025\/12\/georgia-bicycle-accident-lawyer.webp 500w, https:\/\/ceolawyer.com\/espanol\/wp-content\/uploads\/sites\/2\/2025\/12\/georgia-bicycle-accident-lawyer-300x200.webp 300w\" sizes=\"(max-width: 500px) 100vw, 500px\" \/>Cuando te subes a una bicicleta, no piensas en lo que puede salir mal. Piensas en evitar el tr\u00e1fico, en llegar a tiempo al trabajo, hasta lo bien que est\u00e1s cuidando de tu cuerpo con un poco de ejercicio. Pero un solo segundo puede cambiarlo todo: un auto que no respeta la distancia, un conductor distra\u00eddo, una calle sin mantenimiento\u2026 y, de pronto, est\u00e1s en el suelo, confundido, lastimado y sin saber qu\u00e9 hacer despu\u00e9s. En momentos as\u00ed, contar con un abogado que sepa manejar casos de accidentes de bicicleta en Georgia puede cambiar el panorama y en <a href=\"https:\/\/ceolawyer.com\/espanol\/\">CEO Lawyer, Firma de Abogados para Accidentes de Lesiones Personales<\/a>, sabemos que detr\u00e1s de cada ciclista lesionado hay una historia de esfuerzo y resiliencia. Estamos aqu\u00ed para ayudarte a escribir el siguiente cap\u00edtulo \u2014 uno donde t\u00fa vuelves a tener el control.<\/p>\n<p>Sabemos que te preocupan un sin fin de temas: \u00bfQui\u00e9n se har\u00e1 cargo de solventar tus gastos m\u00e9dicos? \u00bfQu\u00e9 va a pasar con tu trabajo si tienes que faltar por un tiempo prolongado? Sin mencionar la incertidumbre sobre tu recuperaci\u00f3n. Para eso estamos aqu\u00ed, para guiarte paso a paso, ayudarte a tomar decisiones informadas y armar una estrategia con la que puedas recibir la indemnizaci\u00f3n que te corresponde. Puedes contactarnos en l\u00ednea o llamando al <a href=\"tel:+14708229411\">(470) 822-9411<\/a> para agendar una consulta gratuita, donde revisaremos los detalles de tu caso y donde un miembro de nuestro equipo podr\u00e1 orientarte sobre los pasos a seguir si decides iniciar el proceso para solicitar una compensaci\u00f3n por todas tus p\u00e9rdidas.<\/p>\n<h2>\u00bfPor qu\u00e9 vas a necesitar a un abogado de accidentes de bicicleta que brinda su servicios en Georgia?<\/h2>\n<p>Despu\u00e9s de sufrir un accidente mientras ibas en bicicleta, puede ser dif\u00edcil saber a qui\u00e9n recurrir. Muchas personas intentan presentar un reclamo por su cuenta con la aseguradora del conductor responsable, pero estas compa\u00f1\u00edas est\u00e1n m\u00e1s interesadas en proteger sus ganancias que en asegurarse de que recibas el dinero que necesitas para recuperarte. No querr\u00e1n pagar grandes indemnizaciones ni reconocer su responsabilidad; su prioridad es minimizar sus costos y reducir tus posibilidades de reclamar todo lo que has perdido.<\/p>\n<p>Por eso, contar con un abogado de lesiones personales es fundamental. Con el tiempo, se pueden perder pruebas clave y los testimonios pueden cambiar, lo que debilita tu posici\u00f3n frente a una compa\u00f1\u00eda de seguro o un juez. Hay situaciones donde definitivamente necesitas representaci\u00f3n legal:<\/p>\n<ul>\n<li>Si sufriste lesiones graves o permanentes.<\/li>\n<li>Si la cobertura del seguro del otro conductor no es suficiente.<\/li>\n<li>Si la compa\u00f1\u00eda de seguros involucr\u00f3 a sus propios abogados.<\/li>\n<li>Si hay complicaciones m\u00e9dicas o t\u00e9cnicas en tu caso.<\/li>\n<li>Si uno de tus seres queridos falleci\u00f3.<\/li>\n<li>Si te acusan de haber tenido la culpa del accidente.<\/li>\n<\/ul>\n<p>Incluso si tu situaci\u00f3n no entra en uno de estos escenarios, el equipo de CEO Lawyer, FIrma de Abogados para Accidentes de Lesiones Personales podr\u00e1 evaluar tu caso y decirte cu\u00e1l es la mejor forma de proceder seg\u00fan tus circunstancias.<\/p>\n<h3>Nuestra firma puede ayudarte despu\u00e9s de un accidente de bicicleta<\/h3>\n<p>Contratar a un abogado despu\u00e9s de un accidente tiene muchos beneficios. Por ejemplo, si contratas nuestros servicios dentro de las 24 horas posteriores al accidente, podemos enviar profesionales para analizar de manera independiente la escena del choque. La informaci\u00f3n recopilada puede ser clave para demostrar que los otros involucrados fueron negligentes. Si tus lesiones son graves y tienes dificultades para acceder a servicios m\u00e9dicos, tambi\u00e9n podemos ayudarte a conseguir atenci\u00f3n r\u00e1pida y adecuada. Queremos que recibas el tratamiento necesario para tu recuperaci\u00f3n f\u00edsica, sin que tengas que preocuparte por la burocracia o los costos inmediatos.<\/p>\n<p><strong>Aviso importante:<\/strong> La informaci\u00f3n en este art\u00edculo es meramente informativa y no debe tomarse como un consejo legal. No existe una garant\u00eda de \u00e9xito para casos futuros. Ponte en <a href=\"https:\/\/ceolawyer.com\/espanol\/contacto-con-nosotros\/\">contacto con nosotros<\/a> para discutir los particulares de tu situaci\u00f3n.<\/p>\n<h2>Accidentes de bicicleta en Georgia<\/h2>\n<p>En Georgia, los ciclistas y peatones son considerados como \u201cusuarios no motorizados\u201d, lo que significa que la ley reconoce su vulnerabilidad en la v\u00eda p\u00fablica. Los accidentes de bicicleta son m\u00e1s comunes en ciudades grandes como Atlanta, Savannah y Augusta. Seg\u00fan la <a href=\"https:\/\/www.gahighwaysafety.org\/wp-content\/uploads\/2022\/02\/2019-pedestrians-and-bicyclists-non-motorists-georgia-traffic-safety-facts.pdf\">Oficina del Gobernador para la Seguridad en las Carreteras de Georgia<\/a>, en 2019 se registraron 21 accidentes de bicicleta con resultados fatales. Y, aunque este tipo de accidentes representan solo el 0.4% de todos los accidentes de tr\u00e1nsito, constituyeron el 17% de todas las muertes en carretera. Adem\u00e1s, los costos m\u00e9dicos por hospitalizaciones y atenciones de emergencia relacionadas con accidentes entre autos y ciclistas superaron los 17 millones de d\u00f3lares en el mismo a\u00f1o. Si est\u00e1s viendo c\u00f3mo tus facturas se van acumulando, es importante que conozcas tus derechos y act\u00faes lo antes posible.<\/p>\n<h2>Tipos de accidentes y lesiones en bicicleta m\u00e1s comunes<\/h2>\n<p>No todos los accidentes de bicicleta son iguales, y saber c\u00f3mo ocurri\u00f3 el tuyo es esencial para determinar qui\u00e9n es el responsable. Casi el 30% de los accidentes suceden cuando un ciclista cruza la trayectoria de un veh\u00edculo, de acuerdo con el <a href=\"https:\/\/www.iihs.org\/api\/datastoredocument\/status-report\/pdf\/50\/3\">Instituto de Aseguradoras para la Seguridad en Carreteras<\/a>. Esto puede ocurrir tanto dentro como fuera de un cruce peatonal \u2014 incluso si un ciclista est\u00e1 siguiendo todas las reglas de tr\u00e1nsito, un momento de descuido por parte de otro conductor puede traer consecuencias graves. Los tipos de accidentes m\u00e1s comunes incluyen:<\/p>\n<ul>\n<li><strong>Giros a la izquierda: <\/strong>Cuando un veh\u00edculo gira sin ceder el paso al ciclista y provoca un choque directo. Estos accidentes suelen ser especialmente peligrosos, porque los autos suelen moverse a mayor velocidad.<\/li>\n<li><strong>Giro a la derecha: <\/strong>Cuando el auto gira en la misma direcci\u00f3n que un ciclista y lo impacta en el carril adyacente.<\/li>\n<\/ul>\n<p>Estos accidentes tambi\u00e9n pueden ser causados por:<\/p>\n<ul>\n<li>Conductores distra\u00eddos.<\/li>\n<li>Ir a exceso de velocidad.<\/li>\n<li>Hacer un cambio de carril irresponsable.<\/li>\n<li>Conducir cansado o bajo los efectos del alcohol.<\/li>\n<li>Ignorar las se\u00f1ales de tr\u00e1nsito.<\/li>\n<\/ul>\n<p>Entre las lesiones m\u00e1s comunes est\u00e1n: contusiones, laceraciones, fracturas, traumatismos craneales e internos. Para asegurar tu recuperaci\u00f3n, es importante que acudas a un m\u00e9dico de inmediato. Un profesional de la salud documentar\u00e1 tus lesiones y dise\u00f1ar\u00e1 un plan de tratamiento que tambi\u00e9n puede servir como respaldo legal para tu caso.<\/p>\n<h2>Presentar una demanda tras un accidente de bicicleta<\/h2>\n<p>Lleg\u00f3 el momento: es hora de presentar tu reclamo por lesiones personales. Si decides avanzar, normalmente tu demanda ser\u00e1 contra la aseguradora del conductor responsable y, para que tu caso tenga \u00e9xito, hay que demostrar la negligencia del conductor \u2014 lo que implica probar cuatro elementos clave:<\/p>\n<ol>\n<li><strong>Deber de cuidado. <\/strong>Todos los conductores deben compartir la carretera responsablemente.<\/li>\n<li><strong>Incumplimiento del deber. <\/strong>El conductor tom\u00f3 la decisi\u00f3n de actuar irresponsablemente mientras conduc\u00eda.<\/li>\n<li><strong>Causalidad. <\/strong>Este acto de irresponsabilidad caus\u00f3 tu accidente.<\/li>\n<li><strong>Da\u00f1os. <\/strong>Sufriste p\u00e9rdidas (f\u00edsicas, emocionales, financieras) como resultado del accidente.<\/li>\n<\/ol>\n<h2>Asegura tu recuperaci\u00f3n con la ayuda de un abogado que brinda servicio en Georgia<\/h2>\n<p>Evaluar correctamente tus p\u00e9rdidas es fundamental: en CEO Lawyer, Firma de Abogados de Lesiones Personales analizamos tanto los da\u00f1os econ\u00f3micos (facturas m\u00e9dicas, los salarios que perdiste por no poder ir a trabajar) como los da\u00f1os no econ\u00f3micos (ansiedad, impacto en tu calidad de vida). Algunos ejemplos de compensaci\u00f3n incluyen:<\/p>\n<ul>\n<li>Gastos de hospital y ambulancia.<\/li>\n<li>Tratamientos m\u00e9dicos y rehabilitaci\u00f3n.<\/li>\n<li>Medicamentos y equipo m\u00e9dico que debas instalar en tu hogar.<\/li>\n<li>Salarios que dejaste de percibir.<\/li>\n<li>Da\u00f1os a tu bicicleta u otros bienes.<\/li>\n<li>Dolor y sufrimiento.<\/li>\n<li>Cicatrices o discapacidad permanentes.<\/li>\n<li>No poder disfrutar de la vida como antes.<\/li>\n<\/ul>\n<p>Cada caso es \u00fanico, y nuestro trabajo es asegurarnos de que la compensaci\u00f3n refleje la magnitud real de lo que viviste.<\/p>\n<h2>Ponte en contacto con nuestra firma de abogados para accidentes de bicicleta en Georgia<\/h2>\n<p>Todos los conductores tienen la responsabilidad de actuar siguiendo las leyes de tr\u00e1nsito para proteger la seguridad de todos los que comparten la v\u00eda, incluidos los ciclistas. En CEO Lawyer, Firma de Abogados para Accidentes de Lesiones Personales, estamos aqu\u00ed para ayudarte a reconstruir tu vida con dignidad, claridad y confianza. Si est\u00e1s listo para dar el siguiente paso, ll\u00e1manos al <a href=\"tel:+14708229411\">(470) 822-9411<\/a> o llena nuestro formulario. La consulta es gratuita \u2014 tu recuperaci\u00f3n empieza aqu\u00ed: con un equipo que te escuchar\u00e1, entender\u00e1 tu situaci\u00f3n y luchar\u00e1 contigo hasta el final.<\/p>\n","protected":false},"excerpt":{"rendered":"<p>Cuando te subes a una bicicleta, no piensas en lo que puede salir mal. Piensas en evitar el tr\u00e1fico, en llegar a tiempo al trabajo, hasta lo bien que est\u00e1s cuidando de tu cuerpo con un poco de ejercicio. Pero un solo segundo puede cambiarlo todo: un auto que no respeta la distancia, un conductor [&hellip;]<\/p>\n","protected":false},"author":22,"featured_media":12665,"parent":10962,"menu_order":0,"comment_status":"closed","ping_status":"closed","template":"","meta":{"_acf_changed":false,"footnotes":""},"class_list":["post-10992","page","type-page","status-publish","has-post-thumbnail","hentry"],"acf":[],"yoast_head":"<!-- This site is optimized with the Yoast SEO plugin v27.2 - https:\/\/yoast.com\/product\/yoast-seo-wordpress\/ -->\n<title>Abogado de Accidentes de Bicicleta de Georgia | CEO Lawyer<\/title>\n<meta name=\"description\" content=\"\u00bfBusca un abogado de accidentes de bicicleta en Georgia? El bufete de abogados Ali Awad Law puede ayudarlo con sus casos de accidentes de bicicleta. Ll\u00e1menos al (470) 323-8779.\" \/>\n<meta name=\"robots\" content=\"index, follow, max-snippet:-1, max-image-preview:large, max-video-preview:-1\" \/>\n<link rel=\"canonical\" href=\"https:\/\/ceolawyer.com\/espanol\/abogado-de-lesiones-personales-georgia\/abogado-de-accidentes-de-bicicleta\/\" \/>\n<meta property=\"og:locale\" content=\"en_US\" \/>\n<meta property=\"og:type\" content=\"article\" \/>\n<meta property=\"og:title\" content=\"Abogado de Accidentes de Bicicleta de Georgia | CEO Lawyer\" \/>\n<meta property=\"og:description\" content=\"\u00bfBusca un abogado de accidentes de bicicleta en Georgia? El bufete de abogados Ali Awad Law puede ayudarlo con sus casos de accidentes de bicicleta. Ll\u00e1menos al (470) 323-8779.\" \/>\n<meta property=\"og:url\" content=\"https:\/\/ceolawyer.com\/espanol\/abogado-de-lesiones-personales-georgia\/abogado-de-accidentes-de-bicicleta\/\" \/>\n<meta property=\"og:site_name\" content=\"CEO Lawyer\" \/>\n<meta property=\"article:modified_time\" content=\"2025-12-16T14:19:35+00:00\" \/>\n<meta property=\"og:image\" content=\"https:\/\/ceolawyer.com\/espanol\/wp-content\/uploads\/sites\/2\/2025\/12\/georgia-bicycle-accident-lawyer.webp\" \/>\n\t<meta property=\"og:image:width\" content=\"500\" \/>\n\t<meta property=\"og:image:height\" content=\"333\" \/>\n\t<meta property=\"og:image:type\" content=\"image\/webp\" \/>\n<meta name=\"twitter:card\" content=\"summary_large_image\" \/>\n<meta name=\"twitter:label1\" content=\"Est. reading time\" \/>\n\t<meta name=\"twitter:data1\" content=\"7 minutes\" \/>\n<script type=\"application\/ld+json\" class=\"yoast-schema-graph\">{\"@context\":\"https:\/\/schema.org\",\"@graph\":[{\"@type\":\"WebPage\",\"@id\":\"https:\/\/ceolawyer.com\/espanol\/abogado-de-lesiones-personales-georgia\/abogado-de-accidentes-de-bicicleta\/\",\"url\":\"https:\/\/ceolawyer.com\/espanol\/abogado-de-lesiones-personales-georgia\/abogado-de-accidentes-de-bicicleta\/\",\"name\":\"Abogado de Accidentes de Bicicleta de Georgia | CEO Lawyer\",\"isPartOf\":{\"@id\":\"https:\/\/ceolawyer.com\/espanol\/#website\"},\"primaryImageOfPage\":{\"@id\":\"https:\/\/ceolawyer.com\/espanol\/abogado-de-lesiones-personales-georgia\/abogado-de-accidentes-de-bicicleta\/#primaryimage\"},\"image\":{\"@id\":\"https:\/\/ceolawyer.com\/espanol\/abogado-de-lesiones-personales-georgia\/abogado-de-accidentes-de-bicicleta\/#primaryimage\"},\"thumbnailUrl\":\"https:\/\/ceolawyer.com\/espanol\/wp-content\/uploads\/sites\/2\/2025\/12\/georgia-bicycle-accident-lawyer.webp\",\"datePublished\":\"2022-05-18T18:38:07+00:00\",\"dateModified\":\"2025-12-16T14:19:35+00:00\",\"description\":\"\u00bfBusca un abogado de accidentes de bicicleta en Georgia? El bufete de abogados Ali Awad Law puede ayudarlo con sus casos de accidentes de bicicleta. Ll\u00e1menos al (470) 323-8779.\",\"breadcrumb\":{\"@id\":\"https:\/\/ceolawyer.com\/espanol\/abogado-de-lesiones-personales-georgia\/abogado-de-accidentes-de-bicicleta\/#breadcrumb\"},\"inLanguage\":\"en-US\",\"potentialAction\":[{\"@type\":\"ReadAction\",\"target\":[\"https:\/\/ceolawyer.com\/espanol\/abogado-de-lesiones-personales-georgia\/abogado-de-accidentes-de-bicicleta\/\"]}]},{\"@type\":\"ImageObject\",\"inLanguage\":\"en-US\",\"@id\":\"https:\/\/ceolawyer.com\/espanol\/abogado-de-lesiones-personales-georgia\/abogado-de-accidentes-de-bicicleta\/#primaryimage\",\"url\":\"https:\/\/ceolawyer.com\/espanol\/wp-content\/uploads\/sites\/2\/2025\/12\/georgia-bicycle-accident-lawyer.webp\",\"contentUrl\":\"https:\/\/ceolawyer.com\/espanol\/wp-content\/uploads\/sites\/2\/2025\/12\/georgia-bicycle-accident-lawyer.webp\",\"width\":500,\"height\":333,\"caption\":\"Accidente de bicicleta en Georgia\"},{\"@type\":\"BreadcrumbList\",\"@id\":\"https:\/\/ceolawyer.com\/espanol\/abogado-de-lesiones-personales-georgia\/abogado-de-accidentes-de-bicicleta\/#breadcrumb\",\"itemListElement\":[{\"@type\":\"ListItem\",\"position\":1,\"name\":\"Home\",\"item\":\"https:\/\/ceolawyer.com\/espanol\/\"},{\"@type\":\"ListItem\",\"position\":2,\"name\":\"Abogado de Lesiones Personales de Georgia\",\"item\":\"https:\/\/ceolawyer.com\/espanol\/abogado-de-lesiones-personales-georgia\/\"},{\"@type\":\"ListItem\",\"position\":3,\"name\":\"Abogado de Accidentes de Bicicleta de Georgia\"}]},{\"@type\":\"WebSite\",\"@id\":\"https:\/\/ceolawyer.com\/espanol\/#website\",\"url\":\"https:\/\/ceolawyer.com\/espanol\/\",\"name\":\"CEO Lawyer\",\"description\":\"Personal Injury Attorney\",\"publisher\":{\"@id\":\"https:\/\/ceolawyer.com\/espanol\/#organization\"},\"potentialAction\":[{\"@type\":\"SearchAction\",\"target\":{\"@type\":\"EntryPoint\",\"urlTemplate\":\"https:\/\/ceolawyer.com\/espanol\/?s={search_term_string}\"},\"query-input\":{\"@type\":\"PropertyValueSpecification\",\"valueRequired\":true,\"valueName\":\"search_term_string\"}}],\"inLanguage\":\"en-US\"},{\"@type\":\"Organization\",\"@id\":\"https:\/\/ceolawyer.com\/espanol\/#organization\",\"name\":\"CEO Lawyer\",\"url\":\"https:\/\/ceolawyer.com\/espanol\/\",\"logo\":{\"@type\":\"ImageObject\",\"inLanguage\":\"en-US\",\"@id\":\"https:\/\/ceolawyer.com\/espanol\/#\/schema\/logo\/image\/\",\"url\":\"https:\/\/ceolawyer.com\/espanol\/wp-content\/uploads\/sites\/2\/2022\/05\/CEO_Logo.png\",\"contentUrl\":\"https:\/\/ceolawyer.com\/espanol\/wp-content\/uploads\/sites\/2\/2022\/05\/CEO_Logo.png\",\"width\":200,\"height\":108,\"caption\":\"CEO Lawyer\"},\"image\":{\"@id\":\"https:\/\/ceolawyer.com\/espanol\/#\/schema\/logo\/image\/\"}}]}<\/script>\n<!-- \/ Yoast SEO plugin. -->","yoast_head_json":{"title":"Abogado de Accidentes de Bicicleta de Georgia | CEO Lawyer","description":"\u00bfBusca un abogado de accidentes de bicicleta en Georgia? El bufete de abogados Ali Awad Law puede ayudarlo con sus casos de accidentes de bicicleta. Ll\u00e1menos al (470) 323-8779.","robots":{"index":"index","follow":"follow","max-snippet":"max-snippet:-1","max-image-preview":"max-image-preview:large","max-video-preview":"max-video-preview:-1"},"canonical":"https:\/\/ceolawyer.com\/espanol\/abogado-de-lesiones-personales-georgia\/abogado-de-accidentes-de-bicicleta\/","og_locale":"en_US","og_type":"article","og_title":"Abogado de Accidentes de Bicicleta de Georgia | CEO Lawyer","og_description":"\u00bfBusca un abogado de accidentes de bicicleta en Georgia? El bufete de abogados Ali Awad Law puede ayudarlo con sus casos de accidentes de bicicleta. Ll\u00e1menos al (470) 323-8779.","og_url":"https:\/\/ceolawyer.com\/espanol\/abogado-de-lesiones-personales-georgia\/abogado-de-accidentes-de-bicicleta\/","og_site_name":"CEO Lawyer","article_modified_time":"2025-12-16T14:19:35+00:00","og_image":[{"width":500,"height":333,"url":"https:\/\/ceolawyer.com\/espanol\/wp-content\/uploads\/sites\/2\/2025\/12\/georgia-bicycle-accident-lawyer.webp","type":"image\/webp"}],"twitter_card":"summary_large_image","twitter_misc":{"Est. reading time":"7 minutes"},"schema":{"@context":"https:\/\/schema.org","@graph":[{"@type":"WebPage","@id":"https:\/\/ceolawyer.com\/espanol\/abogado-de-lesiones-personales-georgia\/abogado-de-accidentes-de-bicicleta\/","url":"https:\/\/ceolawyer.com\/espanol\/abogado-de-lesiones-personales-georgia\/abogado-de-accidentes-de-bicicleta\/","name":"Abogado de Accidentes de Bicicleta de Georgia | CEO Lawyer","isPartOf":{"@id":"https:\/\/ceolawyer.com\/espanol\/#website"},"primaryImageOfPage":{"@id":"https:\/\/ceolawyer.com\/espanol\/abogado-de-lesiones-personales-georgia\/abogado-de-accidentes-de-bicicleta\/#primaryimage"},"image":{"@id":"https:\/\/ceolawyer.com\/espanol\/abogado-de-lesiones-personales-georgia\/abogado-de-accidentes-de-bicicleta\/#primaryimage"},"thumbnailUrl":"https:\/\/ceolawyer.com\/espanol\/wp-content\/uploads\/sites\/2\/2025\/12\/georgia-bicycle-accident-lawyer.webp","datePublished":"2022-05-18T18:38:07+00:00","dateModified":"2025-12-16T14:19:35+00:00","description":"\u00bfBusca un abogado de accidentes de bicicleta en Georgia? El bufete de abogados Ali Awad Law puede ayudarlo con sus casos de accidentes de bicicleta. Ll\u00e1menos al (470) 323-8779.","breadcrumb":{"@id":"https:\/\/ceolawyer.com\/espanol\/abogado-de-lesiones-personales-georgia\/abogado-de-accidentes-de-bicicleta\/#breadcrumb"},"inLanguage":"en-US","potentialAction":[{"@type":"ReadAction","target":["https:\/\/ceolawyer.com\/espanol\/abogado-de-lesiones-personales-georgia\/abogado-de-accidentes-de-bicicleta\/"]}]},{"@type":"ImageObject","inLanguage":"en-US","@id":"https:\/\/ceolawyer.com\/espanol\/abogado-de-lesiones-personales-georgia\/abogado-de-accidentes-de-bicicleta\/#primaryimage","url":"https:\/\/ceolawyer.com\/espanol\/wp-content\/uploads\/sites\/2\/2025\/12\/georgia-bicycle-accident-lawyer.webp","contentUrl":"https:\/\/ceolawyer.com\/espanol\/wp-content\/uploads\/sites\/2\/2025\/12\/georgia-bicycle-accident-lawyer.webp","width":500,"height":333,"caption":"Accidente de bicicleta en Georgia"},{"@type":"BreadcrumbList","@id":"https:\/\/ceolawyer.com\/espanol\/abogado-de-lesiones-personales-georgia\/abogado-de-accidentes-de-bicicleta\/#breadcrumb","itemListElement":[{"@type":"ListItem","position":1,"name":"Home","item":"https:\/\/ceolawyer.com\/espanol\/"},{"@type":"ListItem","position":2,"name":"Abogado de Lesiones Personales de Georgia","item":"https:\/\/ceolawyer.com\/espanol\/abogado-de-lesiones-personales-georgia\/"},{"@type":"ListItem","position":3,"name":"Abogado de Accidentes de Bicicleta de Georgia"}]},{"@type":"WebSite","@id":"https:\/\/ceolawyer.com\/espanol\/#website","url":"https:\/\/ceolawyer.com\/espanol\/","name":"CEO Lawyer","description":"Personal Injury Attorney","publisher":{"@id":"https:\/\/ceolawyer.com\/espanol\/#organization"},"potentialAction":[{"@type":"SearchAction","target":{"@type":"EntryPoint","urlTemplate":"https:\/\/ceolawyer.com\/espanol\/?s={search_term_string}"},"query-input":{"@type":"PropertyValueSpecification","valueRequired":true,"valueName":"search_term_string"}}],"inLanguage":"en-US"},{"@type":"Organization","@id":"https:\/\/ceolawyer.com\/espanol\/#organization","name":"CEO Lawyer","url":"https:\/\/ceolawyer.com\/espanol\/","logo":{"@type":"ImageObject","inLanguage":"en-US","@id":"https:\/\/ceolawyer.com\/espanol\/#\/schema\/logo\/image\/","url":"https:\/\/ceolawyer.com\/espanol\/wp-content\/uploads\/sites\/2\/2022\/05\/CEO_Logo.png","contentUrl":"https:\/\/ceolawyer.com\/espanol\/wp-content\/uploads\/sites\/2\/2022\/05\/CEO_Logo.png","width":200,"height":108,"caption":"CEO Lawyer"},"image":{"@id":"https:\/\/ceolawyer.com\/espanol\/#\/schema\/logo\/image\/"}}]}},"_links":{"self":[{"href":"https:\/\/ceolawyer.com\/espanol\/wp-json\/wp\/v2\/pages\/10992","targetHints":{"allow":["GET"]}}],"collection":[{"href":"https:\/\/ceolawyer.com\/espanol\/wp-json\/wp\/v2\/pages"}],"about":[{"href":"https:\/\/ceolawyer.com\/espanol\/wp-json\/wp\/v2\/types\/page"}],"author":[{"embeddable":true,"href":"https:\/\/ceolawyer.com\/espanol\/wp-json\/wp\/v2\/users\/22"}],"replies":[{"embeddable":true,"href":"https:\/\/ceolawyer.com\/espanol\/wp-json\/wp\/v2\/comments?post=10992"}],"version-history":[{"count":0,"href":"https:\/\/ceolawyer.com\/espanol\/wp-json\/wp\/v2\/pages\/10992\/revisions"}],"up":[{"embeddable":true,"href":"https:\/\/ceolawyer.com\/espanol\/wp-json\/wp\/v2\/pages\/10962"}],"wp:featuredmedia":[{"embeddable":true,"href":"https:\/\/ceolawyer.com\/espanol\/wp-json\/wp\/v2\/media\/12665"}],"wp:attachment":[{"href":"https:\/\/ceolawyer.com\/espanol\/wp-json\/wp\/v2\/media?parent=10992"}],"curies":[{"name":"wp","href":"https:\/\/api.w.org\/{rel}","templated":true}]}}