{"id":11006,"date":"2022-05-18T18:46:01","date_gmt":"2022-05-18T18:46:01","guid":{"rendered":"https:\/\/ceolawyer.com\/espanol\/?page_id=11006"},"modified":"2025-12-16T14:23:03","modified_gmt":"2025-12-16T14:23:03","slug":"abogado-de-accidentes-de-camiones","status":"publish","type":"page","link":"https:\/\/ceolawyer.com\/espanol\/abogado-de-lesiones-personales-georgia\/abogado-de-accidentes-de-camiones\/","title":{"rendered":"Abogado de Accidentes de Camiones de Georgia"},"content":{"rendered":"<p><img decoding=\"async\" class=\"alignright size-full wp-image-12667\" src=\"https:\/\/ceolawyer.com\/espanol\/wp-content\/uploads\/sites\/2\/2025\/12\/georgia-truck-accident-lawyer.webp\" alt=\"Manejando cami\u00f3n en Georgia\" width=\"500\" height=\"333\" srcset=\"https:\/\/ceolawyer.com\/espanol\/wp-content\/uploads\/sites\/2\/2025\/12\/georgia-truck-accident-lawyer.webp 500w, https:\/\/ceolawyer.com\/espanol\/wp-content\/uploads\/sites\/2\/2025\/12\/georgia-truck-accident-lawyer-300x200.webp 300w\" sizes=\"(max-width: 500px) 100vw, 500px\" \/>Un accidente con un cami\u00f3n no es simplemente un choque m\u00e1s: puede cambiar por completo tu vida en un instante. Lesiones severas, d\u00edas sin poder trabajar por pasarlos en el hospital y la incertidumbre de qu\u00e9 hacer despu\u00e9s. Lo peor es que, cuando un accidente as\u00ed ocurre, los due\u00f1os de camiones comerciales y sus aseguradoras har\u00e1n todo lo posible para que aceptes lo m\u00ednimo. La buena noticia es que no tienes que enfrentarlo solo: en <a href=\"https:\/\/ceolawyer.com\/espanol\/\">CEO Lawyer, Firma de Abogados para Accidentes de Lesiones Personales<\/a>, entendemos que eres una persona primero \u2014 con miedos, p\u00e9rdidas y una historia.<\/p>\n<p>Nuestro equipo se encargar\u00e1 de explicarte el proceso, de proteger tus derechos y crear una estrategia legal eficaz para que obtengas la compensaci\u00f3n que te permita reconstruir tu vida. Ll\u00e1manos al <a href=\"tel:+14708229411\">(470) 822-9411<\/a> o llena nuestro formulario. La revisi\u00f3n de tu caso es gratuita y sin compromiso.<\/p>\n<h2>\u00bfPor qu\u00e9 los accidentes de cami\u00f3n son tan peligrosos?<\/h2>\n<p>Georgia es una de las arterias m\u00e1s importantes del comercio en Estados Unidos. Con autopistas como la I-75. la I-85 y rutas interestatales que conectan con ciudades clave, los camiones de carga transitan diariamente llevando pr\u00e1cticamente de todo: alimentos, muebles, medicamentos, productos esenciales. Y el volumen de tr\u00e1fico pesado en las carreteras convierte a los choques con camiones en escenarios potencialmente devastadores.<\/p>\n<p>Por ejemplo, seg\u00fan un documento de 2021 de la Oficina del Gobernador de Seguridad en Carreteras, el <a href=\"https:\/\/www.gahighwaysafety.org\/wp-content\/uploads\/2023\/11\/2021-Large-Trucks-Georgia-Traffic-Safety-Facts.pdf\">86% de los choques que involucran camiones son de colisiones m\u00faltiples<\/a> (es decir, un cami\u00f3n con m\u00e1s de un veh\u00edculo) y que el 92% de las lesiones graves y el 86% de las muertes en esos accidentes involucraron a personas en otros veh\u00edculos. Eso ilustra lo desproporcionado del da\u00f1o cuando un cami\u00f3n est\u00e1 involucrado en un accidente.<\/p>\n<p><em>Nota: el contenido incluido en el enlace anterior est\u00e1 en ingl\u00e9s, pero es una fuente oficial del estado de Georgia.<\/em><\/p>\n<h2>\u00bfQu\u00e9 pasos debes seguir tras un accidente de cami\u00f3n?<\/h2>\n<p>Las decisiones que tomes despu\u00e9s de un accidente pueden afectar el futuro de tu caso. Pero hay pasos que pueden ayudarte a protegerte y crear una base s\u00f3lida para tu demanda de lesiones personales:<\/p>\n<ol>\n<li>Si puedes, busca un lugar seguro fuera de la carretera donde puedas mover tu auto.<\/li>\n<li>Aseg\u00farate de que todos est\u00e9n bien, llama al 911 y solicita que un agente de la polic\u00eda y servicios de ambulancia (en caso de que haya heridos) lleguen a la escena del accidente.<\/li>\n<li>Espera a que lleguen las autoridades y responde \u00fanicamente a sus preguntas. Jam\u00e1s admitas la culpa ni discutas el accidente m\u00e1s all\u00e1 de los hechos.<\/li>\n<li>Intercambia informaci\u00f3n con los involucrados. Anota la p\u00f3liza del conductor, de su licencia comercial y los datos del cami\u00f3n. Si la placa no es visible, el n\u00famero de serie de la cabina tambi\u00e9n sirve.<\/li>\n<li>Documenta todo. Toma fotos, videos y declaraciones de testigos.<\/li>\n<li>Busca atenci\u00f3n m\u00e9dica lo antes posible (incluso si tus lesiones no parecen ser graves).<\/li>\n<li>Acude a un abogado antes de hablar con tu compa\u00f1\u00eda de seguro. As\u00ed evitar\u00e1s caer en trampas que reduzcan tu compensaci\u00f3n.<\/li>\n<\/ol>\n<h2>Causas comunes de accidentes de cami\u00f3n<\/h2>\n<p>Aunque cada accidente es \u00fanico, existen factores que se repiten:<\/p>\n<ul>\n<li>Frenos defectuosos o en mal estado. Cuando se trata de un veh\u00edculo de gran tama\u00f1o, cualquier falla puede ser peligrosa.<\/li>\n<li>Exceso de velocidad, curvas pronunciadas, el tr\u00e1fico o la presi\u00f3n del conductor por cumplir sus horarios de entrega.<\/li>\n<li>Cuando un conductor no est\u00e1 familiarizado con la ruta que lleva.<\/li>\n<li>Conducir por largos periodos de tiempo sin descansar puede aumentar el riesgo de accidentes.<\/li>\n<li>Errores comunes como un cambio de carril irresponsable, exceso de carga, desobedecer se\u00f1ales de tr\u00e1fico y puntos ciegos.<\/li>\n<\/ul>\n<h2>\u00bfQui\u00e9n puede ser responsable por tu accidente?<\/h2>\n<p>En casos como un accidente de cami\u00f3n, la responsabilidad puede recaer en distintas partes:<\/p>\n<ul>\n<li><strong>La empresa: <\/strong>La mayor\u00eda de los accidentes con camiones implican responsabilidad de quienes contrataron al conductor del cami\u00f3n.<\/li>\n<li><strong>El propio conductor: <\/strong>Incluso los contratistas independientes deben tener seguro comercial.<\/li>\n<li><strong>Compa\u00f1\u00edas de mantenimiento o flotas: <\/strong>Si hubo fallas u omisiones durante el mantenimiento del cami\u00f3n, estos pueden generar responsabilidad legal.<\/li>\n<li><strong>Los fabricantes del cami\u00f3n o partes del equipo: <\/strong>Defectos mec\u00e1nicos o de f\u00e1brica pueden ser la causa directa del accidente.<\/li>\n<li><strong>Otros conductores: <\/strong>Si un tercero provoc\u00f3 un choque que involucra un cami\u00f3n, tambi\u00e9n puede ser responsable.<\/li>\n<\/ul>\n<h2>Compensaci\u00f3n disponible<\/h2>\n<p>La compensaci\u00f3n depender\u00e1 del accidente y de las p\u00e9rdidas que hayas sufrido. Com\u00fanmente, puedes solicitar indemnizaciones por:<\/p>\n<ul>\n<li>Atenci\u00f3n m\u00e9dica de emergencia y servicios de ambulancia.<\/li>\n<li>Atenci\u00f3n por parte de especialistas.<\/li>\n<li>Estancias en el hospital y cirug\u00edas.<\/li>\n<li>Medicamentos y rehabilitaci\u00f3n.<\/li>\n<li>P\u00e9rdida de ingresos y gastos relacionados.<\/li>\n<li>Transporte para citas m\u00e9dicas.<\/li>\n<li>Dolor, sufrimiento, p\u00e9rdida de consorcio o si ya no disfrutas de tu vida como antes.<\/li>\n<li>En casos de muerte, incluye los costos funerarios y una compensaci\u00f3n para los familiares.<\/li>\n<\/ul>\n<p>Nuestro equipo se asegurar\u00e1 de que tu caso se valore correctamente y que recibas la compensaci\u00f3n que refleje la magnitud de tus p\u00e9rdidas.<\/p>\n<p><strong>Aviso importante:<\/strong> La informaci\u00f3n en este art\u00edculo es meramente informativa y no debe tomarse como un consejo legal. No existe una garant\u00eda de \u00e9xito para casos futuros. Ponte en <a href=\"https:\/\/ceolawyer.com\/espanol\/contacto-con-nosotros\/\">contacto con nosotros<\/a> para discutir los particulares de tu situaci\u00f3n.<\/p>\n<h2>Tu siguiente paso es importante<\/h2>\n<p>Un accidente de cami\u00f3n puede dejarte con mucho m\u00e1s que un auto destrozado: puede quitarte tu estabilidad, tu salud, tu rutina y tu tranquilidad emocional. De pronto, todo lo que dabas por sentado, como levantarte de la cama sin dolor, manejar sin miedo, volver a casa con los tuyos, se ve alterado por el error de alguien m\u00e1s. Y, aunque nada puede borrar lo que pas\u00f3, s\u00ed puedes recuperar lo que te pertenece: tu seguridad, tu voz y tu derecho a ser escuchado.<\/p>\n<p>En CEO Lawyer, Firma de Abogados para Accidentes de Lesiones Personales, nuestro trabajo es asegurarnos de que quien haya sido responsable por tu accidente rinda cuentas y asuma su responsabilidad, mientras t\u00fa te concentras en sanar. Llama hoy al <a href=\"tel:+14708229411\">(470) 822-9411<\/a> o llena nuestro formulario para una consulta gratuita.<\/p>\n","protected":false},"excerpt":{"rendered":"<p>Un accidente con un cami\u00f3n no es simplemente un choque m\u00e1s: puede cambiar por completo tu vida en un instante. Lesiones severas, d\u00edas sin poder trabajar por pasarlos en el hospital y la incertidumbre de qu\u00e9 hacer despu\u00e9s. Lo peor es que, cuando un accidente as\u00ed ocurre, los due\u00f1os de camiones comerciales y sus aseguradoras [&hellip;]<\/p>\n","protected":false},"author":22,"featured_media":12667,"parent":10962,"menu_order":0,"comment_status":"closed","ping_status":"closed","template":"","meta":{"_acf_changed":false,"footnotes":""},"class_list":["post-11006","page","type-page","status-publish","has-post-thumbnail","hentry"],"acf":[],"yoast_head":"<!-- This site is optimized with the Yoast SEO plugin v27.2 - https:\/\/yoast.com\/product\/yoast-seo-wordpress\/ -->\n<title>Abogado de Accidentes de Camiones de Georgia | CEO Lawyer<\/title>\n<meta name=\"description\" content=\"\u00bfBusca un abogado de accidentes de camiones en Georgia? El bufete de abogados Ali Awad Law puede proporcionar consultas de expertos y asistencia legal para su caso. Ll\u00e1menos hoy.\" \/>\n<meta name=\"robots\" content=\"index, follow, max-snippet:-1, max-image-preview:large, max-video-preview:-1\" \/>\n<link rel=\"canonical\" href=\"https:\/\/ceolawyer.com\/espanol\/abogado-de-lesiones-personales-georgia\/abogado-de-accidentes-de-camiones\/\" \/>\n<meta property=\"og:locale\" content=\"en_US\" \/>\n<meta property=\"og:type\" content=\"article\" \/>\n<meta property=\"og:title\" content=\"Abogado de Accidentes de Camiones de Georgia | CEO Lawyer\" \/>\n<meta property=\"og:description\" content=\"\u00bfBusca un abogado de accidentes de camiones en Georgia? El bufete de abogados Ali Awad Law puede proporcionar consultas de expertos y asistencia legal para su caso. Ll\u00e1menos hoy.\" \/>\n<meta property=\"og:url\" content=\"https:\/\/ceolawyer.com\/espanol\/abogado-de-lesiones-personales-georgia\/abogado-de-accidentes-de-camiones\/\" \/>\n<meta property=\"og:site_name\" content=\"CEO Lawyer\" \/>\n<meta property=\"article:modified_time\" content=\"2025-12-16T14:23:03+00:00\" \/>\n<meta property=\"og:image\" content=\"https:\/\/ceolawyer.com\/espanol\/wp-content\/uploads\/sites\/2\/2025\/12\/georgia-truck-accident-lawyer.webp\" \/>\n\t<meta property=\"og:image:width\" content=\"500\" \/>\n\t<meta property=\"og:image:height\" content=\"333\" \/>\n\t<meta property=\"og:image:type\" content=\"image\/webp\" \/>\n<meta name=\"twitter:card\" content=\"summary_large_image\" \/>\n<meta name=\"twitter:label1\" content=\"Est. reading time\" \/>\n\t<meta name=\"twitter:data1\" content=\"5 minutes\" \/>\n<script type=\"application\/ld+json\" class=\"yoast-schema-graph\">{\"@context\":\"https:\/\/schema.org\",\"@graph\":[{\"@type\":\"WebPage\",\"@id\":\"https:\/\/ceolawyer.com\/espanol\/abogado-de-lesiones-personales-georgia\/abogado-de-accidentes-de-camiones\/\",\"url\":\"https:\/\/ceolawyer.com\/espanol\/abogado-de-lesiones-personales-georgia\/abogado-de-accidentes-de-camiones\/\",\"name\":\"Abogado de Accidentes de Camiones de Georgia | CEO Lawyer\",\"isPartOf\":{\"@id\":\"https:\/\/ceolawyer.com\/espanol\/#website\"},\"primaryImageOfPage\":{\"@id\":\"https:\/\/ceolawyer.com\/espanol\/abogado-de-lesiones-personales-georgia\/abogado-de-accidentes-de-camiones\/#primaryimage\"},\"image\":{\"@id\":\"https:\/\/ceolawyer.com\/espanol\/abogado-de-lesiones-personales-georgia\/abogado-de-accidentes-de-camiones\/#primaryimage\"},\"thumbnailUrl\":\"https:\/\/ceolawyer.com\/espanol\/wp-content\/uploads\/sites\/2\/2025\/12\/georgia-truck-accident-lawyer.webp\",\"datePublished\":\"2022-05-18T18:46:01+00:00\",\"dateModified\":\"2025-12-16T14:23:03+00:00\",\"description\":\"\u00bfBusca un abogado de accidentes de camiones en Georgia? El bufete de abogados Ali Awad Law puede proporcionar consultas de expertos y asistencia legal para su caso. Ll\u00e1menos hoy.\",\"breadcrumb\":{\"@id\":\"https:\/\/ceolawyer.com\/espanol\/abogado-de-lesiones-personales-georgia\/abogado-de-accidentes-de-camiones\/#breadcrumb\"},\"inLanguage\":\"en-US\",\"potentialAction\":[{\"@type\":\"ReadAction\",\"target\":[\"https:\/\/ceolawyer.com\/espanol\/abogado-de-lesiones-personales-georgia\/abogado-de-accidentes-de-camiones\/\"]}]},{\"@type\":\"ImageObject\",\"inLanguage\":\"en-US\",\"@id\":\"https:\/\/ceolawyer.com\/espanol\/abogado-de-lesiones-personales-georgia\/abogado-de-accidentes-de-camiones\/#primaryimage\",\"url\":\"https:\/\/ceolawyer.com\/espanol\/wp-content\/uploads\/sites\/2\/2025\/12\/georgia-truck-accident-lawyer.webp\",\"contentUrl\":\"https:\/\/ceolawyer.com\/espanol\/wp-content\/uploads\/sites\/2\/2025\/12\/georgia-truck-accident-lawyer.webp\",\"width\":500,\"height\":333,\"caption\":\"Manejando cami\u00f3n en Georgia\"},{\"@type\":\"BreadcrumbList\",\"@id\":\"https:\/\/ceolawyer.com\/espanol\/abogado-de-lesiones-personales-georgia\/abogado-de-accidentes-de-camiones\/#breadcrumb\",\"itemListElement\":[{\"@type\":\"ListItem\",\"position\":1,\"name\":\"Home\",\"item\":\"https:\/\/ceolawyer.com\/espanol\/\"},{\"@type\":\"ListItem\",\"position\":2,\"name\":\"Abogado de Lesiones Personales de Georgia\",\"item\":\"https:\/\/ceolawyer.com\/espanol\/abogado-de-lesiones-personales-georgia\/\"},{\"@type\":\"ListItem\",\"position\":3,\"name\":\"Abogado de Accidentes de Camiones de Georgia\"}]},{\"@type\":\"WebSite\",\"@id\":\"https:\/\/ceolawyer.com\/espanol\/#website\",\"url\":\"https:\/\/ceolawyer.com\/espanol\/\",\"name\":\"CEO Lawyer\",\"description\":\"Personal Injury Attorney\",\"publisher\":{\"@id\":\"https:\/\/ceolawyer.com\/espanol\/#organization\"},\"potentialAction\":[{\"@type\":\"SearchAction\",\"target\":{\"@type\":\"EntryPoint\",\"urlTemplate\":\"https:\/\/ceolawyer.com\/espanol\/?s={search_term_string}\"},\"query-input\":{\"@type\":\"PropertyValueSpecification\",\"valueRequired\":true,\"valueName\":\"search_term_string\"}}],\"inLanguage\":\"en-US\"},{\"@type\":\"Organization\",\"@id\":\"https:\/\/ceolawyer.com\/espanol\/#organization\",\"name\":\"CEO Lawyer\",\"url\":\"https:\/\/ceolawyer.com\/espanol\/\",\"logo\":{\"@type\":\"ImageObject\",\"inLanguage\":\"en-US\",\"@id\":\"https:\/\/ceolawyer.com\/espanol\/#\/schema\/logo\/image\/\",\"url\":\"https:\/\/ceolawyer.com\/espanol\/wp-content\/uploads\/sites\/2\/2022\/05\/CEO_Logo.png\",\"contentUrl\":\"https:\/\/ceolawyer.com\/espanol\/wp-content\/uploads\/sites\/2\/2022\/05\/CEO_Logo.png\",\"width\":200,\"height\":108,\"caption\":\"CEO Lawyer\"},\"image\":{\"@id\":\"https:\/\/ceolawyer.com\/espanol\/#\/schema\/logo\/image\/\"}}]}<\/script>\n<!-- \/ Yoast SEO plugin. -->","yoast_head_json":{"title":"Abogado de Accidentes de Camiones de Georgia | CEO Lawyer","description":"\u00bfBusca un abogado de accidentes de camiones en Georgia? El bufete de abogados Ali Awad Law puede proporcionar consultas de expertos y asistencia legal para su caso. Ll\u00e1menos hoy.","robots":{"index":"index","follow":"follow","max-snippet":"max-snippet:-1","max-image-preview":"max-image-preview:large","max-video-preview":"max-video-preview:-1"},"canonical":"https:\/\/ceolawyer.com\/espanol\/abogado-de-lesiones-personales-georgia\/abogado-de-accidentes-de-camiones\/","og_locale":"en_US","og_type":"article","og_title":"Abogado de Accidentes de Camiones de Georgia | CEO Lawyer","og_description":"\u00bfBusca un abogado de accidentes de camiones en Georgia? El bufete de abogados Ali Awad Law puede proporcionar consultas de expertos y asistencia legal para su caso. Ll\u00e1menos hoy.","og_url":"https:\/\/ceolawyer.com\/espanol\/abogado-de-lesiones-personales-georgia\/abogado-de-accidentes-de-camiones\/","og_site_name":"CEO Lawyer","article_modified_time":"2025-12-16T14:23:03+00:00","og_image":[{"width":500,"height":333,"url":"https:\/\/ceolawyer.com\/espanol\/wp-content\/uploads\/sites\/2\/2025\/12\/georgia-truck-accident-lawyer.webp","type":"image\/webp"}],"twitter_card":"summary_large_image","twitter_misc":{"Est. reading time":"5 minutes"},"schema":{"@context":"https:\/\/schema.org","@graph":[{"@type":"WebPage","@id":"https:\/\/ceolawyer.com\/espanol\/abogado-de-lesiones-personales-georgia\/abogado-de-accidentes-de-camiones\/","url":"https:\/\/ceolawyer.com\/espanol\/abogado-de-lesiones-personales-georgia\/abogado-de-accidentes-de-camiones\/","name":"Abogado de Accidentes de Camiones de Georgia | CEO Lawyer","isPartOf":{"@id":"https:\/\/ceolawyer.com\/espanol\/#website"},"primaryImageOfPage":{"@id":"https:\/\/ceolawyer.com\/espanol\/abogado-de-lesiones-personales-georgia\/abogado-de-accidentes-de-camiones\/#primaryimage"},"image":{"@id":"https:\/\/ceolawyer.com\/espanol\/abogado-de-lesiones-personales-georgia\/abogado-de-accidentes-de-camiones\/#primaryimage"},"thumbnailUrl":"https:\/\/ceolawyer.com\/espanol\/wp-content\/uploads\/sites\/2\/2025\/12\/georgia-truck-accident-lawyer.webp","datePublished":"2022-05-18T18:46:01+00:00","dateModified":"2025-12-16T14:23:03+00:00","description":"\u00bfBusca un abogado de accidentes de camiones en Georgia? El bufete de abogados Ali Awad Law puede proporcionar consultas de expertos y asistencia legal para su caso. Ll\u00e1menos hoy.","breadcrumb":{"@id":"https:\/\/ceolawyer.com\/espanol\/abogado-de-lesiones-personales-georgia\/abogado-de-accidentes-de-camiones\/#breadcrumb"},"inLanguage":"en-US","potentialAction":[{"@type":"ReadAction","target":["https:\/\/ceolawyer.com\/espanol\/abogado-de-lesiones-personales-georgia\/abogado-de-accidentes-de-camiones\/"]}]},{"@type":"ImageObject","inLanguage":"en-US","@id":"https:\/\/ceolawyer.com\/espanol\/abogado-de-lesiones-personales-georgia\/abogado-de-accidentes-de-camiones\/#primaryimage","url":"https:\/\/ceolawyer.com\/espanol\/wp-content\/uploads\/sites\/2\/2025\/12\/georgia-truck-accident-lawyer.webp","contentUrl":"https:\/\/ceolawyer.com\/espanol\/wp-content\/uploads\/sites\/2\/2025\/12\/georgia-truck-accident-lawyer.webp","width":500,"height":333,"caption":"Manejando cami\u00f3n en Georgia"},{"@type":"BreadcrumbList","@id":"https:\/\/ceolawyer.com\/espanol\/abogado-de-lesiones-personales-georgia\/abogado-de-accidentes-de-camiones\/#breadcrumb","itemListElement":[{"@type":"ListItem","position":1,"name":"Home","item":"https:\/\/ceolawyer.com\/espanol\/"},{"@type":"ListItem","position":2,"name":"Abogado de Lesiones Personales de Georgia","item":"https:\/\/ceolawyer.com\/espanol\/abogado-de-lesiones-personales-georgia\/"},{"@type":"ListItem","position":3,"name":"Abogado de Accidentes de Camiones de Georgia"}]},{"@type":"WebSite","@id":"https:\/\/ceolawyer.com\/espanol\/#website","url":"https:\/\/ceolawyer.com\/espanol\/","name":"CEO Lawyer","description":"Personal Injury Attorney","publisher":{"@id":"https:\/\/ceolawyer.com\/espanol\/#organization"},"potentialAction":[{"@type":"SearchAction","target":{"@type":"EntryPoint","urlTemplate":"https:\/\/ceolawyer.com\/espanol\/?s={search_term_string}"},"query-input":{"@type":"PropertyValueSpecification","valueRequired":true,"valueName":"search_term_string"}}],"inLanguage":"en-US"},{"@type":"Organization","@id":"https:\/\/ceolawyer.com\/espanol\/#organization","name":"CEO Lawyer","url":"https:\/\/ceolawyer.com\/espanol\/","logo":{"@type":"ImageObject","inLanguage":"en-US","@id":"https:\/\/ceolawyer.com\/espanol\/#\/schema\/logo\/image\/","url":"https:\/\/ceolawyer.com\/espanol\/wp-content\/uploads\/sites\/2\/2022\/05\/CEO_Logo.png","contentUrl":"https:\/\/ceolawyer.com\/espanol\/wp-content\/uploads\/sites\/2\/2022\/05\/CEO_Logo.png","width":200,"height":108,"caption":"CEO Lawyer"},"image":{"@id":"https:\/\/ceolawyer.com\/espanol\/#\/schema\/logo\/image\/"}}]}},"_links":{"self":[{"href":"https:\/\/ceolawyer.com\/espanol\/wp-json\/wp\/v2\/pages\/11006","targetHints":{"allow":["GET"]}}],"collection":[{"href":"https:\/\/ceolawyer.com\/espanol\/wp-json\/wp\/v2\/pages"}],"about":[{"href":"https:\/\/ceolawyer.com\/espanol\/wp-json\/wp\/v2\/types\/page"}],"author":[{"embeddable":true,"href":"https:\/\/ceolawyer.com\/espanol\/wp-json\/wp\/v2\/users\/22"}],"replies":[{"embeddable":true,"href":"https:\/\/ceolawyer.com\/espanol\/wp-json\/wp\/v2\/comments?post=11006"}],"version-history":[{"count":0,"href":"https:\/\/ceolawyer.com\/espanol\/wp-json\/wp\/v2\/pages\/11006\/revisions"}],"up":[{"embeddable":true,"href":"https:\/\/ceolawyer.com\/espanol\/wp-json\/wp\/v2\/pages\/10962"}],"wp:featuredmedia":[{"embeddable":true,"href":"https:\/\/ceolawyer.com\/espanol\/wp-json\/wp\/v2\/media\/12667"}],"wp:attachment":[{"href":"https:\/\/ceolawyer.com\/espanol\/wp-json\/wp\/v2\/media?parent=11006"}],"curies":[{"name":"wp","href":"https:\/\/api.w.org\/{rel}","templated":true}]}}