{"id":11023,"date":"2022-05-18T19:51:42","date_gmt":"2022-05-18T19:51:42","guid":{"rendered":"https:\/\/ceolawyer.com\/espanol\/?page_id=11023"},"modified":"2025-12-16T15:24:51","modified_gmt":"2025-12-16T15:24:51","slug":"abogado-de-accidentes-de-peatones","status":"publish","type":"page","link":"https:\/\/ceolawyer.com\/espanol\/abogado-de-lesiones-personales-georgia\/abogado-de-accidentes-de-peatones\/","title":{"rendered":"Abogado de Accidentes Peatonales de Georgia"},"content":{"rendered":"<p><img decoding=\"async\" class=\"alignright size-full wp-image-12671\" src=\"https:\/\/ceolawyer.com\/espanol\/wp-content\/uploads\/sites\/2\/2025\/12\/georgia-pedestrian-accident-lawyer.webp\" alt=\"Cruce peatonal en Georgia donde ocurri\u00f3 un accidente\" width=\"500\" height=\"296\" srcset=\"https:\/\/ceolawyer.com\/espanol\/wp-content\/uploads\/sites\/2\/2025\/12\/georgia-pedestrian-accident-lawyer.webp 500w, https:\/\/ceolawyer.com\/espanol\/wp-content\/uploads\/sites\/2\/2025\/12\/georgia-pedestrian-accident-lawyer-300x178.webp 300w\" sizes=\"(max-width: 500px) 100vw, 500px\" \/>Caminar rumbo al trabajo, a un partido de la Universidad de Georgia en Athens, a un concierto en Atlanta, o paseando por la playa en Tybee Island es algo que muchos de nosotros tenemos el privilegio de hacer. Y, aunque parezca seguro, moverse a pie no nos exenta del riesgo. En Georgia, los accidentes peatonales son m\u00e1s comunes de lo que muchos piensan. Si t\u00fa o un ser querido sufrieron un accidente as\u00ed, contar con un abogado que sepa del tema puede hacer la diferencia. Contar con representaci\u00f3n legal te ayudar\u00e1 a conseguir la compensaci\u00f3n econ\u00f3mica que cubra los gastos m\u00e9dicos, los salarios que dejaste de percibir por no ir a trabajar, y otros costos que se acumulan tras un accidente peatonal.<\/p>\n<p>En <a href=\"https:\/\/ceolawyer.com\/espanol\/\">CEO Lawyer, Firma de Abogados para Accidentes de Lesiones Personales<\/a>, estamos listos para ayudarte en el momento en que m\u00e1s lo necesitas. Ll\u00e1manos al <a href=\"tel:+14708229411\">(470) 822-9411<\/a> para una consulta gratuita y sin compromiso. Te explicaremos cu\u00e1les son tus opciones legales y c\u00f3mo podemos planear juntos la mejor estrategia para que obtengas la compensaci\u00f3n que te corresponde.<\/p>\n<h3>\u00bfPor qu\u00e9 necesitar\u00e1s a un abogado de accidentes de motocicleta que brinda servicios en Georgia?<\/h3>\n<p>Aunque muchas comunidades en Georgia no est\u00e1n dise\u00f1adas para que caminar sea lo m\u00e1s c\u00f3modo, la realidad es que muchos seremos peatones en m\u00e1s de una ocasi\u00f3n. Y, aunque los atropellos al caminar son estad\u00edsticamente menos frecuentes que los de autos, sus consecuencias suelen ser mucho m\u00e1s graves. Seg\u00fan el informe m\u00e1s reciente de la Oficina del Gobernador de Seguridad en Carreteras, en 2022 hubo <a href=\"https:\/\/www.gahighwaysafety.org\/wp-content\/uploads\/2024\/05\/2022-Non-Motorist-Pedestrian-and-Bicyclist-Georgia-Traffic-Safety-Facts.pdf\">345 peatones muertos en accidentes de tr\u00e1fico<\/a>, un aumento del 12% respecto al a\u00f1o anterior. La fragilidad del cuerpo humano frente a un veh\u00edculo pesado (incluso a baja velocidad) puede dejar secuelas graves o irreversibles.<\/p>\n<p>Y cuando las compa\u00f1\u00edas de seguro entran en escena, muchas veces lo que ofrecen no es suficiente para cubrir realmente tus p\u00e9rdidas y necesidades. Por eso, tener a un abogado como los de CEO Lawyer, Firma de Abogados para Accidentes de Lesiones Personales, significa contar con alguien que sepa traducir tus da\u00f1os en cifras justas, y que pueda negociarlo o llevarlo a juicio si es necesario.<\/p>\n<p><em>Nota: el contenido incluido en el enlace anterior est\u00e1 en ingl\u00e9s, pero es una fuente oficial del estado de Georgia.<\/em><\/p>\n<h2>\u00bfQu\u00e9 puede hacer un abogado que gestiona accidentes peatonales?<\/h2>\n<p>Un abogado que sepa manejar este tipo de accidentes hace mucho m\u00e1s que asesorarte legalmente \u2014 se convierte en tu aliado para recuperar tu vida. Estas son algunas de las tareas en las que te puede ayudar:<\/p>\n<ul>\n<li>Explorar y proyectar el valor de tus p\u00e9rdidas, tanto m\u00e9dicas, econ\u00f3micas, como emocionales.<\/li>\n<li>Gestionar los tr\u00e1mites con la compa\u00f1\u00eda de seguros y negociar para que no te paguen una cantidad injusta.<\/li>\n<li>Reunir evidencia (fotos, informes m\u00e9dicos y policiales, videos de c\u00e1maras de tr\u00e1nsito; declaraciones y datos de testigos, etc.).<\/li>\n<li>Determinar la responsabilidad (m\u00e1s de eso, abajo).<\/li>\n<li>Preparar el camino para un juicio, en caso de que la oferta no sea justa.<\/li>\n<\/ul>\n<p>En CEO Lawyer, Firma de Abogados para Accidentes de Lesiones Personales nos aseguraremos de explicarte todo de forma clara, para que te sientas seguro y te enfoques en tu recuperaci\u00f3n.<\/p>\n<h2>\u00bfCu\u00e1les son las causas frecuentes de los accidentes peatonales?<\/h2>\n<p>Saber por qu\u00e9 ocurren esta clase de accidentes te ayudar\u00e1 a tomar mejores decisiones mientras caminas por la calle y tambi\u00e9n a entender c\u00f3mo se construir\u00e1 tu caso. Entre las causas m\u00e1s comunes est\u00e1n:<\/p>\n<ul>\n<li><strong>Conductores distra\u00eddos. <\/strong>Aunque Georgia tiene una ley de \u201cmanos libres\u201d, un instante donde un conductor est\u00e9 mirando su tel\u00e9fono puede bastar para no ver a alguien que va cruzando la calle.<\/li>\n<li><strong>Conductores ebrios. <\/strong>Un conductor alcoholizado tiene una respuesta m\u00e1s lenta y se le dificulta mantenerse en el carril correspondiente, lo que incrementa el riesgo para quienes caminan.<\/li>\n<li><strong>Exceso de velocidad o conducir de manera imprudente.<\/strong> Un auto que va m\u00e1s r\u00e1pido del l\u00edmite de velocidad, dif\u00edcilmente logre frenar a tiempo si un peat\u00f3n aparece en su camino.<\/li>\n<li><strong>Poca visibilidad o condiciones adversas. <\/strong>Cuando est\u00e1 oscuro, hay lluvia, en zonas con poca iluminaci\u00f3n o banquetas en mal estado, la vulnerabilidad de los peatones aumenta.<\/li>\n<\/ul>\n<p>Estos factores no solo ayudan a explicar el accidente, tambi\u00e9n sirven para argumentar tu reclamo legal cuando se trate de demostrar negligencia.<\/p>\n<h2>Lesiones comunes en accidentes de peat\u00f3n<\/h2>\n<p>Cuando alguien que va caminando es atropellado por un veh\u00edculo, las heridas pueden escalar r\u00e1pido. Algunas de las lesiones frecuentes incluyen:<\/p>\n<ul>\n<li>Lesiones en la cabeza.<\/li>\n<li>Lesiones en el cuello o la columna.<\/li>\n<li><\/li>\n<li>Lesiones internas y contusiones.<\/li>\n<li>En los casos de muerte, la p\u00e9rdida de la vida deja un impacto econ\u00f3mico y emocional para la familia.<\/li>\n<\/ul>\n<p>Aunque creas que est\u00e1s \u201cbien\u201d, es importante que vayas al m\u00e9dico y dejar constancia. Las aseguradoras examinar\u00e1n si tus lesiones fueron causadas por el accidente o por otra raz\u00f3n. Tu registro m\u00e9dico es clave para refutar cualquier argumento.<\/p>\n<h2>\u00bfQu\u00e9 puede cubrir tu compensaci\u00f3n?<\/h2>\n<p>Tu reclamo puede incluir una indemnizaci\u00f3n por:<\/p>\n<ul>\n<li>Tratamientos m\u00e9dicos pasados y futuros.<\/li>\n<li>Terapias de rehabilitaci\u00f3n y gastos relacionados.<\/li>\n<li>P\u00e9rdida de ingresos y una valoraci\u00f3n por las p\u00e9rdidas econ\u00f3micas si no puedes regresar a trabajar de forma permanente.<\/li>\n<li>Dolor, angustia y trauma emocional.<\/li>\n<li>Da\u00f1os permanentes y discapacidad.<\/li>\n<li>Transporte a citas m\u00e9dicas, adaptaciones de tu hogar y asistencia.<\/li>\n<\/ul>\n<p>Nuestro equipo se asegurar\u00e1 de que tu caso se valore correctamente y que recibas la compensaci\u00f3n que refleje la magnitud de tus p\u00e9rdidas.<\/p>\n<p><strong>Aviso importante:<\/strong> La informaci\u00f3n en este art\u00edculo es meramente informativa y no debe tomarse como un consejo legal. No existe una garant\u00eda de \u00e9xito para casos futuros. Ponte en <a href=\"https:\/\/ceolawyer.com\/espanol\/contacto-con-nosotros\/\">contacto con nosotros<\/a> para discutir los particulares de tu situaci\u00f3n.<\/p>\n<h2>Ponte en contacto con nuestra firma de abogados para accidentes de peat\u00f3n que brinda servicios en Georgia<\/h2>\n<p>Cuando vas caminando, jam\u00e1s te imaginas que un giro mal calculado o un auto a exceso de velocidad te pondr\u00eda en esta situaci\u00f3n \u2014 pero aqu\u00ed est\u00e1s. Y est\u00e1 bien sentirse vulnerable, pero no est\u00e1s solo. En CEO Lawyer, FIrma de Abogados para Accidentes de Lesiones Personales, nos interesa ayudarte a recuperar esas tardes paseando, tus rutinas y sabemos que lo que necesitas ahora es un apoyo s\u00f3lido; alguien que hable tu idioma y que defienda tus intereses.<\/p>\n<p>Ll\u00e1manos al <a href=\"tel:+14708229411\">(470) 822-9411<\/a> o llena nuestro formulario para una consulta gratuita. Nuestro equipo te escuchar\u00e1, te explicar\u00e1 tus opciones y te guiaremos cada paso del camino. Si alguien te rob\u00f3 tu tranquilidad, nosotros lucharemos para que te la devuelvan.<\/p>\n<p>&nbsp;<\/p>\n","protected":false},"excerpt":{"rendered":"<p>Caminar rumbo al trabajo, a un partido de la Universidad de Georgia en Athens, a un concierto en Atlanta, o paseando por la playa en Tybee Island es algo que muchos de nosotros tenemos el privilegio de hacer. Y, aunque parezca seguro, moverse a pie no nos exenta del riesgo. En Georgia, los accidentes peatonales [&hellip;]<\/p>\n","protected":false},"author":22,"featured_media":12671,"parent":10962,"menu_order":0,"comment_status":"closed","ping_status":"closed","template":"","meta":{"_acf_changed":false,"footnotes":""},"class_list":["post-11023","page","type-page","status-publish","has-post-thumbnail","hentry"],"acf":[],"yoast_head":"<!-- This site is optimized with the Yoast SEO plugin v27.4 - https:\/\/yoast.com\/product\/yoast-seo-wordpress\/ -->\n<title>Abogado de Accidentes Peatonales de Georgia | CEO Lawyer<\/title>\n<meta name=\"description\" content=\"\u00bfBusca un abogado de accidentes de peatones en Georgia? El bufete de abogados Ali Awad Law puede proporcionar consultas de expertos y asistencia legal para su caso.\" \/>\n<meta name=\"robots\" content=\"index, follow, max-snippet:-1, max-image-preview:large, max-video-preview:-1\" \/>\n<link rel=\"canonical\" href=\"https:\/\/ceolawyer.com\/espanol\/abogado-de-lesiones-personales-georgia\/abogado-de-accidentes-de-peatones\/\" \/>\n<meta property=\"og:locale\" content=\"en_US\" \/>\n<meta property=\"og:type\" content=\"article\" \/>\n<meta property=\"og:title\" content=\"Abogado de Accidentes Peatonales de Georgia | CEO Lawyer\" \/>\n<meta property=\"og:description\" content=\"\u00bfBusca un abogado de accidentes de peatones en Georgia? El bufete de abogados Ali Awad Law puede proporcionar consultas de expertos y asistencia legal para su caso.\" \/>\n<meta property=\"og:url\" content=\"https:\/\/ceolawyer.com\/espanol\/abogado-de-lesiones-personales-georgia\/abogado-de-accidentes-de-peatones\/\" \/>\n<meta property=\"og:site_name\" content=\"CEO Lawyer\" \/>\n<meta property=\"article:modified_time\" content=\"2025-12-16T15:24:51+00:00\" \/>\n<meta property=\"og:image\" content=\"https:\/\/ceolawyer.com\/espanol\/wp-content\/uploads\/sites\/2\/2025\/12\/georgia-pedestrian-accident-lawyer.webp\" \/>\n\t<meta property=\"og:image:width\" content=\"500\" \/>\n\t<meta property=\"og:image:height\" content=\"296\" \/>\n\t<meta property=\"og:image:type\" content=\"image\/webp\" \/>\n<meta name=\"twitter:card\" content=\"summary_large_image\" \/>\n<meta name=\"twitter:label1\" content=\"Est. reading time\" \/>\n\t<meta name=\"twitter:data1\" content=\"6 minutes\" \/>\n<script type=\"application\/ld+json\" class=\"yoast-schema-graph\">{\"@context\":\"https:\\\/\\\/schema.org\",\"@graph\":[{\"@type\":\"WebPage\",\"@id\":\"https:\\\/\\\/ceolawyer.com\\\/espanol\\\/abogado-de-lesiones-personales-georgia\\\/abogado-de-accidentes-de-peatones\\\/\",\"url\":\"https:\\\/\\\/ceolawyer.com\\\/espanol\\\/abogado-de-lesiones-personales-georgia\\\/abogado-de-accidentes-de-peatones\\\/\",\"name\":\"Abogado de Accidentes Peatonales de Georgia | CEO Lawyer\",\"isPartOf\":{\"@id\":\"https:\\\/\\\/ceolawyer.com\\\/espanol\\\/#website\"},\"primaryImageOfPage\":{\"@id\":\"https:\\\/\\\/ceolawyer.com\\\/espanol\\\/abogado-de-lesiones-personales-georgia\\\/abogado-de-accidentes-de-peatones\\\/#primaryimage\"},\"image\":{\"@id\":\"https:\\\/\\\/ceolawyer.com\\\/espanol\\\/abogado-de-lesiones-personales-georgia\\\/abogado-de-accidentes-de-peatones\\\/#primaryimage\"},\"thumbnailUrl\":\"https:\\\/\\\/ceolawyer.com\\\/espanol\\\/wp-content\\\/uploads\\\/sites\\\/2\\\/2025\\\/12\\\/georgia-pedestrian-accident-lawyer.webp\",\"datePublished\":\"2022-05-18T19:51:42+00:00\",\"dateModified\":\"2025-12-16T15:24:51+00:00\",\"description\":\"\u00bfBusca un abogado de accidentes de peatones en Georgia? El bufete de abogados Ali Awad Law puede proporcionar consultas de expertos y asistencia legal para su caso.\",\"breadcrumb\":{\"@id\":\"https:\\\/\\\/ceolawyer.com\\\/espanol\\\/abogado-de-lesiones-personales-georgia\\\/abogado-de-accidentes-de-peatones\\\/#breadcrumb\"},\"inLanguage\":\"en-US\",\"potentialAction\":[{\"@type\":\"ReadAction\",\"target\":[\"https:\\\/\\\/ceolawyer.com\\\/espanol\\\/abogado-de-lesiones-personales-georgia\\\/abogado-de-accidentes-de-peatones\\\/\"]}]},{\"@type\":\"ImageObject\",\"inLanguage\":\"en-US\",\"@id\":\"https:\\\/\\\/ceolawyer.com\\\/espanol\\\/abogado-de-lesiones-personales-georgia\\\/abogado-de-accidentes-de-peatones\\\/#primaryimage\",\"url\":\"https:\\\/\\\/ceolawyer.com\\\/espanol\\\/wp-content\\\/uploads\\\/sites\\\/2\\\/2025\\\/12\\\/georgia-pedestrian-accident-lawyer.webp\",\"contentUrl\":\"https:\\\/\\\/ceolawyer.com\\\/espanol\\\/wp-content\\\/uploads\\\/sites\\\/2\\\/2025\\\/12\\\/georgia-pedestrian-accident-lawyer.webp\",\"width\":500,\"height\":296,\"caption\":\"Cruce peatonal en Georgia donde ocurri\u00f3 un accidente\"},{\"@type\":\"BreadcrumbList\",\"@id\":\"https:\\\/\\\/ceolawyer.com\\\/espanol\\\/abogado-de-lesiones-personales-georgia\\\/abogado-de-accidentes-de-peatones\\\/#breadcrumb\",\"itemListElement\":[{\"@type\":\"ListItem\",\"position\":1,\"name\":\"Home\",\"item\":\"https:\\\/\\\/ceolawyer.com\\\/espanol\\\/\"},{\"@type\":\"ListItem\",\"position\":2,\"name\":\"Abogado de Lesiones Personales de Georgia\",\"item\":\"https:\\\/\\\/ceolawyer.com\\\/espanol\\\/abogado-de-lesiones-personales-georgia\\\/\"},{\"@type\":\"ListItem\",\"position\":3,\"name\":\"Abogado de Accidentes Peatonales de Georgia\"}]},{\"@type\":\"WebSite\",\"@id\":\"https:\\\/\\\/ceolawyer.com\\\/espanol\\\/#website\",\"url\":\"https:\\\/\\\/ceolawyer.com\\\/espanol\\\/\",\"name\":\"CEO Lawyer\",\"description\":\"Personal Injury Attorney\",\"publisher\":{\"@id\":\"https:\\\/\\\/ceolawyer.com\\\/espanol\\\/#organization\"},\"potentialAction\":[{\"@type\":\"SearchAction\",\"target\":{\"@type\":\"EntryPoint\",\"urlTemplate\":\"https:\\\/\\\/ceolawyer.com\\\/espanol\\\/?s={search_term_string}\"},\"query-input\":{\"@type\":\"PropertyValueSpecification\",\"valueRequired\":true,\"valueName\":\"search_term_string\"}}],\"inLanguage\":\"en-US\"},{\"@type\":\"Organization\",\"@id\":\"https:\\\/\\\/ceolawyer.com\\\/espanol\\\/#organization\",\"name\":\"CEO Lawyer\",\"url\":\"https:\\\/\\\/ceolawyer.com\\\/espanol\\\/\",\"logo\":{\"@type\":\"ImageObject\",\"inLanguage\":\"en-US\",\"@id\":\"https:\\\/\\\/ceolawyer.com\\\/espanol\\\/#\\\/schema\\\/logo\\\/image\\\/\",\"url\":\"https:\\\/\\\/ceolawyer.com\\\/espanol\\\/wp-content\\\/uploads\\\/sites\\\/2\\\/2022\\\/05\\\/CEO_Logo.png\",\"contentUrl\":\"https:\\\/\\\/ceolawyer.com\\\/espanol\\\/wp-content\\\/uploads\\\/sites\\\/2\\\/2022\\\/05\\\/CEO_Logo.png\",\"width\":200,\"height\":108,\"caption\":\"CEO Lawyer\"},\"image\":{\"@id\":\"https:\\\/\\\/ceolawyer.com\\\/espanol\\\/#\\\/schema\\\/logo\\\/image\\\/\"}}]}<\/script>\n<!-- \/ Yoast SEO plugin. -->","yoast_head_json":{"title":"Abogado de Accidentes Peatonales de Georgia | CEO Lawyer","description":"\u00bfBusca un abogado de accidentes de peatones en Georgia? El bufete de abogados Ali Awad Law puede proporcionar consultas de expertos y asistencia legal para su caso.","robots":{"index":"index","follow":"follow","max-snippet":"max-snippet:-1","max-image-preview":"max-image-preview:large","max-video-preview":"max-video-preview:-1"},"canonical":"https:\/\/ceolawyer.com\/espanol\/abogado-de-lesiones-personales-georgia\/abogado-de-accidentes-de-peatones\/","og_locale":"en_US","og_type":"article","og_title":"Abogado de Accidentes Peatonales de Georgia | CEO Lawyer","og_description":"\u00bfBusca un abogado de accidentes de peatones en Georgia? El bufete de abogados Ali Awad Law puede proporcionar consultas de expertos y asistencia legal para su caso.","og_url":"https:\/\/ceolawyer.com\/espanol\/abogado-de-lesiones-personales-georgia\/abogado-de-accidentes-de-peatones\/","og_site_name":"CEO Lawyer","article_modified_time":"2025-12-16T15:24:51+00:00","og_image":[{"width":500,"height":296,"url":"https:\/\/ceolawyer.com\/espanol\/wp-content\/uploads\/sites\/2\/2025\/12\/georgia-pedestrian-accident-lawyer.webp","type":"image\/webp"}],"twitter_card":"summary_large_image","twitter_misc":{"Est. reading time":"6 minutes"},"schema":{"@context":"https:\/\/schema.org","@graph":[{"@type":"WebPage","@id":"https:\/\/ceolawyer.com\/espanol\/abogado-de-lesiones-personales-georgia\/abogado-de-accidentes-de-peatones\/","url":"https:\/\/ceolawyer.com\/espanol\/abogado-de-lesiones-personales-georgia\/abogado-de-accidentes-de-peatones\/","name":"Abogado de Accidentes Peatonales de Georgia | CEO Lawyer","isPartOf":{"@id":"https:\/\/ceolawyer.com\/espanol\/#website"},"primaryImageOfPage":{"@id":"https:\/\/ceolawyer.com\/espanol\/abogado-de-lesiones-personales-georgia\/abogado-de-accidentes-de-peatones\/#primaryimage"},"image":{"@id":"https:\/\/ceolawyer.com\/espanol\/abogado-de-lesiones-personales-georgia\/abogado-de-accidentes-de-peatones\/#primaryimage"},"thumbnailUrl":"https:\/\/ceolawyer.com\/espanol\/wp-content\/uploads\/sites\/2\/2025\/12\/georgia-pedestrian-accident-lawyer.webp","datePublished":"2022-05-18T19:51:42+00:00","dateModified":"2025-12-16T15:24:51+00:00","description":"\u00bfBusca un abogado de accidentes de peatones en Georgia? El bufete de abogados Ali Awad Law puede proporcionar consultas de expertos y asistencia legal para su caso.","breadcrumb":{"@id":"https:\/\/ceolawyer.com\/espanol\/abogado-de-lesiones-personales-georgia\/abogado-de-accidentes-de-peatones\/#breadcrumb"},"inLanguage":"en-US","potentialAction":[{"@type":"ReadAction","target":["https:\/\/ceolawyer.com\/espanol\/abogado-de-lesiones-personales-georgia\/abogado-de-accidentes-de-peatones\/"]}]},{"@type":"ImageObject","inLanguage":"en-US","@id":"https:\/\/ceolawyer.com\/espanol\/abogado-de-lesiones-personales-georgia\/abogado-de-accidentes-de-peatones\/#primaryimage","url":"https:\/\/ceolawyer.com\/espanol\/wp-content\/uploads\/sites\/2\/2025\/12\/georgia-pedestrian-accident-lawyer.webp","contentUrl":"https:\/\/ceolawyer.com\/espanol\/wp-content\/uploads\/sites\/2\/2025\/12\/georgia-pedestrian-accident-lawyer.webp","width":500,"height":296,"caption":"Cruce peatonal en Georgia donde ocurri\u00f3 un accidente"},{"@type":"BreadcrumbList","@id":"https:\/\/ceolawyer.com\/espanol\/abogado-de-lesiones-personales-georgia\/abogado-de-accidentes-de-peatones\/#breadcrumb","itemListElement":[{"@type":"ListItem","position":1,"name":"Home","item":"https:\/\/ceolawyer.com\/espanol\/"},{"@type":"ListItem","position":2,"name":"Abogado de Lesiones Personales de Georgia","item":"https:\/\/ceolawyer.com\/espanol\/abogado-de-lesiones-personales-georgia\/"},{"@type":"ListItem","position":3,"name":"Abogado de Accidentes Peatonales de Georgia"}]},{"@type":"WebSite","@id":"https:\/\/ceolawyer.com\/espanol\/#website","url":"https:\/\/ceolawyer.com\/espanol\/","name":"CEO Lawyer","description":"Personal Injury Attorney","publisher":{"@id":"https:\/\/ceolawyer.com\/espanol\/#organization"},"potentialAction":[{"@type":"SearchAction","target":{"@type":"EntryPoint","urlTemplate":"https:\/\/ceolawyer.com\/espanol\/?s={search_term_string}"},"query-input":{"@type":"PropertyValueSpecification","valueRequired":true,"valueName":"search_term_string"}}],"inLanguage":"en-US"},{"@type":"Organization","@id":"https:\/\/ceolawyer.com\/espanol\/#organization","name":"CEO Lawyer","url":"https:\/\/ceolawyer.com\/espanol\/","logo":{"@type":"ImageObject","inLanguage":"en-US","@id":"https:\/\/ceolawyer.com\/espanol\/#\/schema\/logo\/image\/","url":"https:\/\/ceolawyer.com\/espanol\/wp-content\/uploads\/sites\/2\/2022\/05\/CEO_Logo.png","contentUrl":"https:\/\/ceolawyer.com\/espanol\/wp-content\/uploads\/sites\/2\/2022\/05\/CEO_Logo.png","width":200,"height":108,"caption":"CEO Lawyer"},"image":{"@id":"https:\/\/ceolawyer.com\/espanol\/#\/schema\/logo\/image\/"}}]}},"_links":{"self":[{"href":"https:\/\/ceolawyer.com\/espanol\/wp-json\/wp\/v2\/pages\/11023","targetHints":{"allow":["GET"]}}],"collection":[{"href":"https:\/\/ceolawyer.com\/espanol\/wp-json\/wp\/v2\/pages"}],"about":[{"href":"https:\/\/ceolawyer.com\/espanol\/wp-json\/wp\/v2\/types\/page"}],"author":[{"embeddable":true,"href":"https:\/\/ceolawyer.com\/espanol\/wp-json\/wp\/v2\/users\/22"}],"replies":[{"embeddable":true,"href":"https:\/\/ceolawyer.com\/espanol\/wp-json\/wp\/v2\/comments?post=11023"}],"version-history":[{"count":0,"href":"https:\/\/ceolawyer.com\/espanol\/wp-json\/wp\/v2\/pages\/11023\/revisions"}],"up":[{"embeddable":true,"href":"https:\/\/ceolawyer.com\/espanol\/wp-json\/wp\/v2\/pages\/10962"}],"wp:featuredmedia":[{"embeddable":true,"href":"https:\/\/ceolawyer.com\/espanol\/wp-json\/wp\/v2\/media\/12671"}],"wp:attachment":[{"href":"https:\/\/ceolawyer.com\/espanol\/wp-json\/wp\/v2\/media?parent=11023"}],"curies":[{"name":"wp","href":"https:\/\/api.w.org\/{rel}","templated":true}]}}