{"id":11031,"date":"2022-05-18T20:42:22","date_gmt":"2022-05-18T20:42:22","guid":{"rendered":"https:\/\/ceolawyer.com\/espanol\/?page_id=11031"},"modified":"2025-12-16T15:36:23","modified_gmt":"2025-12-16T15:36:23","slug":"abogado-de-conducir-ebrio","status":"publish","type":"page","link":"https:\/\/ceolawyer.com\/espanol\/abogado-de-lesiones-personales-georgia\/abogado-de-conducir-ebrio\/","title":{"rendered":"Abogado de Conducci\u00f3n en Estado de Ebriedad en Georgia"},"content":{"rendered":"<p><img decoding=\"async\" class=\"alignright size-full wp-image-12677\" src=\"https:\/\/ceolawyer.com\/espanol\/wp-content\/uploads\/sites\/2\/2025\/12\/georgia-drunk-driving-accident-lawyer.webp\" alt=\"Accidente por conducir ebrio en Georgia\" width=\"500\" height=\"281\" srcset=\"https:\/\/ceolawyer.com\/espanol\/wp-content\/uploads\/sites\/2\/2025\/12\/georgia-drunk-driving-accident-lawyer.webp 500w, https:\/\/ceolawyer.com\/espanol\/wp-content\/uploads\/sites\/2\/2025\/12\/georgia-drunk-driving-accident-lawyer-300x169.webp 300w\" sizes=\"(max-width: 500px) 100vw, 500px\" \/>En todo el pa\u00eds, millones de conductores manejan bajo los efectos del alcohol cada a\u00f1o. Solo se necesita un segundo para que las acciones negligentes de un conductor afecten la vida de otros en la carretera. Si resultaste lesionado en un accidente, o perdiste a un ser querido, un abogado de accidentes por conducir ebrio en Georgia puede ayudarte.<\/p>\n<p>Es normal sentirse abrumado despu\u00e9s de un choque, pero el equipo legal de CEO Lawyer Personal Injury Law Firm, est\u00e1 aqu\u00ed para defender tus derechos legales. No aceptes ofertas m\u00ednimas ni conf\u00edes ciegamente en lo que diga la aseguradora. Rod\u00e9ate de la representaci\u00f3n legal que necesitas para tener una oportunidad real de obtener un acuerdo justo. Nuestro equipo est\u00e1 preparado para representar a v\u00edctimas de accidentes ocasionados por conductores ebrios. Si deseas presentar un reclamo o quieres conocer tus opciones legales, cont\u00e1ctanos hoy llamando al <a href=\"tel:+14708229716\"><strong>(470) 822-9716<\/strong><\/a>.<\/p>\n<p>Dependiendo de tu situaci\u00f3n, podr\u00edas presentar un reclamo para recuperar tus p\u00e9rdidas: facturas m\u00e9dicas, salarios perdidos, gastos de bolsillo, atenci\u00f3n futura y m\u00e1s. Con un abogado de lesiones y accidentes de nuestro despacho trabajando a tu lado, aumentan tus posibilidades de lograr una recuperaci\u00f3n completa.<\/p>\n<h2><strong>Trabaja con un despacho de accidentes por conducir ebrio en Georgia<\/strong><\/h2>\n<p>Mientras m\u00e1s pronto hables con un abogado de accidentes vehiculares despu\u00e9s de un choque provocado por un conductor ebrio, mayores ser\u00e1n tus probabilidades de aumentar tu compensaci\u00f3n. Un abogado experimentado evaluar\u00e1 los hechos de tu caso y te aconsejar\u00e1 sobre el camino m\u00e1s adecuado para tus circunstancias. Su misi\u00f3n es reducir tu carga, aplicar estrategias legales efectivas y mantenerte informado en cada paso del proceso.<\/p>\n<p>Adem\u00e1s, nuestros abogados en Georgia cuentan con amplios recursos legales. Dependiendo de la situaci\u00f3n, tu abogado podr\u00eda apoyarse en reconstruccionistas de accidentes, expertos m\u00e9dicos o testigos para fortalecer tu caso. Con estos recursos, aumentan considerablemente tus posibilidades de obtener la compensaci\u00f3n que te corresponde.<\/p>\n<h2><strong>C\u00f3mo un abogado experimentado en accidentes por conducir ebrio puede ayudarte<\/strong><\/h2>\n<p>El equipo legal de CEO Lawyer tiene amplia experiencia en casos de lesiones personales, incluidos aquellos que involucran a conductores ebrios. Nuestra firma de abogados sabe que debemos probar que el conductor contrario estaba intoxicado, lo cual puede ser complejo. En la mayor\u00eda de los casos, tu abogado solicitar\u00e1 los resultados de an\u00e1lisis de sangre o pruebas utilizadas por la polic\u00eda, como pruebas de sobriedad en campo, para determinar el nivel de alcohol en sangre al momento del accidente.<\/p>\n<p>Tu reclamo puede resolverse por dos v\u00edas: <strong>negociaci\u00f3n<\/strong> o <strong>litigio<\/strong>. Aunque la mayor\u00eda de los casos se resuelven con un acuerdo, hay ocasiones en las que la aseguradora no quiere pagar un monto justo. Si eso ocurre, tu abogado te explicar\u00e1 el proceso de demanda, los procedimientos en corte y la estrategia adecuada para buscar un veredicto favorable.<\/p>\n<p>Sabemos que presentarte ante un juez o jurado puede ser intimidante, pero estamos preparados para representarte con eficacia. Llevaremos todas las pruebas necesarias y mostraremos la negligencia del conductor ebrio y tus p\u00e9rdidas, para darte la oportunidad de reconstruir tu vida.<\/p>\n<h2><strong>Los peligros de manejar bajo los efectos del alcohol<\/strong><\/h2>\n<p>Seg\u00fan los Centros para el Control y la Prevenci\u00f3n de Enfermedades (CDC), entre 2009 y 2018 murieron 3,241 personas en Georgia en accidentes relacionados con conductores ebrios. La mayor\u00eda de estas muertes involucraron a hombres entre 21 y 34 a\u00f1os.<\/p>\n<p>El alcohol afecta gravemente la capacidad de conducir al alterar el sistema nervioso central. Aunque sus efectos var\u00edan seg\u00fan la tolerancia, el peso y la cantidad consumida, siempre es peligroso conducir en estado de ebriedad. Un conductor intoxicado puede sufrir:<\/p>\n<ul>\n<li>Tiempo de reacci\u00f3n reducido<\/li>\n<li>Falta de concentraci\u00f3n<\/li>\n<li>Somnolencia<\/li>\n<li>Problemas de coordinaci\u00f3n<\/li>\n<li>Visi\u00f3n afectada<\/li>\n<\/ul>\n<p>Para reducir estas conductas, Georgia cuenta con leyes estrictas que tu abogado te explicar\u00e1 seg\u00fan tu caso.<\/p>\n<h2><strong>Leyes de conducir ebrio en Georgia<\/strong><\/h2>\n<p><a href=\"https:\/\/thelawreference.com\/dui\/leyes-de-georgia-sobre-conducir-bajo-los-efectos-del-alcohol-y-sanciones-penales\/#google_vignette\">Es ilegal conducir con un nivel de alcohol en sangre (BAC) de <\/a><a href=\"https:\/\/thelawreference.com\/dui\/leyes-de-georgia-sobre-conducir-bajo-los-efectos-del-alcohol-y-sanciones-penales\/#google_vignette\"><strong>0.08% o m\u00e1s<\/strong><\/a>. Las sanciones que puede enfrentar un conductor ebrio en Georgia afectan directamente tu reclamo civil.<\/p>\n<p>Entre las penalidades se encuentran:<\/p>\n<p><strong>Primera ofensa:<\/strong><\/p>\n<ul>\n<li>Hasta 1 a\u00f1o en c\u00e1rcel<\/li>\n<li>Multas de $300 a $1,000<\/li>\n<li>Suspensi\u00f3n de licencia por 1 a\u00f1o<\/li>\n<li>40 horas de servicio comunitario<\/li>\n<li>Cuota de reinstalaci\u00f3n de licencia de $210<\/li>\n<\/ul>\n<p><strong>Segunda ofensa en 5 a\u00f1os:<\/strong><\/p>\n<ul>\n<li>M\u00ednimo 48 horas en c\u00e1rcel, hasta 1 a\u00f1o<\/li>\n<li>Multas de $600 a $1,000<\/li>\n<li>Suspensi\u00f3n de licencia por 3 a\u00f1os<\/li>\n<li>30 d\u00edas de servicio comunitario<\/li>\n<li>Programas obligatorios de evaluaci\u00f3n y tratamiento<\/li>\n<\/ul>\n<p><strong>Tercera ofensa en 5 a\u00f1os:<\/strong><\/p>\n<ul>\n<li>M\u00ednimo 15 d\u00edas en c\u00e1rcel<\/li>\n<li>Multas de $1,000 a $5,000<\/li>\n<li>Revocaci\u00f3n de licencia por 5 a\u00f1os<\/li>\n<li>30 d\u00edas de servicio comunitario<\/li>\n<li>Publicaci\u00f3n del nombre en peri\u00f3dico local<\/li>\n<li>Confiscaci\u00f3n de placas, entre otras sanciones<\/li>\n<\/ul>\n<p>Tambi\u00e9n existen leyes de <strong>contenedor abierto<\/strong> y regulaciones de bares y restaurantes bajo las <strong>Dram Shop Laws<\/strong>, que permiten responsabilizar a establecimientos que sirvieron alcohol negligentemente a quien luego caus\u00f3 un accidente.<\/p>\n<h2><strong>Presentar un reclamo contra un conductor ebrio<\/strong><\/h2>\n<p>Como en la mayor\u00eda de los accidentes vehiculares, tu primera opci\u00f3n ser\u00e1 presentar un reclamo ante la aseguradora del conductor responsable. Esto puede permitirte obtener compensaci\u00f3n m\u00e1s r\u00e1pidamente.<\/p>\n<p>Si eso no funciona o si el conductor fue condenado por DUI, puedes presentar una demanda. Aunque el proceso judicial puede tomar m\u00e1s tiempo, tambi\u00e9n puede aumentar la cantidad de compensaci\u00f3n disponible. Tu abogado te explicar\u00e1 cada etapa y te indicar\u00e1 la estrategia m\u00e1s adecuada.<\/p>\n<p>Entre los da\u00f1os que podr\u00edas recuperar se encuentran:<\/p>\n<ul>\n<li>Facturas m\u00e9dicas<\/li>\n<li>Terapias, cirug\u00edas y tratamiento prolongado<\/li>\n<li>Salarios perdidos<\/li>\n<li>Reducci\u00f3n de capacidad de ingresos<\/li>\n<li>Dolor y sufrimiento<\/li>\n<li>Angustia emocional<\/li>\n<\/ul>\n<p>En casos de <strong>negligencia grave<\/strong>, tambi\u00e9n podr\u00edan otorgarse <strong>da\u00f1os punitivos<\/strong>.<\/p>\n<h2><strong>Asegura tu compensaci\u00f3n con el CEO Lawyer<\/strong><\/h2>\n<p>Si un conductor ebrio te lastim\u00f3, mereces una compensaci\u00f3n completa y justa por todas tus p\u00e9rdidas. Sin embargo, obtener ese monto no es sencillo. Las aseguradoras priorizan ganancias sobre pagos y pueden minimizar tus lesiones o culparte parcialmente.<\/p>\n<p>Para evitar estos obst\u00e1culos, es esencial trabajar con un abogado experimentado. En el CEO Lawyer Personal Injury Law Firm sabemos negociar, sabemos reconocer una oferta insuficiente y sabemos c\u00f3mo exigir el monto total que te corresponde.<\/p>\n<p>Nuestro trabajo es proteger tu camino hacia la recuperaci\u00f3n. Lucharemos por asegurar que recibas un monto que cubra todas tus p\u00e9rdidas actuales y futuras.<\/p>\n<h2><strong>Conoce tus derechos con el CEO Lawyer Personal Injury Law Firm<\/strong><\/h2>\n<p>Todos los conductores tienen un deber de cuidado en la carretera. Cuando ese deber se incumple y ocurre un accidente, la v\u00edctima tiene derecho a buscar compensaci\u00f3n. Un abogado de accidentes por conducir ebrio en Georgia puede ayudarte a hacerlo.<\/p>\n<p>Las consecuencias f\u00edsicas, emocionales y econ\u00f3micas de un accidente con un conductor ebrio pueden ser enormes. Para proteger tu futuro, es fundamental contar con asesor\u00eda legal. <a href=\"https:\/\/ceolawyer.com\/espanol\/contacto-con-nosotros\/\">Cont\u00e1ctanos<\/a> o llama al <a href=\"tel:+14708229716\"><strong>(470) 822-9716<\/strong><\/a>.<\/p>\n","protected":false},"excerpt":{"rendered":"<p>En todo el pa\u00eds, millones de conductores manejan bajo los efectos del alcohol cada a\u00f1o. Solo se necesita un segundo para que las acciones negligentes de un conductor afecten la vida de otros en la carretera. Si resultaste lesionado en un accidente, o perdiste a un ser querido, un abogado de accidentes por conducir ebrio [&hellip;]<\/p>\n","protected":false},"author":22,"featured_media":12677,"parent":10962,"menu_order":0,"comment_status":"closed","ping_status":"closed","template":"","meta":{"_acf_changed":false,"footnotes":""},"class_list":["post-11031","page","type-page","status-publish","has-post-thumbnail","hentry"],"acf":[],"yoast_head":"<!-- This site is optimized with the Yoast SEO plugin v27.4 - https:\/\/yoast.com\/product\/yoast-seo-wordpress\/ -->\n<title>Abogado de Conducci\u00f3n en Estado de Ebriedad en Georgia | CEO Lawyer<\/title>\n<meta name=\"description\" content=\"\u00bfEst\u00e1 buscando un abogado especializado en conducir ebrio en Georgia? El bufete de abogados Ali Awad Law puede proporcionar consultas de expertos y asistencia legal para su caso. Ll\u00e1menos hoy.\" \/>\n<meta name=\"robots\" content=\"index, follow, max-snippet:-1, max-image-preview:large, max-video-preview:-1\" \/>\n<link rel=\"canonical\" href=\"https:\/\/ceolawyer.com\/espanol\/abogado-de-lesiones-personales-georgia\/abogado-de-conducir-ebrio\/\" \/>\n<meta property=\"og:locale\" content=\"en_US\" \/>\n<meta property=\"og:type\" content=\"article\" \/>\n<meta property=\"og:title\" content=\"Abogado de Conducci\u00f3n en Estado de Ebriedad en Georgia | CEO Lawyer\" \/>\n<meta property=\"og:description\" content=\"\u00bfEst\u00e1 buscando un abogado especializado en conducir ebrio en Georgia? El bufete de abogados Ali Awad Law puede proporcionar consultas de expertos y asistencia legal para su caso. Ll\u00e1menos hoy.\" \/>\n<meta property=\"og:url\" content=\"https:\/\/ceolawyer.com\/espanol\/abogado-de-lesiones-personales-georgia\/abogado-de-conducir-ebrio\/\" \/>\n<meta property=\"og:site_name\" content=\"CEO Lawyer\" \/>\n<meta property=\"article:modified_time\" content=\"2025-12-16T15:36:23+00:00\" \/>\n<meta property=\"og:image\" content=\"https:\/\/ceolawyer.com\/espanol\/wp-content\/uploads\/sites\/2\/2025\/12\/georgia-drunk-driving-accident-lawyer.webp\" \/>\n\t<meta property=\"og:image:width\" content=\"500\" \/>\n\t<meta property=\"og:image:height\" content=\"281\" \/>\n\t<meta property=\"og:image:type\" content=\"image\/webp\" \/>\n<meta name=\"twitter:card\" content=\"summary_large_image\" \/>\n<meta name=\"twitter:label1\" content=\"Est. reading time\" \/>\n\t<meta name=\"twitter:data1\" content=\"6 minutes\" \/>\n<script type=\"application\/ld+json\" class=\"yoast-schema-graph\">{\"@context\":\"https:\\\/\\\/schema.org\",\"@graph\":[{\"@type\":\"WebPage\",\"@id\":\"https:\\\/\\\/ceolawyer.com\\\/espanol\\\/abogado-de-lesiones-personales-georgia\\\/abogado-de-conducir-ebrio\\\/\",\"url\":\"https:\\\/\\\/ceolawyer.com\\\/espanol\\\/abogado-de-lesiones-personales-georgia\\\/abogado-de-conducir-ebrio\\\/\",\"name\":\"Abogado de Conducci\u00f3n en Estado de Ebriedad en Georgia | CEO Lawyer\",\"isPartOf\":{\"@id\":\"https:\\\/\\\/ceolawyer.com\\\/espanol\\\/#website\"},\"primaryImageOfPage\":{\"@id\":\"https:\\\/\\\/ceolawyer.com\\\/espanol\\\/abogado-de-lesiones-personales-georgia\\\/abogado-de-conducir-ebrio\\\/#primaryimage\"},\"image\":{\"@id\":\"https:\\\/\\\/ceolawyer.com\\\/espanol\\\/abogado-de-lesiones-personales-georgia\\\/abogado-de-conducir-ebrio\\\/#primaryimage\"},\"thumbnailUrl\":\"https:\\\/\\\/ceolawyer.com\\\/espanol\\\/wp-content\\\/uploads\\\/sites\\\/2\\\/2025\\\/12\\\/georgia-drunk-driving-accident-lawyer.webp\",\"datePublished\":\"2022-05-18T20:42:22+00:00\",\"dateModified\":\"2025-12-16T15:36:23+00:00\",\"description\":\"\u00bfEst\u00e1 buscando un abogado especializado en conducir ebrio en Georgia? El bufete de abogados Ali Awad Law puede proporcionar consultas de expertos y asistencia legal para su caso. Ll\u00e1menos hoy.\",\"breadcrumb\":{\"@id\":\"https:\\\/\\\/ceolawyer.com\\\/espanol\\\/abogado-de-lesiones-personales-georgia\\\/abogado-de-conducir-ebrio\\\/#breadcrumb\"},\"inLanguage\":\"en-US\",\"potentialAction\":[{\"@type\":\"ReadAction\",\"target\":[\"https:\\\/\\\/ceolawyer.com\\\/espanol\\\/abogado-de-lesiones-personales-georgia\\\/abogado-de-conducir-ebrio\\\/\"]}]},{\"@type\":\"ImageObject\",\"inLanguage\":\"en-US\",\"@id\":\"https:\\\/\\\/ceolawyer.com\\\/espanol\\\/abogado-de-lesiones-personales-georgia\\\/abogado-de-conducir-ebrio\\\/#primaryimage\",\"url\":\"https:\\\/\\\/ceolawyer.com\\\/espanol\\\/wp-content\\\/uploads\\\/sites\\\/2\\\/2025\\\/12\\\/georgia-drunk-driving-accident-lawyer.webp\",\"contentUrl\":\"https:\\\/\\\/ceolawyer.com\\\/espanol\\\/wp-content\\\/uploads\\\/sites\\\/2\\\/2025\\\/12\\\/georgia-drunk-driving-accident-lawyer.webp\",\"width\":500,\"height\":281,\"caption\":\"Accidente por conducir ebrio en Georgia\"},{\"@type\":\"BreadcrumbList\",\"@id\":\"https:\\\/\\\/ceolawyer.com\\\/espanol\\\/abogado-de-lesiones-personales-georgia\\\/abogado-de-conducir-ebrio\\\/#breadcrumb\",\"itemListElement\":[{\"@type\":\"ListItem\",\"position\":1,\"name\":\"Home\",\"item\":\"https:\\\/\\\/ceolawyer.com\\\/espanol\\\/\"},{\"@type\":\"ListItem\",\"position\":2,\"name\":\"Abogado de Lesiones Personales de Georgia\",\"item\":\"https:\\\/\\\/ceolawyer.com\\\/espanol\\\/abogado-de-lesiones-personales-georgia\\\/\"},{\"@type\":\"ListItem\",\"position\":3,\"name\":\"Abogado de Conducci\u00f3n en Estado de Ebriedad en Georgia\"}]},{\"@type\":\"WebSite\",\"@id\":\"https:\\\/\\\/ceolawyer.com\\\/espanol\\\/#website\",\"url\":\"https:\\\/\\\/ceolawyer.com\\\/espanol\\\/\",\"name\":\"CEO Lawyer\",\"description\":\"Personal Injury Attorney\",\"publisher\":{\"@id\":\"https:\\\/\\\/ceolawyer.com\\\/espanol\\\/#organization\"},\"potentialAction\":[{\"@type\":\"SearchAction\",\"target\":{\"@type\":\"EntryPoint\",\"urlTemplate\":\"https:\\\/\\\/ceolawyer.com\\\/espanol\\\/?s={search_term_string}\"},\"query-input\":{\"@type\":\"PropertyValueSpecification\",\"valueRequired\":true,\"valueName\":\"search_term_string\"}}],\"inLanguage\":\"en-US\"},{\"@type\":\"Organization\",\"@id\":\"https:\\\/\\\/ceolawyer.com\\\/espanol\\\/#organization\",\"name\":\"CEO Lawyer\",\"url\":\"https:\\\/\\\/ceolawyer.com\\\/espanol\\\/\",\"logo\":{\"@type\":\"ImageObject\",\"inLanguage\":\"en-US\",\"@id\":\"https:\\\/\\\/ceolawyer.com\\\/espanol\\\/#\\\/schema\\\/logo\\\/image\\\/\",\"url\":\"https:\\\/\\\/ceolawyer.com\\\/espanol\\\/wp-content\\\/uploads\\\/sites\\\/2\\\/2022\\\/05\\\/CEO_Logo.png\",\"contentUrl\":\"https:\\\/\\\/ceolawyer.com\\\/espanol\\\/wp-content\\\/uploads\\\/sites\\\/2\\\/2022\\\/05\\\/CEO_Logo.png\",\"width\":200,\"height\":108,\"caption\":\"CEO Lawyer\"},\"image\":{\"@id\":\"https:\\\/\\\/ceolawyer.com\\\/espanol\\\/#\\\/schema\\\/logo\\\/image\\\/\"}}]}<\/script>\n<!-- \/ Yoast SEO plugin. -->","yoast_head_json":{"title":"Abogado de Conducci\u00f3n en Estado de Ebriedad en Georgia | CEO Lawyer","description":"\u00bfEst\u00e1 buscando un abogado especializado en conducir ebrio en Georgia? El bufete de abogados Ali Awad Law puede proporcionar consultas de expertos y asistencia legal para su caso. Ll\u00e1menos hoy.","robots":{"index":"index","follow":"follow","max-snippet":"max-snippet:-1","max-image-preview":"max-image-preview:large","max-video-preview":"max-video-preview:-1"},"canonical":"https:\/\/ceolawyer.com\/espanol\/abogado-de-lesiones-personales-georgia\/abogado-de-conducir-ebrio\/","og_locale":"en_US","og_type":"article","og_title":"Abogado de Conducci\u00f3n en Estado de Ebriedad en Georgia | CEO Lawyer","og_description":"\u00bfEst\u00e1 buscando un abogado especializado en conducir ebrio en Georgia? El bufete de abogados Ali Awad Law puede proporcionar consultas de expertos y asistencia legal para su caso. Ll\u00e1menos hoy.","og_url":"https:\/\/ceolawyer.com\/espanol\/abogado-de-lesiones-personales-georgia\/abogado-de-conducir-ebrio\/","og_site_name":"CEO Lawyer","article_modified_time":"2025-12-16T15:36:23+00:00","og_image":[{"width":500,"height":281,"url":"https:\/\/ceolawyer.com\/espanol\/wp-content\/uploads\/sites\/2\/2025\/12\/georgia-drunk-driving-accident-lawyer.webp","type":"image\/webp"}],"twitter_card":"summary_large_image","twitter_misc":{"Est. reading time":"6 minutes"},"schema":{"@context":"https:\/\/schema.org","@graph":[{"@type":"WebPage","@id":"https:\/\/ceolawyer.com\/espanol\/abogado-de-lesiones-personales-georgia\/abogado-de-conducir-ebrio\/","url":"https:\/\/ceolawyer.com\/espanol\/abogado-de-lesiones-personales-georgia\/abogado-de-conducir-ebrio\/","name":"Abogado de Conducci\u00f3n en Estado de Ebriedad en Georgia | CEO Lawyer","isPartOf":{"@id":"https:\/\/ceolawyer.com\/espanol\/#website"},"primaryImageOfPage":{"@id":"https:\/\/ceolawyer.com\/espanol\/abogado-de-lesiones-personales-georgia\/abogado-de-conducir-ebrio\/#primaryimage"},"image":{"@id":"https:\/\/ceolawyer.com\/espanol\/abogado-de-lesiones-personales-georgia\/abogado-de-conducir-ebrio\/#primaryimage"},"thumbnailUrl":"https:\/\/ceolawyer.com\/espanol\/wp-content\/uploads\/sites\/2\/2025\/12\/georgia-drunk-driving-accident-lawyer.webp","datePublished":"2022-05-18T20:42:22+00:00","dateModified":"2025-12-16T15:36:23+00:00","description":"\u00bfEst\u00e1 buscando un abogado especializado en conducir ebrio en Georgia? El bufete de abogados Ali Awad Law puede proporcionar consultas de expertos y asistencia legal para su caso. Ll\u00e1menos hoy.","breadcrumb":{"@id":"https:\/\/ceolawyer.com\/espanol\/abogado-de-lesiones-personales-georgia\/abogado-de-conducir-ebrio\/#breadcrumb"},"inLanguage":"en-US","potentialAction":[{"@type":"ReadAction","target":["https:\/\/ceolawyer.com\/espanol\/abogado-de-lesiones-personales-georgia\/abogado-de-conducir-ebrio\/"]}]},{"@type":"ImageObject","inLanguage":"en-US","@id":"https:\/\/ceolawyer.com\/espanol\/abogado-de-lesiones-personales-georgia\/abogado-de-conducir-ebrio\/#primaryimage","url":"https:\/\/ceolawyer.com\/espanol\/wp-content\/uploads\/sites\/2\/2025\/12\/georgia-drunk-driving-accident-lawyer.webp","contentUrl":"https:\/\/ceolawyer.com\/espanol\/wp-content\/uploads\/sites\/2\/2025\/12\/georgia-drunk-driving-accident-lawyer.webp","width":500,"height":281,"caption":"Accidente por conducir ebrio en Georgia"},{"@type":"BreadcrumbList","@id":"https:\/\/ceolawyer.com\/espanol\/abogado-de-lesiones-personales-georgia\/abogado-de-conducir-ebrio\/#breadcrumb","itemListElement":[{"@type":"ListItem","position":1,"name":"Home","item":"https:\/\/ceolawyer.com\/espanol\/"},{"@type":"ListItem","position":2,"name":"Abogado de Lesiones Personales de Georgia","item":"https:\/\/ceolawyer.com\/espanol\/abogado-de-lesiones-personales-georgia\/"},{"@type":"ListItem","position":3,"name":"Abogado de Conducci\u00f3n en Estado de Ebriedad en Georgia"}]},{"@type":"WebSite","@id":"https:\/\/ceolawyer.com\/espanol\/#website","url":"https:\/\/ceolawyer.com\/espanol\/","name":"CEO Lawyer","description":"Personal Injury Attorney","publisher":{"@id":"https:\/\/ceolawyer.com\/espanol\/#organization"},"potentialAction":[{"@type":"SearchAction","target":{"@type":"EntryPoint","urlTemplate":"https:\/\/ceolawyer.com\/espanol\/?s={search_term_string}"},"query-input":{"@type":"PropertyValueSpecification","valueRequired":true,"valueName":"search_term_string"}}],"inLanguage":"en-US"},{"@type":"Organization","@id":"https:\/\/ceolawyer.com\/espanol\/#organization","name":"CEO Lawyer","url":"https:\/\/ceolawyer.com\/espanol\/","logo":{"@type":"ImageObject","inLanguage":"en-US","@id":"https:\/\/ceolawyer.com\/espanol\/#\/schema\/logo\/image\/","url":"https:\/\/ceolawyer.com\/espanol\/wp-content\/uploads\/sites\/2\/2022\/05\/CEO_Logo.png","contentUrl":"https:\/\/ceolawyer.com\/espanol\/wp-content\/uploads\/sites\/2\/2022\/05\/CEO_Logo.png","width":200,"height":108,"caption":"CEO Lawyer"},"image":{"@id":"https:\/\/ceolawyer.com\/espanol\/#\/schema\/logo\/image\/"}}]}},"_links":{"self":[{"href":"https:\/\/ceolawyer.com\/espanol\/wp-json\/wp\/v2\/pages\/11031","targetHints":{"allow":["GET"]}}],"collection":[{"href":"https:\/\/ceolawyer.com\/espanol\/wp-json\/wp\/v2\/pages"}],"about":[{"href":"https:\/\/ceolawyer.com\/espanol\/wp-json\/wp\/v2\/types\/page"}],"author":[{"embeddable":true,"href":"https:\/\/ceolawyer.com\/espanol\/wp-json\/wp\/v2\/users\/22"}],"replies":[{"embeddable":true,"href":"https:\/\/ceolawyer.com\/espanol\/wp-json\/wp\/v2\/comments?post=11031"}],"version-history":[{"count":0,"href":"https:\/\/ceolawyer.com\/espanol\/wp-json\/wp\/v2\/pages\/11031\/revisions"}],"up":[{"embeddable":true,"href":"https:\/\/ceolawyer.com\/espanol\/wp-json\/wp\/v2\/pages\/10962"}],"wp:featuredmedia":[{"embeddable":true,"href":"https:\/\/ceolawyer.com\/espanol\/wp-json\/wp\/v2\/media\/12677"}],"wp:attachment":[{"href":"https:\/\/ceolawyer.com\/espanol\/wp-json\/wp\/v2\/media?parent=11031"}],"curies":[{"name":"wp","href":"https:\/\/api.w.org\/{rel}","templated":true}]}}