{"id":11054,"date":"2022-05-19T15:50:04","date_gmt":"2022-05-19T15:50:04","guid":{"rendered":"https:\/\/ceolawyer.com\/espanol\/?page_id=11054"},"modified":"2025-12-16T17:05:50","modified_gmt":"2025-12-16T17:05:50","slug":"abogado-de-resbalones-y-caida","status":"publish","type":"page","link":"https:\/\/ceolawyer.com\/espanol\/abogado-de-lesiones-personales-georgia\/abogado-de-resbalones-y-caida\/","title":{"rendered":"Abogado de Resbalones y Ca\u00eddas de Georgia"},"content":{"rendered":"<p><img decoding=\"async\" class=\"alignright size-full wp-image-12689\" src=\"https:\/\/ceolawyer.com\/espanol\/wp-content\/uploads\/sites\/2\/2025\/12\/georgia-slip-and-fall-accident-lawyer.webp\" alt=\"Accidente de resbal\u00f3n y ca\u00edda en Georgia\" width=\"500\" height=\"333\" srcset=\"https:\/\/ceolawyer.com\/espanol\/wp-content\/uploads\/sites\/2\/2025\/12\/georgia-slip-and-fall-accident-lawyer.webp 500w, https:\/\/ceolawyer.com\/espanol\/wp-content\/uploads\/sites\/2\/2025\/12\/georgia-slip-and-fall-accident-lawyer-300x200.webp 300w\" sizes=\"(max-width: 500px) 100vw, 500px\" \/>Todas las personas se han resbalado o tropezado alguna vez. Lo preocupante de los accidentes por <strong>resbalones, tropiezos y ca\u00eddas<\/strong> es que pueden ocurrir en cualquier lugar y en cualquier momento. Aunque se pueden tomar medidas para reducir el riesgo, nunca se puede eliminar por completo, especialmente cuando nadie te advierte y no puedes prever el peligro en la propiedad de otra persona.<\/p>\n<p>Si t\u00fa o un ser querido sufrieron un <strong>accidente de resbal\u00f3n y ca\u00edda<\/strong>, ponte en contacto con el <strong>CEO Lawyer Personal Injury Law Firm<\/strong> en Georgia. Cuando las cosas se ponen dif\u00edciles, necesitas a un equipo de abogados decidido a tu lado. Luchamos con firmeza para encontrar la evidencia y los argumentos legales necesarios para darle a tu reclamo una alta probabilidad de \u00e9xito.<\/p>\n<p>Nuestro despacho est\u00e1 en Atlanta, y nuestro equipo de abogados de lesiones y accidentes puede desplazarse r\u00e1pidamente hacia ti cuando m\u00e1s lo necesitas. Programa hoy mismo tu <strong>consulta gratuita y sin obligaci\u00f3n<\/strong> con uno de nuestros abogados, que quiere ayudarte a tener la oportunidad de obtener una compensaci\u00f3n justa por tus lesiones.<\/p>\n<p>Como siempre, <strong>no cobramos nada por adelantado<\/strong>: solo recibimos honorarios si logramos recuperar dinero para ti.<br \/>\nCont\u00e1ctanos en l\u00ednea o llama al <a href=\"tel:+14708229716\"><strong>(470) 822-9716<\/strong><\/a> para que podamos empezar a luchar por ti.<\/p>\n<h2><strong>Defendiendo a V\u00edctimas de Resbalones y Ca\u00eddas en el Estado de Georgia<\/strong><\/h2>\n<p>Ya sea que est\u00e9s en <strong>Truist Park<\/strong> viendo a los Braves o de compras en <strong>Atlantic Station<\/strong>, siempre existe el riesgo de sufrir una ca\u00edda. Estos accidentes pueden ocurrir en:<\/p>\n<ul>\n<li>Negocios y tiendas<\/li>\n<li>Pasillos o escaleras<\/li>\n<li>Aceras y estacionamientos<\/li>\n<li>Viviendas privadas<\/li>\n<\/ul>\n<p>A veces, un accidente de este tipo es solo eso: un accidente. Pero cuando se determina que ocurri\u00f3 por <strong>negligencia del due\u00f1o de la propiedad u otra parte responsable<\/strong>, podr\u00edas exigirles responsabilidad por tus lesiones.<\/p>\n<p>Este tipo de accidentes puede cambiar tu vida:<\/p>\n<ul>\n<li>Facturas de hospital y terapia f\u00edsica<\/li>\n<li>Salarios perdidos<\/li>\n<li>Dolor f\u00edsico y emocional<\/li>\n<\/ul>\n<p>Para tener la oportunidad favorable de recuperar la compensaci\u00f3n que necesitas, es fundamental contar con un <strong>abogado experimentado en accidentes de resbalones y ca\u00eddas en Georgia<\/strong> que te acompa\u00f1e en cada paso.<\/p>\n<p>Desde explicarte por d\u00f3nde empezar hasta recibir el cheque de la aseguradora al final del caso, un abogado del <strong>CEO Lawyer Personal Injury Law Firm<\/strong> estar\u00e1 contigo.<\/p>\n<h2><strong>Causas Comunes de Accidentes de Resbalones y Ca\u00eddas<\/strong><\/h2>\n<p>Los accidentes de resbal\u00f3n y ca\u00edda pueden ocurrir casi en cualquier lugar, pero ciertos factores y lugares son especialmente riesgosos:<\/p>\n<p><strong>Superficies mojadas o resbalosas<\/strong><\/p>\n<ul>\n<li>L\u00edquidos derramados<\/li>\n<li>Pisos reci\u00e9n trapeados<\/li>\n<li>Lluvia, lodo o nieve tra\u00eddos por los zapatos<\/li>\n<li>Materiales naturalmente resbalosos (como piedra pulida o vidrio)<\/li>\n<li>Hielo en exteriores<\/li>\n<\/ul>\n<p><strong>\u00c1reas desordenadas o llenas de obst\u00e1culos<\/strong><\/p>\n<ul>\n<li>Pasillos o corredores con cajas, cables o mercanc\u00eda<\/li>\n<li>Pasos bloqueados por equipos o mobiliario<\/li>\n<\/ul>\n<p><strong>Superficies irregulares o da\u00f1adas<\/strong><\/p>\n<ul>\n<li>Banquetas levantadas o rotas<\/li>\n<li>Baches<\/li>\n<li>Alfombras levantadas, arrugadas o sueltas<\/li>\n<\/ul>\n<p><strong>Iluminaci\u00f3n deficiente<\/strong><\/p>\n<ul>\n<li>Pasillos, escaleras o estacionamientos con poca luz, donde no se ve bien el piso<\/li>\n<\/ul>\n<p><strong>Falta de mantenimiento en la propiedad<\/strong><\/p>\n<ul>\n<li>Escaleras o rampas en mal estado<\/li>\n<li>Barandales flojos o inexistentes<\/li>\n<\/ul>\n<p><strong>Falta de advertencias claras<\/strong><\/p>\n<ul>\n<li>Ausencia de se\u00f1alamientos de \u201cpiso mojado\u201d<\/li>\n<li>Cambios de nivel poco visibles sin letreros<\/li>\n<li>Obras o remodelaciones sin se\u00f1alizaci\u00f3n<\/li>\n<\/ul>\n<p>Estos peligros son frecuentes en sitios como:<\/p>\n<ul>\n<li>Supermercados y tiendas minoristas<\/li>\n<li>Estacionamientos y aceras<\/li>\n<li>Restaurantes y bares<\/li>\n<li>Parques y \u00e1reas recreativas<\/li>\n<li>Estadios y teatros<\/li>\n<li>Parques de diversiones y tem\u00e1ticos<\/li>\n<\/ul>\n<p>No tiene sentido dejar de ir a todos estos lugares, pero s\u00ed es importante mantenerte alerta y caminar con precauci\u00f3n, sobre todo cuando el piso est\u00e1 mojado o hay obras en curso. Aun as\u00ed, <strong>no puedes prever ni controlar todo<\/strong>, y t\u00fa no eres la persona responsable de mantener la propiedad en condiciones seguras: esa obligaci\u00f3n es del due\u00f1o o del encargado.<\/p>\n<h2><strong>Lesiones Frecuentes en Accidentes de Resbalones y Ca\u00eddas<\/strong><\/h2>\n<p>Aunque muchos resbalones no causan da\u00f1os graves, los CDC estiman que alrededor del <strong>20%<\/strong> de las ca\u00eddas provocan lesiones moderadas o severas. El riesgo es especialmente alto en personas de <strong>65 a\u00f1os o m\u00e1s<\/strong>.<\/p>\n<p>Entre las lesiones m\u00e1s comunes se encuentran:<\/p>\n<ul>\n<li><strong>Fracturas \u00f3seas<\/strong> (cadera, mu\u00f1eca, brazo, tobillo, costillas, etc.)<\/li>\n<li><strong>Lesiones cerebrales traum\u00e1ticas (TBI)<\/strong> y conmociones<\/li>\n<li><strong>Lesiones de tejidos blandos<\/strong> (esguinces, desgarros, moretones profundos)<\/li>\n<li><strong>Lesiones de espalda y columna vertebral<\/strong><\/li>\n<li><strong>Lesiones de cuello y hombros<\/strong><\/li>\n<li><strong>Esguinces en mu\u00f1ecas y tobillos<\/strong><\/li>\n<li><strong>Cortes, raspaduras y laceraciones<\/strong><\/li>\n<\/ul>\n<p>Aunque al principio pienses que \u201cno fue nada\u201d, es muy importante <strong>consultar a un m\u00e9dico<\/strong> despu\u00e9s de una ca\u00edda, sobre todo si te golpeaste la cabeza. Muchas lesiones no se manifiestan de inmediato, y se requieren pruebas m\u00e9dicas para diagnosticarlas.<\/p>\n<p>Si crees que tu ca\u00edda se debi\u00f3 a la <strong>negligencia del due\u00f1o de la propiedad<\/strong>, tambi\u00e9n es clave que tus lesiones queden <strong>documentadas<\/strong> por un profesional de la salud lo antes posible. Esto sirve como:<\/p>\n<ul>\n<li>Prueba de que el accidente caus\u00f3 las lesiones<\/li>\n<li>Evidencia de la gravedad de tus da\u00f1os desde el inicio<\/li>\n<\/ul>\n<h2><strong>\u00bfLa Aseguradora Me Va a Ayudar de Verdad?<\/strong><\/h2>\n<p>A primera vista, parece que la compa\u00f1\u00eda de seguros est\u00e1 ah\u00ed para apoyarte:<\/p>\n<ul>\n<li>Operadores amables por tel\u00e9fono<\/li>\n<li>Formularios \u201cr\u00e1pidos y f\u00e1ciles\u201d para reportar el siniestro<\/li>\n<li>Un discurso de que \u201cest\u00e1n contigo\u201d<\/li>\n<\/ul>\n<p>En la pr\u00e1ctica, las aseguradoras tienen un solo objetivo principal: <strong>ganar dinero<\/strong>. Eso significa pagar lo menos posible en cada reclamo.<\/p>\n<p>Si tuviste un accidente serio, probablemente te est\u00e1s enfrentando a:<\/p>\n<ul>\n<li>Estancias en el hospital<\/li>\n<li>Estudios m\u00e9dicos y terapias<\/li>\n<li>Medicamentos<\/li>\n<li>Nuevos m\u00e9dicos o especialistas<\/li>\n<li>D\u00edas o semanas sin poder trabajar<\/li>\n<\/ul>\n<p>Mientras tanto, tus gastos mensuales siguen corriendo. Las aseguradoras saben que est\u00e1s bajo presi\u00f3n y, por eso, suelen ofrecer un <strong>acuerdo r\u00e1pido y bajo<\/strong> esperando que lo aceptes por necesidad.<\/p>\n<p>Aqu\u00ed es donde un <strong>abogado de accidentes por resbalones y ca\u00eddas<\/strong> puede marcar la diferencia.<br \/>\nEn el <strong>CEO Lawyer Personal Injury Law Firm<\/strong>, sabemos <a href=\"https:\/\/consumer.georgia.gov\/resolve-your-dispute\/other-options-resolving-your-dispute\">c\u00f3mo operan las compa\u00f1\u00edas<\/a> de seguros y <strong>peleamos por un monto que refleje realmente tus da\u00f1os<\/strong>, no solo lo m\u00ednimo que ellos quieren pagar.<\/p>\n<h2><strong>Tu Caso de Lesiones Puede Incluir Compensaci\u00f3n por:<\/strong><\/h2>\n<ul>\n<li><strong>Gastos m\u00e9dicos pasados<\/strong><\/li>\n<li><strong>Gastos m\u00e9dicos futuros y rehabilitaci\u00f3n<\/strong><\/li>\n<li><strong>Salarios perdidos<\/strong><\/li>\n<li><strong>Dolor y sufrimiento<\/strong><\/li>\n<li><strong>P\u00e9rdida de compa\u00f1\u00eda o afecto (loss of consortium)<\/strong><\/li>\n<li><strong>Gastos de traslado<\/strong> (citas m\u00e9dicas, rehabilitaci\u00f3n, etc.)<\/li>\n<\/ul>\n<h2><strong>\u00bfQu\u00e9 Otras Ventajas Tiene Contratar a un Abogado de Resbalones y Ca\u00eddas?<\/strong><\/h2>\n<p>Adem\u00e1s de negociar con la aseguradora, en el <strong>CEO Lawyer Personal Injury Law Firm<\/strong> buscamos ir m\u00e1s all\u00e1 para ayudarte a retomar tu vida. Seg\u00fan tu caso, podemos:<\/p>\n<ul>\n<li><strong>Ayudarte a encontrar un m\u00e9dico<\/strong> que acepte tratarte sin cobrarte de inmediato de tu bolsillo<\/li>\n<li><strong>Conectarte con opciones de pr\u00e9stamos preacuerdo (pre-settlement loans)<\/strong><\/li>\n<li><strong>Reunir y organizar evidencia<\/strong>, como:\n<ul>\n<li>Reportes policiales<\/li>\n<li>Fotograf\u00edas y videos de la escena<\/li>\n<li>Registros m\u00e9dicos y notas de tus doctores<\/li>\n<li>Declaraciones de testigos<\/li>\n<li>Cualquier otro documento que fortalezca tu reclamo<\/li>\n<\/ul>\n<\/li>\n<\/ul>\n<h2><strong>Contrata Abogados Experimentados en Resbalones y Ca\u00eddas en Georgia<\/strong><\/h2>\n<p>Si t\u00fa o un ser querido sufrieron un <strong>accidente de resbal\u00f3n y ca\u00edda en Georgia<\/strong>, el <strong>CEO Lawyer Personal Injury Law Firm<\/strong> tiene la experiencia y la dedicaci\u00f3n que est\u00e1s buscando. Lucharemos contra las aseguradoras y, si se niegan a pagar lo justo, <strong>no dudaremos en llevar el caso m\u00e1s lejos<\/strong>: presentar una demanda o ir a juicio si es necesario.<\/p>\n<p>Despu\u00e9s de un accidente, lo que m\u00e1s necesitas es <strong>descansar y sanar<\/strong>. Contratar a un <strong>abogado de lesiones en Georgia<\/strong> te permite enfocarte en tu recuperaci\u00f3n mientras alguien de confianza protege tus derechos y pelea por la compensaci\u00f3n que necesitas para retomar tu vida.<\/p>\n<p>Llama al <a href=\"tel:+14708229716\"><strong>(470) 822-9716<\/strong><\/a> para agendar tu <strong>consulta completamente gratuita y sin obligaci\u00f3n<\/strong> con uno de nuestros abogados. Escucharemos los detalles de tu caso y te daremos retroalimentaci\u00f3n personalizada sobre c\u00f3mo avanzar de forma efectiva para buscar la compensaci\u00f3n que mereces.<\/p>\n<p>No lo dejes pasar: <a href=\"https:\/\/ceolawyer.com\/espanol\/contacto-con-nosotros\/\"><strong>cont\u00e1ctanos ahora<\/strong><\/a> para que podamos empezar a luchar por ti.<\/p>\n","protected":false},"excerpt":{"rendered":"<p>Todas las personas se han resbalado o tropezado alguna vez. Lo preocupante de los accidentes por resbalones, tropiezos y ca\u00eddas es que pueden ocurrir en cualquier lugar y en cualquier momento. Aunque se pueden tomar medidas para reducir el riesgo, nunca se puede eliminar por completo, especialmente cuando nadie te advierte y no puedes prever [&hellip;]<\/p>\n","protected":false},"author":22,"featured_media":12689,"parent":10962,"menu_order":0,"comment_status":"closed","ping_status":"closed","template":"","meta":{"_acf_changed":false,"footnotes":""},"class_list":["post-11054","page","type-page","status-publish","has-post-thumbnail","hentry"],"acf":[],"yoast_head":"<!-- This site is optimized with the Yoast SEO plugin v27.4 - https:\/\/yoast.com\/product\/yoast-seo-wordpress\/ -->\n<title>Abogado de Resbalones y Ca\u00eddas de Georgia | CEO Lawyer<\/title>\n<meta name=\"description\" content=\"\u00bfEst\u00e1 buscando un abogado de resbalones y ca\u00eddas en Georgia? Ali Awad Law puede proporcionar consultas de expertos y asistencia legal para su caso legal. Ll\u00e1menos hoy.\" \/>\n<meta name=\"robots\" content=\"index, follow, max-snippet:-1, max-image-preview:large, max-video-preview:-1\" \/>\n<link rel=\"canonical\" href=\"https:\/\/ceolawyer.com\/espanol\/abogado-de-lesiones-personales-georgia\/abogado-de-resbalones-y-caida\/\" \/>\n<meta property=\"og:locale\" content=\"en_US\" \/>\n<meta property=\"og:type\" content=\"article\" \/>\n<meta property=\"og:title\" content=\"Abogado de Resbalones y Ca\u00eddas de Georgia | CEO Lawyer\" \/>\n<meta property=\"og:description\" content=\"\u00bfEst\u00e1 buscando un abogado de resbalones y ca\u00eddas en Georgia? Ali Awad Law puede proporcionar consultas de expertos y asistencia legal para su caso legal. Ll\u00e1menos hoy.\" \/>\n<meta property=\"og:url\" content=\"https:\/\/ceolawyer.com\/espanol\/abogado-de-lesiones-personales-georgia\/abogado-de-resbalones-y-caida\/\" \/>\n<meta property=\"og:site_name\" content=\"CEO Lawyer\" \/>\n<meta property=\"article:modified_time\" content=\"2025-12-16T17:05:50+00:00\" \/>\n<meta property=\"og:image\" content=\"https:\/\/ceolawyer.com\/espanol\/wp-content\/uploads\/sites\/2\/2025\/12\/georgia-slip-and-fall-accident-lawyer.webp\" \/>\n\t<meta property=\"og:image:width\" content=\"500\" \/>\n\t<meta property=\"og:image:height\" content=\"333\" \/>\n\t<meta property=\"og:image:type\" content=\"image\/webp\" \/>\n<meta name=\"twitter:card\" content=\"summary_large_image\" \/>\n<meta name=\"twitter:label1\" content=\"Est. reading time\" \/>\n\t<meta name=\"twitter:data1\" content=\"6 minutes\" \/>\n<script type=\"application\/ld+json\" class=\"yoast-schema-graph\">{\"@context\":\"https:\\\/\\\/schema.org\",\"@graph\":[{\"@type\":\"WebPage\",\"@id\":\"https:\\\/\\\/ceolawyer.com\\\/espanol\\\/abogado-de-lesiones-personales-georgia\\\/abogado-de-resbalones-y-caida\\\/\",\"url\":\"https:\\\/\\\/ceolawyer.com\\\/espanol\\\/abogado-de-lesiones-personales-georgia\\\/abogado-de-resbalones-y-caida\\\/\",\"name\":\"Abogado de Resbalones y Ca\u00eddas de Georgia | CEO Lawyer\",\"isPartOf\":{\"@id\":\"https:\\\/\\\/ceolawyer.com\\\/espanol\\\/#website\"},\"primaryImageOfPage\":{\"@id\":\"https:\\\/\\\/ceolawyer.com\\\/espanol\\\/abogado-de-lesiones-personales-georgia\\\/abogado-de-resbalones-y-caida\\\/#primaryimage\"},\"image\":{\"@id\":\"https:\\\/\\\/ceolawyer.com\\\/espanol\\\/abogado-de-lesiones-personales-georgia\\\/abogado-de-resbalones-y-caida\\\/#primaryimage\"},\"thumbnailUrl\":\"https:\\\/\\\/ceolawyer.com\\\/espanol\\\/wp-content\\\/uploads\\\/sites\\\/2\\\/2025\\\/12\\\/georgia-slip-and-fall-accident-lawyer.webp\",\"datePublished\":\"2022-05-19T15:50:04+00:00\",\"dateModified\":\"2025-12-16T17:05:50+00:00\",\"description\":\"\u00bfEst\u00e1 buscando un abogado de resbalones y ca\u00eddas en Georgia? Ali Awad Law puede proporcionar consultas de expertos y asistencia legal para su caso legal. Ll\u00e1menos hoy.\",\"breadcrumb\":{\"@id\":\"https:\\\/\\\/ceolawyer.com\\\/espanol\\\/abogado-de-lesiones-personales-georgia\\\/abogado-de-resbalones-y-caida\\\/#breadcrumb\"},\"inLanguage\":\"en-US\",\"potentialAction\":[{\"@type\":\"ReadAction\",\"target\":[\"https:\\\/\\\/ceolawyer.com\\\/espanol\\\/abogado-de-lesiones-personales-georgia\\\/abogado-de-resbalones-y-caida\\\/\"]}]},{\"@type\":\"ImageObject\",\"inLanguage\":\"en-US\",\"@id\":\"https:\\\/\\\/ceolawyer.com\\\/espanol\\\/abogado-de-lesiones-personales-georgia\\\/abogado-de-resbalones-y-caida\\\/#primaryimage\",\"url\":\"https:\\\/\\\/ceolawyer.com\\\/espanol\\\/wp-content\\\/uploads\\\/sites\\\/2\\\/2025\\\/12\\\/georgia-slip-and-fall-accident-lawyer.webp\",\"contentUrl\":\"https:\\\/\\\/ceolawyer.com\\\/espanol\\\/wp-content\\\/uploads\\\/sites\\\/2\\\/2025\\\/12\\\/georgia-slip-and-fall-accident-lawyer.webp\",\"width\":500,\"height\":333,\"caption\":\"Accidente de resbal\u00f3n y ca\u00edda en Georgia\"},{\"@type\":\"BreadcrumbList\",\"@id\":\"https:\\\/\\\/ceolawyer.com\\\/espanol\\\/abogado-de-lesiones-personales-georgia\\\/abogado-de-resbalones-y-caida\\\/#breadcrumb\",\"itemListElement\":[{\"@type\":\"ListItem\",\"position\":1,\"name\":\"Home\",\"item\":\"https:\\\/\\\/ceolawyer.com\\\/espanol\\\/\"},{\"@type\":\"ListItem\",\"position\":2,\"name\":\"Abogado de Lesiones Personales de Georgia\",\"item\":\"https:\\\/\\\/ceolawyer.com\\\/espanol\\\/abogado-de-lesiones-personales-georgia\\\/\"},{\"@type\":\"ListItem\",\"position\":3,\"name\":\"Abogado de Resbalones y Ca\u00eddas de Georgia\"}]},{\"@type\":\"WebSite\",\"@id\":\"https:\\\/\\\/ceolawyer.com\\\/espanol\\\/#website\",\"url\":\"https:\\\/\\\/ceolawyer.com\\\/espanol\\\/\",\"name\":\"CEO Lawyer\",\"description\":\"Personal Injury Attorney\",\"publisher\":{\"@id\":\"https:\\\/\\\/ceolawyer.com\\\/espanol\\\/#organization\"},\"potentialAction\":[{\"@type\":\"SearchAction\",\"target\":{\"@type\":\"EntryPoint\",\"urlTemplate\":\"https:\\\/\\\/ceolawyer.com\\\/espanol\\\/?s={search_term_string}\"},\"query-input\":{\"@type\":\"PropertyValueSpecification\",\"valueRequired\":true,\"valueName\":\"search_term_string\"}}],\"inLanguage\":\"en-US\"},{\"@type\":\"Organization\",\"@id\":\"https:\\\/\\\/ceolawyer.com\\\/espanol\\\/#organization\",\"name\":\"CEO Lawyer\",\"url\":\"https:\\\/\\\/ceolawyer.com\\\/espanol\\\/\",\"logo\":{\"@type\":\"ImageObject\",\"inLanguage\":\"en-US\",\"@id\":\"https:\\\/\\\/ceolawyer.com\\\/espanol\\\/#\\\/schema\\\/logo\\\/image\\\/\",\"url\":\"https:\\\/\\\/ceolawyer.com\\\/espanol\\\/wp-content\\\/uploads\\\/sites\\\/2\\\/2022\\\/05\\\/CEO_Logo.png\",\"contentUrl\":\"https:\\\/\\\/ceolawyer.com\\\/espanol\\\/wp-content\\\/uploads\\\/sites\\\/2\\\/2022\\\/05\\\/CEO_Logo.png\",\"width\":200,\"height\":108,\"caption\":\"CEO Lawyer\"},\"image\":{\"@id\":\"https:\\\/\\\/ceolawyer.com\\\/espanol\\\/#\\\/schema\\\/logo\\\/image\\\/\"}}]}<\/script>\n<!-- \/ Yoast SEO plugin. -->","yoast_head_json":{"title":"Abogado de Resbalones y Ca\u00eddas de Georgia | CEO Lawyer","description":"\u00bfEst\u00e1 buscando un abogado de resbalones y ca\u00eddas en Georgia? Ali Awad Law puede proporcionar consultas de expertos y asistencia legal para su caso legal. Ll\u00e1menos hoy.","robots":{"index":"index","follow":"follow","max-snippet":"max-snippet:-1","max-image-preview":"max-image-preview:large","max-video-preview":"max-video-preview:-1"},"canonical":"https:\/\/ceolawyer.com\/espanol\/abogado-de-lesiones-personales-georgia\/abogado-de-resbalones-y-caida\/","og_locale":"en_US","og_type":"article","og_title":"Abogado de Resbalones y Ca\u00eddas de Georgia | CEO Lawyer","og_description":"\u00bfEst\u00e1 buscando un abogado de resbalones y ca\u00eddas en Georgia? Ali Awad Law puede proporcionar consultas de expertos y asistencia legal para su caso legal. Ll\u00e1menos hoy.","og_url":"https:\/\/ceolawyer.com\/espanol\/abogado-de-lesiones-personales-georgia\/abogado-de-resbalones-y-caida\/","og_site_name":"CEO Lawyer","article_modified_time":"2025-12-16T17:05:50+00:00","og_image":[{"width":500,"height":333,"url":"https:\/\/ceolawyer.com\/espanol\/wp-content\/uploads\/sites\/2\/2025\/12\/georgia-slip-and-fall-accident-lawyer.webp","type":"image\/webp"}],"twitter_card":"summary_large_image","twitter_misc":{"Est. reading time":"6 minutes"},"schema":{"@context":"https:\/\/schema.org","@graph":[{"@type":"WebPage","@id":"https:\/\/ceolawyer.com\/espanol\/abogado-de-lesiones-personales-georgia\/abogado-de-resbalones-y-caida\/","url":"https:\/\/ceolawyer.com\/espanol\/abogado-de-lesiones-personales-georgia\/abogado-de-resbalones-y-caida\/","name":"Abogado de Resbalones y Ca\u00eddas de Georgia | CEO Lawyer","isPartOf":{"@id":"https:\/\/ceolawyer.com\/espanol\/#website"},"primaryImageOfPage":{"@id":"https:\/\/ceolawyer.com\/espanol\/abogado-de-lesiones-personales-georgia\/abogado-de-resbalones-y-caida\/#primaryimage"},"image":{"@id":"https:\/\/ceolawyer.com\/espanol\/abogado-de-lesiones-personales-georgia\/abogado-de-resbalones-y-caida\/#primaryimage"},"thumbnailUrl":"https:\/\/ceolawyer.com\/espanol\/wp-content\/uploads\/sites\/2\/2025\/12\/georgia-slip-and-fall-accident-lawyer.webp","datePublished":"2022-05-19T15:50:04+00:00","dateModified":"2025-12-16T17:05:50+00:00","description":"\u00bfEst\u00e1 buscando un abogado de resbalones y ca\u00eddas en Georgia? Ali Awad Law puede proporcionar consultas de expertos y asistencia legal para su caso legal. Ll\u00e1menos hoy.","breadcrumb":{"@id":"https:\/\/ceolawyer.com\/espanol\/abogado-de-lesiones-personales-georgia\/abogado-de-resbalones-y-caida\/#breadcrumb"},"inLanguage":"en-US","potentialAction":[{"@type":"ReadAction","target":["https:\/\/ceolawyer.com\/espanol\/abogado-de-lesiones-personales-georgia\/abogado-de-resbalones-y-caida\/"]}]},{"@type":"ImageObject","inLanguage":"en-US","@id":"https:\/\/ceolawyer.com\/espanol\/abogado-de-lesiones-personales-georgia\/abogado-de-resbalones-y-caida\/#primaryimage","url":"https:\/\/ceolawyer.com\/espanol\/wp-content\/uploads\/sites\/2\/2025\/12\/georgia-slip-and-fall-accident-lawyer.webp","contentUrl":"https:\/\/ceolawyer.com\/espanol\/wp-content\/uploads\/sites\/2\/2025\/12\/georgia-slip-and-fall-accident-lawyer.webp","width":500,"height":333,"caption":"Accidente de resbal\u00f3n y ca\u00edda en Georgia"},{"@type":"BreadcrumbList","@id":"https:\/\/ceolawyer.com\/espanol\/abogado-de-lesiones-personales-georgia\/abogado-de-resbalones-y-caida\/#breadcrumb","itemListElement":[{"@type":"ListItem","position":1,"name":"Home","item":"https:\/\/ceolawyer.com\/espanol\/"},{"@type":"ListItem","position":2,"name":"Abogado de Lesiones Personales de Georgia","item":"https:\/\/ceolawyer.com\/espanol\/abogado-de-lesiones-personales-georgia\/"},{"@type":"ListItem","position":3,"name":"Abogado de Resbalones y Ca\u00eddas de Georgia"}]},{"@type":"WebSite","@id":"https:\/\/ceolawyer.com\/espanol\/#website","url":"https:\/\/ceolawyer.com\/espanol\/","name":"CEO Lawyer","description":"Personal Injury Attorney","publisher":{"@id":"https:\/\/ceolawyer.com\/espanol\/#organization"},"potentialAction":[{"@type":"SearchAction","target":{"@type":"EntryPoint","urlTemplate":"https:\/\/ceolawyer.com\/espanol\/?s={search_term_string}"},"query-input":{"@type":"PropertyValueSpecification","valueRequired":true,"valueName":"search_term_string"}}],"inLanguage":"en-US"},{"@type":"Organization","@id":"https:\/\/ceolawyer.com\/espanol\/#organization","name":"CEO Lawyer","url":"https:\/\/ceolawyer.com\/espanol\/","logo":{"@type":"ImageObject","inLanguage":"en-US","@id":"https:\/\/ceolawyer.com\/espanol\/#\/schema\/logo\/image\/","url":"https:\/\/ceolawyer.com\/espanol\/wp-content\/uploads\/sites\/2\/2022\/05\/CEO_Logo.png","contentUrl":"https:\/\/ceolawyer.com\/espanol\/wp-content\/uploads\/sites\/2\/2022\/05\/CEO_Logo.png","width":200,"height":108,"caption":"CEO Lawyer"},"image":{"@id":"https:\/\/ceolawyer.com\/espanol\/#\/schema\/logo\/image\/"}}]}},"_links":{"self":[{"href":"https:\/\/ceolawyer.com\/espanol\/wp-json\/wp\/v2\/pages\/11054","targetHints":{"allow":["GET"]}}],"collection":[{"href":"https:\/\/ceolawyer.com\/espanol\/wp-json\/wp\/v2\/pages"}],"about":[{"href":"https:\/\/ceolawyer.com\/espanol\/wp-json\/wp\/v2\/types\/page"}],"author":[{"embeddable":true,"href":"https:\/\/ceolawyer.com\/espanol\/wp-json\/wp\/v2\/users\/22"}],"replies":[{"embeddable":true,"href":"https:\/\/ceolawyer.com\/espanol\/wp-json\/wp\/v2\/comments?post=11054"}],"version-history":[{"count":0,"href":"https:\/\/ceolawyer.com\/espanol\/wp-json\/wp\/v2\/pages\/11054\/revisions"}],"up":[{"embeddable":true,"href":"https:\/\/ceolawyer.com\/espanol\/wp-json\/wp\/v2\/pages\/10962"}],"wp:featuredmedia":[{"embeddable":true,"href":"https:\/\/ceolawyer.com\/espanol\/wp-json\/wp\/v2\/media\/12689"}],"wp:attachment":[{"href":"https:\/\/ceolawyer.com\/espanol\/wp-json\/wp\/v2\/media?parent=11054"}],"curies":[{"name":"wp","href":"https:\/\/api.w.org\/{rel}","templated":true}]}}