{"id":11091,"date":"2022-05-19T18:28:52","date_gmt":"2022-05-19T18:28:52","guid":{"rendered":"https:\/\/ceolawyer.com\/espanol\/?page_id=11091"},"modified":"2025-12-18T12:47:14","modified_gmt":"2025-12-18T12:47:14","slug":"abogado-de-lesiones-personales-cumming","status":"publish","type":"page","link":"https:\/\/ceolawyer.com\/espanol\/abogado-de-lesiones-personales-cumming\/","title":{"rendered":"Abogado de Lesiones Personales de Cumming"},"content":{"rendered":"<p><img decoding=\"async\" class=\"alignright size-full wp-image-8577\" src=\"https:\/\/ceolawyer.com\/espanol\/wp-content\/uploads\/sites\/2\/2022\/01\/cumming-personal-injury-lawyer.jpg\" alt=\"downtown cumming gazebo\" width=\"500\" height=\"333\" srcset=\"https:\/\/ceolawyer.com\/espanol\/wp-content\/uploads\/sites\/2\/2022\/01\/cumming-personal-injury-lawyer.jpg 500w, https:\/\/ceolawyer.com\/espanol\/wp-content\/uploads\/sites\/2\/2022\/01\/cumming-personal-injury-lawyer-300x200.jpg 300w\" sizes=\"(max-width: 500px) 100vw, 500px\" \/>Solo hace falta un instante para que la vida de una persona cambie por completo. Si sufriste un accidente y ahora est\u00e1s enfrentando lesiones, facturas m\u00e9dicas y otros da\u00f1os, necesitas la ayuda de un <strong>abogado de lesiones personales en Cumming<\/strong> de CEO Lawyer Personal Injury Law Firm, firma legal fundada por el abogado Ali Awad.<\/p>\n<p><strong>Nuestro equipo legal<\/strong> comprende exactamente cu\u00e1l es la estrategia m\u00e1s efectiva para ayudarte a buscar la compensaci\u00f3n que necesitas despu\u00e9s de haber sido lesionado por la negligencia de otra persona. Presentar un reclamo por lesiones personales puede ser complicado, por lo que contar con un abogado experimentado en tu tipo de caso hace toda la diferencia.<\/p>\n<p>Cuanto antes te comuniques con nuestro equipo, mayores ser\u00e1n tus probabilidades de presentar un reclamo exitoso. Cont\u00e1ctanos en l\u00ednea o llama al <a href=\"tel:+14708229716\"><strong>(470) 822-9716<\/strong><\/a> para programar una consulta.<\/p>\n<h2>Accidentes en Cumming, Georgia<\/h2>\n<p>Cumming, conocida como \u201cthe gateway of leisure living\u201d, destaca por su City Hall, los fairgrounds, su centro acu\u00e1tico y su cercan\u00eda al Lago Lanier. Ubicada en el condado de Forsyth, la ciudad combina un pasado hist\u00f3rico con una vida moderna vibrante.<\/p>\n<p>Sin embargo, como en cualquier lugar, los accidentes pueden ocurrir. Algunos de los m\u00e1s comunes incluyen:<\/p>\n<ul>\n<li>Accidentes automovil\u00edsticos<\/li>\n<li>Accidentes de camiones<\/li>\n<li>Negligencia m\u00e9dica<\/li>\n<li>Productos peligrosos o defectuosos<\/li>\n<li>Resbalones y ca\u00eddas<\/li>\n<\/ul>\n<p>Si sufriste un accidente debido a la negligencia de otra persona, tienes derecho a presentar un reclamo de lesiones personales para buscar compensaci\u00f3n por tus p\u00e9rdidas.<\/p>\n<h2>Qu\u00e9 Puedes Esperar de CEO Lawyer Personal Injury Law Firm<\/h2>\n<p>Con m\u00e1s de <strong>50 a\u00f1os de experiencia legal combinada<\/strong>, el equipo de CEO Lawyer Personal Injury Law Firm domina m\u00faltiples \u00e1reas de lesiones personales. Nuestro objetivo es ayudarte a recuperarte con una compensaci\u00f3n justa, respaldada por un historial s\u00f3lido de resultados.<\/p>\n<p>Adem\u00e1s, trabajamos bajo un modelo de <strong>honorarios de contingencia<\/strong>. Esto significa que <strong>no pagas nada<\/strong> a menos que ganemos tu caso. Creemos que las v\u00edctimas de accidentes no deber\u00edan preocuparse por facturas o gastos b\u00e1sicos en momentos dif\u00edciles. Una vez que recibas tu acuerdo, nuestras tarifas se deducen de ese monto, y el resto se te entrega directamente.<\/p>\n<h2>Lo Que Debes Saber Sobre Presentar un Reclamo en Georgia<\/h2>\n<p>Existen varias leyes y reglas que pueden afectar un reclamo de lesiones personales. Para evitar poner tu caso en riesgo por error, es fundamental que cuentes con una representaci\u00f3n legal s\u00f3lida.<\/p>\n<p>Cuando revisemos tu caso, te explicaremos qu\u00e9 leyes aplican y c\u00f3mo influyen en tus pr\u00f3ximos pasos. Entre los factores m\u00e1s importantes est\u00e1n:<\/p>\n<ul>\n<li>La regla de <strong>negligencia comparativa modificada<\/strong><\/li>\n<li>Las limitaciones de compensaci\u00f3n<\/li>\n<li>Qu\u00e9 ocurre si necesitas llevar tu caso ante los tribunales<\/li>\n<\/ul>\n<h2>El Est\u00e1ndar de Negligencia Comparativa Modificada<\/h2>\n<p>Georgia es uno de 13 estados que aplican la <a href=\"https:\/\/ga.elaws.us\/law\/Section51-12-33\">doctrina de <\/a><a href=\"https:\/\/ga.elaws.us\/law\/Section51-12-33\"><strong>negligencia comparativa modificada<\/strong><\/a>. Bajo esta norma:<\/p>\n<ul>\n<li>Tu compensaci\u00f3n puede reducirse seg\u00fan tu porcentaje de culpa.<\/li>\n<li>Si tienes <strong>m\u00e1s del 49%<\/strong> de responsabilidad, <strong>no puedes recuperar ning\u00fan monto<\/strong>.<\/li>\n<\/ul>\n<p>Esto significa que incluso un peque\u00f1o porcentaje de culpa puede afectar significativamente tu recuperaci\u00f3n econ\u00f3mica. Las aseguradoras suelen intentar trasladar parte de la responsabilidad a la v\u00edctima para pagar menos, por lo que contar con un abogado de lesiones personales en Cumming es esencial para proteger tus derechos.<\/p>\n<h2>Elegibilidad para Compensaci\u00f3n<\/h2>\n<p>Cada caso es diferente, por lo que tu abogado evaluar\u00e1 tus p\u00e9rdidas econ\u00f3micas y no econ\u00f3micas.<\/p>\n<h3>P\u00e9rdidas econ\u00f3micas (da\u00f1os especiales)<\/h3>\n<p>Son cuantificables y pueden incluir:<\/p>\n<ul>\n<li>Facturas m\u00e9dicas<\/li>\n<li>Salarios perdidos<\/li>\n<li>Da\u00f1os a la propiedad<\/li>\n<li>Recibos y documentos de gastos relacionados<\/li>\n<\/ul>\n<h3>P\u00e9rdidas no econ\u00f3micas (da\u00f1os generales)<\/h3>\n<p>M\u00e1s subjetivas y basadas en el impacto del accidente en tu vida, como:<\/p>\n<ul>\n<li>Dolor y sufrimiento<\/li>\n<li>P\u00e9rdida de disfrute de la vida<\/li>\n<li>P\u00e9rdida de compa\u00f1\u00eda o afecto<\/li>\n<\/ul>\n<p>Tu abogado construir\u00e1 un reclamo que demuestre por qu\u00e9 mereces compensaci\u00f3n para cubrir tus p\u00e9rdidas y apoyar tu recuperaci\u00f3n.<\/p>\n<h2>Estatuto de Limitaciones<\/h2>\n<p>La mayor\u00eda de los casos se resuelven mediante negociaci\u00f3n. Pero si esa v\u00eda falla, tienes derecho a presentar una demanda.<\/p>\n<p>En Georgia, el <strong>estatuto de limitaciones es de dos a\u00f1os<\/strong> desde la fecha del accidente. Si no presentas la demanda en ese periodo, el tribunal probablemente descartar\u00e1 el caso y no podr\u00e1s recuperar compensaci\u00f3n. Las aseguradoras tampoco suelen honrar reclamos fuera de plazo.<\/p>\n<p>En algunos casos, pueden existir excepciones, como cuando no descubriste la gravedad de tu lesi\u00f3n hasta meses o a\u00f1os despu\u00e9s. Consulta con un abogado en Cumming lo antes posible para saber si calificas bajo alguna excepci\u00f3n.<\/p>\n<h2>Contacta a Nuestra Firma de Abogados Hoy Para Representaci\u00f3n Legal en Cumming<\/h2>\n<p>Si t\u00fa o un ser querido resultaron lesionados por la negligencia de otra persona, tienen derecho a presentar un reclamo. Tus probabilidades de \u00e9xito aumentan cuando trabajas con un <strong>abogado de lesiones personales en Cumming<\/strong>.<\/p>\n<p>Nuestro equipo legal conoce las dificultades que enfrentas y creen firmemente que mereces recuperar tu estabilidad lo m\u00e1s pronto posible.<\/p>\n<p>Ya sea que est\u00e9s listo para iniciar un reclamo o quieras conocer tus opciones legales en Georgia, estamos aqu\u00ed para ayudarte. Revisaremos tu caso, determinaremos tus derechos y te guiaremos en tus opciones basadas en tus circunstancias espec\u00edficas. <a href=\"https:\/\/ceolawyer.com\/espanol\/contacto-con-nosotros\/\">Cont\u00e1ctanos<\/a> o llama al <a href=\"tel:+14708229716\"><strong>(470) 822-9716<\/strong><\/a> hoy mismo para programar una cita.<\/p>\n","protected":false},"excerpt":{"rendered":"<p>Solo hace falta un instante para que la vida de una persona cambie por completo. Si sufriste un accidente y ahora est\u00e1s enfrentando lesiones, facturas m\u00e9dicas y otros da\u00f1os, necesitas la ayuda de un abogado de lesiones personales en Cumming de CEO Lawyer Personal Injury Law Firm, firma legal fundada por el abogado Ali Awad. [&hellip;]<\/p>\n","protected":false},"author":22,"featured_media":8577,"parent":0,"menu_order":0,"comment_status":"closed","ping_status":"closed","template":"","meta":{"_acf_changed":false,"footnotes":""},"class_list":["post-11091","page","type-page","status-publish","has-post-thumbnail","hentry"],"acf":[],"yoast_head":"<!-- This site is optimized with the Yoast SEO plugin v27.5 - https:\/\/yoast.com\/product\/yoast-seo-wordpress\/ -->\n<title>Abogado de Lesiones Personales de Cumming | CEO Lawyer<\/title>\n<meta name=\"description\" content=\"\u00bfEst\u00e1 buscando un abogado de lesiones personales en Cumming, GA que pueda ayudarlo a reclamar la compensaci\u00f3n que merece? No busques m\u00e1s, estamos aqu\u00ed para ayudarte. P\u00f3ngase en contacto con nosotros hoy.\" \/>\n<meta name=\"robots\" content=\"index, follow, max-snippet:-1, max-image-preview:large, max-video-preview:-1\" \/>\n<link rel=\"canonical\" href=\"https:\/\/ceolawyer.com\/espanol\/abogado-de-lesiones-personales-cumming\/\" \/>\n<meta property=\"og:locale\" content=\"en_US\" \/>\n<meta property=\"og:type\" content=\"article\" \/>\n<meta property=\"og:title\" content=\"Abogado de Lesiones Personales de Cumming | CEO Lawyer\" \/>\n<meta property=\"og:description\" content=\"\u00bfEst\u00e1 buscando un abogado de lesiones personales en Cumming, GA que pueda ayudarlo a reclamar la compensaci\u00f3n que merece? No busques m\u00e1s, estamos aqu\u00ed para ayudarte. P\u00f3ngase en contacto con nosotros hoy.\" \/>\n<meta property=\"og:url\" content=\"https:\/\/ceolawyer.com\/espanol\/abogado-de-lesiones-personales-cumming\/\" \/>\n<meta property=\"og:site_name\" content=\"CEO Lawyer\" \/>\n<meta property=\"article:modified_time\" content=\"2025-12-18T12:47:14+00:00\" \/>\n<meta property=\"og:image\" content=\"https:\/\/ceolawyer.com\/espanol\/wp-content\/uploads\/sites\/2\/2022\/01\/cumming-personal-injury-lawyer.jpg\" \/>\n\t<meta property=\"og:image:width\" content=\"500\" \/>\n\t<meta property=\"og:image:height\" content=\"333\" \/>\n\t<meta property=\"og:image:type\" content=\"image\/jpeg\" \/>\n<meta name=\"twitter:card\" content=\"summary_large_image\" \/>\n<meta name=\"twitter:label1\" content=\"Est. reading time\" \/>\n\t<meta name=\"twitter:data1\" content=\"4 minutes\" \/>\n<script type=\"application\/ld+json\" class=\"yoast-schema-graph\">{\"@context\":\"https:\\\/\\\/schema.org\",\"@graph\":[{\"@type\":\"WebPage\",\"@id\":\"https:\\\/\\\/ceolawyer.com\\\/espanol\\\/abogado-de-lesiones-personales-cumming\\\/\",\"url\":\"https:\\\/\\\/ceolawyer.com\\\/espanol\\\/abogado-de-lesiones-personales-cumming\\\/\",\"name\":\"Abogado de Lesiones Personales de Cumming | CEO Lawyer\",\"isPartOf\":{\"@id\":\"https:\\\/\\\/ceolawyer.com\\\/espanol\\\/#website\"},\"primaryImageOfPage\":{\"@id\":\"https:\\\/\\\/ceolawyer.com\\\/espanol\\\/abogado-de-lesiones-personales-cumming\\\/#primaryimage\"},\"image\":{\"@id\":\"https:\\\/\\\/ceolawyer.com\\\/espanol\\\/abogado-de-lesiones-personales-cumming\\\/#primaryimage\"},\"thumbnailUrl\":\"https:\\\/\\\/ceolawyer.com\\\/espanol\\\/wp-content\\\/uploads\\\/sites\\\/2\\\/2022\\\/01\\\/cumming-personal-injury-lawyer.jpg\",\"datePublished\":\"2022-05-19T18:28:52+00:00\",\"dateModified\":\"2025-12-18T12:47:14+00:00\",\"description\":\"\u00bfEst\u00e1 buscando un abogado de lesiones personales en Cumming, GA que pueda ayudarlo a reclamar la compensaci\u00f3n que merece? No busques m\u00e1s, estamos aqu\u00ed para ayudarte. P\u00f3ngase en contacto con nosotros hoy.\",\"breadcrumb\":{\"@id\":\"https:\\\/\\\/ceolawyer.com\\\/espanol\\\/abogado-de-lesiones-personales-cumming\\\/#breadcrumb\"},\"inLanguage\":\"en-US\",\"potentialAction\":[{\"@type\":\"ReadAction\",\"target\":[\"https:\\\/\\\/ceolawyer.com\\\/espanol\\\/abogado-de-lesiones-personales-cumming\\\/\"]}]},{\"@type\":\"ImageObject\",\"inLanguage\":\"en-US\",\"@id\":\"https:\\\/\\\/ceolawyer.com\\\/espanol\\\/abogado-de-lesiones-personales-cumming\\\/#primaryimage\",\"url\":\"https:\\\/\\\/ceolawyer.com\\\/espanol\\\/wp-content\\\/uploads\\\/sites\\\/2\\\/2022\\\/01\\\/cumming-personal-injury-lawyer.jpg\",\"contentUrl\":\"https:\\\/\\\/ceolawyer.com\\\/espanol\\\/wp-content\\\/uploads\\\/sites\\\/2\\\/2022\\\/01\\\/cumming-personal-injury-lawyer.jpg\",\"width\":500,\"height\":333,\"caption\":\"downtown cumming gazebo\"},{\"@type\":\"BreadcrumbList\",\"@id\":\"https:\\\/\\\/ceolawyer.com\\\/espanol\\\/abogado-de-lesiones-personales-cumming\\\/#breadcrumb\",\"itemListElement\":[{\"@type\":\"ListItem\",\"position\":1,\"name\":\"Home\",\"item\":\"https:\\\/\\\/ceolawyer.com\\\/espanol\\\/\"},{\"@type\":\"ListItem\",\"position\":2,\"name\":\"Abogado de Lesiones Personales de Cumming\"}]},{\"@type\":\"WebSite\",\"@id\":\"https:\\\/\\\/ceolawyer.com\\\/espanol\\\/#website\",\"url\":\"https:\\\/\\\/ceolawyer.com\\\/espanol\\\/\",\"name\":\"CEO Lawyer\",\"description\":\"Personal Injury Attorney\",\"publisher\":{\"@id\":\"https:\\\/\\\/ceolawyer.com\\\/espanol\\\/#organization\"},\"potentialAction\":[{\"@type\":\"SearchAction\",\"target\":{\"@type\":\"EntryPoint\",\"urlTemplate\":\"https:\\\/\\\/ceolawyer.com\\\/espanol\\\/?s={search_term_string}\"},\"query-input\":{\"@type\":\"PropertyValueSpecification\",\"valueRequired\":true,\"valueName\":\"search_term_string\"}}],\"inLanguage\":\"en-US\"},{\"@type\":\"Organization\",\"@id\":\"https:\\\/\\\/ceolawyer.com\\\/espanol\\\/#organization\",\"name\":\"CEO Lawyer\",\"url\":\"https:\\\/\\\/ceolawyer.com\\\/espanol\\\/\",\"logo\":{\"@type\":\"ImageObject\",\"inLanguage\":\"en-US\",\"@id\":\"https:\\\/\\\/ceolawyer.com\\\/espanol\\\/#\\\/schema\\\/logo\\\/image\\\/\",\"url\":\"https:\\\/\\\/ceolawyer.com\\\/espanol\\\/wp-content\\\/uploads\\\/sites\\\/2\\\/2022\\\/05\\\/CEO_Logo.png\",\"contentUrl\":\"https:\\\/\\\/ceolawyer.com\\\/espanol\\\/wp-content\\\/uploads\\\/sites\\\/2\\\/2022\\\/05\\\/CEO_Logo.png\",\"width\":200,\"height\":108,\"caption\":\"CEO Lawyer\"},\"image\":{\"@id\":\"https:\\\/\\\/ceolawyer.com\\\/espanol\\\/#\\\/schema\\\/logo\\\/image\\\/\"}}]}<\/script>\n<!-- \/ Yoast SEO plugin. -->","yoast_head_json":{"title":"Abogado de Lesiones Personales de Cumming | CEO Lawyer","description":"\u00bfEst\u00e1 buscando un abogado de lesiones personales en Cumming, GA que pueda ayudarlo a reclamar la compensaci\u00f3n que merece? No busques m\u00e1s, estamos aqu\u00ed para ayudarte. P\u00f3ngase en contacto con nosotros hoy.","robots":{"index":"index","follow":"follow","max-snippet":"max-snippet:-1","max-image-preview":"max-image-preview:large","max-video-preview":"max-video-preview:-1"},"canonical":"https:\/\/ceolawyer.com\/espanol\/abogado-de-lesiones-personales-cumming\/","og_locale":"en_US","og_type":"article","og_title":"Abogado de Lesiones Personales de Cumming | CEO Lawyer","og_description":"\u00bfEst\u00e1 buscando un abogado de lesiones personales en Cumming, GA que pueda ayudarlo a reclamar la compensaci\u00f3n que merece? No busques m\u00e1s, estamos aqu\u00ed para ayudarte. P\u00f3ngase en contacto con nosotros hoy.","og_url":"https:\/\/ceolawyer.com\/espanol\/abogado-de-lesiones-personales-cumming\/","og_site_name":"CEO Lawyer","article_modified_time":"2025-12-18T12:47:14+00:00","og_image":[{"width":500,"height":333,"url":"https:\/\/ceolawyer.com\/espanol\/wp-content\/uploads\/sites\/2\/2022\/01\/cumming-personal-injury-lawyer.jpg","type":"image\/jpeg"}],"twitter_card":"summary_large_image","twitter_misc":{"Est. reading time":"4 minutes"},"schema":{"@context":"https:\/\/schema.org","@graph":[{"@type":"WebPage","@id":"https:\/\/ceolawyer.com\/espanol\/abogado-de-lesiones-personales-cumming\/","url":"https:\/\/ceolawyer.com\/espanol\/abogado-de-lesiones-personales-cumming\/","name":"Abogado de Lesiones Personales de Cumming | CEO Lawyer","isPartOf":{"@id":"https:\/\/ceolawyer.com\/espanol\/#website"},"primaryImageOfPage":{"@id":"https:\/\/ceolawyer.com\/espanol\/abogado-de-lesiones-personales-cumming\/#primaryimage"},"image":{"@id":"https:\/\/ceolawyer.com\/espanol\/abogado-de-lesiones-personales-cumming\/#primaryimage"},"thumbnailUrl":"https:\/\/ceolawyer.com\/espanol\/wp-content\/uploads\/sites\/2\/2022\/01\/cumming-personal-injury-lawyer.jpg","datePublished":"2022-05-19T18:28:52+00:00","dateModified":"2025-12-18T12:47:14+00:00","description":"\u00bfEst\u00e1 buscando un abogado de lesiones personales en Cumming, GA que pueda ayudarlo a reclamar la compensaci\u00f3n que merece? No busques m\u00e1s, estamos aqu\u00ed para ayudarte. P\u00f3ngase en contacto con nosotros hoy.","breadcrumb":{"@id":"https:\/\/ceolawyer.com\/espanol\/abogado-de-lesiones-personales-cumming\/#breadcrumb"},"inLanguage":"en-US","potentialAction":[{"@type":"ReadAction","target":["https:\/\/ceolawyer.com\/espanol\/abogado-de-lesiones-personales-cumming\/"]}]},{"@type":"ImageObject","inLanguage":"en-US","@id":"https:\/\/ceolawyer.com\/espanol\/abogado-de-lesiones-personales-cumming\/#primaryimage","url":"https:\/\/ceolawyer.com\/espanol\/wp-content\/uploads\/sites\/2\/2022\/01\/cumming-personal-injury-lawyer.jpg","contentUrl":"https:\/\/ceolawyer.com\/espanol\/wp-content\/uploads\/sites\/2\/2022\/01\/cumming-personal-injury-lawyer.jpg","width":500,"height":333,"caption":"downtown cumming gazebo"},{"@type":"BreadcrumbList","@id":"https:\/\/ceolawyer.com\/espanol\/abogado-de-lesiones-personales-cumming\/#breadcrumb","itemListElement":[{"@type":"ListItem","position":1,"name":"Home","item":"https:\/\/ceolawyer.com\/espanol\/"},{"@type":"ListItem","position":2,"name":"Abogado de Lesiones Personales de Cumming"}]},{"@type":"WebSite","@id":"https:\/\/ceolawyer.com\/espanol\/#website","url":"https:\/\/ceolawyer.com\/espanol\/","name":"CEO Lawyer","description":"Personal Injury Attorney","publisher":{"@id":"https:\/\/ceolawyer.com\/espanol\/#organization"},"potentialAction":[{"@type":"SearchAction","target":{"@type":"EntryPoint","urlTemplate":"https:\/\/ceolawyer.com\/espanol\/?s={search_term_string}"},"query-input":{"@type":"PropertyValueSpecification","valueRequired":true,"valueName":"search_term_string"}}],"inLanguage":"en-US"},{"@type":"Organization","@id":"https:\/\/ceolawyer.com\/espanol\/#organization","name":"CEO Lawyer","url":"https:\/\/ceolawyer.com\/espanol\/","logo":{"@type":"ImageObject","inLanguage":"en-US","@id":"https:\/\/ceolawyer.com\/espanol\/#\/schema\/logo\/image\/","url":"https:\/\/ceolawyer.com\/espanol\/wp-content\/uploads\/sites\/2\/2022\/05\/CEO_Logo.png","contentUrl":"https:\/\/ceolawyer.com\/espanol\/wp-content\/uploads\/sites\/2\/2022\/05\/CEO_Logo.png","width":200,"height":108,"caption":"CEO Lawyer"},"image":{"@id":"https:\/\/ceolawyer.com\/espanol\/#\/schema\/logo\/image\/"}}]}},"_links":{"self":[{"href":"https:\/\/ceolawyer.com\/espanol\/wp-json\/wp\/v2\/pages\/11091","targetHints":{"allow":["GET"]}}],"collection":[{"href":"https:\/\/ceolawyer.com\/espanol\/wp-json\/wp\/v2\/pages"}],"about":[{"href":"https:\/\/ceolawyer.com\/espanol\/wp-json\/wp\/v2\/types\/page"}],"author":[{"embeddable":true,"href":"https:\/\/ceolawyer.com\/espanol\/wp-json\/wp\/v2\/users\/22"}],"replies":[{"embeddable":true,"href":"https:\/\/ceolawyer.com\/espanol\/wp-json\/wp\/v2\/comments?post=11091"}],"version-history":[{"count":0,"href":"https:\/\/ceolawyer.com\/espanol\/wp-json\/wp\/v2\/pages\/11091\/revisions"}],"wp:featuredmedia":[{"embeddable":true,"href":"https:\/\/ceolawyer.com\/espanol\/wp-json\/wp\/v2\/media\/8577"}],"wp:attachment":[{"href":"https:\/\/ceolawyer.com\/espanol\/wp-json\/wp\/v2\/media?parent=11091"}],"curies":[{"name":"wp","href":"https:\/\/api.w.org\/{rel}","templated":true}]}}