{"id":11099,"date":"2022-05-19T18:31:29","date_gmt":"2022-05-19T18:31:29","guid":{"rendered":"https:\/\/ceolawyer.com\/espanol\/?page_id=11099"},"modified":"2025-12-18T12:55:50","modified_gmt":"2025-12-18T12:55:50","slug":"abogado-de-lesiones-personales-decatur","status":"publish","type":"page","link":"https:\/\/ceolawyer.com\/espanol\/abogado-de-lesiones-personales-decatur\/","title":{"rendered":"Abogado de Lesiones Personales de Decatur"},"content":{"rendered":"<p><img decoding=\"async\" class=\"alignright size-full wp-image-9029\" src=\"https:\/\/ceolawyer.com\/espanol\/wp-content\/uploads\/sites\/2\/2022\/02\/decatur-personal-injury-lawyer.jpg\" alt=\"gavel in courtroom\" width=\"500\" height=\"333\" srcset=\"https:\/\/ceolawyer.com\/espanol\/wp-content\/uploads\/sites\/2\/2022\/02\/decatur-personal-injury-lawyer.jpg 500w, https:\/\/ceolawyer.com\/espanol\/wp-content\/uploads\/sites\/2\/2022\/02\/decatur-personal-injury-lawyer-300x200.jpg 300w\" sizes=\"(max-width: 500px) 100vw, 500px\" \/>Decatur es un suburbio vibrante del \u00e1rea metropolitana de Atlanta, un lugar donde conviven la historia, la gastronom\u00eda y la vida cultural. Sus festivales, restaurantes y calles con personalidad propia, atraen a miles de visitantes cada a\u00f1o. Pero ese ritmo din\u00e1mico tambi\u00e9n trae un aumento en el tr\u00e1fico vehicular \u2014 especialmente en temporadas altas \u2014 y con ello un mayor riesgo de accidentes. Cuando un accidente ocurre, la vida da un giro inesperado: te enfrentas a las lesiones, a una avalancha de gastos m\u00e9dicos, a no poder trabajar y a una incertidumbre que te agota emocionalmente. En esos momentos, es clave tomar buenas decisiones, pero sin asesor\u00eda legal puede ser muy confuso y estresante. Por eso, necesitas un equipo que conozca las leyes de lesiones personales en Georgia y que sepa c\u00f3mo manejar a las aseguradoras.<\/p>\n<p>En CEO Lawyer Personal Injury Law Firm, nuestro equipo legal que brinda servicios en Decatur, trabaja con una premisa clara: ayudarte a recuperar el control de tu vida mientras nos encargamos de proteger tus derechos y pelear por la compensaci\u00f3n que te corresponde. Y puedes empezar con una simple consulta gratuita para evaluar tu caso.<\/p>\n<h2>Accidentes de tr\u00e1nsito en Decatur<\/h2>\n<p>Las estad\u00edsticas de la ciudad muestran que hay <a href=\"https:\/\/www.city-data.com\/accidents\/acc-Decatur-Georgia.html\">zonas espec\u00edficas donde los choques se repiten con mayor frecuencia<\/a>. Muchas de ellas est\u00e1n cerca de intersecciones: puntos donde el tr\u00e1fico se cruza, se acelera, se distrae\u2026 y, lamentablemente, donde m\u00e1s errores se cometen. Algunas de las \u00e1reas con mayor incidencia de accidentes incluyen:<\/p>\n<ul>\n<li>La intersecci\u00f3n con la I-85.<\/li>\n<li>La ruta US-278.<\/li>\n<li>Katie Kerr Drive.<\/li>\n<li>Ponce de Leon Avenue.<\/li>\n<li>Parkwood Road.<\/li>\n<li>El cruce de Scott Boulevard y Ridley Circle.<\/li>\n<li>North Candler Street.<\/li>\n<li>Midway Road.<\/li>\n<\/ul>\n<p>En 2021, el Departamento de Transporte de Georgia (GDOT) anunci\u00f3 que estaba evaluando la instalaci\u00f3n de rotondas en distintos puntos de Ponce de Leon Avenue, <a href=\"https:\/\/www.decaturish.com\/news\/decatur\/gdot-considers-roundabouts-for-ponce-de-leon-including-one-at-scott-and-west-ponce\/article_b7d01e87-575a-5abb-aaf4-e2ed755c7ce4.html\">motivado por las continuas preocupaciones de seguridad enviadas por los residentes<\/a>. Tras reuniones comunitarias y estudios de ingenier\u00eda de tr\u00e1nsito realizados entre 2019 y 2020, se concluy\u00f3 que las rotondas podr\u00edan reducir de forma significativa la gravedad de los accidentes en estas zonas.<\/p>\n<p>De acuerdo con los ingenieros del estado, implementar estas rotondas podr\u00eda disminuir los choques con lesiones o muertes hasta en un 71%. Las rotondas obligan a los conductores a reducir la velocidad, eliminan giros peligrosos y hacen que el flujo vehicular sea m\u00e1s predecible, lo cual tiende a mejorar la seguridad general. Mientras tanto, asociaciones locales como la Druid Hills Civic Association han impulsado el proyecto, solicitando adem\u00e1s la reducci\u00f3n de velocidades para proteger a residentes, peatones y ciclistas que utilizan estas v\u00edas a diario.<\/p>\n<h2>Reglas para conducir en una rotonda.<\/h2>\n<p>Las rotondas pueden parecer confusas si no est\u00e1s acostumbrado a ellas, pero su objetivo es simple: mantener un tr\u00e1fico continuo y seguro. Su dise\u00f1o circular <a href=\"https:\/\/www.dot.ga.gov\/GDOT\/Pages\/AlternativeIntersections.aspx\">reduce las altas velocidades y obliga a los conductores a tomar decisiones m\u00e1s conscientes<\/a>. Las tres reglas b\u00e1sicas para usarlas son:<\/p>\n<ul>\n<li>Reducir la velocidad.<\/li>\n<li>Observar a tu alrededor.<\/li>\n<li>Prep\u00e1rate para ceder el paso.<\/li>\n<\/ul>\n<p>Al acercarte, disminuye la velocidad y analiza el n\u00famero de carriles. Si hay m\u00e1s de uno, elige el adecuado seg\u00fan tu salida:<\/p>\n<ul>\n<li>El izquierdo si planeas girar a la izquierda.<\/li>\n<li>El carril derecho si vas a dar vuelta a la derecha.<\/li>\n<li>Cualquiera de los dos si vas a seguir recto, a menos de que haya se\u00f1ales que digan lo contrario.<\/li>\n<\/ul>\n<p>Antes de entrar, revisa los cruces peatonales y aseg\u00farate de que no haya personas esperando. Una vez dentro de la rotonda, cede el paso a cualquier veh\u00edculo que ya circule en ella. Mant\u00e9n tu velocidad baja y evita colocarte muy cerca de veh\u00edculos grandes, como camiones o autobuses. Cuando sea momento de salir, revisa de nuevo los cruces, usa tus direccionales y respeta el l\u00edmite de velocidad. La clave es ser predecible y mantener tu atenci\u00f3n en los otros conductores y peatones.<\/p>\n<h3>Accidentes en rotondas<\/h3>\n<p>Aunque las rotondas suelen ser m\u00e1s seguras que las intersecciones tradicionales, no est\u00e1n exentas de riesgos. Muchos de los accidentes ocurren porque un conductor decide ignorar o malinterpretar las reglas b\u00e1sicas. Los incidentes m\u00e1s comunes ocurren porque:<\/p>\n<ul>\n<li>Un conductor no cedi\u00f3 el paso.<\/li>\n<li>Alguien ingres\u00f3 a la rotonda a exceso de velocidad.<\/li>\n<li>Cambi\u00f3 de carril sin usar sus se\u00f1ales.<\/li>\n<li>Un conductor sali\u00f3 por un carril equivocado.<\/li>\n<li>Alguien iba distra\u00eddo en un punto donde la vista en el camino es clave.<\/li>\n<\/ul>\n<p>Si sufriste un accidente en una rotonda y el otro conductor cometi\u00f3 alguno de estos errores, es probable que tengas derecho a buscar compensaci\u00f3n por:<\/p>\n<ul>\n<li>Gastos m\u00e9dicos (desde tu atenci\u00f3n en urgencias, hasta tratamientos a largo plazo).<\/li>\n<li>Salarios perdidos.<\/li>\n<li>Dolor y sufrimiento.<\/li>\n<li>Da\u00f1os a tu veh\u00edculo u otros bienes.<\/li>\n<li>Por limitaciones f\u00edsicas temporales o permanentes causadas por el accidente.<\/li>\n<\/ul>\n<p>Saber por qu\u00e9 ocurri\u00f3 el accidente es esencial para calcular la compensaci\u00f3n que podr\u00edas recibir. Por eso, documentar lo ocurrido y buscar asesor\u00eda legal lo antes posible es clave.<\/p>\n<h2>Reclamos por accidentes de auto<\/h2>\n<p>Un accidente grave puede cambiar tu vida en cuesti\u00f3n de segundos. M\u00e1s all\u00e1 del susto inicial, aparecen las consecuencias reales: la carga econ\u00f3mica y emocional que llega puede ser, incluso, m\u00e1s pesada. En la mayor\u00eda de los casos, el proceso inicia con una reclamaci\u00f3n ante la aseguradora del conductor responsable. Y, aunque suena sencillo, rara vez lo es. Hay tres problemas recurrentes a los que te podr\u00edas enfrentar:<\/p>\n<h3>El otro conductor niega su responsabilidad<\/h3>\n<p>Incluso cuando parece obvio qui\u00e9n tuvo la culpa, el otro conductor puede dar una versi\u00f3n distinta a la compa\u00f1\u00eda de seguro. Esto hace que la empresa busque inconsistencias o justificaciones para retrasar o negar tu reclamo.<\/p>\n<h3>La aseguradora intenta culparte parcialmente<\/h3>\n<p>En Georgia, existe la negligencia comparativa \u2014 significa que, si se determina que tuviste m\u00e1s del 49% de la responsabilidad en el accidente, no puedes recibir una compensaci\u00f3n. Y, si tu responsabilidad es menor pero comprobable, tu pago ser\u00e1 reducido proporcionalmente. Por eso las compa\u00f1\u00edas de seguro suelen buscar cualquier detalle (hasta una declaraci\u00f3n bien intencionada que puede sacarse de contexto) para se\u00f1alarte como responsable.<\/p>\n<h3>Ofrecen un pago r\u00e1pido\u2026 pero insuficiente<\/h3>\n<p>Es com\u00fan que las compa\u00f1\u00edas de seguro aparezcan con una \u201csoluci\u00f3n inmediata\u201d: un cheque r\u00e1pido y aparentemente \u00fatil. Sin embargo, estos montos suelen ser muy bajos y no cubren gastos a largo plazo como:<\/p>\n<ul>\n<li>Terapia f\u00edsica.<\/li>\n<li>Rehabilitaci\u00f3n.<\/li>\n<li>Estudios m\u00e9dicos.<\/li>\n<li>Trabajo perdido.<\/li>\n<li>Tratamientos no previstos.<\/li>\n<\/ul>\n<p>Aceptar un pago sin una evaluaci\u00f3n m\u00e9dica y legal casi siempre perjudica a las v\u00edctimas. Intentar negociar por tu cuenta con la aseguradora es un error frecuente. Un <a href=\"https:\/\/ceolawyer.com\/decatur-personal-injury\/\">equipo legal de lesiones personales que brinda servicios en Decatur<\/a> sabe c\u00f3mo calcular el valor real de tu caso, qu\u00e9 evidencia necesitas y c\u00f3mo manejar a los ajustadores que busquen minimizar tu reclamo. Mientras m\u00e1s grave sea tu accidente o m\u00e1s complicadas tus lesiones, es igual de importante contar con apoyo legal desde el inicio.<\/p>\n<p>Si la p\u00f3liza del responsable no alcanza a cubrir todos tus gastos \u2014 lo cual es com\u00fan, ya que Georgia solo exige 25 mil d\u00f3lares en cobertura m\u00ednima \u2014 tu equipo legal puede ayudarte a explorar otras alternativas, como reclamaciones adicionales contra el conductor o incluso contra otras partes involucradas.<\/p>\n<h2>Pregunta frecuente<\/h2>\n<h3>\u00bfTendr\u00e1s que ir a la corte para resolver tu reclamaci\u00f3n de accidente de auto?<\/h3>\n<p>En la mayor\u00eda de los casos, no. Muchas de las reclamaciones se resuelven mediante acuerdos sin necesidad de ir a juicio. Sin embargo, hay situaciones donde la otra parte simplemente no ofrece un acuerdo razonable, y entonces es necesario presentar el caso ante un tribunal. Si esto ocurre, tu <a href=\"https:\/\/ceolawyer.com\/georgia-personal-injury\/car-accident-lawyer\/\">equipo legal de accidentes de auto que atiende a Decatur<\/a> te explicar\u00e1 paso a paso lo que suceder\u00e1. Podr\u00edan pedirte informaci\u00f3n adicional, como una lista de testigos o fotograf\u00edas del accidente. No siempre tienes que testificar, pero en algunos casos es recomendable para que el jurado entienda c\u00f3mo tus lesiones han afectado tu vida diaria.<\/p>\n<p>En CEO Lawyer Personal Injury Law Firm, analizamos cada caso con detenimiento para elegir la estrategia m\u00e1s efectiva y proteger tus intereses desde el d\u00eda uno. Nadie espera tener que presentar una reclamaci\u00f3n por lesiones personales, pero cuando se vuelve necesario, necesitas un equipo preparado para defenderte con claridad y determinaci\u00f3n. Si est\u00e1s listo para conocer tus opciones, <a href=\"https:\/\/ceolawyer.com\/espanol\/contacto-con-nosotros\/\">llena nuestro formulario<\/a> o ll\u00e1manos al <a href=\"tel:+14798229411\"><strong>(479) 822-9411<\/strong><\/a>. Estamos aqu\u00ed para ayudarte a recuperar aquello que perdiste por culpa de un accidente.<\/p>\n","protected":false},"excerpt":{"rendered":"<p>Decatur es un suburbio vibrante del \u00e1rea metropolitana de Atlanta, un lugar donde conviven la historia, la gastronom\u00eda y la vida cultural. Sus festivales, restaurantes y calles con personalidad propia, atraen a miles de visitantes cada a\u00f1o. Pero ese ritmo din\u00e1mico tambi\u00e9n trae un aumento en el tr\u00e1fico vehicular \u2014 especialmente en temporadas altas \u2014 [&hellip;]<\/p>\n","protected":false},"author":22,"featured_media":9029,"parent":0,"menu_order":0,"comment_status":"closed","ping_status":"closed","template":"","meta":{"_acf_changed":false,"footnotes":""},"class_list":["post-11099","page","type-page","status-publish","has-post-thumbnail","hentry"],"acf":[],"yoast_head":"<!-- This site is optimized with the Yoast SEO plugin v27.2 - https:\/\/yoast.com\/product\/yoast-seo-wordpress\/ -->\n<title>Abogado de Lesiones Personales de Decatur | CEO Lawyer<\/title>\n<meta name=\"description\" content=\"\u00bfEst\u00e1 buscando un abogado de lesiones personales en Decatur, GA que pueda ayudarlo a reclamar la compensaci\u00f3n que merece? No busques m\u00e1s, estamos aqu\u00ed para ayudarte. P\u00f3ngase en contacto con nosotros hoy.\" \/>\n<meta name=\"robots\" content=\"index, follow, max-snippet:-1, max-image-preview:large, max-video-preview:-1\" \/>\n<link rel=\"canonical\" href=\"https:\/\/ceolawyer.com\/espanol\/abogado-de-lesiones-personales-decatur\/\" \/>\n<meta property=\"og:locale\" content=\"en_US\" \/>\n<meta property=\"og:type\" content=\"article\" \/>\n<meta property=\"og:title\" content=\"Abogado de Lesiones Personales de Decatur | CEO Lawyer\" \/>\n<meta property=\"og:description\" content=\"\u00bfEst\u00e1 buscando un abogado de lesiones personales en Decatur, GA que pueda ayudarlo a reclamar la compensaci\u00f3n que merece? No busques m\u00e1s, estamos aqu\u00ed para ayudarte. P\u00f3ngase en contacto con nosotros hoy.\" \/>\n<meta property=\"og:url\" content=\"https:\/\/ceolawyer.com\/espanol\/abogado-de-lesiones-personales-decatur\/\" \/>\n<meta property=\"og:site_name\" content=\"CEO Lawyer\" \/>\n<meta property=\"article:modified_time\" content=\"2025-12-18T12:55:50+00:00\" \/>\n<meta property=\"og:image\" content=\"https:\/\/ceolawyer.com\/espanol\/wp-content\/uploads\/sites\/2\/2022\/02\/decatur-personal-injury-lawyer.jpg\" \/>\n\t<meta property=\"og:image:width\" content=\"500\" \/>\n\t<meta property=\"og:image:height\" content=\"333\" \/>\n\t<meta property=\"og:image:type\" content=\"image\/jpeg\" \/>\n<meta name=\"twitter:card\" content=\"summary_large_image\" \/>\n<meta name=\"twitter:label1\" content=\"Est. reading time\" \/>\n\t<meta name=\"twitter:data1\" content=\"7 minutes\" \/>\n<script type=\"application\/ld+json\" class=\"yoast-schema-graph\">{\"@context\":\"https:\/\/schema.org\",\"@graph\":[{\"@type\":\"WebPage\",\"@id\":\"https:\/\/ceolawyer.com\/espanol\/abogado-de-lesiones-personales-decatur\/\",\"url\":\"https:\/\/ceolawyer.com\/espanol\/abogado-de-lesiones-personales-decatur\/\",\"name\":\"Abogado de Lesiones Personales de Decatur | CEO Lawyer\",\"isPartOf\":{\"@id\":\"https:\/\/ceolawyer.com\/espanol\/#website\"},\"primaryImageOfPage\":{\"@id\":\"https:\/\/ceolawyer.com\/espanol\/abogado-de-lesiones-personales-decatur\/#primaryimage\"},\"image\":{\"@id\":\"https:\/\/ceolawyer.com\/espanol\/abogado-de-lesiones-personales-decatur\/#primaryimage\"},\"thumbnailUrl\":\"https:\/\/ceolawyer.com\/espanol\/wp-content\/uploads\/sites\/2\/2022\/02\/decatur-personal-injury-lawyer.jpg\",\"datePublished\":\"2022-05-19T18:31:29+00:00\",\"dateModified\":\"2025-12-18T12:55:50+00:00\",\"description\":\"\u00bfEst\u00e1 buscando un abogado de lesiones personales en Decatur, GA que pueda ayudarlo a reclamar la compensaci\u00f3n que merece? No busques m\u00e1s, estamos aqu\u00ed para ayudarte. P\u00f3ngase en contacto con nosotros hoy.\",\"breadcrumb\":{\"@id\":\"https:\/\/ceolawyer.com\/espanol\/abogado-de-lesiones-personales-decatur\/#breadcrumb\"},\"inLanguage\":\"en-US\",\"potentialAction\":[{\"@type\":\"ReadAction\",\"target\":[\"https:\/\/ceolawyer.com\/espanol\/abogado-de-lesiones-personales-decatur\/\"]}]},{\"@type\":\"ImageObject\",\"inLanguage\":\"en-US\",\"@id\":\"https:\/\/ceolawyer.com\/espanol\/abogado-de-lesiones-personales-decatur\/#primaryimage\",\"url\":\"https:\/\/ceolawyer.com\/espanol\/wp-content\/uploads\/sites\/2\/2022\/02\/decatur-personal-injury-lawyer.jpg\",\"contentUrl\":\"https:\/\/ceolawyer.com\/espanol\/wp-content\/uploads\/sites\/2\/2022\/02\/decatur-personal-injury-lawyer.jpg\",\"width\":500,\"height\":333,\"caption\":\"gavel in courtroom\"},{\"@type\":\"BreadcrumbList\",\"@id\":\"https:\/\/ceolawyer.com\/espanol\/abogado-de-lesiones-personales-decatur\/#breadcrumb\",\"itemListElement\":[{\"@type\":\"ListItem\",\"position\":1,\"name\":\"Home\",\"item\":\"https:\/\/ceolawyer.com\/espanol\/\"},{\"@type\":\"ListItem\",\"position\":2,\"name\":\"Abogado de Lesiones Personales de Decatur\"}]},{\"@type\":\"WebSite\",\"@id\":\"https:\/\/ceolawyer.com\/espanol\/#website\",\"url\":\"https:\/\/ceolawyer.com\/espanol\/\",\"name\":\"CEO Lawyer\",\"description\":\"Personal Injury Attorney\",\"publisher\":{\"@id\":\"https:\/\/ceolawyer.com\/espanol\/#organization\"},\"potentialAction\":[{\"@type\":\"SearchAction\",\"target\":{\"@type\":\"EntryPoint\",\"urlTemplate\":\"https:\/\/ceolawyer.com\/espanol\/?s={search_term_string}\"},\"query-input\":{\"@type\":\"PropertyValueSpecification\",\"valueRequired\":true,\"valueName\":\"search_term_string\"}}],\"inLanguage\":\"en-US\"},{\"@type\":\"Organization\",\"@id\":\"https:\/\/ceolawyer.com\/espanol\/#organization\",\"name\":\"CEO Lawyer\",\"url\":\"https:\/\/ceolawyer.com\/espanol\/\",\"logo\":{\"@type\":\"ImageObject\",\"inLanguage\":\"en-US\",\"@id\":\"https:\/\/ceolawyer.com\/espanol\/#\/schema\/logo\/image\/\",\"url\":\"https:\/\/ceolawyer.com\/espanol\/wp-content\/uploads\/sites\/2\/2022\/05\/CEO_Logo.png\",\"contentUrl\":\"https:\/\/ceolawyer.com\/espanol\/wp-content\/uploads\/sites\/2\/2022\/05\/CEO_Logo.png\",\"width\":200,\"height\":108,\"caption\":\"CEO Lawyer\"},\"image\":{\"@id\":\"https:\/\/ceolawyer.com\/espanol\/#\/schema\/logo\/image\/\"}}]}<\/script>\n<!-- \/ Yoast SEO plugin. -->","yoast_head_json":{"title":"Abogado de Lesiones Personales de Decatur | CEO Lawyer","description":"\u00bfEst\u00e1 buscando un abogado de lesiones personales en Decatur, GA que pueda ayudarlo a reclamar la compensaci\u00f3n que merece? No busques m\u00e1s, estamos aqu\u00ed para ayudarte. P\u00f3ngase en contacto con nosotros hoy.","robots":{"index":"index","follow":"follow","max-snippet":"max-snippet:-1","max-image-preview":"max-image-preview:large","max-video-preview":"max-video-preview:-1"},"canonical":"https:\/\/ceolawyer.com\/espanol\/abogado-de-lesiones-personales-decatur\/","og_locale":"en_US","og_type":"article","og_title":"Abogado de Lesiones Personales de Decatur | CEO Lawyer","og_description":"\u00bfEst\u00e1 buscando un abogado de lesiones personales en Decatur, GA que pueda ayudarlo a reclamar la compensaci\u00f3n que merece? No busques m\u00e1s, estamos aqu\u00ed para ayudarte. P\u00f3ngase en contacto con nosotros hoy.","og_url":"https:\/\/ceolawyer.com\/espanol\/abogado-de-lesiones-personales-decatur\/","og_site_name":"CEO Lawyer","article_modified_time":"2025-12-18T12:55:50+00:00","og_image":[{"width":500,"height":333,"url":"https:\/\/ceolawyer.com\/espanol\/wp-content\/uploads\/sites\/2\/2022\/02\/decatur-personal-injury-lawyer.jpg","type":"image\/jpeg"}],"twitter_card":"summary_large_image","twitter_misc":{"Est. reading time":"7 minutes"},"schema":{"@context":"https:\/\/schema.org","@graph":[{"@type":"WebPage","@id":"https:\/\/ceolawyer.com\/espanol\/abogado-de-lesiones-personales-decatur\/","url":"https:\/\/ceolawyer.com\/espanol\/abogado-de-lesiones-personales-decatur\/","name":"Abogado de Lesiones Personales de Decatur | CEO Lawyer","isPartOf":{"@id":"https:\/\/ceolawyer.com\/espanol\/#website"},"primaryImageOfPage":{"@id":"https:\/\/ceolawyer.com\/espanol\/abogado-de-lesiones-personales-decatur\/#primaryimage"},"image":{"@id":"https:\/\/ceolawyer.com\/espanol\/abogado-de-lesiones-personales-decatur\/#primaryimage"},"thumbnailUrl":"https:\/\/ceolawyer.com\/espanol\/wp-content\/uploads\/sites\/2\/2022\/02\/decatur-personal-injury-lawyer.jpg","datePublished":"2022-05-19T18:31:29+00:00","dateModified":"2025-12-18T12:55:50+00:00","description":"\u00bfEst\u00e1 buscando un abogado de lesiones personales en Decatur, GA que pueda ayudarlo a reclamar la compensaci\u00f3n que merece? No busques m\u00e1s, estamos aqu\u00ed para ayudarte. P\u00f3ngase en contacto con nosotros hoy.","breadcrumb":{"@id":"https:\/\/ceolawyer.com\/espanol\/abogado-de-lesiones-personales-decatur\/#breadcrumb"},"inLanguage":"en-US","potentialAction":[{"@type":"ReadAction","target":["https:\/\/ceolawyer.com\/espanol\/abogado-de-lesiones-personales-decatur\/"]}]},{"@type":"ImageObject","inLanguage":"en-US","@id":"https:\/\/ceolawyer.com\/espanol\/abogado-de-lesiones-personales-decatur\/#primaryimage","url":"https:\/\/ceolawyer.com\/espanol\/wp-content\/uploads\/sites\/2\/2022\/02\/decatur-personal-injury-lawyer.jpg","contentUrl":"https:\/\/ceolawyer.com\/espanol\/wp-content\/uploads\/sites\/2\/2022\/02\/decatur-personal-injury-lawyer.jpg","width":500,"height":333,"caption":"gavel in courtroom"},{"@type":"BreadcrumbList","@id":"https:\/\/ceolawyer.com\/espanol\/abogado-de-lesiones-personales-decatur\/#breadcrumb","itemListElement":[{"@type":"ListItem","position":1,"name":"Home","item":"https:\/\/ceolawyer.com\/espanol\/"},{"@type":"ListItem","position":2,"name":"Abogado de Lesiones Personales de Decatur"}]},{"@type":"WebSite","@id":"https:\/\/ceolawyer.com\/espanol\/#website","url":"https:\/\/ceolawyer.com\/espanol\/","name":"CEO Lawyer","description":"Personal Injury Attorney","publisher":{"@id":"https:\/\/ceolawyer.com\/espanol\/#organization"},"potentialAction":[{"@type":"SearchAction","target":{"@type":"EntryPoint","urlTemplate":"https:\/\/ceolawyer.com\/espanol\/?s={search_term_string}"},"query-input":{"@type":"PropertyValueSpecification","valueRequired":true,"valueName":"search_term_string"}}],"inLanguage":"en-US"},{"@type":"Organization","@id":"https:\/\/ceolawyer.com\/espanol\/#organization","name":"CEO Lawyer","url":"https:\/\/ceolawyer.com\/espanol\/","logo":{"@type":"ImageObject","inLanguage":"en-US","@id":"https:\/\/ceolawyer.com\/espanol\/#\/schema\/logo\/image\/","url":"https:\/\/ceolawyer.com\/espanol\/wp-content\/uploads\/sites\/2\/2022\/05\/CEO_Logo.png","contentUrl":"https:\/\/ceolawyer.com\/espanol\/wp-content\/uploads\/sites\/2\/2022\/05\/CEO_Logo.png","width":200,"height":108,"caption":"CEO Lawyer"},"image":{"@id":"https:\/\/ceolawyer.com\/espanol\/#\/schema\/logo\/image\/"}}]}},"_links":{"self":[{"href":"https:\/\/ceolawyer.com\/espanol\/wp-json\/wp\/v2\/pages\/11099","targetHints":{"allow":["GET"]}}],"collection":[{"href":"https:\/\/ceolawyer.com\/espanol\/wp-json\/wp\/v2\/pages"}],"about":[{"href":"https:\/\/ceolawyer.com\/espanol\/wp-json\/wp\/v2\/types\/page"}],"author":[{"embeddable":true,"href":"https:\/\/ceolawyer.com\/espanol\/wp-json\/wp\/v2\/users\/22"}],"replies":[{"embeddable":true,"href":"https:\/\/ceolawyer.com\/espanol\/wp-json\/wp\/v2\/comments?post=11099"}],"version-history":[{"count":0,"href":"https:\/\/ceolawyer.com\/espanol\/wp-json\/wp\/v2\/pages\/11099\/revisions"}],"wp:featuredmedia":[{"embeddable":true,"href":"https:\/\/ceolawyer.com\/espanol\/wp-json\/wp\/v2\/media\/9029"}],"wp:attachment":[{"href":"https:\/\/ceolawyer.com\/espanol\/wp-json\/wp\/v2\/media?parent=11099"}],"curies":[{"name":"wp","href":"https:\/\/api.w.org\/{rel}","templated":true}]}}