{"id":11627,"date":"2023-02-23T14:15:36","date_gmt":"2023-02-23T14:15:36","guid":{"rendered":"https:\/\/ceolawyer.com\/espanol\/?page_id=11627"},"modified":"2026-03-18T18:40:38","modified_gmt":"2026-03-18T18:40:38","slug":"que-hacer-cuando-se-ve-envuelto-en-un-accidente-de-transito","status":"publish","type":"page","link":"https:\/\/ceolawyer.com\/espanol\/faq\/ley-de-georgia\/accidente-automovilistico\/que-hacer-cuando-se-ve-envuelto-en-un-accidente-de-transito\/","title":{"rendered":"\u00bfQu\u00e9 Hacer Cuando Se ve Envuelto en Un Accidente de Tr\u00e1nsito?"},"content":{"rendered":"<p><img decoding=\"async\" class=\"size-full wp-image-11630 alignright\" src=\"https:\/\/ceolawyer.com\/espanol\/wp-content\/uploads\/sites\/2\/2023\/02\/que-hacer-cuando-se-ve-envuelto-en-un-accidente-de-transito.jpg\" alt=\"Cierra la mano de la mujer que sostiene el tel\u00e9fono inteligente y toma una foto del accidente automovil\u00edstico\" width=\"500\" height=\"333\" srcset=\"https:\/\/ceolawyer.com\/espanol\/wp-content\/uploads\/sites\/2\/2023\/02\/que-hacer-cuando-se-ve-envuelto-en-un-accidente-de-transito.jpg 500w, https:\/\/ceolawyer.com\/espanol\/wp-content\/uploads\/sites\/2\/2023\/02\/que-hacer-cuando-se-ve-envuelto-en-un-accidente-de-transito-300x200.jpg 300w\" sizes=\"(max-width: 500px) 100vw, 500px\" \/>Nunca alguien espera verse envuelto en un accidente de tr\u00e1nsito. Simplemente vas manejando, pasando tu d\u00eda normal, y de repente ocurre. Puede tomarte un minuto procesar lo que est\u00e1 ocurriendo o incluso puede tardar m\u00e1s si terminaste herido. Podr\u00edas estar adolorido o desorientado; en el mejor de los casos solamente est\u00e1s sintiendo algo de estr\u00e9s. Es entendible que no sepas que pensar o hacer en ese preciso momento, pero una vez que vuelves en ti mismo y te orientas, hay varios pasos importantes por hacer para proteger tus derechos legales.<\/p>\n<p>M\u00e1s tarde, podr\u00edas necesitar ayuda para obtener compensaci\u00f3n por tus heridas, y la mejor soluci\u00f3n es acudir a un abogado especializado en accidentes de tr\u00e1nsito. El abogado Ali Awad tiene mucha experiencia luchando en contra de las compa\u00f1\u00edas de seguro para sus clientes. Raz\u00f3n por la cual cre\u00f3 CEO Lawyer Personal Injury Law Firm, una firma de abogados especializada en estos casos y que r\u00e1pidamente se ha convertido en una de las firmas de mayor crecimiento en el pa\u00eds. Cuando Ali no est\u00e1 reunido con sus clientes o luchando por sus derechos legales, lo puedes encontrar en las redes sociales, compartiendo conocimiento en temas legales con humor e ingenio.<\/p>\n<h2>Primeros Pasos Despu\u00e9s de Estar en Un Accidente de Tr\u00e1nsito<\/h2>\n<p>Estos son algunos pasos importantes a seguir si se ve implicado en un accidente de tr\u00e1nsito:<\/p>\n<ul>\n<li><i>Cuando puedas pensar claramente, encienda las luces intermitentes y revise si usted o alguno de los pasajeros en el veh\u00edculo est\u00e1 herido.<\/i><\/li>\n<li><i>Llame al 911 para reportar el accidente de inmediato, incluso si no est\u00e1s lastimado.<\/i><\/li>\n<\/ul>\n<ul>\n<li><i>La operadora del 911 posiblemente le pregunte si su carro est\u00e1 en condici\u00f3n de ser manejado en la v\u00eda. Dependiendo de su respuesta, ellos le aconsejaran bien sea moverlo fuera de la v\u00eda, o dejarlo tal cual se encuentra y que encienda las luces intermitentes. Tambi\u00e9n es posible que le digan que salga del veh\u00edculo y espere a un lado de la v\u00eda o en alg\u00fan lugar seguro. Usted deber\u00eda seguir las instrucciones de la operadora puesto que est\u00e1n orientadas a prevenir accidentes adicionales.<\/i><\/li>\n<\/ul>\n<ul>\n<li><i>Si no se encuentra gravemente herido y puede salir del veh\u00edculo sin problemas, tome fotos de todos los da\u00f1os ocurridos al veh\u00edculo u otros da\u00f1os causados. Esto incluye el otro veh\u00edculo, cualquier tipo de escombro causado por la colisi\u00f3n entre los veh\u00edculos o partes de los mismos y a cualquier testigo potencial que se encuentre cerca al accidente.<\/i><\/li>\n<\/ul>\n<ul>\n<li><i>Ac\u00e9rquese al otro conductor y averig\u00fce la informaci\u00f3n de contacto y la de la aseguradora a la que pertenece, tambi\u00e9n es importante que usted le brinde esa misma informaci\u00f3n incluyendo los n\u00fameros de p\u00f3liza y licencias de conducir. Nunca admita culpa \u2013 es muy posible que usted no sepa bien la escena completa de lo que ocurri\u00f3. Tambi\u00e9n evite discutir con el otro conductor sobre lo que ocurri\u00f3, lo importante es obtener la informaci\u00f3n mencionada anteriormente.<\/i><\/li>\n<\/ul>\n<ul>\n<li><i>Comp\u00f3rtese de manera similar cuando la polic\u00eda llegue, sea honesto cuando responda las preguntas de los oficiales, y no haga especulaciones acerca de la culpabilidad; nunca diga que usted considera que fue su culpa. Hemos conocido muchas personas que estaban equivocadas sobre su rol en el accidente.<\/i><\/li>\n<\/ul>\n<ul>\n<li><i>Si hay otros testigos cerca del lugar, intente obtener su informaci\u00f3n de contacto.<\/i><\/li>\n<\/ul>\n<ul>\n<li><i>Obtenga asistencia m\u00e9dica o por lo menos permita que los param\u00e9dicos lo revisen, as\u00ed usted considere que no tiene ninguna herida. Puede que tome horas o incluso d\u00edas para que algunas heridas se empiezan a manifestar, y recibir asistencia m\u00e9dica puede ser una excelente forma de revelar cualquier problema que le pueda causar dificultades en el futuro. Incluso cuando no se est\u00e1 gravemente herido, la aseguradora del culpable en el accidente est\u00e1 obligada a pagar por cualquier examen o an\u00e1lisis m\u00e9dico necesario para garantizar que su salud est\u00e9 bien.<\/i><\/li>\n<\/ul>\n<ul>\n<li><i>Si su reporte m\u00e9dico no muestra problemas, aun as\u00ed deber\u00eda estar muy precavido por alguna molestia inusual que se pueda sentir en los d\u00edas siguientes al accidente. En caso de que algo surja, no dude en acudir a la cl\u00ednica para otro an\u00e1lisis m\u00e9dico.<\/i><\/li>\n<\/ul>\n<ul>\n<li><i>Reporte el accidente a su aseguradora, incluso si considera que la culpa es del otro conductor. De nuevo, no debe admitir culpa alguna. Recuerde que poner a su aseguradora en sobreaviso del accidente no\u00a0 es lo mismo que hacer una demanda, que igual tendr\u00e1 que hacerla. Sin embargo, si la culpa es del otro conductor deber\u00e1 llevar la demanda dirigida a la aseguradora del conductor culpable del accidente.<\/i><\/li>\n<\/ul>\n<ul>\n<li><i>Lo ideal ser\u00eda hablar con un abogado especializado en accidentes de tr\u00e1nsito antes de hacer una demanda formal a la aseguradora. Ellos te pueden aconsejar sobre las situaciones que pueden hacer m\u00e1s f\u00e1cil o m\u00e1s dif\u00edcil su demanda, ellos lo gu\u00edan en el proceso adecuado.<\/i><\/li>\n<\/ul>\n<h2>\u00bfCu\u00e1nto Tiempo Usted Tiene Para Reportar Un Accidente?<\/h2>\n<p><a href=\"https:\/\/www.findlaw.com\/state\/georgia-law\/georgia-car-accident-report-basics.html\">Bajo las leyes del estado de Georgia, usted deber\u00eda llamar al 911 y reportar el accidente de inmediato o tan r\u00e1pido como pueda.<\/a><\/p>\n<p>T\u00e9cnicamente usted no est\u00e1 obligado a reportar un accidente donde no haya heridos, y donde los da\u00f1os de propiedad no excedan los 500 USD, pero deber\u00eda reportarlo de todos modos. Existen dos razones para esto:<\/p>\n<ul>\n<li><i>A menos que seas un experto en reparaciones de autos, es dif\u00edcil ver un carro averiado y decir una cifra correcta con respecto a los posibles da\u00f1os. Mucha gente se sorprende por los costos de las reparaciones para lo que ellos consideran un golpe menor en sus veh\u00edculos.<\/i><\/li>\n<\/ul>\n<ul>\n<li><i>Como mencionamos anteriormente, algunas personas no presentan s\u00edntomas de sus heridas inmediatamente. Si al otro d\u00eda se despierta sintiendo dolor, rigidez en el cuello o siente dolores espont\u00e1neos en zonas con tejidos blandos, es muy posible que usted quiera hacer una demanda a la aseguradora del conductor culpable. Pero si usted no reporta la colisi\u00f3n, ellos van a estar muy propensos a negarse e incluso poner en duda que el accidente en efecto ocurri\u00f3, o que es la causa de su herida.<\/i><\/li>\n<\/ul>\n<h2>\u00bfSe Debe Establecer Una Demanda de Forma Inmediata?<\/h2>\n<p>No, en la mayor\u00eda de casos usted debe establecer una demanda por culpabilidad por gastos m\u00e9dicos dentro de 2 a\u00f1os de la fecha del accidente y en cuanto a da\u00f1os a su propiedad la demanda debe ser dentro de 4 a\u00f1os de la fecha del accidente. Usualmente lo mejor es esperar a recibir las facturas m\u00e9dicas y tener una idea de cu\u00e1nto tiempo va a tomar el tratamiento en caso de que a\u00fan no est\u00e9 completado. Sin embargo, algunas veces las v\u00edctimas de accidentes tienen heridas muy graves que implican tratamientos o asistencia permanente mientras a\u00fan se acumulan los gastos m\u00e9dicos con otras deudas m\u00e9dicas pendientes. Desafortunadamente las facturas sin pagar te impiden continuar recibiendo el tratamiento adecuado. Si est\u00e1s en una situaci\u00f3n como esta, llama a un abogado especializado para una asistencia inmediata.<\/p>\n<h2>Llame Al Abogado Ali Awad Y SU Firma CEO Lawyer Personal Injury Law Firm<\/h2>\n<p>Despu\u00e9s de un accidente automovil\u00edstico, tu o un ser amado puede tener problemas con facturas m\u00e9dicas, perder tiempo de trabajo, gastos por da\u00f1os al veh\u00edculo e incluso da\u00f1os como dolor y sufrimiento. No lidie con su compa\u00f1\u00eda aseguradora solo \u2013 ellos tienen muchas estrategias para culparlo a usted por el accidente y as\u00ed evitar alguna responsabilidad o indemnizaci\u00f3n a su demanda. En lugar de eso, llame a la firma de abogados especializada en da\u00f1os CEO Lawyer\u00a0 para una consulta gratuita. Usted no tendr\u00e1 obligaciones o alg\u00fan tipo de gasto si tomamos su caso. Usamos un m\u00e9todo de contingencia esto significa que cuando ganemos el caso de ahi mismo saldra el pago de nuestros costos.<\/p>\n<p><a href=\"https:\/\/ceolawyer.com\/espanol\/contacto-con-nosotros\/\">Averig\u00fce el valor de su caso.<\/a> Abogados con experiencia en accidentes listos para tomar su llamada al <a href=\"tel:+18883073792\">888-307-3792<\/a>.<\/p>\n","protected":false},"excerpt":{"rendered":"<p>Nunca alguien espera verse envuelto en un accidente de tr\u00e1nsito. Simplemente vas manejando, pasando tu d\u00eda normal, y de repente ocurre. Puede tomarte un minuto procesar lo que est\u00e1 ocurriendo o incluso puede tardar m\u00e1s si terminaste herido. Podr\u00edas estar adolorido o desorientado; en el mejor de los casos solamente est\u00e1s sintiendo algo de estr\u00e9s. [&hellip;]<\/p>\n","protected":false},"author":22,"featured_media":11630,"parent":13289,"menu_order":0,"comment_status":"closed","ping_status":"closed","template":"","meta":{"_acf_changed":false,"footnotes":""},"class_list":["post-11627","page","type-page","status-publish","has-post-thumbnail","hentry"],"acf":[],"yoast_head":"<!-- This site is optimized with the Yoast SEO plugin v27.2 - https:\/\/yoast.com\/product\/yoast-seo-wordpress\/ -->\n<title>\u00bfQu\u00e9 Hacer Cuando Se ve Envuelto en Un Accidente de Tr\u00e1nsito? | CEO Lawyer<\/title>\n<meta name=\"description\" content=\"Si tuvo un accidente automovil\u00edstico, llame al CEO Abogados Abogados de Accidentes al 833-254-2923 para una consulta gratuita de su caso.\" \/>\n<meta name=\"robots\" content=\"index, follow, max-snippet:-1, max-image-preview:large, max-video-preview:-1\" \/>\n<link rel=\"canonical\" href=\"https:\/\/ceolawyer.com\/espanol\/faq\/ley-de-georgia\/accidente-automovilistico\/que-hacer-cuando-se-ve-envuelto-en-un-accidente-de-transito\/\" \/>\n<meta property=\"og:locale\" content=\"en_US\" \/>\n<meta property=\"og:type\" content=\"article\" \/>\n<meta property=\"og:title\" content=\"\u00bfQu\u00e9 Hacer Cuando Se ve Envuelto en Un Accidente de Tr\u00e1nsito? | CEO Lawyer\" \/>\n<meta property=\"og:description\" content=\"Si tuvo un accidente automovil\u00edstico, llame al CEO Abogados Abogados de Accidentes al 833-254-2923 para una consulta gratuita de su caso.\" \/>\n<meta property=\"og:url\" content=\"https:\/\/ceolawyer.com\/espanol\/faq\/ley-de-georgia\/accidente-automovilistico\/que-hacer-cuando-se-ve-envuelto-en-un-accidente-de-transito\/\" \/>\n<meta property=\"og:site_name\" content=\"CEO Lawyer\" \/>\n<meta property=\"article:modified_time\" content=\"2026-03-18T18:40:38+00:00\" \/>\n<meta property=\"og:image\" content=\"https:\/\/ceolawyer.com\/espanol\/wp-content\/uploads\/sites\/2\/2023\/02\/que-hacer-cuando-se-ve-envuelto-en-un-accidente-de-transito.jpg\" \/>\n\t<meta property=\"og:image:width\" content=\"500\" \/>\n\t<meta property=\"og:image:height\" content=\"333\" \/>\n\t<meta property=\"og:image:type\" content=\"image\/jpeg\" \/>\n<meta name=\"twitter:card\" content=\"summary_large_image\" \/>\n<meta name=\"twitter:label1\" content=\"Est. reading time\" \/>\n\t<meta name=\"twitter:data1\" content=\"6 minutes\" \/>\n<script type=\"application\/ld+json\" class=\"yoast-schema-graph\">{\"@context\":\"https:\/\/schema.org\",\"@graph\":[{\"@type\":\"WebPage\",\"@id\":\"https:\/\/ceolawyer.com\/espanol\/faq\/ley-de-georgia\/accidente-automovilistico\/que-hacer-cuando-se-ve-envuelto-en-un-accidente-de-transito\/\",\"url\":\"https:\/\/ceolawyer.com\/espanol\/faq\/ley-de-georgia\/accidente-automovilistico\/que-hacer-cuando-se-ve-envuelto-en-un-accidente-de-transito\/\",\"name\":\"\u00bfQu\u00e9 Hacer Cuando Se ve Envuelto en Un Accidente de Tr\u00e1nsito? | CEO Lawyer\",\"isPartOf\":{\"@id\":\"https:\/\/ceolawyer.com\/espanol\/#website\"},\"primaryImageOfPage\":{\"@id\":\"https:\/\/ceolawyer.com\/espanol\/faq\/ley-de-georgia\/accidente-automovilistico\/que-hacer-cuando-se-ve-envuelto-en-un-accidente-de-transito\/#primaryimage\"},\"image\":{\"@id\":\"https:\/\/ceolawyer.com\/espanol\/faq\/ley-de-georgia\/accidente-automovilistico\/que-hacer-cuando-se-ve-envuelto-en-un-accidente-de-transito\/#primaryimage\"},\"thumbnailUrl\":\"https:\/\/ceolawyer.com\/espanol\/wp-content\/uploads\/sites\/2\/2023\/02\/que-hacer-cuando-se-ve-envuelto-en-un-accidente-de-transito.jpg\",\"datePublished\":\"2023-02-23T14:15:36+00:00\",\"dateModified\":\"2026-03-18T18:40:38+00:00\",\"description\":\"Si tuvo un accidente automovil\u00edstico, llame al CEO Abogados Abogados de Accidentes al 833-254-2923 para una consulta gratuita de su caso.\",\"breadcrumb\":{\"@id\":\"https:\/\/ceolawyer.com\/espanol\/faq\/ley-de-georgia\/accidente-automovilistico\/que-hacer-cuando-se-ve-envuelto-en-un-accidente-de-transito\/#breadcrumb\"},\"inLanguage\":\"en-US\",\"potentialAction\":[{\"@type\":\"ReadAction\",\"target\":[\"https:\/\/ceolawyer.com\/espanol\/faq\/ley-de-georgia\/accidente-automovilistico\/que-hacer-cuando-se-ve-envuelto-en-un-accidente-de-transito\/\"]}]},{\"@type\":\"ImageObject\",\"inLanguage\":\"en-US\",\"@id\":\"https:\/\/ceolawyer.com\/espanol\/faq\/ley-de-georgia\/accidente-automovilistico\/que-hacer-cuando-se-ve-envuelto-en-un-accidente-de-transito\/#primaryimage\",\"url\":\"https:\/\/ceolawyer.com\/espanol\/wp-content\/uploads\/sites\/2\/2023\/02\/que-hacer-cuando-se-ve-envuelto-en-un-accidente-de-transito.jpg\",\"contentUrl\":\"https:\/\/ceolawyer.com\/espanol\/wp-content\/uploads\/sites\/2\/2023\/02\/que-hacer-cuando-se-ve-envuelto-en-un-accidente-de-transito.jpg\",\"width\":500,\"height\":333,\"caption\":\"Cierra la mano de la mujer que sostiene el tel\u00e9fono inteligente y toma una foto del accidente automovil\u00edstico\"},{\"@type\":\"BreadcrumbList\",\"@id\":\"https:\/\/ceolawyer.com\/espanol\/faq\/ley-de-georgia\/accidente-automovilistico\/que-hacer-cuando-se-ve-envuelto-en-un-accidente-de-transito\/#breadcrumb\",\"itemListElement\":[{\"@type\":\"ListItem\",\"position\":1,\"name\":\"Home\",\"item\":\"https:\/\/ceolawyer.com\/espanol\/\"},{\"@type\":\"ListItem\",\"position\":2,\"name\":\"FAQ\",\"item\":\"https:\/\/ceolawyer.com\/espanol\/faq\/\"},{\"@type\":\"ListItem\",\"position\":3,\"name\":\"Lesiones personales en Georgia FAQ\",\"item\":\"https:\/\/ceolawyer.com\/espanol\/faq\/ley-de-georgia\/\"},{\"@type\":\"ListItem\",\"position\":4,\"name\":\"\u00bfQu\u00e9 Hacer Cuando Se ve Envuelto en Un Accidente de Tr\u00e1nsito?\"}]},{\"@type\":\"WebSite\",\"@id\":\"https:\/\/ceolawyer.com\/espanol\/#website\",\"url\":\"https:\/\/ceolawyer.com\/espanol\/\",\"name\":\"CEO Lawyer\",\"description\":\"Personal Injury Attorney\",\"publisher\":{\"@id\":\"https:\/\/ceolawyer.com\/espanol\/#organization\"},\"potentialAction\":[{\"@type\":\"SearchAction\",\"target\":{\"@type\":\"EntryPoint\",\"urlTemplate\":\"https:\/\/ceolawyer.com\/espanol\/?s={search_term_string}\"},\"query-input\":{\"@type\":\"PropertyValueSpecification\",\"valueRequired\":true,\"valueName\":\"search_term_string\"}}],\"inLanguage\":\"en-US\"},{\"@type\":\"Organization\",\"@id\":\"https:\/\/ceolawyer.com\/espanol\/#organization\",\"name\":\"CEO Lawyer\",\"url\":\"https:\/\/ceolawyer.com\/espanol\/\",\"logo\":{\"@type\":\"ImageObject\",\"inLanguage\":\"en-US\",\"@id\":\"https:\/\/ceolawyer.com\/espanol\/#\/schema\/logo\/image\/\",\"url\":\"https:\/\/ceolawyer.com\/espanol\/wp-content\/uploads\/sites\/2\/2022\/05\/CEO_Logo.png\",\"contentUrl\":\"https:\/\/ceolawyer.com\/espanol\/wp-content\/uploads\/sites\/2\/2022\/05\/CEO_Logo.png\",\"width\":200,\"height\":108,\"caption\":\"CEO Lawyer\"},\"image\":{\"@id\":\"https:\/\/ceolawyer.com\/espanol\/#\/schema\/logo\/image\/\"}}]}<\/script>\n<!-- \/ Yoast SEO plugin. -->","yoast_head_json":{"title":"\u00bfQu\u00e9 Hacer Cuando Se ve Envuelto en Un Accidente de Tr\u00e1nsito? | CEO Lawyer","description":"Si tuvo un accidente automovil\u00edstico, llame al CEO Abogados Abogados de Accidentes al 833-254-2923 para una consulta gratuita de su caso.","robots":{"index":"index","follow":"follow","max-snippet":"max-snippet:-1","max-image-preview":"max-image-preview:large","max-video-preview":"max-video-preview:-1"},"canonical":"https:\/\/ceolawyer.com\/espanol\/faq\/ley-de-georgia\/accidente-automovilistico\/que-hacer-cuando-se-ve-envuelto-en-un-accidente-de-transito\/","og_locale":"en_US","og_type":"article","og_title":"\u00bfQu\u00e9 Hacer Cuando Se ve Envuelto en Un Accidente de Tr\u00e1nsito? | CEO Lawyer","og_description":"Si tuvo un accidente automovil\u00edstico, llame al CEO Abogados Abogados de Accidentes al 833-254-2923 para una consulta gratuita de su caso.","og_url":"https:\/\/ceolawyer.com\/espanol\/faq\/ley-de-georgia\/accidente-automovilistico\/que-hacer-cuando-se-ve-envuelto-en-un-accidente-de-transito\/","og_site_name":"CEO Lawyer","article_modified_time":"2026-03-18T18:40:38+00:00","og_image":[{"width":500,"height":333,"url":"https:\/\/ceolawyer.com\/espanol\/wp-content\/uploads\/sites\/2\/2023\/02\/que-hacer-cuando-se-ve-envuelto-en-un-accidente-de-transito.jpg","type":"image\/jpeg"}],"twitter_card":"summary_large_image","twitter_misc":{"Est. reading time":"6 minutes"},"schema":{"@context":"https:\/\/schema.org","@graph":[{"@type":"WebPage","@id":"https:\/\/ceolawyer.com\/espanol\/faq\/ley-de-georgia\/accidente-automovilistico\/que-hacer-cuando-se-ve-envuelto-en-un-accidente-de-transito\/","url":"https:\/\/ceolawyer.com\/espanol\/faq\/ley-de-georgia\/accidente-automovilistico\/que-hacer-cuando-se-ve-envuelto-en-un-accidente-de-transito\/","name":"\u00bfQu\u00e9 Hacer Cuando Se ve Envuelto en Un Accidente de Tr\u00e1nsito? | CEO Lawyer","isPartOf":{"@id":"https:\/\/ceolawyer.com\/espanol\/#website"},"primaryImageOfPage":{"@id":"https:\/\/ceolawyer.com\/espanol\/faq\/ley-de-georgia\/accidente-automovilistico\/que-hacer-cuando-se-ve-envuelto-en-un-accidente-de-transito\/#primaryimage"},"image":{"@id":"https:\/\/ceolawyer.com\/espanol\/faq\/ley-de-georgia\/accidente-automovilistico\/que-hacer-cuando-se-ve-envuelto-en-un-accidente-de-transito\/#primaryimage"},"thumbnailUrl":"https:\/\/ceolawyer.com\/espanol\/wp-content\/uploads\/sites\/2\/2023\/02\/que-hacer-cuando-se-ve-envuelto-en-un-accidente-de-transito.jpg","datePublished":"2023-02-23T14:15:36+00:00","dateModified":"2026-03-18T18:40:38+00:00","description":"Si tuvo un accidente automovil\u00edstico, llame al CEO Abogados Abogados de Accidentes al 833-254-2923 para una consulta gratuita de su caso.","breadcrumb":{"@id":"https:\/\/ceolawyer.com\/espanol\/faq\/ley-de-georgia\/accidente-automovilistico\/que-hacer-cuando-se-ve-envuelto-en-un-accidente-de-transito\/#breadcrumb"},"inLanguage":"en-US","potentialAction":[{"@type":"ReadAction","target":["https:\/\/ceolawyer.com\/espanol\/faq\/ley-de-georgia\/accidente-automovilistico\/que-hacer-cuando-se-ve-envuelto-en-un-accidente-de-transito\/"]}]},{"@type":"ImageObject","inLanguage":"en-US","@id":"https:\/\/ceolawyer.com\/espanol\/faq\/ley-de-georgia\/accidente-automovilistico\/que-hacer-cuando-se-ve-envuelto-en-un-accidente-de-transito\/#primaryimage","url":"https:\/\/ceolawyer.com\/espanol\/wp-content\/uploads\/sites\/2\/2023\/02\/que-hacer-cuando-se-ve-envuelto-en-un-accidente-de-transito.jpg","contentUrl":"https:\/\/ceolawyer.com\/espanol\/wp-content\/uploads\/sites\/2\/2023\/02\/que-hacer-cuando-se-ve-envuelto-en-un-accidente-de-transito.jpg","width":500,"height":333,"caption":"Cierra la mano de la mujer que sostiene el tel\u00e9fono inteligente y toma una foto del accidente automovil\u00edstico"},{"@type":"BreadcrumbList","@id":"https:\/\/ceolawyer.com\/espanol\/faq\/ley-de-georgia\/accidente-automovilistico\/que-hacer-cuando-se-ve-envuelto-en-un-accidente-de-transito\/#breadcrumb","itemListElement":[{"@type":"ListItem","position":1,"name":"Home","item":"https:\/\/ceolawyer.com\/espanol\/"},{"@type":"ListItem","position":2,"name":"FAQ","item":"https:\/\/ceolawyer.com\/espanol\/faq\/"},{"@type":"ListItem","position":3,"name":"Lesiones personales en Georgia FAQ","item":"https:\/\/ceolawyer.com\/espanol\/faq\/ley-de-georgia\/"},{"@type":"ListItem","position":4,"name":"\u00bfQu\u00e9 Hacer Cuando Se ve Envuelto en Un Accidente de Tr\u00e1nsito?"}]},{"@type":"WebSite","@id":"https:\/\/ceolawyer.com\/espanol\/#website","url":"https:\/\/ceolawyer.com\/espanol\/","name":"CEO Lawyer","description":"Personal Injury Attorney","publisher":{"@id":"https:\/\/ceolawyer.com\/espanol\/#organization"},"potentialAction":[{"@type":"SearchAction","target":{"@type":"EntryPoint","urlTemplate":"https:\/\/ceolawyer.com\/espanol\/?s={search_term_string}"},"query-input":{"@type":"PropertyValueSpecification","valueRequired":true,"valueName":"search_term_string"}}],"inLanguage":"en-US"},{"@type":"Organization","@id":"https:\/\/ceolawyer.com\/espanol\/#organization","name":"CEO Lawyer","url":"https:\/\/ceolawyer.com\/espanol\/","logo":{"@type":"ImageObject","inLanguage":"en-US","@id":"https:\/\/ceolawyer.com\/espanol\/#\/schema\/logo\/image\/","url":"https:\/\/ceolawyer.com\/espanol\/wp-content\/uploads\/sites\/2\/2022\/05\/CEO_Logo.png","contentUrl":"https:\/\/ceolawyer.com\/espanol\/wp-content\/uploads\/sites\/2\/2022\/05\/CEO_Logo.png","width":200,"height":108,"caption":"CEO Lawyer"},"image":{"@id":"https:\/\/ceolawyer.com\/espanol\/#\/schema\/logo\/image\/"}}]}},"_links":{"self":[{"href":"https:\/\/ceolawyer.com\/espanol\/wp-json\/wp\/v2\/pages\/11627","targetHints":{"allow":["GET"]}}],"collection":[{"href":"https:\/\/ceolawyer.com\/espanol\/wp-json\/wp\/v2\/pages"}],"about":[{"href":"https:\/\/ceolawyer.com\/espanol\/wp-json\/wp\/v2\/types\/page"}],"author":[{"embeddable":true,"href":"https:\/\/ceolawyer.com\/espanol\/wp-json\/wp\/v2\/users\/22"}],"replies":[{"embeddable":true,"href":"https:\/\/ceolawyer.com\/espanol\/wp-json\/wp\/v2\/comments?post=11627"}],"version-history":[{"count":0,"href":"https:\/\/ceolawyer.com\/espanol\/wp-json\/wp\/v2\/pages\/11627\/revisions"}],"up":[{"embeddable":true,"href":"https:\/\/ceolawyer.com\/espanol\/wp-json\/wp\/v2\/pages\/13289"}],"wp:featuredmedia":[{"embeddable":true,"href":"https:\/\/ceolawyer.com\/espanol\/wp-json\/wp\/v2\/media\/11630"}],"wp:attachment":[{"href":"https:\/\/ceolawyer.com\/espanol\/wp-json\/wp\/v2\/media?parent=11627"}],"curies":[{"name":"wp","href":"https:\/\/api.w.org\/{rel}","templated":true}]}}