{"id":11634,"date":"2023-02-23T14:56:38","date_gmt":"2023-02-23T14:56:38","guid":{"rendered":"https:\/\/ceolawyer.com\/espanol\/?page_id=11634"},"modified":"2026-03-18T18:22:34","modified_gmt":"2026-03-18T18:22:34","slug":"estoy-en-un-estado-de-no-culpabilidad-que-implica-esto-si-me-veo-involucrado-en-un-accidente-de-transito","status":"publish","type":"page","link":"https:\/\/ceolawyer.com\/espanol\/faq\/ley-de-georgia\/accidente-automovilistico\/estoy-en-un-estado-de-no-culpabilidad-que-implica-esto-si-me-veo-involucrado-en-un-accidente-de-transito\/","title":{"rendered":"Estoy en Un Estado de No-Culpabilidad. \u00bfQu\u00e9 Implica Esto Si Me Veo Involucrado en Un Accidente de Tr\u00e1nsito?"},"content":{"rendered":"<p><img decoding=\"async\" class=\"alignright size-full wp-image-11636\" src=\"https:\/\/ceolawyer.com\/espanol\/wp-content\/uploads\/sites\/2\/2023\/02\/estoy-en-un-estado-de-no-culpabilidad-que-implica-esto-si-me-veo-involucrado-en-un-accidente-de-transito.jpg\" alt=\"Accidente automovil\u00edstico en estado sin culpa\" width=\"500\" height=\"331\" srcset=\"https:\/\/ceolawyer.com\/espanol\/wp-content\/uploads\/sites\/2\/2023\/02\/estoy-en-un-estado-de-no-culpabilidad-que-implica-esto-si-me-veo-involucrado-en-un-accidente-de-transito.jpg 500w, https:\/\/ceolawyer.com\/espanol\/wp-content\/uploads\/sites\/2\/2023\/02\/estoy-en-un-estado-de-no-culpabilidad-que-implica-esto-si-me-veo-involucrado-en-un-accidente-de-transito-300x199.jpg 300w\" sizes=\"(max-width: 500px) 100vw, 500px\" \/>\u201cNo-culpabilidad\u201d garantiza que independientemente de c\u00f3mo ocurri\u00f3 el accidente, las partes involucradas van a compartir responsabilidad por las p\u00e9rdidas resultado del accidente y nunca ser\u00e1 solo 1 persona la declarada culpable y responsable por los gastos y p\u00e9rdidas.<\/p>\n<p><a href=\"https:\/\/ceolawyer.com\/georgia-personal-injury\/\">Georgia<\/a> no es un estado donde se aplica la no-culpabilidad, por el contrario es un Estado donde se busca un \u201cculpable\u201d. Cuando hablamos de no-culpabilidad en t\u00e9rminos de un accidente de tr\u00e1nsito, hace referencia al tipo de seguro aplicable en caso de que ocurra un accidente de tr\u00e1nsito. El t\u00e9rmino de seguro de no-culpabilidad significa que la aseguradora del conductor se har\u00e1 cargo de los gastos m\u00e9dicos y p\u00e9rdidas del beneficiario, independiente de quien tuvo la culpa en el accidente. Mientras tanto, con un seguro de culpabilidad, la parte que caus\u00f3 el accidente o que tiene mayor culpabilidad de \u00e9ste ser\u00e1 responsable de pagar las p\u00e9rdidas por el hecho de tener la culpa\u00a0 del accidente.<\/p>\n<h2>Georgia es un Estado donde se busca culpable.<\/h2>\n<p>Georgia es un estado donde se busca culpable. Si terminas siendo parte de un accidente de tr\u00e1nsito y eres menos de 51% culpable de este. (Por ejemplo, se considera que tiene un 49% de culpa), usted no ser\u00e1 responsable de pagar por los da\u00f1os resultado del accidente. Adicionalmente, en el estado de Georgia se aplica una normativa donde se mide la proporci\u00f3n de culpa entre las partes, esto significa que ambos conductores envueltos en el accidente compartir\u00e1n la culpa del accidente ambos. Se asume que cuando alguno de los conductores tienen una culpabilidad de al menos el 51% este tendr\u00e1 que pagar por sus da\u00f1os y p\u00e9rdidas y no puede buscar beneficio monetario de nadie m\u00e1s.<\/p>\n<h2>\u00bfQu\u00e9 hacer despu\u00e9s de un accidente de tr\u00e1nsito?<\/h2>\n<p>Inmediatamente despu\u00e9s del accidente, es importante documentar todo lo referente a p\u00e9rdidas. Para este momento, ya deber\u00edas haber llamado a la polic\u00eda para que acudan al lugar del accidente y haberles dado tu versi\u00f3n de los hechos. Seguido a eso, vas a necesitar llenar un reporte de accidente de tr\u00e1nsito en Georgia. Este se compone de todos los detalles relacionados al accidente. Tambi\u00e9n debes incluir en el reporte informaci\u00f3n relacionada a:<\/p>\n<ul>\n<li>Factores que contribuyeron al accidente<\/li>\n<li>Factores de la v\u00eda que contribuyeron al accidente<\/li>\n<li>Estado clim\u00e1tico al momento del impacto<\/li>\n<li>Condici\u00f3n del operador<\/li>\n<li>Eventos peligrosos relacionados al accidente.<\/li>\n<li>Visi\u00f3n nublada u oscurecida en el veh\u00edculo<\/li>\n<li>Cualquier tipo de herida producto del accidente en cualquiera de los pasajeros<\/li>\n<\/ul>\n<h2>La compa\u00f1\u00eda aseguradora de la otra persona envuelta en el accidente.<\/h2>\n<p>Algunas personas intercambian informaci\u00f3n de sus aseguradoras en la escena del accidente y reciben una llamada por parte de la aseguradora de la persona con la que tuvo el accidente. Muchas personas no quieren tener contacto alguno con la aseguradora de la otra persona, independiente de quien tenga la culpa de las p\u00e9rdidas. Ser\u00eda muy beneficioso contar con un abogado experimentado que est\u00e9 pendiente de todo tipo de comunicaci\u00f3n que usted tenga con la aseguradora de la otra persona. Y es aqu\u00ed precisamente donde nosotros aparecemos. Le podemos ayudar de manera muy segura a pasar por este proceso donde tenemos p\u00e9rdidas despu\u00e9s de un accidente de tr\u00e1nsito.<\/p>\n<p>Si usted es parte de un accidente de tr\u00e1nsito en Georgia, ll\u00e1manos a nuestra firma de abogados especializada CEO Lawyer. Revisaremos los detalles de su accidente para ayudarlo a entender la culpabilidad, quien ser\u00eda responsable por reponer los costos de p\u00e9rdidas y da\u00f1os, y c\u00f3mo aplicar las leyes relacionadas a accidentes de tr\u00e1nsito en estos casos. Nuestro equipo de abogados especializados en da\u00f1os y accidentes de tr\u00e1nsito est\u00e1 listo para ser parte de su proceso y guiarlo de tal manera que el resultado sea beneficioso para usted. \u00a1Solo llamanos hoy!<\/p>\n","protected":false},"excerpt":{"rendered":"<p>\u201cNo-culpabilidad\u201d garantiza que independientemente de c\u00f3mo ocurri\u00f3 el accidente, las partes involucradas van a compartir responsabilidad por las p\u00e9rdidas resultado del accidente y nunca ser\u00e1 solo 1 persona la declarada culpable y responsable por los gastos y p\u00e9rdidas. Georgia no es un estado donde se aplica la no-culpabilidad, por el contrario es un Estado donde [&hellip;]<\/p>\n","protected":false},"author":22,"featured_media":11636,"parent":13289,"menu_order":0,"comment_status":"closed","ping_status":"closed","template":"","meta":{"_acf_changed":false,"footnotes":""},"class_list":["post-11634","page","type-page","status-publish","has-post-thumbnail","hentry"],"acf":[],"yoast_head":"<!-- This site is optimized with the Yoast SEO plugin v27.4 - https:\/\/yoast.com\/product\/yoast-seo-wordpress\/ -->\n<title>\u00bfQu\u00e9 Significa un Estado de No-Culpabilidad en un Accidente? | CEO Lawyer<\/title>\n<meta name=\"description\" content=\"Georgia es un estado culpable cuando se trata de accidentes. Llame al CEO Lawyer Abogados de Accidentes al 833-254-2923.\" \/>\n<meta name=\"robots\" content=\"index, follow, max-snippet:-1, max-image-preview:large, max-video-preview:-1\" \/>\n<link rel=\"canonical\" href=\"https:\/\/ceolawyer.com\/espanol\/faq\/ley-de-georgia\/accidente-automovilistico\/estoy-en-un-estado-de-no-culpabilidad-que-implica-esto-si-me-veo-involucrado-en-un-accidente-de-transito\/\" \/>\n<meta property=\"og:locale\" content=\"en_US\" \/>\n<meta property=\"og:type\" content=\"article\" \/>\n<meta property=\"og:title\" content=\"\u00bfQu\u00e9 Significa un Estado de No-Culpabilidad en un Accidente? | CEO Lawyer\" \/>\n<meta property=\"og:description\" content=\"Georgia es un estado culpable cuando se trata de accidentes. Llame al CEO Lawyer Abogados de Accidentes al 833-254-2923.\" \/>\n<meta property=\"og:url\" content=\"https:\/\/ceolawyer.com\/espanol\/faq\/ley-de-georgia\/accidente-automovilistico\/estoy-en-un-estado-de-no-culpabilidad-que-implica-esto-si-me-veo-involucrado-en-un-accidente-de-transito\/\" \/>\n<meta property=\"og:site_name\" content=\"CEO Lawyer\" \/>\n<meta property=\"article:modified_time\" content=\"2026-03-18T18:22:34+00:00\" \/>\n<meta property=\"og:image\" content=\"https:\/\/ceolawyer.com\/espanol\/wp-content\/uploads\/sites\/2\/2023\/02\/estoy-en-un-estado-de-no-culpabilidad-que-implica-esto-si-me-veo-involucrado-en-un-accidente-de-transito.jpg\" \/>\n\t<meta property=\"og:image:width\" content=\"500\" \/>\n\t<meta property=\"og:image:height\" content=\"331\" \/>\n\t<meta property=\"og:image:type\" content=\"image\/jpeg\" \/>\n<meta name=\"twitter:card\" content=\"summary_large_image\" \/>\n<meta name=\"twitter:label1\" content=\"Est. reading time\" \/>\n\t<meta name=\"twitter:data1\" content=\"4 minutes\" \/>\n<script type=\"application\/ld+json\" class=\"yoast-schema-graph\">{\"@context\":\"https:\\\/\\\/schema.org\",\"@graph\":[{\"@type\":\"WebPage\",\"@id\":\"https:\\\/\\\/ceolawyer.com\\\/espanol\\\/faq\\\/ley-de-georgia\\\/accidente-automovilistico\\\/estoy-en-un-estado-de-no-culpabilidad-que-implica-esto-si-me-veo-involucrado-en-un-accidente-de-transito\\\/\",\"url\":\"https:\\\/\\\/ceolawyer.com\\\/espanol\\\/faq\\\/ley-de-georgia\\\/accidente-automovilistico\\\/estoy-en-un-estado-de-no-culpabilidad-que-implica-esto-si-me-veo-involucrado-en-un-accidente-de-transito\\\/\",\"name\":\"\u00bfQu\u00e9 Significa un Estado de No-Culpabilidad en un Accidente? | CEO Lawyer\",\"isPartOf\":{\"@id\":\"https:\\\/\\\/ceolawyer.com\\\/espanol\\\/#website\"},\"primaryImageOfPage\":{\"@id\":\"https:\\\/\\\/ceolawyer.com\\\/espanol\\\/faq\\\/ley-de-georgia\\\/accidente-automovilistico\\\/estoy-en-un-estado-de-no-culpabilidad-que-implica-esto-si-me-veo-involucrado-en-un-accidente-de-transito\\\/#primaryimage\"},\"image\":{\"@id\":\"https:\\\/\\\/ceolawyer.com\\\/espanol\\\/faq\\\/ley-de-georgia\\\/accidente-automovilistico\\\/estoy-en-un-estado-de-no-culpabilidad-que-implica-esto-si-me-veo-involucrado-en-un-accidente-de-transito\\\/#primaryimage\"},\"thumbnailUrl\":\"https:\\\/\\\/ceolawyer.com\\\/espanol\\\/wp-content\\\/uploads\\\/sites\\\/2\\\/2023\\\/02\\\/estoy-en-un-estado-de-no-culpabilidad-que-implica-esto-si-me-veo-involucrado-en-un-accidente-de-transito.jpg\",\"datePublished\":\"2023-02-23T14:56:38+00:00\",\"dateModified\":\"2026-03-18T18:22:34+00:00\",\"description\":\"Georgia es un estado culpable cuando se trata de accidentes. Llame al CEO Lawyer Abogados de Accidentes al 833-254-2923.\",\"breadcrumb\":{\"@id\":\"https:\\\/\\\/ceolawyer.com\\\/espanol\\\/faq\\\/ley-de-georgia\\\/accidente-automovilistico\\\/estoy-en-un-estado-de-no-culpabilidad-que-implica-esto-si-me-veo-involucrado-en-un-accidente-de-transito\\\/#breadcrumb\"},\"inLanguage\":\"en-US\",\"potentialAction\":[{\"@type\":\"ReadAction\",\"target\":[\"https:\\\/\\\/ceolawyer.com\\\/espanol\\\/faq\\\/ley-de-georgia\\\/accidente-automovilistico\\\/estoy-en-un-estado-de-no-culpabilidad-que-implica-esto-si-me-veo-involucrado-en-un-accidente-de-transito\\\/\"]}]},{\"@type\":\"ImageObject\",\"inLanguage\":\"en-US\",\"@id\":\"https:\\\/\\\/ceolawyer.com\\\/espanol\\\/faq\\\/ley-de-georgia\\\/accidente-automovilistico\\\/estoy-en-un-estado-de-no-culpabilidad-que-implica-esto-si-me-veo-involucrado-en-un-accidente-de-transito\\\/#primaryimage\",\"url\":\"https:\\\/\\\/ceolawyer.com\\\/espanol\\\/wp-content\\\/uploads\\\/sites\\\/2\\\/2023\\\/02\\\/estoy-en-un-estado-de-no-culpabilidad-que-implica-esto-si-me-veo-involucrado-en-un-accidente-de-transito.jpg\",\"contentUrl\":\"https:\\\/\\\/ceolawyer.com\\\/espanol\\\/wp-content\\\/uploads\\\/sites\\\/2\\\/2023\\\/02\\\/estoy-en-un-estado-de-no-culpabilidad-que-implica-esto-si-me-veo-involucrado-en-un-accidente-de-transito.jpg\",\"width\":500,\"height\":331,\"caption\":\"Accidente automovil\u00edstico en estado sin culpa\"},{\"@type\":\"BreadcrumbList\",\"@id\":\"https:\\\/\\\/ceolawyer.com\\\/espanol\\\/faq\\\/ley-de-georgia\\\/accidente-automovilistico\\\/estoy-en-un-estado-de-no-culpabilidad-que-implica-esto-si-me-veo-involucrado-en-un-accidente-de-transito\\\/#breadcrumb\",\"itemListElement\":[{\"@type\":\"ListItem\",\"position\":1,\"name\":\"Home\",\"item\":\"https:\\\/\\\/ceolawyer.com\\\/espanol\\\/\"},{\"@type\":\"ListItem\",\"position\":2,\"name\":\"FAQ\",\"item\":\"https:\\\/\\\/ceolawyer.com\\\/espanol\\\/faq\\\/\"},{\"@type\":\"ListItem\",\"position\":3,\"name\":\"Lesiones personales en Georgia FAQ\",\"item\":\"https:\\\/\\\/ceolawyer.com\\\/espanol\\\/faq\\\/ley-de-georgia\\\/\"},{\"@type\":\"ListItem\",\"position\":4,\"name\":\"Estoy en Un Estado de No-Culpabilidad. \u00bfQu\u00e9 Implica Esto Si Me Veo Involucrado en Un Accidente de Tr\u00e1nsito?\"}]},{\"@type\":\"WebSite\",\"@id\":\"https:\\\/\\\/ceolawyer.com\\\/espanol\\\/#website\",\"url\":\"https:\\\/\\\/ceolawyer.com\\\/espanol\\\/\",\"name\":\"CEO Lawyer\",\"description\":\"Personal Injury Attorney\",\"publisher\":{\"@id\":\"https:\\\/\\\/ceolawyer.com\\\/espanol\\\/#organization\"},\"potentialAction\":[{\"@type\":\"SearchAction\",\"target\":{\"@type\":\"EntryPoint\",\"urlTemplate\":\"https:\\\/\\\/ceolawyer.com\\\/espanol\\\/?s={search_term_string}\"},\"query-input\":{\"@type\":\"PropertyValueSpecification\",\"valueRequired\":true,\"valueName\":\"search_term_string\"}}],\"inLanguage\":\"en-US\"},{\"@type\":\"Organization\",\"@id\":\"https:\\\/\\\/ceolawyer.com\\\/espanol\\\/#organization\",\"name\":\"CEO Lawyer\",\"url\":\"https:\\\/\\\/ceolawyer.com\\\/espanol\\\/\",\"logo\":{\"@type\":\"ImageObject\",\"inLanguage\":\"en-US\",\"@id\":\"https:\\\/\\\/ceolawyer.com\\\/espanol\\\/#\\\/schema\\\/logo\\\/image\\\/\",\"url\":\"https:\\\/\\\/ceolawyer.com\\\/espanol\\\/wp-content\\\/uploads\\\/sites\\\/2\\\/2022\\\/05\\\/CEO_Logo.png\",\"contentUrl\":\"https:\\\/\\\/ceolawyer.com\\\/espanol\\\/wp-content\\\/uploads\\\/sites\\\/2\\\/2022\\\/05\\\/CEO_Logo.png\",\"width\":200,\"height\":108,\"caption\":\"CEO Lawyer\"},\"image\":{\"@id\":\"https:\\\/\\\/ceolawyer.com\\\/espanol\\\/#\\\/schema\\\/logo\\\/image\\\/\"}}]}<\/script>\n<!-- \/ Yoast SEO plugin. -->","yoast_head_json":{"title":"\u00bfQu\u00e9 Significa un Estado de No-Culpabilidad en un Accidente? | CEO Lawyer","description":"Georgia es un estado culpable cuando se trata de accidentes. Llame al CEO Lawyer Abogados de Accidentes al 833-254-2923.","robots":{"index":"index","follow":"follow","max-snippet":"max-snippet:-1","max-image-preview":"max-image-preview:large","max-video-preview":"max-video-preview:-1"},"canonical":"https:\/\/ceolawyer.com\/espanol\/faq\/ley-de-georgia\/accidente-automovilistico\/estoy-en-un-estado-de-no-culpabilidad-que-implica-esto-si-me-veo-involucrado-en-un-accidente-de-transito\/","og_locale":"en_US","og_type":"article","og_title":"\u00bfQu\u00e9 Significa un Estado de No-Culpabilidad en un Accidente? | CEO Lawyer","og_description":"Georgia es un estado culpable cuando se trata de accidentes. Llame al CEO Lawyer Abogados de Accidentes al 833-254-2923.","og_url":"https:\/\/ceolawyer.com\/espanol\/faq\/ley-de-georgia\/accidente-automovilistico\/estoy-en-un-estado-de-no-culpabilidad-que-implica-esto-si-me-veo-involucrado-en-un-accidente-de-transito\/","og_site_name":"CEO Lawyer","article_modified_time":"2026-03-18T18:22:34+00:00","og_image":[{"width":500,"height":331,"url":"https:\/\/ceolawyer.com\/espanol\/wp-content\/uploads\/sites\/2\/2023\/02\/estoy-en-un-estado-de-no-culpabilidad-que-implica-esto-si-me-veo-involucrado-en-un-accidente-de-transito.jpg","type":"image\/jpeg"}],"twitter_card":"summary_large_image","twitter_misc":{"Est. reading time":"4 minutes"},"schema":{"@context":"https:\/\/schema.org","@graph":[{"@type":"WebPage","@id":"https:\/\/ceolawyer.com\/espanol\/faq\/ley-de-georgia\/accidente-automovilistico\/estoy-en-un-estado-de-no-culpabilidad-que-implica-esto-si-me-veo-involucrado-en-un-accidente-de-transito\/","url":"https:\/\/ceolawyer.com\/espanol\/faq\/ley-de-georgia\/accidente-automovilistico\/estoy-en-un-estado-de-no-culpabilidad-que-implica-esto-si-me-veo-involucrado-en-un-accidente-de-transito\/","name":"\u00bfQu\u00e9 Significa un Estado de No-Culpabilidad en un Accidente? | CEO Lawyer","isPartOf":{"@id":"https:\/\/ceolawyer.com\/espanol\/#website"},"primaryImageOfPage":{"@id":"https:\/\/ceolawyer.com\/espanol\/faq\/ley-de-georgia\/accidente-automovilistico\/estoy-en-un-estado-de-no-culpabilidad-que-implica-esto-si-me-veo-involucrado-en-un-accidente-de-transito\/#primaryimage"},"image":{"@id":"https:\/\/ceolawyer.com\/espanol\/faq\/ley-de-georgia\/accidente-automovilistico\/estoy-en-un-estado-de-no-culpabilidad-que-implica-esto-si-me-veo-involucrado-en-un-accidente-de-transito\/#primaryimage"},"thumbnailUrl":"https:\/\/ceolawyer.com\/espanol\/wp-content\/uploads\/sites\/2\/2023\/02\/estoy-en-un-estado-de-no-culpabilidad-que-implica-esto-si-me-veo-involucrado-en-un-accidente-de-transito.jpg","datePublished":"2023-02-23T14:56:38+00:00","dateModified":"2026-03-18T18:22:34+00:00","description":"Georgia es un estado culpable cuando se trata de accidentes. Llame al CEO Lawyer Abogados de Accidentes al 833-254-2923.","breadcrumb":{"@id":"https:\/\/ceolawyer.com\/espanol\/faq\/ley-de-georgia\/accidente-automovilistico\/estoy-en-un-estado-de-no-culpabilidad-que-implica-esto-si-me-veo-involucrado-en-un-accidente-de-transito\/#breadcrumb"},"inLanguage":"en-US","potentialAction":[{"@type":"ReadAction","target":["https:\/\/ceolawyer.com\/espanol\/faq\/ley-de-georgia\/accidente-automovilistico\/estoy-en-un-estado-de-no-culpabilidad-que-implica-esto-si-me-veo-involucrado-en-un-accidente-de-transito\/"]}]},{"@type":"ImageObject","inLanguage":"en-US","@id":"https:\/\/ceolawyer.com\/espanol\/faq\/ley-de-georgia\/accidente-automovilistico\/estoy-en-un-estado-de-no-culpabilidad-que-implica-esto-si-me-veo-involucrado-en-un-accidente-de-transito\/#primaryimage","url":"https:\/\/ceolawyer.com\/espanol\/wp-content\/uploads\/sites\/2\/2023\/02\/estoy-en-un-estado-de-no-culpabilidad-que-implica-esto-si-me-veo-involucrado-en-un-accidente-de-transito.jpg","contentUrl":"https:\/\/ceolawyer.com\/espanol\/wp-content\/uploads\/sites\/2\/2023\/02\/estoy-en-un-estado-de-no-culpabilidad-que-implica-esto-si-me-veo-involucrado-en-un-accidente-de-transito.jpg","width":500,"height":331,"caption":"Accidente automovil\u00edstico en estado sin culpa"},{"@type":"BreadcrumbList","@id":"https:\/\/ceolawyer.com\/espanol\/faq\/ley-de-georgia\/accidente-automovilistico\/estoy-en-un-estado-de-no-culpabilidad-que-implica-esto-si-me-veo-involucrado-en-un-accidente-de-transito\/#breadcrumb","itemListElement":[{"@type":"ListItem","position":1,"name":"Home","item":"https:\/\/ceolawyer.com\/espanol\/"},{"@type":"ListItem","position":2,"name":"FAQ","item":"https:\/\/ceolawyer.com\/espanol\/faq\/"},{"@type":"ListItem","position":3,"name":"Lesiones personales en Georgia FAQ","item":"https:\/\/ceolawyer.com\/espanol\/faq\/ley-de-georgia\/"},{"@type":"ListItem","position":4,"name":"Estoy en Un Estado de No-Culpabilidad. \u00bfQu\u00e9 Implica Esto Si Me Veo Involucrado en Un Accidente de Tr\u00e1nsito?"}]},{"@type":"WebSite","@id":"https:\/\/ceolawyer.com\/espanol\/#website","url":"https:\/\/ceolawyer.com\/espanol\/","name":"CEO Lawyer","description":"Personal Injury Attorney","publisher":{"@id":"https:\/\/ceolawyer.com\/espanol\/#organization"},"potentialAction":[{"@type":"SearchAction","target":{"@type":"EntryPoint","urlTemplate":"https:\/\/ceolawyer.com\/espanol\/?s={search_term_string}"},"query-input":{"@type":"PropertyValueSpecification","valueRequired":true,"valueName":"search_term_string"}}],"inLanguage":"en-US"},{"@type":"Organization","@id":"https:\/\/ceolawyer.com\/espanol\/#organization","name":"CEO Lawyer","url":"https:\/\/ceolawyer.com\/espanol\/","logo":{"@type":"ImageObject","inLanguage":"en-US","@id":"https:\/\/ceolawyer.com\/espanol\/#\/schema\/logo\/image\/","url":"https:\/\/ceolawyer.com\/espanol\/wp-content\/uploads\/sites\/2\/2022\/05\/CEO_Logo.png","contentUrl":"https:\/\/ceolawyer.com\/espanol\/wp-content\/uploads\/sites\/2\/2022\/05\/CEO_Logo.png","width":200,"height":108,"caption":"CEO Lawyer"},"image":{"@id":"https:\/\/ceolawyer.com\/espanol\/#\/schema\/logo\/image\/"}}]}},"_links":{"self":[{"href":"https:\/\/ceolawyer.com\/espanol\/wp-json\/wp\/v2\/pages\/11634","targetHints":{"allow":["GET"]}}],"collection":[{"href":"https:\/\/ceolawyer.com\/espanol\/wp-json\/wp\/v2\/pages"}],"about":[{"href":"https:\/\/ceolawyer.com\/espanol\/wp-json\/wp\/v2\/types\/page"}],"author":[{"embeddable":true,"href":"https:\/\/ceolawyer.com\/espanol\/wp-json\/wp\/v2\/users\/22"}],"replies":[{"embeddable":true,"href":"https:\/\/ceolawyer.com\/espanol\/wp-json\/wp\/v2\/comments?post=11634"}],"version-history":[{"count":0,"href":"https:\/\/ceolawyer.com\/espanol\/wp-json\/wp\/v2\/pages\/11634\/revisions"}],"up":[{"embeddable":true,"href":"https:\/\/ceolawyer.com\/espanol\/wp-json\/wp\/v2\/pages\/13289"}],"wp:featuredmedia":[{"embeddable":true,"href":"https:\/\/ceolawyer.com\/espanol\/wp-json\/wp\/v2\/media\/11636"}],"wp:attachment":[{"href":"https:\/\/ceolawyer.com\/espanol\/wp-json\/wp\/v2\/media?parent=11634"}],"curies":[{"name":"wp","href":"https:\/\/api.w.org\/{rel}","templated":true}]}}