{"id":11639,"date":"2023-02-23T15:27:14","date_gmt":"2023-02-23T15:27:14","guid":{"rendered":"https:\/\/ceolawyer.com\/espanol\/?page_id=11639"},"modified":"2026-03-18T18:42:50","modified_gmt":"2026-03-18T18:42:50","slug":"que-tipo-de-reclamo-puedo-hacer-cuando-tengo-una-demanda-por-accidente-de-transito","status":"publish","type":"page","link":"https:\/\/ceolawyer.com\/espanol\/faq\/ley-de-georgia\/accidente-automovilistico\/que-tipo-de-reclamo-puedo-hacer-cuando-tengo-una-demanda-por-accidente-de-transito\/","title":{"rendered":"\u00bfQu\u00e9 Tipo de Reclamo Puedo Hacer Cuando Tengo Una Demanda Por Accidente de Tr\u00e1nsito?"},"content":{"rendered":"<p><img decoding=\"async\" class=\"alignright size-full wp-image-11640\" src=\"https:\/\/ceolawyer.com\/espanol\/wp-content\/uploads\/sites\/2\/2023\/02\/que-tipo-de-reclamo-puedo-hacer-cuando-tengo-una-demanda-por-accidente-de-transito.jpg\" alt=\"Un hombre toma una foto de su luz trasera da\u00f1ada despu\u00e9s de un accidente.\" width=\"500\" height=\"332\" srcset=\"https:\/\/ceolawyer.com\/espanol\/wp-content\/uploads\/sites\/2\/2023\/02\/que-tipo-de-reclamo-puedo-hacer-cuando-tengo-una-demanda-por-accidente-de-transito.jpg 500w, https:\/\/ceolawyer.com\/espanol\/wp-content\/uploads\/sites\/2\/2023\/02\/que-tipo-de-reclamo-puedo-hacer-cuando-tengo-una-demanda-por-accidente-de-transito-300x199.jpg 300w\" sizes=\"(max-width: 500px) 100vw, 500px\" \/>Cuando una persona es parte de un accidente de tr\u00e1nsito, sin lugar a dudas vamos a tener como resultado, gastos m\u00e9dicos, gastos adicionales, desvalorizaci\u00f3n de propiedad, o dem\u00e1s p\u00e9rdidas como resultado de la colisi\u00f3n. Cada accidente vehicular es diferente, y por esto mismo, cada reclamo por accidente ser\u00e1 distinto y basado en las circunstancias de la demanda.<\/p>\n<h2>\u00bfQu\u00e9 Gastos M\u00e9dicos Son Cubiertos Por la Demanda\u00a0 Del Accidente?<\/h2>\n<p>Hay una lista de gastos que pueden ser reclamados por el accidente de tr\u00e1nsito. La lista de estos gastos est\u00e1 relacionada a las p\u00e9rdidas que son producto del accidente. Una lista potencial de estos gastos podr\u00edan incluir:<\/p>\n<ul>\n<li>Gastos de hospital<\/li>\n<li>Gastos medicos.<\/li>\n<li>Prescripciones<\/li>\n<li>Gastos relacionados a tu salud a largo plazo<\/li>\n<li>Tratamientos m\u00e9dicos que aun reciba<\/li>\n<li>P\u00e9rdida de tiempo laboral<\/li>\n<li>P\u00e9rdida de tiempo de calidad en su d\u00eda a d\u00eda<\/li>\n<li>Traumas emocionales<\/li>\n<li>Dolor y sufrimiento<\/li>\n<li>P\u00e9rdida de consorcio o p\u00e9rdida de compa\u00f1\u00eda<\/li>\n<li>Gastos de abogados<\/li>\n<li>Equipo m\u00e9dico requerido despu\u00e9s de una p\u00e9rdida.<\/li>\n<li>Terapia f\u00edsica<\/li>\n<li>Tiempo perdido por cirug\u00edas adicionales si se requieren.<\/li>\n<\/ul>\n<p>Necesitar\u00e1 de un abogado que lo ayude a negociar con las partes implicadas por su p\u00e9rdida si los gastos empiezan a acumularse y se genera una cifra significante donde hay p\u00e9rdidas por miles de d\u00f3lares producto del accidente.<\/p>\n<h2>\u00bfCu\u00e1ndo No Es Necesario Ayuda de Un Abogado Despu\u00e9s de Ser Parte de Un Accidente de Tr\u00e1nsito?<\/h2>\n<p>Si tuviste un accidente de tr\u00e1nsito y los gastos o da\u00f1os del mismo son pocos, es posible que no necesites ayuda de un abogado para llegar a un acuerdo en el reclamo con los dem\u00e1s implicados. Por ejemplo, tuviste un accidente pero no tienes ninguna herida, lo \u00fanico es el da\u00f1o en tu veh\u00edculo, es muy posible que puedas por tu cuenta conseguir que la compa\u00f1\u00eda de seguros te compense por eso sin mayores problemas. Si solamente tenemos una peque\u00f1a cantidad con respecto a los da\u00f1os de los que eres responsable, es muy posible que sin la ayuda de terceros puedas llegar a un acuerdo con las partes implicadas y la aseguradora. Si alguna de las partes implicadas no cuenta con seguro, puedes llegar a un acuerdo con el conductor responsable de la culpa con peque\u00f1as reclamaciones directamente en la corte para que obtengas compensaci\u00f3n econ\u00f3mica por tus p\u00e9rdidas.<\/p>\n<h2>\u00bfCu\u00e1nto Puedo Recibir Por Mi Accidente Automovil\u00edstico?<\/h2>\n<p>Es muy dif\u00edcil determinar antes de tiempo cu\u00e1nto ser\u00eda la cantidad en dinero que vas a recuperar por tus p\u00e9rdidas despu\u00e9s de un accidente de tr\u00e1nsito. Si tienes una herida grave, potencialmente puedes recibir m\u00e1s dinero comparado a lo que recibir\u00edas si no tienes heridas o si estas son leves. Pero t\u00fa cantidad a compensar se puede ver reducida si tambi\u00e9n tuviste culpa por el accidente, Algunas heridas dan la posibilidad de recibir una mayor compensaci\u00f3n que otras, especialmente con heridas serias o debilitantes como por ejemplo da\u00f1os en tu columna vertebral.<\/p>\n<h2>\u00bfQu\u00e9 Tipos de Da\u00f1os en la Columna Vertebral Son Los M\u00e1s Serios?<\/h2>\n<p>Si sufres un accidente y terminas con una lesi\u00f3n en tu espina lumbar, puede que tengas secuelas permanentes por este tipo de da\u00f1o y puede afectar tu estilo y calidad de vida en el futuro. Incluso puedes tener problemas durante a\u00f1os despu\u00e9s del accidente, a consecuencia de sufrir una herida en una zona tan delicada como lo es la columna vertebral producto del accidente. Las heridas en la columna vertebral son muy serias y puede ocurrir a cualquiera de los pasajeros del veh\u00edculo algunas de estas son:<\/p>\n<ul>\n<li>Problemas de espalda y lumbares<\/li>\n<li>Artritis \u00f3sea en las articulaciones.<\/li>\n<li>Problemas de la articulaci\u00f3n sacroil\u00edaca<\/li>\n<li>Estenosis lumbar<\/li>\n<li>Degeneraci\u00f3n continua en los discos de la columna<\/li>\n<li>Da\u00f1o prolongado a las articulaciones facetarias<\/li>\n<li>Espondilolistesis \u00edstmica<\/li>\n<li>Par\u00e1lisis<\/li>\n<\/ul>\n<h2>\u00bfQu\u00e9 Otros Factores Entran en Juego a la Hora de Determinar El Proceso de Recuperaci\u00f3n Producto de Un Accidente de Tr\u00e1nsito?<\/h2>\n<p>Muchos otros factores entran en juego al determinar si recuperar\u00e1 alguna compensaci\u00f3n por un accidente de tr\u00e1nsito. Los factores m\u00e1s relevantes son los siguientes, estos puedes t\u00fa mismo cuestionarte y determinar las respuestas antes de presentar la demanda oficial por p\u00e9rdidas producto del accidente.<\/p>\n<ul>\n<li>\u00bfDe qui\u00e9n es la culpa?<\/li>\n<li>\u00bfSoy parte de los culpables de las p\u00e9rdidas?<\/li>\n<li>\u00bfHay da\u00f1os por recuperar en relaci\u00f3n a las p\u00e9rdidas?<\/li>\n<li>\u00bfTiene el otro implicado los recursos para pagarme por los da\u00f1os y p\u00e9rdidas?<\/li>\n<li>\u00bfHay da\u00f1os especiales relacionados a las p\u00e9rdidas?<\/li>\n<li>\u00bfTengo el tipo de caso que el tribunal considerar\u00eda como da\u00f1os punitivos o de castigo para el caso?<\/li>\n<li>\u00bfEstar\u00e9 lastimado el resto de mi vida por este accidente?<\/li>\n<li>Necesitare cirug\u00edas adicionales?<\/li>\n<li>\u00bfPodr\u00e9 regresar a mi antiguo trabajo, o no podr\u00e9 regresar a trabajar de nuevo por culpa de las p\u00e9rdidas en el accidente?<\/li>\n<li>\u00bfNecesitar\u00e9 gastos m\u00e9dicos en el futuro eso deber\u00eda ser considerado ahora que se est\u00e1 llegando a un acuerdo?<\/li>\n<li>\u00bfNecesito rehabilitaci\u00f3n vocacional despu\u00e9s de este accidente?<\/li>\n<li>\u00bfTendr\u00e9 que hacer renovaciones a mi hogar por mi nueva discapacidad?<\/li>\n<li>\u00bfTendr\u00e9 una p\u00e9rdida de servicios dom\u00e9sticos debido a este accidente?<\/li>\n<li>\u00bfOtra asistencia financiera se activar\u00e1 para esta p\u00e9rdida, como Medicaid?<\/li>\n<\/ul>\n<p>Seguramente te preguntar\u00e1s c\u00f3mo mantener todos estos factores en su curso. Ya que hay varios, que pueden o no aplicar dependiendo de tu caso en particular. En la mayor\u00eda de las situaciones, los factores que aplican en tu caso ser\u00e1n espec\u00edficamente tuyos y tu abogado sabr\u00e1 c\u00f3mo discutir y negociar el mejor desenlace posible para tu demanda con la contraparte. En momentos como este es donde seguramente vas a querer tener un abogado experimentado que te respalde. No es tiempo de dejar estos factores o posibles dificultades a la suerte. Tus familiares y amigos seguramente tienen buenas intenciones, pero ellos no est\u00e1n capacitados para manejar o representarte en este tipo de situaciones especialmente si tienes heridas graves y debilitantes. En ocasiones como esta es donde necesitas un muy buen abogado a tu lado que consiga una justa compensaci\u00f3n por tus heridas actuales y los tratamientos y gastos que esta representa para ti en el futuro.<\/p>\n<p>Cuando est\u00e1s padeciendo heridas graves producto de un accidente de tr\u00e1nsito, no dudes en llamarnos a CEO Lawyer, la firma de abogados especializada en lesiones personales. Estamos para ayudarlo y conseguirle la recuperaci\u00f3n que merece. Le daremos la tranquilidad de saber que todo eso que le preocupa est\u00e1 siendo manejado por profesionales que se aseguran de que usted reciba la compensaci\u00f3n justa por las heridas producto de un accidente donde las acciones equivocadas de otros terminaron afectando su bienestar, solo llamanos hoy mismo al <a href=\"tel:+18883073792\">(888) 307-3792<\/a>.<\/p>\n","protected":false},"excerpt":{"rendered":"<p>Cuando una persona es parte de un accidente de tr\u00e1nsito, sin lugar a dudas vamos a tener como resultado, gastos m\u00e9dicos, gastos adicionales, desvalorizaci\u00f3n de propiedad, o dem\u00e1s p\u00e9rdidas como resultado de la colisi\u00f3n. Cada accidente vehicular es diferente, y por esto mismo, cada reclamo por accidente ser\u00e1 distinto y basado en las circunstancias de [&hellip;]<\/p>\n","protected":false},"author":22,"featured_media":11640,"parent":13289,"menu_order":0,"comment_status":"closed","ping_status":"closed","template":"","meta":{"_acf_changed":false,"footnotes":""},"class_list":["post-11639","page","type-page","status-publish","has-post-thumbnail","hentry"],"acf":[],"yoast_head":"<!-- This site is optimized with the Yoast SEO plugin v27.2 - https:\/\/yoast.com\/product\/yoast-seo-wordpress\/ -->\n<title>\u00bfQu\u00e9 Tipo de Reclamo Puedo Hacer por un Accidente? | CEO Lawyer<\/title>\n<meta name=\"description\" content=\"Llame a CEO Lawyer Abogados de Accidentes para ver cu\u00e1nto vale su caso de accidente automovil\u00edstico al 833-254-2923.\" \/>\n<meta name=\"robots\" content=\"index, follow, max-snippet:-1, max-image-preview:large, max-video-preview:-1\" \/>\n<link rel=\"canonical\" href=\"https:\/\/ceolawyer.com\/espanol\/faq\/ley-de-georgia\/accidente-automovilistico\/que-tipo-de-reclamo-puedo-hacer-cuando-tengo-una-demanda-por-accidente-de-transito\/\" \/>\n<meta property=\"og:locale\" content=\"en_US\" \/>\n<meta property=\"og:type\" content=\"article\" \/>\n<meta property=\"og:title\" content=\"\u00bfQu\u00e9 Tipo de Reclamo Puedo Hacer por un Accidente? | CEO Lawyer\" \/>\n<meta property=\"og:description\" content=\"Llame a CEO Lawyer Abogados de Accidentes para ver cu\u00e1nto vale su caso de accidente automovil\u00edstico al 833-254-2923.\" \/>\n<meta property=\"og:url\" content=\"https:\/\/ceolawyer.com\/espanol\/faq\/ley-de-georgia\/accidente-automovilistico\/que-tipo-de-reclamo-puedo-hacer-cuando-tengo-una-demanda-por-accidente-de-transito\/\" \/>\n<meta property=\"og:site_name\" content=\"CEO Lawyer\" \/>\n<meta property=\"article:modified_time\" content=\"2026-03-18T18:42:50+00:00\" \/>\n<meta property=\"og:image\" content=\"https:\/\/ceolawyer.com\/espanol\/wp-content\/uploads\/sites\/2\/2023\/02\/que-tipo-de-reclamo-puedo-hacer-cuando-tengo-una-demanda-por-accidente-de-transito.jpg\" \/>\n\t<meta property=\"og:image:width\" content=\"500\" \/>\n\t<meta property=\"og:image:height\" content=\"332\" \/>\n\t<meta property=\"og:image:type\" content=\"image\/jpeg\" \/>\n<meta name=\"twitter:card\" content=\"summary_large_image\" \/>\n<meta name=\"twitter:label1\" content=\"Est. reading time\" \/>\n\t<meta name=\"twitter:data1\" content=\"6 minutes\" \/>\n<script type=\"application\/ld+json\" class=\"yoast-schema-graph\">{\"@context\":\"https:\/\/schema.org\",\"@graph\":[{\"@type\":\"WebPage\",\"@id\":\"https:\/\/ceolawyer.com\/espanol\/faq\/ley-de-georgia\/accidente-automovilistico\/que-tipo-de-reclamo-puedo-hacer-cuando-tengo-una-demanda-por-accidente-de-transito\/\",\"url\":\"https:\/\/ceolawyer.com\/espanol\/faq\/ley-de-georgia\/accidente-automovilistico\/que-tipo-de-reclamo-puedo-hacer-cuando-tengo-una-demanda-por-accidente-de-transito\/\",\"name\":\"\u00bfQu\u00e9 Tipo de Reclamo Puedo Hacer por un Accidente? | CEO Lawyer\",\"isPartOf\":{\"@id\":\"https:\/\/ceolawyer.com\/espanol\/#website\"},\"primaryImageOfPage\":{\"@id\":\"https:\/\/ceolawyer.com\/espanol\/faq\/ley-de-georgia\/accidente-automovilistico\/que-tipo-de-reclamo-puedo-hacer-cuando-tengo-una-demanda-por-accidente-de-transito\/#primaryimage\"},\"image\":{\"@id\":\"https:\/\/ceolawyer.com\/espanol\/faq\/ley-de-georgia\/accidente-automovilistico\/que-tipo-de-reclamo-puedo-hacer-cuando-tengo-una-demanda-por-accidente-de-transito\/#primaryimage\"},\"thumbnailUrl\":\"https:\/\/ceolawyer.com\/espanol\/wp-content\/uploads\/sites\/2\/2023\/02\/que-tipo-de-reclamo-puedo-hacer-cuando-tengo-una-demanda-por-accidente-de-transito.jpg\",\"datePublished\":\"2023-02-23T15:27:14+00:00\",\"dateModified\":\"2026-03-18T18:42:50+00:00\",\"description\":\"Llame a CEO Lawyer Abogados de Accidentes para ver cu\u00e1nto vale su caso de accidente automovil\u00edstico al 833-254-2923.\",\"breadcrumb\":{\"@id\":\"https:\/\/ceolawyer.com\/espanol\/faq\/ley-de-georgia\/accidente-automovilistico\/que-tipo-de-reclamo-puedo-hacer-cuando-tengo-una-demanda-por-accidente-de-transito\/#breadcrumb\"},\"inLanguage\":\"en-US\",\"potentialAction\":[{\"@type\":\"ReadAction\",\"target\":[\"https:\/\/ceolawyer.com\/espanol\/faq\/ley-de-georgia\/accidente-automovilistico\/que-tipo-de-reclamo-puedo-hacer-cuando-tengo-una-demanda-por-accidente-de-transito\/\"]}]},{\"@type\":\"ImageObject\",\"inLanguage\":\"en-US\",\"@id\":\"https:\/\/ceolawyer.com\/espanol\/faq\/ley-de-georgia\/accidente-automovilistico\/que-tipo-de-reclamo-puedo-hacer-cuando-tengo-una-demanda-por-accidente-de-transito\/#primaryimage\",\"url\":\"https:\/\/ceolawyer.com\/espanol\/wp-content\/uploads\/sites\/2\/2023\/02\/que-tipo-de-reclamo-puedo-hacer-cuando-tengo-una-demanda-por-accidente-de-transito.jpg\",\"contentUrl\":\"https:\/\/ceolawyer.com\/espanol\/wp-content\/uploads\/sites\/2\/2023\/02\/que-tipo-de-reclamo-puedo-hacer-cuando-tengo-una-demanda-por-accidente-de-transito.jpg\",\"width\":500,\"height\":332,\"caption\":\"Un hombre toma una foto de su luz trasera da\u00f1ada despu\u00e9s de un accidente.\"},{\"@type\":\"BreadcrumbList\",\"@id\":\"https:\/\/ceolawyer.com\/espanol\/faq\/ley-de-georgia\/accidente-automovilistico\/que-tipo-de-reclamo-puedo-hacer-cuando-tengo-una-demanda-por-accidente-de-transito\/#breadcrumb\",\"itemListElement\":[{\"@type\":\"ListItem\",\"position\":1,\"name\":\"Home\",\"item\":\"https:\/\/ceolawyer.com\/espanol\/\"},{\"@type\":\"ListItem\",\"position\":2,\"name\":\"FAQ\",\"item\":\"https:\/\/ceolawyer.com\/espanol\/faq\/\"},{\"@type\":\"ListItem\",\"position\":3,\"name\":\"Lesiones personales en Georgia FAQ\",\"item\":\"https:\/\/ceolawyer.com\/espanol\/faq\/ley-de-georgia\/\"},{\"@type\":\"ListItem\",\"position\":4,\"name\":\"\u00bfQu\u00e9 Tipo de Reclamo Puedo Hacer Cuando Tengo Una Demanda Por Accidente de Tr\u00e1nsito?\"}]},{\"@type\":\"WebSite\",\"@id\":\"https:\/\/ceolawyer.com\/espanol\/#website\",\"url\":\"https:\/\/ceolawyer.com\/espanol\/\",\"name\":\"CEO Lawyer\",\"description\":\"Personal Injury Attorney\",\"publisher\":{\"@id\":\"https:\/\/ceolawyer.com\/espanol\/#organization\"},\"potentialAction\":[{\"@type\":\"SearchAction\",\"target\":{\"@type\":\"EntryPoint\",\"urlTemplate\":\"https:\/\/ceolawyer.com\/espanol\/?s={search_term_string}\"},\"query-input\":{\"@type\":\"PropertyValueSpecification\",\"valueRequired\":true,\"valueName\":\"search_term_string\"}}],\"inLanguage\":\"en-US\"},{\"@type\":\"Organization\",\"@id\":\"https:\/\/ceolawyer.com\/espanol\/#organization\",\"name\":\"CEO Lawyer\",\"url\":\"https:\/\/ceolawyer.com\/espanol\/\",\"logo\":{\"@type\":\"ImageObject\",\"inLanguage\":\"en-US\",\"@id\":\"https:\/\/ceolawyer.com\/espanol\/#\/schema\/logo\/image\/\",\"url\":\"https:\/\/ceolawyer.com\/espanol\/wp-content\/uploads\/sites\/2\/2022\/05\/CEO_Logo.png\",\"contentUrl\":\"https:\/\/ceolawyer.com\/espanol\/wp-content\/uploads\/sites\/2\/2022\/05\/CEO_Logo.png\",\"width\":200,\"height\":108,\"caption\":\"CEO Lawyer\"},\"image\":{\"@id\":\"https:\/\/ceolawyer.com\/espanol\/#\/schema\/logo\/image\/\"}}]}<\/script>\n<!-- \/ Yoast SEO plugin. -->","yoast_head_json":{"title":"\u00bfQu\u00e9 Tipo de Reclamo Puedo Hacer por un Accidente? | CEO Lawyer","description":"Llame a CEO Lawyer Abogados de Accidentes para ver cu\u00e1nto vale su caso de accidente automovil\u00edstico al 833-254-2923.","robots":{"index":"index","follow":"follow","max-snippet":"max-snippet:-1","max-image-preview":"max-image-preview:large","max-video-preview":"max-video-preview:-1"},"canonical":"https:\/\/ceolawyer.com\/espanol\/faq\/ley-de-georgia\/accidente-automovilistico\/que-tipo-de-reclamo-puedo-hacer-cuando-tengo-una-demanda-por-accidente-de-transito\/","og_locale":"en_US","og_type":"article","og_title":"\u00bfQu\u00e9 Tipo de Reclamo Puedo Hacer por un Accidente? | CEO Lawyer","og_description":"Llame a CEO Lawyer Abogados de Accidentes para ver cu\u00e1nto vale su caso de accidente automovil\u00edstico al 833-254-2923.","og_url":"https:\/\/ceolawyer.com\/espanol\/faq\/ley-de-georgia\/accidente-automovilistico\/que-tipo-de-reclamo-puedo-hacer-cuando-tengo-una-demanda-por-accidente-de-transito\/","og_site_name":"CEO Lawyer","article_modified_time":"2026-03-18T18:42:50+00:00","og_image":[{"width":500,"height":332,"url":"https:\/\/ceolawyer.com\/espanol\/wp-content\/uploads\/sites\/2\/2023\/02\/que-tipo-de-reclamo-puedo-hacer-cuando-tengo-una-demanda-por-accidente-de-transito.jpg","type":"image\/jpeg"}],"twitter_card":"summary_large_image","twitter_misc":{"Est. reading time":"6 minutes"},"schema":{"@context":"https:\/\/schema.org","@graph":[{"@type":"WebPage","@id":"https:\/\/ceolawyer.com\/espanol\/faq\/ley-de-georgia\/accidente-automovilistico\/que-tipo-de-reclamo-puedo-hacer-cuando-tengo-una-demanda-por-accidente-de-transito\/","url":"https:\/\/ceolawyer.com\/espanol\/faq\/ley-de-georgia\/accidente-automovilistico\/que-tipo-de-reclamo-puedo-hacer-cuando-tengo-una-demanda-por-accidente-de-transito\/","name":"\u00bfQu\u00e9 Tipo de Reclamo Puedo Hacer por un Accidente? | CEO Lawyer","isPartOf":{"@id":"https:\/\/ceolawyer.com\/espanol\/#website"},"primaryImageOfPage":{"@id":"https:\/\/ceolawyer.com\/espanol\/faq\/ley-de-georgia\/accidente-automovilistico\/que-tipo-de-reclamo-puedo-hacer-cuando-tengo-una-demanda-por-accidente-de-transito\/#primaryimage"},"image":{"@id":"https:\/\/ceolawyer.com\/espanol\/faq\/ley-de-georgia\/accidente-automovilistico\/que-tipo-de-reclamo-puedo-hacer-cuando-tengo-una-demanda-por-accidente-de-transito\/#primaryimage"},"thumbnailUrl":"https:\/\/ceolawyer.com\/espanol\/wp-content\/uploads\/sites\/2\/2023\/02\/que-tipo-de-reclamo-puedo-hacer-cuando-tengo-una-demanda-por-accidente-de-transito.jpg","datePublished":"2023-02-23T15:27:14+00:00","dateModified":"2026-03-18T18:42:50+00:00","description":"Llame a CEO Lawyer Abogados de Accidentes para ver cu\u00e1nto vale su caso de accidente automovil\u00edstico al 833-254-2923.","breadcrumb":{"@id":"https:\/\/ceolawyer.com\/espanol\/faq\/ley-de-georgia\/accidente-automovilistico\/que-tipo-de-reclamo-puedo-hacer-cuando-tengo-una-demanda-por-accidente-de-transito\/#breadcrumb"},"inLanguage":"en-US","potentialAction":[{"@type":"ReadAction","target":["https:\/\/ceolawyer.com\/espanol\/faq\/ley-de-georgia\/accidente-automovilistico\/que-tipo-de-reclamo-puedo-hacer-cuando-tengo-una-demanda-por-accidente-de-transito\/"]}]},{"@type":"ImageObject","inLanguage":"en-US","@id":"https:\/\/ceolawyer.com\/espanol\/faq\/ley-de-georgia\/accidente-automovilistico\/que-tipo-de-reclamo-puedo-hacer-cuando-tengo-una-demanda-por-accidente-de-transito\/#primaryimage","url":"https:\/\/ceolawyer.com\/espanol\/wp-content\/uploads\/sites\/2\/2023\/02\/que-tipo-de-reclamo-puedo-hacer-cuando-tengo-una-demanda-por-accidente-de-transito.jpg","contentUrl":"https:\/\/ceolawyer.com\/espanol\/wp-content\/uploads\/sites\/2\/2023\/02\/que-tipo-de-reclamo-puedo-hacer-cuando-tengo-una-demanda-por-accidente-de-transito.jpg","width":500,"height":332,"caption":"Un hombre toma una foto de su luz trasera da\u00f1ada despu\u00e9s de un accidente."},{"@type":"BreadcrumbList","@id":"https:\/\/ceolawyer.com\/espanol\/faq\/ley-de-georgia\/accidente-automovilistico\/que-tipo-de-reclamo-puedo-hacer-cuando-tengo-una-demanda-por-accidente-de-transito\/#breadcrumb","itemListElement":[{"@type":"ListItem","position":1,"name":"Home","item":"https:\/\/ceolawyer.com\/espanol\/"},{"@type":"ListItem","position":2,"name":"FAQ","item":"https:\/\/ceolawyer.com\/espanol\/faq\/"},{"@type":"ListItem","position":3,"name":"Lesiones personales en Georgia FAQ","item":"https:\/\/ceolawyer.com\/espanol\/faq\/ley-de-georgia\/"},{"@type":"ListItem","position":4,"name":"\u00bfQu\u00e9 Tipo de Reclamo Puedo Hacer Cuando Tengo Una Demanda Por Accidente de Tr\u00e1nsito?"}]},{"@type":"WebSite","@id":"https:\/\/ceolawyer.com\/espanol\/#website","url":"https:\/\/ceolawyer.com\/espanol\/","name":"CEO Lawyer","description":"Personal Injury Attorney","publisher":{"@id":"https:\/\/ceolawyer.com\/espanol\/#organization"},"potentialAction":[{"@type":"SearchAction","target":{"@type":"EntryPoint","urlTemplate":"https:\/\/ceolawyer.com\/espanol\/?s={search_term_string}"},"query-input":{"@type":"PropertyValueSpecification","valueRequired":true,"valueName":"search_term_string"}}],"inLanguage":"en-US"},{"@type":"Organization","@id":"https:\/\/ceolawyer.com\/espanol\/#organization","name":"CEO Lawyer","url":"https:\/\/ceolawyer.com\/espanol\/","logo":{"@type":"ImageObject","inLanguage":"en-US","@id":"https:\/\/ceolawyer.com\/espanol\/#\/schema\/logo\/image\/","url":"https:\/\/ceolawyer.com\/espanol\/wp-content\/uploads\/sites\/2\/2022\/05\/CEO_Logo.png","contentUrl":"https:\/\/ceolawyer.com\/espanol\/wp-content\/uploads\/sites\/2\/2022\/05\/CEO_Logo.png","width":200,"height":108,"caption":"CEO Lawyer"},"image":{"@id":"https:\/\/ceolawyer.com\/espanol\/#\/schema\/logo\/image\/"}}]}},"_links":{"self":[{"href":"https:\/\/ceolawyer.com\/espanol\/wp-json\/wp\/v2\/pages\/11639","targetHints":{"allow":["GET"]}}],"collection":[{"href":"https:\/\/ceolawyer.com\/espanol\/wp-json\/wp\/v2\/pages"}],"about":[{"href":"https:\/\/ceolawyer.com\/espanol\/wp-json\/wp\/v2\/types\/page"}],"author":[{"embeddable":true,"href":"https:\/\/ceolawyer.com\/espanol\/wp-json\/wp\/v2\/users\/22"}],"replies":[{"embeddable":true,"href":"https:\/\/ceolawyer.com\/espanol\/wp-json\/wp\/v2\/comments?post=11639"}],"version-history":[{"count":0,"href":"https:\/\/ceolawyer.com\/espanol\/wp-json\/wp\/v2\/pages\/11639\/revisions"}],"up":[{"embeddable":true,"href":"https:\/\/ceolawyer.com\/espanol\/wp-json\/wp\/v2\/pages\/13289"}],"wp:featuredmedia":[{"embeddable":true,"href":"https:\/\/ceolawyer.com\/espanol\/wp-json\/wp\/v2\/media\/11640"}],"wp:attachment":[{"href":"https:\/\/ceolawyer.com\/espanol\/wp-json\/wp\/v2\/media?parent=11639"}],"curies":[{"name":"wp","href":"https:\/\/api.w.org\/{rel}","templated":true}]}}