{"id":11643,"date":"2023-02-23T15:44:00","date_gmt":"2023-02-23T15:44:00","guid":{"rendered":"https:\/\/ceolawyer.com\/espanol\/?page_id=11643"},"modified":"2026-03-18T18:46:02","modified_gmt":"2026-03-18T18:46:02","slug":"tengo-que-ir-a-la-corte-si-estoy-presentando-una-demanda-por-accidente-de-transito-en-georgia","status":"publish","type":"page","link":"https:\/\/ceolawyer.com\/espanol\/faq\/ley-de-georgia\/accidente-automovilistico\/tengo-que-ir-a-la-corte-si-estoy-presentando-una-demanda-por-accidente-de-transito-en-georgia\/","title":{"rendered":"\u00bfTengo Que Ir a la Corte Si Estoy Presentando Una Demanda Por Accidente de Tr\u00e1nsito en Georgia?"},"content":{"rendered":"<p><img decoding=\"async\" class=\"alignright wp-image-11645 size-full\" src=\"https:\/\/ceolawyer.com\/espanol\/wp-content\/uploads\/sites\/2\/2023\/02\/tengo-que-ir-a-la-corte-si-estoy-presentando-una-demanda-por-accidente-de-transito-en-georgia.jpg\" alt=\"presentar una demanda con un abogado de accidentes automovil\u00edsticos de Georgia\" width=\"500\" height=\"333\" srcset=\"https:\/\/ceolawyer.com\/espanol\/wp-content\/uploads\/sites\/2\/2023\/02\/tengo-que-ir-a-la-corte-si-estoy-presentando-una-demanda-por-accidente-de-transito-en-georgia.jpg 500w, https:\/\/ceolawyer.com\/espanol\/wp-content\/uploads\/sites\/2\/2023\/02\/tengo-que-ir-a-la-corte-si-estoy-presentando-una-demanda-por-accidente-de-transito-en-georgia-300x200.jpg 300w\" sizes=\"(max-width: 500px) 100vw, 500px\" \/>Si eres parte de un accidente de tr\u00e1nsito, debes tener 2 cosas en mente: asegurarte de que est\u00e1s a salvo y como vas a recibir compensaci\u00f3n. Despu\u00e9s de que pase el malestar de lidiar con un accidente, la realidad de su situaci\u00f3n lo golpear\u00e1 r\u00e1pidamente. Hay una compa\u00f1\u00eda aseguradora con la cual deber\u00e1 tratar, formularios por llenar, y deber\u00e1 solicitar su compensaci\u00f3n. Y todo esto lo dejar\u00e1 preguntando si tiene o no que ir a la corte despu\u00e9s de haber solicitado una demanda por accidente de tr\u00e1nsito.<\/p>\n<p>En nuestra firma de abogados especializada en lesiones personales, CEO Lawyer, estamos complacidos de ofrecer servicios para tr\u00e1mites legales y as\u00ed mismo resolveremos todas sus dudas. Ya sea una lesi\u00f3n m\u00ednima o una herida grave y p\u00e9rdidas el proceso puede requerir tiempo y tal vez una disputa en la corte. Agende una consulta gratuita con nosotros al <a href=\"tel:+18883073792\">(888) 307-3792<\/a>, o llene la forma en l\u00ednea para saber cuales son sus mejores opciones legales.<\/p>\n<h2>Accidentes de Tr\u00e1nsito en Georgia<\/h2>\n<p>Georgia es un estado de culpabilidad, esto significa que siempre hay un conductor al que se le hallara culpable en cada accidente. Si usted fue lastimado o su veh\u00edculo recibi\u00f3 da\u00f1os a causa de la negligencia u osad\u00eda de otra persona, usted podr\u00eda tener derecho a demandar a este individuo.<\/p>\n<p>Tiene hasta 2 a\u00f1os despu\u00e9s del accidente para hacer una demanda al conductor culpable. Parece que es mucho tiempo, pero lo mejor es acudir a un abogado tan pronto como sea posible. Entre m\u00e1s se demore en encontrar un abogado, m\u00e1s tiempo tendr\u00e1 la aseguradora para cerrar su caso y no darle la compensaci\u00f3n justa que usted merece. Cuando tenemos demandas por accidentes vehiculares, en las negociaciones previas a un juicio usualmente se suele llegar a un acuerdo. Antes de tomar cualquier decisi\u00f3n, entender lo que est\u00e1 en juego es esencial. Tener conocimiento de sus mejores opciones y de lo que merece antes de llegar al juicio ayuda mucho a obtener mejores resultados a la hora de cerrar el caso.<\/p>\n<h2>Razones Por Las Cuales Su Caso Se Puede Ir a Juicio<\/h2>\n<p>Negociar un acuerdo antes de irse a juicio es lo m\u00e1s com\u00fan cuando hablamos de accidentes entre veh\u00edculos. Sin embargo, algunos casos son muy complejos, y es requerido llevarlo a la corte por los siguiente motivos:<\/p>\n<h3>La Compa\u00f1\u00eda de Seguros No Llega a Un Acuerdo<\/h3>\n<p>Si sufriste heridas graves, es muy posible que necesites un extenso tratamiento m\u00e9dico. Tambi\u00e9n es posible que no puedas trabajar debido a sus lesiones, lo cual usualmente conlleva a unas serias restricciones econ\u00f3micas para usted y su familia. Si su aseguradora le ofrece un trato por una cantidad mucho menor de lo que su caso est\u00e1 valorado, la mejor opci\u00f3n es rechazar la oferta y llevar el caso a juicio. Puede ser que no consideren que su reclamo es lo suficientemente fuerte, o tal vez quieran ponerlo a prueba ya que ir a la corte puede ser un poco complejo. Sea cual sea el caso, es mejor no aceptarles la oferta y asesorarse con un abogado especializado en lesiones que lo pueda representar en la corte.<\/p>\n<h3>Problemas Para Establecer la Culpabilidad<\/h3>\n<p>Como en todo accidente, la culpabilidad debe ser establecida, y la compa\u00f1\u00eda aseguradora del conductor culpable debe aceptar responsabilidad antes de que usted reciba la remuneraci\u00f3n. Sin embargo, algunos casos son complejos, y la culpabilidad no es clara. La compa\u00f1\u00eda de seguros podr\u00eda negarse a aceptar la culpa de cualquier accidente, ya sea negando la culpa en el cliente de ellos, o desafiando la gravedad de sus heridas. Si hay ambig\u00fcedad acerca de quien caus\u00f3 el accidente o ambas partes comparten culpa, ir a un juicio podr\u00eda clarificar la culpabilidad y as\u00ed mismo poner en marcha el proceso de una indemnizaci\u00f3n justa.<\/p>\n<h2>\u00bfQu\u00e9 Pasa Antes de Que El Caso Se Vaya a Juicio?<\/h2>\n<p>En Georgia, despu\u00e9s del accidente de transito, tienes 2 a\u00f1os para presentar una demanda en contra de el culpable del accidente. Si no lo haces, pierdes el derecho a recibir compensaci\u00f3n. A continuaci\u00f3n algunas de las cosas que ocurren antes de que las circunstancias del caso sea llevado a la corte:<\/p>\n<h3>Investigaci\u00f3n Del Caso<\/h3>\n<p>Despu\u00e9s de ser parte de un accidente automovil\u00edstico, la mejor decisi\u00f3n es consultar con uno de los abogados especializados en lesiones personales CEO Lawyer. Si nos contratas y tienes una demanda fuerte, empezaremos el proceso de investigaci\u00f3n de su caso. Esto incluye recolectar evidencia, entrevistar testigos y obtener registros m\u00e9dicos.<\/p>\n<p>Tambi\u00e9n trabajaremos con usted para determinar cu\u00e1les son los da\u00f1os producto del accidente. Esto incluye los gastos m\u00e9dicos, p\u00e9rdidas de valor, y da\u00f1os no tan expl\u00edcitos como lo son el dolor y el sufrimiento. Tambi\u00e9n podr\u00edamos contactar con testigos expertos o una reconstrucci\u00f3n de accidente para as\u00ed poder llegar a establecer la culpabilidad y los da\u00f1os de ser necesario.<\/p>\n<h3>Radicar la Demanda<\/h3>\n<p>Una vez toda la informaci\u00f3n es recolectada, vamos a escribir una demanda formal respecto a su caso y estableceremos la totalidad de da\u00f1os producto del accidente en cuesti\u00f3n. Esta carta es enviada a la compa\u00f1\u00eda aseguradora de la persona culpable. Ellos van a responder con una oferta propia o pueden negarse a llegar a un acuerdo de manera definitiva.<\/p>\n<h3>Negociaciones<\/h3>\n<p>Cuando tu compa\u00f1\u00eda aseguradora te env\u00eda una oferta que est\u00e1 muy por debajo del acuerdo que usted merece, nuestros abogados de lesiones pueden negociar con ellos una cantidad justa. La mayor\u00eda de casos concluyen en este punto, supongamos que la compa\u00f1\u00eda de seguros acepta pagar una suma razonable, y usted recibe su compensaci\u00f3n de manera justa. Sin embargo, si las partes no llegan a una decisi\u00f3n para cerrar el acuerdo, es necesario llevar el caso a la corte.<\/p>\n<h2>Contrate Abogados Experimentados en la Firma CEO Lawyer<\/h2>\n<p>De acuerdo a la <a href=\"https:\/\/www.americanbar.org\/groups\/public_education\/resources\/law_related_education_network\/how_courts_work\/cases_settling\/\">Asociaci\u00f3n Americana de Abogados<\/a> (American Bar Association), la mayor\u00eda de casos civiles son resueltos despu\u00e9s de un mutuo acuerdo entre ambas partes sin necesidad de acudir a un juicio. Es m\u00e1s r\u00e1pido y econ\u00f3mico llegar a un acuerdo que irse a litigaci\u00f3n, y ofrecen m\u00e1s control sobre el resultado porque ambas partes participan en la decisi\u00f3n. Dicho lo anterior, algunas veces, si hay complicaciones con tu demanda, no hay m\u00e1s remedio que ir a trav\u00e9s de la litigaci\u00f3n.<\/p>\n<p>En la firma de abogados especializada en lesiones personales, CEO Lawyer, nuestros abogados tienen vasta experiencia representando clientes que se han visto en accidentes similares a su caso. Con nuestra ayuda, entender\u00e1 mejor c\u00f3mo llevar a cabo su demanda y qu\u00e9 opciones hay para usted. Nuestros abogados van a manejar su caso de principio a fin y tambi\u00e9n se encargan de lidiar con su aseguradora. Si es necesario un Juicio, nosotros lo representamos en la corte. Puede confiar en nuestros abogados experimentados para obtener la mayor indemnizaci\u00f3n posible por sus heridas y otras perdida. Nos complace ofrecerle una evaluaci\u00f3n gratuita de su caso. Ll\u00e1manos al <a href=\"tel:+18883073792\">(888) 307-3792<\/a> O <a href=\"https:\/\/ceolawyer.com\/espanol\/contacto-con-nosotros\/\">contactenos en linea<\/a>.<\/p>\n","protected":false},"excerpt":{"rendered":"<p>Si eres parte de un accidente de tr\u00e1nsito, debes tener 2 cosas en mente: asegurarte de que est\u00e1s a salvo y como vas a recibir compensaci\u00f3n. Despu\u00e9s de que pase el malestar de lidiar con un accidente, la realidad de su situaci\u00f3n lo golpear\u00e1 r\u00e1pidamente. Hay una compa\u00f1\u00eda aseguradora con la cual deber\u00e1 tratar, formularios [&hellip;]<\/p>\n","protected":false},"author":22,"featured_media":11645,"parent":13289,"menu_order":0,"comment_status":"closed","ping_status":"closed","template":"","meta":{"_acf_changed":false,"footnotes":""},"class_list":["post-11643","page","type-page","status-publish","has-post-thumbnail","hentry"],"acf":[],"yoast_head":"<!-- This site is optimized with the Yoast SEO plugin v27.2 - https:\/\/yoast.com\/product\/yoast-seo-wordpress\/ -->\n<title>\u00bfDebo Ir a la Corte para una Demanda por Accidente en GA? | CEO Lawyer<\/title>\n<meta name=\"description\" content=\"El CEO Lawyer Abogados de Accidentes luchar\u00e1 por usted en los tribunales de Georgia para obtener la compensaci\u00f3n que merece despu\u00e9s de su accidente automovil\u00edstico.\" \/>\n<meta name=\"robots\" content=\"index, follow, max-snippet:-1, max-image-preview:large, max-video-preview:-1\" \/>\n<link rel=\"canonical\" href=\"https:\/\/ceolawyer.com\/espanol\/faq\/ley-de-georgia\/accidente-automovilistico\/tengo-que-ir-a-la-corte-si-estoy-presentando-una-demanda-por-accidente-de-transito-en-georgia\/\" \/>\n<meta property=\"og:locale\" content=\"en_US\" \/>\n<meta property=\"og:type\" content=\"article\" \/>\n<meta property=\"og:title\" content=\"\u00bfDebo Ir a la Corte para una Demanda por Accidente en GA? | CEO Lawyer\" \/>\n<meta property=\"og:description\" content=\"El CEO Lawyer Abogados de Accidentes luchar\u00e1 por usted en los tribunales de Georgia para obtener la compensaci\u00f3n que merece despu\u00e9s de su accidente automovil\u00edstico.\" \/>\n<meta property=\"og:url\" content=\"https:\/\/ceolawyer.com\/espanol\/faq\/ley-de-georgia\/accidente-automovilistico\/tengo-que-ir-a-la-corte-si-estoy-presentando-una-demanda-por-accidente-de-transito-en-georgia\/\" \/>\n<meta property=\"og:site_name\" content=\"CEO Lawyer\" \/>\n<meta property=\"article:modified_time\" content=\"2026-03-18T18:46:02+00:00\" \/>\n<meta property=\"og:image\" content=\"https:\/\/ceolawyer.com\/espanol\/wp-content\/uploads\/sites\/2\/2023\/02\/tengo-que-ir-a-la-corte-si-estoy-presentando-una-demanda-por-accidente-de-transito-en-georgia.jpg\" \/>\n\t<meta property=\"og:image:width\" content=\"500\" \/>\n\t<meta property=\"og:image:height\" content=\"333\" \/>\n\t<meta property=\"og:image:type\" content=\"image\/jpeg\" \/>\n<meta name=\"twitter:card\" content=\"summary_large_image\" \/>\n<meta name=\"twitter:label1\" content=\"Est. reading time\" \/>\n\t<meta name=\"twitter:data1\" content=\"6 minutes\" \/>\n<script type=\"application\/ld+json\" class=\"yoast-schema-graph\">{\"@context\":\"https:\/\/schema.org\",\"@graph\":[{\"@type\":\"WebPage\",\"@id\":\"https:\/\/ceolawyer.com\/espanol\/faq\/ley-de-georgia\/accidente-automovilistico\/tengo-que-ir-a-la-corte-si-estoy-presentando-una-demanda-por-accidente-de-transito-en-georgia\/\",\"url\":\"https:\/\/ceolawyer.com\/espanol\/faq\/ley-de-georgia\/accidente-automovilistico\/tengo-que-ir-a-la-corte-si-estoy-presentando-una-demanda-por-accidente-de-transito-en-georgia\/\",\"name\":\"\u00bfDebo Ir a la Corte para una Demanda por Accidente en GA? | CEO Lawyer\",\"isPartOf\":{\"@id\":\"https:\/\/ceolawyer.com\/espanol\/#website\"},\"primaryImageOfPage\":{\"@id\":\"https:\/\/ceolawyer.com\/espanol\/faq\/ley-de-georgia\/accidente-automovilistico\/tengo-que-ir-a-la-corte-si-estoy-presentando-una-demanda-por-accidente-de-transito-en-georgia\/#primaryimage\"},\"image\":{\"@id\":\"https:\/\/ceolawyer.com\/espanol\/faq\/ley-de-georgia\/accidente-automovilistico\/tengo-que-ir-a-la-corte-si-estoy-presentando-una-demanda-por-accidente-de-transito-en-georgia\/#primaryimage\"},\"thumbnailUrl\":\"https:\/\/ceolawyer.com\/espanol\/wp-content\/uploads\/sites\/2\/2023\/02\/tengo-que-ir-a-la-corte-si-estoy-presentando-una-demanda-por-accidente-de-transito-en-georgia.jpg\",\"datePublished\":\"2023-02-23T15:44:00+00:00\",\"dateModified\":\"2026-03-18T18:46:02+00:00\",\"description\":\"El CEO Lawyer Abogados de Accidentes luchar\u00e1 por usted en los tribunales de Georgia para obtener la compensaci\u00f3n que merece despu\u00e9s de su accidente automovil\u00edstico.\",\"breadcrumb\":{\"@id\":\"https:\/\/ceolawyer.com\/espanol\/faq\/ley-de-georgia\/accidente-automovilistico\/tengo-que-ir-a-la-corte-si-estoy-presentando-una-demanda-por-accidente-de-transito-en-georgia\/#breadcrumb\"},\"inLanguage\":\"en-US\",\"potentialAction\":[{\"@type\":\"ReadAction\",\"target\":[\"https:\/\/ceolawyer.com\/espanol\/faq\/ley-de-georgia\/accidente-automovilistico\/tengo-que-ir-a-la-corte-si-estoy-presentando-una-demanda-por-accidente-de-transito-en-georgia\/\"]}]},{\"@type\":\"ImageObject\",\"inLanguage\":\"en-US\",\"@id\":\"https:\/\/ceolawyer.com\/espanol\/faq\/ley-de-georgia\/accidente-automovilistico\/tengo-que-ir-a-la-corte-si-estoy-presentando-una-demanda-por-accidente-de-transito-en-georgia\/#primaryimage\",\"url\":\"https:\/\/ceolawyer.com\/espanol\/wp-content\/uploads\/sites\/2\/2023\/02\/tengo-que-ir-a-la-corte-si-estoy-presentando-una-demanda-por-accidente-de-transito-en-georgia.jpg\",\"contentUrl\":\"https:\/\/ceolawyer.com\/espanol\/wp-content\/uploads\/sites\/2\/2023\/02\/tengo-que-ir-a-la-corte-si-estoy-presentando-una-demanda-por-accidente-de-transito-en-georgia.jpg\",\"width\":500,\"height\":333,\"caption\":\"presentar una demanda con un abogado de accidentes automovil\u00edsticos de Georgia\"},{\"@type\":\"BreadcrumbList\",\"@id\":\"https:\/\/ceolawyer.com\/espanol\/faq\/ley-de-georgia\/accidente-automovilistico\/tengo-que-ir-a-la-corte-si-estoy-presentando-una-demanda-por-accidente-de-transito-en-georgia\/#breadcrumb\",\"itemListElement\":[{\"@type\":\"ListItem\",\"position\":1,\"name\":\"Home\",\"item\":\"https:\/\/ceolawyer.com\/espanol\/\"},{\"@type\":\"ListItem\",\"position\":2,\"name\":\"FAQ\",\"item\":\"https:\/\/ceolawyer.com\/espanol\/faq\/\"},{\"@type\":\"ListItem\",\"position\":3,\"name\":\"Lesiones personales en Georgia FAQ\",\"item\":\"https:\/\/ceolawyer.com\/espanol\/faq\/ley-de-georgia\/\"},{\"@type\":\"ListItem\",\"position\":4,\"name\":\"\u00bfTengo Que Ir a la Corte Si Estoy Presentando Una Demanda Por Accidente de Tr\u00e1nsito en Georgia?\"}]},{\"@type\":\"WebSite\",\"@id\":\"https:\/\/ceolawyer.com\/espanol\/#website\",\"url\":\"https:\/\/ceolawyer.com\/espanol\/\",\"name\":\"CEO Lawyer\",\"description\":\"Personal Injury Attorney\",\"publisher\":{\"@id\":\"https:\/\/ceolawyer.com\/espanol\/#organization\"},\"potentialAction\":[{\"@type\":\"SearchAction\",\"target\":{\"@type\":\"EntryPoint\",\"urlTemplate\":\"https:\/\/ceolawyer.com\/espanol\/?s={search_term_string}\"},\"query-input\":{\"@type\":\"PropertyValueSpecification\",\"valueRequired\":true,\"valueName\":\"search_term_string\"}}],\"inLanguage\":\"en-US\"},{\"@type\":\"Organization\",\"@id\":\"https:\/\/ceolawyer.com\/espanol\/#organization\",\"name\":\"CEO Lawyer\",\"url\":\"https:\/\/ceolawyer.com\/espanol\/\",\"logo\":{\"@type\":\"ImageObject\",\"inLanguage\":\"en-US\",\"@id\":\"https:\/\/ceolawyer.com\/espanol\/#\/schema\/logo\/image\/\",\"url\":\"https:\/\/ceolawyer.com\/espanol\/wp-content\/uploads\/sites\/2\/2022\/05\/CEO_Logo.png\",\"contentUrl\":\"https:\/\/ceolawyer.com\/espanol\/wp-content\/uploads\/sites\/2\/2022\/05\/CEO_Logo.png\",\"width\":200,\"height\":108,\"caption\":\"CEO Lawyer\"},\"image\":{\"@id\":\"https:\/\/ceolawyer.com\/espanol\/#\/schema\/logo\/image\/\"}}]}<\/script>\n<!-- \/ Yoast SEO plugin. -->","yoast_head_json":{"title":"\u00bfDebo Ir a la Corte para una Demanda por Accidente en GA? | CEO Lawyer","description":"El CEO Lawyer Abogados de Accidentes luchar\u00e1 por usted en los tribunales de Georgia para obtener la compensaci\u00f3n que merece despu\u00e9s de su accidente automovil\u00edstico.","robots":{"index":"index","follow":"follow","max-snippet":"max-snippet:-1","max-image-preview":"max-image-preview:large","max-video-preview":"max-video-preview:-1"},"canonical":"https:\/\/ceolawyer.com\/espanol\/faq\/ley-de-georgia\/accidente-automovilistico\/tengo-que-ir-a-la-corte-si-estoy-presentando-una-demanda-por-accidente-de-transito-en-georgia\/","og_locale":"en_US","og_type":"article","og_title":"\u00bfDebo Ir a la Corte para una Demanda por Accidente en GA? | CEO Lawyer","og_description":"El CEO Lawyer Abogados de Accidentes luchar\u00e1 por usted en los tribunales de Georgia para obtener la compensaci\u00f3n que merece despu\u00e9s de su accidente automovil\u00edstico.","og_url":"https:\/\/ceolawyer.com\/espanol\/faq\/ley-de-georgia\/accidente-automovilistico\/tengo-que-ir-a-la-corte-si-estoy-presentando-una-demanda-por-accidente-de-transito-en-georgia\/","og_site_name":"CEO Lawyer","article_modified_time":"2026-03-18T18:46:02+00:00","og_image":[{"width":500,"height":333,"url":"https:\/\/ceolawyer.com\/espanol\/wp-content\/uploads\/sites\/2\/2023\/02\/tengo-que-ir-a-la-corte-si-estoy-presentando-una-demanda-por-accidente-de-transito-en-georgia.jpg","type":"image\/jpeg"}],"twitter_card":"summary_large_image","twitter_misc":{"Est. reading time":"6 minutes"},"schema":{"@context":"https:\/\/schema.org","@graph":[{"@type":"WebPage","@id":"https:\/\/ceolawyer.com\/espanol\/faq\/ley-de-georgia\/accidente-automovilistico\/tengo-que-ir-a-la-corte-si-estoy-presentando-una-demanda-por-accidente-de-transito-en-georgia\/","url":"https:\/\/ceolawyer.com\/espanol\/faq\/ley-de-georgia\/accidente-automovilistico\/tengo-que-ir-a-la-corte-si-estoy-presentando-una-demanda-por-accidente-de-transito-en-georgia\/","name":"\u00bfDebo Ir a la Corte para una Demanda por Accidente en GA? | CEO Lawyer","isPartOf":{"@id":"https:\/\/ceolawyer.com\/espanol\/#website"},"primaryImageOfPage":{"@id":"https:\/\/ceolawyer.com\/espanol\/faq\/ley-de-georgia\/accidente-automovilistico\/tengo-que-ir-a-la-corte-si-estoy-presentando-una-demanda-por-accidente-de-transito-en-georgia\/#primaryimage"},"image":{"@id":"https:\/\/ceolawyer.com\/espanol\/faq\/ley-de-georgia\/accidente-automovilistico\/tengo-que-ir-a-la-corte-si-estoy-presentando-una-demanda-por-accidente-de-transito-en-georgia\/#primaryimage"},"thumbnailUrl":"https:\/\/ceolawyer.com\/espanol\/wp-content\/uploads\/sites\/2\/2023\/02\/tengo-que-ir-a-la-corte-si-estoy-presentando-una-demanda-por-accidente-de-transito-en-georgia.jpg","datePublished":"2023-02-23T15:44:00+00:00","dateModified":"2026-03-18T18:46:02+00:00","description":"El CEO Lawyer Abogados de Accidentes luchar\u00e1 por usted en los tribunales de Georgia para obtener la compensaci\u00f3n que merece despu\u00e9s de su accidente automovil\u00edstico.","breadcrumb":{"@id":"https:\/\/ceolawyer.com\/espanol\/faq\/ley-de-georgia\/accidente-automovilistico\/tengo-que-ir-a-la-corte-si-estoy-presentando-una-demanda-por-accidente-de-transito-en-georgia\/#breadcrumb"},"inLanguage":"en-US","potentialAction":[{"@type":"ReadAction","target":["https:\/\/ceolawyer.com\/espanol\/faq\/ley-de-georgia\/accidente-automovilistico\/tengo-que-ir-a-la-corte-si-estoy-presentando-una-demanda-por-accidente-de-transito-en-georgia\/"]}]},{"@type":"ImageObject","inLanguage":"en-US","@id":"https:\/\/ceolawyer.com\/espanol\/faq\/ley-de-georgia\/accidente-automovilistico\/tengo-que-ir-a-la-corte-si-estoy-presentando-una-demanda-por-accidente-de-transito-en-georgia\/#primaryimage","url":"https:\/\/ceolawyer.com\/espanol\/wp-content\/uploads\/sites\/2\/2023\/02\/tengo-que-ir-a-la-corte-si-estoy-presentando-una-demanda-por-accidente-de-transito-en-georgia.jpg","contentUrl":"https:\/\/ceolawyer.com\/espanol\/wp-content\/uploads\/sites\/2\/2023\/02\/tengo-que-ir-a-la-corte-si-estoy-presentando-una-demanda-por-accidente-de-transito-en-georgia.jpg","width":500,"height":333,"caption":"presentar una demanda con un abogado de accidentes automovil\u00edsticos de Georgia"},{"@type":"BreadcrumbList","@id":"https:\/\/ceolawyer.com\/espanol\/faq\/ley-de-georgia\/accidente-automovilistico\/tengo-que-ir-a-la-corte-si-estoy-presentando-una-demanda-por-accidente-de-transito-en-georgia\/#breadcrumb","itemListElement":[{"@type":"ListItem","position":1,"name":"Home","item":"https:\/\/ceolawyer.com\/espanol\/"},{"@type":"ListItem","position":2,"name":"FAQ","item":"https:\/\/ceolawyer.com\/espanol\/faq\/"},{"@type":"ListItem","position":3,"name":"Lesiones personales en Georgia FAQ","item":"https:\/\/ceolawyer.com\/espanol\/faq\/ley-de-georgia\/"},{"@type":"ListItem","position":4,"name":"\u00bfTengo Que Ir a la Corte Si Estoy Presentando Una Demanda Por Accidente de Tr\u00e1nsito en Georgia?"}]},{"@type":"WebSite","@id":"https:\/\/ceolawyer.com\/espanol\/#website","url":"https:\/\/ceolawyer.com\/espanol\/","name":"CEO Lawyer","description":"Personal Injury Attorney","publisher":{"@id":"https:\/\/ceolawyer.com\/espanol\/#organization"},"potentialAction":[{"@type":"SearchAction","target":{"@type":"EntryPoint","urlTemplate":"https:\/\/ceolawyer.com\/espanol\/?s={search_term_string}"},"query-input":{"@type":"PropertyValueSpecification","valueRequired":true,"valueName":"search_term_string"}}],"inLanguage":"en-US"},{"@type":"Organization","@id":"https:\/\/ceolawyer.com\/espanol\/#organization","name":"CEO Lawyer","url":"https:\/\/ceolawyer.com\/espanol\/","logo":{"@type":"ImageObject","inLanguage":"en-US","@id":"https:\/\/ceolawyer.com\/espanol\/#\/schema\/logo\/image\/","url":"https:\/\/ceolawyer.com\/espanol\/wp-content\/uploads\/sites\/2\/2022\/05\/CEO_Logo.png","contentUrl":"https:\/\/ceolawyer.com\/espanol\/wp-content\/uploads\/sites\/2\/2022\/05\/CEO_Logo.png","width":200,"height":108,"caption":"CEO Lawyer"},"image":{"@id":"https:\/\/ceolawyer.com\/espanol\/#\/schema\/logo\/image\/"}}]}},"_links":{"self":[{"href":"https:\/\/ceolawyer.com\/espanol\/wp-json\/wp\/v2\/pages\/11643","targetHints":{"allow":["GET"]}}],"collection":[{"href":"https:\/\/ceolawyer.com\/espanol\/wp-json\/wp\/v2\/pages"}],"about":[{"href":"https:\/\/ceolawyer.com\/espanol\/wp-json\/wp\/v2\/types\/page"}],"author":[{"embeddable":true,"href":"https:\/\/ceolawyer.com\/espanol\/wp-json\/wp\/v2\/users\/22"}],"replies":[{"embeddable":true,"href":"https:\/\/ceolawyer.com\/espanol\/wp-json\/wp\/v2\/comments?post=11643"}],"version-history":[{"count":0,"href":"https:\/\/ceolawyer.com\/espanol\/wp-json\/wp\/v2\/pages\/11643\/revisions"}],"up":[{"embeddable":true,"href":"https:\/\/ceolawyer.com\/espanol\/wp-json\/wp\/v2\/pages\/13289"}],"wp:featuredmedia":[{"embeddable":true,"href":"https:\/\/ceolawyer.com\/espanol\/wp-json\/wp\/v2\/media\/11645"}],"wp:attachment":[{"href":"https:\/\/ceolawyer.com\/espanol\/wp-json\/wp\/v2\/media?parent=11643"}],"curies":[{"name":"wp","href":"https:\/\/api.w.org\/{rel}","templated":true}]}}