{"id":11648,"date":"2023-02-23T15:53:50","date_gmt":"2023-02-23T15:53:50","guid":{"rendered":"https:\/\/ceolawyer.com\/espanol\/?page_id=11648"},"modified":"2026-03-18T18:19:52","modified_gmt":"2026-03-18T18:19:52","slug":"el-exceso-de-velocidad-afecta-mi-reclamo-en-accidente-automovilistico","status":"publish","type":"page","link":"https:\/\/ceolawyer.com\/espanol\/faq\/ley-de-georgia\/accidente-automovilistico\/el-exceso-de-velocidad-afecta-mi-reclamo-en-accidente-automovilistico\/","title":{"rendered":"\u00bfEl Exceso de Velocidad Afecta Mi Reclamo en Accidente Automovil\u00edstico?"},"content":{"rendered":"<p><img decoding=\"async\" class=\"alignright size-medium wp-image-11649\" src=\"https:\/\/ceolawyer.com\/espanol\/wp-content\/uploads\/sites\/2\/2023\/02\/el-exceso-de-velocidad-afecta-mi-reclamo-en-accidente-automovilistico-300x200.jpg\" alt=\"Un autom\u00f3vil que acelera pasa a un cami\u00f3n de manera insegura, lo que indica un posible accidente automovil\u00edstico\" width=\"300\" height=\"200\" srcset=\"https:\/\/ceolawyer.com\/espanol\/wp-content\/uploads\/sites\/2\/2023\/02\/el-exceso-de-velocidad-afecta-mi-reclamo-en-accidente-automovilistico-300x200.jpg 300w, https:\/\/ceolawyer.com\/espanol\/wp-content\/uploads\/sites\/2\/2023\/02\/el-exceso-de-velocidad-afecta-mi-reclamo-en-accidente-automovilistico.jpg 500w\" sizes=\"(max-width: 300px) 100vw, 300px\" \/>El exceso de velocidad aumenta la distancia para poder frenar y dificulta que las herramientas de seguridad vial, como las barandas, hagan su trabajo. Se considera como factor con incidencia en el <a href=\"https:\/\/injuryfacts.nsc.org\/motor-vehicle\/motor-vehicle-safety-issues\/speeding\/\">30 por ciento de las muertes por tr\u00e1nsito<\/a>. Seguir el l\u00edmite de velocidad recomendado reduce el riesgo de un accidente y de lesiones o muerte en caso de sufrir uno, por lo que deber\u00eda evitarla. Si el exceso de velocidad afecta o no su reclamo por accidente automovil\u00edstico depende de varios factores, que incluyen qu\u00e9 tan lejos estaba del l\u00edmite de velocidad, cu\u00e1les eran las condiciones del camino y cu\u00e1nto contribuyen las acciones del otro conductor para generar el choque. Seg\u00fan las leyes de accidentes automovil\u00edsticos de Georgia, en algunos casos, un conductor que circula a exceso de velocidad a\u00fan puede cobrar da\u00f1os y perjuicios a la otra parte.<\/p>\n<p>Ya sea que estuviera acelerando o no, es importante tomar medidas para proteger sus derechos legales despu\u00e9s de un accidente automovil\u00edstico, y lo primero que debe hacer es buscar asesoramiento legal. El abogado Ali Awad es un litigante experimentado que representa a clientes lesionados en accidentes automovil\u00edsticos u otras situaciones de lesiones personales. Comenz\u00f3 el bufete de abogados de lesiones personales CEO Lawyer hace solo unos a\u00f1os, y se expandi\u00f3 r\u00e1pidamente para convertirse en el bufete de abogados de m\u00e1s r\u00e1pido crecimiento en el pa\u00eds, superando a otras 499 firmas. El Sr. Awad hace que el conocimiento legal sea accesible para todos a trav\u00e9s de sus publicaciones informativas e interesantes en las redes sociales para m\u00e1s de un mill\u00f3n de seguidores. Cuando usted ha resultado lesionado en un accidente automovil\u00edstico, el bufete de abogados de lesiones personales de CEO Lawyer estar\u00e1 siempre disponible para una consulta gratuita a fin de brindarle sus mejores opciones.<\/p>\n<h2>\u00bfQu\u00e9 Es la Negligencia Comparativa Modificada? Y \u00bfC\u00f3mo Afecta Las Reclamaciones Por Accidentes Automovil\u00edsticos Por Exceso de Velocidad?<\/h2>\n<p>El Estado de Georgia aplica un criterio de <a href=\"https:\/\/definitions.uslegal.com\/m\/modified-comparative-negligence-doctrine\/#:~:text=Modified%20comparative%20negligence%20doctrine%20is,negligence%20assigned%20to%20the%20plaintiff.\">negligencia comparativa modificada<\/a> con respecto a accidentes automovil\u00edsticos y otras demandas por lesiones personales. La negligencia comparativa modificada es un sistema que reconoce que no todos los accidentes son 100 por ciento culpa de una de las partes. A veces, ambos conductores cometieron errores que contribuyeron al accidente, por lo que en un juicio, el juez o el jurado tendr\u00e1n la tarea de asignar la responsabilidad a ambas partes. Por ejemplo, una persona puede tener un 30 por ciento de culpa, mientras que la otra tiene un 70 por ciento de culpa. Un conductor que tiene menos del 50 por ciento de la culpa del accidente puede reclamar da\u00f1os y perjuicios al otro conductor, pero su compensaci\u00f3n se reducir\u00e1 seg\u00fan su porcentaje de culpa. El conductor que tiene m\u00e1s del 50 por ciento de la culpa no puede cobrar da\u00f1os y perjuicios a la otra parte.<\/p>\n<p>Si usted estaba yendo a exceso de velocidad o contraviniendo otra ley de tr\u00e1nsito en el momento de su accidente, es probable que se le asigne un porcentaje de culpa superior a 0. Sin embargo, eso no significa necesariamente que usted haya tenido la mayor culpa. Por ejemplo, tal vez ibas 10 millas por encima del l\u00edmite de velocidad. Violaste la ley y eso hizo que te resultar\u00e1 m\u00e1s dif\u00edcil detenerte cuando intentabas evitar un choque. Pero, \u00bfy si el otro conductor tambi\u00e9n iba a exceso de velocidad y se salt\u00f3 deliberadamente un sem\u00e1foro en rojo? El tambi\u00e9n viol\u00f3 la ley y sus acciones deben haber contribuido m\u00e1s al accidente que las suyas. Es posible que incluso si usted iba al l\u00edmite de velocidad, no hubiera podido detenerse a tiempo cuando el otro autom\u00f3vil se acerc\u00f3 inesperadamente a la intersecci\u00f3n. Entonces, en este caso, usted puede tener solo el 10 o el 20 por ciento de la culpa del choque, mientras que el otro conductor tuvo el 80 o el 90 por ciento.<\/p>\n<p>Hay algunos puntos a considerar acerca de este tipo de situaciones. Muchas personas piensan que el reporte policial del accidente les dir\u00e1 qui\u00e9n tuvo la culpa y qu\u00e9 porcentaje, pero ese no es el trabajo de un oficial de polic\u00eda. Depende de un juez decidir el porcentaje de culpa si un reclamo por lesiones personales se lleva a juicio. La mayor\u00eda de estas reclamaciones se resuelven fuera de los tribunales.<\/p>\n<p>Cuando usted reporta un accidente, un oficial acudir\u00e1 al lugar y completar\u00e1 un informe con todos los datos que pueda recopilar. Tambi\u00e9n pueden multar a una o ambas partes si hay evidencia de que se violaron las leyes de tr\u00e1nsito. Sin embargo, en muchos casos, el oficial no le pone una multa a nadie porque la culpa no est\u00e1 establecida. Si no hay testigos adem\u00e1s de los dos conductores, es posible que solo tengan dos historias diferentes para continuar. En esta situaci\u00f3n, el oficial probablemente solo escribir\u00e1 lo que dijo cada conductor y otros hechos relevantes. Como resultado, no puede confiar en un informe policial para determinar la culpa, aunque puede surgir si la compa\u00f1\u00eda de seguros niega su reclamo.<\/p>\n<h2>\u00bfQu\u00e9 Pasa Si El Seguro Del Otro Conductor No Paga?<\/h2>\n<p>Si tiene dificultades para que la compa\u00f1\u00eda de seguros del otro conductor pague su reclamo, su abogado de accidentes automovil\u00edsticos tiene varias opciones para ayudarlo. Pueden asignar a un investigador de su oficina para investigar su accidente. A menudo, la polic\u00eda est\u00e1 ocupada con delitos graves y no tiene el tiempo ni los recursos para investigar cada detalle de un accidente, pero el personal de investigaci\u00f3n de su abogado s\u00ed lo tiene. Es posible que descubran m\u00e1s evidencia de que la otra parte tuvo la mayor parte de la culpa, incluidas las im\u00e1genes de la c\u00e1mara del timbre o del tr\u00e1fico, los testigos encontrados al inspeccionar el \u00e1rea, los datos electr\u00f3nicos de uno o ambos veh\u00edculos y m\u00e1s. Ante la evidencia adicional de que su cliente tuvo la culpa, muchas compa\u00f1\u00edas de seguros est\u00e1n dispuestas a negociar un acuerdo justo. Si no, podemos llevar el caso a los tribunales y presentar las pruebas all\u00ed.<\/p>\n<p>Hablar con la compa\u00f1\u00eda de seguros despu\u00e9s de un accidente automovil\u00edstico es un gran\u00a0 riesgo. Usted puede pensar que est\u00e1 explicando por qu\u00e9 el otro conductor tuvo la culpa, pero a veces el representante de la aseguradora tergiversar\u00e1 sus palabras para que parezca que usted tuvo la culpa. Recuerde que el objetivo del representante de la aseguradora es ahorrarle dinero a la compa\u00f1\u00eda pagando lo menos posible en la menor cantidad de reclamos posible. Si logran convencerlo de que el accidente fue principalmente culpa suya, puede que termine aceptando un acuerdo menor de lo que deber\u00eda y es posible que no considere ir a la corte. Es por eso que recomendamos hablar con <a href=\"https:\/\/ceolawyer.com\/personal-injury\/car-accident-lawyer\/\">un abogado de accidentes automovil\u00edsticos<\/a> antes de hablar con la compa\u00f1\u00eda de seguros; a diferencia del representante de la compa\u00f1\u00eda de seguros, el trabajo de su abogado es proteger sus intereses.<\/p>\n<h2>La Firma de Abogados de Lesiones Personales CEO Lawyer Est\u00e1 Aqu\u00ed Para Ayudarlo Despu\u00e9s de Un Accidente<\/h2>\n<p>Si usted o un ser querido est\u00e1n lidiando con lesiones y facturas despu\u00e9s de un accidente automovil\u00edstico, comun\u00edquese con el CEO Lawyer Personal Injury Law Firm para una consulta gratuita sobre su caso. No hay obligaci\u00f3n, y si tomamos su caso, no cobramos ninguna tarifa hasta que ganemos su caso. Vis\u00edtenos en l\u00ednea o llame a nuestra oficina al <a href=\"tel:+18883073792\">888-307-3792<\/a> <a href=\"https:\/\/ceolawyer.com\/contact-us\/\">para averiguar cu\u00e1nto vale su caso de accidente automovil\u00edstico.<\/a><\/p>\n","protected":false},"excerpt":{"rendered":"<p>El exceso de velocidad aumenta la distancia para poder frenar y dificulta que las herramientas de seguridad vial, como las barandas, hagan su trabajo. Se considera como factor con incidencia en el 30 por ciento de las muertes por tr\u00e1nsito. Seguir el l\u00edmite de velocidad recomendado reduce el riesgo de un accidente y de lesiones [&hellip;]<\/p>\n","protected":false},"author":22,"featured_media":11649,"parent":13289,"menu_order":0,"comment_status":"closed","ping_status":"closed","template":"","meta":{"_acf_changed":false,"footnotes":""},"class_list":["post-11648","page","type-page","status-publish","has-post-thumbnail","hentry"],"acf":[],"yoast_head":"<!-- This site is optimized with the Yoast SEO plugin v27.4 - https:\/\/yoast.com\/product\/yoast-seo-wordpress\/ -->\n<title>\u00bfEl Exceso de Velocidad Afecta mi Reclamo de Accidente? | CEO Lawyer<\/title>\n<meta name=\"description\" content=\"El exceso de velocidad puede afectar su reclamo por accidente automovil\u00edstico. Pero, el CEO Lawyer est\u00e1 aqu\u00ed para ayudar, ll\u00e1menos al 833-254-2923.\" \/>\n<meta name=\"robots\" content=\"index, follow, max-snippet:-1, max-image-preview:large, max-video-preview:-1\" \/>\n<link rel=\"canonical\" href=\"https:\/\/ceolawyer.com\/espanol\/faq\/ley-de-georgia\/accidente-automovilistico\/el-exceso-de-velocidad-afecta-mi-reclamo-en-accidente-automovilistico\/\" \/>\n<meta property=\"og:locale\" content=\"en_US\" \/>\n<meta property=\"og:type\" content=\"article\" \/>\n<meta property=\"og:title\" content=\"\u00bfEl Exceso de Velocidad Afecta mi Reclamo de Accidente? | CEO Lawyer\" \/>\n<meta property=\"og:description\" content=\"El exceso de velocidad puede afectar su reclamo por accidente automovil\u00edstico. Pero, el CEO Lawyer est\u00e1 aqu\u00ed para ayudar, ll\u00e1menos al 833-254-2923.\" \/>\n<meta property=\"og:url\" content=\"https:\/\/ceolawyer.com\/espanol\/faq\/ley-de-georgia\/accidente-automovilistico\/el-exceso-de-velocidad-afecta-mi-reclamo-en-accidente-automovilistico\/\" \/>\n<meta property=\"og:site_name\" content=\"CEO Lawyer\" \/>\n<meta property=\"article:modified_time\" content=\"2026-03-18T18:19:52+00:00\" \/>\n<meta property=\"og:image\" content=\"https:\/\/ceolawyer.com\/espanol\/wp-content\/uploads\/sites\/2\/2023\/02\/el-exceso-de-velocidad-afecta-mi-reclamo-en-accidente-automovilistico.jpg\" \/>\n\t<meta property=\"og:image:width\" content=\"500\" \/>\n\t<meta property=\"og:image:height\" content=\"333\" \/>\n\t<meta property=\"og:image:type\" content=\"image\/jpeg\" \/>\n<meta name=\"twitter:card\" content=\"summary_large_image\" \/>\n<meta name=\"twitter:label1\" content=\"Est. reading time\" \/>\n\t<meta name=\"twitter:data1\" content=\"6 minutes\" \/>\n<script type=\"application\/ld+json\" class=\"yoast-schema-graph\">{\"@context\":\"https:\\\/\\\/schema.org\",\"@graph\":[{\"@type\":\"WebPage\",\"@id\":\"https:\\\/\\\/ceolawyer.com\\\/espanol\\\/faq\\\/ley-de-georgia\\\/accidente-automovilistico\\\/el-exceso-de-velocidad-afecta-mi-reclamo-en-accidente-automovilistico\\\/\",\"url\":\"https:\\\/\\\/ceolawyer.com\\\/espanol\\\/faq\\\/ley-de-georgia\\\/accidente-automovilistico\\\/el-exceso-de-velocidad-afecta-mi-reclamo-en-accidente-automovilistico\\\/\",\"name\":\"\u00bfEl Exceso de Velocidad Afecta mi Reclamo de Accidente? | CEO Lawyer\",\"isPartOf\":{\"@id\":\"https:\\\/\\\/ceolawyer.com\\\/espanol\\\/#website\"},\"primaryImageOfPage\":{\"@id\":\"https:\\\/\\\/ceolawyer.com\\\/espanol\\\/faq\\\/ley-de-georgia\\\/accidente-automovilistico\\\/el-exceso-de-velocidad-afecta-mi-reclamo-en-accidente-automovilistico\\\/#primaryimage\"},\"image\":{\"@id\":\"https:\\\/\\\/ceolawyer.com\\\/espanol\\\/faq\\\/ley-de-georgia\\\/accidente-automovilistico\\\/el-exceso-de-velocidad-afecta-mi-reclamo-en-accidente-automovilistico\\\/#primaryimage\"},\"thumbnailUrl\":\"https:\\\/\\\/ceolawyer.com\\\/espanol\\\/wp-content\\\/uploads\\\/sites\\\/2\\\/2023\\\/02\\\/el-exceso-de-velocidad-afecta-mi-reclamo-en-accidente-automovilistico.jpg\",\"datePublished\":\"2023-02-23T15:53:50+00:00\",\"dateModified\":\"2026-03-18T18:19:52+00:00\",\"description\":\"El exceso de velocidad puede afectar su reclamo por accidente automovil\u00edstico. Pero, el CEO Lawyer est\u00e1 aqu\u00ed para ayudar, ll\u00e1menos al 833-254-2923.\",\"breadcrumb\":{\"@id\":\"https:\\\/\\\/ceolawyer.com\\\/espanol\\\/faq\\\/ley-de-georgia\\\/accidente-automovilistico\\\/el-exceso-de-velocidad-afecta-mi-reclamo-en-accidente-automovilistico\\\/#breadcrumb\"},\"inLanguage\":\"en-US\",\"potentialAction\":[{\"@type\":\"ReadAction\",\"target\":[\"https:\\\/\\\/ceolawyer.com\\\/espanol\\\/faq\\\/ley-de-georgia\\\/accidente-automovilistico\\\/el-exceso-de-velocidad-afecta-mi-reclamo-en-accidente-automovilistico\\\/\"]}]},{\"@type\":\"ImageObject\",\"inLanguage\":\"en-US\",\"@id\":\"https:\\\/\\\/ceolawyer.com\\\/espanol\\\/faq\\\/ley-de-georgia\\\/accidente-automovilistico\\\/el-exceso-de-velocidad-afecta-mi-reclamo-en-accidente-automovilistico\\\/#primaryimage\",\"url\":\"https:\\\/\\\/ceolawyer.com\\\/espanol\\\/wp-content\\\/uploads\\\/sites\\\/2\\\/2023\\\/02\\\/el-exceso-de-velocidad-afecta-mi-reclamo-en-accidente-automovilistico.jpg\",\"contentUrl\":\"https:\\\/\\\/ceolawyer.com\\\/espanol\\\/wp-content\\\/uploads\\\/sites\\\/2\\\/2023\\\/02\\\/el-exceso-de-velocidad-afecta-mi-reclamo-en-accidente-automovilistico.jpg\",\"width\":500,\"height\":333,\"caption\":\"Un autom\u00f3vil que acelera pasa a un cami\u00f3n de manera insegura, lo que indica un posible accidente automovil\u00edstico\"},{\"@type\":\"BreadcrumbList\",\"@id\":\"https:\\\/\\\/ceolawyer.com\\\/espanol\\\/faq\\\/ley-de-georgia\\\/accidente-automovilistico\\\/el-exceso-de-velocidad-afecta-mi-reclamo-en-accidente-automovilistico\\\/#breadcrumb\",\"itemListElement\":[{\"@type\":\"ListItem\",\"position\":1,\"name\":\"Home\",\"item\":\"https:\\\/\\\/ceolawyer.com\\\/espanol\\\/\"},{\"@type\":\"ListItem\",\"position\":2,\"name\":\"FAQ\",\"item\":\"https:\\\/\\\/ceolawyer.com\\\/espanol\\\/faq\\\/\"},{\"@type\":\"ListItem\",\"position\":3,\"name\":\"Lesiones personales en Georgia FAQ\",\"item\":\"https:\\\/\\\/ceolawyer.com\\\/espanol\\\/faq\\\/ley-de-georgia\\\/\"},{\"@type\":\"ListItem\",\"position\":4,\"name\":\"\u00bfEl Exceso de Velocidad Afecta Mi Reclamo en Accidente Automovil\u00edstico?\"}]},{\"@type\":\"WebSite\",\"@id\":\"https:\\\/\\\/ceolawyer.com\\\/espanol\\\/#website\",\"url\":\"https:\\\/\\\/ceolawyer.com\\\/espanol\\\/\",\"name\":\"CEO Lawyer\",\"description\":\"Personal Injury Attorney\",\"publisher\":{\"@id\":\"https:\\\/\\\/ceolawyer.com\\\/espanol\\\/#organization\"},\"potentialAction\":[{\"@type\":\"SearchAction\",\"target\":{\"@type\":\"EntryPoint\",\"urlTemplate\":\"https:\\\/\\\/ceolawyer.com\\\/espanol\\\/?s={search_term_string}\"},\"query-input\":{\"@type\":\"PropertyValueSpecification\",\"valueRequired\":true,\"valueName\":\"search_term_string\"}}],\"inLanguage\":\"en-US\"},{\"@type\":\"Organization\",\"@id\":\"https:\\\/\\\/ceolawyer.com\\\/espanol\\\/#organization\",\"name\":\"CEO Lawyer\",\"url\":\"https:\\\/\\\/ceolawyer.com\\\/espanol\\\/\",\"logo\":{\"@type\":\"ImageObject\",\"inLanguage\":\"en-US\",\"@id\":\"https:\\\/\\\/ceolawyer.com\\\/espanol\\\/#\\\/schema\\\/logo\\\/image\\\/\",\"url\":\"https:\\\/\\\/ceolawyer.com\\\/espanol\\\/wp-content\\\/uploads\\\/sites\\\/2\\\/2022\\\/05\\\/CEO_Logo.png\",\"contentUrl\":\"https:\\\/\\\/ceolawyer.com\\\/espanol\\\/wp-content\\\/uploads\\\/sites\\\/2\\\/2022\\\/05\\\/CEO_Logo.png\",\"width\":200,\"height\":108,\"caption\":\"CEO Lawyer\"},\"image\":{\"@id\":\"https:\\\/\\\/ceolawyer.com\\\/espanol\\\/#\\\/schema\\\/logo\\\/image\\\/\"}}]}<\/script>\n<!-- \/ Yoast SEO plugin. -->","yoast_head_json":{"title":"\u00bfEl Exceso de Velocidad Afecta mi Reclamo de Accidente? | CEO Lawyer","description":"El exceso de velocidad puede afectar su reclamo por accidente automovil\u00edstico. Pero, el CEO Lawyer est\u00e1 aqu\u00ed para ayudar, ll\u00e1menos al 833-254-2923.","robots":{"index":"index","follow":"follow","max-snippet":"max-snippet:-1","max-image-preview":"max-image-preview:large","max-video-preview":"max-video-preview:-1"},"canonical":"https:\/\/ceolawyer.com\/espanol\/faq\/ley-de-georgia\/accidente-automovilistico\/el-exceso-de-velocidad-afecta-mi-reclamo-en-accidente-automovilistico\/","og_locale":"en_US","og_type":"article","og_title":"\u00bfEl Exceso de Velocidad Afecta mi Reclamo de Accidente? | CEO Lawyer","og_description":"El exceso de velocidad puede afectar su reclamo por accidente automovil\u00edstico. Pero, el CEO Lawyer est\u00e1 aqu\u00ed para ayudar, ll\u00e1menos al 833-254-2923.","og_url":"https:\/\/ceolawyer.com\/espanol\/faq\/ley-de-georgia\/accidente-automovilistico\/el-exceso-de-velocidad-afecta-mi-reclamo-en-accidente-automovilistico\/","og_site_name":"CEO Lawyer","article_modified_time":"2026-03-18T18:19:52+00:00","og_image":[{"width":500,"height":333,"url":"https:\/\/ceolawyer.com\/espanol\/wp-content\/uploads\/sites\/2\/2023\/02\/el-exceso-de-velocidad-afecta-mi-reclamo-en-accidente-automovilistico.jpg","type":"image\/jpeg"}],"twitter_card":"summary_large_image","twitter_misc":{"Est. reading time":"6 minutes"},"schema":{"@context":"https:\/\/schema.org","@graph":[{"@type":"WebPage","@id":"https:\/\/ceolawyer.com\/espanol\/faq\/ley-de-georgia\/accidente-automovilistico\/el-exceso-de-velocidad-afecta-mi-reclamo-en-accidente-automovilistico\/","url":"https:\/\/ceolawyer.com\/espanol\/faq\/ley-de-georgia\/accidente-automovilistico\/el-exceso-de-velocidad-afecta-mi-reclamo-en-accidente-automovilistico\/","name":"\u00bfEl Exceso de Velocidad Afecta mi Reclamo de Accidente? | CEO Lawyer","isPartOf":{"@id":"https:\/\/ceolawyer.com\/espanol\/#website"},"primaryImageOfPage":{"@id":"https:\/\/ceolawyer.com\/espanol\/faq\/ley-de-georgia\/accidente-automovilistico\/el-exceso-de-velocidad-afecta-mi-reclamo-en-accidente-automovilistico\/#primaryimage"},"image":{"@id":"https:\/\/ceolawyer.com\/espanol\/faq\/ley-de-georgia\/accidente-automovilistico\/el-exceso-de-velocidad-afecta-mi-reclamo-en-accidente-automovilistico\/#primaryimage"},"thumbnailUrl":"https:\/\/ceolawyer.com\/espanol\/wp-content\/uploads\/sites\/2\/2023\/02\/el-exceso-de-velocidad-afecta-mi-reclamo-en-accidente-automovilistico.jpg","datePublished":"2023-02-23T15:53:50+00:00","dateModified":"2026-03-18T18:19:52+00:00","description":"El exceso de velocidad puede afectar su reclamo por accidente automovil\u00edstico. Pero, el CEO Lawyer est\u00e1 aqu\u00ed para ayudar, ll\u00e1menos al 833-254-2923.","breadcrumb":{"@id":"https:\/\/ceolawyer.com\/espanol\/faq\/ley-de-georgia\/accidente-automovilistico\/el-exceso-de-velocidad-afecta-mi-reclamo-en-accidente-automovilistico\/#breadcrumb"},"inLanguage":"en-US","potentialAction":[{"@type":"ReadAction","target":["https:\/\/ceolawyer.com\/espanol\/faq\/ley-de-georgia\/accidente-automovilistico\/el-exceso-de-velocidad-afecta-mi-reclamo-en-accidente-automovilistico\/"]}]},{"@type":"ImageObject","inLanguage":"en-US","@id":"https:\/\/ceolawyer.com\/espanol\/faq\/ley-de-georgia\/accidente-automovilistico\/el-exceso-de-velocidad-afecta-mi-reclamo-en-accidente-automovilistico\/#primaryimage","url":"https:\/\/ceolawyer.com\/espanol\/wp-content\/uploads\/sites\/2\/2023\/02\/el-exceso-de-velocidad-afecta-mi-reclamo-en-accidente-automovilistico.jpg","contentUrl":"https:\/\/ceolawyer.com\/espanol\/wp-content\/uploads\/sites\/2\/2023\/02\/el-exceso-de-velocidad-afecta-mi-reclamo-en-accidente-automovilistico.jpg","width":500,"height":333,"caption":"Un autom\u00f3vil que acelera pasa a un cami\u00f3n de manera insegura, lo que indica un posible accidente automovil\u00edstico"},{"@type":"BreadcrumbList","@id":"https:\/\/ceolawyer.com\/espanol\/faq\/ley-de-georgia\/accidente-automovilistico\/el-exceso-de-velocidad-afecta-mi-reclamo-en-accidente-automovilistico\/#breadcrumb","itemListElement":[{"@type":"ListItem","position":1,"name":"Home","item":"https:\/\/ceolawyer.com\/espanol\/"},{"@type":"ListItem","position":2,"name":"FAQ","item":"https:\/\/ceolawyer.com\/espanol\/faq\/"},{"@type":"ListItem","position":3,"name":"Lesiones personales en Georgia FAQ","item":"https:\/\/ceolawyer.com\/espanol\/faq\/ley-de-georgia\/"},{"@type":"ListItem","position":4,"name":"\u00bfEl Exceso de Velocidad Afecta Mi Reclamo en Accidente Automovil\u00edstico?"}]},{"@type":"WebSite","@id":"https:\/\/ceolawyer.com\/espanol\/#website","url":"https:\/\/ceolawyer.com\/espanol\/","name":"CEO Lawyer","description":"Personal Injury Attorney","publisher":{"@id":"https:\/\/ceolawyer.com\/espanol\/#organization"},"potentialAction":[{"@type":"SearchAction","target":{"@type":"EntryPoint","urlTemplate":"https:\/\/ceolawyer.com\/espanol\/?s={search_term_string}"},"query-input":{"@type":"PropertyValueSpecification","valueRequired":true,"valueName":"search_term_string"}}],"inLanguage":"en-US"},{"@type":"Organization","@id":"https:\/\/ceolawyer.com\/espanol\/#organization","name":"CEO Lawyer","url":"https:\/\/ceolawyer.com\/espanol\/","logo":{"@type":"ImageObject","inLanguage":"en-US","@id":"https:\/\/ceolawyer.com\/espanol\/#\/schema\/logo\/image\/","url":"https:\/\/ceolawyer.com\/espanol\/wp-content\/uploads\/sites\/2\/2022\/05\/CEO_Logo.png","contentUrl":"https:\/\/ceolawyer.com\/espanol\/wp-content\/uploads\/sites\/2\/2022\/05\/CEO_Logo.png","width":200,"height":108,"caption":"CEO Lawyer"},"image":{"@id":"https:\/\/ceolawyer.com\/espanol\/#\/schema\/logo\/image\/"}}]}},"_links":{"self":[{"href":"https:\/\/ceolawyer.com\/espanol\/wp-json\/wp\/v2\/pages\/11648","targetHints":{"allow":["GET"]}}],"collection":[{"href":"https:\/\/ceolawyer.com\/espanol\/wp-json\/wp\/v2\/pages"}],"about":[{"href":"https:\/\/ceolawyer.com\/espanol\/wp-json\/wp\/v2\/types\/page"}],"author":[{"embeddable":true,"href":"https:\/\/ceolawyer.com\/espanol\/wp-json\/wp\/v2\/users\/22"}],"replies":[{"embeddable":true,"href":"https:\/\/ceolawyer.com\/espanol\/wp-json\/wp\/v2\/comments?post=11648"}],"version-history":[{"count":0,"href":"https:\/\/ceolawyer.com\/espanol\/wp-json\/wp\/v2\/pages\/11648\/revisions"}],"up":[{"embeddable":true,"href":"https:\/\/ceolawyer.com\/espanol\/wp-json\/wp\/v2\/pages\/13289"}],"wp:featuredmedia":[{"embeddable":true,"href":"https:\/\/ceolawyer.com\/espanol\/wp-json\/wp\/v2\/media\/11649"}],"wp:attachment":[{"href":"https:\/\/ceolawyer.com\/espanol\/wp-json\/wp\/v2\/media?parent=11648"}],"curies":[{"name":"wp","href":"https:\/\/api.w.org\/{rel}","templated":true}]}}