{"id":11650,"date":"2023-02-23T16:01:32","date_gmt":"2023-02-23T16:01:32","guid":{"rendered":"https:\/\/ceolawyer.com\/espanol\/?page_id=11650"},"modified":"2026-03-18T18:13:28","modified_gmt":"2026-03-18T18:13:28","slug":"como-funciona-el-proceso-de-acuerdo-de-accidente-automovilistico-en-georgia","status":"publish","type":"page","link":"https:\/\/ceolawyer.com\/espanol\/faq\/ley-de-georgia\/accidente-automovilistico\/como-funciona-el-proceso-de-acuerdo-de-accidente-automovilistico-en-georgia\/","title":{"rendered":"\u00bfC\u00f3mo Funciona El Proceso de Acuerdo de Accidente Automovil\u00edstico en Georgia?"},"content":{"rendered":"<p>Los accidentes de coche pueden dejarlo con lesiones dolorosas y un mont\u00f3n de cuentas m\u00e9dicas y\u00a0 reparaciones del coche. Es natural querer empezar a buscar una compensaci\u00f3n del seguro del otro conductor. En algunos casos, esto puede ser un proceso simple y directo que toma unas pocas semanas o meses. Sin embargo, para muchas personas, surgen complicaciones que hacen que se tarde mucho m\u00e1s tiempo \u2013 la compa\u00f1\u00eda de seguros puede disputar que su cliente fue culpable, negar su reclamaci\u00f3n por alguna otra raz\u00f3n, o usted puede necesitar cuidado continuo para sus lesiones, etc. Puede tomar un tiempo para negociar un acuerdo justo con el asegurador. En algunas situaciones, es necesario presentar una demanda contra el asegurador, el conductor que lo golpe\u00f3, u otros terceros.<\/p>\n<p>Navegar por el proceso de reclamaciones de seguros requiere habilidades legales y experiencia, y las personas que tienen un abogado tienen <a href=\"https:\/\/www.nolo.com\/legal-encyclopedia\/how-much-can-i-get-for-my-personal-injury-case-and-how-long-will-it-take-new.html#:~:text=The%20Advantage%20of%20Legal%20Representation&amp;text=Legal%20representation%20also%20made%20a,handled%20their%20own%20injury%20claims.\">m\u00e1s probabilidades de recibir un pago por su reclamaci\u00f3n<\/a>. Abogado Ali Awad sabe todas las formas en que las grandes compa\u00f1\u00edas de seguros intentan escapar de pagar por sus da\u00f1os, y \u00e9l tiene el conocimiento y la experiencia para luchar por sus derechos legales una justa compensaci\u00f3n. En s\u00f3lo unos pocos a\u00f1os, \u00e9l consigui\u00f3 que su firma\u00a0 de abogados especializados en lesiones personales CEO Lawyer se estableciera como una de las empresas de m\u00e1s r\u00e1pido crecimiento en el pa\u00eds. Si usted o un ser querido han sido v\u00edctimas de un accidente, no espere para llamar a los abogados especializados en lesiones personales CEO Lawyer para una consulta gratuita. No hay obligaci\u00f3n; si tomamos su caso, no nos debe nada hasta que ganemos.<\/p>\n<h2>Cantidades T\u00edpicas de Acuerdos de Accidentes Automovil\u00edstico<\/h2>\n<p>Con frecuencia escuchamos preguntas sobre el acuerdo promedio para un accidente de coche en Georgia.<a href=\"https:\/\/ceolawyer.com\/faq\/georgia-law\/injury-settlements\/how-much-should-i-ask-for-a-personal-injury-settlement\/\"> El acuerdo promedio de lesi\u00f3n personal var\u00eda extensamente dependiendo de una gama de factores<\/a>. Siempre enfatizamos que cada accidente de coche es diferente, y usar un promedio no es una buena m\u00e9trica para saber cu\u00e1nto vale su caso particular. Algunos accidentes automovil\u00edsticos son sencillos y pueden ascender a no m\u00e1s de unos pocos cientos de d\u00f3lares en carrocer\u00eda de uno o ambos autom\u00f3viles. Por otro lado, algunos accidentes pueden resultar en lesiones graves o incluso la muerte de una o m\u00e1s personas en uno o ambos (o varios) autom\u00f3viles. Las reclamaciones m\u00e1s graves pueden valer entre decenas de miles y seis cifras. Las demandas m\u00e1s b\u00e1sicas pueden valer solamente algunos pocos millares. Si usted desea saber cu\u00e1nto vale su caso, hablar con un abogado del accidente de coche es una mejor manera de averiguarlo que buscar los acuerdos promedio y tratar de aplicarlos a lo que puede ser una situaci\u00f3n muy diferente.<\/p>\n<p>A veces la gente empieza a investigar<a href=\"https:\/\/www.findlaw.com\/injury\/car-accidents\/car-accident-settlement-process-and-timeline.html\"> las cantidades de acuerdo promedio<\/a> porque han recibido una oferta de una compa\u00f1\u00eda de seguros y quieren saber si es justa. Tienen la idea correcta \u2013 las compa\u00f1\u00edas de seguros son notorias por hacer ofertas de baja intensidad que no cubrir\u00e1n todos los da\u00f1os de la persona lesionada. Esto se hace con la esperanza de que la parte lesionada acepte menos de lo que vale su reclamaci\u00f3n, potencialmente ahorrando a la compa\u00f1\u00eda de seguros una gran cantidad de dinero. Pero una vez m\u00e1s, conocer la cantidad promedio de acuerdo \u2013 que var\u00eda grandemente dependiendo del tipo de reclamaci\u00f3n y da\u00f1os \u2013 no es la manera ideal de determinar si usted ha recibido una buena oferta. En su lugar, lleve la carta de oferta a un abogado de accidentes de autom\u00f3vil para averiguar si es adecuada. Si no es as\u00ed, su abogado puede ayudarle a negociar una mejor resoluci\u00f3n de su reclamo.<\/p>\n<h2>Da\u00f1os Por Accidente de Autom\u00f3vil<\/h2>\n<p>Su abogado revisar\u00e1 varios da\u00f1os con usted para determinar lo que vale su reclamaci\u00f3n. Aqu\u00ed est\u00e1n algunos posibles da\u00f1os que usted puede tener:<\/p>\n<ul>\n<li>\u00a0 Facturas m\u00e9dicos. Si usted se lastim\u00f3 y tuvo que ver a un profesional de la salud, incluso si s\u00f3lo necesit\u00f3 rayos X u otras pruebas para descartar una fractura \u00f3sea o una lesi\u00f3n grave, el seguro del conductor de la culpa debe cubrir sus costos. Esto incluye las facturas del m\u00e9dico, las facturas del hospital, los copagos de medicamentos recetados y la atenci\u00f3n continua como terapia f\u00edsica, terapia ocupacional o servicios de salud en el hogar. Tambi\u00e9n puede calificar para recibir el reembolso de los gastos de viaje si tiene que acudir a un especialista que no est\u00e9 cerca.<\/li>\n<li>\u00a0 Gastos futuros de atenci\u00f3n m\u00e9dica. Si todav\u00eda est\u00e1 recibiendo tratamiento, es importante averiguar cu\u00e1nto tiempo necesitar\u00e1 tratamiento y cuanto es probable que le cueste. Esto es especialmente crucial si sus lesiones resultan en un problema a largo plazo, permanente o cr\u00f3nico.<\/li>\n<li>\u00a0 Costos de reparaci\u00f3n o reemplazo por da\u00f1os a su veh\u00edculo u otra propiedad.<\/li>\n<li>\u00a0 Dolor y sufrimiento. Estos da\u00f1os est\u00e1n destinados a compensar el dolor f\u00edsico, el sufrimiento y la angustia emocional o mental. Muchas lesiones sufridas en un accidente automovil\u00edstico pueden ser extremadamente dolorosas \u2013 huesos rotos, lesiones internas, lesiones en la cabeza, cualquier cosa que requiera cirug\u00eda, etc. Pero estar involucrado en un accidente tambi\u00e9n puede ser traum\u00e1tico y estresante, y muchas personas experimentan ansiedad, depresi\u00f3n, dificultad para dormir, o incluso estr\u00e9s postraum\u00e1tico despu\u00e9s.<\/li>\n<li>\u00a0 P\u00e9rdida de ingresos. Cuando usted se lesiona en un accidente, puede faltar al trabajo por unos pocos d\u00edas o semanas o incluso meses. En el mejor de los casos, usted utilizara todas sus horas de vacaciones o enfermedad, las cuales usted estaba guardando para ocasiones m\u00e1s felices, como vacaciones en familia. En el peor de los casos, usted no tendr\u00e1 ingresos mientras se recupera, y sus proveedores de atenci\u00f3n m\u00e9dica todav\u00eda esperan que se les pague. \u00a1Y eso sin mencionar las facturas de la reparaci\u00f3n del veh\u00edculo! En cualquier situaci\u00f3n, usted ha sufrido financieramente, y merece ser compensado por esas p\u00e9rdidas.<\/li>\n<li>\u00a0 P\u00e9rdida potencial de ganancia. Al igual que con los gastos m\u00e9dicos, usted tiene que considerar la futura p\u00e9rdida de ingresos tambi\u00e9n. Si sus lesiones son permanentes o resultan en una discapacidad que le impide regresar al trabajo o regresar al trabajo a tiempo completo o en la misma posici\u00f3n, entonces usted puede buscar da\u00f1os para eso tambi\u00e9n.<\/li>\n<li>\u00a0 P\u00e9rdida de consorcio o compa\u00f1\u00eda si un ser querido ha muerto en el accidente.<\/li>\n<li>\u00a0 Da\u00f1os punitivos. Estos no se conceden a menudo, pero en algunos casos, el jurado puede encontrar la conducta del acusado tan horrorosa que conceden da\u00f1os adicionales no como compensaci\u00f3n para la v\u00edctima sino como castigo por las acciones del otro conductor. Esto ocurre ocasionalmente en casos de conducci\u00f3n ebria en los que varias personas fueron asesinadas o gravemente heridas o situaciones en las que el otro conductor fue extremadamente imprudente, independientemente de su sobriedad.<\/li>\n<\/ul>\n<h2>C\u00f3mo Empezar Con El Proceso de Acuerdo Del Accidente de Autom\u00f3vil<\/h2>\n<p>Si est\u00e1 batallando con los siguientes pasos despu\u00e9s de un accidente de autom\u00f3vil, p\u00f3ngase en contacto con uno de nuestros abogados especializados en lesiones personales CEO Lawyer. Una vez que su abogado haya explicado sus opciones, si usted decide avanzar con una reclamaci\u00f3n, nos ocuparemos de los pr\u00f3ximos pasos con la menor molestia posible para usted. Nuestro equipo presentar\u00e1 una reclamaci\u00f3n con el seguro del conductor culpable si no lo ha hecho ya, o har\u00e1 un seguimiento con el asegurador si lo ha hecho. Si ya ha recibido una oferta insatisfactoria, negociaremos con la compa\u00f1\u00eda de seguros una cantidad que cubra sus da\u00f1os. Depender\u00e1 de usted si desea aceptar o rechazar cualquier oferta que haga la compa\u00f1\u00eda de seguros o continuar negociando. En la mayor\u00eda de los casos, eventualmente llegamos a un acuerdo que satisface a ambas partes. Ocasionalmente, la otra parte simplemente no estar\u00e1 de acuerdo con un acuerdo razonable, y cuando eso suceda, estamos dispuestos a luchar por lo que usted merece en los tribunales.<\/p>\n<p>La firma\u00a0 de abogados especializada en lesiones personales CEO Lawyer <a href=\"https:\/\/ceolawyer.com\/\">siempre est\u00e1 disponible para una consulta gratuita<\/a> si tiene preguntas sobre su accidente de coche o una posible reclamaci\u00f3n. P\u00f3ngase en contacto con nosotros para obtener m\u00e1s informaci\u00f3n sobre c\u00f3mo podemos ayudarle a obtener la compensaci\u00f3n que necesita para continuar con su vida.<\/p>\n","protected":false},"excerpt":{"rendered":"<p>Los accidentes de coche pueden dejarlo con lesiones dolorosas y un mont\u00f3n de cuentas m\u00e9dicas y\u00a0 reparaciones del coche. Es natural querer empezar a buscar una compensaci\u00f3n del seguro del otro conductor. En algunos casos, esto puede ser un proceso simple y directo que toma unas pocas semanas o meses. Sin embargo, para muchas personas, [&hellip;]<\/p>\n","protected":false},"author":22,"featured_media":11651,"parent":13289,"menu_order":0,"comment_status":"closed","ping_status":"closed","template":"","meta":{"_acf_changed":false,"footnotes":""},"class_list":["post-11650","page","type-page","status-publish","has-post-thumbnail","hentry"],"acf":[],"yoast_head":"<!-- This site is optimized with the Yoast SEO plugin v27.2 - https:\/\/yoast.com\/product\/yoast-seo-wordpress\/ -->\n<title>\u00bfC\u00f3mo Funciona un Acuerdo por Accidente de Auto en Georgia? | CEO Lawyer<\/title>\n<meta name=\"description\" content=\"El CEO Lawyer Abogados de Accidentes puede ayudarlo con su caso de acuerdo de accidente automovil\u00edstico en Georgia. Llame al 833-254-2923.\" \/>\n<meta name=\"robots\" content=\"index, follow, max-snippet:-1, max-image-preview:large, max-video-preview:-1\" \/>\n<link rel=\"canonical\" href=\"https:\/\/ceolawyer.com\/espanol\/faq\/ley-de-georgia\/accidente-automovilistico\/como-funciona-el-proceso-de-acuerdo-de-accidente-automovilistico-en-georgia\/\" \/>\n<meta property=\"og:locale\" content=\"en_US\" \/>\n<meta property=\"og:type\" content=\"article\" \/>\n<meta property=\"og:title\" content=\"\u00bfC\u00f3mo Funciona un Acuerdo por Accidente de Auto en Georgia? | CEO Lawyer\" \/>\n<meta property=\"og:description\" content=\"El CEO Lawyer Abogados de Accidentes puede ayudarlo con su caso de acuerdo de accidente automovil\u00edstico en Georgia. Llame al 833-254-2923.\" \/>\n<meta property=\"og:url\" content=\"https:\/\/ceolawyer.com\/espanol\/faq\/ley-de-georgia\/accidente-automovilistico\/como-funciona-el-proceso-de-acuerdo-de-accidente-automovilistico-en-georgia\/\" \/>\n<meta property=\"og:site_name\" content=\"CEO Lawyer\" \/>\n<meta property=\"article:modified_time\" content=\"2026-03-18T18:13:28+00:00\" \/>\n<meta property=\"og:image\" content=\"https:\/\/ceolawyer.com\/espanol\/wp-content\/uploads\/sites\/2\/2023\/02\/como-funciona-el-proceso-de-acuerdo-de-accidente-automovilistico-en-georgia.jpg\" \/>\n\t<meta property=\"og:image:width\" content=\"500\" \/>\n\t<meta property=\"og:image:height\" content=\"334\" \/>\n\t<meta property=\"og:image:type\" content=\"image\/jpeg\" \/>\n<meta name=\"twitter:card\" content=\"summary_large_image\" \/>\n<meta name=\"twitter:label1\" content=\"Est. reading time\" \/>\n\t<meta name=\"twitter:data1\" content=\"7 minutes\" \/>\n<script type=\"application\/ld+json\" class=\"yoast-schema-graph\">{\"@context\":\"https:\/\/schema.org\",\"@graph\":[{\"@type\":\"WebPage\",\"@id\":\"https:\/\/ceolawyer.com\/espanol\/faq\/ley-de-georgia\/accidente-automovilistico\/como-funciona-el-proceso-de-acuerdo-de-accidente-automovilistico-en-georgia\/\",\"url\":\"https:\/\/ceolawyer.com\/espanol\/faq\/ley-de-georgia\/accidente-automovilistico\/como-funciona-el-proceso-de-acuerdo-de-accidente-automovilistico-en-georgia\/\",\"name\":\"\u00bfC\u00f3mo Funciona un Acuerdo por Accidente de Auto en Georgia? | CEO Lawyer\",\"isPartOf\":{\"@id\":\"https:\/\/ceolawyer.com\/espanol\/#website\"},\"primaryImageOfPage\":{\"@id\":\"https:\/\/ceolawyer.com\/espanol\/faq\/ley-de-georgia\/accidente-automovilistico\/como-funciona-el-proceso-de-acuerdo-de-accidente-automovilistico-en-georgia\/#primaryimage\"},\"image\":{\"@id\":\"https:\/\/ceolawyer.com\/espanol\/faq\/ley-de-georgia\/accidente-automovilistico\/como-funciona-el-proceso-de-acuerdo-de-accidente-automovilistico-en-georgia\/#primaryimage\"},\"thumbnailUrl\":\"https:\/\/ceolawyer.com\/espanol\/wp-content\/uploads\/sites\/2\/2023\/02\/como-funciona-el-proceso-de-acuerdo-de-accidente-automovilistico-en-georgia.jpg\",\"datePublished\":\"2023-02-23T16:01:32+00:00\",\"dateModified\":\"2026-03-18T18:13:28+00:00\",\"description\":\"El CEO Lawyer Abogados de Accidentes puede ayudarlo con su caso de acuerdo de accidente automovil\u00edstico en Georgia. Llame al 833-254-2923.\",\"breadcrumb\":{\"@id\":\"https:\/\/ceolawyer.com\/espanol\/faq\/ley-de-georgia\/accidente-automovilistico\/como-funciona-el-proceso-de-acuerdo-de-accidente-automovilistico-en-georgia\/#breadcrumb\"},\"inLanguage\":\"en-US\",\"potentialAction\":[{\"@type\":\"ReadAction\",\"target\":[\"https:\/\/ceolawyer.com\/espanol\/faq\/ley-de-georgia\/accidente-automovilistico\/como-funciona-el-proceso-de-acuerdo-de-accidente-automovilistico-en-georgia\/\"]}]},{\"@type\":\"ImageObject\",\"inLanguage\":\"en-US\",\"@id\":\"https:\/\/ceolawyer.com\/espanol\/faq\/ley-de-georgia\/accidente-automovilistico\/como-funciona-el-proceso-de-acuerdo-de-accidente-automovilistico-en-georgia\/#primaryimage\",\"url\":\"https:\/\/ceolawyer.com\/espanol\/wp-content\/uploads\/sites\/2\/2023\/02\/como-funciona-el-proceso-de-acuerdo-de-accidente-automovilistico-en-georgia.jpg\",\"contentUrl\":\"https:\/\/ceolawyer.com\/espanol\/wp-content\/uploads\/sites\/2\/2023\/02\/como-funciona-el-proceso-de-acuerdo-de-accidente-automovilistico-en-georgia.jpg\",\"width\":500,\"height\":334,\"caption\":\"Un abogado se re\u00fane con un cliente sobre el proceso de liquidaci\u00f3n despu\u00e9s de un accidente automovil\u00edstico.\"},{\"@type\":\"BreadcrumbList\",\"@id\":\"https:\/\/ceolawyer.com\/espanol\/faq\/ley-de-georgia\/accidente-automovilistico\/como-funciona-el-proceso-de-acuerdo-de-accidente-automovilistico-en-georgia\/#breadcrumb\",\"itemListElement\":[{\"@type\":\"ListItem\",\"position\":1,\"name\":\"Home\",\"item\":\"https:\/\/ceolawyer.com\/espanol\/\"},{\"@type\":\"ListItem\",\"position\":2,\"name\":\"FAQ\",\"item\":\"https:\/\/ceolawyer.com\/espanol\/faq\/\"},{\"@type\":\"ListItem\",\"position\":3,\"name\":\"Lesiones personales en Georgia FAQ\",\"item\":\"https:\/\/ceolawyer.com\/espanol\/faq\/ley-de-georgia\/\"},{\"@type\":\"ListItem\",\"position\":4,\"name\":\"\u00bfC\u00f3mo Funciona El Proceso de Acuerdo de Accidente Automovil\u00edstico en Georgia?\"}]},{\"@type\":\"WebSite\",\"@id\":\"https:\/\/ceolawyer.com\/espanol\/#website\",\"url\":\"https:\/\/ceolawyer.com\/espanol\/\",\"name\":\"CEO Lawyer\",\"description\":\"Personal Injury Attorney\",\"publisher\":{\"@id\":\"https:\/\/ceolawyer.com\/espanol\/#organization\"},\"potentialAction\":[{\"@type\":\"SearchAction\",\"target\":{\"@type\":\"EntryPoint\",\"urlTemplate\":\"https:\/\/ceolawyer.com\/espanol\/?s={search_term_string}\"},\"query-input\":{\"@type\":\"PropertyValueSpecification\",\"valueRequired\":true,\"valueName\":\"search_term_string\"}}],\"inLanguage\":\"en-US\"},{\"@type\":\"Organization\",\"@id\":\"https:\/\/ceolawyer.com\/espanol\/#organization\",\"name\":\"CEO Lawyer\",\"url\":\"https:\/\/ceolawyer.com\/espanol\/\",\"logo\":{\"@type\":\"ImageObject\",\"inLanguage\":\"en-US\",\"@id\":\"https:\/\/ceolawyer.com\/espanol\/#\/schema\/logo\/image\/\",\"url\":\"https:\/\/ceolawyer.com\/espanol\/wp-content\/uploads\/sites\/2\/2022\/05\/CEO_Logo.png\",\"contentUrl\":\"https:\/\/ceolawyer.com\/espanol\/wp-content\/uploads\/sites\/2\/2022\/05\/CEO_Logo.png\",\"width\":200,\"height\":108,\"caption\":\"CEO Lawyer\"},\"image\":{\"@id\":\"https:\/\/ceolawyer.com\/espanol\/#\/schema\/logo\/image\/\"}}]}<\/script>\n<!-- \/ Yoast SEO plugin. -->","yoast_head_json":{"title":"\u00bfC\u00f3mo Funciona un Acuerdo por Accidente de Auto en Georgia? | CEO Lawyer","description":"El CEO Lawyer Abogados de Accidentes puede ayudarlo con su caso de acuerdo de accidente automovil\u00edstico en Georgia. Llame al 833-254-2923.","robots":{"index":"index","follow":"follow","max-snippet":"max-snippet:-1","max-image-preview":"max-image-preview:large","max-video-preview":"max-video-preview:-1"},"canonical":"https:\/\/ceolawyer.com\/espanol\/faq\/ley-de-georgia\/accidente-automovilistico\/como-funciona-el-proceso-de-acuerdo-de-accidente-automovilistico-en-georgia\/","og_locale":"en_US","og_type":"article","og_title":"\u00bfC\u00f3mo Funciona un Acuerdo por Accidente de Auto en Georgia? | CEO Lawyer","og_description":"El CEO Lawyer Abogados de Accidentes puede ayudarlo con su caso de acuerdo de accidente automovil\u00edstico en Georgia. Llame al 833-254-2923.","og_url":"https:\/\/ceolawyer.com\/espanol\/faq\/ley-de-georgia\/accidente-automovilistico\/como-funciona-el-proceso-de-acuerdo-de-accidente-automovilistico-en-georgia\/","og_site_name":"CEO Lawyer","article_modified_time":"2026-03-18T18:13:28+00:00","og_image":[{"width":500,"height":334,"url":"https:\/\/ceolawyer.com\/espanol\/wp-content\/uploads\/sites\/2\/2023\/02\/como-funciona-el-proceso-de-acuerdo-de-accidente-automovilistico-en-georgia.jpg","type":"image\/jpeg"}],"twitter_card":"summary_large_image","twitter_misc":{"Est. reading time":"7 minutes"},"schema":{"@context":"https:\/\/schema.org","@graph":[{"@type":"WebPage","@id":"https:\/\/ceolawyer.com\/espanol\/faq\/ley-de-georgia\/accidente-automovilistico\/como-funciona-el-proceso-de-acuerdo-de-accidente-automovilistico-en-georgia\/","url":"https:\/\/ceolawyer.com\/espanol\/faq\/ley-de-georgia\/accidente-automovilistico\/como-funciona-el-proceso-de-acuerdo-de-accidente-automovilistico-en-georgia\/","name":"\u00bfC\u00f3mo Funciona un Acuerdo por Accidente de Auto en Georgia? | CEO Lawyer","isPartOf":{"@id":"https:\/\/ceolawyer.com\/espanol\/#website"},"primaryImageOfPage":{"@id":"https:\/\/ceolawyer.com\/espanol\/faq\/ley-de-georgia\/accidente-automovilistico\/como-funciona-el-proceso-de-acuerdo-de-accidente-automovilistico-en-georgia\/#primaryimage"},"image":{"@id":"https:\/\/ceolawyer.com\/espanol\/faq\/ley-de-georgia\/accidente-automovilistico\/como-funciona-el-proceso-de-acuerdo-de-accidente-automovilistico-en-georgia\/#primaryimage"},"thumbnailUrl":"https:\/\/ceolawyer.com\/espanol\/wp-content\/uploads\/sites\/2\/2023\/02\/como-funciona-el-proceso-de-acuerdo-de-accidente-automovilistico-en-georgia.jpg","datePublished":"2023-02-23T16:01:32+00:00","dateModified":"2026-03-18T18:13:28+00:00","description":"El CEO Lawyer Abogados de Accidentes puede ayudarlo con su caso de acuerdo de accidente automovil\u00edstico en Georgia. Llame al 833-254-2923.","breadcrumb":{"@id":"https:\/\/ceolawyer.com\/espanol\/faq\/ley-de-georgia\/accidente-automovilistico\/como-funciona-el-proceso-de-acuerdo-de-accidente-automovilistico-en-georgia\/#breadcrumb"},"inLanguage":"en-US","potentialAction":[{"@type":"ReadAction","target":["https:\/\/ceolawyer.com\/espanol\/faq\/ley-de-georgia\/accidente-automovilistico\/como-funciona-el-proceso-de-acuerdo-de-accidente-automovilistico-en-georgia\/"]}]},{"@type":"ImageObject","inLanguage":"en-US","@id":"https:\/\/ceolawyer.com\/espanol\/faq\/ley-de-georgia\/accidente-automovilistico\/como-funciona-el-proceso-de-acuerdo-de-accidente-automovilistico-en-georgia\/#primaryimage","url":"https:\/\/ceolawyer.com\/espanol\/wp-content\/uploads\/sites\/2\/2023\/02\/como-funciona-el-proceso-de-acuerdo-de-accidente-automovilistico-en-georgia.jpg","contentUrl":"https:\/\/ceolawyer.com\/espanol\/wp-content\/uploads\/sites\/2\/2023\/02\/como-funciona-el-proceso-de-acuerdo-de-accidente-automovilistico-en-georgia.jpg","width":500,"height":334,"caption":"Un abogado se re\u00fane con un cliente sobre el proceso de liquidaci\u00f3n despu\u00e9s de un accidente automovil\u00edstico."},{"@type":"BreadcrumbList","@id":"https:\/\/ceolawyer.com\/espanol\/faq\/ley-de-georgia\/accidente-automovilistico\/como-funciona-el-proceso-de-acuerdo-de-accidente-automovilistico-en-georgia\/#breadcrumb","itemListElement":[{"@type":"ListItem","position":1,"name":"Home","item":"https:\/\/ceolawyer.com\/espanol\/"},{"@type":"ListItem","position":2,"name":"FAQ","item":"https:\/\/ceolawyer.com\/espanol\/faq\/"},{"@type":"ListItem","position":3,"name":"Lesiones personales en Georgia FAQ","item":"https:\/\/ceolawyer.com\/espanol\/faq\/ley-de-georgia\/"},{"@type":"ListItem","position":4,"name":"\u00bfC\u00f3mo Funciona El Proceso de Acuerdo de Accidente Automovil\u00edstico en Georgia?"}]},{"@type":"WebSite","@id":"https:\/\/ceolawyer.com\/espanol\/#website","url":"https:\/\/ceolawyer.com\/espanol\/","name":"CEO Lawyer","description":"Personal Injury Attorney","publisher":{"@id":"https:\/\/ceolawyer.com\/espanol\/#organization"},"potentialAction":[{"@type":"SearchAction","target":{"@type":"EntryPoint","urlTemplate":"https:\/\/ceolawyer.com\/espanol\/?s={search_term_string}"},"query-input":{"@type":"PropertyValueSpecification","valueRequired":true,"valueName":"search_term_string"}}],"inLanguage":"en-US"},{"@type":"Organization","@id":"https:\/\/ceolawyer.com\/espanol\/#organization","name":"CEO Lawyer","url":"https:\/\/ceolawyer.com\/espanol\/","logo":{"@type":"ImageObject","inLanguage":"en-US","@id":"https:\/\/ceolawyer.com\/espanol\/#\/schema\/logo\/image\/","url":"https:\/\/ceolawyer.com\/espanol\/wp-content\/uploads\/sites\/2\/2022\/05\/CEO_Logo.png","contentUrl":"https:\/\/ceolawyer.com\/espanol\/wp-content\/uploads\/sites\/2\/2022\/05\/CEO_Logo.png","width":200,"height":108,"caption":"CEO Lawyer"},"image":{"@id":"https:\/\/ceolawyer.com\/espanol\/#\/schema\/logo\/image\/"}}]}},"_links":{"self":[{"href":"https:\/\/ceolawyer.com\/espanol\/wp-json\/wp\/v2\/pages\/11650","targetHints":{"allow":["GET"]}}],"collection":[{"href":"https:\/\/ceolawyer.com\/espanol\/wp-json\/wp\/v2\/pages"}],"about":[{"href":"https:\/\/ceolawyer.com\/espanol\/wp-json\/wp\/v2\/types\/page"}],"author":[{"embeddable":true,"href":"https:\/\/ceolawyer.com\/espanol\/wp-json\/wp\/v2\/users\/22"}],"replies":[{"embeddable":true,"href":"https:\/\/ceolawyer.com\/espanol\/wp-json\/wp\/v2\/comments?post=11650"}],"version-history":[{"count":0,"href":"https:\/\/ceolawyer.com\/espanol\/wp-json\/wp\/v2\/pages\/11650\/revisions"}],"up":[{"embeddable":true,"href":"https:\/\/ceolawyer.com\/espanol\/wp-json\/wp\/v2\/pages\/13289"}],"wp:featuredmedia":[{"embeddable":true,"href":"https:\/\/ceolawyer.com\/espanol\/wp-json\/wp\/v2\/media\/11651"}],"wp:attachment":[{"href":"https:\/\/ceolawyer.com\/espanol\/wp-json\/wp\/v2\/media?parent=11650"}],"curies":[{"name":"wp","href":"https:\/\/api.w.org\/{rel}","templated":true}]}}