{"id":11652,"date":"2023-02-23T16:12:45","date_gmt":"2023-02-23T16:12:45","guid":{"rendered":"https:\/\/ceolawyer.com\/espanol\/?page_id=11652"},"modified":"2026-03-18T18:39:27","modified_gmt":"2026-03-18T18:39:27","slug":"que-debo-saber-sobre-reportar-un-accidente-automovilistico-en-georgia","status":"publish","type":"page","link":"https:\/\/ceolawyer.com\/espanol\/faq\/ley-de-georgia\/accidente-automovilistico\/que-debo-saber-sobre-reportar-un-accidente-automovilistico-en-georgia\/","title":{"rendered":"\u00bfQu\u00e9 Debo Saber Sobre Reportar Un Accidente Automovil\u00edstico en Georgia?"},"content":{"rendered":"<p><img decoding=\"async\" class=\"alignright size-full wp-image-11653\" src=\"https:\/\/ceolawyer.com\/espanol\/wp-content\/uploads\/sites\/2\/2023\/02\/que-debo-saber-sobre-reportar-un-accidente-automovilistico-en-georgia.jpg\" alt=\"Un hombre busca respuestas sobre c\u00f3mo denunciar un accidente automovil\u00edstico en Georgia.\" width=\"500\" height=\"281\" srcset=\"https:\/\/ceolawyer.com\/espanol\/wp-content\/uploads\/sites\/2\/2023\/02\/que-debo-saber-sobre-reportar-un-accidente-automovilistico-en-georgia.jpg 500w, https:\/\/ceolawyer.com\/espanol\/wp-content\/uploads\/sites\/2\/2023\/02\/que-debo-saber-sobre-reportar-un-accidente-automovilistico-en-georgia-300x169.jpg 300w\" sizes=\"(max-width: 500px) 100vw, 500px\" \/>Los accidentes automovil\u00edsticos son muy estresantes. Usted puede salir lastimado, y su coche podr\u00eda haber sufrido algunos da\u00f1os tambi\u00e9n. Aunque usted se encuentre abrumado por la situaci\u00f3n, es importante permanecer en la escena y contactar a la polic\u00eda.\u00a0 El estado de Georgia precisa que los conductores llamen al 911 despu\u00e9s de cualquier accidente, y deber\u00eda solicitar una ambulancia si alguien resulta herido. La polic\u00eda debe responder y completar un informe de accidente si hay lesiones, si parece haber m\u00e1s de $500 en da\u00f1os a un veh\u00edculo, o si uno de los conductores se lo pide. Si se trata de un accidente menor sin heridos o da\u00f1os graves, la polic\u00eda puede optar por no presentar un reporte. Sin embargo, es buena idea pedir un reporte. Usted debe tomar sus pasos para documentar el accidente por varias razones, pues resulta muy \u00fatil cuando se prepara para presentar una reclamaci\u00f3n a la aseguradora.<\/p>\n<p>El proceso de reclamo a la aseguradora tambi\u00e9n puede ser abrumador y complicado. El Abogado Ali Awad conoce a las compa\u00f1\u00edas de seguros y tiene la experiencia para luchar por su derecho legal a la compensaci\u00f3n. Le tom\u00f3 s\u00f3lo unos pocos a\u00f1os para convertir la firma de abogados CEO en una de las empresas de crecimiento m\u00e1s r\u00e1pido en el pa\u00eds. Si usted o un ser querido han sido heridos en un accidente, no espere \u2013 llame a la firma de abogados especializados en lesiones personales CEO Lawyer para una consulta gratuita de inmediato. No hay obligaci\u00f3n; si tomamos su caso, no nos debe nada hasta que lo ganemos por usted.<\/p>\n<h2>\u00bfCu\u00e1ndo Se Le Exige Por Ley Que Se Reporte Un Accidente?<\/h2>\n<p>Siempre es una buena idea reportar un accidente, pero en algunas situaciones, se requiere legalmente:<\/p>\n<ul>\n<li>Si se encuentra en un accidente dentro de los l\u00edmites de una ciudad que lo requiere.<\/li>\n<li>Si alguien resulta herido o muerto.<\/li>\n<li>Si los da\u00f1os a la propiedad son superiores a los 500 d\u00f3lares. (No lo calcule a ojo, lo que parece da\u00f1o menor puede ser m\u00e1s caro de lo que usted piensa. Lo mejor es simplemente reportar el accidente.)<\/li>\n<li>Cuando su compa\u00f1\u00eda de seguros lo requiere. (Tambi\u00e9n debe ponerse en contacto con su aseguradora para informarles sobre el accidente, incluso si no cree que fue culpable.)<\/li>\n<\/ul>\n<h2>C\u00f3mo Presentar un Reporte Policial Despu\u00e9s de un Accidente de Autom\u00f3vil<\/h2>\n<p><a href=\"https:\/\/ceolawyer.com\/personal-injury\/car-accident-lawyer\/\">Usted puede estar confundido o desorientado despu\u00e9s de su accidente de auto<\/a> Adem\u00e1s de llamar al 911 y reportar el accidente, Georgia no tiene requisitos espec\u00edficos para presentar un reporte policial despu\u00e9s de un accidente de auto. En la mayor\u00eda de los casos, el oficial completar\u00e1 el informe, y estar\u00e1 disponible para cualquier persona que desee una copia por un precio m\u00f3dico. Para obtener una, debe consultar con la agencia espec\u00edfica de\u00a0 ley que respondi\u00f3, ya sea el departamento de polic\u00eda de la ciudad o la oficina del alguacil del condado. Algunos pueden ofrecer los reportes en su sitio web, mientras que otros pueden enviarlos por correo. Si es conveniente, tambi\u00e9n puede recogerlo en persona. (Algunas ciudades pueden requerir que se recoja en persona). Por lo general, los precios son solamente alrededor de $5.<\/p>\n<h2>\u00bfSe Puede Usar El Reporte de Polic\u00eda en SU Contra Durante El Reclamo a la Aseguradora?<\/h2>\n<p>A menudo las personas se preocupan por esto.<a href=\"https:\/\/www.findlaw.com\/state\/georgia-law\/georgia-car-accident-report-basics.html\"> Bajo la ley estatal de Georgia, un reporte de accidente no puede ser usado contra usted en una demanda para cobrar da\u00f1os, ya sea uno propio o el que la contraparte presente<\/a>. Sin embargo, sigue siendo una buena idea abstenerse de decir que usted piensa que el accidente fue su culpa, incluso si lo cree. La otra parte puede escucharlo, y podr\u00eda crear problemas con su compa\u00f1\u00eda de seguros. Adem\u00e1s, aunque el informe no se puede usar en la corte, su compa\u00f1\u00eda de seguros puede usarlo para negar su reclamo. Mientras esto no sea v\u00e1lido en la corte, ellos saben que la mayor\u00eda de las reclamaciones llegan a un acuerdo fuera de la corte.<\/p>\n<p>Usted debe contestar las preguntas de los oficiales acerca de lo que sucedi\u00f3 honestamente, pero sea breve y evite especular acerca de la culpa. Hemos conocido a muchas personas que pensaban que ten\u00edan culpa pero estaban equivocadas.<\/p>\n<p>Esto tambi\u00e9n es complicado porque Georgia utiliza leyes comparativas de negligencia en casos de lesiones personales como accidentes de tr\u00e1fico. Con los estatutos comparativos de la negligencia, a ambas partes en un accidente de coche se les asigna un porcentaje de la culpa. Una persona asignada menos del 50 por ciento de la responsabilidad por el accidente puede cobrar los da\u00f1os de la parte asignada m\u00e1s del 50 por ciento de la responsabilidad. As\u00ed que incluso si usted cometi\u00f3 un error, puede ser que no sea enteramente culpable por el accidente o aun en mayor\u00eda culpable por ello. Esto podr\u00eda hacer la diferencia entre ser responsable de sus propios gastos y los gastos del otro conductor, y poder cobrar sus propios da\u00f1os.<\/p>\n<p>Una vez que haya recibido<a href=\"https:\/\/www.dot.ga.gov\/GDOT\/Pages\/CrashReporting.aspx\"> la copia del reporte de su accidente<\/a>, revisela detenidamente y aseg\u00farese de que es preciso. Si la polic\u00eda ha llegado a una conclusi\u00f3n sobre la culpa con la que usted no est\u00e1 de acuerdo, usted debe hablar con un abogado. No llame al departamento de polic\u00eda y discuta con ellos al respecto. Sin embargo, si hay alg\u00fan error de hecho en el reporte, usted debe informar a la polic\u00eda del mismo.<\/p>\n<h2>\u00bfQu\u00e9 Debo Decirle a Mi Compa\u00f1\u00eda de Seguros?<\/h2>\n<p>Lo menos posible, al menos hasta que haya tenido la oportunidad de hablar con un abogado de accidentes de autom\u00f3vil. Aunque usted debe informar a su asegurador sobre el accidente, usted puede ser breve, y no tiene que hablar con ellos inmediatamente despu\u00e9s del accidente, solo en el tiempo oportuno. Si puede, espere a hablar con ellos hasta despu\u00e9s de haber hablado con su abogado \u2013 especialmente si puede haber tenido alguna culpa en el accidente. Una vez m\u00e1s, esto no significa necesariamente que usted no puede cobrar da\u00f1os, pero si usted admite cualquier culpa al hablar con la compa\u00f1\u00eda de seguros, ellos podr\u00edan reclamar que fue principalmente culpable y utilizar eso como excusa para no pagar su reclamaci\u00f3n.<\/p>\n<h2>Una Vez Que Tenga Un Informe Policial, \u00bfDebo Presentar Una Reclamaci\u00f3n Con El Seguro de Autom\u00f3vil Del Otro Conductor?<\/h2>\n<p>Este es el siguiente paso si cree que el otro conductor fue principalmente culpable, pero debe consultar primero a un abogado de accidentes de autom\u00f3vil. Usted querr\u00e1 asegurarse de que todos sus da\u00f1os son tratados, ya que muchas personas pasan por alto algunos costos que deben ser cubiertos. Su abogado puede aconsejarle sobre cu\u00e1ndo presentar una reclamaci\u00f3n, especialmente si usted todav\u00eda est\u00e1 recibiendo tratamiento por sus lesiones.<\/p>\n<p>Si usted o un ser querido han sido lastimados en un accidente de autos, en la firma de abogados especializados en lesiones personales <a href=\"https:\/\/ceolawyer.com\/\">CEO Lawyer<\/a> estamos felices de poder proporcionarle una consulta gratis, sin obligaci\u00f3n sobre su reclamaci\u00f3n potencial. Consideraremos todas las p\u00f3lizas de seguro aplicables, as\u00ed como otras opciones para buscar compensaci\u00f3n. P\u00f3ngase en contacto con nosotros lo antes posible, para que podamos explicarle sus opciones y responder a cualquier pregunta que tenga.<\/p>\n","protected":false},"excerpt":{"rendered":"<p>Los accidentes automovil\u00edsticos son muy estresantes. Usted puede salir lastimado, y su coche podr\u00eda haber sufrido algunos da\u00f1os tambi\u00e9n. Aunque usted se encuentre abrumado por la situaci\u00f3n, es importante permanecer en la escena y contactar a la polic\u00eda.\u00a0 El estado de Georgia precisa que los conductores llamen al 911 despu\u00e9s de cualquier accidente, y deber\u00eda [&hellip;]<\/p>\n","protected":false},"author":22,"featured_media":11653,"parent":13289,"menu_order":0,"comment_status":"closed","ping_status":"closed","template":"","meta":{"_acf_changed":false,"footnotes":""},"class_list":["post-11652","page","type-page","status-publish","has-post-thumbnail","hentry"],"acf":[],"yoast_head":"<!-- This site is optimized with the Yoast SEO plugin v27.4 - https:\/\/yoast.com\/product\/yoast-seo-wordpress\/ -->\n<title>\u00bfQu\u00e9 Debo Saber Sobre Reportar un Accidente en Georgia? | CEO Lawyer<\/title>\n<meta name=\"description\" content=\"El CEO Lawyer puede ayudarlo con su informe de accidente automovil\u00edstico en Georgia. Llame al 833-254-2923.\" \/>\n<meta name=\"robots\" content=\"index, follow, max-snippet:-1, max-image-preview:large, max-video-preview:-1\" \/>\n<link rel=\"canonical\" href=\"https:\/\/ceolawyer.com\/espanol\/faq\/ley-de-georgia\/accidente-automovilistico\/que-debo-saber-sobre-reportar-un-accidente-automovilistico-en-georgia\/\" \/>\n<meta property=\"og:locale\" content=\"en_US\" \/>\n<meta property=\"og:type\" content=\"article\" \/>\n<meta property=\"og:title\" content=\"\u00bfQu\u00e9 Debo Saber Sobre Reportar un Accidente en Georgia? | CEO Lawyer\" \/>\n<meta property=\"og:description\" content=\"El CEO Lawyer puede ayudarlo con su informe de accidente automovil\u00edstico en Georgia. Llame al 833-254-2923.\" \/>\n<meta property=\"og:url\" content=\"https:\/\/ceolawyer.com\/espanol\/faq\/ley-de-georgia\/accidente-automovilistico\/que-debo-saber-sobre-reportar-un-accidente-automovilistico-en-georgia\/\" \/>\n<meta property=\"og:site_name\" content=\"CEO Lawyer\" \/>\n<meta property=\"article:modified_time\" content=\"2026-03-18T18:39:27+00:00\" \/>\n<meta property=\"og:image\" content=\"https:\/\/ceolawyer.com\/espanol\/wp-content\/uploads\/sites\/2\/2023\/02\/que-debo-saber-sobre-reportar-un-accidente-automovilistico-en-georgia.jpg\" \/>\n\t<meta property=\"og:image:width\" content=\"500\" \/>\n\t<meta property=\"og:image:height\" content=\"281\" \/>\n\t<meta property=\"og:image:type\" content=\"image\/jpeg\" \/>\n<meta name=\"twitter:card\" content=\"summary_large_image\" \/>\n<meta name=\"twitter:label1\" content=\"Est. reading time\" \/>\n\t<meta name=\"twitter:data1\" content=\"6 minutes\" \/>\n<script type=\"application\/ld+json\" class=\"yoast-schema-graph\">{\"@context\":\"https:\\\/\\\/schema.org\",\"@graph\":[{\"@type\":\"WebPage\",\"@id\":\"https:\\\/\\\/ceolawyer.com\\\/espanol\\\/faq\\\/ley-de-georgia\\\/accidente-automovilistico\\\/que-debo-saber-sobre-reportar-un-accidente-automovilistico-en-georgia\\\/\",\"url\":\"https:\\\/\\\/ceolawyer.com\\\/espanol\\\/faq\\\/ley-de-georgia\\\/accidente-automovilistico\\\/que-debo-saber-sobre-reportar-un-accidente-automovilistico-en-georgia\\\/\",\"name\":\"\u00bfQu\u00e9 Debo Saber Sobre Reportar un Accidente en Georgia? | CEO Lawyer\",\"isPartOf\":{\"@id\":\"https:\\\/\\\/ceolawyer.com\\\/espanol\\\/#website\"},\"primaryImageOfPage\":{\"@id\":\"https:\\\/\\\/ceolawyer.com\\\/espanol\\\/faq\\\/ley-de-georgia\\\/accidente-automovilistico\\\/que-debo-saber-sobre-reportar-un-accidente-automovilistico-en-georgia\\\/#primaryimage\"},\"image\":{\"@id\":\"https:\\\/\\\/ceolawyer.com\\\/espanol\\\/faq\\\/ley-de-georgia\\\/accidente-automovilistico\\\/que-debo-saber-sobre-reportar-un-accidente-automovilistico-en-georgia\\\/#primaryimage\"},\"thumbnailUrl\":\"https:\\\/\\\/ceolawyer.com\\\/espanol\\\/wp-content\\\/uploads\\\/sites\\\/2\\\/2023\\\/02\\\/que-debo-saber-sobre-reportar-un-accidente-automovilistico-en-georgia.jpg\",\"datePublished\":\"2023-02-23T16:12:45+00:00\",\"dateModified\":\"2026-03-18T18:39:27+00:00\",\"description\":\"El CEO Lawyer puede ayudarlo con su informe de accidente automovil\u00edstico en Georgia. Llame al 833-254-2923.\",\"breadcrumb\":{\"@id\":\"https:\\\/\\\/ceolawyer.com\\\/espanol\\\/faq\\\/ley-de-georgia\\\/accidente-automovilistico\\\/que-debo-saber-sobre-reportar-un-accidente-automovilistico-en-georgia\\\/#breadcrumb\"},\"inLanguage\":\"en-US\",\"potentialAction\":[{\"@type\":\"ReadAction\",\"target\":[\"https:\\\/\\\/ceolawyer.com\\\/espanol\\\/faq\\\/ley-de-georgia\\\/accidente-automovilistico\\\/que-debo-saber-sobre-reportar-un-accidente-automovilistico-en-georgia\\\/\"]}]},{\"@type\":\"ImageObject\",\"inLanguage\":\"en-US\",\"@id\":\"https:\\\/\\\/ceolawyer.com\\\/espanol\\\/faq\\\/ley-de-georgia\\\/accidente-automovilistico\\\/que-debo-saber-sobre-reportar-un-accidente-automovilistico-en-georgia\\\/#primaryimage\",\"url\":\"https:\\\/\\\/ceolawyer.com\\\/espanol\\\/wp-content\\\/uploads\\\/sites\\\/2\\\/2023\\\/02\\\/que-debo-saber-sobre-reportar-un-accidente-automovilistico-en-georgia.jpg\",\"contentUrl\":\"https:\\\/\\\/ceolawyer.com\\\/espanol\\\/wp-content\\\/uploads\\\/sites\\\/2\\\/2023\\\/02\\\/que-debo-saber-sobre-reportar-un-accidente-automovilistico-en-georgia.jpg\",\"width\":500,\"height\":281,\"caption\":\"Un hombre busca respuestas sobre c\u00f3mo denunciar un accidente automovil\u00edstico en Georgia.\"},{\"@type\":\"BreadcrumbList\",\"@id\":\"https:\\\/\\\/ceolawyer.com\\\/espanol\\\/faq\\\/ley-de-georgia\\\/accidente-automovilistico\\\/que-debo-saber-sobre-reportar-un-accidente-automovilistico-en-georgia\\\/#breadcrumb\",\"itemListElement\":[{\"@type\":\"ListItem\",\"position\":1,\"name\":\"Home\",\"item\":\"https:\\\/\\\/ceolawyer.com\\\/espanol\\\/\"},{\"@type\":\"ListItem\",\"position\":2,\"name\":\"FAQ\",\"item\":\"https:\\\/\\\/ceolawyer.com\\\/espanol\\\/faq\\\/\"},{\"@type\":\"ListItem\",\"position\":3,\"name\":\"Lesiones personales en Georgia FAQ\",\"item\":\"https:\\\/\\\/ceolawyer.com\\\/espanol\\\/faq\\\/ley-de-georgia\\\/\"},{\"@type\":\"ListItem\",\"position\":4,\"name\":\"\u00bfQu\u00e9 Debo Saber Sobre Reportar Un Accidente Automovil\u00edstico en Georgia?\"}]},{\"@type\":\"WebSite\",\"@id\":\"https:\\\/\\\/ceolawyer.com\\\/espanol\\\/#website\",\"url\":\"https:\\\/\\\/ceolawyer.com\\\/espanol\\\/\",\"name\":\"CEO Lawyer\",\"description\":\"Personal Injury Attorney\",\"publisher\":{\"@id\":\"https:\\\/\\\/ceolawyer.com\\\/espanol\\\/#organization\"},\"potentialAction\":[{\"@type\":\"SearchAction\",\"target\":{\"@type\":\"EntryPoint\",\"urlTemplate\":\"https:\\\/\\\/ceolawyer.com\\\/espanol\\\/?s={search_term_string}\"},\"query-input\":{\"@type\":\"PropertyValueSpecification\",\"valueRequired\":true,\"valueName\":\"search_term_string\"}}],\"inLanguage\":\"en-US\"},{\"@type\":\"Organization\",\"@id\":\"https:\\\/\\\/ceolawyer.com\\\/espanol\\\/#organization\",\"name\":\"CEO Lawyer\",\"url\":\"https:\\\/\\\/ceolawyer.com\\\/espanol\\\/\",\"logo\":{\"@type\":\"ImageObject\",\"inLanguage\":\"en-US\",\"@id\":\"https:\\\/\\\/ceolawyer.com\\\/espanol\\\/#\\\/schema\\\/logo\\\/image\\\/\",\"url\":\"https:\\\/\\\/ceolawyer.com\\\/espanol\\\/wp-content\\\/uploads\\\/sites\\\/2\\\/2022\\\/05\\\/CEO_Logo.png\",\"contentUrl\":\"https:\\\/\\\/ceolawyer.com\\\/espanol\\\/wp-content\\\/uploads\\\/sites\\\/2\\\/2022\\\/05\\\/CEO_Logo.png\",\"width\":200,\"height\":108,\"caption\":\"CEO Lawyer\"},\"image\":{\"@id\":\"https:\\\/\\\/ceolawyer.com\\\/espanol\\\/#\\\/schema\\\/logo\\\/image\\\/\"}}]}<\/script>\n<!-- \/ Yoast SEO plugin. -->","yoast_head_json":{"title":"\u00bfQu\u00e9 Debo Saber Sobre Reportar un Accidente en Georgia? | CEO Lawyer","description":"El CEO Lawyer puede ayudarlo con su informe de accidente automovil\u00edstico en Georgia. Llame al 833-254-2923.","robots":{"index":"index","follow":"follow","max-snippet":"max-snippet:-1","max-image-preview":"max-image-preview:large","max-video-preview":"max-video-preview:-1"},"canonical":"https:\/\/ceolawyer.com\/espanol\/faq\/ley-de-georgia\/accidente-automovilistico\/que-debo-saber-sobre-reportar-un-accidente-automovilistico-en-georgia\/","og_locale":"en_US","og_type":"article","og_title":"\u00bfQu\u00e9 Debo Saber Sobre Reportar un Accidente en Georgia? | CEO Lawyer","og_description":"El CEO Lawyer puede ayudarlo con su informe de accidente automovil\u00edstico en Georgia. Llame al 833-254-2923.","og_url":"https:\/\/ceolawyer.com\/espanol\/faq\/ley-de-georgia\/accidente-automovilistico\/que-debo-saber-sobre-reportar-un-accidente-automovilistico-en-georgia\/","og_site_name":"CEO Lawyer","article_modified_time":"2026-03-18T18:39:27+00:00","og_image":[{"width":500,"height":281,"url":"https:\/\/ceolawyer.com\/espanol\/wp-content\/uploads\/sites\/2\/2023\/02\/que-debo-saber-sobre-reportar-un-accidente-automovilistico-en-georgia.jpg","type":"image\/jpeg"}],"twitter_card":"summary_large_image","twitter_misc":{"Est. reading time":"6 minutes"},"schema":{"@context":"https:\/\/schema.org","@graph":[{"@type":"WebPage","@id":"https:\/\/ceolawyer.com\/espanol\/faq\/ley-de-georgia\/accidente-automovilistico\/que-debo-saber-sobre-reportar-un-accidente-automovilistico-en-georgia\/","url":"https:\/\/ceolawyer.com\/espanol\/faq\/ley-de-georgia\/accidente-automovilistico\/que-debo-saber-sobre-reportar-un-accidente-automovilistico-en-georgia\/","name":"\u00bfQu\u00e9 Debo Saber Sobre Reportar un Accidente en Georgia? | CEO Lawyer","isPartOf":{"@id":"https:\/\/ceolawyer.com\/espanol\/#website"},"primaryImageOfPage":{"@id":"https:\/\/ceolawyer.com\/espanol\/faq\/ley-de-georgia\/accidente-automovilistico\/que-debo-saber-sobre-reportar-un-accidente-automovilistico-en-georgia\/#primaryimage"},"image":{"@id":"https:\/\/ceolawyer.com\/espanol\/faq\/ley-de-georgia\/accidente-automovilistico\/que-debo-saber-sobre-reportar-un-accidente-automovilistico-en-georgia\/#primaryimage"},"thumbnailUrl":"https:\/\/ceolawyer.com\/espanol\/wp-content\/uploads\/sites\/2\/2023\/02\/que-debo-saber-sobre-reportar-un-accidente-automovilistico-en-georgia.jpg","datePublished":"2023-02-23T16:12:45+00:00","dateModified":"2026-03-18T18:39:27+00:00","description":"El CEO Lawyer puede ayudarlo con su informe de accidente automovil\u00edstico en Georgia. Llame al 833-254-2923.","breadcrumb":{"@id":"https:\/\/ceolawyer.com\/espanol\/faq\/ley-de-georgia\/accidente-automovilistico\/que-debo-saber-sobre-reportar-un-accidente-automovilistico-en-georgia\/#breadcrumb"},"inLanguage":"en-US","potentialAction":[{"@type":"ReadAction","target":["https:\/\/ceolawyer.com\/espanol\/faq\/ley-de-georgia\/accidente-automovilistico\/que-debo-saber-sobre-reportar-un-accidente-automovilistico-en-georgia\/"]}]},{"@type":"ImageObject","inLanguage":"en-US","@id":"https:\/\/ceolawyer.com\/espanol\/faq\/ley-de-georgia\/accidente-automovilistico\/que-debo-saber-sobre-reportar-un-accidente-automovilistico-en-georgia\/#primaryimage","url":"https:\/\/ceolawyer.com\/espanol\/wp-content\/uploads\/sites\/2\/2023\/02\/que-debo-saber-sobre-reportar-un-accidente-automovilistico-en-georgia.jpg","contentUrl":"https:\/\/ceolawyer.com\/espanol\/wp-content\/uploads\/sites\/2\/2023\/02\/que-debo-saber-sobre-reportar-un-accidente-automovilistico-en-georgia.jpg","width":500,"height":281,"caption":"Un hombre busca respuestas sobre c\u00f3mo denunciar un accidente automovil\u00edstico en Georgia."},{"@type":"BreadcrumbList","@id":"https:\/\/ceolawyer.com\/espanol\/faq\/ley-de-georgia\/accidente-automovilistico\/que-debo-saber-sobre-reportar-un-accidente-automovilistico-en-georgia\/#breadcrumb","itemListElement":[{"@type":"ListItem","position":1,"name":"Home","item":"https:\/\/ceolawyer.com\/espanol\/"},{"@type":"ListItem","position":2,"name":"FAQ","item":"https:\/\/ceolawyer.com\/espanol\/faq\/"},{"@type":"ListItem","position":3,"name":"Lesiones personales en Georgia FAQ","item":"https:\/\/ceolawyer.com\/espanol\/faq\/ley-de-georgia\/"},{"@type":"ListItem","position":4,"name":"\u00bfQu\u00e9 Debo Saber Sobre Reportar Un Accidente Automovil\u00edstico en Georgia?"}]},{"@type":"WebSite","@id":"https:\/\/ceolawyer.com\/espanol\/#website","url":"https:\/\/ceolawyer.com\/espanol\/","name":"CEO Lawyer","description":"Personal Injury Attorney","publisher":{"@id":"https:\/\/ceolawyer.com\/espanol\/#organization"},"potentialAction":[{"@type":"SearchAction","target":{"@type":"EntryPoint","urlTemplate":"https:\/\/ceolawyer.com\/espanol\/?s={search_term_string}"},"query-input":{"@type":"PropertyValueSpecification","valueRequired":true,"valueName":"search_term_string"}}],"inLanguage":"en-US"},{"@type":"Organization","@id":"https:\/\/ceolawyer.com\/espanol\/#organization","name":"CEO Lawyer","url":"https:\/\/ceolawyer.com\/espanol\/","logo":{"@type":"ImageObject","inLanguage":"en-US","@id":"https:\/\/ceolawyer.com\/espanol\/#\/schema\/logo\/image\/","url":"https:\/\/ceolawyer.com\/espanol\/wp-content\/uploads\/sites\/2\/2022\/05\/CEO_Logo.png","contentUrl":"https:\/\/ceolawyer.com\/espanol\/wp-content\/uploads\/sites\/2\/2022\/05\/CEO_Logo.png","width":200,"height":108,"caption":"CEO Lawyer"},"image":{"@id":"https:\/\/ceolawyer.com\/espanol\/#\/schema\/logo\/image\/"}}]}},"_links":{"self":[{"href":"https:\/\/ceolawyer.com\/espanol\/wp-json\/wp\/v2\/pages\/11652","targetHints":{"allow":["GET"]}}],"collection":[{"href":"https:\/\/ceolawyer.com\/espanol\/wp-json\/wp\/v2\/pages"}],"about":[{"href":"https:\/\/ceolawyer.com\/espanol\/wp-json\/wp\/v2\/types\/page"}],"author":[{"embeddable":true,"href":"https:\/\/ceolawyer.com\/espanol\/wp-json\/wp\/v2\/users\/22"}],"replies":[{"embeddable":true,"href":"https:\/\/ceolawyer.com\/espanol\/wp-json\/wp\/v2\/comments?post=11652"}],"version-history":[{"count":0,"href":"https:\/\/ceolawyer.com\/espanol\/wp-json\/wp\/v2\/pages\/11652\/revisions"}],"up":[{"embeddable":true,"href":"https:\/\/ceolawyer.com\/espanol\/wp-json\/wp\/v2\/pages\/13289"}],"wp:featuredmedia":[{"embeddable":true,"href":"https:\/\/ceolawyer.com\/espanol\/wp-json\/wp\/v2\/media\/11653"}],"wp:attachment":[{"href":"https:\/\/ceolawyer.com\/espanol\/wp-json\/wp\/v2\/media?parent=11652"}],"curies":[{"name":"wp","href":"https:\/\/api.w.org\/{rel}","templated":true}]}}