{"id":11656,"date":"2023-02-23T16:24:45","date_gmt":"2023-02-23T16:24:45","guid":{"rendered":"https:\/\/ceolawyer.com\/espanol\/?page_id=11656"},"modified":"2026-03-18T18:25:19","modified_gmt":"2026-03-18T18:25:19","slug":"lo-que-sucede-despues-de-un-accidente-con-un-conductor-sin-seguro","status":"publish","type":"page","link":"https:\/\/ceolawyer.com\/espanol\/faq\/ley-de-georgia\/accidente-automovilistico\/lo-que-sucede-despues-de-un-accidente-con-un-conductor-sin-seguro\/","title":{"rendered":"Lo Que Sucede Despu\u00e9s de Un Accidente Con Un Conductor Sin Seguro"},"content":{"rendered":"<p><img decoding=\"async\" class=\"alignright size-full wp-image-11657\" src=\"https:\/\/ceolawyer.com\/espanol\/wp-content\/uploads\/sites\/2\/2023\/02\/lo-que-sucede-despues-de-un-accidente-con-un-conductor-sin-seguro.jpg\" alt=\"Una mujer habla por tel\u00e9fono con la compa\u00f1\u00eda de seguros despu\u00e9s de un accidente con un conductor sin seguro.\" width=\"500\" height=\"318\" srcset=\"https:\/\/ceolawyer.com\/espanol\/wp-content\/uploads\/sites\/2\/2023\/02\/lo-que-sucede-despues-de-un-accidente-con-un-conductor-sin-seguro.jpg 500w, https:\/\/ceolawyer.com\/espanol\/wp-content\/uploads\/sites\/2\/2023\/02\/lo-que-sucede-despues-de-un-accidente-con-un-conductor-sin-seguro-300x191.jpg 300w\" sizes=\"(max-width: 500px) 100vw, 500px\" \/>Las consecuencias de cualquier accidente automovil\u00edstico pueden incluir lesiones, dolor, facturas m\u00e9dicas, costos de reparaci\u00f3n de autom\u00f3viles, falta de trabajo, y otras interrupciones en su vida. Pero un accidente de coche con un conductor sin seguro puede ser a\u00fan m\u00e1s angustioso, ya que no se sabe si o c\u00f3mo se puede obtener una compensaci\u00f3n por estas p\u00e9rdidas. Afortunadamente, algunas opciones est\u00e1n disponibles para usted, dependiendo de sus circunstancias.<\/p>\n<p>Un abogado de accidentes de autom\u00f3vil de Georgia puede arrojar un poco de luz sobre las posibilidades de su caso, as\u00ed como tomar medidas para ayudar a preservar sus derechos legales.<a href=\"https:\/\/ceolawyer.com\/what-to-do-after-a-car-accident\/\"> El abogado Ali Awad est\u00e1 comprometido a luchar por sus clientes despu\u00e9s de un accidente.<\/a> Hace apenas unos a\u00f1os, \u00e9l fund\u00f3 la firma de abogados especializados en lesiones personales CEO Lawyer y r\u00e1pidamente lo transform\u00f3 en uno de los despachos de abogados de m\u00e1s r\u00e1pido crecimiento en el pa\u00eds. Mientras tanto, el Sr. Awad toma el tiempo para dar entretenidos y pr\u00e1cticos consejos legales a m\u00e1s de un mill\u00f3n de seguidores en las redes sociales. Si usted tiene preocupaciones sobre ser lesionado en un accidente de coche, el mejor paso que puede tomar es contactar la firma de abogados especializados en lesiones personales CEO Lawyer para una consulta gratuita sobre su caso<\/p>\n<h2><b>\u00bfQu\u00e9 Hago Despu\u00e9s de Una Colisi\u00f3n Con Un Motorista Sin Seguro?<\/b><\/h2>\n<p><a href=\"https:\/\/www.findlaw.com\/state\/georgia-law\/georgia-negligence-laws.html\">Estar en un accidente debido a la negligencia de otra persona<\/a> es bastante frustrante por s\u00ed mismo. Usted puede ser lesionado, posiblemente hasta el punto de tener que faltar al trabajo, y sus cuentas no se van a pagar por s\u00ed mismas. Luego est\u00e1 el da\u00f1o a su coche, que tampoco es barato. Para muchas personas, la reacci\u00f3n autom\u00e1tica es sentir miedo y tensi\u00f3n pensando que tendr\u00e1 que pagar todos estos gastos. Pero trate de mantenerse tranquilo, y p\u00f3ngase en contacto con un abogado lo antes posible, porque todav\u00eda puede haber maneras de conseguir que algunos o todos sus da\u00f1os sean cubiertos. Echemos un vistazo a algunas posibilidades:<\/p>\n<h2><b>Cobertura de Motoristas Sin Seguro O Con Un Seguro Insuficiente: No Salga de Casa Sin \u00c9l<\/b><\/h2>\n<p>Nunca se sabe cu\u00e1ndo va a sufrir un accidente de carro, menos a\u00fan con un conductor sin seguro. La cobertura de motorista sin seguro y\/o con seguro insuficiente (UM\/UI) le ayuda a planificar cualquier contingencia, incluyendo la posibilidad de una colisi\u00f3n con un conductor sin seguro. Seg\u00fan el <a href=\"https:\/\/www.iii.org\/fact-statistic\/facts-statistics-uninsured-motorists\">Instituto de Informaci\u00f3n de Seguros<\/a>, m\u00e1s del 12 por ciento de los conductores de Georgia no tienen seguro, por lo que es esencial estar preparados.<\/p>\n<p>La cobertura de UM\/UI de su propia p\u00f3liza de seguro pagar\u00e1 por sus da\u00f1os hasta el l\u00edmite de la p\u00f3liza cuando tenga un accidente con un conductor sin seguro. Al igual que los requisitos de responsabilidad, las opciones de UM\/UI comienzan a $25,000 cada una por lesiones corporales y da\u00f1os a la propiedad, pero usted puede comprar una cantidad mayor de cobertura. Dependiendo del tipo espec\u00edfico de seguro de UM\/UI que haya comprado, puede o no cubrir sus da\u00f1os si el otro conductor no tiene seguro suficiente para cubrir todos sus costos.<\/p>\n<p>Muchas personas se sorprenden al enterarse todas las formas en que se puede aplicar el seguro de UM\/UI:<\/p>\n<ul>\n<li>\u00a0 Si usted es v\u00edctima de un conductor de choque y fuga y todos los esfuerzos para identificarlos y localizarlos han fallado, puede utilizar su cobertura de UM\/UI.<\/li>\n<li>\u00a0 El seguro UM\/UI funciona incluso si no se encuentra cerca de su coche cuando se produce el accidente. Por ejemplo, si usted es golpeado por un motorista sin seguro mientras cruza una calle o da un paseo en bicicleta, su cobertura de UM\/UI comenzar\u00e1.<\/li>\n<li>\u00a0 La mayor\u00eda de las p\u00f3lizas de seguro de UM\/UI lo cubren ampliamente a usted, a su c\u00f3nyuge, a otros miembros de la familia que viven en su domicilio y a cualquier persona que pida prestado su veh\u00edculo con su consentimiento.<\/li>\n<li>\u00a0 Los pasajeros de su coche tambi\u00e9n est\u00e1n cubiertos si sufren una lesi\u00f3n causada por un conductor sin seguro o con un seguro insuficiente.<\/li>\n<li>\u00a0 Una p\u00f3liza de UM\/UI \u201capilable\u201d entrar\u00e1 en vigor por da\u00f1os adicionales despu\u00e9s de que la p\u00f3liza del otro conductor haya pagado su l\u00edmite.<\/li>\n<\/ul>\n<h2><b>Otra Cobertura en Su Propio Seguro: Gastos M\u00e9dicos Y Accidentes<\/b><\/h2>\n<p>UM\/UI es un tipo muy valioso de seguro de autom\u00f3vil, pero dos tipos adicionales de cobertura pueden ayudar en un accidente de automovilista sin seguro: la cobertura de gastos m\u00e9dicos y accidentes.<\/p>\n<p>Cuando hablamos de estas opciones con los clientes, a menudo se confunden. Muchos se preguntan: \u201c\u00bfNo es eso lo que es el seguro de responsabilidad?\u201d<\/p>\n<p>Esta es una idea err\u00f3nea muy com\u00fan. Desafortunadamente, es f\u00e1cil esperar que la responsabilidad por lesiones personales cubra sus lesiones en un accidente automovil\u00edstico. Pero, de hecho, s\u00f3lo cubre su responsabilidad por las lesiones de otra persona y no tiene nada que ver con la suya propia. Lo mismo aplica para el seguro de responsabilidad por da\u00f1os a la propiedad &#8211; ninguna de estas p\u00f3lizas requeridas cubrir\u00e1 sus costos si un accidente es su culpa o es causado por un conductor sin seguro.<\/p>\n<p>Gastos m\u00e9dicos es un tipo de cobertura para sus facturas m\u00e9dicas si se lesiona en un accidente y no se aplica otra cobertura, y la cobertura de accidente hace lo mismo para las facturas de reparaci\u00f3n de autom\u00f3viles. Estas p\u00f3lizas no son requeridas por la ley, pero bien valen la pena si usted tiene cualquier tipo de accidente donde usted no puede coleccionar da\u00f1os de otro conductor \u2013 choques de un solo coche, accidentes donde usted es culpable, choques causados por la vida silvestre, choques de choque y fuga, y accidentes de motoristas sin seguro. Tambi\u00e9n puede \u201capilar\u201d gastos m\u00e9dicos sobre la cobertura de UM\/UI si tiene facturas m\u00e9dicas muy caras que no est\u00e1n cubiertas por UM\/UI.<\/p>\n<h2><b>Presentando Una Demanda<\/b><\/h2>\n<p>Esta es s\u00f3lo una opci\u00f3n en un peque\u00f1o porcentaje de accidentes de motoristas sin seguro. Aunque usted tiene el derecho legal de demandar directamente a un conductor sin seguro, en la mayor\u00eda de los casos, no es una buena soluci\u00f3n a su problema de gastos. La realidad es que muchas personas que carecen de seguro de coche no tienen ning\u00fan activo significativo que podr\u00edamos confiscar en una demanda, por lo que s\u00f3lo gastar\u00edan tiempo y dinero para, en \u00faltima instancia, no recibir nada.<\/p>\n<p>Sin embargo, hay algunas situaciones muy poco comunes en las que el conductor puede tener activos, pero simplemente se olvid\u00f3 o pas\u00f3 por alto su cobertura de seguro por alguna raz\u00f3n. En unos pocos casos, encontramos que otros terceros pueden tener alguna responsabilidad en las lesiones del cliente, como el fabricante de una bolsa de aire o sistema de frenos defectuoso. En una de estas situaciones, puede tener sentido proceder con una demanda.<\/p>\n<h2><b>P\u00f3ngase en Contacto Con la Firma de Abogados de Lesiones Personales CEO Lawyer<\/b><\/h2>\n<p>Si usted o un ser querido han sido lesionados por las acciones de un conductor sin seguro o con un seguro insuficiente, p\u00f3ngase en contacto con la firma de abogados de lesiones personales CEO Lawyer inmediatamente para <a href=\"https:\/\/ceolawyer.com\/contact-us\/\">una consulta gratuita y sin obligaci\u00f3n<\/a>. Revisaremos las opciones disponibles en su caso y responderemos a cualquier pregunta que tenga. Si tomamos su caso, comenzaremos a buscar compensaci\u00f3n para que pueda volver a ponerse en pie, y no le cobramos ning\u00fan cargo hasta que lleguemos a un acuerdo.<\/p>\n","protected":false},"excerpt":{"rendered":"<p>Las consecuencias de cualquier accidente automovil\u00edstico pueden incluir lesiones, dolor, facturas m\u00e9dicas, costos de reparaci\u00f3n de autom\u00f3viles, falta de trabajo, y otras interrupciones en su vida. Pero un accidente de coche con un conductor sin seguro puede ser a\u00fan m\u00e1s angustioso, ya que no se sabe si o c\u00f3mo se puede obtener una compensaci\u00f3n por [&hellip;]<\/p>\n","protected":false},"author":22,"featured_media":11657,"parent":13289,"menu_order":0,"comment_status":"closed","ping_status":"closed","template":"","meta":{"_acf_changed":false,"footnotes":""},"class_list":["post-11656","page","type-page","status-publish","has-post-thumbnail","hentry"],"acf":[],"yoast_head":"<!-- This site is optimized with the Yoast SEO plugin v27.4 - https:\/\/yoast.com\/product\/yoast-seo-wordpress\/ -->\n<title>\u00bfQu\u00e9 Pasa Despu\u00e9s de un Accidente con un Conductor sin Seguro? | CEO Lawyer<\/title>\n<meta name=\"description\" content=\"Llame al CEO Lawyer Abogados de Accidentes para obtener ayuda despu\u00e9s de un accidente con un conductor sin seguro al 833-254-2923.\" \/>\n<meta name=\"robots\" content=\"index, follow, max-snippet:-1, max-image-preview:large, max-video-preview:-1\" \/>\n<link rel=\"canonical\" href=\"https:\/\/ceolawyer.com\/espanol\/faq\/ley-de-georgia\/accidente-automovilistico\/lo-que-sucede-despues-de-un-accidente-con-un-conductor-sin-seguro\/\" \/>\n<meta property=\"og:locale\" content=\"en_US\" \/>\n<meta property=\"og:type\" content=\"article\" \/>\n<meta property=\"og:title\" content=\"\u00bfQu\u00e9 Pasa Despu\u00e9s de un Accidente con un Conductor sin Seguro? | CEO Lawyer\" \/>\n<meta property=\"og:description\" content=\"Llame al CEO Lawyer Abogados de Accidentes para obtener ayuda despu\u00e9s de un accidente con un conductor sin seguro al 833-254-2923.\" \/>\n<meta property=\"og:url\" content=\"https:\/\/ceolawyer.com\/espanol\/faq\/ley-de-georgia\/accidente-automovilistico\/lo-que-sucede-despues-de-un-accidente-con-un-conductor-sin-seguro\/\" \/>\n<meta property=\"og:site_name\" content=\"CEO Lawyer\" \/>\n<meta property=\"article:modified_time\" content=\"2026-03-18T18:25:19+00:00\" \/>\n<meta property=\"og:image\" content=\"https:\/\/ceolawyer.com\/espanol\/wp-content\/uploads\/sites\/2\/2023\/02\/lo-que-sucede-despues-de-un-accidente-con-un-conductor-sin-seguro.jpg\" \/>\n\t<meta property=\"og:image:width\" content=\"500\" \/>\n\t<meta property=\"og:image:height\" content=\"318\" \/>\n\t<meta property=\"og:image:type\" content=\"image\/jpeg\" \/>\n<meta name=\"twitter:card\" content=\"summary_large_image\" \/>\n<meta name=\"twitter:label1\" content=\"Est. reading time\" \/>\n\t<meta name=\"twitter:data1\" content=\"6 minutes\" \/>\n<script type=\"application\/ld+json\" class=\"yoast-schema-graph\">{\"@context\":\"https:\\\/\\\/schema.org\",\"@graph\":[{\"@type\":\"WebPage\",\"@id\":\"https:\\\/\\\/ceolawyer.com\\\/espanol\\\/faq\\\/ley-de-georgia\\\/accidente-automovilistico\\\/lo-que-sucede-despues-de-un-accidente-con-un-conductor-sin-seguro\\\/\",\"url\":\"https:\\\/\\\/ceolawyer.com\\\/espanol\\\/faq\\\/ley-de-georgia\\\/accidente-automovilistico\\\/lo-que-sucede-despues-de-un-accidente-con-un-conductor-sin-seguro\\\/\",\"name\":\"\u00bfQu\u00e9 Pasa Despu\u00e9s de un Accidente con un Conductor sin Seguro? | CEO Lawyer\",\"isPartOf\":{\"@id\":\"https:\\\/\\\/ceolawyer.com\\\/espanol\\\/#website\"},\"primaryImageOfPage\":{\"@id\":\"https:\\\/\\\/ceolawyer.com\\\/espanol\\\/faq\\\/ley-de-georgia\\\/accidente-automovilistico\\\/lo-que-sucede-despues-de-un-accidente-con-un-conductor-sin-seguro\\\/#primaryimage\"},\"image\":{\"@id\":\"https:\\\/\\\/ceolawyer.com\\\/espanol\\\/faq\\\/ley-de-georgia\\\/accidente-automovilistico\\\/lo-que-sucede-despues-de-un-accidente-con-un-conductor-sin-seguro\\\/#primaryimage\"},\"thumbnailUrl\":\"https:\\\/\\\/ceolawyer.com\\\/espanol\\\/wp-content\\\/uploads\\\/sites\\\/2\\\/2023\\\/02\\\/lo-que-sucede-despues-de-un-accidente-con-un-conductor-sin-seguro.jpg\",\"datePublished\":\"2023-02-23T16:24:45+00:00\",\"dateModified\":\"2026-03-18T18:25:19+00:00\",\"description\":\"Llame al CEO Lawyer Abogados de Accidentes para obtener ayuda despu\u00e9s de un accidente con un conductor sin seguro al 833-254-2923.\",\"breadcrumb\":{\"@id\":\"https:\\\/\\\/ceolawyer.com\\\/espanol\\\/faq\\\/ley-de-georgia\\\/accidente-automovilistico\\\/lo-que-sucede-despues-de-un-accidente-con-un-conductor-sin-seguro\\\/#breadcrumb\"},\"inLanguage\":\"en-US\",\"potentialAction\":[{\"@type\":\"ReadAction\",\"target\":[\"https:\\\/\\\/ceolawyer.com\\\/espanol\\\/faq\\\/ley-de-georgia\\\/accidente-automovilistico\\\/lo-que-sucede-despues-de-un-accidente-con-un-conductor-sin-seguro\\\/\"]}]},{\"@type\":\"ImageObject\",\"inLanguage\":\"en-US\",\"@id\":\"https:\\\/\\\/ceolawyer.com\\\/espanol\\\/faq\\\/ley-de-georgia\\\/accidente-automovilistico\\\/lo-que-sucede-despues-de-un-accidente-con-un-conductor-sin-seguro\\\/#primaryimage\",\"url\":\"https:\\\/\\\/ceolawyer.com\\\/espanol\\\/wp-content\\\/uploads\\\/sites\\\/2\\\/2023\\\/02\\\/lo-que-sucede-despues-de-un-accidente-con-un-conductor-sin-seguro.jpg\",\"contentUrl\":\"https:\\\/\\\/ceolawyer.com\\\/espanol\\\/wp-content\\\/uploads\\\/sites\\\/2\\\/2023\\\/02\\\/lo-que-sucede-despues-de-un-accidente-con-un-conductor-sin-seguro.jpg\",\"width\":500,\"height\":318,\"caption\":\"Una mujer habla por tel\u00e9fono con la compa\u00f1\u00eda de seguros despu\u00e9s de un accidente con un conductor sin seguro.\"},{\"@type\":\"BreadcrumbList\",\"@id\":\"https:\\\/\\\/ceolawyer.com\\\/espanol\\\/faq\\\/ley-de-georgia\\\/accidente-automovilistico\\\/lo-que-sucede-despues-de-un-accidente-con-un-conductor-sin-seguro\\\/#breadcrumb\",\"itemListElement\":[{\"@type\":\"ListItem\",\"position\":1,\"name\":\"Home\",\"item\":\"https:\\\/\\\/ceolawyer.com\\\/espanol\\\/\"},{\"@type\":\"ListItem\",\"position\":2,\"name\":\"FAQ\",\"item\":\"https:\\\/\\\/ceolawyer.com\\\/espanol\\\/faq\\\/\"},{\"@type\":\"ListItem\",\"position\":3,\"name\":\"Lesiones personales en Georgia FAQ\",\"item\":\"https:\\\/\\\/ceolawyer.com\\\/espanol\\\/faq\\\/ley-de-georgia\\\/\"},{\"@type\":\"ListItem\",\"position\":4,\"name\":\"Lo Que Sucede Despu\u00e9s de Un Accidente Con Un Conductor Sin Seguro\"}]},{\"@type\":\"WebSite\",\"@id\":\"https:\\\/\\\/ceolawyer.com\\\/espanol\\\/#website\",\"url\":\"https:\\\/\\\/ceolawyer.com\\\/espanol\\\/\",\"name\":\"CEO Lawyer\",\"description\":\"Personal Injury Attorney\",\"publisher\":{\"@id\":\"https:\\\/\\\/ceolawyer.com\\\/espanol\\\/#organization\"},\"potentialAction\":[{\"@type\":\"SearchAction\",\"target\":{\"@type\":\"EntryPoint\",\"urlTemplate\":\"https:\\\/\\\/ceolawyer.com\\\/espanol\\\/?s={search_term_string}\"},\"query-input\":{\"@type\":\"PropertyValueSpecification\",\"valueRequired\":true,\"valueName\":\"search_term_string\"}}],\"inLanguage\":\"en-US\"},{\"@type\":\"Organization\",\"@id\":\"https:\\\/\\\/ceolawyer.com\\\/espanol\\\/#organization\",\"name\":\"CEO Lawyer\",\"url\":\"https:\\\/\\\/ceolawyer.com\\\/espanol\\\/\",\"logo\":{\"@type\":\"ImageObject\",\"inLanguage\":\"en-US\",\"@id\":\"https:\\\/\\\/ceolawyer.com\\\/espanol\\\/#\\\/schema\\\/logo\\\/image\\\/\",\"url\":\"https:\\\/\\\/ceolawyer.com\\\/espanol\\\/wp-content\\\/uploads\\\/sites\\\/2\\\/2022\\\/05\\\/CEO_Logo.png\",\"contentUrl\":\"https:\\\/\\\/ceolawyer.com\\\/espanol\\\/wp-content\\\/uploads\\\/sites\\\/2\\\/2022\\\/05\\\/CEO_Logo.png\",\"width\":200,\"height\":108,\"caption\":\"CEO Lawyer\"},\"image\":{\"@id\":\"https:\\\/\\\/ceolawyer.com\\\/espanol\\\/#\\\/schema\\\/logo\\\/image\\\/\"}}]}<\/script>\n<!-- \/ Yoast SEO plugin. -->","yoast_head_json":{"title":"\u00bfQu\u00e9 Pasa Despu\u00e9s de un Accidente con un Conductor sin Seguro? | CEO Lawyer","description":"Llame al CEO Lawyer Abogados de Accidentes para obtener ayuda despu\u00e9s de un accidente con un conductor sin seguro al 833-254-2923.","robots":{"index":"index","follow":"follow","max-snippet":"max-snippet:-1","max-image-preview":"max-image-preview:large","max-video-preview":"max-video-preview:-1"},"canonical":"https:\/\/ceolawyer.com\/espanol\/faq\/ley-de-georgia\/accidente-automovilistico\/lo-que-sucede-despues-de-un-accidente-con-un-conductor-sin-seguro\/","og_locale":"en_US","og_type":"article","og_title":"\u00bfQu\u00e9 Pasa Despu\u00e9s de un Accidente con un Conductor sin Seguro? | CEO Lawyer","og_description":"Llame al CEO Lawyer Abogados de Accidentes para obtener ayuda despu\u00e9s de un accidente con un conductor sin seguro al 833-254-2923.","og_url":"https:\/\/ceolawyer.com\/espanol\/faq\/ley-de-georgia\/accidente-automovilistico\/lo-que-sucede-despues-de-un-accidente-con-un-conductor-sin-seguro\/","og_site_name":"CEO Lawyer","article_modified_time":"2026-03-18T18:25:19+00:00","og_image":[{"width":500,"height":318,"url":"https:\/\/ceolawyer.com\/espanol\/wp-content\/uploads\/sites\/2\/2023\/02\/lo-que-sucede-despues-de-un-accidente-con-un-conductor-sin-seguro.jpg","type":"image\/jpeg"}],"twitter_card":"summary_large_image","twitter_misc":{"Est. reading time":"6 minutes"},"schema":{"@context":"https:\/\/schema.org","@graph":[{"@type":"WebPage","@id":"https:\/\/ceolawyer.com\/espanol\/faq\/ley-de-georgia\/accidente-automovilistico\/lo-que-sucede-despues-de-un-accidente-con-un-conductor-sin-seguro\/","url":"https:\/\/ceolawyer.com\/espanol\/faq\/ley-de-georgia\/accidente-automovilistico\/lo-que-sucede-despues-de-un-accidente-con-un-conductor-sin-seguro\/","name":"\u00bfQu\u00e9 Pasa Despu\u00e9s de un Accidente con un Conductor sin Seguro? | CEO Lawyer","isPartOf":{"@id":"https:\/\/ceolawyer.com\/espanol\/#website"},"primaryImageOfPage":{"@id":"https:\/\/ceolawyer.com\/espanol\/faq\/ley-de-georgia\/accidente-automovilistico\/lo-que-sucede-despues-de-un-accidente-con-un-conductor-sin-seguro\/#primaryimage"},"image":{"@id":"https:\/\/ceolawyer.com\/espanol\/faq\/ley-de-georgia\/accidente-automovilistico\/lo-que-sucede-despues-de-un-accidente-con-un-conductor-sin-seguro\/#primaryimage"},"thumbnailUrl":"https:\/\/ceolawyer.com\/espanol\/wp-content\/uploads\/sites\/2\/2023\/02\/lo-que-sucede-despues-de-un-accidente-con-un-conductor-sin-seguro.jpg","datePublished":"2023-02-23T16:24:45+00:00","dateModified":"2026-03-18T18:25:19+00:00","description":"Llame al CEO Lawyer Abogados de Accidentes para obtener ayuda despu\u00e9s de un accidente con un conductor sin seguro al 833-254-2923.","breadcrumb":{"@id":"https:\/\/ceolawyer.com\/espanol\/faq\/ley-de-georgia\/accidente-automovilistico\/lo-que-sucede-despues-de-un-accidente-con-un-conductor-sin-seguro\/#breadcrumb"},"inLanguage":"en-US","potentialAction":[{"@type":"ReadAction","target":["https:\/\/ceolawyer.com\/espanol\/faq\/ley-de-georgia\/accidente-automovilistico\/lo-que-sucede-despues-de-un-accidente-con-un-conductor-sin-seguro\/"]}]},{"@type":"ImageObject","inLanguage":"en-US","@id":"https:\/\/ceolawyer.com\/espanol\/faq\/ley-de-georgia\/accidente-automovilistico\/lo-que-sucede-despues-de-un-accidente-con-un-conductor-sin-seguro\/#primaryimage","url":"https:\/\/ceolawyer.com\/espanol\/wp-content\/uploads\/sites\/2\/2023\/02\/lo-que-sucede-despues-de-un-accidente-con-un-conductor-sin-seguro.jpg","contentUrl":"https:\/\/ceolawyer.com\/espanol\/wp-content\/uploads\/sites\/2\/2023\/02\/lo-que-sucede-despues-de-un-accidente-con-un-conductor-sin-seguro.jpg","width":500,"height":318,"caption":"Una mujer habla por tel\u00e9fono con la compa\u00f1\u00eda de seguros despu\u00e9s de un accidente con un conductor sin seguro."},{"@type":"BreadcrumbList","@id":"https:\/\/ceolawyer.com\/espanol\/faq\/ley-de-georgia\/accidente-automovilistico\/lo-que-sucede-despues-de-un-accidente-con-un-conductor-sin-seguro\/#breadcrumb","itemListElement":[{"@type":"ListItem","position":1,"name":"Home","item":"https:\/\/ceolawyer.com\/espanol\/"},{"@type":"ListItem","position":2,"name":"FAQ","item":"https:\/\/ceolawyer.com\/espanol\/faq\/"},{"@type":"ListItem","position":3,"name":"Lesiones personales en Georgia FAQ","item":"https:\/\/ceolawyer.com\/espanol\/faq\/ley-de-georgia\/"},{"@type":"ListItem","position":4,"name":"Lo Que Sucede Despu\u00e9s de Un Accidente Con Un Conductor Sin Seguro"}]},{"@type":"WebSite","@id":"https:\/\/ceolawyer.com\/espanol\/#website","url":"https:\/\/ceolawyer.com\/espanol\/","name":"CEO Lawyer","description":"Personal Injury Attorney","publisher":{"@id":"https:\/\/ceolawyer.com\/espanol\/#organization"},"potentialAction":[{"@type":"SearchAction","target":{"@type":"EntryPoint","urlTemplate":"https:\/\/ceolawyer.com\/espanol\/?s={search_term_string}"},"query-input":{"@type":"PropertyValueSpecification","valueRequired":true,"valueName":"search_term_string"}}],"inLanguage":"en-US"},{"@type":"Organization","@id":"https:\/\/ceolawyer.com\/espanol\/#organization","name":"CEO Lawyer","url":"https:\/\/ceolawyer.com\/espanol\/","logo":{"@type":"ImageObject","inLanguage":"en-US","@id":"https:\/\/ceolawyer.com\/espanol\/#\/schema\/logo\/image\/","url":"https:\/\/ceolawyer.com\/espanol\/wp-content\/uploads\/sites\/2\/2022\/05\/CEO_Logo.png","contentUrl":"https:\/\/ceolawyer.com\/espanol\/wp-content\/uploads\/sites\/2\/2022\/05\/CEO_Logo.png","width":200,"height":108,"caption":"CEO Lawyer"},"image":{"@id":"https:\/\/ceolawyer.com\/espanol\/#\/schema\/logo\/image\/"}}]}},"_links":{"self":[{"href":"https:\/\/ceolawyer.com\/espanol\/wp-json\/wp\/v2\/pages\/11656","targetHints":{"allow":["GET"]}}],"collection":[{"href":"https:\/\/ceolawyer.com\/espanol\/wp-json\/wp\/v2\/pages"}],"about":[{"href":"https:\/\/ceolawyer.com\/espanol\/wp-json\/wp\/v2\/types\/page"}],"author":[{"embeddable":true,"href":"https:\/\/ceolawyer.com\/espanol\/wp-json\/wp\/v2\/users\/22"}],"replies":[{"embeddable":true,"href":"https:\/\/ceolawyer.com\/espanol\/wp-json\/wp\/v2\/comments?post=11656"}],"version-history":[{"count":0,"href":"https:\/\/ceolawyer.com\/espanol\/wp-json\/wp\/v2\/pages\/11656\/revisions"}],"up":[{"embeddable":true,"href":"https:\/\/ceolawyer.com\/espanol\/wp-json\/wp\/v2\/pages\/13289"}],"wp:featuredmedia":[{"embeddable":true,"href":"https:\/\/ceolawyer.com\/espanol\/wp-json\/wp\/v2\/media\/11657"}],"wp:attachment":[{"href":"https:\/\/ceolawyer.com\/espanol\/wp-json\/wp\/v2\/media?parent=11656"}],"curies":[{"name":"wp","href":"https:\/\/api.w.org\/{rel}","templated":true}]}}