{"id":11658,"date":"2023-02-23T17:01:36","date_gmt":"2023-02-23T17:01:36","guid":{"rendered":"https:\/\/ceolawyer.com\/espanol\/?page_id=11658"},"modified":"2026-03-18T18:20:56","modified_gmt":"2026-03-18T18:20:56","slug":"el-seguro-por-responsabilidad-cubre-mi-auto-si-alguien-me-golpea","status":"publish","type":"page","link":"https:\/\/ceolawyer.com\/espanol\/faq\/ley-de-georgia\/accidente-automovilistico\/el-seguro-por-responsabilidad-cubre-mi-auto-si-alguien-me-golpea\/","title":{"rendered":"\u00bfEl seguro por responsabilidad cubre mi auto si alguien me golpea?"},"content":{"rendered":"<p><img decoding=\"async\" class=\"alignright size-full wp-image-11659\" src=\"https:\/\/ceolawyer.com\/espanol\/wp-content\/uploads\/sites\/2\/2023\/02\/el-seguro-por-responsabilidad-cubre-mi-auto-si-alguien-me-golpea.jpg\" alt=\"Un autom\u00f3vil con seguro de responsabilidad civil solamente es golpeado lateralmente por otro autom\u00f3vil.\" width=\"500\" height=\"362\" srcset=\"https:\/\/ceolawyer.com\/espanol\/wp-content\/uploads\/sites\/2\/2023\/02\/el-seguro-por-responsabilidad-cubre-mi-auto-si-alguien-me-golpea.jpg 500w, https:\/\/ceolawyer.com\/espanol\/wp-content\/uploads\/sites\/2\/2023\/02\/el-seguro-por-responsabilidad-cubre-mi-auto-si-alguien-me-golpea-300x217.jpg 300w\" sizes=\"(max-width: 500px) 100vw, 500px\" \/>Desafortunadamente, no. \u201cResponsabilidad\u201d en este contexto se refiere a su responsabilidad por los da\u00f1os de otra persona si usted causa un accidente. As\u00ed que si el accidente fue su culpa (o por lo menos la mayor\u00eda de su culpa), su seguro de responsabilidad pagar\u00eda los gastos m\u00e9dicos y los costos de reparaci\u00f3n del coche para las personas en el otro coche. No cubrir\u00e1 sus propios gastos de atenci\u00f3n m\u00e9dica o da\u00f1os a la propiedad. (Hay otros tipos de seguros que cubren estas cosas, pero a diferencia del seguro de responsabilidad, no son necesarios, por lo que no todos los tienen.) Si el accidente fue culpa del otro conductor, entonces su seguro de responsabilidad debe cubrir sus costos de la misma manera.<\/p>\n<p>Si ha tenido un accidente y est\u00e1 teniendo dificultades para obtener cobertura de seguro para sus costos, no est\u00e1 solo. Las compa\u00f1\u00edas de seguros no siempre est\u00e1n dispuestas a pagar las reclamaciones, ni siquiera cuando deber\u00edan hacerlo. Pueden hacer excusas por qu\u00e9 su reclamaci\u00f3n no est\u00e1 cubierta, dej\u00e1ndole frustrado y pregunt\u00e1ndose c\u00f3mo pagar sus cuentas. Lo que usted necesita es un abogado con experiencia en accidentes de autom\u00f3vil para representar sus intereses y recordarle a la compa\u00f1\u00eda de seguros de sus obligaciones.<\/p>\n<p>El abogado Ali Awad se especializa en conseguir que la compa\u00f1\u00eda de seguros pague las reclamaciones, y fund\u00f3 la firma de abogados especializada en lesiones personales CEO Lawyer para ayudar a las v\u00edctimas de accidentes a obtener lo que se les debe. R\u00e1pidamente creci\u00f3 hasta convertirse en uno de los despachos de abogados de m\u00e1s r\u00e1pido crecimiento en el pa\u00eds. Cuando no est\u00e1 luchando por clientes, Awad ofrece consejos legales a m\u00e1s de un mill\u00f3n de seguidores en las redes sociales. Si usted tiene un mont\u00f3n de facturas de accidente que no puede pagar, por favor contacte a la firma de abogados especializada en lesiones personales CEO Lawyer para una revisi\u00f3n gratuita de su caso.<\/p>\n<h2>\u00bfQu\u00e9 Cubre El Seguro de Responsabilidad?<\/h2>\n<p><a href=\"https:\/\/oci.georgia.gov\/insurance-resources\/auto\">El seguro de responsabilidad<\/a> cubre dos categor\u00edas de da\u00f1os: lesiones corporales y da\u00f1os a la propiedad. El requisito m\u00ednimo estatal es de $25,000 en cobertura para cada uno, aunque hay disponibles p\u00f3lizas m\u00e1s grandes. Tan si el conductor que le golpe\u00f3 era por lo menos la mayor\u00eda responsable de su accidente, su seguro de la responsabilidad debe pagar sus demandas hasta el l\u00edmite de la p\u00f3liza.<\/p>\n<p>La responsabilidad por lesiones corporales cubre los costos m\u00e9dicos y otros gastos relacionados con sus lesiones. Esto incluye atenci\u00f3n de pacientes internos y externos, visitas de seguimiento, terapia f\u00edsica u ocupacional, prescripciones y otro tratamiento para ayudarle a volver a ponerse de pie. Pero tambi\u00e9n cubre los gastos de viaje para ver a un m\u00e9dico que no est\u00e1 en su vecindario, ayudas de movilidad como una silla de ruedas o bast\u00f3n, equipo de ejercicio necesario para la pr\u00e1ctica de fisioterapia que usted hace en casa, etc. Tanto el dolor mental y f\u00edsico como los da\u00f1os que sufren son tambi\u00e9n parte de la mayor\u00eda de las p\u00f3lizas de responsabilidad por lesiones corporales, como los da\u00f1os por incapacidad permanente o desfiguraci\u00f3n.<\/p>\n<p>La responsabilidad por da\u00f1os a la propiedad se utiliza con mayor frecuencia para los costos de reparaci\u00f3n de un veh\u00edculo da\u00f1ado. Sin embargo, tambi\u00e9n puede cubrir da\u00f1os a otras propiedades personales como un tel\u00e9fono, una computadora port\u00e1til u otros art\u00edculos caros que estaban en el veh\u00edculo con usted cuando se produjo el accidente. Tambi\u00e9n puede cubrir su bicicleta si lo golpearon mientras\u00a0 la montaba.<\/p>\n<h2>\u00bfQu\u00e9 Significa \u201cMayormente Culpable\u201d en Un Caso de Accidente de Tr\u00e1nsito?<\/h2>\n<p>Esta distinci\u00f3n se hace bajo <a href=\"https:\/\/law.justia.com\/codes\/georgia\/2010\/title-51\/chapter-12\/article-2\/51-12-33\">los estatutos de negligencia comparativa en Georgia<\/a>, que permiten la posibilidad de que algunos accidentes son causados conjuntamente por ambos conductores. A cada conductor se le puede asignar cualquier porcentaje de la culpa del 0 al 100 por ciento. En algunos casos, puede ser 100 por ciento la responsabilidad de un conductor. Pero en muchos otros accidentes, cada parte cometi\u00f3 al menos un error que contribuy\u00f3 al accidente.<\/p>\n<p>Seg\u00fan las leyes estatales de negligencia comparativa, la parte culpable de m\u00e1s del 50 por ciento no puede cobrar da\u00f1os al segundo conductor. Esto es lo que queremos decir con \u201cmayormente culpable\u201d. El conductor que fue menos del 50 por ciento culpable puede recoger los da\u00f1os, pero estos se reducir\u00e1n en el porcentaje de la culpa que se les dio. Como se puede imaginar, cuanto menos culpa seas responsable, mejor estar\u00e1 con su demanda.<\/p>\n<p>No es sorpresa, que a menudo los ajustadores de seguros y conductores intenten explotar esta ley alegando que usted era mayormente culpable. A veces logran convencer a la gente que ten\u00eda poca o ninguna responsabilidad en un accidente, que si era principalmente culpa de ellos. Hemos hablado con personas que estaban convencidas de que causaron una colisi\u00f3n, cuando s\u00f3lo cometieron un error menor que tuvo poca o ninguna influencia en el accidente ocurrido. No deje que esto le suceda. Hable con un abogado de accidentes de autom\u00f3vil antes de hablar con la compa\u00f1\u00eda de seguros.<\/p>\n<h2>\u00bfQu\u00e9 Pasa Si El Otro Conductor No Ten\u00eda Seguro Por Responsabilidad?<\/h2>\n<p>La respuesta ideal es, \u201csu cobertura de motorista sin seguro se encargar\u00e1 de ello\u201d. Sin embargo, si usted no tiene cobertura de motorista sin seguro, sus opciones se reducir\u00e1n considerablemente. O, si usted tuvo lesiones severas y cuentas m\u00e9dicas extremadamente altas con una p\u00f3liza con cobertura m\u00ednima de motorista sin seguro, sus da\u00f1os pueden ser mucho m\u00e1s que su cobertura de motorista sin seguro\/sin seguro (UM\/UI).<\/p>\n<p>Si una de estas situaciones es el caso, buscaremos si tiene cobertura accidentes o gastos m\u00e9dicos, ya que tambi\u00e9n pueden entrar cuando el seguro por responsabilidad\u00a0 del otro conductor le falta o no existe. La cobertura de gastos m\u00e9dicos se encarga de sus cuentas m\u00e9dicas en un accidente, sin importar la culpa. Usted puede usarlo si usted caus\u00f3 el accidente, si tuvo un encuentro con un venado u otro animal, o si usted fue golpeado por un conductor sin seguro o un conductor de choque y fuga. La cobertura de accidentes se ocupar\u00e1 de los da\u00f1os a su propiedad en las mismas situaciones.<\/p>\n<p>Si s\u00f3lo tiene un seguro de responsabilidad civil b\u00e1sico sin p\u00f3lizas UM\/UI, gastos m\u00e9dicos o accidentes, es posible que se vea obligado a pagar sus facturas de atenci\u00f3n m\u00e9dica y reparaci\u00f3n de autom\u00f3viles. Sin embargo, antes de que usted se rinda y acepte este resultado, comun\u00edquese con un abogado de lesiones personales para una revisi\u00f3n de su caso. A veces pueden encontrar otras formas de obtener compensaci\u00f3n, como demandar a un tercero que puede haber contribuido al accidente. En casos raros, puede valer la pena considerar una demanda contra el otro conductor, aunque en la mayor\u00eda de las situaciones, un conductor sin seguro no tendr\u00e1 suficientes activos para que una demanda recupere dinero. Siempre trabajamos para poder encontrar todos los m\u00e9todos posibles de <a href=\"https:\/\/ceolawyer.com\/faq\/georgia-law\/injury-settlements\/how-much-should-i-ask-for-a-personal-injury-settlement\/\">obtener compensaci\u00f3n para el cliente<\/a>, as\u00ed que d\u00e9jenos echarle un segundo vistazo a su caso.<\/p>\n<h2>Comun\u00edcate Con la Firma de Abogados Especializada en Lesiones Personales CEO Lawyer<\/h2>\n<p>Para una consulta gratuita acerca de su accidente de tr\u00e1nsito, por favor p\u00f3ngase en contacto con la firma de abogados especializada en lesiones personales CEO Lawyer. Trabajamos en base de contingencia, as\u00ed que, si tomamos su caso, usted no nos debe nada hasta que concluyamos su caso exitosamente. <a href=\"https:\/\/ceolawyer.com\/contact-us\/\">Vis\u00edtenos en l\u00ednea<\/a> para ver cu\u00e1nto vale su caso o ll\u00e1menos al <a href=\"tel:+1833254223\">833-254-223<\/a>.<\/p>\n","protected":false},"excerpt":{"rendered":"<p>Desafortunadamente, no. \u201cResponsabilidad\u201d en este contexto se refiere a su responsabilidad por los da\u00f1os de otra persona si usted causa un accidente. As\u00ed que si el accidente fue su culpa (o por lo menos la mayor\u00eda de su culpa), su seguro de responsabilidad pagar\u00eda los gastos m\u00e9dicos y los costos de reparaci\u00f3n del coche para [&hellip;]<\/p>\n","protected":false},"author":22,"featured_media":11659,"parent":13289,"menu_order":0,"comment_status":"closed","ping_status":"closed","template":"","meta":{"_acf_changed":false,"footnotes":""},"class_list":["post-11658","page","type-page","status-publish","has-post-thumbnail","hentry"],"acf":[],"yoast_head":"<!-- This site is optimized with the Yoast SEO plugin v27.2 - https:\/\/yoast.com\/product\/yoast-seo-wordpress\/ -->\n<title>\u00bfEl Seguro de Responsabilidad Cubre mi Auto si me Golpean? | CEO Lawyer<\/title>\n<meta name=\"description\" content=\"El CEO Lawyer Abogados de Accidentes puede responder a sus preguntas sobre accidentes automovil\u00edsticos. Llame al 833-254-2923.\" \/>\n<meta name=\"robots\" content=\"index, follow, max-snippet:-1, max-image-preview:large, max-video-preview:-1\" \/>\n<link rel=\"canonical\" href=\"https:\/\/ceolawyer.com\/espanol\/faq\/ley-de-georgia\/accidente-automovilistico\/el-seguro-por-responsabilidad-cubre-mi-auto-si-alguien-me-golpea\/\" \/>\n<meta property=\"og:locale\" content=\"en_US\" \/>\n<meta property=\"og:type\" content=\"article\" \/>\n<meta property=\"og:title\" content=\"\u00bfEl Seguro de Responsabilidad Cubre mi Auto si me Golpean? | CEO Lawyer\" \/>\n<meta property=\"og:description\" content=\"El CEO Lawyer Abogados de Accidentes puede responder a sus preguntas sobre accidentes automovil\u00edsticos. Llame al 833-254-2923.\" \/>\n<meta property=\"og:url\" content=\"https:\/\/ceolawyer.com\/espanol\/faq\/ley-de-georgia\/accidente-automovilistico\/el-seguro-por-responsabilidad-cubre-mi-auto-si-alguien-me-golpea\/\" \/>\n<meta property=\"og:site_name\" content=\"CEO Lawyer\" \/>\n<meta property=\"article:modified_time\" content=\"2026-03-18T18:20:56+00:00\" \/>\n<meta property=\"og:image\" content=\"https:\/\/ceolawyer.com\/espanol\/wp-content\/uploads\/sites\/2\/2023\/02\/el-seguro-por-responsabilidad-cubre-mi-auto-si-alguien-me-golpea.jpg\" \/>\n\t<meta property=\"og:image:width\" content=\"500\" \/>\n\t<meta property=\"og:image:height\" content=\"362\" \/>\n\t<meta property=\"og:image:type\" content=\"image\/jpeg\" \/>\n<meta name=\"twitter:card\" content=\"summary_large_image\" \/>\n<meta name=\"twitter:label1\" content=\"Est. reading time\" \/>\n\t<meta name=\"twitter:data1\" content=\"6 minutes\" \/>\n<script type=\"application\/ld+json\" class=\"yoast-schema-graph\">{\"@context\":\"https:\/\/schema.org\",\"@graph\":[{\"@type\":\"WebPage\",\"@id\":\"https:\/\/ceolawyer.com\/espanol\/faq\/ley-de-georgia\/accidente-automovilistico\/el-seguro-por-responsabilidad-cubre-mi-auto-si-alguien-me-golpea\/\",\"url\":\"https:\/\/ceolawyer.com\/espanol\/faq\/ley-de-georgia\/accidente-automovilistico\/el-seguro-por-responsabilidad-cubre-mi-auto-si-alguien-me-golpea\/\",\"name\":\"\u00bfEl Seguro de Responsabilidad Cubre mi Auto si me Golpean? | CEO Lawyer\",\"isPartOf\":{\"@id\":\"https:\/\/ceolawyer.com\/espanol\/#website\"},\"primaryImageOfPage\":{\"@id\":\"https:\/\/ceolawyer.com\/espanol\/faq\/ley-de-georgia\/accidente-automovilistico\/el-seguro-por-responsabilidad-cubre-mi-auto-si-alguien-me-golpea\/#primaryimage\"},\"image\":{\"@id\":\"https:\/\/ceolawyer.com\/espanol\/faq\/ley-de-georgia\/accidente-automovilistico\/el-seguro-por-responsabilidad-cubre-mi-auto-si-alguien-me-golpea\/#primaryimage\"},\"thumbnailUrl\":\"https:\/\/ceolawyer.com\/espanol\/wp-content\/uploads\/sites\/2\/2023\/02\/el-seguro-por-responsabilidad-cubre-mi-auto-si-alguien-me-golpea.jpg\",\"datePublished\":\"2023-02-23T17:01:36+00:00\",\"dateModified\":\"2026-03-18T18:20:56+00:00\",\"description\":\"El CEO Lawyer Abogados de Accidentes puede responder a sus preguntas sobre accidentes automovil\u00edsticos. Llame al 833-254-2923.\",\"breadcrumb\":{\"@id\":\"https:\/\/ceolawyer.com\/espanol\/faq\/ley-de-georgia\/accidente-automovilistico\/el-seguro-por-responsabilidad-cubre-mi-auto-si-alguien-me-golpea\/#breadcrumb\"},\"inLanguage\":\"en-US\",\"potentialAction\":[{\"@type\":\"ReadAction\",\"target\":[\"https:\/\/ceolawyer.com\/espanol\/faq\/ley-de-georgia\/accidente-automovilistico\/el-seguro-por-responsabilidad-cubre-mi-auto-si-alguien-me-golpea\/\"]}]},{\"@type\":\"ImageObject\",\"inLanguage\":\"en-US\",\"@id\":\"https:\/\/ceolawyer.com\/espanol\/faq\/ley-de-georgia\/accidente-automovilistico\/el-seguro-por-responsabilidad-cubre-mi-auto-si-alguien-me-golpea\/#primaryimage\",\"url\":\"https:\/\/ceolawyer.com\/espanol\/wp-content\/uploads\/sites\/2\/2023\/02\/el-seguro-por-responsabilidad-cubre-mi-auto-si-alguien-me-golpea.jpg\",\"contentUrl\":\"https:\/\/ceolawyer.com\/espanol\/wp-content\/uploads\/sites\/2\/2023\/02\/el-seguro-por-responsabilidad-cubre-mi-auto-si-alguien-me-golpea.jpg\",\"width\":500,\"height\":362,\"caption\":\"Un autom\u00f3vil con seguro de responsabilidad civil solamente es golpeado lateralmente por otro autom\u00f3vil.\"},{\"@type\":\"BreadcrumbList\",\"@id\":\"https:\/\/ceolawyer.com\/espanol\/faq\/ley-de-georgia\/accidente-automovilistico\/el-seguro-por-responsabilidad-cubre-mi-auto-si-alguien-me-golpea\/#breadcrumb\",\"itemListElement\":[{\"@type\":\"ListItem\",\"position\":1,\"name\":\"Home\",\"item\":\"https:\/\/ceolawyer.com\/espanol\/\"},{\"@type\":\"ListItem\",\"position\":2,\"name\":\"FAQ\",\"item\":\"https:\/\/ceolawyer.com\/espanol\/faq\/\"},{\"@type\":\"ListItem\",\"position\":3,\"name\":\"Lesiones personales en Georgia FAQ\",\"item\":\"https:\/\/ceolawyer.com\/espanol\/faq\/ley-de-georgia\/\"},{\"@type\":\"ListItem\",\"position\":4,\"name\":\"\u00bfEl seguro por responsabilidad cubre mi auto si alguien me golpea?\"}]},{\"@type\":\"WebSite\",\"@id\":\"https:\/\/ceolawyer.com\/espanol\/#website\",\"url\":\"https:\/\/ceolawyer.com\/espanol\/\",\"name\":\"CEO Lawyer\",\"description\":\"Personal Injury Attorney\",\"publisher\":{\"@id\":\"https:\/\/ceolawyer.com\/espanol\/#organization\"},\"potentialAction\":[{\"@type\":\"SearchAction\",\"target\":{\"@type\":\"EntryPoint\",\"urlTemplate\":\"https:\/\/ceolawyer.com\/espanol\/?s={search_term_string}\"},\"query-input\":{\"@type\":\"PropertyValueSpecification\",\"valueRequired\":true,\"valueName\":\"search_term_string\"}}],\"inLanguage\":\"en-US\"},{\"@type\":\"Organization\",\"@id\":\"https:\/\/ceolawyer.com\/espanol\/#organization\",\"name\":\"CEO Lawyer\",\"url\":\"https:\/\/ceolawyer.com\/espanol\/\",\"logo\":{\"@type\":\"ImageObject\",\"inLanguage\":\"en-US\",\"@id\":\"https:\/\/ceolawyer.com\/espanol\/#\/schema\/logo\/image\/\",\"url\":\"https:\/\/ceolawyer.com\/espanol\/wp-content\/uploads\/sites\/2\/2022\/05\/CEO_Logo.png\",\"contentUrl\":\"https:\/\/ceolawyer.com\/espanol\/wp-content\/uploads\/sites\/2\/2022\/05\/CEO_Logo.png\",\"width\":200,\"height\":108,\"caption\":\"CEO Lawyer\"},\"image\":{\"@id\":\"https:\/\/ceolawyer.com\/espanol\/#\/schema\/logo\/image\/\"}}]}<\/script>\n<!-- \/ Yoast SEO plugin. -->","yoast_head_json":{"title":"\u00bfEl Seguro de Responsabilidad Cubre mi Auto si me Golpean? | CEO Lawyer","description":"El CEO Lawyer Abogados de Accidentes puede responder a sus preguntas sobre accidentes automovil\u00edsticos. Llame al 833-254-2923.","robots":{"index":"index","follow":"follow","max-snippet":"max-snippet:-1","max-image-preview":"max-image-preview:large","max-video-preview":"max-video-preview:-1"},"canonical":"https:\/\/ceolawyer.com\/espanol\/faq\/ley-de-georgia\/accidente-automovilistico\/el-seguro-por-responsabilidad-cubre-mi-auto-si-alguien-me-golpea\/","og_locale":"en_US","og_type":"article","og_title":"\u00bfEl Seguro de Responsabilidad Cubre mi Auto si me Golpean? | CEO Lawyer","og_description":"El CEO Lawyer Abogados de Accidentes puede responder a sus preguntas sobre accidentes automovil\u00edsticos. Llame al 833-254-2923.","og_url":"https:\/\/ceolawyer.com\/espanol\/faq\/ley-de-georgia\/accidente-automovilistico\/el-seguro-por-responsabilidad-cubre-mi-auto-si-alguien-me-golpea\/","og_site_name":"CEO Lawyer","article_modified_time":"2026-03-18T18:20:56+00:00","og_image":[{"width":500,"height":362,"url":"https:\/\/ceolawyer.com\/espanol\/wp-content\/uploads\/sites\/2\/2023\/02\/el-seguro-por-responsabilidad-cubre-mi-auto-si-alguien-me-golpea.jpg","type":"image\/jpeg"}],"twitter_card":"summary_large_image","twitter_misc":{"Est. reading time":"6 minutes"},"schema":{"@context":"https:\/\/schema.org","@graph":[{"@type":"WebPage","@id":"https:\/\/ceolawyer.com\/espanol\/faq\/ley-de-georgia\/accidente-automovilistico\/el-seguro-por-responsabilidad-cubre-mi-auto-si-alguien-me-golpea\/","url":"https:\/\/ceolawyer.com\/espanol\/faq\/ley-de-georgia\/accidente-automovilistico\/el-seguro-por-responsabilidad-cubre-mi-auto-si-alguien-me-golpea\/","name":"\u00bfEl Seguro de Responsabilidad Cubre mi Auto si me Golpean? | CEO Lawyer","isPartOf":{"@id":"https:\/\/ceolawyer.com\/espanol\/#website"},"primaryImageOfPage":{"@id":"https:\/\/ceolawyer.com\/espanol\/faq\/ley-de-georgia\/accidente-automovilistico\/el-seguro-por-responsabilidad-cubre-mi-auto-si-alguien-me-golpea\/#primaryimage"},"image":{"@id":"https:\/\/ceolawyer.com\/espanol\/faq\/ley-de-georgia\/accidente-automovilistico\/el-seguro-por-responsabilidad-cubre-mi-auto-si-alguien-me-golpea\/#primaryimage"},"thumbnailUrl":"https:\/\/ceolawyer.com\/espanol\/wp-content\/uploads\/sites\/2\/2023\/02\/el-seguro-por-responsabilidad-cubre-mi-auto-si-alguien-me-golpea.jpg","datePublished":"2023-02-23T17:01:36+00:00","dateModified":"2026-03-18T18:20:56+00:00","description":"El CEO Lawyer Abogados de Accidentes puede responder a sus preguntas sobre accidentes automovil\u00edsticos. Llame al 833-254-2923.","breadcrumb":{"@id":"https:\/\/ceolawyer.com\/espanol\/faq\/ley-de-georgia\/accidente-automovilistico\/el-seguro-por-responsabilidad-cubre-mi-auto-si-alguien-me-golpea\/#breadcrumb"},"inLanguage":"en-US","potentialAction":[{"@type":"ReadAction","target":["https:\/\/ceolawyer.com\/espanol\/faq\/ley-de-georgia\/accidente-automovilistico\/el-seguro-por-responsabilidad-cubre-mi-auto-si-alguien-me-golpea\/"]}]},{"@type":"ImageObject","inLanguage":"en-US","@id":"https:\/\/ceolawyer.com\/espanol\/faq\/ley-de-georgia\/accidente-automovilistico\/el-seguro-por-responsabilidad-cubre-mi-auto-si-alguien-me-golpea\/#primaryimage","url":"https:\/\/ceolawyer.com\/espanol\/wp-content\/uploads\/sites\/2\/2023\/02\/el-seguro-por-responsabilidad-cubre-mi-auto-si-alguien-me-golpea.jpg","contentUrl":"https:\/\/ceolawyer.com\/espanol\/wp-content\/uploads\/sites\/2\/2023\/02\/el-seguro-por-responsabilidad-cubre-mi-auto-si-alguien-me-golpea.jpg","width":500,"height":362,"caption":"Un autom\u00f3vil con seguro de responsabilidad civil solamente es golpeado lateralmente por otro autom\u00f3vil."},{"@type":"BreadcrumbList","@id":"https:\/\/ceolawyer.com\/espanol\/faq\/ley-de-georgia\/accidente-automovilistico\/el-seguro-por-responsabilidad-cubre-mi-auto-si-alguien-me-golpea\/#breadcrumb","itemListElement":[{"@type":"ListItem","position":1,"name":"Home","item":"https:\/\/ceolawyer.com\/espanol\/"},{"@type":"ListItem","position":2,"name":"FAQ","item":"https:\/\/ceolawyer.com\/espanol\/faq\/"},{"@type":"ListItem","position":3,"name":"Lesiones personales en Georgia FAQ","item":"https:\/\/ceolawyer.com\/espanol\/faq\/ley-de-georgia\/"},{"@type":"ListItem","position":4,"name":"\u00bfEl seguro por responsabilidad cubre mi auto si alguien me golpea?"}]},{"@type":"WebSite","@id":"https:\/\/ceolawyer.com\/espanol\/#website","url":"https:\/\/ceolawyer.com\/espanol\/","name":"CEO Lawyer","description":"Personal Injury Attorney","publisher":{"@id":"https:\/\/ceolawyer.com\/espanol\/#organization"},"potentialAction":[{"@type":"SearchAction","target":{"@type":"EntryPoint","urlTemplate":"https:\/\/ceolawyer.com\/espanol\/?s={search_term_string}"},"query-input":{"@type":"PropertyValueSpecification","valueRequired":true,"valueName":"search_term_string"}}],"inLanguage":"en-US"},{"@type":"Organization","@id":"https:\/\/ceolawyer.com\/espanol\/#organization","name":"CEO Lawyer","url":"https:\/\/ceolawyer.com\/espanol\/","logo":{"@type":"ImageObject","inLanguage":"en-US","@id":"https:\/\/ceolawyer.com\/espanol\/#\/schema\/logo\/image\/","url":"https:\/\/ceolawyer.com\/espanol\/wp-content\/uploads\/sites\/2\/2022\/05\/CEO_Logo.png","contentUrl":"https:\/\/ceolawyer.com\/espanol\/wp-content\/uploads\/sites\/2\/2022\/05\/CEO_Logo.png","width":200,"height":108,"caption":"CEO Lawyer"},"image":{"@id":"https:\/\/ceolawyer.com\/espanol\/#\/schema\/logo\/image\/"}}]}},"_links":{"self":[{"href":"https:\/\/ceolawyer.com\/espanol\/wp-json\/wp\/v2\/pages\/11658","targetHints":{"allow":["GET"]}}],"collection":[{"href":"https:\/\/ceolawyer.com\/espanol\/wp-json\/wp\/v2\/pages"}],"about":[{"href":"https:\/\/ceolawyer.com\/espanol\/wp-json\/wp\/v2\/types\/page"}],"author":[{"embeddable":true,"href":"https:\/\/ceolawyer.com\/espanol\/wp-json\/wp\/v2\/users\/22"}],"replies":[{"embeddable":true,"href":"https:\/\/ceolawyer.com\/espanol\/wp-json\/wp\/v2\/comments?post=11658"}],"version-history":[{"count":0,"href":"https:\/\/ceolawyer.com\/espanol\/wp-json\/wp\/v2\/pages\/11658\/revisions"}],"up":[{"embeddable":true,"href":"https:\/\/ceolawyer.com\/espanol\/wp-json\/wp\/v2\/pages\/13289"}],"wp:featuredmedia":[{"embeddable":true,"href":"https:\/\/ceolawyer.com\/espanol\/wp-json\/wp\/v2\/media\/11659"}],"wp:attachment":[{"href":"https:\/\/ceolawyer.com\/espanol\/wp-json\/wp\/v2\/media?parent=11658"}],"curies":[{"name":"wp","href":"https:\/\/api.w.org\/{rel}","templated":true}]}}