{"id":11660,"date":"2023-02-23T17:04:55","date_gmt":"2023-02-23T17:04:55","guid":{"rendered":"https:\/\/ceolawyer.com\/espanol\/?page_id=11660"},"modified":"2026-03-18T18:42:18","modified_gmt":"2026-03-18T18:42:18","slug":"que-sucede-si-alguien-choca-su-vehiculo","status":"publish","type":"page","link":"https:\/\/ceolawyer.com\/espanol\/faq\/ley-de-georgia\/accidente-automovilistico\/que-sucede-si-alguien-choca-su-vehiculo\/","title":{"rendered":"\u00bfQu\u00e9 Sucede Si Alguien Choca Su Veh\u00edculo?"},"content":{"rendered":"<p><img decoding=\"async\" class=\"alignright size-full wp-image-11661\" src=\"https:\/\/ceolawyer.com\/espanol\/wp-content\/uploads\/sites\/2\/2023\/02\/que-sucede-si-alguien-choca-su-vehiculo.jpg\" alt=\"Una mujer pide ayuda mientras una gr\u00faa se lleva un autom\u00f3vil.\" width=\"500\" height=\"333\" srcset=\"https:\/\/ceolawyer.com\/espanol\/wp-content\/uploads\/sites\/2\/2023\/02\/que-sucede-si-alguien-choca-su-vehiculo.jpg 500w, https:\/\/ceolawyer.com\/espanol\/wp-content\/uploads\/sites\/2\/2023\/02\/que-sucede-si-alguien-choca-su-vehiculo-300x200.jpg 300w\" sizes=\"(max-width: 500px) 100vw, 500px\" \/>Cuando usted le presta su veh\u00edculo a un amigo o familiar, puede que se preocupe por lo que suceder\u00e1 si sucede un accidente. En la mayor\u00eda de las situaciones, su seguro de accidentes debe aplicarse si alguien m\u00e1s est\u00e1 conduciendo, siempre y cuando tenga su permiso. Hay algunas excepciones, de las que hablaremos m\u00e1s adelante en este art\u00edculo. M\u00e1s importante a\u00fan, si la persona que conduce su coche no es culpable, su compa\u00f1\u00eda de seguros esperar\u00e1 que el seguro del otro conductor recoja los gastos.<\/p>\n<p>En una situaci\u00f3n ideal, se realizar\u00eda una reclamaci\u00f3n a la compa\u00f1\u00eda de seguros correspondiente y se pagar\u00eda. Pero las cosas no siempre son ideales en el mundo real. Las compa\u00f1\u00edas de seguros son conocidas por encontrar formas de eludir el pago de una demanda \u2013 esto puede suceder tanto si se trata de su compa\u00f1\u00eda de seguros como de la del otro conductor. A menudo la gente piensa que no hay nada que se pueda hacer si la compa\u00f1\u00eda de seguros niega su reclamo, pero no siempre es as\u00ed. El hecho de que el ajustador de seguros piense que tiene una raz\u00f3n legal para rechazar su reclamaci\u00f3n no significa necesariamente que un juez est\u00e9 de acuerdo. Sin embargo, la mayor\u00eda de las disputas con las compa\u00f1\u00edas de seguros se pueden resolver fuera de la corte, con la ayuda de un abogado con experiencia en accidentes de autom\u00f3vil. Antes de tomar cualquier decisi\u00f3n, debe buscar asesoramiento legal para determinar sus opciones.<\/p>\n<p>El abogado Ali Awad es un litigador con experiencia que no tiene miedo de enfrentar grandes compa\u00f1\u00edas de seguros por sus clientes. \u00c9l fund\u00f3\u00a0 la firma de abogados especializada en lesiones personales CEO Lawyer\u00a0 y en pocos a\u00f1os, la transform\u00f3 en uno de los despachos de abogados de m\u00e1s r\u00e1pido crecimiento del pa\u00eds. M\u00e1s de un mill\u00f3n de seguidores disfrutan de sus publicaciones en las redes sociales con conocimientos legales entretenidos pero pr\u00e1cticos. Si usted est\u00e1 luchando con los gastos despu\u00e9s de un accidente de tr\u00e1nsito, por favor contacte a nuestra firma para una consulta gratuita, sin obligaci\u00f3n sobre su caso.<\/p>\n<h2>Si Alguien M\u00e1s Choca SU Autom\u00f3vil, \u00bfde Qui\u00e9n ES El Seguro Que Lo Cubre?<\/h2>\n<p>Como cualquier otro accidente automovil\u00edstico, depende de qui\u00e9n tuvo la culpa del accidente. Culpa, en el estado de Georgia, se mide por quien tiene <a href=\"https:\/\/law.justia.com\/codes\/georgia\/2010\/title-51\/chapter-12\/article-2\/51-12-33\">m\u00e1s del 50 por ciento de responsabilidad en la colisi\u00f3n<\/a>. Si hay responsabilidad compartida, la persona que es menos del 50 por ciento culpable puede buscar da\u00f1os al conductor que fue m\u00e1s del 50 por ciento responsable. Sin embargo, los da\u00f1os se reducir\u00e1n en la cantidad de la culpa que tuvo el conductor menos responsable. As\u00ed que si su amigo est\u00e1 en un accidente en su coche donde es 10 por ciento responsable, el 10 por ciento se deducir\u00e1 de cualquier da\u00f1o que podr\u00eda ser pagado por el seguro de la otra parte.<\/p>\n<p>Cuando el otro conductor tiene la culpa en su mayor\u00eda (m\u00e1s del 50%), debe solicitar una compensaci\u00f3n a su compa\u00f1\u00eda de seguros de autom\u00f3viles. Si recibieron una citaci\u00f3n y\/o el reporte policial indica que ellos fueron culpables, esto puede ser un proceso m\u00e1s f\u00e1cil. Sin embargo, la falla no siempre es evidente en el lugar de un accidente. En muchos casos, los oficiales que respondieron tienen tiempo y recursos limitados, y no mucha evidencia para continuar. Adem\u00e1s, no es necesario que asignen un fallo en su informe.<\/p>\n<p>En su lugar, es posible que s\u00f3lo incluyan los hechos que tienen y lo que cada una de las partes afirm\u00f3 que sucedi\u00f3. Si la falla no se establece claramente, la compa\u00f1\u00eda de seguros de la otra parte puede usar esto como excusa para negar la reclamaci\u00f3n. Afortunadamente, hay opciones para combatir la negaci\u00f3n. El equipo de investigaci\u00f3n de su abogado puede investigar el accidente, y encontrar evidencia adicional para soportar a la otra parte que est\u00e1 en la culpa. Si la compa\u00f1\u00eda de seguros se niega a ceder, usted puede llevarlos a la corte. Sin embargo, si usted carece de evidencia fuerte en su favor, su abogado puede aconsejar contra esto si las probabilidades de que gane son bajas.<\/p>\n<p>\u00bfQu\u00e9 sucede entonces? Si usted tiene seguro de colisi\u00f3n y MedPay, que son opcionales, pero altamente recomendados, \u00e9stos pueden cubrir sus da\u00f1os a la propiedad y gastos m\u00e9dicos para la persona que conduce su coche y cualquier pasajero. Usted no tiene que establecer que alguien fue culpable para que estas p\u00f3lizas se paguen. A pesar de los beneficios, MedPay y Collision tienen un l\u00edmite importante \u2013 no pagar\u00e1n da\u00f1os por el otro conductor u ocupantes en su autom\u00f3vil. Si el otro conductor est\u00e1 buscando la responsabilidad de usted, su seguro regular de responsabilidad civil puede cubrirla, pero su compa\u00f1\u00eda de seguros tambi\u00e9n podr\u00eda reclamar que no hab\u00eda ninguna prueba de que la persona que conduc\u00eda su veh\u00edculo ten\u00eda la culpa. En este tipo de situaciones complejas, es importante obtener asesoramiento legal de un abogado calificado.<\/p>\n<h2>\u00bfQu\u00e9 Sucede Si Alguien M\u00e1s Choca Su Coche?<\/h2>\n<p>En situaciones en las que la persona que conduc\u00eda el coche era culpable, el seguro de responsabilidad debe aplicarse por los da\u00f1os causados a la otra parte. Mientras tanto, su cobertura de accidentes y gastos m\u00e9dicos (si los tiene, y esperamos que lo tenga), seguir\u00e1n cubriendo al conductor y a los pasajeros de su veh\u00edculo, y los da\u00f1os de su coche.<\/p>\n<h2>\u00bfAumentar\u00e1n Mis Tarifas de Seguro Si Alguien Que Conduce MI Coche Causa Un Accidente?<\/h2>\n<p>S\u00ed, esto puede suceder. Desde la perspectiva de la compa\u00f1\u00eda de seguros, incluso si usted es un conductor precavido, prest\u00f3 su veh\u00edculo a alguien que no lo era y la aseguradora tuvo que pagar por sus da\u00f1os. Si fue s\u00f3lo una vez y tiene perd\u00f3n de accidentes en su p\u00f3liza, puede utilizar esta funci\u00f3n para evitar un aumento de tarifas.<\/p>\n<h2>\u00bfPuede la Aseguradora Negarse a Pagar Si Alguien M\u00e1s Choca MI Veh\u00edculo?<\/h2>\n<p>Aunque su cobertura de seguro generalmente pagar\u00e1 en estas situaciones, hay algunas excepciones:<\/p>\n<ul>\n<li>\u00a0 La compa\u00f1\u00eda de seguros no tiene que pagar si la persona que conduc\u00eda su veh\u00edculo no contaba con su permiso. Sin embargo, no siempre es f\u00e1cil probarlo.<\/li>\n<li>\u00a0 Es posible que no tengan que pagar si el conductor infringe la ley de alguna manera: conducir sin licencia, conducir ebrio, etc.<\/li>\n<li>\u00a0 Si excluy\u00f3 espec\u00edficamente a alguien de su hogar de su p\u00f3liza para ahorrar dinero y tienen una colisi\u00f3n mientras conduc\u00edan su autom\u00f3vil de todos modos, la compa\u00f1\u00eda de seguros no pagar\u00e1. Si no recuerda excluir a nadie de su p\u00f3liza, probablemente no necesite preocuparse por esto. Sin embargo, hay algunas situaciones en las que las exclusiones tienen sentido. Por ejemplo, si su hijo adolescente consigui\u00f3 su licencia y r\u00e1pidamente trajo a casa un par de billetes de velocidad, eso podr\u00eda hacer que sus tarifas aumenten significativamente. As\u00ed que usted puede decirles que no se les permite conducir su coche y excluirlos de su seguro.<\/li>\n<\/ul>\n<h2>P\u00f3ngase en Contacto Con Los Abogados de Lesiones Y Accidentes en El CEO Lawyer Personal Injury Law Firm<\/h2>\n<p>En la mayor\u00eda de los casos, debe haber alguna cobertura de seguro disponible cuando otra persona sufre un accidente con su coche. Pero <a href=\"https:\/\/ceolawyer.com\/faq\/georgia-law\/injury-settlements\/how-much-should-i-ask-for-a-personal-injury-settlement\/\">la compa\u00f1\u00eda de seguros puede no acordar pagar sin una pelea<\/a>, as\u00ed que es mejor hablar con un abogado con experiencia en accidentes de autom\u00f3vil antes de decidir c\u00f3mo proceder. Por favor contacte la firma de abogados de CEO Lawyer para una consulta gratuita y enterarse de las posibilidades para as\u00ed proteger su derecho a compensaci\u00f3n.<\/p>\n","protected":false},"excerpt":{"rendered":"<p>Cuando usted le presta su veh\u00edculo a un amigo o familiar, puede que se preocupe por lo que suceder\u00e1 si sucede un accidente. En la mayor\u00eda de las situaciones, su seguro de accidentes debe aplicarse si alguien m\u00e1s est\u00e1 conduciendo, siempre y cuando tenga su permiso. Hay algunas excepciones, de las que hablaremos m\u00e1s adelante [&hellip;]<\/p>\n","protected":false},"author":22,"featured_media":11661,"parent":13289,"menu_order":0,"comment_status":"closed","ping_status":"closed","template":"","meta":{"_acf_changed":false,"footnotes":""},"class_list":["post-11660","page","type-page","status-publish","has-post-thumbnail","hentry"],"acf":[],"yoast_head":"<!-- This site is optimized with the Yoast SEO plugin v27.5 - https:\/\/yoast.com\/product\/yoast-seo-wordpress\/ -->\n<title>\u00bfQu\u00e9 Sucede Si Alguien Choca Su Veh\u00edculo? | CEO Lawyer<\/title>\n<meta name=\"description\" content=\"\u00bfQu\u00e9 Sucede Si Alguien Choca Su Veh\u00edculo? Llame al CEO Lawyer Abogados de Accidentes para ayudar.\" \/>\n<meta name=\"robots\" content=\"index, follow, max-snippet:-1, max-image-preview:large, max-video-preview:-1\" \/>\n<link rel=\"canonical\" href=\"https:\/\/ceolawyer.com\/espanol\/faq\/ley-de-georgia\/accidente-automovilistico\/que-sucede-si-alguien-choca-su-vehiculo\/\" \/>\n<meta property=\"og:locale\" content=\"en_US\" \/>\n<meta property=\"og:type\" content=\"article\" \/>\n<meta property=\"og:title\" content=\"\u00bfQu\u00e9 Sucede Si Alguien Choca Su Veh\u00edculo? | CEO Lawyer\" \/>\n<meta property=\"og:description\" content=\"\u00bfQu\u00e9 Sucede Si Alguien Choca Su Veh\u00edculo? Llame al CEO Lawyer Abogados de Accidentes para ayudar.\" \/>\n<meta property=\"og:url\" content=\"https:\/\/ceolawyer.com\/espanol\/faq\/ley-de-georgia\/accidente-automovilistico\/que-sucede-si-alguien-choca-su-vehiculo\/\" \/>\n<meta property=\"og:site_name\" content=\"CEO Lawyer\" \/>\n<meta property=\"article:modified_time\" content=\"2026-03-18T18:42:18+00:00\" \/>\n<meta property=\"og:image\" content=\"https:\/\/ceolawyer.com\/espanol\/wp-content\/uploads\/sites\/2\/2023\/02\/que-sucede-si-alguien-choca-su-vehiculo.jpg\" \/>\n\t<meta property=\"og:image:width\" content=\"500\" \/>\n\t<meta property=\"og:image:height\" content=\"333\" \/>\n\t<meta property=\"og:image:type\" content=\"image\/jpeg\" \/>\n<meta name=\"twitter:card\" content=\"summary_large_image\" \/>\n<meta name=\"twitter:label1\" content=\"Est. reading time\" \/>\n\t<meta name=\"twitter:data1\" content=\"6 minutes\" \/>\n<script type=\"application\/ld+json\" class=\"yoast-schema-graph\">{\"@context\":\"https:\\\/\\\/schema.org\",\"@graph\":[{\"@type\":\"WebPage\",\"@id\":\"https:\\\/\\\/ceolawyer.com\\\/espanol\\\/faq\\\/ley-de-georgia\\\/accidente-automovilistico\\\/que-sucede-si-alguien-choca-su-vehiculo\\\/\",\"url\":\"https:\\\/\\\/ceolawyer.com\\\/espanol\\\/faq\\\/ley-de-georgia\\\/accidente-automovilistico\\\/que-sucede-si-alguien-choca-su-vehiculo\\\/\",\"name\":\"\u00bfQu\u00e9 Sucede Si Alguien Choca Su Veh\u00edculo? | CEO Lawyer\",\"isPartOf\":{\"@id\":\"https:\\\/\\\/ceolawyer.com\\\/espanol\\\/#website\"},\"primaryImageOfPage\":{\"@id\":\"https:\\\/\\\/ceolawyer.com\\\/espanol\\\/faq\\\/ley-de-georgia\\\/accidente-automovilistico\\\/que-sucede-si-alguien-choca-su-vehiculo\\\/#primaryimage\"},\"image\":{\"@id\":\"https:\\\/\\\/ceolawyer.com\\\/espanol\\\/faq\\\/ley-de-georgia\\\/accidente-automovilistico\\\/que-sucede-si-alguien-choca-su-vehiculo\\\/#primaryimage\"},\"thumbnailUrl\":\"https:\\\/\\\/ceolawyer.com\\\/espanol\\\/wp-content\\\/uploads\\\/sites\\\/2\\\/2023\\\/02\\\/que-sucede-si-alguien-choca-su-vehiculo.jpg\",\"datePublished\":\"2023-02-23T17:04:55+00:00\",\"dateModified\":\"2026-03-18T18:42:18+00:00\",\"description\":\"\u00bfQu\u00e9 Sucede Si Alguien Choca Su Veh\u00edculo? Llame al CEO Lawyer Abogados de Accidentes para ayudar.\",\"breadcrumb\":{\"@id\":\"https:\\\/\\\/ceolawyer.com\\\/espanol\\\/faq\\\/ley-de-georgia\\\/accidente-automovilistico\\\/que-sucede-si-alguien-choca-su-vehiculo\\\/#breadcrumb\"},\"inLanguage\":\"en-US\",\"potentialAction\":[{\"@type\":\"ReadAction\",\"target\":[\"https:\\\/\\\/ceolawyer.com\\\/espanol\\\/faq\\\/ley-de-georgia\\\/accidente-automovilistico\\\/que-sucede-si-alguien-choca-su-vehiculo\\\/\"]}]},{\"@type\":\"ImageObject\",\"inLanguage\":\"en-US\",\"@id\":\"https:\\\/\\\/ceolawyer.com\\\/espanol\\\/faq\\\/ley-de-georgia\\\/accidente-automovilistico\\\/que-sucede-si-alguien-choca-su-vehiculo\\\/#primaryimage\",\"url\":\"https:\\\/\\\/ceolawyer.com\\\/espanol\\\/wp-content\\\/uploads\\\/sites\\\/2\\\/2023\\\/02\\\/que-sucede-si-alguien-choca-su-vehiculo.jpg\",\"contentUrl\":\"https:\\\/\\\/ceolawyer.com\\\/espanol\\\/wp-content\\\/uploads\\\/sites\\\/2\\\/2023\\\/02\\\/que-sucede-si-alguien-choca-su-vehiculo.jpg\",\"width\":500,\"height\":333,\"caption\":\"Una mujer pide ayuda mientras una gr\u00faa se lleva un autom\u00f3vil.\"},{\"@type\":\"BreadcrumbList\",\"@id\":\"https:\\\/\\\/ceolawyer.com\\\/espanol\\\/faq\\\/ley-de-georgia\\\/accidente-automovilistico\\\/que-sucede-si-alguien-choca-su-vehiculo\\\/#breadcrumb\",\"itemListElement\":[{\"@type\":\"ListItem\",\"position\":1,\"name\":\"Home\",\"item\":\"https:\\\/\\\/ceolawyer.com\\\/espanol\\\/\"},{\"@type\":\"ListItem\",\"position\":2,\"name\":\"FAQ\",\"item\":\"https:\\\/\\\/ceolawyer.com\\\/espanol\\\/faq\\\/\"},{\"@type\":\"ListItem\",\"position\":3,\"name\":\"Lesiones personales en Georgia FAQ\",\"item\":\"https:\\\/\\\/ceolawyer.com\\\/espanol\\\/faq\\\/ley-de-georgia\\\/\"},{\"@type\":\"ListItem\",\"position\":4,\"name\":\"\u00bfQu\u00e9 Sucede Si Alguien Choca Su Veh\u00edculo?\"}]},{\"@type\":\"WebSite\",\"@id\":\"https:\\\/\\\/ceolawyer.com\\\/espanol\\\/#website\",\"url\":\"https:\\\/\\\/ceolawyer.com\\\/espanol\\\/\",\"name\":\"CEO Lawyer\",\"description\":\"Personal Injury Attorney\",\"publisher\":{\"@id\":\"https:\\\/\\\/ceolawyer.com\\\/espanol\\\/#organization\"},\"potentialAction\":[{\"@type\":\"SearchAction\",\"target\":{\"@type\":\"EntryPoint\",\"urlTemplate\":\"https:\\\/\\\/ceolawyer.com\\\/espanol\\\/?s={search_term_string}\"},\"query-input\":{\"@type\":\"PropertyValueSpecification\",\"valueRequired\":true,\"valueName\":\"search_term_string\"}}],\"inLanguage\":\"en-US\"},{\"@type\":\"Organization\",\"@id\":\"https:\\\/\\\/ceolawyer.com\\\/espanol\\\/#organization\",\"name\":\"CEO Lawyer\",\"url\":\"https:\\\/\\\/ceolawyer.com\\\/espanol\\\/\",\"logo\":{\"@type\":\"ImageObject\",\"inLanguage\":\"en-US\",\"@id\":\"https:\\\/\\\/ceolawyer.com\\\/espanol\\\/#\\\/schema\\\/logo\\\/image\\\/\",\"url\":\"https:\\\/\\\/ceolawyer.com\\\/espanol\\\/wp-content\\\/uploads\\\/sites\\\/2\\\/2022\\\/05\\\/CEO_Logo.png\",\"contentUrl\":\"https:\\\/\\\/ceolawyer.com\\\/espanol\\\/wp-content\\\/uploads\\\/sites\\\/2\\\/2022\\\/05\\\/CEO_Logo.png\",\"width\":200,\"height\":108,\"caption\":\"CEO Lawyer\"},\"image\":{\"@id\":\"https:\\\/\\\/ceolawyer.com\\\/espanol\\\/#\\\/schema\\\/logo\\\/image\\\/\"}}]}<\/script>\n<!-- \/ Yoast SEO plugin. -->","yoast_head_json":{"title":"\u00bfQu\u00e9 Sucede Si Alguien Choca Su Veh\u00edculo? | CEO Lawyer","description":"\u00bfQu\u00e9 Sucede Si Alguien Choca Su Veh\u00edculo? Llame al CEO Lawyer Abogados de Accidentes para ayudar.","robots":{"index":"index","follow":"follow","max-snippet":"max-snippet:-1","max-image-preview":"max-image-preview:large","max-video-preview":"max-video-preview:-1"},"canonical":"https:\/\/ceolawyer.com\/espanol\/faq\/ley-de-georgia\/accidente-automovilistico\/que-sucede-si-alguien-choca-su-vehiculo\/","og_locale":"en_US","og_type":"article","og_title":"\u00bfQu\u00e9 Sucede Si Alguien Choca Su Veh\u00edculo? | CEO Lawyer","og_description":"\u00bfQu\u00e9 Sucede Si Alguien Choca Su Veh\u00edculo? Llame al CEO Lawyer Abogados de Accidentes para ayudar.","og_url":"https:\/\/ceolawyer.com\/espanol\/faq\/ley-de-georgia\/accidente-automovilistico\/que-sucede-si-alguien-choca-su-vehiculo\/","og_site_name":"CEO Lawyer","article_modified_time":"2026-03-18T18:42:18+00:00","og_image":[{"width":500,"height":333,"url":"https:\/\/ceolawyer.com\/espanol\/wp-content\/uploads\/sites\/2\/2023\/02\/que-sucede-si-alguien-choca-su-vehiculo.jpg","type":"image\/jpeg"}],"twitter_card":"summary_large_image","twitter_misc":{"Est. reading time":"6 minutes"},"schema":{"@context":"https:\/\/schema.org","@graph":[{"@type":"WebPage","@id":"https:\/\/ceolawyer.com\/espanol\/faq\/ley-de-georgia\/accidente-automovilistico\/que-sucede-si-alguien-choca-su-vehiculo\/","url":"https:\/\/ceolawyer.com\/espanol\/faq\/ley-de-georgia\/accidente-automovilistico\/que-sucede-si-alguien-choca-su-vehiculo\/","name":"\u00bfQu\u00e9 Sucede Si Alguien Choca Su Veh\u00edculo? | CEO Lawyer","isPartOf":{"@id":"https:\/\/ceolawyer.com\/espanol\/#website"},"primaryImageOfPage":{"@id":"https:\/\/ceolawyer.com\/espanol\/faq\/ley-de-georgia\/accidente-automovilistico\/que-sucede-si-alguien-choca-su-vehiculo\/#primaryimage"},"image":{"@id":"https:\/\/ceolawyer.com\/espanol\/faq\/ley-de-georgia\/accidente-automovilistico\/que-sucede-si-alguien-choca-su-vehiculo\/#primaryimage"},"thumbnailUrl":"https:\/\/ceolawyer.com\/espanol\/wp-content\/uploads\/sites\/2\/2023\/02\/que-sucede-si-alguien-choca-su-vehiculo.jpg","datePublished":"2023-02-23T17:04:55+00:00","dateModified":"2026-03-18T18:42:18+00:00","description":"\u00bfQu\u00e9 Sucede Si Alguien Choca Su Veh\u00edculo? Llame al CEO Lawyer Abogados de Accidentes para ayudar.","breadcrumb":{"@id":"https:\/\/ceolawyer.com\/espanol\/faq\/ley-de-georgia\/accidente-automovilistico\/que-sucede-si-alguien-choca-su-vehiculo\/#breadcrumb"},"inLanguage":"en-US","potentialAction":[{"@type":"ReadAction","target":["https:\/\/ceolawyer.com\/espanol\/faq\/ley-de-georgia\/accidente-automovilistico\/que-sucede-si-alguien-choca-su-vehiculo\/"]}]},{"@type":"ImageObject","inLanguage":"en-US","@id":"https:\/\/ceolawyer.com\/espanol\/faq\/ley-de-georgia\/accidente-automovilistico\/que-sucede-si-alguien-choca-su-vehiculo\/#primaryimage","url":"https:\/\/ceolawyer.com\/espanol\/wp-content\/uploads\/sites\/2\/2023\/02\/que-sucede-si-alguien-choca-su-vehiculo.jpg","contentUrl":"https:\/\/ceolawyer.com\/espanol\/wp-content\/uploads\/sites\/2\/2023\/02\/que-sucede-si-alguien-choca-su-vehiculo.jpg","width":500,"height":333,"caption":"Una mujer pide ayuda mientras una gr\u00faa se lleva un autom\u00f3vil."},{"@type":"BreadcrumbList","@id":"https:\/\/ceolawyer.com\/espanol\/faq\/ley-de-georgia\/accidente-automovilistico\/que-sucede-si-alguien-choca-su-vehiculo\/#breadcrumb","itemListElement":[{"@type":"ListItem","position":1,"name":"Home","item":"https:\/\/ceolawyer.com\/espanol\/"},{"@type":"ListItem","position":2,"name":"FAQ","item":"https:\/\/ceolawyer.com\/espanol\/faq\/"},{"@type":"ListItem","position":3,"name":"Lesiones personales en Georgia FAQ","item":"https:\/\/ceolawyer.com\/espanol\/faq\/ley-de-georgia\/"},{"@type":"ListItem","position":4,"name":"\u00bfQu\u00e9 Sucede Si Alguien Choca Su Veh\u00edculo?"}]},{"@type":"WebSite","@id":"https:\/\/ceolawyer.com\/espanol\/#website","url":"https:\/\/ceolawyer.com\/espanol\/","name":"CEO Lawyer","description":"Personal Injury Attorney","publisher":{"@id":"https:\/\/ceolawyer.com\/espanol\/#organization"},"potentialAction":[{"@type":"SearchAction","target":{"@type":"EntryPoint","urlTemplate":"https:\/\/ceolawyer.com\/espanol\/?s={search_term_string}"},"query-input":{"@type":"PropertyValueSpecification","valueRequired":true,"valueName":"search_term_string"}}],"inLanguage":"en-US"},{"@type":"Organization","@id":"https:\/\/ceolawyer.com\/espanol\/#organization","name":"CEO Lawyer","url":"https:\/\/ceolawyer.com\/espanol\/","logo":{"@type":"ImageObject","inLanguage":"en-US","@id":"https:\/\/ceolawyer.com\/espanol\/#\/schema\/logo\/image\/","url":"https:\/\/ceolawyer.com\/espanol\/wp-content\/uploads\/sites\/2\/2022\/05\/CEO_Logo.png","contentUrl":"https:\/\/ceolawyer.com\/espanol\/wp-content\/uploads\/sites\/2\/2022\/05\/CEO_Logo.png","width":200,"height":108,"caption":"CEO Lawyer"},"image":{"@id":"https:\/\/ceolawyer.com\/espanol\/#\/schema\/logo\/image\/"}}]}},"_links":{"self":[{"href":"https:\/\/ceolawyer.com\/espanol\/wp-json\/wp\/v2\/pages\/11660","targetHints":{"allow":["GET"]}}],"collection":[{"href":"https:\/\/ceolawyer.com\/espanol\/wp-json\/wp\/v2\/pages"}],"about":[{"href":"https:\/\/ceolawyer.com\/espanol\/wp-json\/wp\/v2\/types\/page"}],"author":[{"embeddable":true,"href":"https:\/\/ceolawyer.com\/espanol\/wp-json\/wp\/v2\/users\/22"}],"replies":[{"embeddable":true,"href":"https:\/\/ceolawyer.com\/espanol\/wp-json\/wp\/v2\/comments?post=11660"}],"version-history":[{"count":0,"href":"https:\/\/ceolawyer.com\/espanol\/wp-json\/wp\/v2\/pages\/11660\/revisions"}],"up":[{"embeddable":true,"href":"https:\/\/ceolawyer.com\/espanol\/wp-json\/wp\/v2\/pages\/13289"}],"wp:featuredmedia":[{"embeddable":true,"href":"https:\/\/ceolawyer.com\/espanol\/wp-json\/wp\/v2\/media\/11661"}],"wp:attachment":[{"href":"https:\/\/ceolawyer.com\/espanol\/wp-json\/wp\/v2\/media?parent=11660"}],"curies":[{"name":"wp","href":"https:\/\/api.w.org\/{rel}","templated":true}]}}