{"id":11662,"date":"2023-02-23T17:15:32","date_gmt":"2023-02-23T17:15:32","guid":{"rendered":"https:\/\/ceolawyer.com\/espanol\/?page_id=11662"},"modified":"2025-10-30T16:08:19","modified_gmt":"2025-10-30T16:08:19","slug":"lo-que-sucede-cuando-un-conductor-sin-licencia-causa-un-accidente","status":"publish","type":"page","link":"https:\/\/ceolawyer.com\/espanol\/faq\/accidente-automovilistico\/lo-que-sucede-cuando-un-conductor-sin-licencia-causa-un-accidente\/","title":{"rendered":"Lo Que Sucede Cuando Un Conductor Sin Licencia Causa Un Accidente"},"content":{"rendered":"<p><img decoding=\"async\" class=\"alignright size-full wp-image-11663\" src=\"https:\/\/ceolawyer.com\/espanol\/wp-content\/uploads\/sites\/2\/2023\/02\/lo-que-sucede-cuando-un-conductor-sin-licencia-causa-un-accidente.jpg\" alt=\"Un peque\u00f1o coche blanco con da\u00f1os en la parte trasera.\" width=\"500\" height=\"333\" srcset=\"https:\/\/ceolawyer.com\/espanol\/wp-content\/uploads\/sites\/2\/2023\/02\/lo-que-sucede-cuando-un-conductor-sin-licencia-causa-un-accidente.jpg 500w, https:\/\/ceolawyer.com\/espanol\/wp-content\/uploads\/sites\/2\/2023\/02\/lo-que-sucede-cuando-un-conductor-sin-licencia-causa-un-accidente-300x200.jpg 300w\" sizes=\"(max-width: 500px) 100vw, 500px\" \/>En la mayor\u00eda de los accidentes automovil\u00edsticos, la soluci\u00f3n m\u00e1s com\u00fan es que la compa\u00f1\u00eda de seguro del conductor culpable paga por los da\u00f1os de la otra parte. Si el conductor culpable tiene cobertura de accidentes y gastos m\u00e9dicos adem\u00e1s de responsabilidad, su seguro probablemente cubrir\u00e1 sus da\u00f1os tambi\u00e9n. Sin embargo, hay varios escenarios donde esto no sucede, y tener un accidente con un conductor sin licencia puede complicar la situaci\u00f3n. Lo que le sucede a usted y a sus da\u00f1os depende de varios factores, que discutiremos en este art\u00edculo.<\/p>\n<p>Aqu\u00ed se presentan algunas respuestas comunes a preguntas sobre lo que sucede cuando un conductor sin licencia lo golpea:<\/p>\n<h2><b>\u00bfTengo Que Pagar Por Los Da\u00f1os Si El Conductor No Ten\u00eda Licencia?<\/b><\/h2>\n<p>Lo primero que hay que entender es que \u201csin licencia\u201d y \u201csin seguro\u201d son dos situaciones diferentes, aunque en la mayor\u00eda de las ocasiones producen el mismo problema. Generalmente, el seguro de autom\u00f3vil est\u00e1 unido al autom\u00f3vil y cubrir\u00e1 accidentes causados por cualquier persona que conduzca el veh\u00edculo con el permiso del propietario. Por lo tanto, si un amigo toma prestado su veh\u00edculo y lo choca, no tendr\u00e1 que preocuparse en demandar para pagar las reparaciones.<\/p>\n<p>Desafortunadamente, la mayor\u00eda de las compa\u00f1\u00edas de seguros no cubren a los conductores que est\u00e1n violando la ley, por lo que, si el conductor no ten\u00eda licencia, el seguro del propietario del veh\u00edculo podr\u00eda no cubrir sus da\u00f1os despu\u00e9s de todo. Sin embargo, usted debe poder presentar un reclamo con su compa\u00f1\u00eda de seguros si tiene cobertura de automovilista (UI\/UM) sin seguro o con seguro insuficiente. \u00bfNo tiene cobertura de UI\/UM? Considere agregarla a su cobertura por responsabilidad \u2013 cerca del<a href=\"https:\/\/www.iii.org\/fact-statistic\/facts-statistics-uninsured-motorists\"> 12.4 por ciento de los conductores en Georgia<\/a> no tienen seguro, seg\u00fan el Instituto de Informaci\u00f3n de Seguros.<\/p>\n<h2><b>\u00bfQu\u00e9 Pasa Si MI Compa\u00f1\u00eda de Seguros Dice Que El Accidente Fue MI Culpa?<\/b><\/h2>\n<p>Conducir sin licencia es ilegal, pero no hace que el otro conductor autom\u00e1ticamente sea culpable del accidente. Por supuesto, se ocupar\u00e1n de suficientes problemas legales debido a que no tienen licencia y posiblemente ser\u00e1n arrestados por conducir sin licencia. Dependiendo si han sido arrestados por conducir sin licencia, podr\u00edan enfrentar<a href=\"https:\/\/www.drivinglaws.org\/resources\/driving-without-a-license-georgia.htm\"> meses o hasta varios\u00a0 a\u00f1os en la c\u00e1rcel o prisi\u00f3n<\/a>. Pueden contratar a un abogado privado para que los represente con la esperanza de vencer estos cargos.<\/p>\n<p>\u00bfPor qu\u00e9 le importa esto? El punto es que el conductor sin licencia puede estar en una situaci\u00f3n financiera dif\u00edcil, y como resultado, probablemente har\u00e1 todo lo posible para evitar la responsabilidad por el accidente en s\u00ed, lo que podr\u00eda llevar a que le echen la culpa.<\/p>\n<p>Ahora, pensar\u00eda que su compa\u00f1\u00eda de seguros estar\u00eda de su lado, pero recuerde que es un negocio. La prioridad principal de la compa\u00f1\u00eda de seguros siempre ser\u00e1 su balance final, y estar de acuerdo que el accidente es su culpa les ahorra pagar una reclamaci\u00f3n de UI\/UM. Despu\u00e9s de todo, no est\u00e1 seguro. \u00a1Adem\u00e1s, tienen una excusa para subir sus tarifas si el accidente fue su culpa! (Si usted tiene cobertura de accidentes y gastos m\u00e9dicos, estos pagar\u00e1n por un accidente que es su culpa, pero aun as\u00ed podr\u00eda estar sujeto a una subida de tarifas.)<\/p>\n<p>Si usted est\u00e1 en esta situaci\u00f3n, puede ser frustrante, y usted puede ser tentado a darle a la compa\u00f1\u00eda de seguros una parte de su mente. Desafortunadamente, eso puede empeorar las cosas. El ajustador de seguro va probablemente a grabar su conversaci\u00f3n, despu\u00e9s repasar todo lo que usted dijo hasta que encuentren algo que piensan que indica que usted tuvo la culpa. Cuanta m\u00e1s informaci\u00f3n les comparta, m\u00e1s material ellos tienen para elegir.<\/p>\n<p>No permita que tergiversen sus palabras. Mejor, llame a un abogado de accidentes de autom\u00f3vil inmediatamente. Investigaremos a fondo el accidente, y podemos encontrar evidencia que a la polic\u00eda le falt\u00f3. A menudo los oficiales de la ley est\u00e1n muy ocupados y carecen del tiempo y los recursos para investigar profundamente un accidente automovil\u00edstico, pero nuestro equipo de investigaci\u00f3n tiene el tiempo para investigar. A veces, podemos encontrar m\u00e1s testigos o descubrir v\u00eddeo de un smartphone o c\u00e1mara de timbre.<\/p>\n<p>Si podemos descubrir pruebas de que el conductor sin licencia era el culpable, podemos volver a enviar su reclamaci\u00f3n de UI\/UM a la compa\u00f1\u00eda de seguros, y les resultar\u00e1 m\u00e1s dif\u00edcil decir que no. Adem\u00e1s, usted puede demandar al otro conductor por cualquier<a href=\"https:\/\/ceolawyer.com\/faq\/georgia-law\/car-accident\/is-uninsured-motorist-coverage-required-in-georgia\/\"> da\u00f1o no cubierto por la p\u00f3liza de UI\/UM<\/a>. Dicho esto, esto puede no ser factible. Si el otro conductor no tiene activos significativos que podamos incautar, gastar tiempo y dinero en una demanda probablemente no es una buena opci\u00f3n.<\/p>\n<p>Hay otra raz\u00f3n por la que es esencial probar que el otro conductor tiene la falla, incluso si no los demanda. Si el otro conductor convence a un jurado que usted fue culpable, \u00e9l puede demandar por da\u00f1os. Recuerde que, en Georgia, las demandas por lesiones personales se basan en determinar qui\u00e9n fue la persona m\u00e1s culpable. Para hacer una reclamaci\u00f3n contra otra persona o su seguro, no tiene que probar que el accidente fue 100 por ciento su culpa, s\u00f3lo 51 por ciento o m\u00e1s. Si no hab\u00eda testigos conocidos del accidente, el otro conductor podr\u00eda ser capaz de hacer el caso de que usted es m\u00e1s en mayor\u00eda culpable, incluso si tambi\u00e9n cometi\u00f3 un error.<\/p>\n<h2><b>\u00bfPor Qu\u00e9 la Gente Conduce Sin Licencia?<\/b><\/h2>\n<p>Hay muchas razones por las que esto sucede. Algunos conductores no tienen el tiempo o el dinero para someterse al proceso de licencia. Otros pueden haber perdido su licencia debido a conducir ebrio, multas por conducir en exceso velocidad, u otras violaciones de tr\u00e1nsito. Algunas personas pueden no ser capaces de conducir con seguridad debido a una discapacidad o problema m\u00e9dico, como un impedimento visual o un trastorno convulsivo. La conclusi\u00f3n es que hay mucha gente en el camino que no deber\u00eda estar, y nunca se sabe cu\u00e1ndo una de ellas cruzar\u00e1 su camino. Tener cobertura de UI\/UM le ayudar\u00e1 a protegerse en estas situaciones.<\/p>\n<h2><b>Llame a la Firma de Abogado de Accidentes de CEO Lawyer Especializada en Lesiones Personales.<\/b><\/h2>\n<p>Si usted ha estado en un accidente causado por la negligencia de alguien m\u00e1s, usted necesita el apoyo de un<a href=\"https:\/\/ceolawyer.com\/georgia-personal-injury\/car-accident-lawyer\/\"> abogado de accidentes de autom\u00f3vil de Georgia<\/a> con experiencia. El abogado Ali Awad fund\u00f3 la firma de abogados, CEO Lawyer, y r\u00e1pidamente la transform\u00f3 en el despacho de abogados de m\u00e1s r\u00e1pido crecimiento en el pa\u00eds, superando a otros 499. Cuando no est\u00e1 luchando por clientes en la sala del tribunal o negociando con compa\u00f1\u00edas de seguros, comparte sabidur\u00eda legal con m\u00e1s de un mill\u00f3n de seguidores en las redes sociales. Para una consulta gratuita sobre su accidente, por favor contacte la firma de abogados especializada en lesiones personales CEO Lawyer.<\/p>\n<p>Si un conductor sin licencia lo ha lesionado a usted o a alguien que usted ama, p\u00f3ngase en contacto con la firma de abogados especializada en lesiones personales CEO Lawyer para una consulta gratis hoy mismo en <a href=\"tel:+18883073792\">888-307-3792<\/a>.<\/p>\n<p>&nbsp;<\/p>\n<p>&nbsp;<\/p>\n","protected":false},"excerpt":{"rendered":"<p>En la mayor\u00eda de los accidentes automovil\u00edsticos, la soluci\u00f3n m\u00e1s com\u00fan es que la compa\u00f1\u00eda de seguro del conductor culpable paga por los da\u00f1os de la otra parte. Si el conductor culpable tiene cobertura de accidentes y gastos m\u00e9dicos adem\u00e1s de responsabilidad, su seguro probablemente cubrir\u00e1 sus da\u00f1os tambi\u00e9n. Sin embargo, hay varios escenarios donde [&hellip;]<\/p>\n","protected":false},"author":22,"featured_media":11663,"parent":11628,"menu_order":0,"comment_status":"closed","ping_status":"closed","template":"","meta":{"_acf_changed":false,"footnotes":""},"class_list":["post-11662","page","type-page","status-publish","has-post-thumbnail","hentry"],"acf":[],"yoast_head":"<!-- This site is optimized with the Yoast SEO plugin v27.2 - https:\/\/yoast.com\/product\/yoast-seo-wordpress\/ -->\n<title>\u00bfQu\u00e9 Pasa si un Conductor sin Licencia Causa un Accidente? | CEO Lawyer<\/title>\n<meta name=\"description\" content=\"Llame al CEO Lawyer Abogados de Accidentes si un conductor sin licencia lo lastim\u00f3 al 833-254-2923.\" \/>\n<meta name=\"robots\" content=\"index, follow, max-snippet:-1, max-image-preview:large, max-video-preview:-1\" \/>\n<link rel=\"canonical\" href=\"https:\/\/ceolawyer.com\/espanol\/faq\/accidente-automovilistico\/lo-que-sucede-cuando-un-conductor-sin-licencia-causa-un-accidente\/\" \/>\n<meta property=\"og:locale\" content=\"en_US\" \/>\n<meta property=\"og:type\" content=\"article\" \/>\n<meta property=\"og:title\" content=\"\u00bfQu\u00e9 Pasa si un Conductor sin Licencia Causa un Accidente? | CEO Lawyer\" \/>\n<meta property=\"og:description\" content=\"Llame al CEO Lawyer Abogados de Accidentes si un conductor sin licencia lo lastim\u00f3 al 833-254-2923.\" \/>\n<meta property=\"og:url\" content=\"https:\/\/ceolawyer.com\/espanol\/faq\/accidente-automovilistico\/lo-que-sucede-cuando-un-conductor-sin-licencia-causa-un-accidente\/\" \/>\n<meta property=\"og:site_name\" content=\"CEO Lawyer\" \/>\n<meta property=\"article:modified_time\" content=\"2025-10-30T16:08:19+00:00\" \/>\n<meta property=\"og:image\" content=\"https:\/\/ceolawyer.com\/espanol\/wp-content\/uploads\/sites\/2\/2023\/02\/lo-que-sucede-cuando-un-conductor-sin-licencia-causa-un-accidente.jpg\" \/>\n\t<meta property=\"og:image:width\" content=\"500\" \/>\n\t<meta property=\"og:image:height\" content=\"333\" \/>\n\t<meta property=\"og:image:type\" content=\"image\/jpeg\" \/>\n<meta name=\"twitter:card\" content=\"summary_large_image\" \/>\n<meta name=\"twitter:label1\" content=\"Est. reading time\" \/>\n\t<meta name=\"twitter:data1\" content=\"6 minutes\" \/>\n<script type=\"application\/ld+json\" class=\"yoast-schema-graph\">{\"@context\":\"https:\/\/schema.org\",\"@graph\":[{\"@type\":\"WebPage\",\"@id\":\"https:\/\/ceolawyer.com\/espanol\/faq\/accidente-automovilistico\/lo-que-sucede-cuando-un-conductor-sin-licencia-causa-un-accidente\/\",\"url\":\"https:\/\/ceolawyer.com\/espanol\/faq\/accidente-automovilistico\/lo-que-sucede-cuando-un-conductor-sin-licencia-causa-un-accidente\/\",\"name\":\"\u00bfQu\u00e9 Pasa si un Conductor sin Licencia Causa un Accidente? | CEO Lawyer\",\"isPartOf\":{\"@id\":\"https:\/\/ceolawyer.com\/espanol\/#website\"},\"primaryImageOfPage\":{\"@id\":\"https:\/\/ceolawyer.com\/espanol\/faq\/accidente-automovilistico\/lo-que-sucede-cuando-un-conductor-sin-licencia-causa-un-accidente\/#primaryimage\"},\"image\":{\"@id\":\"https:\/\/ceolawyer.com\/espanol\/faq\/accidente-automovilistico\/lo-que-sucede-cuando-un-conductor-sin-licencia-causa-un-accidente\/#primaryimage\"},\"thumbnailUrl\":\"https:\/\/ceolawyer.com\/espanol\/wp-content\/uploads\/sites\/2\/2023\/02\/lo-que-sucede-cuando-un-conductor-sin-licencia-causa-un-accidente.jpg\",\"datePublished\":\"2023-02-23T17:15:32+00:00\",\"dateModified\":\"2025-10-30T16:08:19+00:00\",\"description\":\"Llame al CEO Lawyer Abogados de Accidentes si un conductor sin licencia lo lastim\u00f3 al 833-254-2923.\",\"breadcrumb\":{\"@id\":\"https:\/\/ceolawyer.com\/espanol\/faq\/accidente-automovilistico\/lo-que-sucede-cuando-un-conductor-sin-licencia-causa-un-accidente\/#breadcrumb\"},\"inLanguage\":\"en-US\",\"potentialAction\":[{\"@type\":\"ReadAction\",\"target\":[\"https:\/\/ceolawyer.com\/espanol\/faq\/accidente-automovilistico\/lo-que-sucede-cuando-un-conductor-sin-licencia-causa-un-accidente\/\"]}]},{\"@type\":\"ImageObject\",\"inLanguage\":\"en-US\",\"@id\":\"https:\/\/ceolawyer.com\/espanol\/faq\/accidente-automovilistico\/lo-que-sucede-cuando-un-conductor-sin-licencia-causa-un-accidente\/#primaryimage\",\"url\":\"https:\/\/ceolawyer.com\/espanol\/wp-content\/uploads\/sites\/2\/2023\/02\/lo-que-sucede-cuando-un-conductor-sin-licencia-causa-un-accidente.jpg\",\"contentUrl\":\"https:\/\/ceolawyer.com\/espanol\/wp-content\/uploads\/sites\/2\/2023\/02\/lo-que-sucede-cuando-un-conductor-sin-licencia-causa-un-accidente.jpg\",\"width\":500,\"height\":333,\"caption\":\"Un peque\u00f1o coche blanco con da\u00f1os en la parte trasera.\"},{\"@type\":\"BreadcrumbList\",\"@id\":\"https:\/\/ceolawyer.com\/espanol\/faq\/accidente-automovilistico\/lo-que-sucede-cuando-un-conductor-sin-licencia-causa-un-accidente\/#breadcrumb\",\"itemListElement\":[{\"@type\":\"ListItem\",\"position\":1,\"name\":\"Home\",\"item\":\"https:\/\/ceolawyer.com\/espanol\/\"},{\"@type\":\"ListItem\",\"position\":2,\"name\":\"FAQ\",\"item\":\"https:\/\/ceolawyer.com\/espanol\/faq\/\"},{\"@type\":\"ListItem\",\"position\":3,\"name\":\"Accidente automovil\u00edstico en Georgia FAQ\",\"item\":\"https:\/\/ceolawyer.com\/espanol\/faq\/ley-de-georgia\/accidente-automovilistico\/\"},{\"@type\":\"ListItem\",\"position\":4,\"name\":\"Lo Que Sucede Cuando Un Conductor Sin Licencia Causa Un Accidente\"}]},{\"@type\":\"WebSite\",\"@id\":\"https:\/\/ceolawyer.com\/espanol\/#website\",\"url\":\"https:\/\/ceolawyer.com\/espanol\/\",\"name\":\"CEO Lawyer\",\"description\":\"Personal Injury Attorney\",\"publisher\":{\"@id\":\"https:\/\/ceolawyer.com\/espanol\/#organization\"},\"potentialAction\":[{\"@type\":\"SearchAction\",\"target\":{\"@type\":\"EntryPoint\",\"urlTemplate\":\"https:\/\/ceolawyer.com\/espanol\/?s={search_term_string}\"},\"query-input\":{\"@type\":\"PropertyValueSpecification\",\"valueRequired\":true,\"valueName\":\"search_term_string\"}}],\"inLanguage\":\"en-US\"},{\"@type\":\"Organization\",\"@id\":\"https:\/\/ceolawyer.com\/espanol\/#organization\",\"name\":\"CEO Lawyer\",\"url\":\"https:\/\/ceolawyer.com\/espanol\/\",\"logo\":{\"@type\":\"ImageObject\",\"inLanguage\":\"en-US\",\"@id\":\"https:\/\/ceolawyer.com\/espanol\/#\/schema\/logo\/image\/\",\"url\":\"https:\/\/ceolawyer.com\/espanol\/wp-content\/uploads\/sites\/2\/2022\/05\/CEO_Logo.png\",\"contentUrl\":\"https:\/\/ceolawyer.com\/espanol\/wp-content\/uploads\/sites\/2\/2022\/05\/CEO_Logo.png\",\"width\":200,\"height\":108,\"caption\":\"CEO Lawyer\"},\"image\":{\"@id\":\"https:\/\/ceolawyer.com\/espanol\/#\/schema\/logo\/image\/\"}}]}<\/script>\n<!-- \/ Yoast SEO plugin. -->","yoast_head_json":{"title":"\u00bfQu\u00e9 Pasa si un Conductor sin Licencia Causa un Accidente? | CEO Lawyer","description":"Llame al CEO Lawyer Abogados de Accidentes si un conductor sin licencia lo lastim\u00f3 al 833-254-2923.","robots":{"index":"index","follow":"follow","max-snippet":"max-snippet:-1","max-image-preview":"max-image-preview:large","max-video-preview":"max-video-preview:-1"},"canonical":"https:\/\/ceolawyer.com\/espanol\/faq\/accidente-automovilistico\/lo-que-sucede-cuando-un-conductor-sin-licencia-causa-un-accidente\/","og_locale":"en_US","og_type":"article","og_title":"\u00bfQu\u00e9 Pasa si un Conductor sin Licencia Causa un Accidente? | CEO Lawyer","og_description":"Llame al CEO Lawyer Abogados de Accidentes si un conductor sin licencia lo lastim\u00f3 al 833-254-2923.","og_url":"https:\/\/ceolawyer.com\/espanol\/faq\/accidente-automovilistico\/lo-que-sucede-cuando-un-conductor-sin-licencia-causa-un-accidente\/","og_site_name":"CEO Lawyer","article_modified_time":"2025-10-30T16:08:19+00:00","og_image":[{"width":500,"height":333,"url":"https:\/\/ceolawyer.com\/espanol\/wp-content\/uploads\/sites\/2\/2023\/02\/lo-que-sucede-cuando-un-conductor-sin-licencia-causa-un-accidente.jpg","type":"image\/jpeg"}],"twitter_card":"summary_large_image","twitter_misc":{"Est. reading time":"6 minutes"},"schema":{"@context":"https:\/\/schema.org","@graph":[{"@type":"WebPage","@id":"https:\/\/ceolawyer.com\/espanol\/faq\/accidente-automovilistico\/lo-que-sucede-cuando-un-conductor-sin-licencia-causa-un-accidente\/","url":"https:\/\/ceolawyer.com\/espanol\/faq\/accidente-automovilistico\/lo-que-sucede-cuando-un-conductor-sin-licencia-causa-un-accidente\/","name":"\u00bfQu\u00e9 Pasa si un Conductor sin Licencia Causa un Accidente? | CEO Lawyer","isPartOf":{"@id":"https:\/\/ceolawyer.com\/espanol\/#website"},"primaryImageOfPage":{"@id":"https:\/\/ceolawyer.com\/espanol\/faq\/accidente-automovilistico\/lo-que-sucede-cuando-un-conductor-sin-licencia-causa-un-accidente\/#primaryimage"},"image":{"@id":"https:\/\/ceolawyer.com\/espanol\/faq\/accidente-automovilistico\/lo-que-sucede-cuando-un-conductor-sin-licencia-causa-un-accidente\/#primaryimage"},"thumbnailUrl":"https:\/\/ceolawyer.com\/espanol\/wp-content\/uploads\/sites\/2\/2023\/02\/lo-que-sucede-cuando-un-conductor-sin-licencia-causa-un-accidente.jpg","datePublished":"2023-02-23T17:15:32+00:00","dateModified":"2025-10-30T16:08:19+00:00","description":"Llame al CEO Lawyer Abogados de Accidentes si un conductor sin licencia lo lastim\u00f3 al 833-254-2923.","breadcrumb":{"@id":"https:\/\/ceolawyer.com\/espanol\/faq\/accidente-automovilistico\/lo-que-sucede-cuando-un-conductor-sin-licencia-causa-un-accidente\/#breadcrumb"},"inLanguage":"en-US","potentialAction":[{"@type":"ReadAction","target":["https:\/\/ceolawyer.com\/espanol\/faq\/accidente-automovilistico\/lo-que-sucede-cuando-un-conductor-sin-licencia-causa-un-accidente\/"]}]},{"@type":"ImageObject","inLanguage":"en-US","@id":"https:\/\/ceolawyer.com\/espanol\/faq\/accidente-automovilistico\/lo-que-sucede-cuando-un-conductor-sin-licencia-causa-un-accidente\/#primaryimage","url":"https:\/\/ceolawyer.com\/espanol\/wp-content\/uploads\/sites\/2\/2023\/02\/lo-que-sucede-cuando-un-conductor-sin-licencia-causa-un-accidente.jpg","contentUrl":"https:\/\/ceolawyer.com\/espanol\/wp-content\/uploads\/sites\/2\/2023\/02\/lo-que-sucede-cuando-un-conductor-sin-licencia-causa-un-accidente.jpg","width":500,"height":333,"caption":"Un peque\u00f1o coche blanco con da\u00f1os en la parte trasera."},{"@type":"BreadcrumbList","@id":"https:\/\/ceolawyer.com\/espanol\/faq\/accidente-automovilistico\/lo-que-sucede-cuando-un-conductor-sin-licencia-causa-un-accidente\/#breadcrumb","itemListElement":[{"@type":"ListItem","position":1,"name":"Home","item":"https:\/\/ceolawyer.com\/espanol\/"},{"@type":"ListItem","position":2,"name":"FAQ","item":"https:\/\/ceolawyer.com\/espanol\/faq\/"},{"@type":"ListItem","position":3,"name":"Accidente automovil\u00edstico en Georgia FAQ","item":"https:\/\/ceolawyer.com\/espanol\/faq\/ley-de-georgia\/accidente-automovilistico\/"},{"@type":"ListItem","position":4,"name":"Lo Que Sucede Cuando Un Conductor Sin Licencia Causa Un Accidente"}]},{"@type":"WebSite","@id":"https:\/\/ceolawyer.com\/espanol\/#website","url":"https:\/\/ceolawyer.com\/espanol\/","name":"CEO Lawyer","description":"Personal Injury Attorney","publisher":{"@id":"https:\/\/ceolawyer.com\/espanol\/#organization"},"potentialAction":[{"@type":"SearchAction","target":{"@type":"EntryPoint","urlTemplate":"https:\/\/ceolawyer.com\/espanol\/?s={search_term_string}"},"query-input":{"@type":"PropertyValueSpecification","valueRequired":true,"valueName":"search_term_string"}}],"inLanguage":"en-US"},{"@type":"Organization","@id":"https:\/\/ceolawyer.com\/espanol\/#organization","name":"CEO Lawyer","url":"https:\/\/ceolawyer.com\/espanol\/","logo":{"@type":"ImageObject","inLanguage":"en-US","@id":"https:\/\/ceolawyer.com\/espanol\/#\/schema\/logo\/image\/","url":"https:\/\/ceolawyer.com\/espanol\/wp-content\/uploads\/sites\/2\/2022\/05\/CEO_Logo.png","contentUrl":"https:\/\/ceolawyer.com\/espanol\/wp-content\/uploads\/sites\/2\/2022\/05\/CEO_Logo.png","width":200,"height":108,"caption":"CEO Lawyer"},"image":{"@id":"https:\/\/ceolawyer.com\/espanol\/#\/schema\/logo\/image\/"}}]}},"_links":{"self":[{"href":"https:\/\/ceolawyer.com\/espanol\/wp-json\/wp\/v2\/pages\/11662","targetHints":{"allow":["GET"]}}],"collection":[{"href":"https:\/\/ceolawyer.com\/espanol\/wp-json\/wp\/v2\/pages"}],"about":[{"href":"https:\/\/ceolawyer.com\/espanol\/wp-json\/wp\/v2\/types\/page"}],"author":[{"embeddable":true,"href":"https:\/\/ceolawyer.com\/espanol\/wp-json\/wp\/v2\/users\/22"}],"replies":[{"embeddable":true,"href":"https:\/\/ceolawyer.com\/espanol\/wp-json\/wp\/v2\/comments?post=11662"}],"version-history":[{"count":0,"href":"https:\/\/ceolawyer.com\/espanol\/wp-json\/wp\/v2\/pages\/11662\/revisions"}],"up":[{"embeddable":true,"href":"https:\/\/ceolawyer.com\/espanol\/wp-json\/wp\/v2\/pages\/11628"}],"wp:featuredmedia":[{"embeddable":true,"href":"https:\/\/ceolawyer.com\/espanol\/wp-json\/wp\/v2\/media\/11663"}],"wp:attachment":[{"href":"https:\/\/ceolawyer.com\/espanol\/wp-json\/wp\/v2\/media?parent=11662"}],"curies":[{"name":"wp","href":"https:\/\/api.w.org\/{rel}","templated":true}]}}