{"id":11667,"date":"2023-02-23T17:28:51","date_gmt":"2023-02-23T17:28:51","guid":{"rendered":"https:\/\/ceolawyer.com\/espanol\/?page_id=11667"},"modified":"2026-03-18T18:41:11","modified_gmt":"2026-03-18T18:41:11","slug":"que-hacer-despues-de-un-accidente-automovilistico-que-no-fue-su-culpa","status":"publish","type":"page","link":"https:\/\/ceolawyer.com\/espanol\/faq\/ley-de-georgia\/accidente-automovilistico\/que-hacer-despues-de-un-accidente-automovilistico-que-no-fue-su-culpa\/","title":{"rendered":"\u00bfQu\u00e9 Hacer Despu\u00e9s de Un Accidente Automovil\u00edstico Que No Fue Su Culpa?"},"content":{"rendered":"<p><img decoding=\"async\" class=\"alignright size-full wp-image-11668\" src=\"https:\/\/ceolawyer.com\/espanol\/wp-content\/uploads\/sites\/2\/2023\/02\/que-hacer-despues-de-un-accidente-automovilistico-que-no-fue-su-culpa.jpg\" alt=\"what to do after a car accident not your fault\" width=\"500\" height=\"333\" srcset=\"https:\/\/ceolawyer.com\/espanol\/wp-content\/uploads\/sites\/2\/2023\/02\/que-hacer-despues-de-un-accidente-automovilistico-que-no-fue-su-culpa.jpg 500w, https:\/\/ceolawyer.com\/espanol\/wp-content\/uploads\/sites\/2\/2023\/02\/que-hacer-despues-de-un-accidente-automovilistico-que-no-fue-su-culpa-300x200.jpg 300w\" sizes=\"(max-width: 500px) 100vw, 500px\" \/>\u00bfAlguna vez se ha preguntado qu\u00e9 hacer despu\u00e9s de un<a href=\"https:\/\/ceolawyer.com\/georgia-personal-injury\/car-accident-lawyer\/\"> accidente<\/a> automovil\u00edstico que no fue su culpa? Puede parecer imposible para usted que est\u00e1 en un accidente de veh\u00edculo en movimiento, pero si el otro conductor es claramente culpable, usted podr\u00eda todav\u00eda ser dado la culpa al final del d\u00eda. Esto se debe a que, en algunas jurisdicciones, si el accidente no fue presenciado por la polic\u00eda u otros testigos, todav\u00eda puede haber culpa en ambos conductores.<\/p>\n<h2>Piense Claramente en Su Participaci\u00f3n en El Accidente Despu\u00e9s Del Accidente de Coche<\/h2>\n<p>Puede ser dif\u00edcil de admitir, pero \u00bffue parcialmente culpable usted del<a href=\"https:\/\/en.wikipedia.org\/wiki\/Traffic_collision\"> accidente de coche<\/a>? \u00bfEs ese un problema potencial que usted juega un papel en el accidente? Si usted se sienta y piensa claramente despu\u00e9s del accidente de carro, usted puede encontrar que usted tambi\u00e9n es responsable del accidente. Si cree que no ha participado en la responsabilidad del accidente de carro, d\u00edgaselo a las autoridades cuando se le pregunte. Pero si usted es responsable del accidente, es posible que tenga que asumir la responsabilidad de parte de las p\u00e9rdidas por el accidente.<\/p>\n<h2>Georgia No Es Un Estado Sin Culpa<\/h2>\n<p>El Estado de Georgia no se considera un estado sin culpa. Eso significa que, para cada accidente de coche, alguien necesita ser dado la culpa o la responsabilidad asignada para esa p\u00e9rdida. En algunos casos, est\u00e1 claro qui\u00e9n es responsable de una p\u00e9rdida. Por ejemplo, cuando un veh\u00edculo est\u00e1 estacionado y otro\u00a0 lo golpea. Este deber\u00eda ser un caso claro para determinar el conductor culpable en ese tipo de accidente. Pero, \u00bfqu\u00e9 sucede cuando los conductores se vuelven unos con otros, o los conductores tienen sus veh\u00edculos sobre la l\u00ednea, y es m\u00e1s dif\u00edcil determinar la culpa? En esas ocasiones, ser\u00e1 necesario que la polic\u00eda o las autoridades encargadas de hacer cumplir la ley investiguen qui\u00e9n es la persona m\u00e1s culpable de la p\u00e9rdida.<\/p>\n<h2>Conserve Toda la Documentaci\u00f3n Relativa a la P\u00e9rdida<\/h2>\n<p>Despu\u00e9s de un accidente de coche que sienta que es culpa de otra persona, tendr\u00e1 que mantener un registro de toda la documentaci\u00f3n relativa a las p\u00e9rdidas o da\u00f1os causados por esta p\u00e9rdida. Si tiene que remolcar su autom\u00f3vil de la escena del accidente, guarde la factura de remolque. Si se le ofrece que lo revisen en la escena, permita que los param\u00e9dicos determinen si tiene alguna lesi\u00f3n interna u otras lesiones que no puedan encontrar en la escena. Si usted tiene lesiones auxiliares, tales como latigazo cervical o dolores de cabeza despu\u00e9s de la p\u00e9rdida, entonces mantenga un registro de todas las visitas al m\u00e9dico o a la sala de emergencias. Usted puede incluso hacer una carpeta de archivo para guardar todo su papeleo relacionado al accidente del coche para permanecer organizado sobre sus da\u00f1os y lesiones relacionadas con la p\u00e9rdida.<\/p>\n<h2>D\u00e9 Una Declaraci\u00f3n a la Polic\u00eda Inmediatamente Despu\u00e9s Del Accidente<\/h2>\n<p>Despu\u00e9s de un accidente de carros, usted ser\u00e1 m\u00e1s consciente, alerta, y centrado en recordar exactamente lo que sucedi\u00f3 durante el tiempo del accidente. \u00a1El tiempo justo antes del accidente es tambi\u00e9n un momento muy importante para recordar! Esto puede tener informaci\u00f3n cr\u00edtica que se relaciona con la p\u00e9rdida, y querr\u00e1 escribir toda esta informaci\u00f3n en un papel antes de que usted lo olvide. Despu\u00e9s de un accidente de coche,\u00a0 querr\u00e1 volver a la normalidad y su rutina diaria lo antes posible. Es la naturaleza humana querer volver a un horario normal. Pero una vez que regrese a su vida normal, ser\u00e1 muy f\u00e1cil olvidar los detalles del accidente. Siempre mantenga un diario de lo que sucedi\u00f3 hasta la p\u00e9rdida, durante el accidente, e inmediatamente despu\u00e9s. Estos registros ayudar\u00e1n a averiguar las partes responsables de la p\u00e9rdida.<\/p>\n<h2>Intercambie Informaci\u00f3n Con Los Otros Conductores y Testigos<\/h2>\n<p>Si puede intercambiar informaci\u00f3n con otros conductores y testigos en el lugar de un accidente de coche, no dude en hacerlo. Hay algunas situaciones en las que puede que no desee hacer esto y se le advierte que no lo haga. Si el accidente parece ser el resultado de la furia en la carretera, o el otro conductor est\u00e1 irritado, enojado, beligerante, despotricando o peligrosamente alterado, no intente hablar con esta persona. Esta es la situaci\u00f3n en la que un conductor enojado puede desquitarse con usted, y podr\u00eda resultar en un asalto contra su persona. Este es el caso, especialmente cuando la otra persona est\u00e1 equivocada. En esos casos, espere a la polic\u00eda y obtenga la informaci\u00f3n de ese conductor de las autoridades policiales. A menudo desde su auto, usted puede tomar fotos de la placa del otro conductor, el auto, o los da\u00f1os a los autom\u00f3viles, y es una manera m\u00e1s segura de manejar este tipo de situaci\u00f3n y permanecer seguro en los momentos acalorados despu\u00e9s de un accidente de auto.<\/p>\n<h2>Llame a Su Compa\u00f1\u00eda de Seguros Inmediatamente Despu\u00e9s Del Accidente de Coche<\/h2>\n<p>Usted querr\u00e1 llamar a su compa\u00f1\u00eda de seguros tan pronto como sea seguro hacerlo. Una vez que est\u00e9 en un \u00e1rea segura y haya administrado su atenci\u00f3n m\u00e9dica de emergencia, puede llamar a su compa\u00f1\u00eda de seguros y presentar la reclamaci\u00f3n. D\u00edgale a la compa\u00f1\u00eda de seguros toda la informaci\u00f3n relacionada con la p\u00e9rdida y el accidente, no deje ning\u00fan detalle. A medida que investiguen la p\u00e9rdida para determinar la culpa, los detalles tendr\u00e1n importancia. Usted contestar\u00e1 sus preguntas, que pueden preguntar cosas como la hora del d\u00eda, si el sol estaba en sus ojos o un factor para el resplandor, las condiciones clim\u00e1ticas, si los conductores eran o parec\u00edan distra\u00eddos, etc. \u00c9stas son todas las preguntas que usted podr\u00eda experimentar sobre esta p\u00e9rdida. La compa\u00f1\u00eda de seguros puede determinar la responsabilidad en base a estos detalles.<\/p>\n<h2>\u00bfCu\u00e1nta Compensaci\u00f3n de Recuperaci\u00f3n Recibir\u00e9?<\/h2>\n<p>Es dif\u00edcil determinar cu\u00e1l ser\u00e1 su compensaci\u00f3n monetaria despu\u00e9s de un accidente de tr\u00e1nsito, especialmente uno en el que usted siente que no fue culpable. Es all\u00ed cuando usted deber\u00eda hablar con un experto legal sobre su reclamo. No hay dos accidentes iguales. No debe recurrir al consejo de su familia, amigos y compa\u00f1eros de trabajo, ya que no son expertos en determinar p\u00e9rdidas de este tipo. Usted querr\u00e1 un experto legal de su parte en estos casos que le ayude a navegar y determinar la manera correcta de poner en l\u00ednea a las partes culpables para que le reembolsen sus da\u00f1os y p\u00e9rdidas despu\u00e9s de un accidente entre veh\u00edculos.<\/p>\n<h2>Aprenda M\u00e1s Sobre Lo Que Debe Hacer Despu\u00e9s de Un Accidente Automovil\u00edstico Que No Fue SU Culpa<\/h2>\n<p>Cuando usted est\u00e1 sufriendo de una lesi\u00f3n severa que ha sido el resultado de un accidente de carros, d\u00e9 a nuestros abogados de lesiones y accidentes una llamada a<a href=\"https:\/\/ceolawyer.com\/georgia-personal-injury\/car-accident-lawyer\/\"> la firma de abogados especializados en lesiones personales CEO Lawyer<\/a>. Estamos aqu\u00ed para usted y le ayudaremos a obtener la recuperaci\u00f3n que se merece. Le daremos la tranquilidad de saber que sus preocupaciones est\u00e1n siendo escuchadas, y le conseguiremos la compensaci\u00f3n que usted debe tener como resultado de ser lesionado por las acciones il\u00edcitas de otras partes. Ll\u00e1menos hoy mismo al <a href=\"tel:+18883073792\">(888) 307-3792<\/a>.<\/p>\n","protected":false},"excerpt":{"rendered":"<p>\u00bfAlguna vez se ha preguntado qu\u00e9 hacer despu\u00e9s de un accidente automovil\u00edstico que no fue su culpa? Puede parecer imposible para usted que est\u00e1 en un accidente de veh\u00edculo en movimiento, pero si el otro conductor es claramente culpable, usted podr\u00eda todav\u00eda ser dado la culpa al final del d\u00eda. Esto se debe a que, [&hellip;]<\/p>\n","protected":false},"author":22,"featured_media":11668,"parent":13289,"menu_order":0,"comment_status":"closed","ping_status":"closed","template":"","meta":{"_acf_changed":false,"footnotes":""},"class_list":["post-11667","page","type-page","status-publish","has-post-thumbnail","hentry"],"acf":[],"yoast_head":"<!-- This site is optimized with the Yoast SEO plugin v27.2 - https:\/\/yoast.com\/product\/yoast-seo-wordpress\/ -->\n<title>\u00bfQu\u00e9 Hacer Tras un Accidente que No Fue mi Culpa? | CEO Lawyer<\/title>\n<meta name=\"description\" content=\"Llame al CEO Lawyer Abgoados de Accidentes si tuvo un accidente que no fue su culpa en Georgia.\" \/>\n<meta name=\"robots\" content=\"index, follow, max-snippet:-1, max-image-preview:large, max-video-preview:-1\" \/>\n<link rel=\"canonical\" href=\"https:\/\/ceolawyer.com\/espanol\/faq\/ley-de-georgia\/accidente-automovilistico\/que-hacer-despues-de-un-accidente-automovilistico-que-no-fue-su-culpa\/\" \/>\n<meta property=\"og:locale\" content=\"en_US\" \/>\n<meta property=\"og:type\" content=\"article\" \/>\n<meta property=\"og:title\" content=\"\u00bfQu\u00e9 Hacer Tras un Accidente que No Fue mi Culpa? | CEO Lawyer\" \/>\n<meta property=\"og:description\" content=\"Llame al CEO Lawyer Abgoados de Accidentes si tuvo un accidente que no fue su culpa en Georgia.\" \/>\n<meta property=\"og:url\" content=\"https:\/\/ceolawyer.com\/espanol\/faq\/ley-de-georgia\/accidente-automovilistico\/que-hacer-despues-de-un-accidente-automovilistico-que-no-fue-su-culpa\/\" \/>\n<meta property=\"og:site_name\" content=\"CEO Lawyer\" \/>\n<meta property=\"article:modified_time\" content=\"2026-03-18T18:41:11+00:00\" \/>\n<meta property=\"og:image\" content=\"https:\/\/ceolawyer.com\/espanol\/wp-content\/uploads\/sites\/2\/2023\/02\/que-hacer-despues-de-un-accidente-automovilistico-que-no-fue-su-culpa.jpg\" \/>\n\t<meta property=\"og:image:width\" content=\"500\" \/>\n\t<meta property=\"og:image:height\" content=\"333\" \/>\n\t<meta property=\"og:image:type\" content=\"image\/jpeg\" \/>\n<meta name=\"twitter:card\" content=\"summary_large_image\" \/>\n<meta name=\"twitter:label1\" content=\"Est. reading time\" \/>\n\t<meta name=\"twitter:data1\" content=\"6 minutes\" \/>\n<script type=\"application\/ld+json\" class=\"yoast-schema-graph\">{\"@context\":\"https:\/\/schema.org\",\"@graph\":[{\"@type\":\"WebPage\",\"@id\":\"https:\/\/ceolawyer.com\/espanol\/faq\/ley-de-georgia\/accidente-automovilistico\/que-hacer-despues-de-un-accidente-automovilistico-que-no-fue-su-culpa\/\",\"url\":\"https:\/\/ceolawyer.com\/espanol\/faq\/ley-de-georgia\/accidente-automovilistico\/que-hacer-despues-de-un-accidente-automovilistico-que-no-fue-su-culpa\/\",\"name\":\"\u00bfQu\u00e9 Hacer Tras un Accidente que No Fue mi Culpa? | CEO Lawyer\",\"isPartOf\":{\"@id\":\"https:\/\/ceolawyer.com\/espanol\/#website\"},\"primaryImageOfPage\":{\"@id\":\"https:\/\/ceolawyer.com\/espanol\/faq\/ley-de-georgia\/accidente-automovilistico\/que-hacer-despues-de-un-accidente-automovilistico-que-no-fue-su-culpa\/#primaryimage\"},\"image\":{\"@id\":\"https:\/\/ceolawyer.com\/espanol\/faq\/ley-de-georgia\/accidente-automovilistico\/que-hacer-despues-de-un-accidente-automovilistico-que-no-fue-su-culpa\/#primaryimage\"},\"thumbnailUrl\":\"https:\/\/ceolawyer.com\/espanol\/wp-content\/uploads\/sites\/2\/2023\/02\/que-hacer-despues-de-un-accidente-automovilistico-que-no-fue-su-culpa.jpg\",\"datePublished\":\"2023-02-23T17:28:51+00:00\",\"dateModified\":\"2026-03-18T18:41:11+00:00\",\"description\":\"Llame al CEO Lawyer Abgoados de Accidentes si tuvo un accidente que no fue su culpa en Georgia.\",\"breadcrumb\":{\"@id\":\"https:\/\/ceolawyer.com\/espanol\/faq\/ley-de-georgia\/accidente-automovilistico\/que-hacer-despues-de-un-accidente-automovilistico-que-no-fue-su-culpa\/#breadcrumb\"},\"inLanguage\":\"en-US\",\"potentialAction\":[{\"@type\":\"ReadAction\",\"target\":[\"https:\/\/ceolawyer.com\/espanol\/faq\/ley-de-georgia\/accidente-automovilistico\/que-hacer-despues-de-un-accidente-automovilistico-que-no-fue-su-culpa\/\"]}]},{\"@type\":\"ImageObject\",\"inLanguage\":\"en-US\",\"@id\":\"https:\/\/ceolawyer.com\/espanol\/faq\/ley-de-georgia\/accidente-automovilistico\/que-hacer-despues-de-un-accidente-automovilistico-que-no-fue-su-culpa\/#primaryimage\",\"url\":\"https:\/\/ceolawyer.com\/espanol\/wp-content\/uploads\/sites\/2\/2023\/02\/que-hacer-despues-de-un-accidente-automovilistico-que-no-fue-su-culpa.jpg\",\"contentUrl\":\"https:\/\/ceolawyer.com\/espanol\/wp-content\/uploads\/sites\/2\/2023\/02\/que-hacer-despues-de-un-accidente-automovilistico-que-no-fue-su-culpa.jpg\",\"width\":500,\"height\":333,\"caption\":\"what to do after a car accident not your fault\"},{\"@type\":\"BreadcrumbList\",\"@id\":\"https:\/\/ceolawyer.com\/espanol\/faq\/ley-de-georgia\/accidente-automovilistico\/que-hacer-despues-de-un-accidente-automovilistico-que-no-fue-su-culpa\/#breadcrumb\",\"itemListElement\":[{\"@type\":\"ListItem\",\"position\":1,\"name\":\"Home\",\"item\":\"https:\/\/ceolawyer.com\/espanol\/\"},{\"@type\":\"ListItem\",\"position\":2,\"name\":\"FAQ\",\"item\":\"https:\/\/ceolawyer.com\/espanol\/faq\/\"},{\"@type\":\"ListItem\",\"position\":3,\"name\":\"Lesiones personales en Georgia FAQ\",\"item\":\"https:\/\/ceolawyer.com\/espanol\/faq\/ley-de-georgia\/\"},{\"@type\":\"ListItem\",\"position\":4,\"name\":\"\u00bfQu\u00e9 Hacer Despu\u00e9s de Un Accidente Automovil\u00edstico Que No Fue Su Culpa?\"}]},{\"@type\":\"WebSite\",\"@id\":\"https:\/\/ceolawyer.com\/espanol\/#website\",\"url\":\"https:\/\/ceolawyer.com\/espanol\/\",\"name\":\"CEO Lawyer\",\"description\":\"Personal Injury Attorney\",\"publisher\":{\"@id\":\"https:\/\/ceolawyer.com\/espanol\/#organization\"},\"potentialAction\":[{\"@type\":\"SearchAction\",\"target\":{\"@type\":\"EntryPoint\",\"urlTemplate\":\"https:\/\/ceolawyer.com\/espanol\/?s={search_term_string}\"},\"query-input\":{\"@type\":\"PropertyValueSpecification\",\"valueRequired\":true,\"valueName\":\"search_term_string\"}}],\"inLanguage\":\"en-US\"},{\"@type\":\"Organization\",\"@id\":\"https:\/\/ceolawyer.com\/espanol\/#organization\",\"name\":\"CEO Lawyer\",\"url\":\"https:\/\/ceolawyer.com\/espanol\/\",\"logo\":{\"@type\":\"ImageObject\",\"inLanguage\":\"en-US\",\"@id\":\"https:\/\/ceolawyer.com\/espanol\/#\/schema\/logo\/image\/\",\"url\":\"https:\/\/ceolawyer.com\/espanol\/wp-content\/uploads\/sites\/2\/2022\/05\/CEO_Logo.png\",\"contentUrl\":\"https:\/\/ceolawyer.com\/espanol\/wp-content\/uploads\/sites\/2\/2022\/05\/CEO_Logo.png\",\"width\":200,\"height\":108,\"caption\":\"CEO Lawyer\"},\"image\":{\"@id\":\"https:\/\/ceolawyer.com\/espanol\/#\/schema\/logo\/image\/\"}}]}<\/script>\n<!-- \/ Yoast SEO plugin. -->","yoast_head_json":{"title":"\u00bfQu\u00e9 Hacer Tras un Accidente que No Fue mi Culpa? | CEO Lawyer","description":"Llame al CEO Lawyer Abgoados de Accidentes si tuvo un accidente que no fue su culpa en Georgia.","robots":{"index":"index","follow":"follow","max-snippet":"max-snippet:-1","max-image-preview":"max-image-preview:large","max-video-preview":"max-video-preview:-1"},"canonical":"https:\/\/ceolawyer.com\/espanol\/faq\/ley-de-georgia\/accidente-automovilistico\/que-hacer-despues-de-un-accidente-automovilistico-que-no-fue-su-culpa\/","og_locale":"en_US","og_type":"article","og_title":"\u00bfQu\u00e9 Hacer Tras un Accidente que No Fue mi Culpa? | CEO Lawyer","og_description":"Llame al CEO Lawyer Abgoados de Accidentes si tuvo un accidente que no fue su culpa en Georgia.","og_url":"https:\/\/ceolawyer.com\/espanol\/faq\/ley-de-georgia\/accidente-automovilistico\/que-hacer-despues-de-un-accidente-automovilistico-que-no-fue-su-culpa\/","og_site_name":"CEO Lawyer","article_modified_time":"2026-03-18T18:41:11+00:00","og_image":[{"width":500,"height":333,"url":"https:\/\/ceolawyer.com\/espanol\/wp-content\/uploads\/sites\/2\/2023\/02\/que-hacer-despues-de-un-accidente-automovilistico-que-no-fue-su-culpa.jpg","type":"image\/jpeg"}],"twitter_card":"summary_large_image","twitter_misc":{"Est. reading time":"6 minutes"},"schema":{"@context":"https:\/\/schema.org","@graph":[{"@type":"WebPage","@id":"https:\/\/ceolawyer.com\/espanol\/faq\/ley-de-georgia\/accidente-automovilistico\/que-hacer-despues-de-un-accidente-automovilistico-que-no-fue-su-culpa\/","url":"https:\/\/ceolawyer.com\/espanol\/faq\/ley-de-georgia\/accidente-automovilistico\/que-hacer-despues-de-un-accidente-automovilistico-que-no-fue-su-culpa\/","name":"\u00bfQu\u00e9 Hacer Tras un Accidente que No Fue mi Culpa? | CEO Lawyer","isPartOf":{"@id":"https:\/\/ceolawyer.com\/espanol\/#website"},"primaryImageOfPage":{"@id":"https:\/\/ceolawyer.com\/espanol\/faq\/ley-de-georgia\/accidente-automovilistico\/que-hacer-despues-de-un-accidente-automovilistico-que-no-fue-su-culpa\/#primaryimage"},"image":{"@id":"https:\/\/ceolawyer.com\/espanol\/faq\/ley-de-georgia\/accidente-automovilistico\/que-hacer-despues-de-un-accidente-automovilistico-que-no-fue-su-culpa\/#primaryimage"},"thumbnailUrl":"https:\/\/ceolawyer.com\/espanol\/wp-content\/uploads\/sites\/2\/2023\/02\/que-hacer-despues-de-un-accidente-automovilistico-que-no-fue-su-culpa.jpg","datePublished":"2023-02-23T17:28:51+00:00","dateModified":"2026-03-18T18:41:11+00:00","description":"Llame al CEO Lawyer Abgoados de Accidentes si tuvo un accidente que no fue su culpa en Georgia.","breadcrumb":{"@id":"https:\/\/ceolawyer.com\/espanol\/faq\/ley-de-georgia\/accidente-automovilistico\/que-hacer-despues-de-un-accidente-automovilistico-que-no-fue-su-culpa\/#breadcrumb"},"inLanguage":"en-US","potentialAction":[{"@type":"ReadAction","target":["https:\/\/ceolawyer.com\/espanol\/faq\/ley-de-georgia\/accidente-automovilistico\/que-hacer-despues-de-un-accidente-automovilistico-que-no-fue-su-culpa\/"]}]},{"@type":"ImageObject","inLanguage":"en-US","@id":"https:\/\/ceolawyer.com\/espanol\/faq\/ley-de-georgia\/accidente-automovilistico\/que-hacer-despues-de-un-accidente-automovilistico-que-no-fue-su-culpa\/#primaryimage","url":"https:\/\/ceolawyer.com\/espanol\/wp-content\/uploads\/sites\/2\/2023\/02\/que-hacer-despues-de-un-accidente-automovilistico-que-no-fue-su-culpa.jpg","contentUrl":"https:\/\/ceolawyer.com\/espanol\/wp-content\/uploads\/sites\/2\/2023\/02\/que-hacer-despues-de-un-accidente-automovilistico-que-no-fue-su-culpa.jpg","width":500,"height":333,"caption":"what to do after a car accident not your fault"},{"@type":"BreadcrumbList","@id":"https:\/\/ceolawyer.com\/espanol\/faq\/ley-de-georgia\/accidente-automovilistico\/que-hacer-despues-de-un-accidente-automovilistico-que-no-fue-su-culpa\/#breadcrumb","itemListElement":[{"@type":"ListItem","position":1,"name":"Home","item":"https:\/\/ceolawyer.com\/espanol\/"},{"@type":"ListItem","position":2,"name":"FAQ","item":"https:\/\/ceolawyer.com\/espanol\/faq\/"},{"@type":"ListItem","position":3,"name":"Lesiones personales en Georgia FAQ","item":"https:\/\/ceolawyer.com\/espanol\/faq\/ley-de-georgia\/"},{"@type":"ListItem","position":4,"name":"\u00bfQu\u00e9 Hacer Despu\u00e9s de Un Accidente Automovil\u00edstico Que No Fue Su Culpa?"}]},{"@type":"WebSite","@id":"https:\/\/ceolawyer.com\/espanol\/#website","url":"https:\/\/ceolawyer.com\/espanol\/","name":"CEO Lawyer","description":"Personal Injury Attorney","publisher":{"@id":"https:\/\/ceolawyer.com\/espanol\/#organization"},"potentialAction":[{"@type":"SearchAction","target":{"@type":"EntryPoint","urlTemplate":"https:\/\/ceolawyer.com\/espanol\/?s={search_term_string}"},"query-input":{"@type":"PropertyValueSpecification","valueRequired":true,"valueName":"search_term_string"}}],"inLanguage":"en-US"},{"@type":"Organization","@id":"https:\/\/ceolawyer.com\/espanol\/#organization","name":"CEO Lawyer","url":"https:\/\/ceolawyer.com\/espanol\/","logo":{"@type":"ImageObject","inLanguage":"en-US","@id":"https:\/\/ceolawyer.com\/espanol\/#\/schema\/logo\/image\/","url":"https:\/\/ceolawyer.com\/espanol\/wp-content\/uploads\/sites\/2\/2022\/05\/CEO_Logo.png","contentUrl":"https:\/\/ceolawyer.com\/espanol\/wp-content\/uploads\/sites\/2\/2022\/05\/CEO_Logo.png","width":200,"height":108,"caption":"CEO Lawyer"},"image":{"@id":"https:\/\/ceolawyer.com\/espanol\/#\/schema\/logo\/image\/"}}]}},"_links":{"self":[{"href":"https:\/\/ceolawyer.com\/espanol\/wp-json\/wp\/v2\/pages\/11667","targetHints":{"allow":["GET"]}}],"collection":[{"href":"https:\/\/ceolawyer.com\/espanol\/wp-json\/wp\/v2\/pages"}],"about":[{"href":"https:\/\/ceolawyer.com\/espanol\/wp-json\/wp\/v2\/types\/page"}],"author":[{"embeddable":true,"href":"https:\/\/ceolawyer.com\/espanol\/wp-json\/wp\/v2\/users\/22"}],"replies":[{"embeddable":true,"href":"https:\/\/ceolawyer.com\/espanol\/wp-json\/wp\/v2\/comments?post=11667"}],"version-history":[{"count":0,"href":"https:\/\/ceolawyer.com\/espanol\/wp-json\/wp\/v2\/pages\/11667\/revisions"}],"up":[{"embeddable":true,"href":"https:\/\/ceolawyer.com\/espanol\/wp-json\/wp\/v2\/pages\/13289"}],"wp:featuredmedia":[{"embeddable":true,"href":"https:\/\/ceolawyer.com\/espanol\/wp-json\/wp\/v2\/media\/11668"}],"wp:attachment":[{"href":"https:\/\/ceolawyer.com\/espanol\/wp-json\/wp\/v2\/media?parent=11667"}],"curies":[{"name":"wp","href":"https:\/\/api.w.org\/{rel}","templated":true}]}}