{"id":11759,"date":"2024-04-04T11:23:38","date_gmt":"2024-04-04T11:23:38","guid":{"rendered":"https:\/\/ceolawyer.com\/espanol\/?page_id=11759"},"modified":"2026-03-18T18:38:10","modified_gmt":"2026-03-18T18:38:10","slug":"puedo-recuperarme-si-me-lesiono-en-un-accidente-de-atropello-y-fuga","status":"publish","type":"page","link":"https:\/\/ceolawyer.com\/espanol\/faq\/ley-de-georgia\/accidente-automovilistico\/puedo-recuperarme-si-me-lesiono-en-un-accidente-de-atropello-y-fuga\/","title":{"rendered":"\u00bfPuedo recuperarme si me lesiono en un accidente de atropello y fuga?"},"content":{"rendered":"<p>Un &#8220;accidente de atropello y fuga&#8221; es un tipo de accidente automovil\u00edstico en el que una parte abandona la escena sin identificarse ni ayudar a alguien necesitado. Un accidente automovil\u00edstico de atropello y fuga puede involucrar a otro veh\u00edculo, persona, objeto o animal. En Georgia, si alguien golpea su coche en un estacionamiento y conduce sin dejar una nota tambi\u00e9n se considera un atropello y fuga.<img decoding=\"async\" class=\"alignright size-full wp-image-11770\" src=\"https:\/\/ceolawyer.com\/espanol\/wp-content\/uploads\/sites\/2\/2024\/04\/puedo-recuperarme-si-me-lesiono-en-un-accidente-de-atropello-y-fuga.webp\" alt=\"Un autom\u00f3vil gris con da\u00f1os en la puerta del conductor despu\u00e9s de un accidente de atropello y fuga.\" width=\"500\" height=\"333\" srcset=\"https:\/\/ceolawyer.com\/espanol\/wp-content\/uploads\/sites\/2\/2024\/04\/puedo-recuperarme-si-me-lesiono-en-un-accidente-de-atropello-y-fuga.webp 500w, https:\/\/ceolawyer.com\/espanol\/wp-content\/uploads\/sites\/2\/2024\/04\/puedo-recuperarme-si-me-lesiono-en-un-accidente-de-atropello-y-fuga-300x200.webp 300w\" sizes=\"(max-width: 500px) 100vw, 500px\" \/><\/p>\n<h2>\u00bfQu\u00e9 debo hacer despu\u00e9s de un accidente de Georgia?<\/h2>\n<p>Saber qu\u00e9 hacer cuando eres v\u00edctima de un accidente de atropello y fuga puede ser confuso. Es posible que se sienta abrumado una vez que el coche que le golpe\u00f3 se haya fugado. Aqu\u00ed hay algunos consejos r\u00e1pidos:<\/p>\n<ul>\n<li>Mueva el autom\u00f3vil a un lugar seguro. Det\u00e9ngase y aseg\u00farese de que usted y sus pasajeros est\u00e9n bien. Llame para recibir atenci\u00f3n m\u00e9dica inmediata si es necesario.<\/li>\n<li>Documente el accidente tomando fotos y videos del veh\u00edculo y el \u00e1rea, si es posible. Anote la fecha, hora y ubicaci\u00f3n. Adem\u00e1s, tenga en cuenta todo lo que observ\u00f3 sobre el otro coche y el conductor y los alrededores (luces, escombros, construcci\u00f3n)<\/li>\n<li>Obtenga el nombre, los datos de contacto y las declaraciones de los testigos del accidente.<\/li>\n<li>Llame a la polic\u00eda. La polic\u00eda puede ser capaz de localizar el coche que le golpe\u00f3 o, al menos, pueden presentar una denuncia policial.<\/li>\n<li>Contratar a un abogado de lesiones personales en Georgia que pueda ayudar con su reclamo.<\/li>\n<\/ul>\n<h2>\u00bfPuedo presentar una demanda por lesiones personales despu\u00e9s de un accidente automovil\u00edstico?<\/h2>\n<p>S\u00ed, puedes, pero tratar de recuperar los da\u00f1os despu\u00e9s de un accidente de atropello y fuga puede ser complicado. Adem\u00e1s, las compa\u00f1\u00edas de seguros desconf\u00edan de este tipo de reclamaciones debido al riesgo de fraude y a su inclinaci\u00f3n general a denegar las reclamaciones. Esto es lo que usted necesita saber acerca de las demandas por lesiones personales de golpe y fuga:<\/p>\n<ul>\n<li>Reclamo de automovilistas sin seguro. En general, las v\u00edctimas de accidentes de atropello y fuga recuperan los da\u00f1os mediante la presentaci\u00f3n de una reclamaci\u00f3n de automovilista sin seguro a trav\u00e9s de su propia p\u00f3liza de seguro de autom\u00f3vil. Sin embargo, debido a c\u00f3mo las compa\u00f1\u00edas de seguros ven las reclamaciones de atropello y fuga, su propia compa\u00f1\u00eda de seguros podr\u00eda ser esc\u00e9ptica de su reclamo. Por lo tanto, reportar la reclamaci\u00f3n por su cuenta puede funcionar en su contra. Las v\u00edctimas de accidentes de atropello y fuga siempre deben contratar a un abogado con experiencia en este tipo de accidente espec\u00edfico. El abogado evaluar\u00e1 todas las pruebas, revisar\u00e1 todas las p\u00f3lizas de seguro disponibles y determinar\u00e1 la mejor manera de proceder.<\/li>\n<li>Localizar al conductor. Si la parte que le golpe\u00f3 es identificada, puede emprender acciones legales contra esa persona, siempre que tenga una cobertura de seguro adecuada. Desafortunadamente, la mayor\u00eda de los conductores que se dan a la fuga nunca se encuentran.<\/li>\n<\/ul>\n<h2>P\u00f3ngase en contacto con un abogado de accidentes en el bufete de abogados de lesiones personales &#8211;\u00a0 CEO Lawyer<\/h2>\n<p>En el bufete de abogados de lesiones personales CEO Lawyer, nuestros abogados saben c\u00f3mo ganar casos de accidente y le encantar\u00eda ayudarle durante este momento dif\u00edcil. Tomamos todos nuestros casos sobre una base de tarifa de contingencia, por lo que no paga nada a menos que a usted le paguen! \u00a1Cont\u00e1ctenos hoy!<\/p>\n","protected":false},"excerpt":{"rendered":"<p>Un &#8220;accidente de atropello y fuga&#8221; es un tipo de accidente automovil\u00edstico en el que una parte abandona la escena sin identificarse ni ayudar a alguien necesitado. Un accidente automovil\u00edstico de atropello y fuga puede involucrar a otro veh\u00edculo, persona, objeto o animal. En Georgia, si alguien golpea su coche en un estacionamiento y conduce [&hellip;]<\/p>\n","protected":false},"author":18,"featured_media":11770,"parent":13289,"menu_order":0,"comment_status":"closed","ping_status":"closed","template":"","meta":{"_acf_changed":false,"footnotes":""},"class_list":["post-11759","page","type-page","status-publish","has-post-thumbnail","hentry"],"acf":[],"yoast_head":"<!-- This site is optimized with the Yoast SEO plugin v27.4 - https:\/\/yoast.com\/product\/yoast-seo-wordpress\/ -->\n<title>\u00bfPuedo Recuperarme si me Lesion\u00e9 en un Atropello y Fuga? | CEO Lawyer<\/title>\n<meta name=\"description\" content=\"CEO Lawyer en Atlanta, Georgia, te muestra c\u00f3mo recuperarte despu\u00e9s de un accidente de atropello y fuga.\" \/>\n<meta name=\"robots\" content=\"index, follow, max-snippet:-1, max-image-preview:large, max-video-preview:-1\" \/>\n<link rel=\"canonical\" href=\"https:\/\/ceolawyer.com\/espanol\/faq\/ley-de-georgia\/accidente-automovilistico\/puedo-recuperarme-si-me-lesiono-en-un-accidente-de-atropello-y-fuga\/\" \/>\n<meta property=\"og:locale\" content=\"en_US\" \/>\n<meta property=\"og:type\" content=\"article\" \/>\n<meta property=\"og:title\" content=\"\u00bfPuedo Recuperarme si me Lesion\u00e9 en un Atropello y Fuga? | CEO Lawyer\" \/>\n<meta property=\"og:description\" content=\"CEO Lawyer en Atlanta, Georgia, te muestra c\u00f3mo recuperarte despu\u00e9s de un accidente de atropello y fuga.\" \/>\n<meta property=\"og:url\" content=\"https:\/\/ceolawyer.com\/espanol\/faq\/ley-de-georgia\/accidente-automovilistico\/puedo-recuperarme-si-me-lesiono-en-un-accidente-de-atropello-y-fuga\/\" \/>\n<meta property=\"og:site_name\" content=\"CEO Lawyer\" \/>\n<meta property=\"article:modified_time\" content=\"2026-03-18T18:38:10+00:00\" \/>\n<meta property=\"og:image\" content=\"https:\/\/ceolawyer.com\/espanol\/wp-content\/uploads\/sites\/2\/2024\/04\/puedo-recuperarme-si-me-lesiono-en-un-accidente-de-atropello-y-fuga.webp\" \/>\n\t<meta property=\"og:image:width\" content=\"500\" \/>\n\t<meta property=\"og:image:height\" content=\"333\" \/>\n\t<meta property=\"og:image:type\" content=\"image\/webp\" \/>\n<meta name=\"twitter:card\" content=\"summary_large_image\" \/>\n<meta name=\"twitter:label1\" content=\"Est. reading time\" \/>\n\t<meta name=\"twitter:data1\" content=\"3 minutes\" \/>\n<script type=\"application\/ld+json\" class=\"yoast-schema-graph\">{\"@context\":\"https:\\\/\\\/schema.org\",\"@graph\":[{\"@type\":\"WebPage\",\"@id\":\"https:\\\/\\\/ceolawyer.com\\\/espanol\\\/faq\\\/ley-de-georgia\\\/accidente-automovilistico\\\/puedo-recuperarme-si-me-lesiono-en-un-accidente-de-atropello-y-fuga\\\/\",\"url\":\"https:\\\/\\\/ceolawyer.com\\\/espanol\\\/faq\\\/ley-de-georgia\\\/accidente-automovilistico\\\/puedo-recuperarme-si-me-lesiono-en-un-accidente-de-atropello-y-fuga\\\/\",\"name\":\"\u00bfPuedo Recuperarme si me Lesion\u00e9 en un Atropello y Fuga? | CEO Lawyer\",\"isPartOf\":{\"@id\":\"https:\\\/\\\/ceolawyer.com\\\/espanol\\\/#website\"},\"primaryImageOfPage\":{\"@id\":\"https:\\\/\\\/ceolawyer.com\\\/espanol\\\/faq\\\/ley-de-georgia\\\/accidente-automovilistico\\\/puedo-recuperarme-si-me-lesiono-en-un-accidente-de-atropello-y-fuga\\\/#primaryimage\"},\"image\":{\"@id\":\"https:\\\/\\\/ceolawyer.com\\\/espanol\\\/faq\\\/ley-de-georgia\\\/accidente-automovilistico\\\/puedo-recuperarme-si-me-lesiono-en-un-accidente-de-atropello-y-fuga\\\/#primaryimage\"},\"thumbnailUrl\":\"https:\\\/\\\/ceolawyer.com\\\/espanol\\\/wp-content\\\/uploads\\\/sites\\\/2\\\/2024\\\/04\\\/puedo-recuperarme-si-me-lesiono-en-un-accidente-de-atropello-y-fuga.webp\",\"datePublished\":\"2024-04-04T11:23:38+00:00\",\"dateModified\":\"2026-03-18T18:38:10+00:00\",\"description\":\"CEO Lawyer en Atlanta, Georgia, te muestra c\u00f3mo recuperarte despu\u00e9s de un accidente de atropello y fuga.\",\"breadcrumb\":{\"@id\":\"https:\\\/\\\/ceolawyer.com\\\/espanol\\\/faq\\\/ley-de-georgia\\\/accidente-automovilistico\\\/puedo-recuperarme-si-me-lesiono-en-un-accidente-de-atropello-y-fuga\\\/#breadcrumb\"},\"inLanguage\":\"en-US\",\"potentialAction\":[{\"@type\":\"ReadAction\",\"target\":[\"https:\\\/\\\/ceolawyer.com\\\/espanol\\\/faq\\\/ley-de-georgia\\\/accidente-automovilistico\\\/puedo-recuperarme-si-me-lesiono-en-un-accidente-de-atropello-y-fuga\\\/\"]}]},{\"@type\":\"ImageObject\",\"inLanguage\":\"en-US\",\"@id\":\"https:\\\/\\\/ceolawyer.com\\\/espanol\\\/faq\\\/ley-de-georgia\\\/accidente-automovilistico\\\/puedo-recuperarme-si-me-lesiono-en-un-accidente-de-atropello-y-fuga\\\/#primaryimage\",\"url\":\"https:\\\/\\\/ceolawyer.com\\\/espanol\\\/wp-content\\\/uploads\\\/sites\\\/2\\\/2024\\\/04\\\/puedo-recuperarme-si-me-lesiono-en-un-accidente-de-atropello-y-fuga.webp\",\"contentUrl\":\"https:\\\/\\\/ceolawyer.com\\\/espanol\\\/wp-content\\\/uploads\\\/sites\\\/2\\\/2024\\\/04\\\/puedo-recuperarme-si-me-lesiono-en-un-accidente-de-atropello-y-fuga.webp\",\"width\":500,\"height\":333,\"caption\":\"Un autom\u00f3vil gris con da\u00f1os en la puerta del conductor despu\u00e9s de un accidente de atropello y fuga.\"},{\"@type\":\"BreadcrumbList\",\"@id\":\"https:\\\/\\\/ceolawyer.com\\\/espanol\\\/faq\\\/ley-de-georgia\\\/accidente-automovilistico\\\/puedo-recuperarme-si-me-lesiono-en-un-accidente-de-atropello-y-fuga\\\/#breadcrumb\",\"itemListElement\":[{\"@type\":\"ListItem\",\"position\":1,\"name\":\"Home\",\"item\":\"https:\\\/\\\/ceolawyer.com\\\/espanol\\\/\"},{\"@type\":\"ListItem\",\"position\":2,\"name\":\"FAQ\",\"item\":\"https:\\\/\\\/ceolawyer.com\\\/espanol\\\/faq\\\/\"},{\"@type\":\"ListItem\",\"position\":3,\"name\":\"Lesiones personales en Georgia FAQ\",\"item\":\"https:\\\/\\\/ceolawyer.com\\\/espanol\\\/faq\\\/ley-de-georgia\\\/\"},{\"@type\":\"ListItem\",\"position\":4,\"name\":\"\u00bfPuedo recuperarme si me lesiono en un accidente de atropello y fuga?\"}]},{\"@type\":\"WebSite\",\"@id\":\"https:\\\/\\\/ceolawyer.com\\\/espanol\\\/#website\",\"url\":\"https:\\\/\\\/ceolawyer.com\\\/espanol\\\/\",\"name\":\"CEO Lawyer\",\"description\":\"Personal Injury Attorney\",\"publisher\":{\"@id\":\"https:\\\/\\\/ceolawyer.com\\\/espanol\\\/#organization\"},\"potentialAction\":[{\"@type\":\"SearchAction\",\"target\":{\"@type\":\"EntryPoint\",\"urlTemplate\":\"https:\\\/\\\/ceolawyer.com\\\/espanol\\\/?s={search_term_string}\"},\"query-input\":{\"@type\":\"PropertyValueSpecification\",\"valueRequired\":true,\"valueName\":\"search_term_string\"}}],\"inLanguage\":\"en-US\"},{\"@type\":\"Organization\",\"@id\":\"https:\\\/\\\/ceolawyer.com\\\/espanol\\\/#organization\",\"name\":\"CEO Lawyer\",\"url\":\"https:\\\/\\\/ceolawyer.com\\\/espanol\\\/\",\"logo\":{\"@type\":\"ImageObject\",\"inLanguage\":\"en-US\",\"@id\":\"https:\\\/\\\/ceolawyer.com\\\/espanol\\\/#\\\/schema\\\/logo\\\/image\\\/\",\"url\":\"https:\\\/\\\/ceolawyer.com\\\/espanol\\\/wp-content\\\/uploads\\\/sites\\\/2\\\/2022\\\/05\\\/CEO_Logo.png\",\"contentUrl\":\"https:\\\/\\\/ceolawyer.com\\\/espanol\\\/wp-content\\\/uploads\\\/sites\\\/2\\\/2022\\\/05\\\/CEO_Logo.png\",\"width\":200,\"height\":108,\"caption\":\"CEO Lawyer\"},\"image\":{\"@id\":\"https:\\\/\\\/ceolawyer.com\\\/espanol\\\/#\\\/schema\\\/logo\\\/image\\\/\"}}]}<\/script>\n<!-- \/ Yoast SEO plugin. -->","yoast_head_json":{"title":"\u00bfPuedo Recuperarme si me Lesion\u00e9 en un Atropello y Fuga? | CEO Lawyer","description":"CEO Lawyer en Atlanta, Georgia, te muestra c\u00f3mo recuperarte despu\u00e9s de un accidente de atropello y fuga.","robots":{"index":"index","follow":"follow","max-snippet":"max-snippet:-1","max-image-preview":"max-image-preview:large","max-video-preview":"max-video-preview:-1"},"canonical":"https:\/\/ceolawyer.com\/espanol\/faq\/ley-de-georgia\/accidente-automovilistico\/puedo-recuperarme-si-me-lesiono-en-un-accidente-de-atropello-y-fuga\/","og_locale":"en_US","og_type":"article","og_title":"\u00bfPuedo Recuperarme si me Lesion\u00e9 en un Atropello y Fuga? | CEO Lawyer","og_description":"CEO Lawyer en Atlanta, Georgia, te muestra c\u00f3mo recuperarte despu\u00e9s de un accidente de atropello y fuga.","og_url":"https:\/\/ceolawyer.com\/espanol\/faq\/ley-de-georgia\/accidente-automovilistico\/puedo-recuperarme-si-me-lesiono-en-un-accidente-de-atropello-y-fuga\/","og_site_name":"CEO Lawyer","article_modified_time":"2026-03-18T18:38:10+00:00","og_image":[{"width":500,"height":333,"url":"https:\/\/ceolawyer.com\/espanol\/wp-content\/uploads\/sites\/2\/2024\/04\/puedo-recuperarme-si-me-lesiono-en-un-accidente-de-atropello-y-fuga.webp","type":"image\/webp"}],"twitter_card":"summary_large_image","twitter_misc":{"Est. reading time":"3 minutes"},"schema":{"@context":"https:\/\/schema.org","@graph":[{"@type":"WebPage","@id":"https:\/\/ceolawyer.com\/espanol\/faq\/ley-de-georgia\/accidente-automovilistico\/puedo-recuperarme-si-me-lesiono-en-un-accidente-de-atropello-y-fuga\/","url":"https:\/\/ceolawyer.com\/espanol\/faq\/ley-de-georgia\/accidente-automovilistico\/puedo-recuperarme-si-me-lesiono-en-un-accidente-de-atropello-y-fuga\/","name":"\u00bfPuedo Recuperarme si me Lesion\u00e9 en un Atropello y Fuga? | CEO Lawyer","isPartOf":{"@id":"https:\/\/ceolawyer.com\/espanol\/#website"},"primaryImageOfPage":{"@id":"https:\/\/ceolawyer.com\/espanol\/faq\/ley-de-georgia\/accidente-automovilistico\/puedo-recuperarme-si-me-lesiono-en-un-accidente-de-atropello-y-fuga\/#primaryimage"},"image":{"@id":"https:\/\/ceolawyer.com\/espanol\/faq\/ley-de-georgia\/accidente-automovilistico\/puedo-recuperarme-si-me-lesiono-en-un-accidente-de-atropello-y-fuga\/#primaryimage"},"thumbnailUrl":"https:\/\/ceolawyer.com\/espanol\/wp-content\/uploads\/sites\/2\/2024\/04\/puedo-recuperarme-si-me-lesiono-en-un-accidente-de-atropello-y-fuga.webp","datePublished":"2024-04-04T11:23:38+00:00","dateModified":"2026-03-18T18:38:10+00:00","description":"CEO Lawyer en Atlanta, Georgia, te muestra c\u00f3mo recuperarte despu\u00e9s de un accidente de atropello y fuga.","breadcrumb":{"@id":"https:\/\/ceolawyer.com\/espanol\/faq\/ley-de-georgia\/accidente-automovilistico\/puedo-recuperarme-si-me-lesiono-en-un-accidente-de-atropello-y-fuga\/#breadcrumb"},"inLanguage":"en-US","potentialAction":[{"@type":"ReadAction","target":["https:\/\/ceolawyer.com\/espanol\/faq\/ley-de-georgia\/accidente-automovilistico\/puedo-recuperarme-si-me-lesiono-en-un-accidente-de-atropello-y-fuga\/"]}]},{"@type":"ImageObject","inLanguage":"en-US","@id":"https:\/\/ceolawyer.com\/espanol\/faq\/ley-de-georgia\/accidente-automovilistico\/puedo-recuperarme-si-me-lesiono-en-un-accidente-de-atropello-y-fuga\/#primaryimage","url":"https:\/\/ceolawyer.com\/espanol\/wp-content\/uploads\/sites\/2\/2024\/04\/puedo-recuperarme-si-me-lesiono-en-un-accidente-de-atropello-y-fuga.webp","contentUrl":"https:\/\/ceolawyer.com\/espanol\/wp-content\/uploads\/sites\/2\/2024\/04\/puedo-recuperarme-si-me-lesiono-en-un-accidente-de-atropello-y-fuga.webp","width":500,"height":333,"caption":"Un autom\u00f3vil gris con da\u00f1os en la puerta del conductor despu\u00e9s de un accidente de atropello y fuga."},{"@type":"BreadcrumbList","@id":"https:\/\/ceolawyer.com\/espanol\/faq\/ley-de-georgia\/accidente-automovilistico\/puedo-recuperarme-si-me-lesiono-en-un-accidente-de-atropello-y-fuga\/#breadcrumb","itemListElement":[{"@type":"ListItem","position":1,"name":"Home","item":"https:\/\/ceolawyer.com\/espanol\/"},{"@type":"ListItem","position":2,"name":"FAQ","item":"https:\/\/ceolawyer.com\/espanol\/faq\/"},{"@type":"ListItem","position":3,"name":"Lesiones personales en Georgia FAQ","item":"https:\/\/ceolawyer.com\/espanol\/faq\/ley-de-georgia\/"},{"@type":"ListItem","position":4,"name":"\u00bfPuedo recuperarme si me lesiono en un accidente de atropello y fuga?"}]},{"@type":"WebSite","@id":"https:\/\/ceolawyer.com\/espanol\/#website","url":"https:\/\/ceolawyer.com\/espanol\/","name":"CEO Lawyer","description":"Personal Injury Attorney","publisher":{"@id":"https:\/\/ceolawyer.com\/espanol\/#organization"},"potentialAction":[{"@type":"SearchAction","target":{"@type":"EntryPoint","urlTemplate":"https:\/\/ceolawyer.com\/espanol\/?s={search_term_string}"},"query-input":{"@type":"PropertyValueSpecification","valueRequired":true,"valueName":"search_term_string"}}],"inLanguage":"en-US"},{"@type":"Organization","@id":"https:\/\/ceolawyer.com\/espanol\/#organization","name":"CEO Lawyer","url":"https:\/\/ceolawyer.com\/espanol\/","logo":{"@type":"ImageObject","inLanguage":"en-US","@id":"https:\/\/ceolawyer.com\/espanol\/#\/schema\/logo\/image\/","url":"https:\/\/ceolawyer.com\/espanol\/wp-content\/uploads\/sites\/2\/2022\/05\/CEO_Logo.png","contentUrl":"https:\/\/ceolawyer.com\/espanol\/wp-content\/uploads\/sites\/2\/2022\/05\/CEO_Logo.png","width":200,"height":108,"caption":"CEO Lawyer"},"image":{"@id":"https:\/\/ceolawyer.com\/espanol\/#\/schema\/logo\/image\/"}}]}},"_links":{"self":[{"href":"https:\/\/ceolawyer.com\/espanol\/wp-json\/wp\/v2\/pages\/11759","targetHints":{"allow":["GET"]}}],"collection":[{"href":"https:\/\/ceolawyer.com\/espanol\/wp-json\/wp\/v2\/pages"}],"about":[{"href":"https:\/\/ceolawyer.com\/espanol\/wp-json\/wp\/v2\/types\/page"}],"author":[{"embeddable":true,"href":"https:\/\/ceolawyer.com\/espanol\/wp-json\/wp\/v2\/users\/18"}],"replies":[{"embeddable":true,"href":"https:\/\/ceolawyer.com\/espanol\/wp-json\/wp\/v2\/comments?post=11759"}],"version-history":[{"count":0,"href":"https:\/\/ceolawyer.com\/espanol\/wp-json\/wp\/v2\/pages\/11759\/revisions"}],"up":[{"embeddable":true,"href":"https:\/\/ceolawyer.com\/espanol\/wp-json\/wp\/v2\/pages\/13289"}],"wp:featuredmedia":[{"embeddable":true,"href":"https:\/\/ceolawyer.com\/espanol\/wp-json\/wp\/v2\/media\/11770"}],"wp:attachment":[{"href":"https:\/\/ceolawyer.com\/espanol\/wp-json\/wp\/v2\/media?parent=11759"}],"curies":[{"name":"wp","href":"https:\/\/api.w.org\/{rel}","templated":true}]}}