{"id":11761,"date":"2024-04-04T11:40:10","date_gmt":"2024-04-04T11:40:10","guid":{"rendered":"https:\/\/ceolawyer.com\/espanol\/?page_id=11761"},"modified":"2026-03-18T18:23:12","modified_gmt":"2026-03-18T18:23:12","slug":"lesiones-catastroficas-en-georgia-y-como-pueden-afectar-a-su-familia","status":"publish","type":"page","link":"https:\/\/ceolawyer.com\/espanol\/faq\/ley-de-georgia\/accidente-automovilistico\/lesiones-catastroficas-en-georgia-y-como-pueden-afectar-a-su-familia\/","title":{"rendered":"Lesiones catastr\u00f3ficas en Georgia y c\u00f3mo pueden afectar a su familia"},"content":{"rendered":"<p>Las lesiones catastr\u00f3ficas se encuentran entre los eventos m\u00e1s devastadores que la gente puede experimentar. Estas lesiones graves a menudo involucran huesos rotos y otros da\u00f1os anat\u00f3micos, lesiones musculares y s\u00edntomas de traumatismo craneal o interno. Si usted o su ser querido han sufrido lesiones catastr\u00f3ficas debido a la negligencia de otra persona, usted tiene el derecho de buscar la retribuci\u00f3n de la parte culpable.<img decoding=\"async\" class=\"alignright size-full wp-image-11772\" src=\"https:\/\/ceolawyer.com\/espanol\/wp-content\/uploads\/sites\/2\/2024\/04\/lesiones-catastroficas-en-georgia-y-como-pueden-afectar-a-su-familia.webp\" alt=\"Un abogado de accidentes automovil\u00edsticos se sienta en un escritorio con libros legales.\" width=\"500\" height=\"333\" srcset=\"https:\/\/ceolawyer.com\/espanol\/wp-content\/uploads\/sites\/2\/2024\/04\/lesiones-catastroficas-en-georgia-y-como-pueden-afectar-a-su-familia.webp 500w, https:\/\/ceolawyer.com\/espanol\/wp-content\/uploads\/sites\/2\/2024\/04\/lesiones-catastroficas-en-georgia-y-como-pueden-afectar-a-su-familia-300x200.webp 300w\" sizes=\"(max-width: 500px) 100vw, 500px\" \/><\/p>\n<p>El Bufete de Abogados de Lesiones Personales CEO tienen un historial exitoso de ayudar a los clientes a obtener la compensaci\u00f3n que merecen. Trabajamos incansablemente en su nombre y lucharemos para conseguir lo que necesita para volver a la pista despu\u00e9s de sufrir lesiones catastr\u00f3ficas. Estamos encantados de proporcionarle una evaluaci\u00f3n gratuita del caso. Ll\u00e1menos al <a href=\"tel:+18883073792\">(888) 307-3792<\/a> o escr\u00edbanos en l\u00ednea a trav\u00e9s de nuestro sitio web.<\/p>\n<h2>Impacto de por vida en la v\u00edctima<\/h2>\n<p>La mayor\u00eda de las lesiones catastr\u00f3ficas son causadas por accidentes automovil\u00edsticos, accidentes de motocicletas, resbalones y ca\u00eddas, y tiroteos accidentales. Estas lesiones devastadoras pueden alterar dr\u00e1sticamente la vida de una v\u00edctima, haciendo dif\u00edcil para ellos y sus familias recuperar la calidad de vida que una vez tuvieron. Estas lesiones pueden tener un impacto duradero en las v\u00edctimas, incluyendo cambios en el estado emocional, la capacidad cognitiva y problemas para dormir y trabajar. La recuperaci\u00f3n, cuando es posible, es un proceso largo que requiere atenci\u00f3n indivisa durante varios meses o a\u00f1os.<\/p>\n<p>La mayor\u00eda de las personas pasan por alto que una lesi\u00f3n puede ocasionar otros costos que son igual de reales. Estos costos ocultos son mucho m\u00e1s dif\u00edciles de cuantificar y pueden no ser inmediatamente evidentes. El dolor f\u00edsico puede causar noches sin dormir, lo que hace dif\u00edcil concentrarse en el trabajo al d\u00eda siguiente. El dolor tambi\u00e9n puede impedir nuestra capacidad de conducir o viajar para ver a amigos y familiares, lo que dificulta a\u00fan m\u00e1s nuestra capacidad de disfrutar de la vida.<\/p>\n<p>Los efectos psicol\u00f3gicos de tal lesi\u00f3n pueden ser igual de devastadores. Su relaci\u00f3n con amigos, familiares y compa\u00f1eros de trabajo tambi\u00e9n puede cambiar dr\u00e1sticamente. Su apariencia, estado laboral, la capacidad de hacer dinero-todo puede cambiar dr\u00e1sticamente de sufrir lesiones catastr\u00f3ficas.<\/p>\n<h2>Impacto de por vida en las familias<\/h2>\n<p>Muchas personas que sufren lesiones catastr\u00f3ficas a menudo nunca recuperan la capacidad de trabajar de nuevo y deben confiar en una vida de cuidado de los dem\u00e1s. Tambi\u00e9n hay costos a largo y corto plazo relacionados con lesiones catastr\u00f3ficas &#8211; desde gastos m\u00e9dicos hasta salarios perdidos, por no mencionar los costos relacionados con la gesti\u00f3n de la discapacidad a largo plazo. Mientras que las v\u00edctimas de accidentes automovil\u00edsticos y sus familias se adaptan a la vida despu\u00e9s de la colisi\u00f3n, deben clasificar a trav\u00e9s de las secuelas de lesiones catastr\u00f3ficas. Hay una infinidad de decisiones a tomar en este proceso.<\/p>\n<p>Las lesiones catastr\u00f3ficas pueden causar cambios profundos y permanentes en la vida de las v\u00edctimas. En ocasiones que requieren atenci\u00f3n m\u00e9dica las 24 horas del d\u00eda, las lesiones devastadoras pueden dejar a las v\u00edctimas con discapacidades que afectan sus cuerpos y mentes. Afortunadamente, muchas v\u00edctimas con lesiones catastr\u00f3ficas eventualmente recuperan sus capacidades f\u00edsicas, pero algunas de estas personas nunca pueden trabajar de nuevo, dej\u00e1ndolas permanentemente incapaces de ganar un ingreso para sus familias. Cuando una persona no puede volver a su vida antes de la lesi\u00f3n, puede ser una terrible experiencia para los miembros de la familia y los seres queridos.<\/p>\n<p>Los hogares monoparentales se ven m\u00e1s gravemente afectados por esos incidentes debido a su dependencia de una fuente de ingresos, lo que a menudo conduce a una crisis financiera cuando hay una enfermedad incapacitante en la familia. El confiable Bufete de Abogados de lesiones personales CEO de Georgia, tienen considerable experiencia en el manejo de reclamaciones por lesiones catastr\u00f3ficas en Atlanta. Estamos preparados para darle la gu\u00eda legal efectiva que necesita.<\/p>\n<h2>\u00bfPor qu\u00e9 las lesiones catastr\u00f3ficas son \u00fanicas?<\/h2>\n<p>La mayor\u00eda de las personas no son conscientes de que las lesiones catastr\u00f3ficas son diferentes de las lesiones comunes, especialmente en relaci\u00f3n con la atenci\u00f3n m\u00e9dica. Los costos asociados con los accidentes catastr\u00f3ficos pueden llegar a millones o miles de millones de d\u00f3lares durante toda la vida. Como tal, estos pacientes merecen tratamiento m\u00e9dico especializado. A diferencia de otras lesiones como huesos rotos o heridas resultantes de accidentes de alta velocidad, las lesiones catastr\u00f3ficas t\u00edpicamente implican da\u00f1os graves a los \u00f3rganos vitales y el cerebro. Tambi\u00e9n afectan los m\u00fasculos, las articulaciones y la m\u00e9dula espinal.<\/p>\n<p>La v\u00edctima puede enfrentar problemas m\u00e9dicos secundarios y los efectos a largo plazo que pueden resultar debido a la lesi\u00f3n inicial. Estos incidentes pueden resultar en dolor cr\u00f3nico, da\u00f1o cerebral y da\u00f1o nervioso. El individuo puede perder m\u00faltiples extremidades y quedar paralizado o perder significativamente la audici\u00f3n, la visi\u00f3n o el habla. El tipo espec\u00edfico de accidente determinar\u00e1 las lesiones f\u00edsicas sufridas.<\/p>\n<h2>Modificaci\u00f3n de hogares para v\u00edctimas lesionadas<\/h2>\n<p>El progreso de una persona con una lesi\u00f3n catastr\u00f3fica puede tomar m\u00e1s tiempo para evaluarla ya que el problema principal radica en su capacidad para ejecutar actividades. La v\u00edctima podr\u00eda sentirse frustrada y perder independencia y confianza debido a sus limitaciones f\u00edsicas. El cuidado y la preocupaci\u00f3n especiales de los miembros de la familia ser\u00e1n esenciales para satisfacer las necesidades de sus seres queridos en recuperaci\u00f3n. Si un paciente tiene capacidades f\u00edsicas y de movilidad limitadas, es necesario considerar la modificaci\u00f3n del hogar para garantizar una atenci\u00f3n segura y eficiente.<\/p>\n<p>Por ejemplo, para asegurar una mayor comprensi\u00f3n de la v\u00edctima de lesi\u00f3n cerebral y establecer una red de apoyo, la familia tendr\u00e1 que transformar su hogar para que sea adaptable y c\u00f3modo para la persona lesionada. Por ejemplo, pueden necesitar instalar barandillas para rampas, reemplazar los pomos de las puertas con manijas que permiten girar en su lugar, o reorganizar las encimeras de la cocina para que sean m\u00e1s f\u00e1ciles de alcanzar.<\/p>\n<h2>Hable con un abogado de lesiones personales dedicado en Atlanta hoy<\/h2>\n<p>Despu\u00e9s de un accidente que causa lesiones graves, es natural que las v\u00edctimas vean los gastos m\u00e9dicos en el presente y en el futuro cercano. Sin embargo, debido a la naturaleza de las lesiones catastr\u00f3ficas, a menudo es dif\u00edcil para las v\u00edctimas entender c\u00f3mo sus lesiones les afectar\u00e1n a largo plazo o incluso de forma permanente.<\/p>\n<p>Hay varias medidas significativas para evaluar el caso de una v\u00edctima gravemente lesionada. La evaluaci\u00f3n se puede hacer m\u00e1s f\u00e1cil trabajando con abogados que han estado manejando casos de lesiones catastr\u00f3ficas durante muchos a\u00f1os.<\/p>\n<p>En el Bufete de Abogados de Lesiones Personales CEO, nos dedicamos a proteger sus derechos y a luchar agresivamente por su compensaci\u00f3n. Trabajando con un equipo de profesionales cualificados, logramos los mejores resultados para los clientes que sufren lesiones catastr\u00f3ficas en todo tipo de accidentes, incluyendo accidentes automovil\u00edsticos, productos defectuosos y negligencia m\u00e9dica.<\/p>\n<p>Tenemos un historial probado de ayudar a muchas v\u00edctimas y sus familias a reanudar sus vidas despu\u00e9s de una lesi\u00f3n catastr\u00f3fica. Ll\u00e1menos hoy al <a href=\"tel:+18883073792\">(888) 307-3792<\/a> o complete este formulario en l\u00ednea para una revisi\u00f3n gratuita del caso con uno de nuestros abogados de lesiones personales calificados y compasivos en Atlanta.<\/p>\n<p>&nbsp;<\/p>\n","protected":false},"excerpt":{"rendered":"<p>Las lesiones catastr\u00f3ficas se encuentran entre los eventos m\u00e1s devastadores que la gente puede experimentar. Estas lesiones graves a menudo involucran huesos rotos y otros da\u00f1os anat\u00f3micos, lesiones musculares y s\u00edntomas de traumatismo craneal o interno. Si usted o su ser querido han sufrido lesiones catastr\u00f3ficas debido a la negligencia de otra persona, usted tiene [&hellip;]<\/p>\n","protected":false},"author":18,"featured_media":11772,"parent":13289,"menu_order":0,"comment_status":"closed","ping_status":"closed","template":"","meta":{"_acf_changed":false,"footnotes":""},"class_list":["post-11761","page","type-page","status-publish","has-post-thumbnail","hentry"],"acf":[],"yoast_head":"<!-- This site is optimized with the Yoast SEO plugin v27.5 - https:\/\/yoast.com\/product\/yoast-seo-wordpress\/ -->\n<title>Lesiones catastr\u00f3ficas enGeorgiay c\u00f3mo pueden afectar a SU familia| CEO Lawyer<\/title>\n<meta name=\"description\" content=\"CEO Lawyer en Atlanta, Georgia, explica c\u00f3mo las lesiones catastr\u00f3ficas pueden afectar a tu familia en Georgia.\" \/>\n<meta name=\"robots\" content=\"index, follow, max-snippet:-1, max-image-preview:large, max-video-preview:-1\" \/>\n<link rel=\"canonical\" href=\"https:\/\/ceolawyer.com\/espanol\/faq\/ley-de-georgia\/accidente-automovilistico\/lesiones-catastroficas-en-georgia-y-como-pueden-afectar-a-su-familia\/\" \/>\n<meta property=\"og:locale\" content=\"en_US\" \/>\n<meta property=\"og:type\" content=\"article\" \/>\n<meta property=\"og:title\" content=\"Lesiones catastr\u00f3ficas enGeorgiay c\u00f3mo pueden afectar a SU familia| CEO Lawyer\" \/>\n<meta property=\"og:description\" content=\"CEO Lawyer en Atlanta, Georgia, explica c\u00f3mo las lesiones catastr\u00f3ficas pueden afectar a tu familia en Georgia.\" \/>\n<meta property=\"og:url\" content=\"https:\/\/ceolawyer.com\/espanol\/faq\/ley-de-georgia\/accidente-automovilistico\/lesiones-catastroficas-en-georgia-y-como-pueden-afectar-a-su-familia\/\" \/>\n<meta property=\"og:site_name\" content=\"CEO Lawyer\" \/>\n<meta property=\"article:modified_time\" content=\"2026-03-18T18:23:12+00:00\" \/>\n<meta property=\"og:image\" content=\"https:\/\/ceolawyer.com\/espanol\/wp-content\/uploads\/sites\/2\/2024\/04\/lesiones-catastroficas-en-georgia-y-como-pueden-afectar-a-su-familia.webp\" \/>\n\t<meta property=\"og:image:width\" content=\"500\" \/>\n\t<meta property=\"og:image:height\" content=\"333\" \/>\n\t<meta property=\"og:image:type\" content=\"image\/webp\" \/>\n<meta name=\"twitter:card\" content=\"summary_large_image\" \/>\n<meta name=\"twitter:label1\" content=\"Est. reading time\" \/>\n\t<meta name=\"twitter:data1\" content=\"6 minutes\" \/>\n<script type=\"application\/ld+json\" class=\"yoast-schema-graph\">{\"@context\":\"https:\\\/\\\/schema.org\",\"@graph\":[{\"@type\":\"WebPage\",\"@id\":\"https:\\\/\\\/ceolawyer.com\\\/espanol\\\/faq\\\/ley-de-georgia\\\/accidente-automovilistico\\\/lesiones-catastroficas-en-georgia-y-como-pueden-afectar-a-su-familia\\\/\",\"url\":\"https:\\\/\\\/ceolawyer.com\\\/espanol\\\/faq\\\/ley-de-georgia\\\/accidente-automovilistico\\\/lesiones-catastroficas-en-georgia-y-como-pueden-afectar-a-su-familia\\\/\",\"name\":\"Lesiones catastr\u00f3ficas enGeorgiay c\u00f3mo pueden afectar a SU familia| CEO Lawyer\",\"isPartOf\":{\"@id\":\"https:\\\/\\\/ceolawyer.com\\\/espanol\\\/#website\"},\"primaryImageOfPage\":{\"@id\":\"https:\\\/\\\/ceolawyer.com\\\/espanol\\\/faq\\\/ley-de-georgia\\\/accidente-automovilistico\\\/lesiones-catastroficas-en-georgia-y-como-pueden-afectar-a-su-familia\\\/#primaryimage\"},\"image\":{\"@id\":\"https:\\\/\\\/ceolawyer.com\\\/espanol\\\/faq\\\/ley-de-georgia\\\/accidente-automovilistico\\\/lesiones-catastroficas-en-georgia-y-como-pueden-afectar-a-su-familia\\\/#primaryimage\"},\"thumbnailUrl\":\"https:\\\/\\\/ceolawyer.com\\\/espanol\\\/wp-content\\\/uploads\\\/sites\\\/2\\\/2024\\\/04\\\/lesiones-catastroficas-en-georgia-y-como-pueden-afectar-a-su-familia.webp\",\"datePublished\":\"2024-04-04T11:40:10+00:00\",\"dateModified\":\"2026-03-18T18:23:12+00:00\",\"description\":\"CEO Lawyer en Atlanta, Georgia, explica c\u00f3mo las lesiones catastr\u00f3ficas pueden afectar a tu familia en Georgia.\",\"breadcrumb\":{\"@id\":\"https:\\\/\\\/ceolawyer.com\\\/espanol\\\/faq\\\/ley-de-georgia\\\/accidente-automovilistico\\\/lesiones-catastroficas-en-georgia-y-como-pueden-afectar-a-su-familia\\\/#breadcrumb\"},\"inLanguage\":\"en-US\",\"potentialAction\":[{\"@type\":\"ReadAction\",\"target\":[\"https:\\\/\\\/ceolawyer.com\\\/espanol\\\/faq\\\/ley-de-georgia\\\/accidente-automovilistico\\\/lesiones-catastroficas-en-georgia-y-como-pueden-afectar-a-su-familia\\\/\"]}]},{\"@type\":\"ImageObject\",\"inLanguage\":\"en-US\",\"@id\":\"https:\\\/\\\/ceolawyer.com\\\/espanol\\\/faq\\\/ley-de-georgia\\\/accidente-automovilistico\\\/lesiones-catastroficas-en-georgia-y-como-pueden-afectar-a-su-familia\\\/#primaryimage\",\"url\":\"https:\\\/\\\/ceolawyer.com\\\/espanol\\\/wp-content\\\/uploads\\\/sites\\\/2\\\/2024\\\/04\\\/lesiones-catastroficas-en-georgia-y-como-pueden-afectar-a-su-familia.webp\",\"contentUrl\":\"https:\\\/\\\/ceolawyer.com\\\/espanol\\\/wp-content\\\/uploads\\\/sites\\\/2\\\/2024\\\/04\\\/lesiones-catastroficas-en-georgia-y-como-pueden-afectar-a-su-familia.webp\",\"width\":500,\"height\":333,\"caption\":\"Un abogado de accidentes automovil\u00edsticos se sienta en un escritorio con libros legales.\"},{\"@type\":\"BreadcrumbList\",\"@id\":\"https:\\\/\\\/ceolawyer.com\\\/espanol\\\/faq\\\/ley-de-georgia\\\/accidente-automovilistico\\\/lesiones-catastroficas-en-georgia-y-como-pueden-afectar-a-su-familia\\\/#breadcrumb\",\"itemListElement\":[{\"@type\":\"ListItem\",\"position\":1,\"name\":\"Home\",\"item\":\"https:\\\/\\\/ceolawyer.com\\\/espanol\\\/\"},{\"@type\":\"ListItem\",\"position\":2,\"name\":\"FAQ\",\"item\":\"https:\\\/\\\/ceolawyer.com\\\/espanol\\\/faq\\\/\"},{\"@type\":\"ListItem\",\"position\":3,\"name\":\"Lesiones personales en Georgia FAQ\",\"item\":\"https:\\\/\\\/ceolawyer.com\\\/espanol\\\/faq\\\/ley-de-georgia\\\/\"},{\"@type\":\"ListItem\",\"position\":4,\"name\":\"Lesiones catastr\u00f3ficas en Georgia y c\u00f3mo pueden afectar a su familia\"}]},{\"@type\":\"WebSite\",\"@id\":\"https:\\\/\\\/ceolawyer.com\\\/espanol\\\/#website\",\"url\":\"https:\\\/\\\/ceolawyer.com\\\/espanol\\\/\",\"name\":\"CEO Lawyer\",\"description\":\"Personal Injury Attorney\",\"publisher\":{\"@id\":\"https:\\\/\\\/ceolawyer.com\\\/espanol\\\/#organization\"},\"potentialAction\":[{\"@type\":\"SearchAction\",\"target\":{\"@type\":\"EntryPoint\",\"urlTemplate\":\"https:\\\/\\\/ceolawyer.com\\\/espanol\\\/?s={search_term_string}\"},\"query-input\":{\"@type\":\"PropertyValueSpecification\",\"valueRequired\":true,\"valueName\":\"search_term_string\"}}],\"inLanguage\":\"en-US\"},{\"@type\":\"Organization\",\"@id\":\"https:\\\/\\\/ceolawyer.com\\\/espanol\\\/#organization\",\"name\":\"CEO Lawyer\",\"url\":\"https:\\\/\\\/ceolawyer.com\\\/espanol\\\/\",\"logo\":{\"@type\":\"ImageObject\",\"inLanguage\":\"en-US\",\"@id\":\"https:\\\/\\\/ceolawyer.com\\\/espanol\\\/#\\\/schema\\\/logo\\\/image\\\/\",\"url\":\"https:\\\/\\\/ceolawyer.com\\\/espanol\\\/wp-content\\\/uploads\\\/sites\\\/2\\\/2022\\\/05\\\/CEO_Logo.png\",\"contentUrl\":\"https:\\\/\\\/ceolawyer.com\\\/espanol\\\/wp-content\\\/uploads\\\/sites\\\/2\\\/2022\\\/05\\\/CEO_Logo.png\",\"width\":200,\"height\":108,\"caption\":\"CEO Lawyer\"},\"image\":{\"@id\":\"https:\\\/\\\/ceolawyer.com\\\/espanol\\\/#\\\/schema\\\/logo\\\/image\\\/\"}}]}<\/script>\n<!-- \/ Yoast SEO plugin. -->","yoast_head_json":{"title":"Lesiones catastr\u00f3ficas enGeorgiay c\u00f3mo pueden afectar a SU familia| CEO Lawyer","description":"CEO Lawyer en Atlanta, Georgia, explica c\u00f3mo las lesiones catastr\u00f3ficas pueden afectar a tu familia en Georgia.","robots":{"index":"index","follow":"follow","max-snippet":"max-snippet:-1","max-image-preview":"max-image-preview:large","max-video-preview":"max-video-preview:-1"},"canonical":"https:\/\/ceolawyer.com\/espanol\/faq\/ley-de-georgia\/accidente-automovilistico\/lesiones-catastroficas-en-georgia-y-como-pueden-afectar-a-su-familia\/","og_locale":"en_US","og_type":"article","og_title":"Lesiones catastr\u00f3ficas enGeorgiay c\u00f3mo pueden afectar a SU familia| CEO Lawyer","og_description":"CEO Lawyer en Atlanta, Georgia, explica c\u00f3mo las lesiones catastr\u00f3ficas pueden afectar a tu familia en Georgia.","og_url":"https:\/\/ceolawyer.com\/espanol\/faq\/ley-de-georgia\/accidente-automovilistico\/lesiones-catastroficas-en-georgia-y-como-pueden-afectar-a-su-familia\/","og_site_name":"CEO Lawyer","article_modified_time":"2026-03-18T18:23:12+00:00","og_image":[{"width":500,"height":333,"url":"https:\/\/ceolawyer.com\/espanol\/wp-content\/uploads\/sites\/2\/2024\/04\/lesiones-catastroficas-en-georgia-y-como-pueden-afectar-a-su-familia.webp","type":"image\/webp"}],"twitter_card":"summary_large_image","twitter_misc":{"Est. reading time":"6 minutes"},"schema":{"@context":"https:\/\/schema.org","@graph":[{"@type":"WebPage","@id":"https:\/\/ceolawyer.com\/espanol\/faq\/ley-de-georgia\/accidente-automovilistico\/lesiones-catastroficas-en-georgia-y-como-pueden-afectar-a-su-familia\/","url":"https:\/\/ceolawyer.com\/espanol\/faq\/ley-de-georgia\/accidente-automovilistico\/lesiones-catastroficas-en-georgia-y-como-pueden-afectar-a-su-familia\/","name":"Lesiones catastr\u00f3ficas enGeorgiay c\u00f3mo pueden afectar a SU familia| CEO Lawyer","isPartOf":{"@id":"https:\/\/ceolawyer.com\/espanol\/#website"},"primaryImageOfPage":{"@id":"https:\/\/ceolawyer.com\/espanol\/faq\/ley-de-georgia\/accidente-automovilistico\/lesiones-catastroficas-en-georgia-y-como-pueden-afectar-a-su-familia\/#primaryimage"},"image":{"@id":"https:\/\/ceolawyer.com\/espanol\/faq\/ley-de-georgia\/accidente-automovilistico\/lesiones-catastroficas-en-georgia-y-como-pueden-afectar-a-su-familia\/#primaryimage"},"thumbnailUrl":"https:\/\/ceolawyer.com\/espanol\/wp-content\/uploads\/sites\/2\/2024\/04\/lesiones-catastroficas-en-georgia-y-como-pueden-afectar-a-su-familia.webp","datePublished":"2024-04-04T11:40:10+00:00","dateModified":"2026-03-18T18:23:12+00:00","description":"CEO Lawyer en Atlanta, Georgia, explica c\u00f3mo las lesiones catastr\u00f3ficas pueden afectar a tu familia en Georgia.","breadcrumb":{"@id":"https:\/\/ceolawyer.com\/espanol\/faq\/ley-de-georgia\/accidente-automovilistico\/lesiones-catastroficas-en-georgia-y-como-pueden-afectar-a-su-familia\/#breadcrumb"},"inLanguage":"en-US","potentialAction":[{"@type":"ReadAction","target":["https:\/\/ceolawyer.com\/espanol\/faq\/ley-de-georgia\/accidente-automovilistico\/lesiones-catastroficas-en-georgia-y-como-pueden-afectar-a-su-familia\/"]}]},{"@type":"ImageObject","inLanguage":"en-US","@id":"https:\/\/ceolawyer.com\/espanol\/faq\/ley-de-georgia\/accidente-automovilistico\/lesiones-catastroficas-en-georgia-y-como-pueden-afectar-a-su-familia\/#primaryimage","url":"https:\/\/ceolawyer.com\/espanol\/wp-content\/uploads\/sites\/2\/2024\/04\/lesiones-catastroficas-en-georgia-y-como-pueden-afectar-a-su-familia.webp","contentUrl":"https:\/\/ceolawyer.com\/espanol\/wp-content\/uploads\/sites\/2\/2024\/04\/lesiones-catastroficas-en-georgia-y-como-pueden-afectar-a-su-familia.webp","width":500,"height":333,"caption":"Un abogado de accidentes automovil\u00edsticos se sienta en un escritorio con libros legales."},{"@type":"BreadcrumbList","@id":"https:\/\/ceolawyer.com\/espanol\/faq\/ley-de-georgia\/accidente-automovilistico\/lesiones-catastroficas-en-georgia-y-como-pueden-afectar-a-su-familia\/#breadcrumb","itemListElement":[{"@type":"ListItem","position":1,"name":"Home","item":"https:\/\/ceolawyer.com\/espanol\/"},{"@type":"ListItem","position":2,"name":"FAQ","item":"https:\/\/ceolawyer.com\/espanol\/faq\/"},{"@type":"ListItem","position":3,"name":"Lesiones personales en Georgia FAQ","item":"https:\/\/ceolawyer.com\/espanol\/faq\/ley-de-georgia\/"},{"@type":"ListItem","position":4,"name":"Lesiones catastr\u00f3ficas en Georgia y c\u00f3mo pueden afectar a su familia"}]},{"@type":"WebSite","@id":"https:\/\/ceolawyer.com\/espanol\/#website","url":"https:\/\/ceolawyer.com\/espanol\/","name":"CEO Lawyer","description":"Personal Injury Attorney","publisher":{"@id":"https:\/\/ceolawyer.com\/espanol\/#organization"},"potentialAction":[{"@type":"SearchAction","target":{"@type":"EntryPoint","urlTemplate":"https:\/\/ceolawyer.com\/espanol\/?s={search_term_string}"},"query-input":{"@type":"PropertyValueSpecification","valueRequired":true,"valueName":"search_term_string"}}],"inLanguage":"en-US"},{"@type":"Organization","@id":"https:\/\/ceolawyer.com\/espanol\/#organization","name":"CEO Lawyer","url":"https:\/\/ceolawyer.com\/espanol\/","logo":{"@type":"ImageObject","inLanguage":"en-US","@id":"https:\/\/ceolawyer.com\/espanol\/#\/schema\/logo\/image\/","url":"https:\/\/ceolawyer.com\/espanol\/wp-content\/uploads\/sites\/2\/2022\/05\/CEO_Logo.png","contentUrl":"https:\/\/ceolawyer.com\/espanol\/wp-content\/uploads\/sites\/2\/2022\/05\/CEO_Logo.png","width":200,"height":108,"caption":"CEO Lawyer"},"image":{"@id":"https:\/\/ceolawyer.com\/espanol\/#\/schema\/logo\/image\/"}}]}},"_links":{"self":[{"href":"https:\/\/ceolawyer.com\/espanol\/wp-json\/wp\/v2\/pages\/11761","targetHints":{"allow":["GET"]}}],"collection":[{"href":"https:\/\/ceolawyer.com\/espanol\/wp-json\/wp\/v2\/pages"}],"about":[{"href":"https:\/\/ceolawyer.com\/espanol\/wp-json\/wp\/v2\/types\/page"}],"author":[{"embeddable":true,"href":"https:\/\/ceolawyer.com\/espanol\/wp-json\/wp\/v2\/users\/18"}],"replies":[{"embeddable":true,"href":"https:\/\/ceolawyer.com\/espanol\/wp-json\/wp\/v2\/comments?post=11761"}],"version-history":[{"count":0,"href":"https:\/\/ceolawyer.com\/espanol\/wp-json\/wp\/v2\/pages\/11761\/revisions"}],"up":[{"embeddable":true,"href":"https:\/\/ceolawyer.com\/espanol\/wp-json\/wp\/v2\/pages\/13289"}],"wp:featuredmedia":[{"embeddable":true,"href":"https:\/\/ceolawyer.com\/espanol\/wp-json\/wp\/v2\/media\/11772"}],"wp:attachment":[{"href":"https:\/\/ceolawyer.com\/espanol\/wp-json\/wp\/v2\/media?parent=11761"}],"curies":[{"name":"wp","href":"https:\/\/api.w.org\/{rel}","templated":true}]}}