{"id":11764,"date":"2024-04-04T12:40:44","date_gmt":"2024-04-04T12:40:44","guid":{"rendered":"https:\/\/ceolawyer.com\/espanol\/?page_id=11764"},"modified":"2026-03-18T18:21:25","modified_gmt":"2026-03-18T18:21:25","slug":"es-georgia-un-estado-sin-culpa","status":"publish","type":"page","link":"https:\/\/ceolawyer.com\/espanol\/faq\/ley-de-georgia\/accidente-automovilistico\/es-georgia-un-estado-sin-culpa\/","title":{"rendered":"\u00bfEs Georgia un estado sin culpa?"},"content":{"rendered":"<p>Esta es una pregunta com\u00fan despu\u00e9s de un accidente de coche. Georgia es un estado de culpa para los accidentes de veh\u00edculos de motor y un estado de negligencia comparativa. Hablaremos sobre lo que eso significa y c\u00f3mo afecta su reclamo, pero la conclusi\u00f3n principal es trabajar en probar que usted no tuvo la culpa inmediatamente. Desafortunadamente, el otro conductor y su compa\u00f1\u00eda de seguros ya pueden estar trabajando en una reclamaci\u00f3n.<img decoding=\"async\" class=\"alignright wp-image-11782\" src=\"https:\/\/ceolawyer.com\/espanol\/wp-content\/uploads\/sites\/2\/2024\/04\/es-georgia-un-estado-sin-culpa-scaled.webp\" alt=\"Un autom\u00f3vil gris y una camioneta roja en un accidente frontal.\" width=\"453\" height=\"303\" srcset=\"https:\/\/ceolawyer.com\/espanol\/wp-content\/uploads\/sites\/2\/2024\/04\/es-georgia-un-estado-sin-culpa-scaled.webp 2560w, https:\/\/ceolawyer.com\/espanol\/wp-content\/uploads\/sites\/2\/2024\/04\/es-georgia-un-estado-sin-culpa-300x200.webp 300w, https:\/\/ceolawyer.com\/espanol\/wp-content\/uploads\/sites\/2\/2024\/04\/es-georgia-un-estado-sin-culpa-1024x683.webp 1024w, https:\/\/ceolawyer.com\/espanol\/wp-content\/uploads\/sites\/2\/2024\/04\/es-georgia-un-estado-sin-culpa-768x513.webp 768w, https:\/\/ceolawyer.com\/espanol\/wp-content\/uploads\/sites\/2\/2024\/04\/es-georgia-un-estado-sin-culpa-1536x1025.webp 1536w, https:\/\/ceolawyer.com\/espanol\/wp-content\/uploads\/sites\/2\/2024\/04\/es-georgia-un-estado-sin-culpa-2048x1367.webp 2048w\" sizes=\"(max-width: 453px) 100vw, 453px\" \/><\/p>\n<p>Esta es la raz\u00f3n por la que debe hablar con un abogado de accidentes de coche inmediatamente despu\u00e9s de un accidente. El abogado Ali Awad conoce todas las estrategias que las grandes compa\u00f1\u00edas de seguros utilizan para evitar pagar su reclamo, y tiene el conocimiento y la experiencia para luchar por sus derechos legales a la compensaci\u00f3n. En solo unos pocos a\u00f1os, creci\u00f3 el bufete de abogados de lesiones personales <em>CEO Lawyer<\/em> en una de las empresas de m\u00e1s r\u00e1pido crecimiento en el pa\u00eds. Si usted ha estado en un accidente, no dude en llamar al bufete de abogados de lesiones personales <em>CEO Lawyer<\/em> para una consulta gratuita. No hay obligaci\u00f3n, y si aceptamos tu caso, no pagar\u00e1s honorarios por nuestros servicios hasta que ganemos su caso.<\/p>\n<h2>Leyes de culpa y accidentes automovil\u00edsticos en el estado de Georgia<\/h2>\n<p>Es posible que haya o\u00eddo hablar de estados &#8220;sin culpa&#8221; como Florida o Nueva York, donde el seguro de cada conductor cubre los da\u00f1os en un accidente, independientemente de la culpa. La mayor\u00eda de estos estados requieren seguro de protecci\u00f3n contra lesiones personales, por lo que puede obtener cobertura para sus facturas m\u00e9dicas si se lesiona en un accidente automovil\u00edstico. Este sistema tiene beneficios, como reducir la presi\u00f3n sobre el sistema judicial y asegurar que las reclamaciones de seguros se paguen con relativa rapidez, sin necesidad de discutir qui\u00e9n caus\u00f3 el accidente. Sin embargo, tambi\u00e9n tiene inconvenientes. Una vez que alcance los l\u00edmites de su seguro, puede que no tenga suerte si tiene m\u00e1s facturas. Hay algunas circunstancias en las que una parte lesionada puede demandar al otro conductor, pero estos son limitados y no una opci\u00f3n en la mayor\u00eda de los casos.<\/p>\n<p>Georgia es un estado culpable donde el seguro del conductor se encargar\u00e1 de los da\u00f1os en un accidente. Esto puede complicarse porque es un estado de negligencia comparativa. La mayor\u00eda de los estados usan este sistema, reconociendo que la falla no pertenece a un controlador. Hay muchos accidentes donde ambos conductores cometieron errores que contribuyeron a la colisi\u00f3n.<\/p>\n<h2>\u00bfC\u00f3mo funciona la negligencia comparativa?<\/h2>\n<p>Con los estatutos de negligencia comparativa, una persona puede cobrar da\u00f1os del otro conductor (o, en la mayor\u00eda de los casos, su compa\u00f1\u00eda de seguros) si el otro conductor ten\u00eda m\u00e1s del 50 por ciento de la culpa. Un conductor que es m\u00e1s del 50 por ciento responsable no puede cobrar da\u00f1os de la otra parte. Si usted tiene la culpa de alg\u00fan porcentaje entre 0 y 50, usted ser\u00e1 capaz de recibir una compensaci\u00f3n, pero su premio total se reducir\u00e1 en el porcentaje que usted fue encontrado responsable. As\u00ed que en el caso de que tuviese 15 por ciento de culpa, perder\u00eda el 15 por ciento de la compensaci\u00f3n total que se le otorgue.<\/p>\n<p>Como mencionamos anteriormente, las compa\u00f1\u00edas de seguros a menudo pasan mucho tiempo tratando de demostrar que el otro conductor tiene la culpa. Si usted fue m\u00e1s del 50 por ciento responsable, no pagan nada, y su cliente recibe sus da\u00f1os cubiertos por su seguro. Si tuvieras menos del 50 por ciento de culpa, tendr\u00edan que pagar, pero no tanto. No hay inconveniente para la compa\u00f1\u00eda de seguros del otro conductor trat\u00e1ndose de culpar.<\/p>\n<p>Por supuesto, hay una diferencia entre el perito de seguros diciendo que usted ten\u00eda la culpa y probarlo en la corte. Si su caso va a juicio y un jurado encuentra que usted tiene menos del 50% de la culpa, todav\u00eda tienen que pagar. Pero \u00bfadivinen qu\u00e9? La mayor\u00eda de los casos de lesiones personales se resuelven fuera de la corte. A veces, el seguro solo tiene que convencer a una persona que usted tiene la culpa. Esto puede parecer dif\u00edcil de creer, pero hemos conocido a personas que pensaban que un accidente era su culpa por algo que dijo un tasador de seguros, y estaban equivocados, o el asegurador puede haberlos convencido de que el accidente fue principalmente su culpa cuando solo contribuyeron con un peque\u00f1o porcentaje.<\/p>\n<p>Esta es la raz\u00f3n por la que recomendamos hablar con un abogado experimentado en accidentes de coche antes de hablar con la compa\u00f1\u00eda de seguros. Una consulta gratuita no le costar\u00e1 nada y puede ahorrarle el perder dinero que la compa\u00f1\u00eda de seguros del otro conductor le debe por derecho. Si la compa\u00f1\u00eda de seguros llama antes de tener la oportunidad de consultar a un abogado, recuerde que no tiene que hablar con ellos de inmediato.<\/p>\n<h2>\u00bfQu\u00e9 es el seguro sin culpa?<\/h2>\n<p>El seguro de\u00a0 no culpa est\u00e1 disponible en algunos estados de culpa que no lo requieren, y permite a los conductores tener cobertura independientemente de qui\u00e9n caus\u00f3 un accidente. Este tipo espec\u00edfico de seguro no est\u00e1 disponible en Georgia, pero hay otras opciones de seguro para cubrir algunas de las mismas cosas que el seguro sin culpa:<\/p>\n<ul>\n<li><strong>Cobertura de pagos m\u00e9dicos. <\/strong>Esto cubrir\u00e1 sus gastos m\u00e9dicos si el otro conductor o su aseguradora discute su culpa, y en la mayor\u00eda de los casos, incluso si usted tuvo la culpa. Tambi\u00e9n es \u00fatil si el otro conductor no ten\u00eda seguro (en algunos casos, puedes usar ambos tipos de cobertura). Este tipo de seguro est\u00e1 disponible para los conductores de Georgia, pero no es necesario, as\u00ed que no asuma que lo tiene. Si no recuerda haberlo comprado, revise su p\u00f3liza o hable con su agente de seguros.<\/li>\n<li><strong>Cobertura de colisi\u00f3n.<\/strong> Su cobertura de responsabilidad est\u00e1ndar pagar\u00e1 por los da\u00f1os causados al veh\u00edculo de otro conductor si usted tiene la culpa, pero esto no cubre su propio veh\u00edculo. Desafortunadamente, muchas personas no se dan cuenta de esto hasta que buscan compensaci\u00f3n por el da\u00f1o de su veh\u00edculo. La cobertura de colisi\u00f3n pagar\u00e1 por los da\u00f1os a su autom\u00f3vil, pero no es necesario en Georgia, como el pago m\u00e9dico. Aseg\u00farese de revisar su pol\u00edtica para ver si la tiene.<\/li>\n<\/ul>\n<p>Si usted o un ser querido han sido heridos en un accidente de coche y necesitan ayuda para averiguar c\u00f3mo cubrir sus gastos relacionados, por favor p\u00f3ngase en contacto con el bufete de abogados de lesiones personales CEO Lawyer, para una consulta gratuita. Vamos a considerar todas las opciones para obtener sus da\u00f1os pagados, explicar las opciones que tiene, y responder a sus preguntas. No hay tiempo que perder, as\u00ed que p\u00f3ngase en contacto con nosotros lo antes posible.<\/p>\n","protected":false},"excerpt":{"rendered":"<p>Esta es una pregunta com\u00fan despu\u00e9s de un accidente de coche. Georgia es un estado de culpa para los accidentes de veh\u00edculos de motor y un estado de negligencia comparativa. Hablaremos sobre lo que eso significa y c\u00f3mo afecta su reclamo, pero la conclusi\u00f3n principal es trabajar en probar que usted no tuvo la culpa [&hellip;]<\/p>\n","protected":false},"author":18,"featured_media":11782,"parent":13289,"menu_order":0,"comment_status":"closed","ping_status":"closed","template":"","meta":{"_acf_changed":false,"footnotes":""},"class_list":["post-11764","page","type-page","status-publish","has-post-thumbnail","hentry"],"acf":[],"yoast_head":"<!-- This site is optimized with the Yoast SEO plugin v27.5 - https:\/\/yoast.com\/product\/yoast-seo-wordpress\/ -->\n<title>\u00bfEs Georgia un estado sin culpa? | CEO Lawyer<\/title>\n<meta name=\"description\" content=\"CEO Lawyer te ayuda a entender si Georgia es un estado sin culpa y c\u00f3mo afecta esto a los accidentes de tr\u00e1fico.\" \/>\n<meta name=\"robots\" content=\"index, follow, max-snippet:-1, max-image-preview:large, max-video-preview:-1\" \/>\n<link rel=\"canonical\" href=\"https:\/\/ceolawyer.com\/espanol\/faq\/ley-de-georgia\/accidente-automovilistico\/es-georgia-un-estado-sin-culpa\/\" \/>\n<meta property=\"og:locale\" content=\"en_US\" \/>\n<meta property=\"og:type\" content=\"article\" \/>\n<meta property=\"og:title\" content=\"\u00bfEs Georgia un estado sin culpa? | CEO Lawyer\" \/>\n<meta property=\"og:description\" content=\"CEO Lawyer te ayuda a entender si Georgia es un estado sin culpa y c\u00f3mo afecta esto a los accidentes de tr\u00e1fico.\" \/>\n<meta property=\"og:url\" content=\"https:\/\/ceolawyer.com\/espanol\/faq\/ley-de-georgia\/accidente-automovilistico\/es-georgia-un-estado-sin-culpa\/\" \/>\n<meta property=\"og:site_name\" content=\"CEO Lawyer\" \/>\n<meta property=\"article:modified_time\" content=\"2026-03-18T18:21:25+00:00\" \/>\n<meta property=\"og:image\" content=\"https:\/\/ceolawyer.com\/espanol\/wp-content\/uploads\/sites\/2\/2024\/04\/es-georgia-un-estado-sin-culpa-scaled.webp\" \/>\n\t<meta property=\"og:image:width\" content=\"2560\" \/>\n\t<meta property=\"og:image:height\" content=\"1709\" \/>\n\t<meta property=\"og:image:type\" content=\"image\/webp\" \/>\n<meta name=\"twitter:card\" content=\"summary_large_image\" \/>\n<meta name=\"twitter:label1\" content=\"Est. reading time\" \/>\n\t<meta name=\"twitter:data1\" content=\"6 minutes\" \/>\n<script type=\"application\/ld+json\" class=\"yoast-schema-graph\">{\"@context\":\"https:\\\/\\\/schema.org\",\"@graph\":[{\"@type\":\"WebPage\",\"@id\":\"https:\\\/\\\/ceolawyer.com\\\/espanol\\\/faq\\\/ley-de-georgia\\\/accidente-automovilistico\\\/es-georgia-un-estado-sin-culpa\\\/\",\"url\":\"https:\\\/\\\/ceolawyer.com\\\/espanol\\\/faq\\\/ley-de-georgia\\\/accidente-automovilistico\\\/es-georgia-un-estado-sin-culpa\\\/\",\"name\":\"\u00bfEs Georgia un estado sin culpa? | CEO Lawyer\",\"isPartOf\":{\"@id\":\"https:\\\/\\\/ceolawyer.com\\\/espanol\\\/#website\"},\"primaryImageOfPage\":{\"@id\":\"https:\\\/\\\/ceolawyer.com\\\/espanol\\\/faq\\\/ley-de-georgia\\\/accidente-automovilistico\\\/es-georgia-un-estado-sin-culpa\\\/#primaryimage\"},\"image\":{\"@id\":\"https:\\\/\\\/ceolawyer.com\\\/espanol\\\/faq\\\/ley-de-georgia\\\/accidente-automovilistico\\\/es-georgia-un-estado-sin-culpa\\\/#primaryimage\"},\"thumbnailUrl\":\"https:\\\/\\\/ceolawyer.com\\\/espanol\\\/wp-content\\\/uploads\\\/sites\\\/2\\\/2024\\\/04\\\/es-georgia-un-estado-sin-culpa-scaled.webp\",\"datePublished\":\"2024-04-04T12:40:44+00:00\",\"dateModified\":\"2026-03-18T18:21:25+00:00\",\"description\":\"CEO Lawyer te ayuda a entender si Georgia es un estado sin culpa y c\u00f3mo afecta esto a los accidentes de tr\u00e1fico.\",\"breadcrumb\":{\"@id\":\"https:\\\/\\\/ceolawyer.com\\\/espanol\\\/faq\\\/ley-de-georgia\\\/accidente-automovilistico\\\/es-georgia-un-estado-sin-culpa\\\/#breadcrumb\"},\"inLanguage\":\"en-US\",\"potentialAction\":[{\"@type\":\"ReadAction\",\"target\":[\"https:\\\/\\\/ceolawyer.com\\\/espanol\\\/faq\\\/ley-de-georgia\\\/accidente-automovilistico\\\/es-georgia-un-estado-sin-culpa\\\/\"]}]},{\"@type\":\"ImageObject\",\"inLanguage\":\"en-US\",\"@id\":\"https:\\\/\\\/ceolawyer.com\\\/espanol\\\/faq\\\/ley-de-georgia\\\/accidente-automovilistico\\\/es-georgia-un-estado-sin-culpa\\\/#primaryimage\",\"url\":\"https:\\\/\\\/ceolawyer.com\\\/espanol\\\/wp-content\\\/uploads\\\/sites\\\/2\\\/2024\\\/04\\\/es-georgia-un-estado-sin-culpa-scaled.webp\",\"contentUrl\":\"https:\\\/\\\/ceolawyer.com\\\/espanol\\\/wp-content\\\/uploads\\\/sites\\\/2\\\/2024\\\/04\\\/es-georgia-un-estado-sin-culpa-scaled.webp\",\"width\":2560,\"height\":1709,\"caption\":\"Un autom\u00f3vil gris y una camioneta roja en un accidente frontal.\"},{\"@type\":\"BreadcrumbList\",\"@id\":\"https:\\\/\\\/ceolawyer.com\\\/espanol\\\/faq\\\/ley-de-georgia\\\/accidente-automovilistico\\\/es-georgia-un-estado-sin-culpa\\\/#breadcrumb\",\"itemListElement\":[{\"@type\":\"ListItem\",\"position\":1,\"name\":\"Home\",\"item\":\"https:\\\/\\\/ceolawyer.com\\\/espanol\\\/\"},{\"@type\":\"ListItem\",\"position\":2,\"name\":\"FAQ\",\"item\":\"https:\\\/\\\/ceolawyer.com\\\/espanol\\\/faq\\\/\"},{\"@type\":\"ListItem\",\"position\":3,\"name\":\"Lesiones personales en Georgia FAQ\",\"item\":\"https:\\\/\\\/ceolawyer.com\\\/espanol\\\/faq\\\/ley-de-georgia\\\/\"},{\"@type\":\"ListItem\",\"position\":4,\"name\":\"\u00bfEs Georgia un estado sin culpa?\"}]},{\"@type\":\"WebSite\",\"@id\":\"https:\\\/\\\/ceolawyer.com\\\/espanol\\\/#website\",\"url\":\"https:\\\/\\\/ceolawyer.com\\\/espanol\\\/\",\"name\":\"CEO Lawyer\",\"description\":\"Personal Injury Attorney\",\"publisher\":{\"@id\":\"https:\\\/\\\/ceolawyer.com\\\/espanol\\\/#organization\"},\"potentialAction\":[{\"@type\":\"SearchAction\",\"target\":{\"@type\":\"EntryPoint\",\"urlTemplate\":\"https:\\\/\\\/ceolawyer.com\\\/espanol\\\/?s={search_term_string}\"},\"query-input\":{\"@type\":\"PropertyValueSpecification\",\"valueRequired\":true,\"valueName\":\"search_term_string\"}}],\"inLanguage\":\"en-US\"},{\"@type\":\"Organization\",\"@id\":\"https:\\\/\\\/ceolawyer.com\\\/espanol\\\/#organization\",\"name\":\"CEO Lawyer\",\"url\":\"https:\\\/\\\/ceolawyer.com\\\/espanol\\\/\",\"logo\":{\"@type\":\"ImageObject\",\"inLanguage\":\"en-US\",\"@id\":\"https:\\\/\\\/ceolawyer.com\\\/espanol\\\/#\\\/schema\\\/logo\\\/image\\\/\",\"url\":\"https:\\\/\\\/ceolawyer.com\\\/espanol\\\/wp-content\\\/uploads\\\/sites\\\/2\\\/2022\\\/05\\\/CEO_Logo.png\",\"contentUrl\":\"https:\\\/\\\/ceolawyer.com\\\/espanol\\\/wp-content\\\/uploads\\\/sites\\\/2\\\/2022\\\/05\\\/CEO_Logo.png\",\"width\":200,\"height\":108,\"caption\":\"CEO Lawyer\"},\"image\":{\"@id\":\"https:\\\/\\\/ceolawyer.com\\\/espanol\\\/#\\\/schema\\\/logo\\\/image\\\/\"}}]}<\/script>\n<!-- \/ Yoast SEO plugin. -->","yoast_head_json":{"title":"\u00bfEs Georgia un estado sin culpa? | CEO Lawyer","description":"CEO Lawyer te ayuda a entender si Georgia es un estado sin culpa y c\u00f3mo afecta esto a los accidentes de tr\u00e1fico.","robots":{"index":"index","follow":"follow","max-snippet":"max-snippet:-1","max-image-preview":"max-image-preview:large","max-video-preview":"max-video-preview:-1"},"canonical":"https:\/\/ceolawyer.com\/espanol\/faq\/ley-de-georgia\/accidente-automovilistico\/es-georgia-un-estado-sin-culpa\/","og_locale":"en_US","og_type":"article","og_title":"\u00bfEs Georgia un estado sin culpa? | CEO Lawyer","og_description":"CEO Lawyer te ayuda a entender si Georgia es un estado sin culpa y c\u00f3mo afecta esto a los accidentes de tr\u00e1fico.","og_url":"https:\/\/ceolawyer.com\/espanol\/faq\/ley-de-georgia\/accidente-automovilistico\/es-georgia-un-estado-sin-culpa\/","og_site_name":"CEO Lawyer","article_modified_time":"2026-03-18T18:21:25+00:00","og_image":[{"width":2560,"height":1709,"url":"https:\/\/ceolawyer.com\/espanol\/wp-content\/uploads\/sites\/2\/2024\/04\/es-georgia-un-estado-sin-culpa-scaled.webp","type":"image\/webp"}],"twitter_card":"summary_large_image","twitter_misc":{"Est. reading time":"6 minutes"},"schema":{"@context":"https:\/\/schema.org","@graph":[{"@type":"WebPage","@id":"https:\/\/ceolawyer.com\/espanol\/faq\/ley-de-georgia\/accidente-automovilistico\/es-georgia-un-estado-sin-culpa\/","url":"https:\/\/ceolawyer.com\/espanol\/faq\/ley-de-georgia\/accidente-automovilistico\/es-georgia-un-estado-sin-culpa\/","name":"\u00bfEs Georgia un estado sin culpa? | CEO Lawyer","isPartOf":{"@id":"https:\/\/ceolawyer.com\/espanol\/#website"},"primaryImageOfPage":{"@id":"https:\/\/ceolawyer.com\/espanol\/faq\/ley-de-georgia\/accidente-automovilistico\/es-georgia-un-estado-sin-culpa\/#primaryimage"},"image":{"@id":"https:\/\/ceolawyer.com\/espanol\/faq\/ley-de-georgia\/accidente-automovilistico\/es-georgia-un-estado-sin-culpa\/#primaryimage"},"thumbnailUrl":"https:\/\/ceolawyer.com\/espanol\/wp-content\/uploads\/sites\/2\/2024\/04\/es-georgia-un-estado-sin-culpa-scaled.webp","datePublished":"2024-04-04T12:40:44+00:00","dateModified":"2026-03-18T18:21:25+00:00","description":"CEO Lawyer te ayuda a entender si Georgia es un estado sin culpa y c\u00f3mo afecta esto a los accidentes de tr\u00e1fico.","breadcrumb":{"@id":"https:\/\/ceolawyer.com\/espanol\/faq\/ley-de-georgia\/accidente-automovilistico\/es-georgia-un-estado-sin-culpa\/#breadcrumb"},"inLanguage":"en-US","potentialAction":[{"@type":"ReadAction","target":["https:\/\/ceolawyer.com\/espanol\/faq\/ley-de-georgia\/accidente-automovilistico\/es-georgia-un-estado-sin-culpa\/"]}]},{"@type":"ImageObject","inLanguage":"en-US","@id":"https:\/\/ceolawyer.com\/espanol\/faq\/ley-de-georgia\/accidente-automovilistico\/es-georgia-un-estado-sin-culpa\/#primaryimage","url":"https:\/\/ceolawyer.com\/espanol\/wp-content\/uploads\/sites\/2\/2024\/04\/es-georgia-un-estado-sin-culpa-scaled.webp","contentUrl":"https:\/\/ceolawyer.com\/espanol\/wp-content\/uploads\/sites\/2\/2024\/04\/es-georgia-un-estado-sin-culpa-scaled.webp","width":2560,"height":1709,"caption":"Un autom\u00f3vil gris y una camioneta roja en un accidente frontal."},{"@type":"BreadcrumbList","@id":"https:\/\/ceolawyer.com\/espanol\/faq\/ley-de-georgia\/accidente-automovilistico\/es-georgia-un-estado-sin-culpa\/#breadcrumb","itemListElement":[{"@type":"ListItem","position":1,"name":"Home","item":"https:\/\/ceolawyer.com\/espanol\/"},{"@type":"ListItem","position":2,"name":"FAQ","item":"https:\/\/ceolawyer.com\/espanol\/faq\/"},{"@type":"ListItem","position":3,"name":"Lesiones personales en Georgia FAQ","item":"https:\/\/ceolawyer.com\/espanol\/faq\/ley-de-georgia\/"},{"@type":"ListItem","position":4,"name":"\u00bfEs Georgia un estado sin culpa?"}]},{"@type":"WebSite","@id":"https:\/\/ceolawyer.com\/espanol\/#website","url":"https:\/\/ceolawyer.com\/espanol\/","name":"CEO Lawyer","description":"Personal Injury Attorney","publisher":{"@id":"https:\/\/ceolawyer.com\/espanol\/#organization"},"potentialAction":[{"@type":"SearchAction","target":{"@type":"EntryPoint","urlTemplate":"https:\/\/ceolawyer.com\/espanol\/?s={search_term_string}"},"query-input":{"@type":"PropertyValueSpecification","valueRequired":true,"valueName":"search_term_string"}}],"inLanguage":"en-US"},{"@type":"Organization","@id":"https:\/\/ceolawyer.com\/espanol\/#organization","name":"CEO Lawyer","url":"https:\/\/ceolawyer.com\/espanol\/","logo":{"@type":"ImageObject","inLanguage":"en-US","@id":"https:\/\/ceolawyer.com\/espanol\/#\/schema\/logo\/image\/","url":"https:\/\/ceolawyer.com\/espanol\/wp-content\/uploads\/sites\/2\/2022\/05\/CEO_Logo.png","contentUrl":"https:\/\/ceolawyer.com\/espanol\/wp-content\/uploads\/sites\/2\/2022\/05\/CEO_Logo.png","width":200,"height":108,"caption":"CEO Lawyer"},"image":{"@id":"https:\/\/ceolawyer.com\/espanol\/#\/schema\/logo\/image\/"}}]}},"_links":{"self":[{"href":"https:\/\/ceolawyer.com\/espanol\/wp-json\/wp\/v2\/pages\/11764","targetHints":{"allow":["GET"]}}],"collection":[{"href":"https:\/\/ceolawyer.com\/espanol\/wp-json\/wp\/v2\/pages"}],"about":[{"href":"https:\/\/ceolawyer.com\/espanol\/wp-json\/wp\/v2\/types\/page"}],"author":[{"embeddable":true,"href":"https:\/\/ceolawyer.com\/espanol\/wp-json\/wp\/v2\/users\/18"}],"replies":[{"embeddable":true,"href":"https:\/\/ceolawyer.com\/espanol\/wp-json\/wp\/v2\/comments?post=11764"}],"version-history":[{"count":0,"href":"https:\/\/ceolawyer.com\/espanol\/wp-json\/wp\/v2\/pages\/11764\/revisions"}],"up":[{"embeddable":true,"href":"https:\/\/ceolawyer.com\/espanol\/wp-json\/wp\/v2\/pages\/13289"}],"wp:featuredmedia":[{"embeddable":true,"href":"https:\/\/ceolawyer.com\/espanol\/wp-json\/wp\/v2\/media\/11782"}],"wp:attachment":[{"href":"https:\/\/ceolawyer.com\/espanol\/wp-json\/wp\/v2\/media?parent=11764"}],"curies":[{"name":"wp","href":"https:\/\/api.w.org\/{rel}","templated":true}]}}