{"id":11766,"date":"2024-04-04T12:10:51","date_gmt":"2024-04-04T12:10:51","guid":{"rendered":"https:\/\/ceolawyer.com\/espanol\/?page_id=11766"},"modified":"2026-03-18T18:40:11","modified_gmt":"2026-03-18T18:40:11","slug":"que-es-la-cobertura-para-conductores-sin-seguro","status":"publish","type":"page","link":"https:\/\/ceolawyer.com\/espanol\/faq\/ley-de-georgia\/accidente-automovilistico\/que-es-la-cobertura-para-conductores-sin-seguro\/","title":{"rendered":"\u00bfQu\u00e9 es la cobertura para conductores sin seguro?"},"content":{"rendered":"<p>La cobertura de automovilista sin seguro\/ con seguro insuficiente (UM\/ UI) es una forma de protegerse si est\u00e1 en un accidente causado por un conductor sin seguro o con seguro insuficiente. La mayor\u00eda de las personas no se dan cuenta de que la cobertura de UM\/ UI tambi\u00e9n puede ser \u00fatil en varias situaciones. Al igual que con el seguro de responsabilidad civil, puede comprar UM\/ UI en cantidades variables. En algunas situaciones, UM\/ UI se puede utilizar con otros pagos del seguro.<img decoding=\"async\" class=\"alignright wp-image-11777\" src=\"https:\/\/ceolawyer.com\/espanol\/wp-content\/uploads\/sites\/2\/2024\/04\/que-es-la-cobertura-para-conductores-sin-seguro-scaled.webp\" alt=\"Un coche negro con da\u00f1os en la parte trasera tras un accidente automovil\u00edstico.\" width=\"657\" height=\"438\" srcset=\"https:\/\/ceolawyer.com\/espanol\/wp-content\/uploads\/sites\/2\/2024\/04\/que-es-la-cobertura-para-conductores-sin-seguro-scaled.webp 2560w, https:\/\/ceolawyer.com\/espanol\/wp-content\/uploads\/sites\/2\/2024\/04\/que-es-la-cobertura-para-conductores-sin-seguro-300x200.webp 300w, https:\/\/ceolawyer.com\/espanol\/wp-content\/uploads\/sites\/2\/2024\/04\/que-es-la-cobertura-para-conductores-sin-seguro-1024x683.webp 1024w, https:\/\/ceolawyer.com\/espanol\/wp-content\/uploads\/sites\/2\/2024\/04\/que-es-la-cobertura-para-conductores-sin-seguro-768x512.webp 768w, https:\/\/ceolawyer.com\/espanol\/wp-content\/uploads\/sites\/2\/2024\/04\/que-es-la-cobertura-para-conductores-sin-seguro-1536x1024.webp 1536w, https:\/\/ceolawyer.com\/espanol\/wp-content\/uploads\/sites\/2\/2024\/04\/que-es-la-cobertura-para-conductores-sin-seguro-2048x1365.webp 2048w\" sizes=\"(max-width: 657px) 100vw, 657px\" \/><\/p>\n<p>Averiguar c\u00f3mo lidiar con sus costos despu\u00e9s de un accidente puede ser dif\u00edcil, especialmente si se entera de que el conductor culpable no ten\u00eda cobertura de seguro. Algunas personas creen que no tienen suerte y que tendr\u00e1n que lidiar con los gastos por su cuenta. Afortunadamente, otras opciones a menudo est\u00e1n disponibles UM\/ UI seguro.<\/p>\n<p>Si usted est\u00e1 en una p\u00e9rdida para cubrir los costos despu\u00e9s de un accidente con un conductor sin seguro, necesita la ayuda de un abogado de accidentes de coche de Georgia para explicar todas sus opciones. El abogado Ali Awad es un abogado experto en da\u00f1os corporales que ayuda a clientes con demandas de seguro y otros m\u00e9todos de buscar la remuneraci\u00f3n. Estableci\u00f3 el Bufete de Abogados de Lesiones Personales y r\u00e1pidamente lo convirti\u00f3 en uno de los bufetes de abogados de m\u00e1s r\u00e1pido crecimiento en el pa\u00eds. Cuando usted necesita ayuda con un reclamo de accidente de coche, la Firma de Abogado Lesiones Personales CEO proporciona consultas gratuitas, y si tomamos su caso, usted no pagar\u00e1 nada hasta que ganemos.<\/p>\n<h2>\u00bfQu\u00e9 sucede con los conductores no asegurados en un accidente?<\/h2>\n<p>Con suerte, usted no est\u00e1 leyendo esto porque el conductor no asegurado es usted, lo que limita sus opciones para buscar compensaci\u00f3n. Sin embargo, si el otro conductor tuvo la culpa, usted todav\u00eda debe ser capaz de hacer una reclamaci\u00f3n contra su seguro de autom\u00f3vil. Usted no debe dejar que su falta de seguro le impida buscar da\u00f1os de una parte responsable o su compa\u00f1\u00eda de seguros. En algunas situaciones, puede haber otras opciones, que su abogado ir\u00e1 con usted. Pero no podr\u00e1 confiar en su propia cobertura de UM\/UI, MedPay o colisi\u00f3n si el otro conductor tambi\u00e9n no ten\u00eda seguro o si usted ten\u00eda la culpa predominante. (Afortunadamente, las situaciones en las que dos conductores sin seguro tienen un accidente no son tan comunes.)<\/p>\n<p>Si usted est\u00e1 leyendo esto porque fue golpeado por un conductor sin seguro, es probable que tenga una gama m\u00e1s amplia de opciones, dependiendo de los l\u00edmites de su propia cobertura. El conductor sin seguro ser\u00e1 multado por conducir sin seguro, y usted puede demandarlos directamente por sus da\u00f1os. Lamentablemente, esta no suele ser una opci\u00f3n pr\u00e1ctica. En muchos casos, los conductores carecen de seguro porque no pueden pagarlo. Si esta es la raz\u00f3n, probablemente no pueden permitirse pagar una sentencia cuando usted gana en la corte. No recomendamos que los clientes inviertan tiempo y costos judiciales en una demanda que nunca resultar\u00e1 en el cobro de los da\u00f1os ganados.<\/p>\n<p>La buena noticia es que demandar al otro conductor no es su \u00fanica opci\u00f3n para recibir da\u00f1os. Si ha comprado la cobertura de UM\/ UI, cubrir\u00e1 sus da\u00f1os hasta los l\u00edmites de su p\u00f3liza. En Georgia, la cobertura m\u00ednima de seguro de autom\u00f3vil es de $25,000 en responsabilidad por lesiones corporales y $25,000 en da\u00f1os a la propiedad. La cobertura de UM\/UI comienza con estas cantidades, pero usted tiene la opci\u00f3n de comprar una p\u00f3liza m\u00e1s grande.<\/p>\n<h2>Pol\u00edticas de apilamiento y no apilamiento: \u00bfQu\u00e9 significa &#8220;sub asegurado&#8221;?<\/h2>\n<p>A veces la gente piensa err\u00f3neamente que la cobertura &#8220;sub asegurada&#8221; significa una p\u00f3liza que no cumple con los requisitos m\u00ednimos del estado de alguna manera, pero es poco probable que esto suceda con cualquier compa\u00f1\u00eda de seguros de buena reputaci\u00f3n. &#8220;Sub Asegurado&#8221; se refiere a una situaci\u00f3n en la que los costos m\u00e9dicos de una v\u00edctima de un accidente automovil\u00edstico y otros da\u00f1os han agotado la cobertura de responsabilidad del conductor culpable. As\u00ed que usted puede tener $50,000 en las facturas del hospital, pero el conductor que le golpe\u00f3 solo tiene $25,000 en el seguro de responsabilidad civil, lo que significa que est\u00e1n sub asegurados para esta situaci\u00f3n particular. Sin embargo, en algunas circunstancias, su cobertura de UM\/UI puede ser beneficiosa.<\/p>\n<p>Algunas p\u00f3lizas de UM\/UI est\u00e1n &#8220;aplic\u00e1ndose&#8221;, lo que significa que se pueden usar adem\u00e1s del seguro del otro conductor, mientras que otras no est\u00e1n empacando. Esencialmente, una pol\u00edtica de no embalaje solo garantiza que tendr\u00e1 X cantidad de cobertura. Por lo tanto, una p\u00f3liza de $25,000 no empaquetada es \u00fatil si el otro conductor no tiene seguro, pero si tienen $25,000 en cobertura de responsabilidad civil, usted no podr\u00e1 usar los $25,000 adicionales de su p\u00f3liza de UM\/UI si sus costos m\u00e9dicos exceden esa cantidad.<\/p>\n<p>Sin embargo, si usted ten\u00eda una p\u00f3liza de $50,000 UM\/UI sin embalaje, todav\u00eda tendr\u00eda acceso a un adicional de $25,000 despu\u00e9s de que el seguro del conductor culpable pagara su l\u00edmite. O, si usted ten\u00eda una p\u00f3liza de apilamiento por $25,000 y el otro conductor ten\u00eda una p\u00f3liza de $25,000, usted tendr\u00eda $50,000 en cobertura combinada para sus gastos m\u00e9dicos.<\/p>\n<h2>\u00bfQu\u00e9 pasa si te golpea un automovilista sin seguro mientras caminas o montas en bicicleta?<\/h2>\n<p>Otra idea err\u00f3nea sobre el seguro de UM\/ UI es que solo se aplicar\u00e1 si conduce su veh\u00edculo asegurado cuando el automovilista no asegurado le golpea. Este no es el caso. UM\/ UI tambi\u00e9n se aplica si usted est\u00e1 caminando, montando una bicicleta, o incluso montando en el transporte p\u00fablico cuando ocurre el accidente. Adem\u00e1s, puede usar esta cobertura si tiene un accidente con un conductor atropellado que nunca se encuentra.<\/p>\n<p>UM\/UI t\u00edpicamente cubre:<\/p>\n<ul>\n<li>T\u00fa y tu c\u00f3nyuge.<\/li>\n<li>Otros familiares que viven en su hogar (por lo general los ni\u00f1os lo suficientemente mayores como para tener una licencia de conducir, pero tambi\u00e9n pueden solicitar a los padres u otros familiares que viven con usted).<\/li>\n<li>Cualquiera que use su auto con su permiso. As\u00ed que si usted presta su coche a un amigo y es golpeado por un motorista sin seguro, usted no tiene que preocuparse de qui\u00e9n pagar\u00e1 por los da\u00f1os a su coche.<\/li>\n<li>Un pasajero en su coche con su permiso.<\/li>\n<\/ul>\n<p>En situaciones donde sus da\u00f1os superan su cobertura de UM\/ UI, as\u00ed, en algunos casos puede haber otras opciones para asegurar la compensaci\u00f3n.<\/p>\n<h2>Llame al CEO Lawyer<\/h2>\n<p>Si usted o un ser querido han sido lesionados por un automovilista sin seguro o con un seguro insuficiente, la mejor manera de aprender acerca de las opciones para su situaci\u00f3n particular es llamar al CEO Lawyer Personal Injury Firm para una consulta gratuita. Responderemos sus preguntas y explicaremos las posibilidades. Si tomamos su caso, trabajaremos en base a contingencia, y no le costar\u00e1 nada hasta que ganemos.<\/p>\n<p>Averig\u00fce cu\u00e1nto vale su caso y ll\u00e1menos al <a href=\"te:+1833-254-2923\">833-254-2923<\/a>.<\/p>\n","protected":false},"excerpt":{"rendered":"<p>La cobertura de automovilista sin seguro\/ con seguro insuficiente (UM\/ UI) es una forma de protegerse si est\u00e1 en un accidente causado por un conductor sin seguro o con seguro insuficiente. La mayor\u00eda de las personas no se dan cuenta de que la cobertura de UM\/ UI tambi\u00e9n puede ser \u00fatil en varias situaciones. Al [&hellip;]<\/p>\n","protected":false},"author":18,"featured_media":11777,"parent":13289,"menu_order":0,"comment_status":"closed","ping_status":"closed","template":"","meta":{"_acf_changed":false,"footnotes":""},"class_list":["post-11766","page","type-page","status-publish","has-post-thumbnail","hentry"],"acf":[],"yoast_head":"<!-- This site is optimized with the Yoast SEO plugin v27.4 - https:\/\/yoast.com\/product\/yoast-seo-wordpress\/ -->\n<title>\u00bfQu\u00e9 es la cobertura para conductores sin seguro? | CEO Lawyer<\/title>\n<meta name=\"description\" content=\"CEO Lawyer en Georgia te explica qu\u00e9 es la cobertura para conductores sin seguro y por qu\u00e9 es esencial tenerla.\" \/>\n<meta name=\"robots\" content=\"index, follow, max-snippet:-1, max-image-preview:large, max-video-preview:-1\" \/>\n<link rel=\"canonical\" href=\"https:\/\/ceolawyer.com\/espanol\/faq\/ley-de-georgia\/accidente-automovilistico\/que-es-la-cobertura-para-conductores-sin-seguro\/\" \/>\n<meta property=\"og:locale\" content=\"en_US\" \/>\n<meta property=\"og:type\" content=\"article\" \/>\n<meta property=\"og:title\" content=\"\u00bfQu\u00e9 es la cobertura para conductores sin seguro? | CEO Lawyer\" \/>\n<meta property=\"og:description\" content=\"CEO Lawyer en Georgia te explica qu\u00e9 es la cobertura para conductores sin seguro y por qu\u00e9 es esencial tenerla.\" \/>\n<meta property=\"og:url\" content=\"https:\/\/ceolawyer.com\/espanol\/faq\/ley-de-georgia\/accidente-automovilistico\/que-es-la-cobertura-para-conductores-sin-seguro\/\" \/>\n<meta property=\"og:site_name\" content=\"CEO Lawyer\" \/>\n<meta property=\"article:modified_time\" content=\"2026-03-18T18:40:11+00:00\" \/>\n<meta property=\"og:image\" content=\"https:\/\/ceolawyer.com\/espanol\/wp-content\/uploads\/sites\/2\/2024\/04\/que-es-la-cobertura-para-conductores-sin-seguro-scaled.webp\" \/>\n\t<meta property=\"og:image:width\" content=\"2560\" \/>\n\t<meta property=\"og:image:height\" content=\"1706\" \/>\n\t<meta property=\"og:image:type\" content=\"image\/webp\" \/>\n<meta name=\"twitter:card\" content=\"summary_large_image\" \/>\n<meta name=\"twitter:label1\" content=\"Est. reading time\" \/>\n\t<meta name=\"twitter:data1\" content=\"6 minutes\" \/>\n<script type=\"application\/ld+json\" class=\"yoast-schema-graph\">{\"@context\":\"https:\\\/\\\/schema.org\",\"@graph\":[{\"@type\":\"WebPage\",\"@id\":\"https:\\\/\\\/ceolawyer.com\\\/espanol\\\/faq\\\/ley-de-georgia\\\/accidente-automovilistico\\\/que-es-la-cobertura-para-conductores-sin-seguro\\\/\",\"url\":\"https:\\\/\\\/ceolawyer.com\\\/espanol\\\/faq\\\/ley-de-georgia\\\/accidente-automovilistico\\\/que-es-la-cobertura-para-conductores-sin-seguro\\\/\",\"name\":\"\u00bfQu\u00e9 es la cobertura para conductores sin seguro? | CEO Lawyer\",\"isPartOf\":{\"@id\":\"https:\\\/\\\/ceolawyer.com\\\/espanol\\\/#website\"},\"primaryImageOfPage\":{\"@id\":\"https:\\\/\\\/ceolawyer.com\\\/espanol\\\/faq\\\/ley-de-georgia\\\/accidente-automovilistico\\\/que-es-la-cobertura-para-conductores-sin-seguro\\\/#primaryimage\"},\"image\":{\"@id\":\"https:\\\/\\\/ceolawyer.com\\\/espanol\\\/faq\\\/ley-de-georgia\\\/accidente-automovilistico\\\/que-es-la-cobertura-para-conductores-sin-seguro\\\/#primaryimage\"},\"thumbnailUrl\":\"https:\\\/\\\/ceolawyer.com\\\/espanol\\\/wp-content\\\/uploads\\\/sites\\\/2\\\/2024\\\/04\\\/que-es-la-cobertura-para-conductores-sin-seguro-scaled.webp\",\"datePublished\":\"2024-04-04T12:10:51+00:00\",\"dateModified\":\"2026-03-18T18:40:11+00:00\",\"description\":\"CEO Lawyer en Georgia te explica qu\u00e9 es la cobertura para conductores sin seguro y por qu\u00e9 es esencial tenerla.\",\"breadcrumb\":{\"@id\":\"https:\\\/\\\/ceolawyer.com\\\/espanol\\\/faq\\\/ley-de-georgia\\\/accidente-automovilistico\\\/que-es-la-cobertura-para-conductores-sin-seguro\\\/#breadcrumb\"},\"inLanguage\":\"en-US\",\"potentialAction\":[{\"@type\":\"ReadAction\",\"target\":[\"https:\\\/\\\/ceolawyer.com\\\/espanol\\\/faq\\\/ley-de-georgia\\\/accidente-automovilistico\\\/que-es-la-cobertura-para-conductores-sin-seguro\\\/\"]}]},{\"@type\":\"ImageObject\",\"inLanguage\":\"en-US\",\"@id\":\"https:\\\/\\\/ceolawyer.com\\\/espanol\\\/faq\\\/ley-de-georgia\\\/accidente-automovilistico\\\/que-es-la-cobertura-para-conductores-sin-seguro\\\/#primaryimage\",\"url\":\"https:\\\/\\\/ceolawyer.com\\\/espanol\\\/wp-content\\\/uploads\\\/sites\\\/2\\\/2024\\\/04\\\/que-es-la-cobertura-para-conductores-sin-seguro-scaled.webp\",\"contentUrl\":\"https:\\\/\\\/ceolawyer.com\\\/espanol\\\/wp-content\\\/uploads\\\/sites\\\/2\\\/2024\\\/04\\\/que-es-la-cobertura-para-conductores-sin-seguro-scaled.webp\",\"width\":2560,\"height\":1706,\"caption\":\"Un coche negro con da\u00f1os en la parte trasera tras un accidente automovil\u00edstico.\"},{\"@type\":\"BreadcrumbList\",\"@id\":\"https:\\\/\\\/ceolawyer.com\\\/espanol\\\/faq\\\/ley-de-georgia\\\/accidente-automovilistico\\\/que-es-la-cobertura-para-conductores-sin-seguro\\\/#breadcrumb\",\"itemListElement\":[{\"@type\":\"ListItem\",\"position\":1,\"name\":\"Home\",\"item\":\"https:\\\/\\\/ceolawyer.com\\\/espanol\\\/\"},{\"@type\":\"ListItem\",\"position\":2,\"name\":\"FAQ\",\"item\":\"https:\\\/\\\/ceolawyer.com\\\/espanol\\\/faq\\\/\"},{\"@type\":\"ListItem\",\"position\":3,\"name\":\"Lesiones personales en Georgia FAQ\",\"item\":\"https:\\\/\\\/ceolawyer.com\\\/espanol\\\/faq\\\/ley-de-georgia\\\/\"},{\"@type\":\"ListItem\",\"position\":4,\"name\":\"\u00bfQu\u00e9 es la cobertura para conductores sin seguro?\"}]},{\"@type\":\"WebSite\",\"@id\":\"https:\\\/\\\/ceolawyer.com\\\/espanol\\\/#website\",\"url\":\"https:\\\/\\\/ceolawyer.com\\\/espanol\\\/\",\"name\":\"CEO Lawyer\",\"description\":\"Personal Injury Attorney\",\"publisher\":{\"@id\":\"https:\\\/\\\/ceolawyer.com\\\/espanol\\\/#organization\"},\"potentialAction\":[{\"@type\":\"SearchAction\",\"target\":{\"@type\":\"EntryPoint\",\"urlTemplate\":\"https:\\\/\\\/ceolawyer.com\\\/espanol\\\/?s={search_term_string}\"},\"query-input\":{\"@type\":\"PropertyValueSpecification\",\"valueRequired\":true,\"valueName\":\"search_term_string\"}}],\"inLanguage\":\"en-US\"},{\"@type\":\"Organization\",\"@id\":\"https:\\\/\\\/ceolawyer.com\\\/espanol\\\/#organization\",\"name\":\"CEO Lawyer\",\"url\":\"https:\\\/\\\/ceolawyer.com\\\/espanol\\\/\",\"logo\":{\"@type\":\"ImageObject\",\"inLanguage\":\"en-US\",\"@id\":\"https:\\\/\\\/ceolawyer.com\\\/espanol\\\/#\\\/schema\\\/logo\\\/image\\\/\",\"url\":\"https:\\\/\\\/ceolawyer.com\\\/espanol\\\/wp-content\\\/uploads\\\/sites\\\/2\\\/2022\\\/05\\\/CEO_Logo.png\",\"contentUrl\":\"https:\\\/\\\/ceolawyer.com\\\/espanol\\\/wp-content\\\/uploads\\\/sites\\\/2\\\/2022\\\/05\\\/CEO_Logo.png\",\"width\":200,\"height\":108,\"caption\":\"CEO Lawyer\"},\"image\":{\"@id\":\"https:\\\/\\\/ceolawyer.com\\\/espanol\\\/#\\\/schema\\\/logo\\\/image\\\/\"}}]}<\/script>\n<!-- \/ Yoast SEO plugin. -->","yoast_head_json":{"title":"\u00bfQu\u00e9 es la cobertura para conductores sin seguro? | CEO Lawyer","description":"CEO Lawyer en Georgia te explica qu\u00e9 es la cobertura para conductores sin seguro y por qu\u00e9 es esencial tenerla.","robots":{"index":"index","follow":"follow","max-snippet":"max-snippet:-1","max-image-preview":"max-image-preview:large","max-video-preview":"max-video-preview:-1"},"canonical":"https:\/\/ceolawyer.com\/espanol\/faq\/ley-de-georgia\/accidente-automovilistico\/que-es-la-cobertura-para-conductores-sin-seguro\/","og_locale":"en_US","og_type":"article","og_title":"\u00bfQu\u00e9 es la cobertura para conductores sin seguro? | CEO Lawyer","og_description":"CEO Lawyer en Georgia te explica qu\u00e9 es la cobertura para conductores sin seguro y por qu\u00e9 es esencial tenerla.","og_url":"https:\/\/ceolawyer.com\/espanol\/faq\/ley-de-georgia\/accidente-automovilistico\/que-es-la-cobertura-para-conductores-sin-seguro\/","og_site_name":"CEO Lawyer","article_modified_time":"2026-03-18T18:40:11+00:00","og_image":[{"width":2560,"height":1706,"url":"https:\/\/ceolawyer.com\/espanol\/wp-content\/uploads\/sites\/2\/2024\/04\/que-es-la-cobertura-para-conductores-sin-seguro-scaled.webp","type":"image\/webp"}],"twitter_card":"summary_large_image","twitter_misc":{"Est. reading time":"6 minutes"},"schema":{"@context":"https:\/\/schema.org","@graph":[{"@type":"WebPage","@id":"https:\/\/ceolawyer.com\/espanol\/faq\/ley-de-georgia\/accidente-automovilistico\/que-es-la-cobertura-para-conductores-sin-seguro\/","url":"https:\/\/ceolawyer.com\/espanol\/faq\/ley-de-georgia\/accidente-automovilistico\/que-es-la-cobertura-para-conductores-sin-seguro\/","name":"\u00bfQu\u00e9 es la cobertura para conductores sin seguro? | CEO Lawyer","isPartOf":{"@id":"https:\/\/ceolawyer.com\/espanol\/#website"},"primaryImageOfPage":{"@id":"https:\/\/ceolawyer.com\/espanol\/faq\/ley-de-georgia\/accidente-automovilistico\/que-es-la-cobertura-para-conductores-sin-seguro\/#primaryimage"},"image":{"@id":"https:\/\/ceolawyer.com\/espanol\/faq\/ley-de-georgia\/accidente-automovilistico\/que-es-la-cobertura-para-conductores-sin-seguro\/#primaryimage"},"thumbnailUrl":"https:\/\/ceolawyer.com\/espanol\/wp-content\/uploads\/sites\/2\/2024\/04\/que-es-la-cobertura-para-conductores-sin-seguro-scaled.webp","datePublished":"2024-04-04T12:10:51+00:00","dateModified":"2026-03-18T18:40:11+00:00","description":"CEO Lawyer en Georgia te explica qu\u00e9 es la cobertura para conductores sin seguro y por qu\u00e9 es esencial tenerla.","breadcrumb":{"@id":"https:\/\/ceolawyer.com\/espanol\/faq\/ley-de-georgia\/accidente-automovilistico\/que-es-la-cobertura-para-conductores-sin-seguro\/#breadcrumb"},"inLanguage":"en-US","potentialAction":[{"@type":"ReadAction","target":["https:\/\/ceolawyer.com\/espanol\/faq\/ley-de-georgia\/accidente-automovilistico\/que-es-la-cobertura-para-conductores-sin-seguro\/"]}]},{"@type":"ImageObject","inLanguage":"en-US","@id":"https:\/\/ceolawyer.com\/espanol\/faq\/ley-de-georgia\/accidente-automovilistico\/que-es-la-cobertura-para-conductores-sin-seguro\/#primaryimage","url":"https:\/\/ceolawyer.com\/espanol\/wp-content\/uploads\/sites\/2\/2024\/04\/que-es-la-cobertura-para-conductores-sin-seguro-scaled.webp","contentUrl":"https:\/\/ceolawyer.com\/espanol\/wp-content\/uploads\/sites\/2\/2024\/04\/que-es-la-cobertura-para-conductores-sin-seguro-scaled.webp","width":2560,"height":1706,"caption":"Un coche negro con da\u00f1os en la parte trasera tras un accidente automovil\u00edstico."},{"@type":"BreadcrumbList","@id":"https:\/\/ceolawyer.com\/espanol\/faq\/ley-de-georgia\/accidente-automovilistico\/que-es-la-cobertura-para-conductores-sin-seguro\/#breadcrumb","itemListElement":[{"@type":"ListItem","position":1,"name":"Home","item":"https:\/\/ceolawyer.com\/espanol\/"},{"@type":"ListItem","position":2,"name":"FAQ","item":"https:\/\/ceolawyer.com\/espanol\/faq\/"},{"@type":"ListItem","position":3,"name":"Lesiones personales en Georgia FAQ","item":"https:\/\/ceolawyer.com\/espanol\/faq\/ley-de-georgia\/"},{"@type":"ListItem","position":4,"name":"\u00bfQu\u00e9 es la cobertura para conductores sin seguro?"}]},{"@type":"WebSite","@id":"https:\/\/ceolawyer.com\/espanol\/#website","url":"https:\/\/ceolawyer.com\/espanol\/","name":"CEO Lawyer","description":"Personal Injury Attorney","publisher":{"@id":"https:\/\/ceolawyer.com\/espanol\/#organization"},"potentialAction":[{"@type":"SearchAction","target":{"@type":"EntryPoint","urlTemplate":"https:\/\/ceolawyer.com\/espanol\/?s={search_term_string}"},"query-input":{"@type":"PropertyValueSpecification","valueRequired":true,"valueName":"search_term_string"}}],"inLanguage":"en-US"},{"@type":"Organization","@id":"https:\/\/ceolawyer.com\/espanol\/#organization","name":"CEO Lawyer","url":"https:\/\/ceolawyer.com\/espanol\/","logo":{"@type":"ImageObject","inLanguage":"en-US","@id":"https:\/\/ceolawyer.com\/espanol\/#\/schema\/logo\/image\/","url":"https:\/\/ceolawyer.com\/espanol\/wp-content\/uploads\/sites\/2\/2022\/05\/CEO_Logo.png","contentUrl":"https:\/\/ceolawyer.com\/espanol\/wp-content\/uploads\/sites\/2\/2022\/05\/CEO_Logo.png","width":200,"height":108,"caption":"CEO Lawyer"},"image":{"@id":"https:\/\/ceolawyer.com\/espanol\/#\/schema\/logo\/image\/"}}]}},"_links":{"self":[{"href":"https:\/\/ceolawyer.com\/espanol\/wp-json\/wp\/v2\/pages\/11766","targetHints":{"allow":["GET"]}}],"collection":[{"href":"https:\/\/ceolawyer.com\/espanol\/wp-json\/wp\/v2\/pages"}],"about":[{"href":"https:\/\/ceolawyer.com\/espanol\/wp-json\/wp\/v2\/types\/page"}],"author":[{"embeddable":true,"href":"https:\/\/ceolawyer.com\/espanol\/wp-json\/wp\/v2\/users\/18"}],"replies":[{"embeddable":true,"href":"https:\/\/ceolawyer.com\/espanol\/wp-json\/wp\/v2\/comments?post=11766"}],"version-history":[{"count":0,"href":"https:\/\/ceolawyer.com\/espanol\/wp-json\/wp\/v2\/pages\/11766\/revisions"}],"up":[{"embeddable":true,"href":"https:\/\/ceolawyer.com\/espanol\/wp-json\/wp\/v2\/pages\/13289"}],"wp:featuredmedia":[{"embeddable":true,"href":"https:\/\/ceolawyer.com\/espanol\/wp-json\/wp\/v2\/media\/11777"}],"wp:attachment":[{"href":"https:\/\/ceolawyer.com\/espanol\/wp-json\/wp\/v2\/media?parent=11766"}],"curies":[{"name":"wp","href":"https:\/\/api.w.org\/{rel}","templated":true}]}}