{"id":11767,"date":"2024-04-04T11:53:07","date_gmt":"2024-04-04T11:53:07","guid":{"rendered":"https:\/\/ceolawyer.com\/espanol\/?page_id=11767"},"modified":"2026-03-18T18:19:23","modified_gmt":"2026-03-18T18:19:23","slug":"cubre-el-conductor-sin-seguro-el-atropello-y-fuga","status":"publish","type":"page","link":"https:\/\/ceolawyer.com\/espanol\/faq\/ley-de-georgia\/accidente-automovilistico\/cubre-el-conductor-sin-seguro-el-atropello-y-fuga\/","title":{"rendered":"\u00bfCubre el conductor sin seguro el atropello y fuga?"},"content":{"rendered":"<p>Estar en cualquier tipo de accidente de coche es estresante y puede resultar en lesiones dolorosas y otros da\u00f1os. Pero un accidente de atropello y ejecuci\u00f3n a\u00f1ade otra capa de dificultad &#8211; es posible que tenga problemas para localizar al otro conductor. Bajo la ley de Georgia, cualquier conductor involucrado en un accidente que cause lesiones, muerte o da\u00f1os a un veh\u00edculo debe detenerse en la escena. Desafortunadamente, a veces esto no sucede, dejando al conductor que se detuvo a lidiar con facturas m\u00e9dicas, salarios perdidos, da\u00f1os al veh\u00edculo y m\u00e1s. Si usted est\u00e1 en esta situaci\u00f3n, es importante saber que todav\u00eda puede tener opciones para cubrir sus da\u00f1os.<img decoding=\"async\" class=\"alignright wp-image-11773\" src=\"https:\/\/ceolawyer.com\/espanol\/wp-content\/uploads\/sites\/2\/2024\/04\/cubre-el-conductor-sin-seguro-el-atropello-y-fuga-scaled.webp\" alt=\"car crashed into a tree\" width=\"457\" height=\"304\" srcset=\"https:\/\/ceolawyer.com\/espanol\/wp-content\/uploads\/sites\/2\/2024\/04\/cubre-el-conductor-sin-seguro-el-atropello-y-fuga-scaled.webp 2560w, https:\/\/ceolawyer.com\/espanol\/wp-content\/uploads\/sites\/2\/2024\/04\/cubre-el-conductor-sin-seguro-el-atropello-y-fuga-300x200.webp 300w, https:\/\/ceolawyer.com\/espanol\/wp-content\/uploads\/sites\/2\/2024\/04\/cubre-el-conductor-sin-seguro-el-atropello-y-fuga-1024x681.webp 1024w, https:\/\/ceolawyer.com\/espanol\/wp-content\/uploads\/sites\/2\/2024\/04\/cubre-el-conductor-sin-seguro-el-atropello-y-fuga-768x511.webp 768w, https:\/\/ceolawyer.com\/espanol\/wp-content\/uploads\/sites\/2\/2024\/04\/cubre-el-conductor-sin-seguro-el-atropello-y-fuga-1536x1022.webp 1536w, https:\/\/ceolawyer.com\/espanol\/wp-content\/uploads\/sites\/2\/2024\/04\/cubre-el-conductor-sin-seguro-el-atropello-y-fuga-2048x1363.webp 2048w\" sizes=\"(max-width: 457px) 100vw, 457px\" \/><\/p>\n<p>P\u00f3ngase en contacto con un abogado de accidentes de coche de inmediato para averiguar lo que puede hacer. El abogado Ali Awad lucha por sus clientes, enfrent\u00e1ndose a grandes compa\u00f1\u00edas de seguros y otras partes en reclamos de lesiones personales. Fund\u00f3 el Bufete de abogados de lesiones personales y r\u00e1pidamente lo convirti\u00f3 en uno de los bufetes de abogados de m\u00e1s r\u00e1pido crecimiento en el pa\u00eds. Cuando no est\u00e1 manejando casos para clientes, dispensa sabidur\u00eda legal a m\u00e1s de un mill\u00f3n de seguidores en las redes sociales. P\u00f3ngase en contacto con el Bufete de Abogados de Lesiones Personales hoy para una consulta gratuita sobre sus opciones para la compensaci\u00f3n despu\u00e9s de un accidente de coche.<\/p>\n<h2>\u00bfC\u00f3mo puedo pagar mis gastos despu\u00e9s de un atropello y fuga?<\/h2>\n<p>M\u00faltiples opciones pueden estar disponibles en un caso de \u00e9xito y ejecuci\u00f3n. Idealmente, encontrar\u00e1 al conductor y har\u00e1 una reclamaci\u00f3n sobre su seguro de autom\u00f3vil, pero esto no siempre es posible. Dejar la escena de un accidente puede ser clasificado como un delito menor o un delito grave dependiendo de los detalles del accidente, y la polic\u00eda har\u00e1 todo lo posible para encontrar al conductor. Sin embargo, pueden estar ocupados con m\u00faltiples casos y tener recursos limitados. En alg\u00fan momento, muchas investigaciones de golpe y ejecutar simplemente van &#8220;fr\u00edo&#8221; sin nuevas pistas.<\/p>\n<p>Su abogado de accidentes de coche probablemente har\u00e1 otro intento de localizar al conductor. Nuestros investigadores tienen m\u00e1s tiempo y recursos para dedicar al problema, y en algunas situaciones, pueden descubrir nuevos testigos u otras pruebas que conduzcan al conductor.<\/p>\n<p>Sin embargo, todav\u00eda hay muchas situaciones en las que el equipo de investigaci\u00f3n de una firma de abogados tambi\u00e9n es incapaz de encontrar al conductor. En estas circunstancias, dirigimos nuestra atenci\u00f3n a encontrar otras fuentes de cobertura de seguro para sus reclamaciones. El mejor lugar para comenzar es con su propia cobertura de automovilista sin seguro\/ con seguro insuficiente (UM\/ UI).<\/p>\n<h2>\u00bfQu\u00e9 cubre un motorista sin seguro?<\/h2>\n<p>M\u00e1s de lo que la mayor\u00eda piensa. Algunos clientes nos han dicho que no cre\u00edan que su cobertura de UM\/UI funcionar\u00eda para un atropello y fuga, pero lo hacen. Aqu\u00ed hay algunas otras cosas sorprendentes que debe saber sobre la cobertura de UM\/ UI:<\/p>\n<ul>\n<li>Usted no tiene que estar conduciendo su coche cuando el accidente ocurre para el seguro de UM\/ UI para aplicar. Si usted fue v\u00edctima de un conductor atropellador mientras caminaba o conduc\u00eda una bicicleta, todav\u00eda estar\u00e1 cubierto.<\/li>\n<li>El seguro UM\/UI generalmente cubre a usted, su c\u00f3nyuge y otros familiares que viven en su hogar, como los ni\u00f1os adolescentes.<\/li>\n<li>Cualquier persona que utilice su coche est\u00e1 cubierto, siempre y cuando tengan permiso para conducirlo. Esto es a menudo un alivio para los clientes en una situaci\u00f3n en la que su amigo pidi\u00f3 prestado el coche y tuvo un accidente con un conductor sin seguro. Algunas personas no quieren pedirle a su amigo que pague por los da\u00f1os causados por otro conductor, pero no pueden permitirse el lujo de reparar el autom\u00f3vil. El seguro UM\/UI es una buena soluci\u00f3n para estas situaciones inc\u00f3modas.<\/li>\n<li>Otra situaci\u00f3n potencialmente dif\u00edcil puede surgir si usted est\u00e1 conduciendo en alg\u00fan lugar con un pasajero cuando es golpeado por un conductor atropellador. Por ejemplo, digamos que le est\u00e1s dando a tu vecino un avent\u00f3n a la tienda, tienes la luz verde en una intersecci\u00f3n, y otro conductor pasa la luz roja y se estrella contra el lado del pasajero de tu auto. Su vecino podr\u00eda resultar herido y terminar con una pila de facturas m\u00e9dicas que esperan que usted pague, a pesar de que el accidente fue causado por otro conductor que se pas\u00f3 un sem\u00e1foro en rojo y luego sali\u00f3 corriendo. Cuando ocurre algo como esto, el seguro UM\/UI pagar\u00e1 los gastos m\u00e9dicos del pasajero, as\u00ed usted no tendr\u00e1 que hacerlo.<\/li>\n<li>La cobertura de UM\/UI no es requerida bajo la ley de Georgia. Por lo general, las compa\u00f1\u00edas de seguros tendr\u00e1n una p\u00e1gina de p\u00f3liza espec\u00edficamente preguntando si desea optar por no participar, por lo que si no recuerda hacerlo, es probable que tenga un seguro UM\/ UI. Sin embargo, a veces hay situaciones en las que las personas olvidan optar por salir o no leyeron el formulario cuidadosamente. Si tienen un accidente con un conductor atropellador, pueden descubrir que no tienen cobertura de UM\/UI. Si no est\u00e1 seguro, es una buena idea verificar qu\u00e9 tipo de cobertura tiene.<\/li>\n<li>Las p\u00f3lizas de seguro de UM\/UI comienzan en $25,000 en responsabilidad por lesiones corporales y $25,000 en da\u00f1os a la propiedad, pero puede comprar una p\u00f3liza m\u00e1s grande si lo desea.<\/li>\n<\/ul>\n<h2>\u00bfQu\u00e9 pasa si usted no tiene seguro UM\/UI o sus gastos exceden su cobertura?<\/h2>\n<p>Esta no es una situaci\u00f3n ideal, pero todav\u00eda puede tener opciones si elige comprar un seguro &#8220;MedPay&#8221;. Esta cobertura es para sus facturas m\u00e9dicas &#8211; no debe confundirse con el seguro de responsabilidad civil por lesiones corporales, que cubre las facturas m\u00e9dicas de otra persona si est\u00e1 herida en un accidente que usted caus\u00f3. MedPay cubrir\u00e1 sus costos m\u00e9dicos independientemente de qui\u00e9n caus\u00f3 el accidente para que pueda ser utilizado en una situaci\u00f3n de atropello y fuga. Del mismo modo, la cobertura de colisi\u00f3n se har\u00e1 cargo de los costos de reparaci\u00f3n de su autom\u00f3vil, independientemente de la culpa, y se puede utilizar si un conductor atropellador da\u00f1a su veh\u00edculo.<\/p>\n<h2>\u00a0Abogados de Lesiones y Accidentes Pueden Ayudar Despu\u00e9s de un Accidente, Llame al Bufete de Abogados de Lesiones Personales CEO<\/h2>\n<p>Si usted o un ser querido han sido lesionados por un conductor atropellador y ha huido, el Bufete de Abogados de Lesiones Personales CEO puede ayudarle a averiguar su cobertura de seguro y otras posibilidades. P\u00f3ngase en contacto con nosotros hoy para una consulta gratuita. No hay obligaci\u00f3n, y si tomamos su caso, lo hacemos sobre una base de contingencia &#8211; eso significa que no paga nada por adelantado, solo cuando ganamos su caso.<\/p>\n","protected":false},"excerpt":{"rendered":"<p>Estar en cualquier tipo de accidente de coche es estresante y puede resultar en lesiones dolorosas y otros da\u00f1os. Pero un accidente de atropello y ejecuci\u00f3n a\u00f1ade otra capa de dificultad &#8211; es posible que tenga problemas para localizar al otro conductor. Bajo la ley de Georgia, cualquier conductor involucrado en un accidente que cause [&hellip;]<\/p>\n","protected":false},"author":18,"featured_media":11773,"parent":13289,"menu_order":0,"comment_status":"closed","ping_status":"closed","template":"","meta":{"_acf_changed":false,"footnotes":""},"class_list":["post-11767","page","type-page","status-publish","has-post-thumbnail","hentry"],"acf":[],"yoast_head":"<!-- This site is optimized with the Yoast SEO plugin v27.5 - https:\/\/yoast.com\/product\/yoast-seo-wordpress\/ -->\n<title>\u00bfCubre el conductor sin seguro el atropello y fuga? | CEO Lawyer<\/title>\n<meta name=\"description\" content=\"CEO Lawyer te aclara si el conductor sin seguro cubre el atropello y fuga y c\u00f3mo protegerte en Atlanta, Georgia.\" \/>\n<meta name=\"robots\" content=\"index, follow, max-snippet:-1, max-image-preview:large, max-video-preview:-1\" \/>\n<link rel=\"canonical\" href=\"https:\/\/ceolawyer.com\/espanol\/faq\/ley-de-georgia\/accidente-automovilistico\/cubre-el-conductor-sin-seguro-el-atropello-y-fuga\/\" \/>\n<meta property=\"og:locale\" content=\"en_US\" \/>\n<meta property=\"og:type\" content=\"article\" \/>\n<meta property=\"og:title\" content=\"\u00bfCubre el conductor sin seguro el atropello y fuga? | CEO Lawyer\" \/>\n<meta property=\"og:description\" content=\"CEO Lawyer te aclara si el conductor sin seguro cubre el atropello y fuga y c\u00f3mo protegerte en Atlanta, Georgia.\" \/>\n<meta property=\"og:url\" content=\"https:\/\/ceolawyer.com\/espanol\/faq\/ley-de-georgia\/accidente-automovilistico\/cubre-el-conductor-sin-seguro-el-atropello-y-fuga\/\" \/>\n<meta property=\"og:site_name\" content=\"CEO Lawyer\" \/>\n<meta property=\"article:modified_time\" content=\"2026-03-18T18:19:23+00:00\" \/>\n<meta property=\"og:image\" content=\"https:\/\/ceolawyer.com\/espanol\/wp-content\/uploads\/sites\/2\/2024\/04\/cubre-el-conductor-sin-seguro-el-atropello-y-fuga-scaled.webp\" \/>\n\t<meta property=\"og:image:width\" content=\"2560\" \/>\n\t<meta property=\"og:image:height\" content=\"1703\" \/>\n\t<meta property=\"og:image:type\" content=\"image\/webp\" \/>\n<meta name=\"twitter:card\" content=\"summary_large_image\" \/>\n<meta name=\"twitter:label1\" content=\"Est. reading time\" \/>\n\t<meta name=\"twitter:data1\" content=\"6 minutes\" \/>\n<script type=\"application\/ld+json\" class=\"yoast-schema-graph\">{\"@context\":\"https:\\\/\\\/schema.org\",\"@graph\":[{\"@type\":\"WebPage\",\"@id\":\"https:\\\/\\\/ceolawyer.com\\\/espanol\\\/faq\\\/ley-de-georgia\\\/accidente-automovilistico\\\/cubre-el-conductor-sin-seguro-el-atropello-y-fuga\\\/\",\"url\":\"https:\\\/\\\/ceolawyer.com\\\/espanol\\\/faq\\\/ley-de-georgia\\\/accidente-automovilistico\\\/cubre-el-conductor-sin-seguro-el-atropello-y-fuga\\\/\",\"name\":\"\u00bfCubre el conductor sin seguro el atropello y fuga? | CEO Lawyer\",\"isPartOf\":{\"@id\":\"https:\\\/\\\/ceolawyer.com\\\/espanol\\\/#website\"},\"primaryImageOfPage\":{\"@id\":\"https:\\\/\\\/ceolawyer.com\\\/espanol\\\/faq\\\/ley-de-georgia\\\/accidente-automovilistico\\\/cubre-el-conductor-sin-seguro-el-atropello-y-fuga\\\/#primaryimage\"},\"image\":{\"@id\":\"https:\\\/\\\/ceolawyer.com\\\/espanol\\\/faq\\\/ley-de-georgia\\\/accidente-automovilistico\\\/cubre-el-conductor-sin-seguro-el-atropello-y-fuga\\\/#primaryimage\"},\"thumbnailUrl\":\"https:\\\/\\\/ceolawyer.com\\\/espanol\\\/wp-content\\\/uploads\\\/sites\\\/2\\\/2024\\\/04\\\/cubre-el-conductor-sin-seguro-el-atropello-y-fuga-scaled.webp\",\"datePublished\":\"2024-04-04T11:53:07+00:00\",\"dateModified\":\"2026-03-18T18:19:23+00:00\",\"description\":\"CEO Lawyer te aclara si el conductor sin seguro cubre el atropello y fuga y c\u00f3mo protegerte en Atlanta, Georgia.\",\"breadcrumb\":{\"@id\":\"https:\\\/\\\/ceolawyer.com\\\/espanol\\\/faq\\\/ley-de-georgia\\\/accidente-automovilistico\\\/cubre-el-conductor-sin-seguro-el-atropello-y-fuga\\\/#breadcrumb\"},\"inLanguage\":\"en-US\",\"potentialAction\":[{\"@type\":\"ReadAction\",\"target\":[\"https:\\\/\\\/ceolawyer.com\\\/espanol\\\/faq\\\/ley-de-georgia\\\/accidente-automovilistico\\\/cubre-el-conductor-sin-seguro-el-atropello-y-fuga\\\/\"]}]},{\"@type\":\"ImageObject\",\"inLanguage\":\"en-US\",\"@id\":\"https:\\\/\\\/ceolawyer.com\\\/espanol\\\/faq\\\/ley-de-georgia\\\/accidente-automovilistico\\\/cubre-el-conductor-sin-seguro-el-atropello-y-fuga\\\/#primaryimage\",\"url\":\"https:\\\/\\\/ceolawyer.com\\\/espanol\\\/wp-content\\\/uploads\\\/sites\\\/2\\\/2024\\\/04\\\/cubre-el-conductor-sin-seguro-el-atropello-y-fuga-scaled.webp\",\"contentUrl\":\"https:\\\/\\\/ceolawyer.com\\\/espanol\\\/wp-content\\\/uploads\\\/sites\\\/2\\\/2024\\\/04\\\/cubre-el-conductor-sin-seguro-el-atropello-y-fuga-scaled.webp\",\"width\":2560,\"height\":1703,\"caption\":\"car crashed into a tree\"},{\"@type\":\"BreadcrumbList\",\"@id\":\"https:\\\/\\\/ceolawyer.com\\\/espanol\\\/faq\\\/ley-de-georgia\\\/accidente-automovilistico\\\/cubre-el-conductor-sin-seguro-el-atropello-y-fuga\\\/#breadcrumb\",\"itemListElement\":[{\"@type\":\"ListItem\",\"position\":1,\"name\":\"Home\",\"item\":\"https:\\\/\\\/ceolawyer.com\\\/espanol\\\/\"},{\"@type\":\"ListItem\",\"position\":2,\"name\":\"FAQ\",\"item\":\"https:\\\/\\\/ceolawyer.com\\\/espanol\\\/faq\\\/\"},{\"@type\":\"ListItem\",\"position\":3,\"name\":\"Lesiones personales en Georgia FAQ\",\"item\":\"https:\\\/\\\/ceolawyer.com\\\/espanol\\\/faq\\\/ley-de-georgia\\\/\"},{\"@type\":\"ListItem\",\"position\":4,\"name\":\"\u00bfCubre el conductor sin seguro el atropello y fuga?\"}]},{\"@type\":\"WebSite\",\"@id\":\"https:\\\/\\\/ceolawyer.com\\\/espanol\\\/#website\",\"url\":\"https:\\\/\\\/ceolawyer.com\\\/espanol\\\/\",\"name\":\"CEO Lawyer\",\"description\":\"Personal Injury Attorney\",\"publisher\":{\"@id\":\"https:\\\/\\\/ceolawyer.com\\\/espanol\\\/#organization\"},\"potentialAction\":[{\"@type\":\"SearchAction\",\"target\":{\"@type\":\"EntryPoint\",\"urlTemplate\":\"https:\\\/\\\/ceolawyer.com\\\/espanol\\\/?s={search_term_string}\"},\"query-input\":{\"@type\":\"PropertyValueSpecification\",\"valueRequired\":true,\"valueName\":\"search_term_string\"}}],\"inLanguage\":\"en-US\"},{\"@type\":\"Organization\",\"@id\":\"https:\\\/\\\/ceolawyer.com\\\/espanol\\\/#organization\",\"name\":\"CEO Lawyer\",\"url\":\"https:\\\/\\\/ceolawyer.com\\\/espanol\\\/\",\"logo\":{\"@type\":\"ImageObject\",\"inLanguage\":\"en-US\",\"@id\":\"https:\\\/\\\/ceolawyer.com\\\/espanol\\\/#\\\/schema\\\/logo\\\/image\\\/\",\"url\":\"https:\\\/\\\/ceolawyer.com\\\/espanol\\\/wp-content\\\/uploads\\\/sites\\\/2\\\/2022\\\/05\\\/CEO_Logo.png\",\"contentUrl\":\"https:\\\/\\\/ceolawyer.com\\\/espanol\\\/wp-content\\\/uploads\\\/sites\\\/2\\\/2022\\\/05\\\/CEO_Logo.png\",\"width\":200,\"height\":108,\"caption\":\"CEO Lawyer\"},\"image\":{\"@id\":\"https:\\\/\\\/ceolawyer.com\\\/espanol\\\/#\\\/schema\\\/logo\\\/image\\\/\"}}]}<\/script>\n<!-- \/ Yoast SEO plugin. -->","yoast_head_json":{"title":"\u00bfCubre el conductor sin seguro el atropello y fuga? | CEO Lawyer","description":"CEO Lawyer te aclara si el conductor sin seguro cubre el atropello y fuga y c\u00f3mo protegerte en Atlanta, Georgia.","robots":{"index":"index","follow":"follow","max-snippet":"max-snippet:-1","max-image-preview":"max-image-preview:large","max-video-preview":"max-video-preview:-1"},"canonical":"https:\/\/ceolawyer.com\/espanol\/faq\/ley-de-georgia\/accidente-automovilistico\/cubre-el-conductor-sin-seguro-el-atropello-y-fuga\/","og_locale":"en_US","og_type":"article","og_title":"\u00bfCubre el conductor sin seguro el atropello y fuga? | CEO Lawyer","og_description":"CEO Lawyer te aclara si el conductor sin seguro cubre el atropello y fuga y c\u00f3mo protegerte en Atlanta, Georgia.","og_url":"https:\/\/ceolawyer.com\/espanol\/faq\/ley-de-georgia\/accidente-automovilistico\/cubre-el-conductor-sin-seguro-el-atropello-y-fuga\/","og_site_name":"CEO Lawyer","article_modified_time":"2026-03-18T18:19:23+00:00","og_image":[{"width":2560,"height":1703,"url":"https:\/\/ceolawyer.com\/espanol\/wp-content\/uploads\/sites\/2\/2024\/04\/cubre-el-conductor-sin-seguro-el-atropello-y-fuga-scaled.webp","type":"image\/webp"}],"twitter_card":"summary_large_image","twitter_misc":{"Est. reading time":"6 minutes"},"schema":{"@context":"https:\/\/schema.org","@graph":[{"@type":"WebPage","@id":"https:\/\/ceolawyer.com\/espanol\/faq\/ley-de-georgia\/accidente-automovilistico\/cubre-el-conductor-sin-seguro-el-atropello-y-fuga\/","url":"https:\/\/ceolawyer.com\/espanol\/faq\/ley-de-georgia\/accidente-automovilistico\/cubre-el-conductor-sin-seguro-el-atropello-y-fuga\/","name":"\u00bfCubre el conductor sin seguro el atropello y fuga? | CEO Lawyer","isPartOf":{"@id":"https:\/\/ceolawyer.com\/espanol\/#website"},"primaryImageOfPage":{"@id":"https:\/\/ceolawyer.com\/espanol\/faq\/ley-de-georgia\/accidente-automovilistico\/cubre-el-conductor-sin-seguro-el-atropello-y-fuga\/#primaryimage"},"image":{"@id":"https:\/\/ceolawyer.com\/espanol\/faq\/ley-de-georgia\/accidente-automovilistico\/cubre-el-conductor-sin-seguro-el-atropello-y-fuga\/#primaryimage"},"thumbnailUrl":"https:\/\/ceolawyer.com\/espanol\/wp-content\/uploads\/sites\/2\/2024\/04\/cubre-el-conductor-sin-seguro-el-atropello-y-fuga-scaled.webp","datePublished":"2024-04-04T11:53:07+00:00","dateModified":"2026-03-18T18:19:23+00:00","description":"CEO Lawyer te aclara si el conductor sin seguro cubre el atropello y fuga y c\u00f3mo protegerte en Atlanta, Georgia.","breadcrumb":{"@id":"https:\/\/ceolawyer.com\/espanol\/faq\/ley-de-georgia\/accidente-automovilistico\/cubre-el-conductor-sin-seguro-el-atropello-y-fuga\/#breadcrumb"},"inLanguage":"en-US","potentialAction":[{"@type":"ReadAction","target":["https:\/\/ceolawyer.com\/espanol\/faq\/ley-de-georgia\/accidente-automovilistico\/cubre-el-conductor-sin-seguro-el-atropello-y-fuga\/"]}]},{"@type":"ImageObject","inLanguage":"en-US","@id":"https:\/\/ceolawyer.com\/espanol\/faq\/ley-de-georgia\/accidente-automovilistico\/cubre-el-conductor-sin-seguro-el-atropello-y-fuga\/#primaryimage","url":"https:\/\/ceolawyer.com\/espanol\/wp-content\/uploads\/sites\/2\/2024\/04\/cubre-el-conductor-sin-seguro-el-atropello-y-fuga-scaled.webp","contentUrl":"https:\/\/ceolawyer.com\/espanol\/wp-content\/uploads\/sites\/2\/2024\/04\/cubre-el-conductor-sin-seguro-el-atropello-y-fuga-scaled.webp","width":2560,"height":1703,"caption":"car crashed into a tree"},{"@type":"BreadcrumbList","@id":"https:\/\/ceolawyer.com\/espanol\/faq\/ley-de-georgia\/accidente-automovilistico\/cubre-el-conductor-sin-seguro-el-atropello-y-fuga\/#breadcrumb","itemListElement":[{"@type":"ListItem","position":1,"name":"Home","item":"https:\/\/ceolawyer.com\/espanol\/"},{"@type":"ListItem","position":2,"name":"FAQ","item":"https:\/\/ceolawyer.com\/espanol\/faq\/"},{"@type":"ListItem","position":3,"name":"Lesiones personales en Georgia FAQ","item":"https:\/\/ceolawyer.com\/espanol\/faq\/ley-de-georgia\/"},{"@type":"ListItem","position":4,"name":"\u00bfCubre el conductor sin seguro el atropello y fuga?"}]},{"@type":"WebSite","@id":"https:\/\/ceolawyer.com\/espanol\/#website","url":"https:\/\/ceolawyer.com\/espanol\/","name":"CEO Lawyer","description":"Personal Injury Attorney","publisher":{"@id":"https:\/\/ceolawyer.com\/espanol\/#organization"},"potentialAction":[{"@type":"SearchAction","target":{"@type":"EntryPoint","urlTemplate":"https:\/\/ceolawyer.com\/espanol\/?s={search_term_string}"},"query-input":{"@type":"PropertyValueSpecification","valueRequired":true,"valueName":"search_term_string"}}],"inLanguage":"en-US"},{"@type":"Organization","@id":"https:\/\/ceolawyer.com\/espanol\/#organization","name":"CEO Lawyer","url":"https:\/\/ceolawyer.com\/espanol\/","logo":{"@type":"ImageObject","inLanguage":"en-US","@id":"https:\/\/ceolawyer.com\/espanol\/#\/schema\/logo\/image\/","url":"https:\/\/ceolawyer.com\/espanol\/wp-content\/uploads\/sites\/2\/2022\/05\/CEO_Logo.png","contentUrl":"https:\/\/ceolawyer.com\/espanol\/wp-content\/uploads\/sites\/2\/2022\/05\/CEO_Logo.png","width":200,"height":108,"caption":"CEO Lawyer"},"image":{"@id":"https:\/\/ceolawyer.com\/espanol\/#\/schema\/logo\/image\/"}}]}},"_links":{"self":[{"href":"https:\/\/ceolawyer.com\/espanol\/wp-json\/wp\/v2\/pages\/11767","targetHints":{"allow":["GET"]}}],"collection":[{"href":"https:\/\/ceolawyer.com\/espanol\/wp-json\/wp\/v2\/pages"}],"about":[{"href":"https:\/\/ceolawyer.com\/espanol\/wp-json\/wp\/v2\/types\/page"}],"author":[{"embeddable":true,"href":"https:\/\/ceolawyer.com\/espanol\/wp-json\/wp\/v2\/users\/18"}],"replies":[{"embeddable":true,"href":"https:\/\/ceolawyer.com\/espanol\/wp-json\/wp\/v2\/comments?post=11767"}],"version-history":[{"count":0,"href":"https:\/\/ceolawyer.com\/espanol\/wp-json\/wp\/v2\/pages\/11767\/revisions"}],"up":[{"embeddable":true,"href":"https:\/\/ceolawyer.com\/espanol\/wp-json\/wp\/v2\/pages\/13289"}],"wp:featuredmedia":[{"embeddable":true,"href":"https:\/\/ceolawyer.com\/espanol\/wp-json\/wp\/v2\/media\/11773"}],"wp:attachment":[{"href":"https:\/\/ceolawyer.com\/espanol\/wp-json\/wp\/v2\/media?parent=11767"}],"curies":[{"name":"wp","href":"https:\/\/api.w.org\/{rel}","templated":true}]}}