{"id":11768,"date":"2024-04-04T11:55:04","date_gmt":"2024-04-04T11:55:04","guid":{"rendered":"https:\/\/ceolawyer.com\/espanol\/?page_id=11768"},"modified":"2026-03-18T18:44:32","modified_gmt":"2026-03-18T18:44:32","slug":"se-requiere-cobertura-para-conductores-sin-seguro-en-georgia","status":"publish","type":"page","link":"https:\/\/ceolawyer.com\/espanol\/faq\/ley-de-georgia\/accidente-automovilistico\/se-requiere-cobertura-para-conductores-sin-seguro-en-georgia\/","title":{"rendered":"\u00bfSe requiere cobertura para conductores sin seguro en Georgia?"},"content":{"rendered":"<p>El estado de Georgia no requiere cobertura de automovilista sin seguro\/ con seguro insuficiente (UM\/ UI), pero optar por no participar podr\u00eda ponerlo en riesgo. Si usted est\u00e1 en un accidente con un automovilista sin seguro o con un seguro insuficiente, sus opciones para obtener sus da\u00f1os pagados ser\u00e1n m\u00ednimas, y usted puede estar atascado pagando las facturas usted mismo. Siempre buscamos otras opciones viables para ayudar a los clientes en esta situaci\u00f3n, pero a veces simplemente no hay ninguna. En este art\u00edculo, explicaremos por qu\u00e9 la cobertura de UM\/UI es tan crucial, todas las circunstancias en las que puede aplicarse y los diferentes tipos de seguros de UM\/UI para elegir.<img decoding=\"async\" class=\"alignright size-full wp-image-11774\" src=\"https:\/\/ceolawyer.com\/espanol\/wp-content\/uploads\/sites\/2\/2024\/04\/se-requiere-cobertura-para-conductores-sin-seguro-en-georgia.webp\" alt=\"Un abogado de accidentes automovil\u00edsticos est\u00e1 sentado en su escritorio.\" width=\"500\" height=\"333\" srcset=\"https:\/\/ceolawyer.com\/espanol\/wp-content\/uploads\/sites\/2\/2024\/04\/se-requiere-cobertura-para-conductores-sin-seguro-en-georgia.webp 500w, https:\/\/ceolawyer.com\/espanol\/wp-content\/uploads\/sites\/2\/2024\/04\/se-requiere-cobertura-para-conductores-sin-seguro-en-georgia-300x200.webp 300w\" sizes=\"(max-width: 500px) 100vw, 500px\" \/><\/p>\n<p>Si usted ya ha estado en un accidente, ponerse en contacto con un abogado de accidentes de coche es la mejor manera de aprender todas las posibilidades para cubrir sus gastos. El abogado Ali Awad trabaja en accidentes automovil\u00edsticos y otros casos de lesiones personales a diario y conoce todas las complejidades de la ley de seguros de autom\u00f3viles en Georgia. Cuando fund\u00f3 el Bufete de abogados de lesiones personales se convirti\u00f3 r\u00e1pidamente en uno de los bufetes de abogados de m\u00e1s r\u00e1pido crecimiento en el pa\u00eds. El Sr. Awad tambi\u00e9n comparte conocimientos jur\u00eddicos y pr\u00e1cticos con m\u00e1s de un mill\u00f3n de seguidores en las redes sociales. Si necesita asesoramiento sobre un accidente o una lesi\u00f3n, p\u00f3ngase en contacto con el Bufete de Abogados de Lesiones Personales CEO para una consulta gratuita, sin obligaci\u00f3n sobre su caso.<\/p>\n<h2>\u00bfQu\u00e9 sucede con los conductores no asegurados en un accidente?<\/h2>\n<p>En la mayor\u00eda de los casos de accidentes automovil\u00edsticos, la principal preocupaci\u00f3n es establecer la falta porque se espera que el conductor responsable de los da\u00f1os causados por el accidente sea responsable. Debido a que la mayor\u00eda de la gente no tiene decenas de miles de d\u00f3lares (y en algunos casos, incluso m\u00e1s), se requiere un seguro de autom\u00f3vil en Georgia. Espec\u00edficamente, los conductores deben llevar $25,000 en responsabilidad por lesiones corporales y $25,000 en responsabilidad por da\u00f1os a la propiedad.<\/p>\n<p>Este requisito significa que si usted est\u00e1 en un accidente causado por otro conductor, usted debe ser capaz de obtener al menos $25,000 para sus cuentas m\u00e9dicas y otros da\u00f1os personales y $25,000 para la reparaci\u00f3n de su autom\u00f3vil. La mayor\u00eda de las facturas de reparaci\u00f3n de autom\u00f3viles no superan los $25,000, pero la atenci\u00f3n m\u00e9dica puede ser bastante cara, especialmente si la v\u00edctima del accidente est\u00e1 gravemente herida. Como resultado, a veces la gente puede aprender que el otro conductor no tiene suficiente cobertura para todos sus da\u00f1os. Esto es lo que llamamos un conductor con seguro insuficiente (hablaremos sobre eso m\u00e1s adelante).<\/p>\n<p>Pero a veces nos encontramos con que el conductor que golpe\u00f3 a nuestro cliente no ten\u00eda ning\u00fan seguro en absoluto. Esto es ilegal, y cualquier persona sorprendida conduciendo sin seguro ser\u00e1 multada, pero a veces la gente conduce sin seguro de todos modos. Si uno de ellos causa que usted se lastime en un accidente automovil\u00edstico, probablemente tendr\u00e1 dificultades para recoger los da\u00f1os del otro conductor. S\u00ed, puede demandarlos directamente, pero en muchos casos, encontramos que esta no es una buena soluci\u00f3n. Si el otro conductor no ten\u00eda seguro porque no pod\u00eda pagar el seguro, probablemente no podr\u00eda cubrir un juicio en su contra por una demanda de lesiones personales. No vale la pena poner su tiempo, energ\u00eda y dinero para los costos de la corte en una demanda.<\/p>\n<h2>\u00bfC\u00f3mo puede recuperarse de los da\u00f1os despu\u00e9s de un accidente con un conductor sin seguro o con un seguro insuficiente?<\/h2>\n<p>La mejor opci\u00f3n es comprar un seguro UM\/UI, por lo que estar\u00e1 cubierto si el otro conductor no tiene seguro. Las pol\u00edticas de UM\/UI comienzan con $25,000 para responsabilidad por lesiones corporales y $25,000 en da\u00f1os a la propiedad, pero si usted puede pagar m\u00e1s cobertura, puede ser una buena idea por varias razones:<\/p>\n<ul>\n<li>Si usted tiene un accidente muy grave, sus facturas m\u00e9dicas pueden ser considerablemente m\u00e1s de $25,000.<\/li>\n<li>Si tiene una pol\u00edtica de &#8220;apilamiento&#8221; de UM\/UI, su cobertura seguir\u00e1 aplic\u00e1ndose si el otro conductor tiene un seguro insuficiente en relaci\u00f3n con sus da\u00f1os. Por ejemplo, si el conductor culpable tiene $25,000 en cobertura y usted tiene $75,000 en facturas m\u00e9dicas, una p\u00f3liza de UM\/UI &#8220;apilada&#8221; por $50,000 se encargar\u00eda de los costos adicionales.<\/li>\n<\/ul>\n<h2>\u00bfCu\u00e1l es la diferencia entre apilaracumular y no acumular las pol\u00edticas de UM\/ UI?<\/h2>\n<p>Las p\u00f3lizas de UM\/UI no acumulables aseguran que usted tenga al menos $25,000 (o cualquier otra cantidad por encima de $25,000) en cobertura de responsabilidad por lesiones corporales o da\u00f1os a la propiedad. Si el conductor culpable ten\u00eda al menos esa cantidad, su pol\u00edtica de UM\/ UI no se aplicar\u00e1 incluso si sus da\u00f1os superan los l\u00edmites de la pol\u00edtica del otro conductor.<\/p>\n<p>Las pol\u00edticas de acumulables de UM\/UI le dan cobertura adicional adem\u00e1s de lo que tenga el conductor culpable, por lo que obtiene la cantidad de su p\u00f3liza despu\u00e9s de que su seguro haya pagado su l\u00edmite. Estas p\u00f3lizas pueden tener primas m\u00e1s caras, pero proporcionan m\u00e1s cobertura en un accidente con un conductor con seguro insuficiente.<\/p>\n<h2>\u00bfQui\u00e9n puede usar el seguro UM\/UI?<\/h2>\n<p>Cuando usted compra este tipo de seguro, la mayor\u00eda de las p\u00f3lizas cubrir\u00e1n a cualquier familiar que viva en su casa, cualquier persona que conduzca su autom\u00f3vil con su permiso, y cualquier pasajero en su autom\u00f3vil que pueda resultar herido en un accidente. Esto le ayuda a evitar la responsabilidad en varias situaciones que de otra manera podr\u00edan tensar su relaci\u00f3n con un amigo o familiar.<\/p>\n<h2>\u00bfQu\u00e9 pasa si un peat\u00f3n es golpeado por un motorista sin seguro?<\/h2>\n<p>Las personas que caminan, montan bicicletas o incluso toman el transporte p\u00fablico tambi\u00e9n pueden usar su cobertura de UM\/ UI cuando se lastiman por un conductor sin seguro o con un seguro insuficiente. El veh\u00edculo asegurado no tiene que estar involucrado en el accidente.<\/p>\n<h2>Si no tiene cobertura de UM\/ UI, \u00bfse le ha acabado la suerte en un accidente automovil\u00edstico sin seguro?<\/h2>\n<p>Haremos todo lo posible para identificar alternativas de cobertura en su caso. En algunas situaciones, podemos ser capaces de localizar otras opciones, pero a veces, s\u00ed, puede que no tengas suerte. Si compr\u00f3 un seguro MedPay o de Colisi\u00f3n, que se encarga de sus facturas m\u00e9dicas o da\u00f1os a la propiedad en lugar de su responsabilidad con otros, estas pol\u00edticas se aplicar\u00e1n en accidentes automovil\u00edsticos sin seguro. Sin embargo, la mayor\u00eda de las personas con cobertura MedPay y de Colisi\u00f3n tambi\u00e9n tienen seguro UM\/UI, por lo que esto no siempre es una opci\u00f3n. Ocasionalmente, podemos encontrar que un tercero es responsable, pero esto tampoco es com\u00fan.<\/p>\n<h2>\u00bfQu\u00e9 debe hacer si no est\u00e1 seguro de qu\u00e9 cobertura de seguro tiene?<\/h2>\n<p>Puede ser dif\u00edcil recordar exactamente qu\u00e9 tipo de pol\u00edticas compr\u00f3, especialmente si las ha tenido durante mucho tiempo. Su representante de la compa\u00f1\u00eda de seguros puede decirle qu\u00e9 tipo de cobertura y qu\u00e9 cantidad tiene. Para aprender toda su gama de opciones, por favor p\u00f3ngase en contacto con el Bufete de Abogados de Lesiones Personales CEO para una consulta gratuita. Si aceptamos su caso, no nos pagar\u00e1 nada hasta que reciba un acuerdo.<\/p>\n<h2>Llame al CEO Lawyer<\/h2>\n<p>Los abogados de lesiones y accidentes en el Bufete de Abogados de Lesiones Personales CEO son de primera categor\u00eda y pueden ayudarle a obtener la compensaci\u00f3n que necesita despu\u00e9s de un accidente. Si las facturas m\u00e9dicas se est\u00e1n acumulando, llame a nuestro experimentado equipo de abogados de accidentes automovil\u00edsticos para ayudarle a desarrollar una estrategia legal ganadora. Ll\u00e1menos ahora al <a href=\"tel:+1833-254-2923\">833-254-2923<\/a> o averig\u00fce cu\u00e1nto vale su caso en l\u00ednea.<\/p>\n","protected":false},"excerpt":{"rendered":"<p>El estado de Georgia no requiere cobertura de automovilista sin seguro\/ con seguro insuficiente (UM\/ UI), pero optar por no participar podr\u00eda ponerlo en riesgo. Si usted est\u00e1 en un accidente con un automovilista sin seguro o con un seguro insuficiente, sus opciones para obtener sus da\u00f1os pagados ser\u00e1n m\u00ednimas, y usted puede estar atascado [&hellip;]<\/p>\n","protected":false},"author":18,"featured_media":11774,"parent":13289,"menu_order":0,"comment_status":"closed","ping_status":"closed","template":"","meta":{"_acf_changed":false,"footnotes":""},"class_list":["post-11768","page","type-page","status-publish","has-post-thumbnail","hentry"],"acf":[],"yoast_head":"<!-- This site is optimized with the Yoast SEO plugin v27.2 - https:\/\/yoast.com\/product\/yoast-seo-wordpress\/ -->\n<title>\u00bfSe requiere cobertura para conductores sin seguro en Georgia? | CEO Lawyer<\/title>\n<meta name=\"description\" content=\"CEO Lawyer en Georgia responde si se requiere cobertura para conductores sin seguro y c\u00f3mo obtenerla adecuadamente.\" \/>\n<meta name=\"robots\" content=\"index, follow, max-snippet:-1, max-image-preview:large, max-video-preview:-1\" \/>\n<link rel=\"canonical\" href=\"https:\/\/ceolawyer.com\/espanol\/faq\/ley-de-georgia\/accidente-automovilistico\/se-requiere-cobertura-para-conductores-sin-seguro-en-georgia\/\" \/>\n<meta property=\"og:locale\" content=\"en_US\" \/>\n<meta property=\"og:type\" content=\"article\" \/>\n<meta property=\"og:title\" content=\"\u00bfSe requiere cobertura para conductores sin seguro en Georgia? | CEO Lawyer\" \/>\n<meta property=\"og:description\" content=\"CEO Lawyer en Georgia responde si se requiere cobertura para conductores sin seguro y c\u00f3mo obtenerla adecuadamente.\" \/>\n<meta property=\"og:url\" content=\"https:\/\/ceolawyer.com\/espanol\/faq\/ley-de-georgia\/accidente-automovilistico\/se-requiere-cobertura-para-conductores-sin-seguro-en-georgia\/\" \/>\n<meta property=\"og:site_name\" content=\"CEO Lawyer\" \/>\n<meta property=\"article:modified_time\" content=\"2026-03-18T18:44:32+00:00\" \/>\n<meta property=\"og:image\" content=\"https:\/\/ceolawyer.com\/espanol\/wp-content\/uploads\/sites\/2\/2024\/04\/se-requiere-cobertura-para-conductores-sin-seguro-en-georgia.webp\" \/>\n\t<meta property=\"og:image:width\" content=\"500\" \/>\n\t<meta property=\"og:image:height\" content=\"333\" \/>\n\t<meta property=\"og:image:type\" content=\"image\/webp\" \/>\n<meta name=\"twitter:card\" content=\"summary_large_image\" \/>\n<meta name=\"twitter:label1\" content=\"Est. reading time\" \/>\n\t<meta name=\"twitter:data1\" content=\"6 minutes\" \/>\n<script type=\"application\/ld+json\" class=\"yoast-schema-graph\">{\"@context\":\"https:\/\/schema.org\",\"@graph\":[{\"@type\":\"WebPage\",\"@id\":\"https:\/\/ceolawyer.com\/espanol\/faq\/ley-de-georgia\/accidente-automovilistico\/se-requiere-cobertura-para-conductores-sin-seguro-en-georgia\/\",\"url\":\"https:\/\/ceolawyer.com\/espanol\/faq\/ley-de-georgia\/accidente-automovilistico\/se-requiere-cobertura-para-conductores-sin-seguro-en-georgia\/\",\"name\":\"\u00bfSe requiere cobertura para conductores sin seguro en Georgia? | CEO Lawyer\",\"isPartOf\":{\"@id\":\"https:\/\/ceolawyer.com\/espanol\/#website\"},\"primaryImageOfPage\":{\"@id\":\"https:\/\/ceolawyer.com\/espanol\/faq\/ley-de-georgia\/accidente-automovilistico\/se-requiere-cobertura-para-conductores-sin-seguro-en-georgia\/#primaryimage\"},\"image\":{\"@id\":\"https:\/\/ceolawyer.com\/espanol\/faq\/ley-de-georgia\/accidente-automovilistico\/se-requiere-cobertura-para-conductores-sin-seguro-en-georgia\/#primaryimage\"},\"thumbnailUrl\":\"https:\/\/ceolawyer.com\/espanol\/wp-content\/uploads\/sites\/2\/2024\/04\/se-requiere-cobertura-para-conductores-sin-seguro-en-georgia.webp\",\"datePublished\":\"2024-04-04T11:55:04+00:00\",\"dateModified\":\"2026-03-18T18:44:32+00:00\",\"description\":\"CEO Lawyer en Georgia responde si se requiere cobertura para conductores sin seguro y c\u00f3mo obtenerla adecuadamente.\",\"breadcrumb\":{\"@id\":\"https:\/\/ceolawyer.com\/espanol\/faq\/ley-de-georgia\/accidente-automovilistico\/se-requiere-cobertura-para-conductores-sin-seguro-en-georgia\/#breadcrumb\"},\"inLanguage\":\"en-US\",\"potentialAction\":[{\"@type\":\"ReadAction\",\"target\":[\"https:\/\/ceolawyer.com\/espanol\/faq\/ley-de-georgia\/accidente-automovilistico\/se-requiere-cobertura-para-conductores-sin-seguro-en-georgia\/\"]}]},{\"@type\":\"ImageObject\",\"inLanguage\":\"en-US\",\"@id\":\"https:\/\/ceolawyer.com\/espanol\/faq\/ley-de-georgia\/accidente-automovilistico\/se-requiere-cobertura-para-conductores-sin-seguro-en-georgia\/#primaryimage\",\"url\":\"https:\/\/ceolawyer.com\/espanol\/wp-content\/uploads\/sites\/2\/2024\/04\/se-requiere-cobertura-para-conductores-sin-seguro-en-georgia.webp\",\"contentUrl\":\"https:\/\/ceolawyer.com\/espanol\/wp-content\/uploads\/sites\/2\/2024\/04\/se-requiere-cobertura-para-conductores-sin-seguro-en-georgia.webp\",\"width\":500,\"height\":333,\"caption\":\"Un abogado de accidentes automovil\u00edsticos est\u00e1 sentado en su escritorio.\"},{\"@type\":\"BreadcrumbList\",\"@id\":\"https:\/\/ceolawyer.com\/espanol\/faq\/ley-de-georgia\/accidente-automovilistico\/se-requiere-cobertura-para-conductores-sin-seguro-en-georgia\/#breadcrumb\",\"itemListElement\":[{\"@type\":\"ListItem\",\"position\":1,\"name\":\"Home\",\"item\":\"https:\/\/ceolawyer.com\/espanol\/\"},{\"@type\":\"ListItem\",\"position\":2,\"name\":\"FAQ\",\"item\":\"https:\/\/ceolawyer.com\/espanol\/faq\/\"},{\"@type\":\"ListItem\",\"position\":3,\"name\":\"Lesiones personales en Georgia FAQ\",\"item\":\"https:\/\/ceolawyer.com\/espanol\/faq\/ley-de-georgia\/\"},{\"@type\":\"ListItem\",\"position\":4,\"name\":\"\u00bfSe requiere cobertura para conductores sin seguro en Georgia?\"}]},{\"@type\":\"WebSite\",\"@id\":\"https:\/\/ceolawyer.com\/espanol\/#website\",\"url\":\"https:\/\/ceolawyer.com\/espanol\/\",\"name\":\"CEO Lawyer\",\"description\":\"Personal Injury Attorney\",\"publisher\":{\"@id\":\"https:\/\/ceolawyer.com\/espanol\/#organization\"},\"potentialAction\":[{\"@type\":\"SearchAction\",\"target\":{\"@type\":\"EntryPoint\",\"urlTemplate\":\"https:\/\/ceolawyer.com\/espanol\/?s={search_term_string}\"},\"query-input\":{\"@type\":\"PropertyValueSpecification\",\"valueRequired\":true,\"valueName\":\"search_term_string\"}}],\"inLanguage\":\"en-US\"},{\"@type\":\"Organization\",\"@id\":\"https:\/\/ceolawyer.com\/espanol\/#organization\",\"name\":\"CEO Lawyer\",\"url\":\"https:\/\/ceolawyer.com\/espanol\/\",\"logo\":{\"@type\":\"ImageObject\",\"inLanguage\":\"en-US\",\"@id\":\"https:\/\/ceolawyer.com\/espanol\/#\/schema\/logo\/image\/\",\"url\":\"https:\/\/ceolawyer.com\/espanol\/wp-content\/uploads\/sites\/2\/2022\/05\/CEO_Logo.png\",\"contentUrl\":\"https:\/\/ceolawyer.com\/espanol\/wp-content\/uploads\/sites\/2\/2022\/05\/CEO_Logo.png\",\"width\":200,\"height\":108,\"caption\":\"CEO Lawyer\"},\"image\":{\"@id\":\"https:\/\/ceolawyer.com\/espanol\/#\/schema\/logo\/image\/\"}}]}<\/script>\n<!-- \/ Yoast SEO plugin. -->","yoast_head_json":{"title":"\u00bfSe requiere cobertura para conductores sin seguro en Georgia? | CEO Lawyer","description":"CEO Lawyer en Georgia responde si se requiere cobertura para conductores sin seguro y c\u00f3mo obtenerla adecuadamente.","robots":{"index":"index","follow":"follow","max-snippet":"max-snippet:-1","max-image-preview":"max-image-preview:large","max-video-preview":"max-video-preview:-1"},"canonical":"https:\/\/ceolawyer.com\/espanol\/faq\/ley-de-georgia\/accidente-automovilistico\/se-requiere-cobertura-para-conductores-sin-seguro-en-georgia\/","og_locale":"en_US","og_type":"article","og_title":"\u00bfSe requiere cobertura para conductores sin seguro en Georgia? | CEO Lawyer","og_description":"CEO Lawyer en Georgia responde si se requiere cobertura para conductores sin seguro y c\u00f3mo obtenerla adecuadamente.","og_url":"https:\/\/ceolawyer.com\/espanol\/faq\/ley-de-georgia\/accidente-automovilistico\/se-requiere-cobertura-para-conductores-sin-seguro-en-georgia\/","og_site_name":"CEO Lawyer","article_modified_time":"2026-03-18T18:44:32+00:00","og_image":[{"width":500,"height":333,"url":"https:\/\/ceolawyer.com\/espanol\/wp-content\/uploads\/sites\/2\/2024\/04\/se-requiere-cobertura-para-conductores-sin-seguro-en-georgia.webp","type":"image\/webp"}],"twitter_card":"summary_large_image","twitter_misc":{"Est. reading time":"6 minutes"},"schema":{"@context":"https:\/\/schema.org","@graph":[{"@type":"WebPage","@id":"https:\/\/ceolawyer.com\/espanol\/faq\/ley-de-georgia\/accidente-automovilistico\/se-requiere-cobertura-para-conductores-sin-seguro-en-georgia\/","url":"https:\/\/ceolawyer.com\/espanol\/faq\/ley-de-georgia\/accidente-automovilistico\/se-requiere-cobertura-para-conductores-sin-seguro-en-georgia\/","name":"\u00bfSe requiere cobertura para conductores sin seguro en Georgia? | CEO Lawyer","isPartOf":{"@id":"https:\/\/ceolawyer.com\/espanol\/#website"},"primaryImageOfPage":{"@id":"https:\/\/ceolawyer.com\/espanol\/faq\/ley-de-georgia\/accidente-automovilistico\/se-requiere-cobertura-para-conductores-sin-seguro-en-georgia\/#primaryimage"},"image":{"@id":"https:\/\/ceolawyer.com\/espanol\/faq\/ley-de-georgia\/accidente-automovilistico\/se-requiere-cobertura-para-conductores-sin-seguro-en-georgia\/#primaryimage"},"thumbnailUrl":"https:\/\/ceolawyer.com\/espanol\/wp-content\/uploads\/sites\/2\/2024\/04\/se-requiere-cobertura-para-conductores-sin-seguro-en-georgia.webp","datePublished":"2024-04-04T11:55:04+00:00","dateModified":"2026-03-18T18:44:32+00:00","description":"CEO Lawyer en Georgia responde si se requiere cobertura para conductores sin seguro y c\u00f3mo obtenerla adecuadamente.","breadcrumb":{"@id":"https:\/\/ceolawyer.com\/espanol\/faq\/ley-de-georgia\/accidente-automovilistico\/se-requiere-cobertura-para-conductores-sin-seguro-en-georgia\/#breadcrumb"},"inLanguage":"en-US","potentialAction":[{"@type":"ReadAction","target":["https:\/\/ceolawyer.com\/espanol\/faq\/ley-de-georgia\/accidente-automovilistico\/se-requiere-cobertura-para-conductores-sin-seguro-en-georgia\/"]}]},{"@type":"ImageObject","inLanguage":"en-US","@id":"https:\/\/ceolawyer.com\/espanol\/faq\/ley-de-georgia\/accidente-automovilistico\/se-requiere-cobertura-para-conductores-sin-seguro-en-georgia\/#primaryimage","url":"https:\/\/ceolawyer.com\/espanol\/wp-content\/uploads\/sites\/2\/2024\/04\/se-requiere-cobertura-para-conductores-sin-seguro-en-georgia.webp","contentUrl":"https:\/\/ceolawyer.com\/espanol\/wp-content\/uploads\/sites\/2\/2024\/04\/se-requiere-cobertura-para-conductores-sin-seguro-en-georgia.webp","width":500,"height":333,"caption":"Un abogado de accidentes automovil\u00edsticos est\u00e1 sentado en su escritorio."},{"@type":"BreadcrumbList","@id":"https:\/\/ceolawyer.com\/espanol\/faq\/ley-de-georgia\/accidente-automovilistico\/se-requiere-cobertura-para-conductores-sin-seguro-en-georgia\/#breadcrumb","itemListElement":[{"@type":"ListItem","position":1,"name":"Home","item":"https:\/\/ceolawyer.com\/espanol\/"},{"@type":"ListItem","position":2,"name":"FAQ","item":"https:\/\/ceolawyer.com\/espanol\/faq\/"},{"@type":"ListItem","position":3,"name":"Lesiones personales en Georgia FAQ","item":"https:\/\/ceolawyer.com\/espanol\/faq\/ley-de-georgia\/"},{"@type":"ListItem","position":4,"name":"\u00bfSe requiere cobertura para conductores sin seguro en Georgia?"}]},{"@type":"WebSite","@id":"https:\/\/ceolawyer.com\/espanol\/#website","url":"https:\/\/ceolawyer.com\/espanol\/","name":"CEO Lawyer","description":"Personal Injury Attorney","publisher":{"@id":"https:\/\/ceolawyer.com\/espanol\/#organization"},"potentialAction":[{"@type":"SearchAction","target":{"@type":"EntryPoint","urlTemplate":"https:\/\/ceolawyer.com\/espanol\/?s={search_term_string}"},"query-input":{"@type":"PropertyValueSpecification","valueRequired":true,"valueName":"search_term_string"}}],"inLanguage":"en-US"},{"@type":"Organization","@id":"https:\/\/ceolawyer.com\/espanol\/#organization","name":"CEO Lawyer","url":"https:\/\/ceolawyer.com\/espanol\/","logo":{"@type":"ImageObject","inLanguage":"en-US","@id":"https:\/\/ceolawyer.com\/espanol\/#\/schema\/logo\/image\/","url":"https:\/\/ceolawyer.com\/espanol\/wp-content\/uploads\/sites\/2\/2022\/05\/CEO_Logo.png","contentUrl":"https:\/\/ceolawyer.com\/espanol\/wp-content\/uploads\/sites\/2\/2022\/05\/CEO_Logo.png","width":200,"height":108,"caption":"CEO Lawyer"},"image":{"@id":"https:\/\/ceolawyer.com\/espanol\/#\/schema\/logo\/image\/"}}]}},"_links":{"self":[{"href":"https:\/\/ceolawyer.com\/espanol\/wp-json\/wp\/v2\/pages\/11768","targetHints":{"allow":["GET"]}}],"collection":[{"href":"https:\/\/ceolawyer.com\/espanol\/wp-json\/wp\/v2\/pages"}],"about":[{"href":"https:\/\/ceolawyer.com\/espanol\/wp-json\/wp\/v2\/types\/page"}],"author":[{"embeddable":true,"href":"https:\/\/ceolawyer.com\/espanol\/wp-json\/wp\/v2\/users\/18"}],"replies":[{"embeddable":true,"href":"https:\/\/ceolawyer.com\/espanol\/wp-json\/wp\/v2\/comments?post=11768"}],"version-history":[{"count":0,"href":"https:\/\/ceolawyer.com\/espanol\/wp-json\/wp\/v2\/pages\/11768\/revisions"}],"up":[{"embeddable":true,"href":"https:\/\/ceolawyer.com\/espanol\/wp-json\/wp\/v2\/pages\/13289"}],"wp:featuredmedia":[{"embeddable":true,"href":"https:\/\/ceolawyer.com\/espanol\/wp-json\/wp\/v2\/media\/11774"}],"wp:attachment":[{"href":"https:\/\/ceolawyer.com\/espanol\/wp-json\/wp\/v2\/media?parent=11768"}],"curies":[{"name":"wp","href":"https:\/\/api.w.org\/{rel}","templated":true}]}}