{"id":11785,"date":"2024-04-24T17:01:04","date_gmt":"2024-04-24T17:01:04","guid":{"rendered":"https:\/\/ceolawyer.com\/espanol\/?page_id=11785"},"modified":"2026-03-18T18:28:14","modified_gmt":"2026-03-18T18:28:14","slug":"puede-el-peaton-ser-el-culpable-de-un-accidente-automovilistico","status":"publish","type":"page","link":"https:\/\/ceolawyer.com\/espanol\/faq\/ley-de-georgia\/accidente-automovilistico\/puede-el-peaton-ser-el-culpable-de-un-accidente-automovilistico\/","title":{"rendered":"\u00bfPuede el peat\u00f3n ser el culpable de un accidente automovil\u00edstico?"},"content":{"rendered":"<p><img decoding=\"async\" class=\"alignright size-full wp-image-11790\" src=\"https:\/\/ceolawyer.com\/espanol\/wp-content\/uploads\/sites\/2\/2024\/04\/El-seguro-de-mi-auto-aumenta-si-alguien-me-choca-1.webp\" alt=\"Una persona que documenta da\u00f1os a su veh\u00edculo despu\u00e9s de un accidente automovil\u00edstico para un reclamo de seguro.\" width=\"500\" height=\"333\" srcset=\"https:\/\/ceolawyer.com\/espanol\/wp-content\/uploads\/sites\/2\/2024\/04\/El-seguro-de-mi-auto-aumenta-si-alguien-me-choca-1.webp 500w, https:\/\/ceolawyer.com\/espanol\/wp-content\/uploads\/sites\/2\/2024\/04\/El-seguro-de-mi-auto-aumenta-si-alguien-me-choca-1-300x200.webp 300w\" sizes=\"(max-width: 500px) 100vw, 500px\" \/>En la mayor\u00eda de los casos cuando ocurre un accidente de auto en el que se encuentra involucrado un peat\u00f3n, ellos son los que tendr\u00e1n la mayor cantidad de lesiones, mientras que el veh\u00edculo terminar\u00e1 con pocos da\u00f1os o ninguno, los pasajeros podr\u00edan salir ilesos. En la v\u00eda, indudablemente los peatones se encuentran en situaciones de peligro por la falta de protecci\u00f3n.<\/p>\n<p>Sin embargo, cuando ocurre un accidente que involucra peatones y autom\u00f3viles no es necesariamente obvio quien es culpable del hecho. A pesar de la creencia com\u00fan que los peatones siempre tienen el derecho de paso, un peat\u00f3n puede ser parcialmente culpable de un accidente, incluso si no fueron la causa de la colisi\u00f3n.<\/p>\n<p>\u00bfHa estado involucrado en un accidente de peat\u00f3n \u2013 autom\u00f3vil? P\u00f3ngase en contacto con el abogado Ali y su experimentado equipo en lesiones personales de CEO Lawyer Personal Injury Law Firm llamando al <a href=\"tel:+18883073792\"><strong>(888) 307-3792<\/strong><\/a> o tambi\u00e9n puede <a href=\"https:\/\/ceolawyer.com\/contact-us\/\">contactarlos en l\u00ednea<\/a> para recibir la evaluaci\u00f3n de su caso gratis.<\/p>\n<p>El abogado Ali y su equipo se han establecido como de las firmas legales de m\u00e1s r\u00e1pido crecimiento en el pa\u00eds. Si tomamos su caso, no tendr\u00e1 que pagar nada hasta que ganemos.<\/p>\n<h2>C\u00f3mo determinar qui\u00e9n ES el responsable de un accidente que involucra peatones<\/h2>\n<p>Indudablemente hay situaciones en las que el conductor del veh\u00edculo tiene inequ\u00edvocamente la responsabilidad del accidente. Algunos ejemplos de violaciones a la ley comunes son pasarse un sem\u00e1foro en luz roja, no detenerse en un cruce peatonal claramente demarcado, girar a la derecha con el sem\u00e1foro en rojo delante de un peat\u00f3n que est\u00e1 cruzando la calle.<\/p>\n<p>Sin embargo, haciendo una comparaci\u00f3n entre los peatones y los conductores de veh\u00edculos, se puede concluir que los peatones\u00a0 tienen menos probabilidad de evitar verse involucrados en un accidente automovil\u00edstico. No es dif\u00edcil entender el porqu\u00e9.<\/p>\n<p>Los accidentes donde se ven involucrados peatones y conductores de veh\u00edculos no suelen tener lugar en zonas alejadas de la calzada, y son los peatones quienes normalmente escogen si cruzan una acera o el arc\u00e9n de una autopista para entrar en una calzada y cu\u00e1ndo lo hacen.<\/p>\n<p>Desde un punto de vista netamente legal, \u00bfc\u00f3mo deber\u00eda ser resuelta este tipo de situaciones? Los accidentes que involucran veh\u00edculos y peatones se encuentran enmarcados dentro de los principios de la normativa de negligencia, as\u00ed como la gran cantidad de diferentes reclamaciones por lesiones personales.<\/p>\n<h2>El \u201cdeber de cuidado\u201d obligaciones de peatones y conductores<\/h2>\n<p>Una de las ideas de mayor importancia en el campo de la ley de lesiones personales es que cada individuo est\u00e1 obligado a actuar con un grado de precauci\u00f3n para situaciones de caracter\u00edsticas espec\u00edficas. Cuando se utilizan espacios p\u00fablicos como calles, autopistas, cruces peatonales, por ejemplo, se espera que los peatones y autom\u00f3viles respeten las regulaciones de tr\u00e1fico y las leyes.<\/p>\n<p>Independientemente que fuera caminando o manejando al momento del accidente, la ley considera que la persona A ser\u00e1 negligente cuando debe actuar de una forma razonable, cumpliendo con el debido cuidado que se espera y cuyas acciones terminan generando da\u00f1o a una persona B.<\/p>\n<h2>Negligencia comparativa<\/h2>\n<p>La normativa sobre<a href=\"https:\/\/www.findlaw.com\/state\/georgia-law\/georgia-negligence-laws.html\"> negligencia comparativa<\/a> divide la culpa entre las partes involucradas. Si la parte demandante tambi\u00e9n tiene cierta responsabilidad del hecho, la responsabilidad del responsable ser\u00e1 disminuida, pero no necesariamente ser\u00e1 eliminada del todo.<\/p>\n<h2>En caso de un accidente entre un peat\u00f3n y un veh\u00edculo, \u00bfqu\u00e9 tipo de da\u00f1os surgen?<\/h2>\n<p>Los &#8220;da\u00f1os y perjuicios&#8221; se refieren a las p\u00e9rdidas que una v\u00edctima de accidente puede tener derecho a recuperar recibiendo una compensaci\u00f3n econ\u00f3mica de la parte culpable y\/o de su aseguradora. Cuando ocurre una colisi\u00f3n o accidente que involucra a un peat\u00f3n y un veh\u00edculo, cualquiera de las partes o ambas son aptos para presentar un reclamo en contra del otro, claro, esto depende de qui\u00e9n fue el responsable y cu\u00e1l parte sufri\u00f3 los da\u00f1os.<\/p>\n<p>Aunque, si una de las partes no result\u00f3 lesionada o con da\u00f1os a la propiedad, no podr\u00e1 optar por presentar un reclamo.<\/p>\n<p>En los estados que se rigen por<a href=\"https:\/\/www.investopedia.com\/terms\/c\/comparative-negligence.asp\"> las normas de negligencia comparativa<\/a>, como Georgia, las v\u00edctimas con lesiones podr\u00edan tener derecho a compensaci\u00f3n, incluso si tienen responsabilidad parcial. Cuando se ha ocasionado una colisi\u00f3n entre un transe\u00fante y un veh\u00edculo, dependiendo de qui\u00e9n sea encontrado como culpable y el grado de responsabilidad, la v\u00edctima del accidente podr\u00e1 cobrar una compensaci\u00f3n por:<\/p>\n<ul>\n<li>Gastos m\u00e9dicos.<\/li>\n<li>Gastos m\u00e9dicos futuros.<\/li>\n<li>P\u00e9rdidas de salarios<\/li>\n<li>P\u00e9rdida de capacidad adquisitiva.<\/li>\n<li>Dolor y sufrimiento.<\/li>\n<li>Angustia mental.<\/li>\n<li>P\u00e9rdida de condici\u00f3n f\u00edsica y\/o mental.<\/li>\n<li>Muerte por negligencia (en caso de fallecimiento).<\/li>\n<li>Entre otras.<\/li>\n<\/ul>\n<p>Los reclamos que envuelven a peatones y veh\u00edculos automotores est\u00e1n sujetos a <a href=\"https:\/\/www.enjuris.com\/blog\/ga\/auto-accident-statute-of-limitations\/\">estatuto de limitaciones<\/a> (p\u00e9rdida de derecho para exigir). Los plazos sujetos a prescripci\u00f3n son una parte de la legislaci\u00f3n que, cuando a un individuo se le ha ocasionado da\u00f1o de alguna manera, existe un tiempo l\u00edmite en la posibilidad y derecho de demandar a la parte o partes responsables del incidente.<\/p>\n<p>Cuando un peat\u00f3n ha resultado lesionado en un accidente de auto, cualquier acci\u00f3n legal llevada en contra del conductor tendr\u00e1 como base o fundamento la ley de lesiones personales. Sin embargo, el lapso que tiene la persona afectada para presentar el reclamo var\u00eda seg\u00fan el estado en el que se encuentre.<\/p>\n<p>Obtenga m\u00e1s informaci\u00f3n sobre el plazo para presentar un reclamo por lesiones personales.<\/p>\n<h2>Abogado de accidentes de peat\u00f3n en georgia<\/h2>\n<p>Si usted ha sufrido lesiones como peat\u00f3n en un accidente en el que est\u00e1 involucrado un veh\u00edculo, ll\u00e1menos al <a href=\"tel:+18883073792\"><strong>(888) 307-3792<\/strong><\/a> o <a href=\"https:\/\/ceolawyer.com\/contact-us\/\">cont\u00e1ctenos en l\u00ednea<\/a> en cualquier momento para una consulta gratuita sobre su caso y para explorar sus opciones legales. El abogado Ali fund\u00f3 CEO Lawyer Personal Injury Firm, que se ha convertido en una de las firmas legales de m\u00e1s r\u00e1pido crecimiento en el pa\u00eds.<\/p>\n<p>Si tomamos su caso, usted no tendr\u00e1 que pagar nada hasta que ganemos.<\/p>\n","protected":false},"excerpt":{"rendered":"<p>En la mayor\u00eda de los casos cuando ocurre un accidente de auto en el que se encuentra involucrado un peat\u00f3n, ellos son los que tendr\u00e1n la mayor cantidad de lesiones, mientras que el veh\u00edculo terminar\u00e1 con pocos da\u00f1os o ninguno, los pasajeros podr\u00edan salir ilesos. En la v\u00eda, indudablemente los peatones se encuentran en situaciones [&hellip;]<\/p>\n","protected":false},"author":18,"featured_media":11790,"parent":13289,"menu_order":0,"comment_status":"closed","ping_status":"closed","template":"","meta":{"_acf_changed":false,"footnotes":""},"class_list":["post-11785","page","type-page","status-publish","has-post-thumbnail","hentry"],"acf":[],"yoast_head":"<!-- This site is optimized with the Yoast SEO plugin v27.2 - https:\/\/yoast.com\/product\/yoast-seo-wordpress\/ -->\n<title>\u00bfPuede el Peat\u00f3n ser Culpable en un Accidente? | CEO Lawyer<\/title>\n<meta name=\"description\" content=\"\u00bfPuede el peat\u00f3n ser culpable de un accidente? Inf\u00f3rmate y contacta a CEO Lawyer Personal Injury Law Firm. Cont\u00e1ctenos a (833)-254-2923.\" \/>\n<meta name=\"robots\" content=\"index, follow, max-snippet:-1, max-image-preview:large, max-video-preview:-1\" \/>\n<link rel=\"canonical\" href=\"https:\/\/ceolawyer.com\/espanol\/faq\/ley-de-georgia\/accidente-automovilistico\/puede-el-peaton-ser-el-culpable-de-un-accidente-automovilistico\/\" \/>\n<meta property=\"og:locale\" content=\"en_US\" \/>\n<meta property=\"og:type\" content=\"article\" \/>\n<meta property=\"og:title\" content=\"\u00bfPuede el Peat\u00f3n ser Culpable en un Accidente? | CEO Lawyer\" \/>\n<meta property=\"og:description\" content=\"\u00bfPuede el peat\u00f3n ser culpable de un accidente? Inf\u00f3rmate y contacta a CEO Lawyer Personal Injury Law Firm. Cont\u00e1ctenos a (833)-254-2923.\" \/>\n<meta property=\"og:url\" content=\"https:\/\/ceolawyer.com\/espanol\/faq\/ley-de-georgia\/accidente-automovilistico\/puede-el-peaton-ser-el-culpable-de-un-accidente-automovilistico\/\" \/>\n<meta property=\"og:site_name\" content=\"CEO Lawyer\" \/>\n<meta property=\"article:modified_time\" content=\"2026-03-18T18:28:14+00:00\" \/>\n<meta property=\"og:image\" content=\"https:\/\/ceolawyer.com\/espanol\/wp-content\/uploads\/sites\/2\/2024\/04\/El-seguro-de-mi-auto-aumenta-si-alguien-me-choca-1.webp\" \/>\n\t<meta property=\"og:image:width\" content=\"500\" \/>\n\t<meta property=\"og:image:height\" content=\"333\" \/>\n\t<meta property=\"og:image:type\" content=\"image\/webp\" \/>\n<meta name=\"twitter:card\" content=\"summary_large_image\" \/>\n<meta name=\"twitter:label1\" content=\"Est. reading time\" \/>\n\t<meta name=\"twitter:data1\" content=\"5 minutes\" \/>\n<script type=\"application\/ld+json\" class=\"yoast-schema-graph\">{\"@context\":\"https:\/\/schema.org\",\"@graph\":[{\"@type\":\"WebPage\",\"@id\":\"https:\/\/ceolawyer.com\/espanol\/faq\/ley-de-georgia\/accidente-automovilistico\/puede-el-peaton-ser-el-culpable-de-un-accidente-automovilistico\/\",\"url\":\"https:\/\/ceolawyer.com\/espanol\/faq\/ley-de-georgia\/accidente-automovilistico\/puede-el-peaton-ser-el-culpable-de-un-accidente-automovilistico\/\",\"name\":\"\u00bfPuede el Peat\u00f3n ser Culpable en un Accidente? | CEO Lawyer\",\"isPartOf\":{\"@id\":\"https:\/\/ceolawyer.com\/espanol\/#website\"},\"primaryImageOfPage\":{\"@id\":\"https:\/\/ceolawyer.com\/espanol\/faq\/ley-de-georgia\/accidente-automovilistico\/puede-el-peaton-ser-el-culpable-de-un-accidente-automovilistico\/#primaryimage\"},\"image\":{\"@id\":\"https:\/\/ceolawyer.com\/espanol\/faq\/ley-de-georgia\/accidente-automovilistico\/puede-el-peaton-ser-el-culpable-de-un-accidente-automovilistico\/#primaryimage\"},\"thumbnailUrl\":\"https:\/\/ceolawyer.com\/espanol\/wp-content\/uploads\/sites\/2\/2024\/04\/El-seguro-de-mi-auto-aumenta-si-alguien-me-choca-1.webp\",\"datePublished\":\"2024-04-24T17:01:04+00:00\",\"dateModified\":\"2026-03-18T18:28:14+00:00\",\"description\":\"\u00bfPuede el peat\u00f3n ser culpable de un accidente? Inf\u00f3rmate y contacta a CEO Lawyer Personal Injury Law Firm. Cont\u00e1ctenos a (833)-254-2923.\",\"breadcrumb\":{\"@id\":\"https:\/\/ceolawyer.com\/espanol\/faq\/ley-de-georgia\/accidente-automovilistico\/puede-el-peaton-ser-el-culpable-de-un-accidente-automovilistico\/#breadcrumb\"},\"inLanguage\":\"en-US\",\"potentialAction\":[{\"@type\":\"ReadAction\",\"target\":[\"https:\/\/ceolawyer.com\/espanol\/faq\/ley-de-georgia\/accidente-automovilistico\/puede-el-peaton-ser-el-culpable-de-un-accidente-automovilistico\/\"]}]},{\"@type\":\"ImageObject\",\"inLanguage\":\"en-US\",\"@id\":\"https:\/\/ceolawyer.com\/espanol\/faq\/ley-de-georgia\/accidente-automovilistico\/puede-el-peaton-ser-el-culpable-de-un-accidente-automovilistico\/#primaryimage\",\"url\":\"https:\/\/ceolawyer.com\/espanol\/wp-content\/uploads\/sites\/2\/2024\/04\/El-seguro-de-mi-auto-aumenta-si-alguien-me-choca-1.webp\",\"contentUrl\":\"https:\/\/ceolawyer.com\/espanol\/wp-content\/uploads\/sites\/2\/2024\/04\/El-seguro-de-mi-auto-aumenta-si-alguien-me-choca-1.webp\",\"width\":500,\"height\":333,\"caption\":\"Una persona que documenta da\u00f1os a su veh\u00edculo despu\u00e9s de un accidente automovil\u00edstico para un reclamo de seguro.\"},{\"@type\":\"BreadcrumbList\",\"@id\":\"https:\/\/ceolawyer.com\/espanol\/faq\/ley-de-georgia\/accidente-automovilistico\/puede-el-peaton-ser-el-culpable-de-un-accidente-automovilistico\/#breadcrumb\",\"itemListElement\":[{\"@type\":\"ListItem\",\"position\":1,\"name\":\"Home\",\"item\":\"https:\/\/ceolawyer.com\/espanol\/\"},{\"@type\":\"ListItem\",\"position\":2,\"name\":\"FAQ\",\"item\":\"https:\/\/ceolawyer.com\/espanol\/faq\/\"},{\"@type\":\"ListItem\",\"position\":3,\"name\":\"Lesiones personales en Georgia FAQ\",\"item\":\"https:\/\/ceolawyer.com\/espanol\/faq\/ley-de-georgia\/\"},{\"@type\":\"ListItem\",\"position\":4,\"name\":\"\u00bfPuede el peat\u00f3n ser el culpable de un accidente automovil\u00edstico?\"}]},{\"@type\":\"WebSite\",\"@id\":\"https:\/\/ceolawyer.com\/espanol\/#website\",\"url\":\"https:\/\/ceolawyer.com\/espanol\/\",\"name\":\"CEO Lawyer\",\"description\":\"Personal Injury Attorney\",\"publisher\":{\"@id\":\"https:\/\/ceolawyer.com\/espanol\/#organization\"},\"potentialAction\":[{\"@type\":\"SearchAction\",\"target\":{\"@type\":\"EntryPoint\",\"urlTemplate\":\"https:\/\/ceolawyer.com\/espanol\/?s={search_term_string}\"},\"query-input\":{\"@type\":\"PropertyValueSpecification\",\"valueRequired\":true,\"valueName\":\"search_term_string\"}}],\"inLanguage\":\"en-US\"},{\"@type\":\"Organization\",\"@id\":\"https:\/\/ceolawyer.com\/espanol\/#organization\",\"name\":\"CEO Lawyer\",\"url\":\"https:\/\/ceolawyer.com\/espanol\/\",\"logo\":{\"@type\":\"ImageObject\",\"inLanguage\":\"en-US\",\"@id\":\"https:\/\/ceolawyer.com\/espanol\/#\/schema\/logo\/image\/\",\"url\":\"https:\/\/ceolawyer.com\/espanol\/wp-content\/uploads\/sites\/2\/2022\/05\/CEO_Logo.png\",\"contentUrl\":\"https:\/\/ceolawyer.com\/espanol\/wp-content\/uploads\/sites\/2\/2022\/05\/CEO_Logo.png\",\"width\":200,\"height\":108,\"caption\":\"CEO Lawyer\"},\"image\":{\"@id\":\"https:\/\/ceolawyer.com\/espanol\/#\/schema\/logo\/image\/\"}}]}<\/script>\n<!-- \/ Yoast SEO plugin. -->","yoast_head_json":{"title":"\u00bfPuede el Peat\u00f3n ser Culpable en un Accidente? | CEO Lawyer","description":"\u00bfPuede el peat\u00f3n ser culpable de un accidente? Inf\u00f3rmate y contacta a CEO Lawyer Personal Injury Law Firm. Cont\u00e1ctenos a (833)-254-2923.","robots":{"index":"index","follow":"follow","max-snippet":"max-snippet:-1","max-image-preview":"max-image-preview:large","max-video-preview":"max-video-preview:-1"},"canonical":"https:\/\/ceolawyer.com\/espanol\/faq\/ley-de-georgia\/accidente-automovilistico\/puede-el-peaton-ser-el-culpable-de-un-accidente-automovilistico\/","og_locale":"en_US","og_type":"article","og_title":"\u00bfPuede el Peat\u00f3n ser Culpable en un Accidente? | CEO Lawyer","og_description":"\u00bfPuede el peat\u00f3n ser culpable de un accidente? Inf\u00f3rmate y contacta a CEO Lawyer Personal Injury Law Firm. Cont\u00e1ctenos a (833)-254-2923.","og_url":"https:\/\/ceolawyer.com\/espanol\/faq\/ley-de-georgia\/accidente-automovilistico\/puede-el-peaton-ser-el-culpable-de-un-accidente-automovilistico\/","og_site_name":"CEO Lawyer","article_modified_time":"2026-03-18T18:28:14+00:00","og_image":[{"width":500,"height":333,"url":"https:\/\/ceolawyer.com\/espanol\/wp-content\/uploads\/sites\/2\/2024\/04\/El-seguro-de-mi-auto-aumenta-si-alguien-me-choca-1.webp","type":"image\/webp"}],"twitter_card":"summary_large_image","twitter_misc":{"Est. reading time":"5 minutes"},"schema":{"@context":"https:\/\/schema.org","@graph":[{"@type":"WebPage","@id":"https:\/\/ceolawyer.com\/espanol\/faq\/ley-de-georgia\/accidente-automovilistico\/puede-el-peaton-ser-el-culpable-de-un-accidente-automovilistico\/","url":"https:\/\/ceolawyer.com\/espanol\/faq\/ley-de-georgia\/accidente-automovilistico\/puede-el-peaton-ser-el-culpable-de-un-accidente-automovilistico\/","name":"\u00bfPuede el Peat\u00f3n ser Culpable en un Accidente? | CEO Lawyer","isPartOf":{"@id":"https:\/\/ceolawyer.com\/espanol\/#website"},"primaryImageOfPage":{"@id":"https:\/\/ceolawyer.com\/espanol\/faq\/ley-de-georgia\/accidente-automovilistico\/puede-el-peaton-ser-el-culpable-de-un-accidente-automovilistico\/#primaryimage"},"image":{"@id":"https:\/\/ceolawyer.com\/espanol\/faq\/ley-de-georgia\/accidente-automovilistico\/puede-el-peaton-ser-el-culpable-de-un-accidente-automovilistico\/#primaryimage"},"thumbnailUrl":"https:\/\/ceolawyer.com\/espanol\/wp-content\/uploads\/sites\/2\/2024\/04\/El-seguro-de-mi-auto-aumenta-si-alguien-me-choca-1.webp","datePublished":"2024-04-24T17:01:04+00:00","dateModified":"2026-03-18T18:28:14+00:00","description":"\u00bfPuede el peat\u00f3n ser culpable de un accidente? Inf\u00f3rmate y contacta a CEO Lawyer Personal Injury Law Firm. Cont\u00e1ctenos a (833)-254-2923.","breadcrumb":{"@id":"https:\/\/ceolawyer.com\/espanol\/faq\/ley-de-georgia\/accidente-automovilistico\/puede-el-peaton-ser-el-culpable-de-un-accidente-automovilistico\/#breadcrumb"},"inLanguage":"en-US","potentialAction":[{"@type":"ReadAction","target":["https:\/\/ceolawyer.com\/espanol\/faq\/ley-de-georgia\/accidente-automovilistico\/puede-el-peaton-ser-el-culpable-de-un-accidente-automovilistico\/"]}]},{"@type":"ImageObject","inLanguage":"en-US","@id":"https:\/\/ceolawyer.com\/espanol\/faq\/ley-de-georgia\/accidente-automovilistico\/puede-el-peaton-ser-el-culpable-de-un-accidente-automovilistico\/#primaryimage","url":"https:\/\/ceolawyer.com\/espanol\/wp-content\/uploads\/sites\/2\/2024\/04\/El-seguro-de-mi-auto-aumenta-si-alguien-me-choca-1.webp","contentUrl":"https:\/\/ceolawyer.com\/espanol\/wp-content\/uploads\/sites\/2\/2024\/04\/El-seguro-de-mi-auto-aumenta-si-alguien-me-choca-1.webp","width":500,"height":333,"caption":"Una persona que documenta da\u00f1os a su veh\u00edculo despu\u00e9s de un accidente automovil\u00edstico para un reclamo de seguro."},{"@type":"BreadcrumbList","@id":"https:\/\/ceolawyer.com\/espanol\/faq\/ley-de-georgia\/accidente-automovilistico\/puede-el-peaton-ser-el-culpable-de-un-accidente-automovilistico\/#breadcrumb","itemListElement":[{"@type":"ListItem","position":1,"name":"Home","item":"https:\/\/ceolawyer.com\/espanol\/"},{"@type":"ListItem","position":2,"name":"FAQ","item":"https:\/\/ceolawyer.com\/espanol\/faq\/"},{"@type":"ListItem","position":3,"name":"Lesiones personales en Georgia FAQ","item":"https:\/\/ceolawyer.com\/espanol\/faq\/ley-de-georgia\/"},{"@type":"ListItem","position":4,"name":"\u00bfPuede el peat\u00f3n ser el culpable de un accidente automovil\u00edstico?"}]},{"@type":"WebSite","@id":"https:\/\/ceolawyer.com\/espanol\/#website","url":"https:\/\/ceolawyer.com\/espanol\/","name":"CEO Lawyer","description":"Personal Injury Attorney","publisher":{"@id":"https:\/\/ceolawyer.com\/espanol\/#organization"},"potentialAction":[{"@type":"SearchAction","target":{"@type":"EntryPoint","urlTemplate":"https:\/\/ceolawyer.com\/espanol\/?s={search_term_string}"},"query-input":{"@type":"PropertyValueSpecification","valueRequired":true,"valueName":"search_term_string"}}],"inLanguage":"en-US"},{"@type":"Organization","@id":"https:\/\/ceolawyer.com\/espanol\/#organization","name":"CEO Lawyer","url":"https:\/\/ceolawyer.com\/espanol\/","logo":{"@type":"ImageObject","inLanguage":"en-US","@id":"https:\/\/ceolawyer.com\/espanol\/#\/schema\/logo\/image\/","url":"https:\/\/ceolawyer.com\/espanol\/wp-content\/uploads\/sites\/2\/2022\/05\/CEO_Logo.png","contentUrl":"https:\/\/ceolawyer.com\/espanol\/wp-content\/uploads\/sites\/2\/2022\/05\/CEO_Logo.png","width":200,"height":108,"caption":"CEO Lawyer"},"image":{"@id":"https:\/\/ceolawyer.com\/espanol\/#\/schema\/logo\/image\/"}}]}},"_links":{"self":[{"href":"https:\/\/ceolawyer.com\/espanol\/wp-json\/wp\/v2\/pages\/11785","targetHints":{"allow":["GET"]}}],"collection":[{"href":"https:\/\/ceolawyer.com\/espanol\/wp-json\/wp\/v2\/pages"}],"about":[{"href":"https:\/\/ceolawyer.com\/espanol\/wp-json\/wp\/v2\/types\/page"}],"author":[{"embeddable":true,"href":"https:\/\/ceolawyer.com\/espanol\/wp-json\/wp\/v2\/users\/18"}],"replies":[{"embeddable":true,"href":"https:\/\/ceolawyer.com\/espanol\/wp-json\/wp\/v2\/comments?post=11785"}],"version-history":[{"count":0,"href":"https:\/\/ceolawyer.com\/espanol\/wp-json\/wp\/v2\/pages\/11785\/revisions"}],"up":[{"embeddable":true,"href":"https:\/\/ceolawyer.com\/espanol\/wp-json\/wp\/v2\/pages\/13289"}],"wp:featuredmedia":[{"embeddable":true,"href":"https:\/\/ceolawyer.com\/espanol\/wp-json\/wp\/v2\/media\/11790"}],"wp:attachment":[{"href":"https:\/\/ceolawyer.com\/espanol\/wp-json\/wp\/v2\/media?parent=11785"}],"curies":[{"name":"wp","href":"https:\/\/api.w.org\/{rel}","templated":true}]}}