{"id":11794,"date":"2024-04-24T17:35:53","date_gmt":"2024-04-24T17:35:53","guid":{"rendered":"https:\/\/ceolawyer.com\/espanol\/?page_id=11794"},"modified":"2026-03-18T18:27:34","modified_gmt":"2026-03-18T18:27:34","slug":"obligacion-del-empleador-en-accidentes-automovilisticos","status":"publish","type":"page","link":"https:\/\/ceolawyer.com\/espanol\/faq\/ley-de-georgia\/accidente-automovilistico\/obligacion-del-empleador-en-accidentes-automovilisticos\/","title":{"rendered":"Obligaci\u00f3n del empleador en accidentes automovil\u00edsticos"},"content":{"rendered":"<p><img decoding=\"async\" class=\"alignright wp-image-11796 size-full\" src=\"https:\/\/ceolawyer.com\/espanol\/wp-content\/uploads\/sites\/2\/2024\/04\/Obligacion-del-empleador-en-accidentes-automovilisticos.webp\" alt=\"Una v\u00edctima de un accidente tomando una fotograf\u00eda de los da\u00f1os sufridos por un coche de empresa.\" width=\"500\" height=\"333\" srcset=\"https:\/\/ceolawyer.com\/espanol\/wp-content\/uploads\/sites\/2\/2024\/04\/Obligacion-del-empleador-en-accidentes-automovilisticos.webp 500w, https:\/\/ceolawyer.com\/espanol\/wp-content\/uploads\/sites\/2\/2024\/04\/Obligacion-del-empleador-en-accidentes-automovilisticos-300x200.webp 300w\" sizes=\"(max-width: 500px) 100vw, 500px\" \/>Si est\u00e1s trabajando como empleado, o bien, desempe\u00f1ando una tarea relacionada al trabajo que ejerces cuando un accidente ocurre, tu empleador o jefe, puede ser responsable por las heridas, lesiones y\/o da\u00f1os que sufras a causa de dicho accidente, ya que los empleadores son responsables de los accidentes donde sus trabajadores resultaron heridos mientras trabajaban.<\/p>\n<p>En la mayor\u00eda de estados, es necesario que los empleadores suministren los equipos necesarios y ofrezcan medidas de seguridad para que los trabajadores puedan ejercer sus labores de manera segura. Tambi\u00e9n, el empleador tiene la obligaci\u00f3n de advertir al trabajador de los riesgos o peligros de su labor que podr\u00edan provocar una lesi\u00f3n o hasta la muerte.<\/p>\n<p>Los accidentes automovil\u00edsticos que ocurren cuando una o m\u00e1s personas est\u00e1n \u201cen el trabajo\u201d, pueden ser un poco dif\u00edciles de manejar por el concepto legal de \u201cresponsabilidad del superior\u201d. Es por ello, que algunas compa\u00f1\u00edas contratan a sus propios abogados para proteger sus intereses y beneficios econ\u00f3micos.<\/p>\n<p>Es importante contactar a un abogado con experiencia en lesiones personales para entender c\u00f3mo trabajar en tu caso.<\/p>\n<p>En CEO Lawyer Personal Injury Law Firm conocemos el mejor modo de actuar para encontrar la compensaci\u00f3n que necesitas durante estos tiempos dif\u00edciles en tu vida. Ninguno de nosotros querr\u00e1 pasar por una situaci\u00f3n como presentar un reclamo por lesiones personales, pero si ocurre, querr\u00e1s que alguien inteligente y que preste especial atenci\u00f3n a las cifras que te acompa\u00f1an, te apoye.<\/p>\n<p>\u00a1Llama al abogado Ali al n\u00famero <a href=\"tel:+18883073792\">(<strong>888) 307-3792<\/strong><\/a> para consultar sobre tu caso sin compromiso ni costo alguno!<\/p>\n<h2>Responsabilidad del superior<\/h2>\n<p>En la mayor\u00eda de circunstancias, el Estado de Georgia reconoce la doctrina de <a href=\"https:\/\/law.justia.com\/codes\/georgia\/2010\/title-51\/chapter-2\/51-2-2\/\">\u201cResponsabilidad del Superior\u201d<\/a> o conocida tambi\u00e9n como \u201cDeja que el maestro responda\u201d, que garantiza que el jefe o empleador pueda ser demandado por actos negligentes realizados por sus empleados cuando est\u00e1n trabajando dentro del alcance o desempe\u00f1o de sus funciones.<\/p>\n<p>En Georgia, las v\u00edctimas de lesiones personales pueden usar esta doctrina para obtener una compensaci\u00f3n por lesiones y da\u00f1os por parte del empleador de la parte culpable si la persona estaba trabajando en el momento que ocurri\u00f3 el accidente. La mayor\u00eda de abogados especializados en lesiones personales te dir\u00e1n que la aseguradora con la que cuenta el empleador puede ser un mejor recurso para la compensaci\u00f3n que solo el trabajador.<\/p>\n<p>Sin embargo, en el a\u00f1o 2020, <a href=\"https:\/\/blog.cvn.com\/apportionment-law-abrogates-respondeat-superior-rule-ga-supreme-court-holds\">La Corte Suprema de Georgia regul\u00f3 <\/a>que la doctrina de \u201cResponsabilidad del Superior\u201d estaba en desacuerdo con lo establecido en el Estatuto de divisi\u00f3n de Georgia (Georgia Apportionment Statute) que establece que cada una de las partes responsables debe responder por una parte de los da\u00f1os dependiendo del porcentaje de culpa. Esto quiere decir que, tanto el trabajador como el empleador pueden ser demandados en relaci\u00f3n al grado de responsabilidad en los da\u00f1os ocurridos en tu caso de lesiones personales.<\/p>\n<h2>Comprobando la culpabilidad del empleador<\/h2>\n<p>Si est\u00e1s demandando a tu jefe, o al jefe de la persona culpable en el accidente de tr\u00e1nsito en el que has sido parte, debes poder demostrar que el otro conductor estaba en el curso o desempe\u00f1o de su trabajo y funciones cuando el accidente ocurri\u00f3.<\/p>\n<p>Un abogado de lesiones personales investigar\u00e1 el accidente, revisar\u00e1 declaraciones de todas las partes y los reportes de polic\u00eda con el fin de responder las siguientes preguntas:<\/p>\n<ul>\n<li>\u00bfQu\u00e9 estaba haciendo el trabajador justo antes y durante la ocurrencia del accidente? Por ejemplo, \u00bfmanejaba de manera responsable? o \u00bfestaba enviando un mensaje de texto o ajustando la radio?<\/li>\n<li>\u00bfHacia d\u00f3nde se dirig\u00eda el trabajador y de qu\u00e9 lugar part\u00eda antes de que el accidente ocurriera?<\/li>\n<li>\u00bfEstaba el trabajador conduciendo hacia o desde el lugar de trabajo cuando el accidente ocurri\u00f3?<\/li>\n<li>\u00bfEstaba el trabajador en un carro propiedad de la compa\u00f1\u00eda o empresa?<\/li>\n<li><\/li>\n<\/ul>\n<p>Sin embargo, las respuestas a esas preguntas no siempre son f\u00e1ciles de encontrar. Supongamos que el conductor negligente estaba usando su celular justo antes de que el accidente ocurriera, pero se estaba encargando de asuntos relacionados a su trabajo.<\/p>\n<p>O bien, el conductor negligente se dirig\u00eda a su casa desde el trabajo cuando el accidente ocurri\u00f3 pero ten\u00eda un \u201cencargo especial\u201d que cumplir, o le fue solicitado que hiciera algo que podr\u00eda beneficiar al empleador mientras el trabajador iba en camino a casa.<\/p>\n<h2>Pr\u00e1cticas de contrataci\u00f3n negligentes<\/h2>\n<p>Se habla de contrataci\u00f3n negligente cuando un empleador contrata (o retiene) a alguien que sab\u00eda o deber\u00eda haber sabido razonablemente que tiene un comportamiento habitual que puede causar lesiones a otra persona.<\/p>\n<p>En Georgia, la persona que demanda debe probar que el empleador no actu\u00f3 de manera l\u00f3gica al momento de contratar al trabajador negligente, o que, de manera intencional ignor\u00f3 las se\u00f1ales sobre las cuales pod\u00eda determinar el actuar inseguro y de manera poco profesional de dicho trabajador. Adem\u00e1s, el demandante o su abogado, debe probar que el empleado negligente ten\u00eda tendencias o comportamientos peligrosos.<\/p>\n<p>Por ejemplo, \u00bfel trabajador contratado para conducir una van ten\u00eda multas por exceder los l\u00edmites de velocidad o conducci\u00f3n distra\u00edda? \u00bfHab\u00eda sido arrestado por conducir en estado de ebriedad o bajo influencia de otras sustancias no permitidas?<\/p>\n<p>Finalmente, el demandante debe probar que el empleador puso al trabajador en una posici\u00f3n de causar da\u00f1os o lesiones a otra persona en el desempe\u00f1o de sus labores.<\/p>\n<h2>El Abogado Ali, CEO Lawyer Personal Injury Law Firm<\/h2>\n<p>Navegar por la ley en casos de lesiones personales que involucran a una persona trabajando en sus labores puede ser complejo. Es vital que contactes a un abogado con experiencia en lesiones personales y accidentes para ayudarte a entender los hechos de tu caso y qu\u00e9 partes pueden ser responsables por las lesiones sufridas en un accidente automovil\u00edstico.<\/p>\n<p>El abogado Ali, es el fundador y director de \u201cCEO Lawyer Personal Injury Law Firm\u201d, tiene experiencia maximizando las ofertas de compensaci\u00f3n para sus clientes mientras se ocupa de tratar a su vez con las grandes empresas y compa\u00f1\u00edas aseguradoras. Nuestros abogados no cobrar\u00e1n nada a menos que recibas tu pago, as\u00ed que ll\u00e1manos ahora al n\u00famero telef\u00f3nico <a href=\"tel:+18883073792\"><strong>(888) 307\u20133792<\/strong><\/a> para agendar una consulta sin costo alguno.<\/p>\n","protected":false},"excerpt":{"rendered":"<p>Si est\u00e1s trabajando como empleado, o bien, desempe\u00f1ando una tarea relacionada al trabajo que ejerces cuando un accidente ocurre, tu empleador o jefe, puede ser responsable por las heridas, lesiones y\/o da\u00f1os que sufras a causa de dicho accidente, ya que los empleadores son responsables de los accidentes donde sus trabajadores resultaron heridos mientras trabajaban. [&hellip;]<\/p>\n","protected":false},"author":18,"featured_media":11796,"parent":13289,"menu_order":0,"comment_status":"closed","ping_status":"closed","template":"","meta":{"_acf_changed":false,"footnotes":""},"class_list":["post-11794","page","type-page","status-publish","has-post-thumbnail","hentry"],"acf":[],"yoast_head":"<!-- This site is optimized with the Yoast SEO plugin v27.4 - https:\/\/yoast.com\/product\/yoast-seo-wordpress\/ -->\n<title>Obligaci\u00f3n del empleador en accidentes automovil\u00edsticos | CEO Lawyer<\/title>\n<meta name=\"description\" content=\"No permita que la negligencia de su empleador le cueste. Comun\u00edquese con The CEO Lawyer Personal Injury Law Firm al 888-307-3792. Luchamos por ti.\" \/>\n<meta name=\"robots\" content=\"index, follow, max-snippet:-1, max-image-preview:large, max-video-preview:-1\" \/>\n<link rel=\"canonical\" href=\"https:\/\/ceolawyer.com\/espanol\/faq\/ley-de-georgia\/accidente-automovilistico\/obligacion-del-empleador-en-accidentes-automovilisticos\/\" \/>\n<meta property=\"og:locale\" content=\"en_US\" \/>\n<meta property=\"og:type\" content=\"article\" \/>\n<meta property=\"og:title\" content=\"Obligaci\u00f3n del empleador en accidentes automovil\u00edsticos | CEO Lawyer\" \/>\n<meta property=\"og:description\" content=\"No permita que la negligencia de su empleador le cueste. Comun\u00edquese con The CEO Lawyer Personal Injury Law Firm al 888-307-3792. Luchamos por ti.\" \/>\n<meta property=\"og:url\" content=\"https:\/\/ceolawyer.com\/espanol\/faq\/ley-de-georgia\/accidente-automovilistico\/obligacion-del-empleador-en-accidentes-automovilisticos\/\" \/>\n<meta property=\"og:site_name\" content=\"CEO Lawyer\" \/>\n<meta property=\"article:modified_time\" content=\"2026-03-18T18:27:34+00:00\" \/>\n<meta property=\"og:image\" content=\"https:\/\/ceolawyer.com\/espanol\/wp-content\/uploads\/sites\/2\/2024\/04\/Obligacion-del-empleador-en-accidentes-automovilisticos.webp\" \/>\n\t<meta property=\"og:image:width\" content=\"500\" \/>\n\t<meta property=\"og:image:height\" content=\"333\" \/>\n\t<meta property=\"og:image:type\" content=\"image\/webp\" \/>\n<meta name=\"twitter:card\" content=\"summary_large_image\" \/>\n<meta name=\"twitter:label1\" content=\"Est. reading time\" \/>\n\t<meta name=\"twitter:data1\" content=\"5 minutes\" \/>\n<script type=\"application\/ld+json\" class=\"yoast-schema-graph\">{\"@context\":\"https:\\\/\\\/schema.org\",\"@graph\":[{\"@type\":\"WebPage\",\"@id\":\"https:\\\/\\\/ceolawyer.com\\\/espanol\\\/faq\\\/ley-de-georgia\\\/accidente-automovilistico\\\/obligacion-del-empleador-en-accidentes-automovilisticos\\\/\",\"url\":\"https:\\\/\\\/ceolawyer.com\\\/espanol\\\/faq\\\/ley-de-georgia\\\/accidente-automovilistico\\\/obligacion-del-empleador-en-accidentes-automovilisticos\\\/\",\"name\":\"Obligaci\u00f3n del empleador en accidentes automovil\u00edsticos | CEO Lawyer\",\"isPartOf\":{\"@id\":\"https:\\\/\\\/ceolawyer.com\\\/espanol\\\/#website\"},\"primaryImageOfPage\":{\"@id\":\"https:\\\/\\\/ceolawyer.com\\\/espanol\\\/faq\\\/ley-de-georgia\\\/accidente-automovilistico\\\/obligacion-del-empleador-en-accidentes-automovilisticos\\\/#primaryimage\"},\"image\":{\"@id\":\"https:\\\/\\\/ceolawyer.com\\\/espanol\\\/faq\\\/ley-de-georgia\\\/accidente-automovilistico\\\/obligacion-del-empleador-en-accidentes-automovilisticos\\\/#primaryimage\"},\"thumbnailUrl\":\"https:\\\/\\\/ceolawyer.com\\\/espanol\\\/wp-content\\\/uploads\\\/sites\\\/2\\\/2024\\\/04\\\/Obligacion-del-empleador-en-accidentes-automovilisticos.webp\",\"datePublished\":\"2024-04-24T17:35:53+00:00\",\"dateModified\":\"2026-03-18T18:27:34+00:00\",\"description\":\"No permita que la negligencia de su empleador le cueste. Comun\u00edquese con The CEO Lawyer Personal Injury Law Firm al 888-307-3792. Luchamos por ti.\",\"breadcrumb\":{\"@id\":\"https:\\\/\\\/ceolawyer.com\\\/espanol\\\/faq\\\/ley-de-georgia\\\/accidente-automovilistico\\\/obligacion-del-empleador-en-accidentes-automovilisticos\\\/#breadcrumb\"},\"inLanguage\":\"en-US\",\"potentialAction\":[{\"@type\":\"ReadAction\",\"target\":[\"https:\\\/\\\/ceolawyer.com\\\/espanol\\\/faq\\\/ley-de-georgia\\\/accidente-automovilistico\\\/obligacion-del-empleador-en-accidentes-automovilisticos\\\/\"]}]},{\"@type\":\"ImageObject\",\"inLanguage\":\"en-US\",\"@id\":\"https:\\\/\\\/ceolawyer.com\\\/espanol\\\/faq\\\/ley-de-georgia\\\/accidente-automovilistico\\\/obligacion-del-empleador-en-accidentes-automovilisticos\\\/#primaryimage\",\"url\":\"https:\\\/\\\/ceolawyer.com\\\/espanol\\\/wp-content\\\/uploads\\\/sites\\\/2\\\/2024\\\/04\\\/Obligacion-del-empleador-en-accidentes-automovilisticos.webp\",\"contentUrl\":\"https:\\\/\\\/ceolawyer.com\\\/espanol\\\/wp-content\\\/uploads\\\/sites\\\/2\\\/2024\\\/04\\\/Obligacion-del-empleador-en-accidentes-automovilisticos.webp\",\"width\":500,\"height\":333,\"caption\":\"Una v\u00edctima de un accidente tomando una fotograf\u00eda de los da\u00f1os sufridos por un coche de empresa.\"},{\"@type\":\"BreadcrumbList\",\"@id\":\"https:\\\/\\\/ceolawyer.com\\\/espanol\\\/faq\\\/ley-de-georgia\\\/accidente-automovilistico\\\/obligacion-del-empleador-en-accidentes-automovilisticos\\\/#breadcrumb\",\"itemListElement\":[{\"@type\":\"ListItem\",\"position\":1,\"name\":\"Home\",\"item\":\"https:\\\/\\\/ceolawyer.com\\\/espanol\\\/\"},{\"@type\":\"ListItem\",\"position\":2,\"name\":\"FAQ\",\"item\":\"https:\\\/\\\/ceolawyer.com\\\/espanol\\\/faq\\\/\"},{\"@type\":\"ListItem\",\"position\":3,\"name\":\"Lesiones personales en Georgia FAQ\",\"item\":\"https:\\\/\\\/ceolawyer.com\\\/espanol\\\/faq\\\/ley-de-georgia\\\/\"},{\"@type\":\"ListItem\",\"position\":4,\"name\":\"Obligaci\u00f3n del empleador en accidentes automovil\u00edsticos\"}]},{\"@type\":\"WebSite\",\"@id\":\"https:\\\/\\\/ceolawyer.com\\\/espanol\\\/#website\",\"url\":\"https:\\\/\\\/ceolawyer.com\\\/espanol\\\/\",\"name\":\"CEO Lawyer\",\"description\":\"Personal Injury Attorney\",\"publisher\":{\"@id\":\"https:\\\/\\\/ceolawyer.com\\\/espanol\\\/#organization\"},\"potentialAction\":[{\"@type\":\"SearchAction\",\"target\":{\"@type\":\"EntryPoint\",\"urlTemplate\":\"https:\\\/\\\/ceolawyer.com\\\/espanol\\\/?s={search_term_string}\"},\"query-input\":{\"@type\":\"PropertyValueSpecification\",\"valueRequired\":true,\"valueName\":\"search_term_string\"}}],\"inLanguage\":\"en-US\"},{\"@type\":\"Organization\",\"@id\":\"https:\\\/\\\/ceolawyer.com\\\/espanol\\\/#organization\",\"name\":\"CEO Lawyer\",\"url\":\"https:\\\/\\\/ceolawyer.com\\\/espanol\\\/\",\"logo\":{\"@type\":\"ImageObject\",\"inLanguage\":\"en-US\",\"@id\":\"https:\\\/\\\/ceolawyer.com\\\/espanol\\\/#\\\/schema\\\/logo\\\/image\\\/\",\"url\":\"https:\\\/\\\/ceolawyer.com\\\/espanol\\\/wp-content\\\/uploads\\\/sites\\\/2\\\/2022\\\/05\\\/CEO_Logo.png\",\"contentUrl\":\"https:\\\/\\\/ceolawyer.com\\\/espanol\\\/wp-content\\\/uploads\\\/sites\\\/2\\\/2022\\\/05\\\/CEO_Logo.png\",\"width\":200,\"height\":108,\"caption\":\"CEO Lawyer\"},\"image\":{\"@id\":\"https:\\\/\\\/ceolawyer.com\\\/espanol\\\/#\\\/schema\\\/logo\\\/image\\\/\"}}]}<\/script>\n<!-- \/ Yoast SEO plugin. -->","yoast_head_json":{"title":"Obligaci\u00f3n del empleador en accidentes automovil\u00edsticos | CEO Lawyer","description":"No permita que la negligencia de su empleador le cueste. Comun\u00edquese con The CEO Lawyer Personal Injury Law Firm al 888-307-3792. Luchamos por ti.","robots":{"index":"index","follow":"follow","max-snippet":"max-snippet:-1","max-image-preview":"max-image-preview:large","max-video-preview":"max-video-preview:-1"},"canonical":"https:\/\/ceolawyer.com\/espanol\/faq\/ley-de-georgia\/accidente-automovilistico\/obligacion-del-empleador-en-accidentes-automovilisticos\/","og_locale":"en_US","og_type":"article","og_title":"Obligaci\u00f3n del empleador en accidentes automovil\u00edsticos | CEO Lawyer","og_description":"No permita que la negligencia de su empleador le cueste. Comun\u00edquese con The CEO Lawyer Personal Injury Law Firm al 888-307-3792. Luchamos por ti.","og_url":"https:\/\/ceolawyer.com\/espanol\/faq\/ley-de-georgia\/accidente-automovilistico\/obligacion-del-empleador-en-accidentes-automovilisticos\/","og_site_name":"CEO Lawyer","article_modified_time":"2026-03-18T18:27:34+00:00","og_image":[{"width":500,"height":333,"url":"https:\/\/ceolawyer.com\/espanol\/wp-content\/uploads\/sites\/2\/2024\/04\/Obligacion-del-empleador-en-accidentes-automovilisticos.webp","type":"image\/webp"}],"twitter_card":"summary_large_image","twitter_misc":{"Est. reading time":"5 minutes"},"schema":{"@context":"https:\/\/schema.org","@graph":[{"@type":"WebPage","@id":"https:\/\/ceolawyer.com\/espanol\/faq\/ley-de-georgia\/accidente-automovilistico\/obligacion-del-empleador-en-accidentes-automovilisticos\/","url":"https:\/\/ceolawyer.com\/espanol\/faq\/ley-de-georgia\/accidente-automovilistico\/obligacion-del-empleador-en-accidentes-automovilisticos\/","name":"Obligaci\u00f3n del empleador en accidentes automovil\u00edsticos | CEO Lawyer","isPartOf":{"@id":"https:\/\/ceolawyer.com\/espanol\/#website"},"primaryImageOfPage":{"@id":"https:\/\/ceolawyer.com\/espanol\/faq\/ley-de-georgia\/accidente-automovilistico\/obligacion-del-empleador-en-accidentes-automovilisticos\/#primaryimage"},"image":{"@id":"https:\/\/ceolawyer.com\/espanol\/faq\/ley-de-georgia\/accidente-automovilistico\/obligacion-del-empleador-en-accidentes-automovilisticos\/#primaryimage"},"thumbnailUrl":"https:\/\/ceolawyer.com\/espanol\/wp-content\/uploads\/sites\/2\/2024\/04\/Obligacion-del-empleador-en-accidentes-automovilisticos.webp","datePublished":"2024-04-24T17:35:53+00:00","dateModified":"2026-03-18T18:27:34+00:00","description":"No permita que la negligencia de su empleador le cueste. Comun\u00edquese con The CEO Lawyer Personal Injury Law Firm al 888-307-3792. Luchamos por ti.","breadcrumb":{"@id":"https:\/\/ceolawyer.com\/espanol\/faq\/ley-de-georgia\/accidente-automovilistico\/obligacion-del-empleador-en-accidentes-automovilisticos\/#breadcrumb"},"inLanguage":"en-US","potentialAction":[{"@type":"ReadAction","target":["https:\/\/ceolawyer.com\/espanol\/faq\/ley-de-georgia\/accidente-automovilistico\/obligacion-del-empleador-en-accidentes-automovilisticos\/"]}]},{"@type":"ImageObject","inLanguage":"en-US","@id":"https:\/\/ceolawyer.com\/espanol\/faq\/ley-de-georgia\/accidente-automovilistico\/obligacion-del-empleador-en-accidentes-automovilisticos\/#primaryimage","url":"https:\/\/ceolawyer.com\/espanol\/wp-content\/uploads\/sites\/2\/2024\/04\/Obligacion-del-empleador-en-accidentes-automovilisticos.webp","contentUrl":"https:\/\/ceolawyer.com\/espanol\/wp-content\/uploads\/sites\/2\/2024\/04\/Obligacion-del-empleador-en-accidentes-automovilisticos.webp","width":500,"height":333,"caption":"Una v\u00edctima de un accidente tomando una fotograf\u00eda de los da\u00f1os sufridos por un coche de empresa."},{"@type":"BreadcrumbList","@id":"https:\/\/ceolawyer.com\/espanol\/faq\/ley-de-georgia\/accidente-automovilistico\/obligacion-del-empleador-en-accidentes-automovilisticos\/#breadcrumb","itemListElement":[{"@type":"ListItem","position":1,"name":"Home","item":"https:\/\/ceolawyer.com\/espanol\/"},{"@type":"ListItem","position":2,"name":"FAQ","item":"https:\/\/ceolawyer.com\/espanol\/faq\/"},{"@type":"ListItem","position":3,"name":"Lesiones personales en Georgia FAQ","item":"https:\/\/ceolawyer.com\/espanol\/faq\/ley-de-georgia\/"},{"@type":"ListItem","position":4,"name":"Obligaci\u00f3n del empleador en accidentes automovil\u00edsticos"}]},{"@type":"WebSite","@id":"https:\/\/ceolawyer.com\/espanol\/#website","url":"https:\/\/ceolawyer.com\/espanol\/","name":"CEO Lawyer","description":"Personal Injury Attorney","publisher":{"@id":"https:\/\/ceolawyer.com\/espanol\/#organization"},"potentialAction":[{"@type":"SearchAction","target":{"@type":"EntryPoint","urlTemplate":"https:\/\/ceolawyer.com\/espanol\/?s={search_term_string}"},"query-input":{"@type":"PropertyValueSpecification","valueRequired":true,"valueName":"search_term_string"}}],"inLanguage":"en-US"},{"@type":"Organization","@id":"https:\/\/ceolawyer.com\/espanol\/#organization","name":"CEO Lawyer","url":"https:\/\/ceolawyer.com\/espanol\/","logo":{"@type":"ImageObject","inLanguage":"en-US","@id":"https:\/\/ceolawyer.com\/espanol\/#\/schema\/logo\/image\/","url":"https:\/\/ceolawyer.com\/espanol\/wp-content\/uploads\/sites\/2\/2022\/05\/CEO_Logo.png","contentUrl":"https:\/\/ceolawyer.com\/espanol\/wp-content\/uploads\/sites\/2\/2022\/05\/CEO_Logo.png","width":200,"height":108,"caption":"CEO Lawyer"},"image":{"@id":"https:\/\/ceolawyer.com\/espanol\/#\/schema\/logo\/image\/"}}]}},"_links":{"self":[{"href":"https:\/\/ceolawyer.com\/espanol\/wp-json\/wp\/v2\/pages\/11794","targetHints":{"allow":["GET"]}}],"collection":[{"href":"https:\/\/ceolawyer.com\/espanol\/wp-json\/wp\/v2\/pages"}],"about":[{"href":"https:\/\/ceolawyer.com\/espanol\/wp-json\/wp\/v2\/types\/page"}],"author":[{"embeddable":true,"href":"https:\/\/ceolawyer.com\/espanol\/wp-json\/wp\/v2\/users\/18"}],"replies":[{"embeddable":true,"href":"https:\/\/ceolawyer.com\/espanol\/wp-json\/wp\/v2\/comments?post=11794"}],"version-history":[{"count":0,"href":"https:\/\/ceolawyer.com\/espanol\/wp-json\/wp\/v2\/pages\/11794\/revisions"}],"up":[{"embeddable":true,"href":"https:\/\/ceolawyer.com\/espanol\/wp-json\/wp\/v2\/pages\/13289"}],"wp:featuredmedia":[{"embeddable":true,"href":"https:\/\/ceolawyer.com\/espanol\/wp-json\/wp\/v2\/media\/11796"}],"wp:attachment":[{"href":"https:\/\/ceolawyer.com\/espanol\/wp-json\/wp\/v2\/media?parent=11794"}],"curies":[{"name":"wp","href":"https:\/\/api.w.org\/{rel}","templated":true}]}}