{"id":11800,"date":"2024-04-24T17:48:21","date_gmt":"2024-04-24T17:48:21","guid":{"rendered":"https:\/\/ceolawyer.com\/espanol\/?page_id=11800"},"modified":"2026-03-18T18:08:29","modified_gmt":"2026-03-18T18:08:29","slug":"accidentes-de-transito-de-alta-velocidad-y-su-impacto-en-los-conductores-en-atlanta","status":"publish","type":"page","link":"https:\/\/ceolawyer.com\/espanol\/faq\/ley-de-georgia\/accidente-automovilistico\/accidentes-de-transito-de-alta-velocidad-y-su-impacto-en-los-conductores-en-atlanta\/","title":{"rendered":"Accidentes de tr\u00e1nsito de alta velocidad y su impacto en los conductores en Atlanta"},"content":{"rendered":"<p><img decoding=\"async\" class=\"alignright size-full wp-image-11802\" src=\"https:\/\/ceolawyer.com\/espanol\/wp-content\/uploads\/sites\/2\/2024\/04\/Accidentes-de-transito-de-alta-velocidad-y-su-impacto-en-los-conductores-en-Atlanta.webp\" alt=\"Un autom\u00f3vil azul opaco con la parte delantera da\u00f1ada despu\u00e9s de un accidente automovil\u00edstico a alta velocidad.\" width=\"500\" height=\"333\" srcset=\"https:\/\/ceolawyer.com\/espanol\/wp-content\/uploads\/sites\/2\/2024\/04\/Accidentes-de-transito-de-alta-velocidad-y-su-impacto-en-los-conductores-en-Atlanta.webp 500w, https:\/\/ceolawyer.com\/espanol\/wp-content\/uploads\/sites\/2\/2024\/04\/Accidentes-de-transito-de-alta-velocidad-y-su-impacto-en-los-conductores-en-Atlanta-300x200.webp 300w\" sizes=\"(max-width: 500px) 100vw, 500px\" \/>Violar el l\u00edmite de velocidad es ilegal en el estado de Georgia y la patrulla que vigila la autopista estatal castiga fuertemente a los infractores, aun cuando conducen a 60 mph en una zona donde el l\u00edmite es de 55 mph. Sin embargo, algunos conductores de forma reiterada exceden el l\u00edmite de velocidad por m\u00e1s de 20 o 30 mph, a pesar de que conducir a esta alta velocidad puede ser muy peligroso.<\/p>\n<p>Los l\u00edmites de velocidad no son una mera sugerencia o recordatorio de manejar de forma segura, su finalidad principal es proteger al conductor del veh\u00edculo, a los pasajeros y a los otros conductores que transitan en la v\u00eda. Cuando se conduce por encima del l\u00edmite de velocidad en zonas de alta velocidad, cualquier error puede acabar en una tragedia.<\/p>\n<p>Por lo tanto, conducir demasiado r\u00e1pido incrementa las posibilidades de terminar en un accidente.<\/p>\n<p>\u00a1Si usted ha sufrido un accidente por parte de un conductor irresponsable que conduc\u00eda a una velocidad m\u00e1s alta de lo permitido, nosotros podemos ayudarle! En CEO Lawyer Personal Injury Law Firm, nos destacamos por ser una <a href=\"https:\/\/ceolawyer.com\/atlanta-personal-injury\/\">firma experta en lesiones personales, con gran reconocimiento en Atlanta<\/a> por nuestros servicios personalizados, los cuales se destacan por obtener la mayor compensaci\u00f3n posible para nuestros clientes.<\/p>\n<p>Cont\u00e1ctenos ahora mismo para una consulta gratuita, bien sea a trav\u00e9s de nuestra p\u00e1gina web o llam\u00e1ndonos al <a href=\"tel:+18883073792\"><strong>(888) 307-3792<\/strong><\/a>.<\/p>\n<h2>Conducir por encima del l\u00edmite de velocidad es un comportamiento negligente<\/h2>\n<p>En la v\u00eda, todos los conductores tienen el deber de cuidarse unos a otros. En otras palabras, todos deber\u00edan de tomar precauciones m\u00ednimas para evitar causar da\u00f1o a los otros actores viales. Una de las formas m\u00e1s comunes en las que los conductores infringen este deber es por exceso de velocidad, bien sea cuando conducen muy r\u00e1pido en medio de condiciones clim\u00e1ticas riesgosas o cuando exceden los l\u00edmites de velocidad reglamentaria.<\/p>\n<p>Desafortunadamente estos comportamientos se han generalizado, ocasionando una gran cantidad de accidentes evitables que derivan en diversas lesiones a otros conductores.<\/p>\n<p>A lo largo del tiempo, se han documentado las consecuencias de conducir por encima del l\u00edmite permitido. Es sabido que entre m\u00e1s r\u00e1pido se conduce, menor es el tiempo de respuesta para reaccionar ante las distintas adversidades que pueden presentarse en la v\u00eda, por ejemplo, cuando el coche de adelante frena abruptamente.<\/p>\n<p>Tambi\u00e9n ocurre que los veh\u00edculos son m\u00e1s dif\u00edciles de controlar cuando se frenan a altas velocidades, reduciendo la capacidad de los conductores para girar en las curvas, incrementando la distancia requerida para que el veh\u00edculo se detenga en situaciones de emergencia.<\/p>\n<p>Por lo tanto, cuando un conductor conduce a altas velocidades, no tiene el tiempo ni el espacio suficiente para evitar un accidente. A\u00fan los choques leves pueden generar lesiones devastadoras y gran da\u00f1o a los veh\u00edculos debido a la alta velocidad del accidente.<\/p>\n<p>Por estas y muchas otras razones es necesario que todos los conductores respeten los l\u00edmites de velocidad y manejen de forma prudente.<\/p>\n<h2>El exceso de velocidad y su impacto en los conductores<\/h2>\n<p>Ir por encima del l\u00edmite de velocidad permitido puede ser perjudicial para los conductores y sus pasajeros. Esta, es una de las principales causas de los accidentes de tr\u00e1nsito y las lesiones que de estos se derivan, ya que cuando un conductor conduce por encima del l\u00edmite permitido, su habilidad de controlar el veh\u00edculo se ve afectada.<\/p>\n<p>Se debe considerar que el conducir un veh\u00edculo es una actividad peligrosa y al conducir a altas velocidades, el potencial de causar da\u00f1o con el mismo se incrementa. El hecho de conducir no solo involucra un derecho sino tambi\u00e9n una responsabilidad, los conductores siempre deben estar atentos a lo que ocurre alrededor del veh\u00edculo y estar preparados para reaccionar apropiadamente y de la forma m\u00e1s segura posible en cualquier situaci\u00f3n que se presente.<\/p>\n<p>Las compa\u00f1\u00edas aseguradoras tienen en consideraci\u00f3n factores como la edad o el g\u00e9nero de una persona para determinar el valor a cobrar por concepto de prima, debido a que pueden servir como par\u00e1metro para analizar el comportamiento de un conductor y su \u00edndice de accidentalidad. Otro aspecto que tienen en cuenta las aseguradoras es si el conductor ha sido multado previamente por exceso de velocidad, ya que esto es un indicio de que el mismo ha sido descuidado al momento de tomar decisiones al volante.<\/p>\n<p>Las multas por exceso de velocidad, al encontrarse en el registro p\u00fablico, tambi\u00e9n podr\u00edan ser tenidas en cuenta por parte de un empleador al momento de analizar la informaci\u00f3n de un candidato durante el proceso de selecci\u00f3n.\u00a0 De igual manera, el hecho de que un conductor sea multado por una infracci\u00f3n a las normas de tr\u00e1nsito por exceso de velocidad puede ocasionarle dificultades econ\u00f3micas, pues esto ocasionar\u00eda que el costo de las p\u00f3lizas anuales de seguro aumenten, dependiendo de la severidad de la infracci\u00f3n.<\/p>\n<p>Estas consecuencias deber\u00edan ser tenidas en cuenta por todos los conductores al considerar exceder los l\u00edmites de velocidad mientras conducen.<\/p>\n<h2>Consecuencias de violar los l\u00edmites de velocidad<\/h2>\n<p>Las consecuencias de violar los l\u00edmites de velocidad son serias y tr\u00e1gicas, exceder los l\u00edmites de velocidad es una de las principales causas de los accidentes de tr\u00e1nsito, considerando los siguientes puntos:<\/p>\n<ul>\n<li>Las bolsas de aire (airbags) son expulsados con fuerza excesiva, pudiendo ocasionar heridas en el pecho y en los hombros, o hasta el punto de poder asfixiar a una persona.<\/li>\n<li>Durante el impacto, los asientos pueden llegar a colapsar causando un efecto rebote o latigazo generando lesiones lumbares o en el cuello.<\/li>\n<li>El chasis del autom\u00f3vil puede llegar a doblarse o a girar de tal forma que el metal del veh\u00edculo o las esquirlas de los vidrios rotos pueden ocasionar da\u00f1os en las articulaciones o fracturas en los huesos, as\u00ed como otros da\u00f1os en estructuras \u00f3seas importantes como el cr\u00e1neo o en las extremidades.<\/li>\n<li>De igual forma, es posible que se presenten otras lesiones como quemaduras, moretones o hinchaz\u00f3n en los tejidos blandos de forma externa o interna, pudiendo generar sangrado interno, lesiones que pueden llegar a no sanar totalmente, a\u00fan con el paso del tiempo.<\/li>\n<li>De otra parte, tambi\u00e9n pueden presentarse lesiones cerebrales que afecten la memoria, la capacidad motriz y las habilidades cognitivas de la persona.<\/li>\n<li>Por \u00faltimo, pero no menos importante, se pueden generar lesiones en la columna que pueden conllevar a par\u00e1lisis.<\/li>\n<\/ul>\n<p>Lo anterior demuestra que, si un conductor se encuentra violando los l\u00edmites de velocidad chocando con otro veh\u00edculo o un objeto en la v\u00eda, las consecuencias pueden ser severas considerando la inercia del veh\u00edculo en movimiento y la energ\u00eda ocasionada por el impacto.<\/p>\n<h2>Programe una consulta con el equipo legal del Abogado Ali<\/h2>\n<p>Ser atropellado por un conductor que infringe las normas de tr\u00e1nsito por exceso de velocidad es una experiencia devastadora y en algunos casos puede alterar dr\u00e1sticamente la vida de las personas. Es probable que al sufrir un accidente de tr\u00e1nsito por exceso de velocidad se generen lesiones graves como fracturas, lesiones de columna, de cr\u00e1neo, amputaciones y\/o quemaduras severas. Inclusive, en el peor de los casos, puede ocasionar la muerte.<\/p>\n<p>Pese a lo anterior, las v\u00edctimas que sufren este tipo de accidentes generalmente tienen el derecho de buscar una compensaci\u00f3n a trav\u00e9s de la justicia civil e incluso buscar el resarcimiento de da\u00f1os punitivos por parte del conductor culpable.<\/p>\n<p>Nuestro equipo legal cuenta con amplia experiencia en lesiones personales por accidentes de tr\u00e1nsito y est\u00e1 debidamente entrenado para buscar la indemnizaci\u00f3n de los perjuicios ocasionados por un conductor negligente que se encontraba manejando a una velocidad m\u00e1s alta de la permitida. Hemos ayudado a nuestros clientes a velar por sus intereses durante d\u00e9cadas, teniendo en cuenta su estabilidad financiera mientras intentan retomar su vida despu\u00e9s del accidente.<\/p>\n<p>Si un conductor que manejaba a exceso de velocidad le ha causado lesiones personales, p\u00f3ngase en contacto con CEO Lawyer Personal Injury Law Firm, nuestro equipo de expertos, le atender\u00e1 sin ning\u00fan compromiso al tel\u00e9fono <a href=\"tel:+18883073792\"><strong>(888) 307-3792<\/strong><\/a> o cont\u00e1ctenos v\u00eda <a href=\"https:\/\/ceolawyer.com\/contact-us\/\">online<\/a> para una consulta gratuita y evaluar su caso. No tiene nada que perder al hablar con uno de nuestros abogados expertos en lesiones personales.<\/p>\n","protected":false},"excerpt":{"rendered":"<p>Violar el l\u00edmite de velocidad es ilegal en el estado de Georgia y la patrulla que vigila la autopista estatal castiga fuertemente a los infractores, aun cuando conducen a 60 mph en una zona donde el l\u00edmite es de 55 mph. Sin embargo, algunos conductores de forma reiterada exceden el l\u00edmite de velocidad por m\u00e1s [&hellip;]<\/p>\n","protected":false},"author":18,"featured_media":11802,"parent":13289,"menu_order":0,"comment_status":"closed","ping_status":"closed","template":"","meta":{"_acf_changed":false,"footnotes":""},"class_list":["post-11800","page","type-page","status-publish","has-post-thumbnail","hentry"],"acf":[],"yoast_head":"<!-- This site is optimized with the Yoast SEO plugin v27.4 - https:\/\/yoast.com\/product\/yoast-seo-wordpress\/ -->\n<title>Impacto de Accidentes de Alta Velocidad en Atlanta | CEO Lawyer<\/title>\n<meta name=\"description\" content=\"Los accidentes a alta velocidad en Atlanta est\u00e1n causando lesiones devastadoras. The CEO Lawyer Personal Injury Law Firm puede ayudar. Llame al 888-307-3792.\" \/>\n<meta name=\"robots\" content=\"index, follow, max-snippet:-1, max-image-preview:large, max-video-preview:-1\" \/>\n<link rel=\"canonical\" href=\"https:\/\/ceolawyer.com\/espanol\/faq\/ley-de-georgia\/accidente-automovilistico\/accidentes-de-transito-de-alta-velocidad-y-su-impacto-en-los-conductores-en-atlanta\/\" \/>\n<meta property=\"og:locale\" content=\"en_US\" \/>\n<meta property=\"og:type\" content=\"article\" \/>\n<meta property=\"og:title\" content=\"Impacto de Accidentes de Alta Velocidad en Atlanta | CEO Lawyer\" \/>\n<meta property=\"og:description\" content=\"Los accidentes a alta velocidad en Atlanta est\u00e1n causando lesiones devastadoras. The CEO Lawyer Personal Injury Law Firm puede ayudar. Llame al 888-307-3792.\" \/>\n<meta property=\"og:url\" content=\"https:\/\/ceolawyer.com\/espanol\/faq\/ley-de-georgia\/accidente-automovilistico\/accidentes-de-transito-de-alta-velocidad-y-su-impacto-en-los-conductores-en-atlanta\/\" \/>\n<meta property=\"og:site_name\" content=\"CEO Lawyer\" \/>\n<meta property=\"article:modified_time\" content=\"2026-03-18T18:08:29+00:00\" \/>\n<meta property=\"og:image\" content=\"https:\/\/ceolawyer.com\/espanol\/wp-content\/uploads\/sites\/2\/2024\/04\/Accidentes-de-transito-de-alta-velocidad-y-su-impacto-en-los-conductores-en-Atlanta.webp\" \/>\n\t<meta property=\"og:image:width\" content=\"500\" \/>\n\t<meta property=\"og:image:height\" content=\"333\" \/>\n\t<meta property=\"og:image:type\" content=\"image\/webp\" \/>\n<meta name=\"twitter:card\" content=\"summary_large_image\" \/>\n<meta name=\"twitter:label1\" content=\"Est. reading time\" \/>\n\t<meta name=\"twitter:data1\" content=\"7 minutes\" \/>\n<script type=\"application\/ld+json\" class=\"yoast-schema-graph\">{\"@context\":\"https:\\\/\\\/schema.org\",\"@graph\":[{\"@type\":\"WebPage\",\"@id\":\"https:\\\/\\\/ceolawyer.com\\\/espanol\\\/faq\\\/ley-de-georgia\\\/accidente-automovilistico\\\/accidentes-de-transito-de-alta-velocidad-y-su-impacto-en-los-conductores-en-atlanta\\\/\",\"url\":\"https:\\\/\\\/ceolawyer.com\\\/espanol\\\/faq\\\/ley-de-georgia\\\/accidente-automovilistico\\\/accidentes-de-transito-de-alta-velocidad-y-su-impacto-en-los-conductores-en-atlanta\\\/\",\"name\":\"Impacto de Accidentes de Alta Velocidad en Atlanta | CEO Lawyer\",\"isPartOf\":{\"@id\":\"https:\\\/\\\/ceolawyer.com\\\/espanol\\\/#website\"},\"primaryImageOfPage\":{\"@id\":\"https:\\\/\\\/ceolawyer.com\\\/espanol\\\/faq\\\/ley-de-georgia\\\/accidente-automovilistico\\\/accidentes-de-transito-de-alta-velocidad-y-su-impacto-en-los-conductores-en-atlanta\\\/#primaryimage\"},\"image\":{\"@id\":\"https:\\\/\\\/ceolawyer.com\\\/espanol\\\/faq\\\/ley-de-georgia\\\/accidente-automovilistico\\\/accidentes-de-transito-de-alta-velocidad-y-su-impacto-en-los-conductores-en-atlanta\\\/#primaryimage\"},\"thumbnailUrl\":\"https:\\\/\\\/ceolawyer.com\\\/espanol\\\/wp-content\\\/uploads\\\/sites\\\/2\\\/2024\\\/04\\\/Accidentes-de-transito-de-alta-velocidad-y-su-impacto-en-los-conductores-en-Atlanta.webp\",\"datePublished\":\"2024-04-24T17:48:21+00:00\",\"dateModified\":\"2026-03-18T18:08:29+00:00\",\"description\":\"Los accidentes a alta velocidad en Atlanta est\u00e1n causando lesiones devastadoras. The CEO Lawyer Personal Injury Law Firm puede ayudar. Llame al 888-307-3792.\",\"breadcrumb\":{\"@id\":\"https:\\\/\\\/ceolawyer.com\\\/espanol\\\/faq\\\/ley-de-georgia\\\/accidente-automovilistico\\\/accidentes-de-transito-de-alta-velocidad-y-su-impacto-en-los-conductores-en-atlanta\\\/#breadcrumb\"},\"inLanguage\":\"en-US\",\"potentialAction\":[{\"@type\":\"ReadAction\",\"target\":[\"https:\\\/\\\/ceolawyer.com\\\/espanol\\\/faq\\\/ley-de-georgia\\\/accidente-automovilistico\\\/accidentes-de-transito-de-alta-velocidad-y-su-impacto-en-los-conductores-en-atlanta\\\/\"]}]},{\"@type\":\"ImageObject\",\"inLanguage\":\"en-US\",\"@id\":\"https:\\\/\\\/ceolawyer.com\\\/espanol\\\/faq\\\/ley-de-georgia\\\/accidente-automovilistico\\\/accidentes-de-transito-de-alta-velocidad-y-su-impacto-en-los-conductores-en-atlanta\\\/#primaryimage\",\"url\":\"https:\\\/\\\/ceolawyer.com\\\/espanol\\\/wp-content\\\/uploads\\\/sites\\\/2\\\/2024\\\/04\\\/Accidentes-de-transito-de-alta-velocidad-y-su-impacto-en-los-conductores-en-Atlanta.webp\",\"contentUrl\":\"https:\\\/\\\/ceolawyer.com\\\/espanol\\\/wp-content\\\/uploads\\\/sites\\\/2\\\/2024\\\/04\\\/Accidentes-de-transito-de-alta-velocidad-y-su-impacto-en-los-conductores-en-Atlanta.webp\",\"width\":500,\"height\":333,\"caption\":\"Un autom\u00f3vil azul opaco con la parte delantera da\u00f1ada despu\u00e9s de un accidente automovil\u00edstico a alta velocidad.\"},{\"@type\":\"BreadcrumbList\",\"@id\":\"https:\\\/\\\/ceolawyer.com\\\/espanol\\\/faq\\\/ley-de-georgia\\\/accidente-automovilistico\\\/accidentes-de-transito-de-alta-velocidad-y-su-impacto-en-los-conductores-en-atlanta\\\/#breadcrumb\",\"itemListElement\":[{\"@type\":\"ListItem\",\"position\":1,\"name\":\"Home\",\"item\":\"https:\\\/\\\/ceolawyer.com\\\/espanol\\\/\"},{\"@type\":\"ListItem\",\"position\":2,\"name\":\"FAQ\",\"item\":\"https:\\\/\\\/ceolawyer.com\\\/espanol\\\/faq\\\/\"},{\"@type\":\"ListItem\",\"position\":3,\"name\":\"Lesiones personales en Georgia FAQ\",\"item\":\"https:\\\/\\\/ceolawyer.com\\\/espanol\\\/faq\\\/ley-de-georgia\\\/\"},{\"@type\":\"ListItem\",\"position\":4,\"name\":\"Accidentes de tr\u00e1nsito de alta velocidad y su impacto en los conductores en Atlanta\"}]},{\"@type\":\"WebSite\",\"@id\":\"https:\\\/\\\/ceolawyer.com\\\/espanol\\\/#website\",\"url\":\"https:\\\/\\\/ceolawyer.com\\\/espanol\\\/\",\"name\":\"CEO Lawyer\",\"description\":\"Personal Injury Attorney\",\"publisher\":{\"@id\":\"https:\\\/\\\/ceolawyer.com\\\/espanol\\\/#organization\"},\"potentialAction\":[{\"@type\":\"SearchAction\",\"target\":{\"@type\":\"EntryPoint\",\"urlTemplate\":\"https:\\\/\\\/ceolawyer.com\\\/espanol\\\/?s={search_term_string}\"},\"query-input\":{\"@type\":\"PropertyValueSpecification\",\"valueRequired\":true,\"valueName\":\"search_term_string\"}}],\"inLanguage\":\"en-US\"},{\"@type\":\"Organization\",\"@id\":\"https:\\\/\\\/ceolawyer.com\\\/espanol\\\/#organization\",\"name\":\"CEO Lawyer\",\"url\":\"https:\\\/\\\/ceolawyer.com\\\/espanol\\\/\",\"logo\":{\"@type\":\"ImageObject\",\"inLanguage\":\"en-US\",\"@id\":\"https:\\\/\\\/ceolawyer.com\\\/espanol\\\/#\\\/schema\\\/logo\\\/image\\\/\",\"url\":\"https:\\\/\\\/ceolawyer.com\\\/espanol\\\/wp-content\\\/uploads\\\/sites\\\/2\\\/2022\\\/05\\\/CEO_Logo.png\",\"contentUrl\":\"https:\\\/\\\/ceolawyer.com\\\/espanol\\\/wp-content\\\/uploads\\\/sites\\\/2\\\/2022\\\/05\\\/CEO_Logo.png\",\"width\":200,\"height\":108,\"caption\":\"CEO Lawyer\"},\"image\":{\"@id\":\"https:\\\/\\\/ceolawyer.com\\\/espanol\\\/#\\\/schema\\\/logo\\\/image\\\/\"}}]}<\/script>\n<!-- \/ Yoast SEO plugin. -->","yoast_head_json":{"title":"Impacto de Accidentes de Alta Velocidad en Atlanta | CEO Lawyer","description":"Los accidentes a alta velocidad en Atlanta est\u00e1n causando lesiones devastadoras. The CEO Lawyer Personal Injury Law Firm puede ayudar. Llame al 888-307-3792.","robots":{"index":"index","follow":"follow","max-snippet":"max-snippet:-1","max-image-preview":"max-image-preview:large","max-video-preview":"max-video-preview:-1"},"canonical":"https:\/\/ceolawyer.com\/espanol\/faq\/ley-de-georgia\/accidente-automovilistico\/accidentes-de-transito-de-alta-velocidad-y-su-impacto-en-los-conductores-en-atlanta\/","og_locale":"en_US","og_type":"article","og_title":"Impacto de Accidentes de Alta Velocidad en Atlanta | CEO Lawyer","og_description":"Los accidentes a alta velocidad en Atlanta est\u00e1n causando lesiones devastadoras. The CEO Lawyer Personal Injury Law Firm puede ayudar. Llame al 888-307-3792.","og_url":"https:\/\/ceolawyer.com\/espanol\/faq\/ley-de-georgia\/accidente-automovilistico\/accidentes-de-transito-de-alta-velocidad-y-su-impacto-en-los-conductores-en-atlanta\/","og_site_name":"CEO Lawyer","article_modified_time":"2026-03-18T18:08:29+00:00","og_image":[{"width":500,"height":333,"url":"https:\/\/ceolawyer.com\/espanol\/wp-content\/uploads\/sites\/2\/2024\/04\/Accidentes-de-transito-de-alta-velocidad-y-su-impacto-en-los-conductores-en-Atlanta.webp","type":"image\/webp"}],"twitter_card":"summary_large_image","twitter_misc":{"Est. reading time":"7 minutes"},"schema":{"@context":"https:\/\/schema.org","@graph":[{"@type":"WebPage","@id":"https:\/\/ceolawyer.com\/espanol\/faq\/ley-de-georgia\/accidente-automovilistico\/accidentes-de-transito-de-alta-velocidad-y-su-impacto-en-los-conductores-en-atlanta\/","url":"https:\/\/ceolawyer.com\/espanol\/faq\/ley-de-georgia\/accidente-automovilistico\/accidentes-de-transito-de-alta-velocidad-y-su-impacto-en-los-conductores-en-atlanta\/","name":"Impacto de Accidentes de Alta Velocidad en Atlanta | CEO Lawyer","isPartOf":{"@id":"https:\/\/ceolawyer.com\/espanol\/#website"},"primaryImageOfPage":{"@id":"https:\/\/ceolawyer.com\/espanol\/faq\/ley-de-georgia\/accidente-automovilistico\/accidentes-de-transito-de-alta-velocidad-y-su-impacto-en-los-conductores-en-atlanta\/#primaryimage"},"image":{"@id":"https:\/\/ceolawyer.com\/espanol\/faq\/ley-de-georgia\/accidente-automovilistico\/accidentes-de-transito-de-alta-velocidad-y-su-impacto-en-los-conductores-en-atlanta\/#primaryimage"},"thumbnailUrl":"https:\/\/ceolawyer.com\/espanol\/wp-content\/uploads\/sites\/2\/2024\/04\/Accidentes-de-transito-de-alta-velocidad-y-su-impacto-en-los-conductores-en-Atlanta.webp","datePublished":"2024-04-24T17:48:21+00:00","dateModified":"2026-03-18T18:08:29+00:00","description":"Los accidentes a alta velocidad en Atlanta est\u00e1n causando lesiones devastadoras. The CEO Lawyer Personal Injury Law Firm puede ayudar. Llame al 888-307-3792.","breadcrumb":{"@id":"https:\/\/ceolawyer.com\/espanol\/faq\/ley-de-georgia\/accidente-automovilistico\/accidentes-de-transito-de-alta-velocidad-y-su-impacto-en-los-conductores-en-atlanta\/#breadcrumb"},"inLanguage":"en-US","potentialAction":[{"@type":"ReadAction","target":["https:\/\/ceolawyer.com\/espanol\/faq\/ley-de-georgia\/accidente-automovilistico\/accidentes-de-transito-de-alta-velocidad-y-su-impacto-en-los-conductores-en-atlanta\/"]}]},{"@type":"ImageObject","inLanguage":"en-US","@id":"https:\/\/ceolawyer.com\/espanol\/faq\/ley-de-georgia\/accidente-automovilistico\/accidentes-de-transito-de-alta-velocidad-y-su-impacto-en-los-conductores-en-atlanta\/#primaryimage","url":"https:\/\/ceolawyer.com\/espanol\/wp-content\/uploads\/sites\/2\/2024\/04\/Accidentes-de-transito-de-alta-velocidad-y-su-impacto-en-los-conductores-en-Atlanta.webp","contentUrl":"https:\/\/ceolawyer.com\/espanol\/wp-content\/uploads\/sites\/2\/2024\/04\/Accidentes-de-transito-de-alta-velocidad-y-su-impacto-en-los-conductores-en-Atlanta.webp","width":500,"height":333,"caption":"Un autom\u00f3vil azul opaco con la parte delantera da\u00f1ada despu\u00e9s de un accidente automovil\u00edstico a alta velocidad."},{"@type":"BreadcrumbList","@id":"https:\/\/ceolawyer.com\/espanol\/faq\/ley-de-georgia\/accidente-automovilistico\/accidentes-de-transito-de-alta-velocidad-y-su-impacto-en-los-conductores-en-atlanta\/#breadcrumb","itemListElement":[{"@type":"ListItem","position":1,"name":"Home","item":"https:\/\/ceolawyer.com\/espanol\/"},{"@type":"ListItem","position":2,"name":"FAQ","item":"https:\/\/ceolawyer.com\/espanol\/faq\/"},{"@type":"ListItem","position":3,"name":"Lesiones personales en Georgia FAQ","item":"https:\/\/ceolawyer.com\/espanol\/faq\/ley-de-georgia\/"},{"@type":"ListItem","position":4,"name":"Accidentes de tr\u00e1nsito de alta velocidad y su impacto en los conductores en Atlanta"}]},{"@type":"WebSite","@id":"https:\/\/ceolawyer.com\/espanol\/#website","url":"https:\/\/ceolawyer.com\/espanol\/","name":"CEO Lawyer","description":"Personal Injury Attorney","publisher":{"@id":"https:\/\/ceolawyer.com\/espanol\/#organization"},"potentialAction":[{"@type":"SearchAction","target":{"@type":"EntryPoint","urlTemplate":"https:\/\/ceolawyer.com\/espanol\/?s={search_term_string}"},"query-input":{"@type":"PropertyValueSpecification","valueRequired":true,"valueName":"search_term_string"}}],"inLanguage":"en-US"},{"@type":"Organization","@id":"https:\/\/ceolawyer.com\/espanol\/#organization","name":"CEO Lawyer","url":"https:\/\/ceolawyer.com\/espanol\/","logo":{"@type":"ImageObject","inLanguage":"en-US","@id":"https:\/\/ceolawyer.com\/espanol\/#\/schema\/logo\/image\/","url":"https:\/\/ceolawyer.com\/espanol\/wp-content\/uploads\/sites\/2\/2022\/05\/CEO_Logo.png","contentUrl":"https:\/\/ceolawyer.com\/espanol\/wp-content\/uploads\/sites\/2\/2022\/05\/CEO_Logo.png","width":200,"height":108,"caption":"CEO Lawyer"},"image":{"@id":"https:\/\/ceolawyer.com\/espanol\/#\/schema\/logo\/image\/"}}]}},"_links":{"self":[{"href":"https:\/\/ceolawyer.com\/espanol\/wp-json\/wp\/v2\/pages\/11800","targetHints":{"allow":["GET"]}}],"collection":[{"href":"https:\/\/ceolawyer.com\/espanol\/wp-json\/wp\/v2\/pages"}],"about":[{"href":"https:\/\/ceolawyer.com\/espanol\/wp-json\/wp\/v2\/types\/page"}],"author":[{"embeddable":true,"href":"https:\/\/ceolawyer.com\/espanol\/wp-json\/wp\/v2\/users\/18"}],"replies":[{"embeddable":true,"href":"https:\/\/ceolawyer.com\/espanol\/wp-json\/wp\/v2\/comments?post=11800"}],"version-history":[{"count":0,"href":"https:\/\/ceolawyer.com\/espanol\/wp-json\/wp\/v2\/pages\/11800\/revisions"}],"up":[{"embeddable":true,"href":"https:\/\/ceolawyer.com\/espanol\/wp-json\/wp\/v2\/pages\/13289"}],"wp:featuredmedia":[{"embeddable":true,"href":"https:\/\/ceolawyer.com\/espanol\/wp-json\/wp\/v2\/media\/11802"}],"wp:attachment":[{"href":"https:\/\/ceolawyer.com\/espanol\/wp-json\/wp\/v2\/media?parent=11800"}],"curies":[{"name":"wp","href":"https:\/\/api.w.org\/{rel}","templated":true}]}}