{"id":11803,"date":"2024-04-24T17:53:34","date_gmt":"2024-04-24T17:53:34","guid":{"rendered":"https:\/\/ceolawyer.com\/espanol\/?page_id=11803"},"modified":"2026-03-18T18:18:26","modified_gmt":"2026-03-18T18:18:26","slug":"como-se-pagan-los-gastos-medicos-despues-de-un-accidente-automovilistico","status":"publish","type":"page","link":"https:\/\/ceolawyer.com\/espanol\/faq\/ley-de-georgia\/accidente-automovilistico\/como-se-pagan-los-gastos-medicos-despues-de-un-accidente-automovilistico\/","title":{"rendered":"\u00bfC\u00f3mo se pagan los gastos m\u00e9dicos despu\u00e9s de un accidente automovil\u00edstico?"},"content":{"rendered":"<p><img decoding=\"async\" class=\"alignright size-full wp-image-11805\" src=\"https:\/\/ceolawyer.com\/espanol\/wp-content\/uploads\/sites\/2\/2024\/04\/Como-se-pagan-los-gastos-medicos-despues-de-un-accidente-automovilistico.webp\" alt=\"Un primer plano de un autom\u00f3vil morado despu\u00e9s de una colisi\u00f3n en la carretera.\" width=\"500\" height=\"333\" srcset=\"https:\/\/ceolawyer.com\/espanol\/wp-content\/uploads\/sites\/2\/2024\/04\/Como-se-pagan-los-gastos-medicos-despues-de-un-accidente-automovilistico.webp 500w, https:\/\/ceolawyer.com\/espanol\/wp-content\/uploads\/sites\/2\/2024\/04\/Como-se-pagan-los-gastos-medicos-despues-de-un-accidente-automovilistico-300x200.webp 300w\" sizes=\"(max-width: 500px) 100vw, 500px\" \/>Si otro conductor ha sido encontrado responsable en un accidente en el que usted ha presentado da\u00f1os f\u00edsicos, usted puede estar tranquilo sabiendo que ellos tienen la responsabilidad de cubrir todo lo relacionado a los gastos m\u00e9dicos. Sin embargo, determinar que un conductor tiene la responsabilidad sobre un accidente y recibir compensaci\u00f3n por los da\u00f1os relacionados a dicho accidente puede tomar semanas, meses, incluso a\u00f1os dependiendo de qu\u00e9 tan complejo sea el caso, independientemente de si otras partes estuvieron involucradas, incluso si la responsabilidad este siendo debatida y la prolongaci\u00f3n de los da\u00f1os sigan presentes.<\/p>\n<p>Usualmente en el seguimiento del accidente, la v\u00edctima debe inicialmente hacerse cargo del pago de los gastos m\u00e9dicos, incluso si el otro conductor tiene la responsabilidad sobre la colisi\u00f3n. Pese a ello, la v\u00edctima podr\u00e1 presentar una reclamaci\u00f3n en contra del responsable o de su compa\u00f1\u00eda de seguros para recuperar el pago por sus da\u00f1os.<\/p>\n<p>Si usted o sus seres queridos han resultado heridos <a href=\"https:\/\/ceolawyer.com\/personal-injury\/car-accident-lawyer\/\">por la negligencia de otro conductor<\/a>, un abogado especializado en lesiones personales lo puede ayudar a entender c\u00f3mo puede recibir compensaciones por sus da\u00f1os y asistirlo en el proceso legal para que as\u00ed usted pueda enfocar su tiempo y energ\u00eda en su recuperaci\u00f3n.<\/p>\n<p>\u00bfHa estado usted involucrado en alg\u00fan accidente automovil\u00edstico? Contacte al abogado Ali y a su equipo de abogados especializados en lesiones personales de CEO Lawyer Personal Injury Law Firm, a trav\u00e9s del n\u00famero <a href=\"tel:+18883073792\"><strong>(888) 307-3792<\/strong><\/a> o <a href=\"https:\/\/ceolawyer.com\/contact-us\/\">en l\u00ednea<\/a> para recibir su evaluaci\u00f3n del caso gratis y de manera confidencial.<\/p>\n<p>El abogado Ali es el fundador de CEO Lawyer Personal Injury Law Firm, que r\u00e1pidamente se convirti\u00f3 en una de las firmas con mayor crecimiento exponencial del pa\u00eds. Si nosotros tomamos su caso usted no deber\u00e1 pagar hasta que este sea ganado.<\/p>\n<h2>Factura m\u00e9dica promedio despu\u00e9s de un accidente automovil\u00edstico<\/h2>\n<p>De acuerdo con el centro para el control y prevenci\u00f3n de enfermedades, el promedio de la factura m\u00e9dica despu\u00e9s de un accidente automovil\u00edstico es aproximadamente de $3,300 por la visita a la sala de emergencia y $57,000 por hospitalizaciones a largo plazo durante la vida del paciente. Tristemente, los gastos m\u00e9dicos que le siguen a un accidente automovil\u00edstico pueden ser extremadamente costosos.<\/p>\n<p>Alrededor de unos 2.5 millones de ciudadanos estadounidenses se registrar\u00e1n en la sala de emergencia para la revisi\u00f3n de sus da\u00f1os f\u00edsicos anualmente, y casi 200,000 pacientes requerir\u00e1n ser admitidos al hospital para cuidado a largo plazo. Por suerte nuestros abogados especializados en lesiones personales lo pueden asistir en el proceso legal que viene con un accidente automovil\u00edstico para asegurarle que usted reciba la compensaci\u00f3n que merece.<\/p>\n<h2>\u00bfQui\u00e9n paga por los gastos m\u00e9dicos en un accidente automovil\u00edstico?<\/h2>\n<p>Si bien es cierto el conductor culpable o su compa\u00f1\u00eda de seguros ser\u00e1n responsables por los da\u00f1os ocasionados despu\u00e9s de un accidente, lograr recibir compensaci\u00f3n por parte de ellos es un proceso largo y desgastante. Las compa\u00f1\u00edas de seguro podr\u00edan negar la responsabilidad u ofrecer acuerdos inadecuados y bajos que no cubrir\u00e1n los gastos m\u00e9dicos proyectados asociados con la lesi\u00f3n.<\/p>\n<p>Un abogado especializado en lesiones personales puede pelear y asegurarse que se cumplan las compensaciones adecuadas a su caso, pero las negociaciones y las demandas pueden tomar un tiempo. Mientras tanto la v\u00edctima de un accidente deber\u00e1 hacerse cargo de sus gastos m\u00e9dicos sacando de su bolsillo a trav\u00e9s de su plan m\u00e9dico o el <a href=\"https:\/\/www.nerdwallet.com\/insurance\/auto\/learn\/medical-payments\">seguro de carro Med-Pay<\/a>.<\/p>\n<p>Un acuerdo que venga de la demanda en un accidente automovil\u00edstico puede compensarlo despu\u00e9s por los gastos m\u00e9dicos que haya tenido. Adicionalmente la compa\u00f1\u00eda de seguros del responsable solo pagar\u00e1 por los da\u00f1os hasta lo que est\u00e9 estipulado en la cobertura si se determina que tiene la culpa.<\/p>\n<h3>Seguro m\u00e9dico<\/h3>\n<p>Despu\u00e9s de sufrir lesiones en un accidente automovil\u00edstico en la mayor\u00eda de las circunstancias, su seguro m\u00e9dico ser\u00e1 facturado primero. Su seguro m\u00e9dico esperar\u00e1 ser reembolsado por los gastos m\u00e9dicos pagados a trav\u00e9s de cualquier acuerdo que reciba por parte de la compa\u00f1\u00eda de seguros del responsable por el accidente.<\/p>\n<p>Usted ser\u00e1 responsable de pagar desde su bolsillo cualquier copago o deducible al momento de ser atendido. Debe asegurarse de tener registros de todos los gastos relacionados al accidente, incluyendo las prescripciones\/recetas m\u00e9dicas.<\/p>\n<p>En todos los casos, su seguro m\u00e9dico ser\u00e1 facturado primero.<\/p>\n<h3>De su bolsillo<\/h3>\n<p>Si usted no tiene seguro m\u00e9dico deber\u00e1 hacerse cargo de los costos desde su bolsillo. Sin embargo, si el otro conductor es el responsable usted tendr\u00e1 un reembolso a trav\u00e9s de la compa\u00f1\u00eda de seguros del carro por cada gasto relacionado al accidente (hasta los l\u00edmites de la p\u00f3liza) as\u00ed que mantenga un seguimiento de cada factura m\u00e9dica y todo lo que usted pague de su bolsillo y de esta manera sabr\u00e1 exactamente cu\u00e1nto le deber\u00eda pagar la compa\u00f1\u00eda de seguros.<\/p>\n<h3>Cobertura de protecci\u00f3n de lesiones personales &#8211; Medpay\/PIP<\/h3>\n<p>Si usted vive en un estado donde no se requiere que se determine la culpabilidad de las partes involucradas usted seguramente necesitar\u00e1 por ley tener la cobertura PIP (Protecci\u00f3n contra lesiones personales) el cual cubrir\u00e1 todos los gastos m\u00e9dicos si usted resulta herido en un accidente. Como alternativa usted puede comprar seguros como la cobertura Med-Pay, la cual pagar\u00e1 por una porci\u00f3n de los gastos m\u00e9dicos.<\/p>\n<p>Estas coberturas le dar\u00e1n reembolso por sus gastos m\u00e9dicos hasta que llegue al l\u00edmite de cobertura de su p\u00f3liza. Si usted ya ha agotado estas coberturas la compa\u00f1\u00eda de seguros del conductor responsable podr\u00eda hacerse cargo de los gastos restantes.<\/p>\n<p>Si la compa\u00f1\u00eda de seguros no tiene suficiente cobertura para cubrir los gastos usted deber\u00e1 utilizar su cobertura de motorista sin seguro o con seguro insuficiente (UI,UM) a trav\u00e9s de su compa\u00f1\u00eda de seguro. Si todav\u00eda quedan gastos m\u00e9dicos por los cuales usted no ha sido compensado, puede que se le recomiende presentar una demanda contra el conductor que tiene la responsabilidad en el accidente.<\/p>\n<p>Discuta las opciones legales disponibles con su abogado.<\/p>\n<h2>\u00bfTendr\u00e9 que reembolsar a mi compa\u00f1\u00eda de seguros?<\/h2>\n<p>S\u00ed, las compa\u00f1\u00edas usualmente tienen el derecho de ser reembolsadas por cualquier gasto m\u00e9dico pagado por un acuerdo en el accidente automovil\u00edstico de una v\u00edctima de lesiones personales.<\/p>\n<h2>Contacte a un abogado especializado en accidentes automovil\u00edsticos<\/h2>\n<p>Si usted ha resultado lesionado en un accidente automovil\u00edstico debido a la negligencia de otro conductor, usted se beneficiar\u00e1 al tener un abogado que luche por sus derechos a una compensaci\u00f3n justa. Contacte al abogado Ali y a su equipo de abogados especializados en lesiones personales hoy mismo y reciba una consulta gratis y sin compromiso.<\/p>\n<p>Lo podemos asistir al explorar sus opciones y v\u00edas legales para as\u00ed garantizar que reciba las compensaciones que merece por los da\u00f1os causados en el accidente. Contacte al abogado Ali de CEO Lawyer Personal Injury Law firm llam\u00e1ndonos al <a href=\"tel:+18883073792\"><strong>(888) 307-3792<\/strong><\/a> o <a href=\"https:\/\/ceolawyer.com\/contact-us\/\">cont\u00e1ctenos en l\u00ednea.<\/a><\/p>\n<p>Si nosotros tomamos su caso, usted no deber\u00e1 pagar hasta que ganemos su caso.<\/p>\n","protected":false},"excerpt":{"rendered":"<p>Si otro conductor ha sido encontrado responsable en un accidente en el que usted ha presentado da\u00f1os f\u00edsicos, usted puede estar tranquilo sabiendo que ellos tienen la responsabilidad de cubrir todo lo relacionado a los gastos m\u00e9dicos. Sin embargo, determinar que un conductor tiene la responsabilidad sobre un accidente y recibir compensaci\u00f3n por los da\u00f1os [&hellip;]<\/p>\n","protected":false},"author":18,"featured_media":11805,"parent":13289,"menu_order":0,"comment_status":"closed","ping_status":"closed","template":"","meta":{"_acf_changed":false,"footnotes":""},"class_list":["post-11803","page","type-page","status-publish","has-post-thumbnail","hentry"],"acf":[],"yoast_head":"<!-- This site is optimized with the Yoast SEO plugin v27.4 - https:\/\/yoast.com\/product\/yoast-seo-wordpress\/ -->\n<title>\u00bfQui\u00e9n Paga los Gastos M\u00e9dicos Tras un Accidente Automovilistico? | CEO Lawyer<\/title>\n<meta name=\"description\" content=\"\u00bfConfundido acerca de las facturas m\u00e9dicas despu\u00e9s de un accidente automovil\u00edstico? Llame a The CEO Lawyer Personal Injury Law Firm hoy al 888-307-3792.\" \/>\n<meta name=\"robots\" content=\"index, follow, max-snippet:-1, max-image-preview:large, max-video-preview:-1\" \/>\n<link rel=\"canonical\" href=\"https:\/\/ceolawyer.com\/espanol\/faq\/ley-de-georgia\/accidente-automovilistico\/como-se-pagan-los-gastos-medicos-despues-de-un-accidente-automovilistico\/\" \/>\n<meta property=\"og:locale\" content=\"en_US\" \/>\n<meta property=\"og:type\" content=\"article\" \/>\n<meta property=\"og:title\" content=\"\u00bfQui\u00e9n Paga los Gastos M\u00e9dicos Tras un Accidente Automovilistico? | CEO Lawyer\" \/>\n<meta property=\"og:description\" content=\"\u00bfConfundido acerca de las facturas m\u00e9dicas despu\u00e9s de un accidente automovil\u00edstico? Llame a The CEO Lawyer Personal Injury Law Firm hoy al 888-307-3792.\" \/>\n<meta property=\"og:url\" content=\"https:\/\/ceolawyer.com\/espanol\/faq\/ley-de-georgia\/accidente-automovilistico\/como-se-pagan-los-gastos-medicos-despues-de-un-accidente-automovilistico\/\" \/>\n<meta property=\"og:site_name\" content=\"CEO Lawyer\" \/>\n<meta property=\"article:modified_time\" content=\"2026-03-18T18:18:26+00:00\" \/>\n<meta property=\"og:image\" content=\"https:\/\/ceolawyer.com\/espanol\/wp-content\/uploads\/sites\/2\/2024\/04\/Como-se-pagan-los-gastos-medicos-despues-de-un-accidente-automovilistico.webp\" \/>\n\t<meta property=\"og:image:width\" content=\"500\" \/>\n\t<meta property=\"og:image:height\" content=\"333\" \/>\n\t<meta property=\"og:image:type\" content=\"image\/webp\" \/>\n<meta name=\"twitter:card\" content=\"summary_large_image\" \/>\n<meta name=\"twitter:label1\" content=\"Est. reading time\" \/>\n\t<meta name=\"twitter:data1\" content=\"6 minutes\" \/>\n<script type=\"application\/ld+json\" class=\"yoast-schema-graph\">{\"@context\":\"https:\\\/\\\/schema.org\",\"@graph\":[{\"@type\":\"WebPage\",\"@id\":\"https:\\\/\\\/ceolawyer.com\\\/espanol\\\/faq\\\/ley-de-georgia\\\/accidente-automovilistico\\\/como-se-pagan-los-gastos-medicos-despues-de-un-accidente-automovilistico\\\/\",\"url\":\"https:\\\/\\\/ceolawyer.com\\\/espanol\\\/faq\\\/ley-de-georgia\\\/accidente-automovilistico\\\/como-se-pagan-los-gastos-medicos-despues-de-un-accidente-automovilistico\\\/\",\"name\":\"\u00bfQui\u00e9n Paga los Gastos M\u00e9dicos Tras un Accidente Automovilistico? | CEO Lawyer\",\"isPartOf\":{\"@id\":\"https:\\\/\\\/ceolawyer.com\\\/espanol\\\/#website\"},\"primaryImageOfPage\":{\"@id\":\"https:\\\/\\\/ceolawyer.com\\\/espanol\\\/faq\\\/ley-de-georgia\\\/accidente-automovilistico\\\/como-se-pagan-los-gastos-medicos-despues-de-un-accidente-automovilistico\\\/#primaryimage\"},\"image\":{\"@id\":\"https:\\\/\\\/ceolawyer.com\\\/espanol\\\/faq\\\/ley-de-georgia\\\/accidente-automovilistico\\\/como-se-pagan-los-gastos-medicos-despues-de-un-accidente-automovilistico\\\/#primaryimage\"},\"thumbnailUrl\":\"https:\\\/\\\/ceolawyer.com\\\/espanol\\\/wp-content\\\/uploads\\\/sites\\\/2\\\/2024\\\/04\\\/Como-se-pagan-los-gastos-medicos-despues-de-un-accidente-automovilistico.webp\",\"datePublished\":\"2024-04-24T17:53:34+00:00\",\"dateModified\":\"2026-03-18T18:18:26+00:00\",\"description\":\"\u00bfConfundido acerca de las facturas m\u00e9dicas despu\u00e9s de un accidente automovil\u00edstico? Llame a The CEO Lawyer Personal Injury Law Firm hoy al 888-307-3792.\",\"breadcrumb\":{\"@id\":\"https:\\\/\\\/ceolawyer.com\\\/espanol\\\/faq\\\/ley-de-georgia\\\/accidente-automovilistico\\\/como-se-pagan-los-gastos-medicos-despues-de-un-accidente-automovilistico\\\/#breadcrumb\"},\"inLanguage\":\"en-US\",\"potentialAction\":[{\"@type\":\"ReadAction\",\"target\":[\"https:\\\/\\\/ceolawyer.com\\\/espanol\\\/faq\\\/ley-de-georgia\\\/accidente-automovilistico\\\/como-se-pagan-los-gastos-medicos-despues-de-un-accidente-automovilistico\\\/\"]}]},{\"@type\":\"ImageObject\",\"inLanguage\":\"en-US\",\"@id\":\"https:\\\/\\\/ceolawyer.com\\\/espanol\\\/faq\\\/ley-de-georgia\\\/accidente-automovilistico\\\/como-se-pagan-los-gastos-medicos-despues-de-un-accidente-automovilistico\\\/#primaryimage\",\"url\":\"https:\\\/\\\/ceolawyer.com\\\/espanol\\\/wp-content\\\/uploads\\\/sites\\\/2\\\/2024\\\/04\\\/Como-se-pagan-los-gastos-medicos-despues-de-un-accidente-automovilistico.webp\",\"contentUrl\":\"https:\\\/\\\/ceolawyer.com\\\/espanol\\\/wp-content\\\/uploads\\\/sites\\\/2\\\/2024\\\/04\\\/Como-se-pagan-los-gastos-medicos-despues-de-un-accidente-automovilistico.webp\",\"width\":500,\"height\":333,\"caption\":\"Un primer plano de un autom\u00f3vil morado despu\u00e9s de una colisi\u00f3n en la carretera.\"},{\"@type\":\"BreadcrumbList\",\"@id\":\"https:\\\/\\\/ceolawyer.com\\\/espanol\\\/faq\\\/ley-de-georgia\\\/accidente-automovilistico\\\/como-se-pagan-los-gastos-medicos-despues-de-un-accidente-automovilistico\\\/#breadcrumb\",\"itemListElement\":[{\"@type\":\"ListItem\",\"position\":1,\"name\":\"Home\",\"item\":\"https:\\\/\\\/ceolawyer.com\\\/espanol\\\/\"},{\"@type\":\"ListItem\",\"position\":2,\"name\":\"FAQ\",\"item\":\"https:\\\/\\\/ceolawyer.com\\\/espanol\\\/faq\\\/\"},{\"@type\":\"ListItem\",\"position\":3,\"name\":\"Lesiones personales en Georgia FAQ\",\"item\":\"https:\\\/\\\/ceolawyer.com\\\/espanol\\\/faq\\\/ley-de-georgia\\\/\"},{\"@type\":\"ListItem\",\"position\":4,\"name\":\"\u00bfC\u00f3mo se pagan los gastos m\u00e9dicos despu\u00e9s de un accidente automovil\u00edstico?\"}]},{\"@type\":\"WebSite\",\"@id\":\"https:\\\/\\\/ceolawyer.com\\\/espanol\\\/#website\",\"url\":\"https:\\\/\\\/ceolawyer.com\\\/espanol\\\/\",\"name\":\"CEO Lawyer\",\"description\":\"Personal Injury Attorney\",\"publisher\":{\"@id\":\"https:\\\/\\\/ceolawyer.com\\\/espanol\\\/#organization\"},\"potentialAction\":[{\"@type\":\"SearchAction\",\"target\":{\"@type\":\"EntryPoint\",\"urlTemplate\":\"https:\\\/\\\/ceolawyer.com\\\/espanol\\\/?s={search_term_string}\"},\"query-input\":{\"@type\":\"PropertyValueSpecification\",\"valueRequired\":true,\"valueName\":\"search_term_string\"}}],\"inLanguage\":\"en-US\"},{\"@type\":\"Organization\",\"@id\":\"https:\\\/\\\/ceolawyer.com\\\/espanol\\\/#organization\",\"name\":\"CEO Lawyer\",\"url\":\"https:\\\/\\\/ceolawyer.com\\\/espanol\\\/\",\"logo\":{\"@type\":\"ImageObject\",\"inLanguage\":\"en-US\",\"@id\":\"https:\\\/\\\/ceolawyer.com\\\/espanol\\\/#\\\/schema\\\/logo\\\/image\\\/\",\"url\":\"https:\\\/\\\/ceolawyer.com\\\/espanol\\\/wp-content\\\/uploads\\\/sites\\\/2\\\/2022\\\/05\\\/CEO_Logo.png\",\"contentUrl\":\"https:\\\/\\\/ceolawyer.com\\\/espanol\\\/wp-content\\\/uploads\\\/sites\\\/2\\\/2022\\\/05\\\/CEO_Logo.png\",\"width\":200,\"height\":108,\"caption\":\"CEO Lawyer\"},\"image\":{\"@id\":\"https:\\\/\\\/ceolawyer.com\\\/espanol\\\/#\\\/schema\\\/logo\\\/image\\\/\"}}]}<\/script>\n<!-- \/ Yoast SEO plugin. -->","yoast_head_json":{"title":"\u00bfQui\u00e9n Paga los Gastos M\u00e9dicos Tras un Accidente Automovilistico? | CEO Lawyer","description":"\u00bfConfundido acerca de las facturas m\u00e9dicas despu\u00e9s de un accidente automovil\u00edstico? Llame a The CEO Lawyer Personal Injury Law Firm hoy al 888-307-3792.","robots":{"index":"index","follow":"follow","max-snippet":"max-snippet:-1","max-image-preview":"max-image-preview:large","max-video-preview":"max-video-preview:-1"},"canonical":"https:\/\/ceolawyer.com\/espanol\/faq\/ley-de-georgia\/accidente-automovilistico\/como-se-pagan-los-gastos-medicos-despues-de-un-accidente-automovilistico\/","og_locale":"en_US","og_type":"article","og_title":"\u00bfQui\u00e9n Paga los Gastos M\u00e9dicos Tras un Accidente Automovilistico? | CEO Lawyer","og_description":"\u00bfConfundido acerca de las facturas m\u00e9dicas despu\u00e9s de un accidente automovil\u00edstico? Llame a The CEO Lawyer Personal Injury Law Firm hoy al 888-307-3792.","og_url":"https:\/\/ceolawyer.com\/espanol\/faq\/ley-de-georgia\/accidente-automovilistico\/como-se-pagan-los-gastos-medicos-despues-de-un-accidente-automovilistico\/","og_site_name":"CEO Lawyer","article_modified_time":"2026-03-18T18:18:26+00:00","og_image":[{"width":500,"height":333,"url":"https:\/\/ceolawyer.com\/espanol\/wp-content\/uploads\/sites\/2\/2024\/04\/Como-se-pagan-los-gastos-medicos-despues-de-un-accidente-automovilistico.webp","type":"image\/webp"}],"twitter_card":"summary_large_image","twitter_misc":{"Est. reading time":"6 minutes"},"schema":{"@context":"https:\/\/schema.org","@graph":[{"@type":"WebPage","@id":"https:\/\/ceolawyer.com\/espanol\/faq\/ley-de-georgia\/accidente-automovilistico\/como-se-pagan-los-gastos-medicos-despues-de-un-accidente-automovilistico\/","url":"https:\/\/ceolawyer.com\/espanol\/faq\/ley-de-georgia\/accidente-automovilistico\/como-se-pagan-los-gastos-medicos-despues-de-un-accidente-automovilistico\/","name":"\u00bfQui\u00e9n Paga los Gastos M\u00e9dicos Tras un Accidente Automovilistico? | CEO Lawyer","isPartOf":{"@id":"https:\/\/ceolawyer.com\/espanol\/#website"},"primaryImageOfPage":{"@id":"https:\/\/ceolawyer.com\/espanol\/faq\/ley-de-georgia\/accidente-automovilistico\/como-se-pagan-los-gastos-medicos-despues-de-un-accidente-automovilistico\/#primaryimage"},"image":{"@id":"https:\/\/ceolawyer.com\/espanol\/faq\/ley-de-georgia\/accidente-automovilistico\/como-se-pagan-los-gastos-medicos-despues-de-un-accidente-automovilistico\/#primaryimage"},"thumbnailUrl":"https:\/\/ceolawyer.com\/espanol\/wp-content\/uploads\/sites\/2\/2024\/04\/Como-se-pagan-los-gastos-medicos-despues-de-un-accidente-automovilistico.webp","datePublished":"2024-04-24T17:53:34+00:00","dateModified":"2026-03-18T18:18:26+00:00","description":"\u00bfConfundido acerca de las facturas m\u00e9dicas despu\u00e9s de un accidente automovil\u00edstico? Llame a The CEO Lawyer Personal Injury Law Firm hoy al 888-307-3792.","breadcrumb":{"@id":"https:\/\/ceolawyer.com\/espanol\/faq\/ley-de-georgia\/accidente-automovilistico\/como-se-pagan-los-gastos-medicos-despues-de-un-accidente-automovilistico\/#breadcrumb"},"inLanguage":"en-US","potentialAction":[{"@type":"ReadAction","target":["https:\/\/ceolawyer.com\/espanol\/faq\/ley-de-georgia\/accidente-automovilistico\/como-se-pagan-los-gastos-medicos-despues-de-un-accidente-automovilistico\/"]}]},{"@type":"ImageObject","inLanguage":"en-US","@id":"https:\/\/ceolawyer.com\/espanol\/faq\/ley-de-georgia\/accidente-automovilistico\/como-se-pagan-los-gastos-medicos-despues-de-un-accidente-automovilistico\/#primaryimage","url":"https:\/\/ceolawyer.com\/espanol\/wp-content\/uploads\/sites\/2\/2024\/04\/Como-se-pagan-los-gastos-medicos-despues-de-un-accidente-automovilistico.webp","contentUrl":"https:\/\/ceolawyer.com\/espanol\/wp-content\/uploads\/sites\/2\/2024\/04\/Como-se-pagan-los-gastos-medicos-despues-de-un-accidente-automovilistico.webp","width":500,"height":333,"caption":"Un primer plano de un autom\u00f3vil morado despu\u00e9s de una colisi\u00f3n en la carretera."},{"@type":"BreadcrumbList","@id":"https:\/\/ceolawyer.com\/espanol\/faq\/ley-de-georgia\/accidente-automovilistico\/como-se-pagan-los-gastos-medicos-despues-de-un-accidente-automovilistico\/#breadcrumb","itemListElement":[{"@type":"ListItem","position":1,"name":"Home","item":"https:\/\/ceolawyer.com\/espanol\/"},{"@type":"ListItem","position":2,"name":"FAQ","item":"https:\/\/ceolawyer.com\/espanol\/faq\/"},{"@type":"ListItem","position":3,"name":"Lesiones personales en Georgia FAQ","item":"https:\/\/ceolawyer.com\/espanol\/faq\/ley-de-georgia\/"},{"@type":"ListItem","position":4,"name":"\u00bfC\u00f3mo se pagan los gastos m\u00e9dicos despu\u00e9s de un accidente automovil\u00edstico?"}]},{"@type":"WebSite","@id":"https:\/\/ceolawyer.com\/espanol\/#website","url":"https:\/\/ceolawyer.com\/espanol\/","name":"CEO Lawyer","description":"Personal Injury Attorney","publisher":{"@id":"https:\/\/ceolawyer.com\/espanol\/#organization"},"potentialAction":[{"@type":"SearchAction","target":{"@type":"EntryPoint","urlTemplate":"https:\/\/ceolawyer.com\/espanol\/?s={search_term_string}"},"query-input":{"@type":"PropertyValueSpecification","valueRequired":true,"valueName":"search_term_string"}}],"inLanguage":"en-US"},{"@type":"Organization","@id":"https:\/\/ceolawyer.com\/espanol\/#organization","name":"CEO Lawyer","url":"https:\/\/ceolawyer.com\/espanol\/","logo":{"@type":"ImageObject","inLanguage":"en-US","@id":"https:\/\/ceolawyer.com\/espanol\/#\/schema\/logo\/image\/","url":"https:\/\/ceolawyer.com\/espanol\/wp-content\/uploads\/sites\/2\/2022\/05\/CEO_Logo.png","contentUrl":"https:\/\/ceolawyer.com\/espanol\/wp-content\/uploads\/sites\/2\/2022\/05\/CEO_Logo.png","width":200,"height":108,"caption":"CEO Lawyer"},"image":{"@id":"https:\/\/ceolawyer.com\/espanol\/#\/schema\/logo\/image\/"}}]}},"_links":{"self":[{"href":"https:\/\/ceolawyer.com\/espanol\/wp-json\/wp\/v2\/pages\/11803","targetHints":{"allow":["GET"]}}],"collection":[{"href":"https:\/\/ceolawyer.com\/espanol\/wp-json\/wp\/v2\/pages"}],"about":[{"href":"https:\/\/ceolawyer.com\/espanol\/wp-json\/wp\/v2\/types\/page"}],"author":[{"embeddable":true,"href":"https:\/\/ceolawyer.com\/espanol\/wp-json\/wp\/v2\/users\/18"}],"replies":[{"embeddable":true,"href":"https:\/\/ceolawyer.com\/espanol\/wp-json\/wp\/v2\/comments?post=11803"}],"version-history":[{"count":0,"href":"https:\/\/ceolawyer.com\/espanol\/wp-json\/wp\/v2\/pages\/11803\/revisions"}],"up":[{"embeddable":true,"href":"https:\/\/ceolawyer.com\/espanol\/wp-json\/wp\/v2\/pages\/13289"}],"wp:featuredmedia":[{"embeddable":true,"href":"https:\/\/ceolawyer.com\/espanol\/wp-json\/wp\/v2\/media\/11805"}],"wp:attachment":[{"href":"https:\/\/ceolawyer.com\/espanol\/wp-json\/wp\/v2\/media?parent=11803"}],"curies":[{"name":"wp","href":"https:\/\/api.w.org\/{rel}","templated":true}]}}