{"id":11806,"date":"2024-04-24T17:58:44","date_gmt":"2024-04-24T17:58:44","guid":{"rendered":"https:\/\/ceolawyer.com\/espanol\/?page_id=11806"},"modified":"2026-03-18T18:17:09","modified_gmt":"2026-03-18T18:17:09","slug":"como-puede-ayudar-mi-dash-cam-a-la-investigacion-de-mi-accidente-de-auto","status":"publish","type":"page","link":"https:\/\/ceolawyer.com\/espanol\/faq\/ley-de-georgia\/accidente-automovilistico\/como-puede-ayudar-mi-dash-cam-a-la-investigacion-de-mi-accidente-de-auto\/","title":{"rendered":"\u00bfC\u00f3mo puede ayudar mi dash cam a la investigaci\u00f3n de mi accidente de auto?"},"content":{"rendered":"<p><img decoding=\"async\" class=\"alignright size-full wp-image-11808\" src=\"https:\/\/ceolawyer.com\/espanol\/wp-content\/uploads\/sites\/2\/2024\/04\/Como-puede-ayudar-mi-dash-cam-a-la-investigacion-de-mi-accidente-de-auto.webp\" alt=\"Un auto morado destrozado en un estacionamiento despu\u00e9s de una colisi\u00f3n con otro veh\u00edculo.\" width=\"500\" height=\"333\" srcset=\"https:\/\/ceolawyer.com\/espanol\/wp-content\/uploads\/sites\/2\/2024\/04\/Como-puede-ayudar-mi-dash-cam-a-la-investigacion-de-mi-accidente-de-auto.webp 500w, https:\/\/ceolawyer.com\/espanol\/wp-content\/uploads\/sites\/2\/2024\/04\/Como-puede-ayudar-mi-dash-cam-a-la-investigacion-de-mi-accidente-de-auto-300x200.webp 300w\" sizes=\"(max-width: 500px) 100vw, 500px\" \/>En la era actual, las c\u00e1maras de tablero, conocidas como dashcams, se han vuelto muy populares. Las aseguradoras pueden ofrecer un descuento a los conductores que acepten instalar una dashcam en su veh\u00edculo.<\/p>\n<p>Aunque muchas personas pueden estar de acuerdo en que el uso de una dashcam puede ser incre\u00edblemente \u00fatil, su uso tambi\u00e9n debe requerir ciertas consideraciones. Por ejemplo, si te ves involucrado en un accidente, las im\u00e1genes de la dashcam pueden ser incre\u00edblemente \u00fatiles o incriminatorias, seg\u00fan qui\u00e9n sea culpable en el accidente. Incluso las grabaciones de tu propia dashcam pueden usarse en tu contra.<\/p>\n<p>Si has estado involucrado en un accidente en Georgia y cuentas con im\u00e1genes de la dashcam, ser\u00e1 mejor que hables con un abogado de accidentes automovil\u00edsticos para que puedan ser utilizadas para ayudarte con tu caso.<\/p>\n<p>Las im\u00e1genes de la dashcam proporcionan evidencia crucial que puede afectar significativamente tus posibilidades de ganar tu reclamo. Muchas personas eligen instalar una dashcam.<\/p>\n<p>Ponte en contacto con Ali Awad, y su equipo de experimentados abogados de lesiones personales en la CEO Lawyer Personal Injury Law Firm llamando al <a href=\"tel:+18883073792\"><strong>(888) 307-3792<\/strong><\/a> o cont\u00e1ctanos en l\u00ednea para recibir tu evaluaci\u00f3n de caso gratuita y confidencial.<\/p>\n<p>El abogado Ali estableci\u00f3 la CEO Lawyer Personal Injury Law Firm y la convirti\u00f3 r\u00e1pidamente en una de las firmas de abogados de m\u00e1s r\u00e1pido crecimiento en el pa\u00eds. Si tomamos tu caso, no pagar\u00e1s nada hasta que ganemos.<\/p>\n<h2>\u00bfQu\u00e9 son las dashcams?<\/h2>\n<p>Las Dashcams son grabadoras de video digitales, a menudo de tama\u00f1o peque\u00f1o, instaladas en el parabrisas o tablero del conductor. Mientras se conduce, la c\u00e1mara grabar\u00e1 continuamente im\u00e1genes de las condiciones de la carretera.<\/p>\n<p>Adem\u00e1s, puede captar movimientos alrededor de su veh\u00edculo, como cuando est\u00e1 estacionado. Al igual que las c\u00e1maras de tablero de la polic\u00eda, las c\u00e1maras de tablero de autom\u00f3viles son utilizadas por los consumidores para registrar las condiciones de la carretera y mantener un registro de im\u00e1genes que se pueden consultar m\u00e1s adelante si es necesario.<\/p>\n<p>Desafortunadamente, las dashcams suelen tener poco espacio de almacenamiento y las im\u00e1genes m\u00e1s recientes pueden sobrescribir constantemente las m\u00e1s antiguas. Sin embargo, puede elegir manualmente guardar im\u00e1genes antiguas que necesite consultar m\u00e1s adelante.<\/p>\n<p>Las Dashcams pueden ser:<\/p>\n<ul>\n<li>Tipos B\u00e1sicos: Los modelos b\u00e1sicos de dashcam suelen rondar entre $100.00 y $200.00 y solo contar\u00e1n con capacidades de grabaci\u00f3n b\u00e1sicas.<\/li>\n<li>Tipos Avanzados: Dashcams de alta definici\u00f3n, con GPS, habilitadas para Bluetooth y WiFi, ahora est\u00e1n disponibles en el mercado. Los precios suelen comenzar alrededor de $250.00 y pueden superar los $1,000.00 para c\u00e1maras de alta calidad.<\/li>\n<li>Instalaci\u00f3n de F\u00e1brica: Algunas marcas de veh\u00edculos de lujo como BMW, Cadillac, Audi y Lexus tienen veh\u00edculos disponibles con dashcams instaladas de f\u00e1brica en su interior.<\/li>\n<\/ul>\n<h2>\u00bfPuede la evidencia de la dashcam ayudar en mi reclamo por colisi\u00f3n de autom\u00f3vil?<\/h2>\n<p>Puede ayudar a su caso si ha estado involucrado en una colisi\u00f3n de autom\u00f3vil y tiene im\u00e1genes de la dashcam del accidente. Sin embargo, ser\u00eda mejor si las im\u00e1genes de la dashcam incluyen:<\/p>\n<ul>\n<li>Una grabaci\u00f3n del accidente que muestre claramente la responsabilidad de la parte culpable.<\/li>\n<li>Usted dentro de su veh\u00edculo para mostrar c\u00f3mo el choque le afect\u00f3 a usted y a cualquier otro ocupante.<\/li>\n<li>Datos de velocidad: algunas dashcams pueden agregar datos de velocidad a las grabaciones.<\/li>\n<li>Datos de GPS: esto ser\u00e1 \u00fatil para determinar con mayor precisi\u00f3n los eventos previos al accidente y d\u00f3nde ocurri\u00f3 exactamente la escena del accidente.<\/li>\n<\/ul>\n<h2>Investigaci\u00f3n de accidentes de autom\u00f3vil<\/h2>\n<p>Contar con im\u00e1genes de la dashcam sin duda ayudar\u00e1 en la investigaci\u00f3n del accidente de autom\u00f3vil. Las investigaciones de accidentes de autom\u00f3vil son normales del procedimiento despu\u00e9s de un accidente automovil\u00edstico y la presentaci\u00f3n de un reclamo por accidente de autom\u00f3vil.<\/p>\n<p>Aqu\u00ed hay algunas cosas m\u00e1s que debe saber con respecto a los posibles beneficios de instalar una dashcam:<\/p>\n<h3>Obtenci\u00f3n de datos de testigos<\/h3>\n<p>Las dashcams se pueden utilizar para localizar testigos en la escena de un accidente automovil\u00edstico. Adem\u00e1s, se pueden encontrar rostros, n\u00fameros de matr\u00edcula, descripciones de veh\u00edculos y otra informaci\u00f3n identificativa para facilitar el seguimiento de los testigos.<\/p>\n<h3>Protecci\u00f3n contra vandalismo\/robo<\/h3>\n<p>Las dashcam pueden proporcionar evidencia valiosa si su autom\u00f3vil es vandalizado o sufre un robo.<\/p>\n<h3>Reclamaciones de seguro<\/h3>\n<p>Ya sea al presentar una reclamaci\u00f3n por condiciones clim\u00e1ticas adversas, robo u otro tipo de accidente, las dashcams pueden agilizar los procesos de reclamaci\u00f3n de seguros y reducir el fraude de seguros.<\/p>\n<h3>Disputas por infracciones<\/h3>\n<p>En caso de que recibas una multa con la que no est\u00e1s de acuerdo, la evidencia en video se puede utilizar para impugnar multas por infracciones de tr\u00e1fico.<\/p>\n<h2>Dashcam de auto<\/h2>\n<p>Si tienes grabaciones de tu accidente con la dashcam, los oficiales de polic\u00eda pueden optar por confiscarlas como evidencia al responder al accidente si la causa no est\u00e1 clara. Si no es tomada por los oficiales de inmediato, e intentas eliminar, desechar o alterar alguna de las grabaciones de tu dashcam y el tribunal la solicita mediante una citaci\u00f3n, podr\u00edas enfrentar cargos legales adicionales.<\/p>\n<p>Si te das cuenta de que otro conductor tiene grabaciones de la dashcam del accidente, es esencial informar a tu abogado lo antes posible para que puedan trabajar en obtener las grabaciones antes de que ocurra algo con ellas.<\/p>\n<p>Si has estado involucrado en un accidente o cuentas con grabaciones de dashcam, lo mejor es entreg\u00e1rselas a tu abogado, incluso si las consideras incriminatorias. Nunca debes manipular las grabaciones de dashcam.<\/p>\n<p>Si se descubre que manipulaste pruebas, como eliminar selectivamente grabaciones de la c\u00e1mara, podr\u00eda considerarse un delito y podr\u00edas ser penalizado. Adem\u00e1s, es probable que levante sospechas entre las partes investigadoras y pueda perjudicar tu reclamo.<\/p>\n<p>Sin embargo, si la parte culpable tiene grabaciones de dashcam del choque y no est\u00e1 dispuesto a revelar voluntariamente la evidencia, tu abogado puede obtener las grabaciones de ellos emitiendo una citaci\u00f3n. Despu\u00e9s de un choque de autos, si puedes, echa un vistazo al otro veh\u00edculo para ver si notas una dashcam instalada en el parabrisas o el tablero del autom\u00f3vil.<\/p>\n<h2>Abogado de accidentes de autos<\/h2>\n<p>Si te has visto involucrado en un accidente de auto en Georgia, los experimentados abogados de accidentes de autos de CEO Lawyer Personal Injury Law Firm est\u00e1n aqu\u00ed para ayudarte.<\/p>\n<p>\u00bfTienes una dashcam en tu auto? \u00bfO crees que el otro conductor instal\u00f3 una dashcam en su veh\u00edculo?<\/p>\n<p>Nuestros excelentes abogados de CEO Lawyer Personal Injury Law Firm est\u00e1n aqu\u00ed para ayudarte a obtener la compensaci\u00f3n justa que mereces por tus p\u00e9rdidas. Sabemos c\u00f3mo utilizar la evidencia a favor de nuestros clientes y c\u00f3mo obtener pruebas de un conductor culpable que no coopera.<\/p>\n<p>Llama al <a href=\"tel:+18883073792\"><strong>(888) 307-3792<\/strong><\/a> o cont\u00e1ctanos en l\u00ednea. Si tomamos tu caso, no pagar\u00e1s nada hasta que ganemos.<\/p>\n","protected":false},"excerpt":{"rendered":"<p>En la era actual, las c\u00e1maras de tablero, conocidas como dashcams, se han vuelto muy populares. Las aseguradoras pueden ofrecer un descuento a los conductores que acepten instalar una dashcam en su veh\u00edculo. Aunque muchas personas pueden estar de acuerdo en que el uso de una dashcam puede ser incre\u00edblemente \u00fatil, su uso tambi\u00e9n debe [&hellip;]<\/p>\n","protected":false},"author":18,"featured_media":11808,"parent":13289,"menu_order":0,"comment_status":"closed","ping_status":"closed","template":"","meta":{"_acf_changed":false,"footnotes":""},"class_list":["post-11806","page","type-page","status-publish","has-post-thumbnail","hentry"],"acf":[],"yoast_head":"<!-- This site is optimized with the Yoast SEO plugin v27.4 - https:\/\/yoast.com\/product\/yoast-seo-wordpress\/ -->\n<title>\u00bfC\u00f3mo Puede Ayudar una Dash Cam en un Accidente? | CEO Lawyer<\/title>\n<meta name=\"description\" content=\"La evidencia en el camino no puede mentir. Deje que The CEO Lawyer Personal Injury Law Firm luche por la compensaci\u00f3n que se merece. Llame al 888-307-3792.\" \/>\n<meta name=\"robots\" content=\"index, follow, max-snippet:-1, max-image-preview:large, max-video-preview:-1\" \/>\n<link rel=\"canonical\" href=\"https:\/\/ceolawyer.com\/espanol\/faq\/ley-de-georgia\/accidente-automovilistico\/como-puede-ayudar-mi-dash-cam-a-la-investigacion-de-mi-accidente-de-auto\/\" \/>\n<meta property=\"og:locale\" content=\"en_US\" \/>\n<meta property=\"og:type\" content=\"article\" \/>\n<meta property=\"og:title\" content=\"\u00bfC\u00f3mo Puede Ayudar una Dash Cam en un Accidente? | CEO Lawyer\" \/>\n<meta property=\"og:description\" content=\"La evidencia en el camino no puede mentir. Deje que The CEO Lawyer Personal Injury Law Firm luche por la compensaci\u00f3n que se merece. Llame al 888-307-3792.\" \/>\n<meta property=\"og:url\" content=\"https:\/\/ceolawyer.com\/espanol\/faq\/ley-de-georgia\/accidente-automovilistico\/como-puede-ayudar-mi-dash-cam-a-la-investigacion-de-mi-accidente-de-auto\/\" \/>\n<meta property=\"og:site_name\" content=\"CEO Lawyer\" \/>\n<meta property=\"article:modified_time\" content=\"2026-03-18T18:17:09+00:00\" \/>\n<meta property=\"og:image\" content=\"https:\/\/ceolawyer.com\/espanol\/wp-content\/uploads\/sites\/2\/2024\/04\/Como-puede-ayudar-mi-dash-cam-a-la-investigacion-de-mi-accidente-de-auto.webp\" \/>\n\t<meta property=\"og:image:width\" content=\"500\" \/>\n\t<meta property=\"og:image:height\" content=\"333\" \/>\n\t<meta property=\"og:image:type\" content=\"image\/webp\" \/>\n<meta name=\"twitter:card\" content=\"summary_large_image\" \/>\n<meta name=\"twitter:label1\" content=\"Est. reading time\" \/>\n\t<meta name=\"twitter:data1\" content=\"6 minutes\" \/>\n<script type=\"application\/ld+json\" class=\"yoast-schema-graph\">{\"@context\":\"https:\\\/\\\/schema.org\",\"@graph\":[{\"@type\":\"WebPage\",\"@id\":\"https:\\\/\\\/ceolawyer.com\\\/espanol\\\/faq\\\/ley-de-georgia\\\/accidente-automovilistico\\\/como-puede-ayudar-mi-dash-cam-a-la-investigacion-de-mi-accidente-de-auto\\\/\",\"url\":\"https:\\\/\\\/ceolawyer.com\\\/espanol\\\/faq\\\/ley-de-georgia\\\/accidente-automovilistico\\\/como-puede-ayudar-mi-dash-cam-a-la-investigacion-de-mi-accidente-de-auto\\\/\",\"name\":\"\u00bfC\u00f3mo Puede Ayudar una Dash Cam en un Accidente? | CEO Lawyer\",\"isPartOf\":{\"@id\":\"https:\\\/\\\/ceolawyer.com\\\/espanol\\\/#website\"},\"primaryImageOfPage\":{\"@id\":\"https:\\\/\\\/ceolawyer.com\\\/espanol\\\/faq\\\/ley-de-georgia\\\/accidente-automovilistico\\\/como-puede-ayudar-mi-dash-cam-a-la-investigacion-de-mi-accidente-de-auto\\\/#primaryimage\"},\"image\":{\"@id\":\"https:\\\/\\\/ceolawyer.com\\\/espanol\\\/faq\\\/ley-de-georgia\\\/accidente-automovilistico\\\/como-puede-ayudar-mi-dash-cam-a-la-investigacion-de-mi-accidente-de-auto\\\/#primaryimage\"},\"thumbnailUrl\":\"https:\\\/\\\/ceolawyer.com\\\/espanol\\\/wp-content\\\/uploads\\\/sites\\\/2\\\/2024\\\/04\\\/Como-puede-ayudar-mi-dash-cam-a-la-investigacion-de-mi-accidente-de-auto.webp\",\"datePublished\":\"2024-04-24T17:58:44+00:00\",\"dateModified\":\"2026-03-18T18:17:09+00:00\",\"description\":\"La evidencia en el camino no puede mentir. Deje que The CEO Lawyer Personal Injury Law Firm luche por la compensaci\u00f3n que se merece. Llame al 888-307-3792.\",\"breadcrumb\":{\"@id\":\"https:\\\/\\\/ceolawyer.com\\\/espanol\\\/faq\\\/ley-de-georgia\\\/accidente-automovilistico\\\/como-puede-ayudar-mi-dash-cam-a-la-investigacion-de-mi-accidente-de-auto\\\/#breadcrumb\"},\"inLanguage\":\"en-US\",\"potentialAction\":[{\"@type\":\"ReadAction\",\"target\":[\"https:\\\/\\\/ceolawyer.com\\\/espanol\\\/faq\\\/ley-de-georgia\\\/accidente-automovilistico\\\/como-puede-ayudar-mi-dash-cam-a-la-investigacion-de-mi-accidente-de-auto\\\/\"]}]},{\"@type\":\"ImageObject\",\"inLanguage\":\"en-US\",\"@id\":\"https:\\\/\\\/ceolawyer.com\\\/espanol\\\/faq\\\/ley-de-georgia\\\/accidente-automovilistico\\\/como-puede-ayudar-mi-dash-cam-a-la-investigacion-de-mi-accidente-de-auto\\\/#primaryimage\",\"url\":\"https:\\\/\\\/ceolawyer.com\\\/espanol\\\/wp-content\\\/uploads\\\/sites\\\/2\\\/2024\\\/04\\\/Como-puede-ayudar-mi-dash-cam-a-la-investigacion-de-mi-accidente-de-auto.webp\",\"contentUrl\":\"https:\\\/\\\/ceolawyer.com\\\/espanol\\\/wp-content\\\/uploads\\\/sites\\\/2\\\/2024\\\/04\\\/Como-puede-ayudar-mi-dash-cam-a-la-investigacion-de-mi-accidente-de-auto.webp\",\"width\":500,\"height\":333,\"caption\":\"Un auto morado destrozado en un estacionamiento despu\u00e9s de una colisi\u00f3n con otro veh\u00edculo.\"},{\"@type\":\"BreadcrumbList\",\"@id\":\"https:\\\/\\\/ceolawyer.com\\\/espanol\\\/faq\\\/ley-de-georgia\\\/accidente-automovilistico\\\/como-puede-ayudar-mi-dash-cam-a-la-investigacion-de-mi-accidente-de-auto\\\/#breadcrumb\",\"itemListElement\":[{\"@type\":\"ListItem\",\"position\":1,\"name\":\"Home\",\"item\":\"https:\\\/\\\/ceolawyer.com\\\/espanol\\\/\"},{\"@type\":\"ListItem\",\"position\":2,\"name\":\"FAQ\",\"item\":\"https:\\\/\\\/ceolawyer.com\\\/espanol\\\/faq\\\/\"},{\"@type\":\"ListItem\",\"position\":3,\"name\":\"Lesiones personales en Georgia FAQ\",\"item\":\"https:\\\/\\\/ceolawyer.com\\\/espanol\\\/faq\\\/ley-de-georgia\\\/\"},{\"@type\":\"ListItem\",\"position\":4,\"name\":\"\u00bfC\u00f3mo puede ayudar mi dash cam a la investigaci\u00f3n de mi accidente de auto?\"}]},{\"@type\":\"WebSite\",\"@id\":\"https:\\\/\\\/ceolawyer.com\\\/espanol\\\/#website\",\"url\":\"https:\\\/\\\/ceolawyer.com\\\/espanol\\\/\",\"name\":\"CEO Lawyer\",\"description\":\"Personal Injury Attorney\",\"publisher\":{\"@id\":\"https:\\\/\\\/ceolawyer.com\\\/espanol\\\/#organization\"},\"potentialAction\":[{\"@type\":\"SearchAction\",\"target\":{\"@type\":\"EntryPoint\",\"urlTemplate\":\"https:\\\/\\\/ceolawyer.com\\\/espanol\\\/?s={search_term_string}\"},\"query-input\":{\"@type\":\"PropertyValueSpecification\",\"valueRequired\":true,\"valueName\":\"search_term_string\"}}],\"inLanguage\":\"en-US\"},{\"@type\":\"Organization\",\"@id\":\"https:\\\/\\\/ceolawyer.com\\\/espanol\\\/#organization\",\"name\":\"CEO Lawyer\",\"url\":\"https:\\\/\\\/ceolawyer.com\\\/espanol\\\/\",\"logo\":{\"@type\":\"ImageObject\",\"inLanguage\":\"en-US\",\"@id\":\"https:\\\/\\\/ceolawyer.com\\\/espanol\\\/#\\\/schema\\\/logo\\\/image\\\/\",\"url\":\"https:\\\/\\\/ceolawyer.com\\\/espanol\\\/wp-content\\\/uploads\\\/sites\\\/2\\\/2022\\\/05\\\/CEO_Logo.png\",\"contentUrl\":\"https:\\\/\\\/ceolawyer.com\\\/espanol\\\/wp-content\\\/uploads\\\/sites\\\/2\\\/2022\\\/05\\\/CEO_Logo.png\",\"width\":200,\"height\":108,\"caption\":\"CEO Lawyer\"},\"image\":{\"@id\":\"https:\\\/\\\/ceolawyer.com\\\/espanol\\\/#\\\/schema\\\/logo\\\/image\\\/\"}}]}<\/script>\n<!-- \/ Yoast SEO plugin. -->","yoast_head_json":{"title":"\u00bfC\u00f3mo Puede Ayudar una Dash Cam en un Accidente? | CEO Lawyer","description":"La evidencia en el camino no puede mentir. Deje que The CEO Lawyer Personal Injury Law Firm luche por la compensaci\u00f3n que se merece. Llame al 888-307-3792.","robots":{"index":"index","follow":"follow","max-snippet":"max-snippet:-1","max-image-preview":"max-image-preview:large","max-video-preview":"max-video-preview:-1"},"canonical":"https:\/\/ceolawyer.com\/espanol\/faq\/ley-de-georgia\/accidente-automovilistico\/como-puede-ayudar-mi-dash-cam-a-la-investigacion-de-mi-accidente-de-auto\/","og_locale":"en_US","og_type":"article","og_title":"\u00bfC\u00f3mo Puede Ayudar una Dash Cam en un Accidente? | CEO Lawyer","og_description":"La evidencia en el camino no puede mentir. Deje que The CEO Lawyer Personal Injury Law Firm luche por la compensaci\u00f3n que se merece. Llame al 888-307-3792.","og_url":"https:\/\/ceolawyer.com\/espanol\/faq\/ley-de-georgia\/accidente-automovilistico\/como-puede-ayudar-mi-dash-cam-a-la-investigacion-de-mi-accidente-de-auto\/","og_site_name":"CEO Lawyer","article_modified_time":"2026-03-18T18:17:09+00:00","og_image":[{"width":500,"height":333,"url":"https:\/\/ceolawyer.com\/espanol\/wp-content\/uploads\/sites\/2\/2024\/04\/Como-puede-ayudar-mi-dash-cam-a-la-investigacion-de-mi-accidente-de-auto.webp","type":"image\/webp"}],"twitter_card":"summary_large_image","twitter_misc":{"Est. reading time":"6 minutes"},"schema":{"@context":"https:\/\/schema.org","@graph":[{"@type":"WebPage","@id":"https:\/\/ceolawyer.com\/espanol\/faq\/ley-de-georgia\/accidente-automovilistico\/como-puede-ayudar-mi-dash-cam-a-la-investigacion-de-mi-accidente-de-auto\/","url":"https:\/\/ceolawyer.com\/espanol\/faq\/ley-de-georgia\/accidente-automovilistico\/como-puede-ayudar-mi-dash-cam-a-la-investigacion-de-mi-accidente-de-auto\/","name":"\u00bfC\u00f3mo Puede Ayudar una Dash Cam en un Accidente? | CEO Lawyer","isPartOf":{"@id":"https:\/\/ceolawyer.com\/espanol\/#website"},"primaryImageOfPage":{"@id":"https:\/\/ceolawyer.com\/espanol\/faq\/ley-de-georgia\/accidente-automovilistico\/como-puede-ayudar-mi-dash-cam-a-la-investigacion-de-mi-accidente-de-auto\/#primaryimage"},"image":{"@id":"https:\/\/ceolawyer.com\/espanol\/faq\/ley-de-georgia\/accidente-automovilistico\/como-puede-ayudar-mi-dash-cam-a-la-investigacion-de-mi-accidente-de-auto\/#primaryimage"},"thumbnailUrl":"https:\/\/ceolawyer.com\/espanol\/wp-content\/uploads\/sites\/2\/2024\/04\/Como-puede-ayudar-mi-dash-cam-a-la-investigacion-de-mi-accidente-de-auto.webp","datePublished":"2024-04-24T17:58:44+00:00","dateModified":"2026-03-18T18:17:09+00:00","description":"La evidencia en el camino no puede mentir. Deje que The CEO Lawyer Personal Injury Law Firm luche por la compensaci\u00f3n que se merece. Llame al 888-307-3792.","breadcrumb":{"@id":"https:\/\/ceolawyer.com\/espanol\/faq\/ley-de-georgia\/accidente-automovilistico\/como-puede-ayudar-mi-dash-cam-a-la-investigacion-de-mi-accidente-de-auto\/#breadcrumb"},"inLanguage":"en-US","potentialAction":[{"@type":"ReadAction","target":["https:\/\/ceolawyer.com\/espanol\/faq\/ley-de-georgia\/accidente-automovilistico\/como-puede-ayudar-mi-dash-cam-a-la-investigacion-de-mi-accidente-de-auto\/"]}]},{"@type":"ImageObject","inLanguage":"en-US","@id":"https:\/\/ceolawyer.com\/espanol\/faq\/ley-de-georgia\/accidente-automovilistico\/como-puede-ayudar-mi-dash-cam-a-la-investigacion-de-mi-accidente-de-auto\/#primaryimage","url":"https:\/\/ceolawyer.com\/espanol\/wp-content\/uploads\/sites\/2\/2024\/04\/Como-puede-ayudar-mi-dash-cam-a-la-investigacion-de-mi-accidente-de-auto.webp","contentUrl":"https:\/\/ceolawyer.com\/espanol\/wp-content\/uploads\/sites\/2\/2024\/04\/Como-puede-ayudar-mi-dash-cam-a-la-investigacion-de-mi-accidente-de-auto.webp","width":500,"height":333,"caption":"Un auto morado destrozado en un estacionamiento despu\u00e9s de una colisi\u00f3n con otro veh\u00edculo."},{"@type":"BreadcrumbList","@id":"https:\/\/ceolawyer.com\/espanol\/faq\/ley-de-georgia\/accidente-automovilistico\/como-puede-ayudar-mi-dash-cam-a-la-investigacion-de-mi-accidente-de-auto\/#breadcrumb","itemListElement":[{"@type":"ListItem","position":1,"name":"Home","item":"https:\/\/ceolawyer.com\/espanol\/"},{"@type":"ListItem","position":2,"name":"FAQ","item":"https:\/\/ceolawyer.com\/espanol\/faq\/"},{"@type":"ListItem","position":3,"name":"Lesiones personales en Georgia FAQ","item":"https:\/\/ceolawyer.com\/espanol\/faq\/ley-de-georgia\/"},{"@type":"ListItem","position":4,"name":"\u00bfC\u00f3mo puede ayudar mi dash cam a la investigaci\u00f3n de mi accidente de auto?"}]},{"@type":"WebSite","@id":"https:\/\/ceolawyer.com\/espanol\/#website","url":"https:\/\/ceolawyer.com\/espanol\/","name":"CEO Lawyer","description":"Personal Injury Attorney","publisher":{"@id":"https:\/\/ceolawyer.com\/espanol\/#organization"},"potentialAction":[{"@type":"SearchAction","target":{"@type":"EntryPoint","urlTemplate":"https:\/\/ceolawyer.com\/espanol\/?s={search_term_string}"},"query-input":{"@type":"PropertyValueSpecification","valueRequired":true,"valueName":"search_term_string"}}],"inLanguage":"en-US"},{"@type":"Organization","@id":"https:\/\/ceolawyer.com\/espanol\/#organization","name":"CEO Lawyer","url":"https:\/\/ceolawyer.com\/espanol\/","logo":{"@type":"ImageObject","inLanguage":"en-US","@id":"https:\/\/ceolawyer.com\/espanol\/#\/schema\/logo\/image\/","url":"https:\/\/ceolawyer.com\/espanol\/wp-content\/uploads\/sites\/2\/2022\/05\/CEO_Logo.png","contentUrl":"https:\/\/ceolawyer.com\/espanol\/wp-content\/uploads\/sites\/2\/2022\/05\/CEO_Logo.png","width":200,"height":108,"caption":"CEO Lawyer"},"image":{"@id":"https:\/\/ceolawyer.com\/espanol\/#\/schema\/logo\/image\/"}}]}},"_links":{"self":[{"href":"https:\/\/ceolawyer.com\/espanol\/wp-json\/wp\/v2\/pages\/11806","targetHints":{"allow":["GET"]}}],"collection":[{"href":"https:\/\/ceolawyer.com\/espanol\/wp-json\/wp\/v2\/pages"}],"about":[{"href":"https:\/\/ceolawyer.com\/espanol\/wp-json\/wp\/v2\/types\/page"}],"author":[{"embeddable":true,"href":"https:\/\/ceolawyer.com\/espanol\/wp-json\/wp\/v2\/users\/18"}],"replies":[{"embeddable":true,"href":"https:\/\/ceolawyer.com\/espanol\/wp-json\/wp\/v2\/comments?post=11806"}],"version-history":[{"count":0,"href":"https:\/\/ceolawyer.com\/espanol\/wp-json\/wp\/v2\/pages\/11806\/revisions"}],"up":[{"embeddable":true,"href":"https:\/\/ceolawyer.com\/espanol\/wp-json\/wp\/v2\/pages\/13289"}],"wp:featuredmedia":[{"embeddable":true,"href":"https:\/\/ceolawyer.com\/espanol\/wp-json\/wp\/v2\/media\/11808"}],"wp:attachment":[{"href":"https:\/\/ceolawyer.com\/espanol\/wp-json\/wp\/v2\/media?parent=11806"}],"curies":[{"name":"wp","href":"https:\/\/api.w.org\/{rel}","templated":true}]}}