{"id":11812,"date":"2024-04-24T18:11:18","date_gmt":"2024-04-24T18:11:18","guid":{"rendered":"https:\/\/ceolawyer.com\/espanol\/?page_id=11812"},"modified":"2026-03-18T18:14:26","modified_gmt":"2026-03-18T18:14:26","slug":"como-los-sistemas-para-evitar-accidentes-reducen-el-riesgo-de-accidentes-de-yransito-en-atlanta","status":"publish","type":"page","link":"https:\/\/ceolawyer.com\/espanol\/faq\/ley-de-georgia\/accidente-automovilistico\/como-los-sistemas-para-evitar-accidentes-reducen-el-riesgo-de-accidentes-de-transito-en-atlanta\/","title":{"rendered":"Como los sistemas para evitar accidentes reducen el riesgo de accidentes de tr\u00e1nsito en Atlanta"},"content":{"rendered":"<p><img decoding=\"async\" class=\"alignright size-full wp-image-11814\" src=\"https:\/\/ceolawyer.com\/espanol\/wp-content\/uploads\/sites\/2\/2024\/04\/Como-los-sistemas-para-evitar-accidentes-reducen-el-riesgo-de-accidentes-de-yransito-en-Atlanta.webp\" alt=\"Un coche verde con el frontal destrozado atropellando a un cami\u00f3n despu\u00e9s de que un accidente lo destrozara.\" width=\"500\" height=\"333\" srcset=\"https:\/\/ceolawyer.com\/espanol\/wp-content\/uploads\/sites\/2\/2024\/04\/Como-los-sistemas-para-evitar-accidentes-reducen-el-riesgo-de-accidentes-de-yransito-en-Atlanta.webp 500w, https:\/\/ceolawyer.com\/espanol\/wp-content\/uploads\/sites\/2\/2024\/04\/Como-los-sistemas-para-evitar-accidentes-reducen-el-riesgo-de-accidentes-de-yransito-en-Atlanta-300x200.webp 300w\" sizes=\"(max-width: 500px) 100vw, 500px\" \/>Los autos y otros medios de transporte, han tenido tecnolog\u00edas de seguridad por d\u00e9cadas \u2013 cinturones de seguridad, bolsas de aire, zonas de deformaci\u00f3n programada, etc. Pero un n\u00famero de recientes innovaciones automovil\u00edsticas est\u00e1n siendo desarrolladas para evitar que haya accidentes.<\/p>\n<p>Estas innovaciones son conocidas como sistemas avanzados de asistencia de conducci\u00f3n o sistemas anti choques. Con la mayor\u00eda de los autos nuevos ofreciendo caracter\u00edsticas avanzadas de seguridad, es f\u00e1cil que los conductores empiecen a tom\u00e1rselo todo por garantizado, pero es crucial que no nos convirtamos en conductores que dan todo por hecho con estas tecnolog\u00edas que salvan vidas.<\/p>\n<p>Los accidentes pueden ocurrir y si usted est\u00e1 involucrado en uno, un abogado de lesiones personales puede hacer una gran diferencia ayud\u00e1ndote a obtener la compensaci\u00f3n a la que usted tiene derecho. En CEO Lawyer Personal Injury Law Firm estamos comprometidos en proveer a nuestros clientes con representaci\u00f3n legal efectiva, hecha a la medida individual que nos permita suplir las necesidades individuales de cada cliente.<\/p>\n<p>Nosotros investigaremos cuidadosamente las circunstancias de su accidente y construiremos un caso fuerte en su nombre, que le permita maximizar su recuperaci\u00f3n. Llamenos hoy al <a href=\"tel:+18883073792\"><strong>(888) 307-3792<\/strong><\/a> o complete el formulario de forma virtual en nuestra p\u00e1gina web para solicitar una revisi\u00f3n gratuita de su caso con uno de nuestros abogados de accidentes y lesiones personales.<\/p>\n<h2>Tipos de sistemas para evitar accidentes<\/h2>\n<p><a href=\"https:\/\/www.forbes.com\/advisor\/car-insurance\/\">Los sistemas para evitar accidentes<\/a> est\u00e1n dise\u00f1ados para reducir contratiempos y ayudar a conductores a evitar incidentes advirti\u00e9ndoles de posibles o inminentes choques:<\/p>\n<ul>\n<li>Los sistemas de alarma anti choque, alertan a los conductores de riesgos inminentes. Por ejemplo, si usted est\u00e1 a punto de chocar a alguien por detr\u00e1s, ellos le alertar\u00e1n con un sonido y un indicador visual como una luz intermitente o una imagen en su tablero de un peque\u00f1o auto con l\u00edneas onduladas en frente.<\/li>\n<li>Alertas de monitor de punto ciego: estas alertas se activan cuando hay algo en el punto ciego del veh\u00edculo, usualmente con una luz en el lado del espejo o en el soporte vertical del \u00e1rea de la ventana que se ilumina cuando algo est\u00e1 ah\u00ed. Los sistemas m\u00e1s avanzados usar\u00e1n un radar que detecta veh\u00edculos por fuera de su l\u00ednea de visibilidad y le alerta cuando esos objetos se muevan en su l\u00ednea.<\/li>\n<li>Las alertas por cambio de carril pueden hacer un zumbido cuando usted se cruce o salga de su l\u00ednea sin haber puesto la luz direccional. Estas alertas pueden ser especialmente \u00fatiles para conductores somnolientos y aquellos que son poco familiares con determinadas carreteras o \u00e1reas. Algunas ofrecen una capacidad de direcci\u00f3n limitada para suavemente ponerlo de vuelta en el carril si se sale de \u00e9l.<\/li>\n<li>Sistemas de freno autom\u00e1tico: Esta tecnolog\u00eda usa un sistema de radares y sensores que detecta cuando su veh\u00edculo se est\u00e1 acercando a un objeto. Desde all\u00ed, usted recibe una advertencia para corregir el error y luego, si usted no lo soluciona, los frenos se activan autom\u00e1ticamente para minimizar la magnitud del choque. Aunque los fabricantes no est\u00e1n obligados a incluir esta caracter\u00edstica en los autos a la luz de la ley o alguna regulaci\u00f3n, la mayor\u00eda de ellos voluntariamente est\u00e1 integrando esta caracter\u00edstica de freno autom\u00e1tico en los modelos de veh\u00edculos nuevos.<\/li>\n<li>Las luces autom\u00e1ticas de carretera son farolas delanteras que se ajustan hacia arriba y hacia abajo dependiendo de la iluminaci\u00f3n del ambiente, ajust\u00e1ndose autom\u00e1ticamente m\u00e1s fuerte si no hay veh\u00edculos alrededor y disminuyendo su fuerza cuando otro veh\u00edculo se aproxima o conduce en frente suyo. Esas luces t\u00edpicamente son parte de paquetes lujosos, pero actualmente est\u00e1n siendo ofrecidas en mayor proporci\u00f3n incluso en modelos que no son de lujo.<\/li>\n<li>Las alertas de aviso de colisi\u00f3n permiten que usted sepa cuando el tr\u00e1fico adelante ha disminuido la velocidad r\u00e1pidamente, en situaciones como una luz roja o debido a un accidente en la v\u00eda, as\u00ed usted pudiera evitar golpear el auto en frente suyo. Estos sistemas pueden incluir tambi\u00e9n sistemas de frenado autom\u00e1tico, que tambi\u00e9n previene y limita los accidentes frontales.<\/li>\n<li>Luces frontales adaptables: La mayor\u00eda de los autos tienen luces frontales est\u00e1ticas que apuntan en una direcci\u00f3n, sin importar hacia d\u00f3nde se dirige el auto. Las luces adaptables cambian su enfoque bas\u00e1ndose en la velocidad del veh\u00edculo y el movimiento del volante y las llantas. Esto permite a los conductores ver esquinas oscuras en la noche, incrementando la visibilidad durante el mal clima. Este sistema usa sensores para medir el \u00e1ngulo de las llantas, la posici\u00f3n del volante y la velocidad del auto, ajustando las luces frontales de manera acorde y apropiadamente.<\/li>\n<li>Sistemas de asistencia de parqueo, estos ayudan a los conductores a maniobrar el auto entrando y saliendo de un espacio de parqueo de manera m\u00e1s eficiente y mucho m\u00e1s segura, identificando espacios disponibles y autom\u00e1ticamente acomodando el auto a esos espacios. Algunos sistemas incluso controlan la aceleraci\u00f3n, el cambio de posici\u00f3n, el frenado y la selecci\u00f3n de marchas para maniobras de estacionamiento en paralelo y en reversa perpendicular.<\/li>\n<\/ul>\n<h2>Principios de la seguridad vehicular<\/h2>\n<p>Hoy en d\u00eda, los sistemas anti choques est\u00e1n revolucionando el mundo de la seguridad automovil\u00edstica. Esto es porque ellos no solo pretenden proteger al o los ocupantes del veh\u00edculo, sino que tambi\u00e9n tienen el potencial de prevenir accidentes en conjunto.<\/p>\n<p>Estos sistemas pueden operar independientemente y ayudar a conductores a evitar accidentes, proveyendo advertencias avanzadas frente a un choque. Algunos de esos sistemas como las luces frontales adaptables pueden incluso detectar y ayudar a prevenir choques por detr\u00e1s.<\/p>\n<p>A ra\u00edz de esas recientes innovaciones, la industria automovil\u00edstica ha cambiado su enfoque para seguir reduciendo la ocurrencia de accidentes de tr\u00e1nsito incluso a\u00fan m\u00e1s. Dentro de esas innovaciones se incluyen: Nuevos sistemas de prevenci\u00f3n de choques frontales que permiten a los veh\u00edculos detenerse o reducir la velocidad en el momento de un choque para prevenir que los accidentes sean mayores o m\u00e1s graves.<\/p>\n<p>El requisito previo para desarrollar tecnolog\u00edas de seguridad automovil\u00edstica como esas, ha sido que los choques fueran inevitables, pero ese no ha sido el caso.<\/p>\n<h2>Deber\u00eda conseguir un auto con caracter\u00edsticas avanzadas para evitar accidentes?<\/h2>\n<p>Que usted necesite o no sistemas avanzados de seguridad en su pr\u00f3ximo veh\u00edculo, es esencialmente un asunto de pura opini\u00f3n. Si usted va a comprar un auto nuevo, usted probablemente encontrar\u00e1 al menos algunos de esos sistemas incluidos de manera est\u00e1ndar, pero usted probablemente tendr\u00e1 que pagar adicional o mucho m\u00e1s si desea niveles de equipamiento m\u00e1s alto.<\/p>\n<p>Sin embargo, a pesar de que estos sistemas frecuentemente est\u00e1n publicitados como caracter\u00edsticas que hacen a los carros m\u00e1s seguros y mejor equipados, la mayor\u00eda de ellos est\u00e1n dise\u00f1ados para reducir la gravedad del accidente que de cualquier manera pasar\u00eda con o sin ellos. Si bien este es un objetivo valioso en s\u00ed mismo, debe tener cuidado de no aceptar afirmaciones de que es posible prevenir todos los accidentes utilizando la tecnolog\u00eda.<\/p>\n<p>Incluso los mejores sistemas de asistencia al conductor no hacen que los autom\u00f3viles sean lo suficientemente seguros como para usarlos sin prestar atenci\u00f3n.<\/p>\n<h2>Hable con abogados dedicados a procesos en lesiones personales en CEO Lawyer<\/h2>\n<p>La \u00faltima generaci\u00f3n de veh\u00edculos est\u00e1 completamente equipada con tecnolog\u00eda que tiene el potencial de mejorar la seguridad de los conductores. Si bien estas caracter\u00edsticas de seguridad son efectivas y reducen el riesgo de un accidente de tr\u00e1nsito, ellas no los eliminan por completo.<\/p>\n<p>Si usted ha sido herido porque otro conductor fall\u00f3 en ejecutar apropiadamente el debido cuidado obligatorio para todos los conductores detr\u00e1s de un volante, usted podr\u00eda tener derecho a compensaci\u00f3n econ\u00f3mica por sus lesiones y otros da\u00f1os considerando la ley de Georgia.<\/p>\n<p>En CEO Lawyer Personal Injury Law Firm le ofrecemos consulta gratuita a nuestros clientes potenciales para que puedan entender mejor las opciones legales sin riesgo de afectaci\u00f3n financiera. A trav\u00e9s de negociaciones de conciliaci\u00f3n o un juicio, lucharemos por lo que se le debe para que pueda concentrarse en recuperarse f\u00edsica y emocionalmente de sus lesiones con estabilidad financiera y tranquilidad.<\/p>\n<p>Para programar su reuni\u00f3n con un abogado experto en <a href=\"https:\/\/ceolawyer.com\/atlanta-personal-injury\/car-accident-lawyer\/\">accidentes automovil\u00edsticos en Atlanta<\/a>, ll\u00e1menos al <a href=\"tel:+18883073792\"><strong>(888) 307-3792<\/strong><\/a> o <a href=\"https:\/\/ceolawyer.com\/contact-us\/\">cont\u00e1ctenos en l\u00ednea hoy<\/a>.<\/p>\n","protected":false},"excerpt":{"rendered":"<p>Los autos y otros medios de transporte, han tenido tecnolog\u00edas de seguridad por d\u00e9cadas \u2013 cinturones de seguridad, bolsas de aire, zonas de deformaci\u00f3n programada, etc. Pero un n\u00famero de recientes innovaciones automovil\u00edsticas est\u00e1n siendo desarrolladas para evitar que haya accidentes. Estas innovaciones son conocidas como sistemas avanzados de asistencia de conducci\u00f3n o sistemas anti [&hellip;]<\/p>\n","protected":false},"author":18,"featured_media":11814,"parent":13289,"menu_order":0,"comment_status":"closed","ping_status":"closed","template":"","meta":{"_acf_changed":false,"footnotes":""},"class_list":["post-11812","page","type-page","status-publish","has-post-thumbnail","hentry"],"acf":[],"yoast_head":"<!-- This site is optimized with the Yoast SEO plugin v27.2 - https:\/\/yoast.com\/product\/yoast-seo-wordpress\/ -->\n<title>Sistemas Anticolisi\u00f3n y su Impacto en Accidentes en Atlanta | CEO Lawyer<\/title>\n<meta name=\"description\" content=\"Descubra c\u00f3mo los sistemas para evitar accidentes pueden ayudarle a protegerse. Llame a The CEO Lawyer Personal Injury Law Firm hoy al 888-307-3792.\" \/>\n<meta name=\"robots\" content=\"index, follow, max-snippet:-1, max-image-preview:large, max-video-preview:-1\" \/>\n<link rel=\"canonical\" href=\"https:\/\/ceolawyer.com\/espanol\/faq\/ley-de-georgia\/accidente-automovilistico\/como-los-sistemas-para-evitar-accidentes-reducen-el-riesgo-de-accidentes-de-transito-en-atlanta\/\" \/>\n<meta property=\"og:locale\" content=\"en_US\" \/>\n<meta property=\"og:type\" content=\"article\" \/>\n<meta property=\"og:title\" content=\"Sistemas Anticolisi\u00f3n y su Impacto en Accidentes en Atlanta | CEO Lawyer\" \/>\n<meta property=\"og:description\" content=\"Descubra c\u00f3mo los sistemas para evitar accidentes pueden ayudarle a protegerse. Llame a The CEO Lawyer Personal Injury Law Firm hoy al 888-307-3792.\" \/>\n<meta property=\"og:url\" content=\"https:\/\/ceolawyer.com\/espanol\/faq\/ley-de-georgia\/accidente-automovilistico\/como-los-sistemas-para-evitar-accidentes-reducen-el-riesgo-de-accidentes-de-transito-en-atlanta\/\" \/>\n<meta property=\"og:site_name\" content=\"CEO Lawyer\" \/>\n<meta property=\"article:modified_time\" content=\"2026-03-18T18:14:26+00:00\" \/>\n<meta property=\"og:image\" content=\"https:\/\/ceolawyer.com\/espanol\/wp-content\/uploads\/sites\/2\/2024\/04\/Como-los-sistemas-para-evitar-accidentes-reducen-el-riesgo-de-accidentes-de-yransito-en-Atlanta.webp\" \/>\n\t<meta property=\"og:image:width\" content=\"500\" \/>\n\t<meta property=\"og:image:height\" content=\"333\" \/>\n\t<meta property=\"og:image:type\" content=\"image\/webp\" \/>\n<meta name=\"twitter:card\" content=\"summary_large_image\" \/>\n<meta name=\"twitter:label1\" content=\"Est. reading time\" \/>\n\t<meta name=\"twitter:data1\" content=\"7 minutes\" \/>\n<script type=\"application\/ld+json\" class=\"yoast-schema-graph\">{\"@context\":\"https:\/\/schema.org\",\"@graph\":[{\"@type\":\"WebPage\",\"@id\":\"https:\/\/ceolawyer.com\/espanol\/faq\/ley-de-georgia\/accidente-automovilistico\/como-los-sistemas-para-evitar-accidentes-reducen-el-riesgo-de-accidentes-de-transito-en-atlanta\/\",\"url\":\"https:\/\/ceolawyer.com\/espanol\/faq\/ley-de-georgia\/accidente-automovilistico\/como-los-sistemas-para-evitar-accidentes-reducen-el-riesgo-de-accidentes-de-transito-en-atlanta\/\",\"name\":\"Sistemas Anticolisi\u00f3n y su Impacto en Accidentes en Atlanta | CEO Lawyer\",\"isPartOf\":{\"@id\":\"https:\/\/ceolawyer.com\/espanol\/#website\"},\"primaryImageOfPage\":{\"@id\":\"https:\/\/ceolawyer.com\/espanol\/faq\/ley-de-georgia\/accidente-automovilistico\/como-los-sistemas-para-evitar-accidentes-reducen-el-riesgo-de-accidentes-de-transito-en-atlanta\/#primaryimage\"},\"image\":{\"@id\":\"https:\/\/ceolawyer.com\/espanol\/faq\/ley-de-georgia\/accidente-automovilistico\/como-los-sistemas-para-evitar-accidentes-reducen-el-riesgo-de-accidentes-de-transito-en-atlanta\/#primaryimage\"},\"thumbnailUrl\":\"https:\/\/ceolawyer.com\/espanol\/wp-content\/uploads\/sites\/2\/2024\/04\/Como-los-sistemas-para-evitar-accidentes-reducen-el-riesgo-de-accidentes-de-yransito-en-Atlanta.webp\",\"datePublished\":\"2024-04-24T18:11:18+00:00\",\"dateModified\":\"2026-03-18T18:14:26+00:00\",\"description\":\"Descubra c\u00f3mo los sistemas para evitar accidentes pueden ayudarle a protegerse. Llame a The CEO Lawyer Personal Injury Law Firm hoy al 888-307-3792.\",\"breadcrumb\":{\"@id\":\"https:\/\/ceolawyer.com\/espanol\/faq\/ley-de-georgia\/accidente-automovilistico\/como-los-sistemas-para-evitar-accidentes-reducen-el-riesgo-de-accidentes-de-transito-en-atlanta\/#breadcrumb\"},\"inLanguage\":\"en-US\",\"potentialAction\":[{\"@type\":\"ReadAction\",\"target\":[\"https:\/\/ceolawyer.com\/espanol\/faq\/ley-de-georgia\/accidente-automovilistico\/como-los-sistemas-para-evitar-accidentes-reducen-el-riesgo-de-accidentes-de-transito-en-atlanta\/\"]}]},{\"@type\":\"ImageObject\",\"inLanguage\":\"en-US\",\"@id\":\"https:\/\/ceolawyer.com\/espanol\/faq\/ley-de-georgia\/accidente-automovilistico\/como-los-sistemas-para-evitar-accidentes-reducen-el-riesgo-de-accidentes-de-transito-en-atlanta\/#primaryimage\",\"url\":\"https:\/\/ceolawyer.com\/espanol\/wp-content\/uploads\/sites\/2\/2024\/04\/Como-los-sistemas-para-evitar-accidentes-reducen-el-riesgo-de-accidentes-de-yransito-en-Atlanta.webp\",\"contentUrl\":\"https:\/\/ceolawyer.com\/espanol\/wp-content\/uploads\/sites\/2\/2024\/04\/Como-los-sistemas-para-evitar-accidentes-reducen-el-riesgo-de-accidentes-de-yransito-en-Atlanta.webp\",\"width\":500,\"height\":333,\"caption\":\"Un coche verde con el frontal destrozado atropellando a un cami\u00f3n despu\u00e9s de que un accidente lo destrozara.\"},{\"@type\":\"BreadcrumbList\",\"@id\":\"https:\/\/ceolawyer.com\/espanol\/faq\/ley-de-georgia\/accidente-automovilistico\/como-los-sistemas-para-evitar-accidentes-reducen-el-riesgo-de-accidentes-de-transito-en-atlanta\/#breadcrumb\",\"itemListElement\":[{\"@type\":\"ListItem\",\"position\":1,\"name\":\"Home\",\"item\":\"https:\/\/ceolawyer.com\/espanol\/\"},{\"@type\":\"ListItem\",\"position\":2,\"name\":\"FAQ\",\"item\":\"https:\/\/ceolawyer.com\/espanol\/faq\/\"},{\"@type\":\"ListItem\",\"position\":3,\"name\":\"Lesiones personales en Georgia FAQ\",\"item\":\"https:\/\/ceolawyer.com\/espanol\/faq\/ley-de-georgia\/\"},{\"@type\":\"ListItem\",\"position\":4,\"name\":\"Como los sistemas para evitar accidentes reducen el riesgo de accidentes de tr\u00e1nsito en Atlanta\"}]},{\"@type\":\"WebSite\",\"@id\":\"https:\/\/ceolawyer.com\/espanol\/#website\",\"url\":\"https:\/\/ceolawyer.com\/espanol\/\",\"name\":\"CEO Lawyer\",\"description\":\"Personal Injury Attorney\",\"publisher\":{\"@id\":\"https:\/\/ceolawyer.com\/espanol\/#organization\"},\"potentialAction\":[{\"@type\":\"SearchAction\",\"target\":{\"@type\":\"EntryPoint\",\"urlTemplate\":\"https:\/\/ceolawyer.com\/espanol\/?s={search_term_string}\"},\"query-input\":{\"@type\":\"PropertyValueSpecification\",\"valueRequired\":true,\"valueName\":\"search_term_string\"}}],\"inLanguage\":\"en-US\"},{\"@type\":\"Organization\",\"@id\":\"https:\/\/ceolawyer.com\/espanol\/#organization\",\"name\":\"CEO Lawyer\",\"url\":\"https:\/\/ceolawyer.com\/espanol\/\",\"logo\":{\"@type\":\"ImageObject\",\"inLanguage\":\"en-US\",\"@id\":\"https:\/\/ceolawyer.com\/espanol\/#\/schema\/logo\/image\/\",\"url\":\"https:\/\/ceolawyer.com\/espanol\/wp-content\/uploads\/sites\/2\/2022\/05\/CEO_Logo.png\",\"contentUrl\":\"https:\/\/ceolawyer.com\/espanol\/wp-content\/uploads\/sites\/2\/2022\/05\/CEO_Logo.png\",\"width\":200,\"height\":108,\"caption\":\"CEO Lawyer\"},\"image\":{\"@id\":\"https:\/\/ceolawyer.com\/espanol\/#\/schema\/logo\/image\/\"}}]}<\/script>\n<!-- \/ Yoast SEO plugin. -->","yoast_head_json":{"title":"Sistemas Anticolisi\u00f3n y su Impacto en Accidentes en Atlanta | CEO Lawyer","description":"Descubra c\u00f3mo los sistemas para evitar accidentes pueden ayudarle a protegerse. Llame a The CEO Lawyer Personal Injury Law Firm hoy al 888-307-3792.","robots":{"index":"index","follow":"follow","max-snippet":"max-snippet:-1","max-image-preview":"max-image-preview:large","max-video-preview":"max-video-preview:-1"},"canonical":"https:\/\/ceolawyer.com\/espanol\/faq\/ley-de-georgia\/accidente-automovilistico\/como-los-sistemas-para-evitar-accidentes-reducen-el-riesgo-de-accidentes-de-transito-en-atlanta\/","og_locale":"en_US","og_type":"article","og_title":"Sistemas Anticolisi\u00f3n y su Impacto en Accidentes en Atlanta | CEO Lawyer","og_description":"Descubra c\u00f3mo los sistemas para evitar accidentes pueden ayudarle a protegerse. Llame a The CEO Lawyer Personal Injury Law Firm hoy al 888-307-3792.","og_url":"https:\/\/ceolawyer.com\/espanol\/faq\/ley-de-georgia\/accidente-automovilistico\/como-los-sistemas-para-evitar-accidentes-reducen-el-riesgo-de-accidentes-de-transito-en-atlanta\/","og_site_name":"CEO Lawyer","article_modified_time":"2026-03-18T18:14:26+00:00","og_image":[{"width":500,"height":333,"url":"https:\/\/ceolawyer.com\/espanol\/wp-content\/uploads\/sites\/2\/2024\/04\/Como-los-sistemas-para-evitar-accidentes-reducen-el-riesgo-de-accidentes-de-yransito-en-Atlanta.webp","type":"image\/webp"}],"twitter_card":"summary_large_image","twitter_misc":{"Est. reading time":"7 minutes"},"schema":{"@context":"https:\/\/schema.org","@graph":[{"@type":"WebPage","@id":"https:\/\/ceolawyer.com\/espanol\/faq\/ley-de-georgia\/accidente-automovilistico\/como-los-sistemas-para-evitar-accidentes-reducen-el-riesgo-de-accidentes-de-transito-en-atlanta\/","url":"https:\/\/ceolawyer.com\/espanol\/faq\/ley-de-georgia\/accidente-automovilistico\/como-los-sistemas-para-evitar-accidentes-reducen-el-riesgo-de-accidentes-de-transito-en-atlanta\/","name":"Sistemas Anticolisi\u00f3n y su Impacto en Accidentes en Atlanta | CEO Lawyer","isPartOf":{"@id":"https:\/\/ceolawyer.com\/espanol\/#website"},"primaryImageOfPage":{"@id":"https:\/\/ceolawyer.com\/espanol\/faq\/ley-de-georgia\/accidente-automovilistico\/como-los-sistemas-para-evitar-accidentes-reducen-el-riesgo-de-accidentes-de-transito-en-atlanta\/#primaryimage"},"image":{"@id":"https:\/\/ceolawyer.com\/espanol\/faq\/ley-de-georgia\/accidente-automovilistico\/como-los-sistemas-para-evitar-accidentes-reducen-el-riesgo-de-accidentes-de-transito-en-atlanta\/#primaryimage"},"thumbnailUrl":"https:\/\/ceolawyer.com\/espanol\/wp-content\/uploads\/sites\/2\/2024\/04\/Como-los-sistemas-para-evitar-accidentes-reducen-el-riesgo-de-accidentes-de-yransito-en-Atlanta.webp","datePublished":"2024-04-24T18:11:18+00:00","dateModified":"2026-03-18T18:14:26+00:00","description":"Descubra c\u00f3mo los sistemas para evitar accidentes pueden ayudarle a protegerse. Llame a The CEO Lawyer Personal Injury Law Firm hoy al 888-307-3792.","breadcrumb":{"@id":"https:\/\/ceolawyer.com\/espanol\/faq\/ley-de-georgia\/accidente-automovilistico\/como-los-sistemas-para-evitar-accidentes-reducen-el-riesgo-de-accidentes-de-transito-en-atlanta\/#breadcrumb"},"inLanguage":"en-US","potentialAction":[{"@type":"ReadAction","target":["https:\/\/ceolawyer.com\/espanol\/faq\/ley-de-georgia\/accidente-automovilistico\/como-los-sistemas-para-evitar-accidentes-reducen-el-riesgo-de-accidentes-de-transito-en-atlanta\/"]}]},{"@type":"ImageObject","inLanguage":"en-US","@id":"https:\/\/ceolawyer.com\/espanol\/faq\/ley-de-georgia\/accidente-automovilistico\/como-los-sistemas-para-evitar-accidentes-reducen-el-riesgo-de-accidentes-de-transito-en-atlanta\/#primaryimage","url":"https:\/\/ceolawyer.com\/espanol\/wp-content\/uploads\/sites\/2\/2024\/04\/Como-los-sistemas-para-evitar-accidentes-reducen-el-riesgo-de-accidentes-de-yransito-en-Atlanta.webp","contentUrl":"https:\/\/ceolawyer.com\/espanol\/wp-content\/uploads\/sites\/2\/2024\/04\/Como-los-sistemas-para-evitar-accidentes-reducen-el-riesgo-de-accidentes-de-yransito-en-Atlanta.webp","width":500,"height":333,"caption":"Un coche verde con el frontal destrozado atropellando a un cami\u00f3n despu\u00e9s de que un accidente lo destrozara."},{"@type":"BreadcrumbList","@id":"https:\/\/ceolawyer.com\/espanol\/faq\/ley-de-georgia\/accidente-automovilistico\/como-los-sistemas-para-evitar-accidentes-reducen-el-riesgo-de-accidentes-de-transito-en-atlanta\/#breadcrumb","itemListElement":[{"@type":"ListItem","position":1,"name":"Home","item":"https:\/\/ceolawyer.com\/espanol\/"},{"@type":"ListItem","position":2,"name":"FAQ","item":"https:\/\/ceolawyer.com\/espanol\/faq\/"},{"@type":"ListItem","position":3,"name":"Lesiones personales en Georgia FAQ","item":"https:\/\/ceolawyer.com\/espanol\/faq\/ley-de-georgia\/"},{"@type":"ListItem","position":4,"name":"Como los sistemas para evitar accidentes reducen el riesgo de accidentes de tr\u00e1nsito en Atlanta"}]},{"@type":"WebSite","@id":"https:\/\/ceolawyer.com\/espanol\/#website","url":"https:\/\/ceolawyer.com\/espanol\/","name":"CEO Lawyer","description":"Personal Injury Attorney","publisher":{"@id":"https:\/\/ceolawyer.com\/espanol\/#organization"},"potentialAction":[{"@type":"SearchAction","target":{"@type":"EntryPoint","urlTemplate":"https:\/\/ceolawyer.com\/espanol\/?s={search_term_string}"},"query-input":{"@type":"PropertyValueSpecification","valueRequired":true,"valueName":"search_term_string"}}],"inLanguage":"en-US"},{"@type":"Organization","@id":"https:\/\/ceolawyer.com\/espanol\/#organization","name":"CEO Lawyer","url":"https:\/\/ceolawyer.com\/espanol\/","logo":{"@type":"ImageObject","inLanguage":"en-US","@id":"https:\/\/ceolawyer.com\/espanol\/#\/schema\/logo\/image\/","url":"https:\/\/ceolawyer.com\/espanol\/wp-content\/uploads\/sites\/2\/2022\/05\/CEO_Logo.png","contentUrl":"https:\/\/ceolawyer.com\/espanol\/wp-content\/uploads\/sites\/2\/2022\/05\/CEO_Logo.png","width":200,"height":108,"caption":"CEO Lawyer"},"image":{"@id":"https:\/\/ceolawyer.com\/espanol\/#\/schema\/logo\/image\/"}}]}},"_links":{"self":[{"href":"https:\/\/ceolawyer.com\/espanol\/wp-json\/wp\/v2\/pages\/11812","targetHints":{"allow":["GET"]}}],"collection":[{"href":"https:\/\/ceolawyer.com\/espanol\/wp-json\/wp\/v2\/pages"}],"about":[{"href":"https:\/\/ceolawyer.com\/espanol\/wp-json\/wp\/v2\/types\/page"}],"author":[{"embeddable":true,"href":"https:\/\/ceolawyer.com\/espanol\/wp-json\/wp\/v2\/users\/18"}],"replies":[{"embeddable":true,"href":"https:\/\/ceolawyer.com\/espanol\/wp-json\/wp\/v2\/comments?post=11812"}],"version-history":[{"count":0,"href":"https:\/\/ceolawyer.com\/espanol\/wp-json\/wp\/v2\/pages\/11812\/revisions"}],"up":[{"embeddable":true,"href":"https:\/\/ceolawyer.com\/espanol\/wp-json\/wp\/v2\/pages\/13289"}],"wp:featuredmedia":[{"embeddable":true,"href":"https:\/\/ceolawyer.com\/espanol\/wp-json\/wp\/v2\/media\/11814"}],"wp:attachment":[{"href":"https:\/\/ceolawyer.com\/espanol\/wp-json\/wp\/v2\/media?parent=11812"}],"curies":[{"name":"wp","href":"https:\/\/api.w.org\/{rel}","templated":true}]}}