{"id":11815,"date":"2024-04-24T18:16:16","date_gmt":"2024-04-24T18:16:16","guid":{"rendered":"https:\/\/ceolawyer.com\/espanol\/?page_id=11815"},"modified":"2026-03-18T18:15:08","modified_gmt":"2026-03-18T18:15:08","slug":"como-occurren-los-accidentes-en-el-arcen-de-la-via-en-atlanta","status":"publish","type":"page","link":"https:\/\/ceolawyer.com\/espanol\/faq\/ley-de-georgia\/accidente-automovilistico\/como-occurren-los-accidentes-en-el-arcen-de-la-via-en-atlanta\/","title":{"rendered":"\u00bfC\u00f3mo occurren los accidentes en el arc\u00e9n de la v\u00eda en Atlanta?"},"content":{"rendered":"<p><img decoding=\"async\" class=\"alignright size-full wp-image-11817\" src=\"https:\/\/ceolawyer.com\/espanol\/wp-content\/uploads\/sites\/2\/2024\/04\/Como-occurren-los-accidentes-en-el-arcen-de-la-via-en-Atlanta.webp\" alt=\"Un cami\u00f3n con la parte trasera da\u00f1ada tras una colisi\u00f3n en el arc\u00e9n de una carretera.\" width=\"500\" height=\"333\" srcset=\"https:\/\/ceolawyer.com\/espanol\/wp-content\/uploads\/sites\/2\/2024\/04\/Como-occurren-los-accidentes-en-el-arcen-de-la-via-en-Atlanta.webp 500w, https:\/\/ceolawyer.com\/espanol\/wp-content\/uploads\/sites\/2\/2024\/04\/Como-occurren-los-accidentes-en-el-arcen-de-la-via-en-Atlanta-300x200.webp 300w\" sizes=\"(max-width: 500px) 100vw, 500px\" \/>Ver un auto orillarse en el arc\u00e9n o berma de la carretera no es un evento extra\u00f1o. Un mal tiempo, un pinchazo en una llanta, tr\u00e1fico, problemas con el motor, un conductor distra\u00eddo; todas estas razones obligan a los conductores a orillarse en la v\u00eda.<\/p>\n<p>El resultado de las v\u00edas obstaculizadas o congestionadas es un alto riesgo de colisi\u00f3n con el veh\u00edculo estacionado. Despu\u00e9s de dicha colisi\u00f3n determinar la responsabilidad puede ser un gran reto.<\/p>\n<p>En estos casos el abogado Ali y su firma de abogados CEO Lawyer Personal Injury Law Firm pueden ayudarle.<\/p>\n<p>Si su veh\u00edculo estuvo involucrado en una colisi\u00f3n mientras estaba orillado en la berma o el carril lento de la autopista p\u00f3ngase en contacto con nosotros. Nosotros comprendemos lo dif\u00edcil que es navegar a trav\u00e9s de toda la informaci\u00f3n legal que usted merece.<\/p>\n<p>Nuestros abogados de lesiones personales y accidentes pueden analizar su caso y ayudarle a determinar cu\u00e1nta compensaci\u00f3n merece. \u00a1<a href=\"https:\/\/ceolawyer.com\/contact-us\/\">Cont\u00e1ctenos<\/a> hoy al <a href=\"tel:+18883073792\"><strong>(888) 307-3792<\/strong><\/a> para una consulta gratis!<\/p>\n<p>Un veh\u00edculo averiado en el costado del camino es algo com\u00fan. Usualmente se debe a un motor recalentado, falta de combustible o cualquier otro problema.<\/p>\n<p>Sin embargo, uno de los errores m\u00e1s frecuentes que cometen los conductores al orillarse en la carretera es al volver a incorporarse al tr\u00e1fico. Los conductores que se orillan en la berma sin dejar suficiente espacio entre este y el carril m\u00e1s cercano, aumentan las posibilidades de sufrir accidentes.<\/p>\n<p>Aunque es esencial detener el veh\u00edculo cuando hay otro en la orilla de la v\u00eda es f\u00e1cil malinterpretar la distancia adecuada debido a la velocidad del tr\u00e1fico. Es posible que deba orillarse tambi\u00e9n para evitar un accidente, sin embargo, esto puede crear problemas para usted u otros conductores si est\u00e1n muy cerca.<\/p>\n<p>En el estado de Georgia, hay una ley llamada Move Over Law o Ley \u201cHazte a un lado\u201d la cual establece que si un veh\u00edculo est\u00e1 estacionado al lado de la v\u00eda con las luces intermitentes encendidas, el conductor en movimiento deber\u00e1 trasladarse al pr\u00f3ximo carril a la izquierda o reducir su velocidad.<\/p>\n<h2>Ley \u201chazte a un lado\u201d en el estado de Georgia<\/h2>\n<p>Es una triste estad\u00edstica que m\u00e1s de 1,200 personas han fallecido en la \u00faltima d\u00e9cada mientras ejerc\u00edan sus labores a un costado de la v\u00eda, y esa cifra ha venido incrementando a\u00f1o tras a\u00f1o. La ley \u201cHazte a un lado\u201d establece que el conductor debe orillarse, reducir su velocidad o cambiar de carril al acercarse a un veh\u00edculo de emergencias con sus luces de emergencia encendidas.<\/p>\n<p>La ley existe para proteger a los servidores p\u00fablicos como bomberos, oficiales de polic\u00eda y trabajadores de los servicios de emergencia.<\/p>\n<p>Seg\u00fan el c\u00f3digo 40-6-16 Move Over Law establece que: Si el conductor ve un veh\u00edculo de emergencias o de servicios estacionado a un lado de la v\u00eda con sus luces intermitentes o de emergencia encendidos, o incluso mientras este comienza a ponerse en marcha para reintegrarse al tr\u00e1fico, usted deber\u00e1 guardar la distancia de un carril.<\/p>\n<p>Cuando no haya suficiente espacio para guardar la distancia reglamentaria debido a las condiciones del tr\u00e1fico o de la v\u00eda por la que transita, el conductor deber\u00e1 reducir su velocidad hasta que sea pertinente orillarse. Esta ley usualmente incluye multas obligatorias a cualquiera que haya violado estas leyes y restricciones, sin excepciones.<\/p>\n<h2>\u00bfQu\u00e9 tan peligrosa es la orilla de la carretera?<\/h2>\n<p>Hay diferentes causas por las cuales las paradas de emergencia son necesarias, y adem\u00e1s ocurren cuando usted menos lo espera. Incluyendo un neum\u00e1tico averiado\/ponchado, o una falla s\u00fabita del motor, o quiz\u00e1 que el veh\u00edculo se apague sin raz\u00f3n aparente. M\u00e1s de 1,500 personas resultan heridas o fallecen cada a\u00f1o al orillarse en la carretera sin tener una emergencia real.<\/p>\n<p>Cuando un accidente automovil\u00edstico ocurre en el costado de la carretera, determinar qui\u00e9n fue culpable puede ser dif\u00edcil. En colisiones que ocurren dentro de la carretera es por lo general m\u00e1s f\u00e1cil determinar la culpabilidad.<\/p>\n<p>Sin embargo, en algunas ocasiones, el poder determinar la responsabilidad en la orilla de la carretera puede no ser tan obvio o evidente.<\/p>\n<p>Si su neum\u00e1tico pierde presi\u00f3n o estalla en la carretera, mantenga la calma y no apriete los frenos. Si su volante comienza a vibrar y agitarse de manera incontrolable, retire su pie por completo del acelerador y poco a poco pierda velocidad\/fren\u00e9 hasta que pueda orillarse de manera segura.<\/p>\n<p>Aseg\u00farese de indicar o avisar a los conductores a su alrededor de sus intenciones de orillarse. Luego, trate de aparcar su veh\u00edculo lo m\u00e1s lejos posible de otros veh\u00edculos y llame a la polic\u00eda para que le asignen una gr\u00faa o remolque.<\/p>\n<h2>\u00bfCu\u00e1les son las causas de los accidentes en la orilla de la carretera?<\/h2>\n<p>La berma de la carretera es un lugar conveniente para orillarse porque est\u00e1 justo al lado de la v\u00eda por la cual usted puede continuar conduciendo. Desafortunadamente, esta conveniencia hace que la mayor\u00eda de las personas opten por este lugar cuando necesitan detenerse y aunque es conveniente es un lugar peligroso por m\u00faltiples razones.<\/p>\n<p>La falta de visibilidad puede causar que los conductores se acerquen mucho a la berma, o invadirla por completo sin darse cuenta, adem\u00e1s la berma es m\u00e1s estrecha que un carril normal, por lo que, si usted no vio otro conductor detenerse en la carretera y no reacciona a tiempo, puede verse envuelto en un accidente.<\/p>\n<p>Los conductores se orillan m\u00e1s frecuentemente en invierno y verano. Esto es porque los veh\u00edculos est\u00e1n en mayor riesgo de recalentarse por el calor o averiarse por el fr\u00edo extremo.<\/p>\n<p>Aunque las razones m\u00e1s t\u00edpicas para orillarse suelen ser problemas con los neum\u00e1ticos, el motor, falta de combustible, problemas con los frenos, sumado a otra variedad de situaciones que suelen ocurrir cuando menos las espera.<\/p>\n<p>Los conductores siempre deben orillarse cuando lidian con distracciones, bajas velocidades de tr\u00e1nsito o desv\u00edos. Sin embargo, aparcar en la orilla de la ruta es muy peligroso y crea un obst\u00e1culo que evita que los dem\u00e1s conductores puedan usar su carril en su totalidad.<\/p>\n<p>Con una gran cantidad de carreteras teniendo solo un carril por direcci\u00f3n tambi\u00e9n puede causar atascos. Es mucho m\u00e1s seguro y recomendado encontrar un lugar lo m\u00e1s alejado del tr\u00e1fico posible para detenerse, incluso si esto implica desviarse un poco de la ruta planeada.<\/p>\n<h2>\u00bfC\u00f3mo orillarse de manera segura?<\/h2>\n<p>Siempre or\u00edllese lo m\u00e1s lejos de la berma antes de detenerse. Si usted debe detenerse aqu\u00ed gire las ruedas hacia el carril de emergencia m\u00e1s a la derecha. Si se encuentra en una autopista interestatal u otra carretera importante, intente sacar SU VEH\u00cdCULO completamente fuera de la carretera.<\/p>\n<p>De esa manera, ambos carriles de tr\u00e1fico podr\u00e1n seguir fluyendo. Si usted no puede ubicar su veh\u00edculo completamente fuera de la carretera, encienda sus luces intermitentes, coloque bengalas detr\u00e1s de su autom\u00f3vil y al\u00e9jese de su veh\u00edculo al menos 10 pies por detr\u00e1s de la barandilla de seguridad. Aseg\u00farese siempre de estar alejado de veh\u00edculos en movimiento antes de intentar salir de su veh\u00edculo despu\u00e9s de un accidente.<\/p>\n<h2>Determinar la responsabilidad por un accidente en la orilla de la carretera<\/h2>\n<p>Como en la mayor\u00eda de los accidentes, las circunstancias que rodean a los accidentes en la orilla de la carretera var\u00edan unos de otros. Es por esto, que puede ser todo un reto determinar si alguien tuvo la responsabilidad completa del accidente.<\/p>\n<p>En algunos casos, donde no hay marcas, l\u00edneas para estacionarse a un costado de la v\u00eda o indicadores que separan la berma de la v\u00eda, determinar la culpabilidad es m\u00e1s complicado.<\/p>\n<p>La culpabilidad puede determinarse en un accidente a la orilla de la carretera al investigar la intersecci\u00f3n donde ocurri\u00f3 el incidente. La investigaci\u00f3n se enfocar\u00eda en verificar la presencia de se\u00f1ales o indicadores de tr\u00e1fico, si es una intersecci\u00f3n con tr\u00e1fico en doble sentido y qu\u00e9 factores pudieron haber contribuido a \u00e9ste.<\/p>\n<p>Determinar la culpabilidad requiere de la evaluaci\u00f3n de las personas involucradas. Las caracter\u00edsticas f\u00edsicas, historia cl\u00ednica, enfermedades o heridas preexistentes e incluso el estado mental cuando ocurri\u00f3 el incidente son factores relevantes.<\/p>\n<p>Tambi\u00e9n lo son reclamos previos con la compa\u00f1\u00eda de seguros del veh\u00edculo o condenas que involucren violaciones de las normas de tr\u00e1nsito.<\/p>\n<p>En la mayor\u00eda de los casos, el conductor que se presume culpable de esta clase de accidentes necesitar\u00e1 probar la negligencia de la otra parte implicada. Para probar esto, el conductor deber\u00e1 demostrar que hubo negligencia en un deber (obligaci\u00f3n legal) de la otra parte para evitar o no obstaculizar el tr\u00e1fico y que esta parte fall\u00f3 (incumpli\u00f3) con su deber al no tener precauci\u00f3n al operar su veh\u00edculo.<\/p>\n<h2>\u00bfPor qu\u00e9 buscar la ayuda del abogado Ali Awad?<\/h2>\n<p>En las carreteras rurales y autopistas, los accidentes a la orilla de la v\u00eda pueden acarrear graves lesiones y heridas o la muerte. Esto se debe a que el tr\u00e1fico se mueve a gran velocidad y generalmente est\u00e1 m\u00e1s cerca del carril de circulaci\u00f3n que otros segmentos de la carretera.<\/p>\n<p>Camiones, autom\u00f3viles y autobuses tambi\u00e9n pueden atropellar a peatones o ciclistas que se encuentran en la orilla de la carretera. Los conductores por lo general ignoran que detenerse en la berma de la autopista o carretera en realidad aumenta el riesgo de verse involucrados en un accidente o lesiones a causa de este.<\/p>\n<p>Si usted sufri\u00f3 una lesi\u00f3n grave en un accidente causado por otra persona, probablemente tenga derecho a una compensaci\u00f3n para ayudar a pagar su tratamiento y recuperaci\u00f3n. El abogado Ali puede ayudarle a conseguir su compensaci\u00f3n.<\/p>\n<p>Cuando ocurren accidentes, nuestra firma, The CEO Lawyer Personal Injury Law Firm trabaja incansablemente en nombre de todos nuestros clientes para garantizar que reciban la representaci\u00f3n integral y agresiva que necesitan al enfrentar el complejo proceso de recuperaci\u00f3n.<\/p>\n<p>Nuestro equipo est\u00e1 comprometido a ayudar a las v\u00edctimas de accidentes automovil\u00edsticos a resolver su caso en lo que respecta a la recuperaci\u00f3n. Llame al <a href=\"tel:+18883073792\"><strong>(888) 307-3792<\/strong><\/a> o visite nuestro sitio web para programar su consulta gratuita.<\/p>\n","protected":false},"excerpt":{"rendered":"<p>Ver un auto orillarse en el arc\u00e9n o berma de la carretera no es un evento extra\u00f1o. Un mal tiempo, un pinchazo en una llanta, tr\u00e1fico, problemas con el motor, un conductor distra\u00eddo; todas estas razones obligan a los conductores a orillarse en la v\u00eda. El resultado de las v\u00edas obstaculizadas o congestionadas es un [&hellip;]<\/p>\n","protected":false},"author":18,"featured_media":11817,"parent":13289,"menu_order":0,"comment_status":"closed","ping_status":"closed","template":"","meta":{"_acf_changed":false,"footnotes":""},"class_list":["post-11815","page","type-page","status-publish","has-post-thumbnail","hentry"],"acf":[],"yoast_head":"<!-- This site is optimized with the Yoast SEO plugin v27.2 - https:\/\/yoast.com\/product\/yoast-seo-wordpress\/ -->\n<title>\u00bfC\u00f3mo Ocurren los Accidentes en el Arc\u00e9n en Atlanta? | CEO Lawyer<\/title>\n<meta name=\"description\" content=\"\u00bfNecesita un abogado despu\u00e9s de un accidente en el arc\u00e9n? The CEO Lawyer Personal Injury Law Firm est\u00e1 aqu\u00ed para ayudarle. Llame al 888-307-3792.\" \/>\n<meta name=\"robots\" content=\"index, follow, max-snippet:-1, max-image-preview:large, max-video-preview:-1\" \/>\n<link rel=\"canonical\" href=\"https:\/\/ceolawyer.com\/espanol\/faq\/ley-de-georgia\/accidente-automovilistico\/como-occurren-los-accidentes-en-el-arcen-de-la-via-en-atlanta\/\" \/>\n<meta property=\"og:locale\" content=\"en_US\" \/>\n<meta property=\"og:type\" content=\"article\" \/>\n<meta property=\"og:title\" content=\"\u00bfC\u00f3mo Ocurren los Accidentes en el Arc\u00e9n en Atlanta? | CEO Lawyer\" \/>\n<meta property=\"og:description\" content=\"\u00bfNecesita un abogado despu\u00e9s de un accidente en el arc\u00e9n? The CEO Lawyer Personal Injury Law Firm est\u00e1 aqu\u00ed para ayudarle. Llame al 888-307-3792.\" \/>\n<meta property=\"og:url\" content=\"https:\/\/ceolawyer.com\/espanol\/faq\/ley-de-georgia\/accidente-automovilistico\/como-occurren-los-accidentes-en-el-arcen-de-la-via-en-atlanta\/\" \/>\n<meta property=\"og:site_name\" content=\"CEO Lawyer\" \/>\n<meta property=\"article:modified_time\" content=\"2026-03-18T18:15:08+00:00\" \/>\n<meta property=\"og:image\" content=\"https:\/\/ceolawyer.com\/espanol\/wp-content\/uploads\/sites\/2\/2024\/04\/Como-occurren-los-accidentes-en-el-arcen-de-la-via-en-Atlanta.webp\" \/>\n\t<meta property=\"og:image:width\" content=\"500\" \/>\n\t<meta property=\"og:image:height\" content=\"333\" \/>\n\t<meta property=\"og:image:type\" content=\"image\/webp\" \/>\n<meta name=\"twitter:card\" content=\"summary_large_image\" \/>\n<meta name=\"twitter:label1\" content=\"Est. reading time\" \/>\n\t<meta name=\"twitter:data1\" content=\"8 minutes\" \/>\n<script type=\"application\/ld+json\" class=\"yoast-schema-graph\">{\"@context\":\"https:\/\/schema.org\",\"@graph\":[{\"@type\":\"WebPage\",\"@id\":\"https:\/\/ceolawyer.com\/espanol\/faq\/ley-de-georgia\/accidente-automovilistico\/como-occurren-los-accidentes-en-el-arcen-de-la-via-en-atlanta\/\",\"url\":\"https:\/\/ceolawyer.com\/espanol\/faq\/ley-de-georgia\/accidente-automovilistico\/como-occurren-los-accidentes-en-el-arcen-de-la-via-en-atlanta\/\",\"name\":\"\u00bfC\u00f3mo Ocurren los Accidentes en el Arc\u00e9n en Atlanta? | CEO Lawyer\",\"isPartOf\":{\"@id\":\"https:\/\/ceolawyer.com\/espanol\/#website\"},\"primaryImageOfPage\":{\"@id\":\"https:\/\/ceolawyer.com\/espanol\/faq\/ley-de-georgia\/accidente-automovilistico\/como-occurren-los-accidentes-en-el-arcen-de-la-via-en-atlanta\/#primaryimage\"},\"image\":{\"@id\":\"https:\/\/ceolawyer.com\/espanol\/faq\/ley-de-georgia\/accidente-automovilistico\/como-occurren-los-accidentes-en-el-arcen-de-la-via-en-atlanta\/#primaryimage\"},\"thumbnailUrl\":\"https:\/\/ceolawyer.com\/espanol\/wp-content\/uploads\/sites\/2\/2024\/04\/Como-occurren-los-accidentes-en-el-arcen-de-la-via-en-Atlanta.webp\",\"datePublished\":\"2024-04-24T18:16:16+00:00\",\"dateModified\":\"2026-03-18T18:15:08+00:00\",\"description\":\"\u00bfNecesita un abogado despu\u00e9s de un accidente en el arc\u00e9n? The CEO Lawyer Personal Injury Law Firm est\u00e1 aqu\u00ed para ayudarle. Llame al 888-307-3792.\",\"breadcrumb\":{\"@id\":\"https:\/\/ceolawyer.com\/espanol\/faq\/ley-de-georgia\/accidente-automovilistico\/como-occurren-los-accidentes-en-el-arcen-de-la-via-en-atlanta\/#breadcrumb\"},\"inLanguage\":\"en-US\",\"potentialAction\":[{\"@type\":\"ReadAction\",\"target\":[\"https:\/\/ceolawyer.com\/espanol\/faq\/ley-de-georgia\/accidente-automovilistico\/como-occurren-los-accidentes-en-el-arcen-de-la-via-en-atlanta\/\"]}]},{\"@type\":\"ImageObject\",\"inLanguage\":\"en-US\",\"@id\":\"https:\/\/ceolawyer.com\/espanol\/faq\/ley-de-georgia\/accidente-automovilistico\/como-occurren-los-accidentes-en-el-arcen-de-la-via-en-atlanta\/#primaryimage\",\"url\":\"https:\/\/ceolawyer.com\/espanol\/wp-content\/uploads\/sites\/2\/2024\/04\/Como-occurren-los-accidentes-en-el-arcen-de-la-via-en-Atlanta.webp\",\"contentUrl\":\"https:\/\/ceolawyer.com\/espanol\/wp-content\/uploads\/sites\/2\/2024\/04\/Como-occurren-los-accidentes-en-el-arcen-de-la-via-en-Atlanta.webp\",\"width\":500,\"height\":333,\"caption\":\"Un cami\u00f3n con la parte trasera da\u00f1ada tras una colisi\u00f3n en el arc\u00e9n de una carretera.\"},{\"@type\":\"BreadcrumbList\",\"@id\":\"https:\/\/ceolawyer.com\/espanol\/faq\/ley-de-georgia\/accidente-automovilistico\/como-occurren-los-accidentes-en-el-arcen-de-la-via-en-atlanta\/#breadcrumb\",\"itemListElement\":[{\"@type\":\"ListItem\",\"position\":1,\"name\":\"Home\",\"item\":\"https:\/\/ceolawyer.com\/espanol\/\"},{\"@type\":\"ListItem\",\"position\":2,\"name\":\"FAQ\",\"item\":\"https:\/\/ceolawyer.com\/espanol\/faq\/\"},{\"@type\":\"ListItem\",\"position\":3,\"name\":\"Lesiones personales en Georgia FAQ\",\"item\":\"https:\/\/ceolawyer.com\/espanol\/faq\/ley-de-georgia\/\"},{\"@type\":\"ListItem\",\"position\":4,\"name\":\"\u00bfC\u00f3mo occurren los accidentes en el arc\u00e9n de la v\u00eda en Atlanta?\"}]},{\"@type\":\"WebSite\",\"@id\":\"https:\/\/ceolawyer.com\/espanol\/#website\",\"url\":\"https:\/\/ceolawyer.com\/espanol\/\",\"name\":\"CEO Lawyer\",\"description\":\"Personal Injury Attorney\",\"publisher\":{\"@id\":\"https:\/\/ceolawyer.com\/espanol\/#organization\"},\"potentialAction\":[{\"@type\":\"SearchAction\",\"target\":{\"@type\":\"EntryPoint\",\"urlTemplate\":\"https:\/\/ceolawyer.com\/espanol\/?s={search_term_string}\"},\"query-input\":{\"@type\":\"PropertyValueSpecification\",\"valueRequired\":true,\"valueName\":\"search_term_string\"}}],\"inLanguage\":\"en-US\"},{\"@type\":\"Organization\",\"@id\":\"https:\/\/ceolawyer.com\/espanol\/#organization\",\"name\":\"CEO Lawyer\",\"url\":\"https:\/\/ceolawyer.com\/espanol\/\",\"logo\":{\"@type\":\"ImageObject\",\"inLanguage\":\"en-US\",\"@id\":\"https:\/\/ceolawyer.com\/espanol\/#\/schema\/logo\/image\/\",\"url\":\"https:\/\/ceolawyer.com\/espanol\/wp-content\/uploads\/sites\/2\/2022\/05\/CEO_Logo.png\",\"contentUrl\":\"https:\/\/ceolawyer.com\/espanol\/wp-content\/uploads\/sites\/2\/2022\/05\/CEO_Logo.png\",\"width\":200,\"height\":108,\"caption\":\"CEO Lawyer\"},\"image\":{\"@id\":\"https:\/\/ceolawyer.com\/espanol\/#\/schema\/logo\/image\/\"}}]}<\/script>\n<!-- \/ Yoast SEO plugin. -->","yoast_head_json":{"title":"\u00bfC\u00f3mo Ocurren los Accidentes en el Arc\u00e9n en Atlanta? | CEO Lawyer","description":"\u00bfNecesita un abogado despu\u00e9s de un accidente en el arc\u00e9n? The CEO Lawyer Personal Injury Law Firm est\u00e1 aqu\u00ed para ayudarle. Llame al 888-307-3792.","robots":{"index":"index","follow":"follow","max-snippet":"max-snippet:-1","max-image-preview":"max-image-preview:large","max-video-preview":"max-video-preview:-1"},"canonical":"https:\/\/ceolawyer.com\/espanol\/faq\/ley-de-georgia\/accidente-automovilistico\/como-occurren-los-accidentes-en-el-arcen-de-la-via-en-atlanta\/","og_locale":"en_US","og_type":"article","og_title":"\u00bfC\u00f3mo Ocurren los Accidentes en el Arc\u00e9n en Atlanta? | CEO Lawyer","og_description":"\u00bfNecesita un abogado despu\u00e9s de un accidente en el arc\u00e9n? The CEO Lawyer Personal Injury Law Firm est\u00e1 aqu\u00ed para ayudarle. Llame al 888-307-3792.","og_url":"https:\/\/ceolawyer.com\/espanol\/faq\/ley-de-georgia\/accidente-automovilistico\/como-occurren-los-accidentes-en-el-arcen-de-la-via-en-atlanta\/","og_site_name":"CEO Lawyer","article_modified_time":"2026-03-18T18:15:08+00:00","og_image":[{"width":500,"height":333,"url":"https:\/\/ceolawyer.com\/espanol\/wp-content\/uploads\/sites\/2\/2024\/04\/Como-occurren-los-accidentes-en-el-arcen-de-la-via-en-Atlanta.webp","type":"image\/webp"}],"twitter_card":"summary_large_image","twitter_misc":{"Est. reading time":"8 minutes"},"schema":{"@context":"https:\/\/schema.org","@graph":[{"@type":"WebPage","@id":"https:\/\/ceolawyer.com\/espanol\/faq\/ley-de-georgia\/accidente-automovilistico\/como-occurren-los-accidentes-en-el-arcen-de-la-via-en-atlanta\/","url":"https:\/\/ceolawyer.com\/espanol\/faq\/ley-de-georgia\/accidente-automovilistico\/como-occurren-los-accidentes-en-el-arcen-de-la-via-en-atlanta\/","name":"\u00bfC\u00f3mo Ocurren los Accidentes en el Arc\u00e9n en Atlanta? | CEO Lawyer","isPartOf":{"@id":"https:\/\/ceolawyer.com\/espanol\/#website"},"primaryImageOfPage":{"@id":"https:\/\/ceolawyer.com\/espanol\/faq\/ley-de-georgia\/accidente-automovilistico\/como-occurren-los-accidentes-en-el-arcen-de-la-via-en-atlanta\/#primaryimage"},"image":{"@id":"https:\/\/ceolawyer.com\/espanol\/faq\/ley-de-georgia\/accidente-automovilistico\/como-occurren-los-accidentes-en-el-arcen-de-la-via-en-atlanta\/#primaryimage"},"thumbnailUrl":"https:\/\/ceolawyer.com\/espanol\/wp-content\/uploads\/sites\/2\/2024\/04\/Como-occurren-los-accidentes-en-el-arcen-de-la-via-en-Atlanta.webp","datePublished":"2024-04-24T18:16:16+00:00","dateModified":"2026-03-18T18:15:08+00:00","description":"\u00bfNecesita un abogado despu\u00e9s de un accidente en el arc\u00e9n? The CEO Lawyer Personal Injury Law Firm est\u00e1 aqu\u00ed para ayudarle. Llame al 888-307-3792.","breadcrumb":{"@id":"https:\/\/ceolawyer.com\/espanol\/faq\/ley-de-georgia\/accidente-automovilistico\/como-occurren-los-accidentes-en-el-arcen-de-la-via-en-atlanta\/#breadcrumb"},"inLanguage":"en-US","potentialAction":[{"@type":"ReadAction","target":["https:\/\/ceolawyer.com\/espanol\/faq\/ley-de-georgia\/accidente-automovilistico\/como-occurren-los-accidentes-en-el-arcen-de-la-via-en-atlanta\/"]}]},{"@type":"ImageObject","inLanguage":"en-US","@id":"https:\/\/ceolawyer.com\/espanol\/faq\/ley-de-georgia\/accidente-automovilistico\/como-occurren-los-accidentes-en-el-arcen-de-la-via-en-atlanta\/#primaryimage","url":"https:\/\/ceolawyer.com\/espanol\/wp-content\/uploads\/sites\/2\/2024\/04\/Como-occurren-los-accidentes-en-el-arcen-de-la-via-en-Atlanta.webp","contentUrl":"https:\/\/ceolawyer.com\/espanol\/wp-content\/uploads\/sites\/2\/2024\/04\/Como-occurren-los-accidentes-en-el-arcen-de-la-via-en-Atlanta.webp","width":500,"height":333,"caption":"Un cami\u00f3n con la parte trasera da\u00f1ada tras una colisi\u00f3n en el arc\u00e9n de una carretera."},{"@type":"BreadcrumbList","@id":"https:\/\/ceolawyer.com\/espanol\/faq\/ley-de-georgia\/accidente-automovilistico\/como-occurren-los-accidentes-en-el-arcen-de-la-via-en-atlanta\/#breadcrumb","itemListElement":[{"@type":"ListItem","position":1,"name":"Home","item":"https:\/\/ceolawyer.com\/espanol\/"},{"@type":"ListItem","position":2,"name":"FAQ","item":"https:\/\/ceolawyer.com\/espanol\/faq\/"},{"@type":"ListItem","position":3,"name":"Lesiones personales en Georgia FAQ","item":"https:\/\/ceolawyer.com\/espanol\/faq\/ley-de-georgia\/"},{"@type":"ListItem","position":4,"name":"\u00bfC\u00f3mo occurren los accidentes en el arc\u00e9n de la v\u00eda en Atlanta?"}]},{"@type":"WebSite","@id":"https:\/\/ceolawyer.com\/espanol\/#website","url":"https:\/\/ceolawyer.com\/espanol\/","name":"CEO Lawyer","description":"Personal Injury Attorney","publisher":{"@id":"https:\/\/ceolawyer.com\/espanol\/#organization"},"potentialAction":[{"@type":"SearchAction","target":{"@type":"EntryPoint","urlTemplate":"https:\/\/ceolawyer.com\/espanol\/?s={search_term_string}"},"query-input":{"@type":"PropertyValueSpecification","valueRequired":true,"valueName":"search_term_string"}}],"inLanguage":"en-US"},{"@type":"Organization","@id":"https:\/\/ceolawyer.com\/espanol\/#organization","name":"CEO Lawyer","url":"https:\/\/ceolawyer.com\/espanol\/","logo":{"@type":"ImageObject","inLanguage":"en-US","@id":"https:\/\/ceolawyer.com\/espanol\/#\/schema\/logo\/image\/","url":"https:\/\/ceolawyer.com\/espanol\/wp-content\/uploads\/sites\/2\/2022\/05\/CEO_Logo.png","contentUrl":"https:\/\/ceolawyer.com\/espanol\/wp-content\/uploads\/sites\/2\/2022\/05\/CEO_Logo.png","width":200,"height":108,"caption":"CEO Lawyer"},"image":{"@id":"https:\/\/ceolawyer.com\/espanol\/#\/schema\/logo\/image\/"}}]}},"_links":{"self":[{"href":"https:\/\/ceolawyer.com\/espanol\/wp-json\/wp\/v2\/pages\/11815","targetHints":{"allow":["GET"]}}],"collection":[{"href":"https:\/\/ceolawyer.com\/espanol\/wp-json\/wp\/v2\/pages"}],"about":[{"href":"https:\/\/ceolawyer.com\/espanol\/wp-json\/wp\/v2\/types\/page"}],"author":[{"embeddable":true,"href":"https:\/\/ceolawyer.com\/espanol\/wp-json\/wp\/v2\/users\/18"}],"replies":[{"embeddable":true,"href":"https:\/\/ceolawyer.com\/espanol\/wp-json\/wp\/v2\/comments?post=11815"}],"version-history":[{"count":0,"href":"https:\/\/ceolawyer.com\/espanol\/wp-json\/wp\/v2\/pages\/11815\/revisions"}],"up":[{"embeddable":true,"href":"https:\/\/ceolawyer.com\/espanol\/wp-json\/wp\/v2\/pages\/13289"}],"wp:featuredmedia":[{"embeddable":true,"href":"https:\/\/ceolawyer.com\/espanol\/wp-json\/wp\/v2\/media\/11817"}],"wp:attachment":[{"href":"https:\/\/ceolawyer.com\/espanol\/wp-json\/wp\/v2\/media?parent=11815"}],"curies":[{"name":"wp","href":"https:\/\/api.w.org\/{rel}","templated":true}]}}