{"id":11821,"date":"2024-04-24T18:28:09","date_gmt":"2024-04-24T18:28:09","guid":{"rendered":"https:\/\/ceolawyer.com\/espanol\/?page_id=11821"},"modified":"2026-03-18T18:17:38","modified_gmt":"2026-03-18T18:17:38","slug":"como-se-determina-la-velocidad-en-una-investigacion-de-accidentes","status":"publish","type":"page","link":"https:\/\/ceolawyer.com\/espanol\/faq\/ley-de-georgia\/accidente-automovilistico\/como-se-determina-la-velocidad-en-una-investigacion-de-accidentes\/","title":{"rendered":"\u00bfC\u00f3mo se determina la velocidad en una investigaci\u00f3n de accidentes?"},"content":{"rendered":"<p><img decoding=\"async\" class=\"alignright size-full wp-image-11823\" src=\"https:\/\/ceolawyer.com\/espanol\/wp-content\/uploads\/sites\/2\/2024\/04\/Como-se-determina-la-velocidad-en-una-investigacion-de-accidentes.webp\" alt=\"La parte trasera total de un veh\u00edculo despu\u00e9s de una colisi\u00f3n a alta velocidad por parte de otro autom\u00f3vil.\" width=\"500\" height=\"333\" srcset=\"https:\/\/ceolawyer.com\/espanol\/wp-content\/uploads\/sites\/2\/2024\/04\/Como-se-determina-la-velocidad-en-una-investigacion-de-accidentes.webp 500w, https:\/\/ceolawyer.com\/espanol\/wp-content\/uploads\/sites\/2\/2024\/04\/Como-se-determina-la-velocidad-en-una-investigacion-de-accidentes-300x200.webp 300w\" sizes=\"(max-width: 500px) 100vw, 500px\" \/>Un elemento esencial para establecer la culpabilidad en un accidente automovil\u00edstico es determinar si todas las partes involucradas respetaron las leyes de tr\u00e1nsito. La velocidad a la cual estaba manejando el conductor en relaci\u00f3n con el accidente tendr\u00e1 un papel a la hora de determinar qui\u00e9n es el responsable.<\/p>\n<p>Las aseguradoras llevar\u00e1n a cabo investigaciones del accidente para establecer a qu\u00e9 velocidad se desplazaba cada veh\u00edculo antes de que ocurriera el siniestro. Si lo choco un conductor por manejar a alta velocidad usted podr\u00eda tener suficientes pruebas para que se determine el comportamiento del otro conductor como negligente.<\/p>\n<p>Sin embargo, cuando se trata de establecer la negligencia con base a la velocidad de un conductor, la evidencia de este hecho deber\u00e1 ser respaldada por la opini\u00f3n y los conocimientos de un experto.<\/p>\n<p>Entonces usted se preguntar\u00e1, \u00bfc\u00f3mo se establece la velocidad en la investigaci\u00f3n de un accidente? A continuaci\u00f3n, podr\u00e1 encontrar algunas formas en las que la velocidad de un auto que estuvo involucrado en un accidente puede ser establecida:<\/p>\n<p>\u00bfAlguna vez usted o un ser querido ha sufrido lesiones por la negligencia de un conductor? Comun\u00edquese con el abogado Ali, y su equipo de abogados especializados\u00a0 en lesiones personales de\u00a0 CEO Lawyer Personal Injury Law Firm llamando al <a href=\"tel:+18883073792\"><strong>(888) 307-3792<\/strong><\/a> o <a href=\"https:\/\/ceolawyer.com\/contact-us\/\">cont\u00e1ctenos en l\u00ednea<\/a>.<\/p>\n<p>El Abogado Ali Awad fund\u00f3 CEO Lawyer Personal Injury Law Firm, que r\u00e1pidamente se ha transformado en una de las firmas con mayor crecimiento en el pa\u00eds. Cuando necesite ayuda con un accidente de auto, CEO Lawyer Personal Injury Firm brinda consultas gratuitas, y si tomamos su caso, usted no pagar\u00e1 hasta que hayamos ganado.<\/p>\n<h3>Dictamen t\u00e9cnico &#8211; reconstrucci\u00f3n del accidente<\/h3>\n<p>Un elemento valioso para determinar con \u00e9xito la culpabilidad en un accidente es la opini\u00f3n de un experto en reconstrucci\u00f3n de accidentes. Los expertos en reconstrucci\u00f3n de accidentes est\u00e1n capacitados para aplicar m\u00e9todos de an\u00e1lisis cient\u00edficos para recolectar pruebas y as\u00ed establecer los hechos del caso.<\/p>\n<p>Estos expertos pueden establecer las velocidades de los veh\u00edculos involucrados antes y despu\u00e9s de que un conductor aplicara sus frenos y ayudar a determinar qui\u00e9n es el responsable del accidente. La velocidad puede ser definida por:<\/p>\n<ul>\n<li>Longitud de las marcas de las llantas en la carretera<\/li>\n<li>Intensidad del impacto sufrido por el veh\u00edculo<\/li>\n<li>Da\u00f1os al entorno<\/li>\n<li>Tipo de veh\u00edculo<\/li>\n<li>Informaci\u00f3n de los componentes de fabricaci\u00f3n automotriz<\/li>\n<\/ul>\n<h3>Evidencia de la escena del accidente<\/h3>\n<p>Por ejemplo, si el carro que fue chocado tiene el parachoques destruido, y el parachoques para esta marca y modelo de auto puede soportar un impacto de hasta 20 millas por hora, un experto puede determinar que el veh\u00edculo estaba siendo manejado a una velocidad mayor a 20 millas por hora. Adem\u00e1s, la longitud y apariencia de las marcas de derrape calculadas con el factor de resistencia y la capacidad de frenado de la marca y modelo del veh\u00edculo involucrado, ayudar\u00e1n a comprobar la velocidad exacta del autom\u00f3vil y si el exceso de velocidad fue o no un factor en la colisi\u00f3n.<\/p>\n<h3>Grabaciones de c\u00e1mara y yestigos presenciales<\/h3>\n<p>Si hab\u00eda testigos presenciales en el lugar del accidente, estos podr\u00edan aportar testimonios fiables que puedan utilizarse para calcular la velocidad del veh\u00edculo. Las grabaciones de las c\u00e1maras ser\u00e1n a\u00fan m\u00e1s \u00fatiles para determinar los detalles exactos que contribuyeron al accidente.<\/p>\n<p>Debido a que los expertos en reconstrucci\u00f3n de accidentes deben reservarse para los casos m\u00e1s complejos en virtud de su costo, la mayor\u00eda de las aseguradoras y abogados se basan en las grabaciones de las c\u00e1maras y las declaraciones de testigos para establecer la responsabilidad de un accidente.<\/p>\n<h2>\u00bfCu\u00e1ntos accidentes son causados por exceso de velocidad?<\/h2>\n<p>\u00bfCu\u00e1ntos accidentes son causados por exceso de velocidad? Aunque el n\u00famero de accidentes automovil\u00edsticos reportados anualmente est\u00e1 en disminuci\u00f3n, durante las \u00faltimas d\u00e9cadas, casi un tercio de todas las v\u00edctimas mortales de accidentes vehiculares implicaron exceso de velocidad, y esta tasa ha aumentado desde el 2019.<\/p>\n<p>En 2020, 11,258 muertes por colisiones automovil\u00edsticas se atribuyeron al exceso de velocidad, y el exceso de velocidad fue reportado como un factor en el <a href=\"https:\/\/www.nhtsa.gov\/risky-driving\/speeding#:~:text=Dangers%20of%20Speeding,-TRAFFIC%20SAFETY%20FACTS&amp;text=For%20more%20than%20two%20decades,29%25%20of%20all%20traffic%20fatalities.\">29% de todas las muertes en accidentes de tr\u00e1nsito.<\/a> Adem\u00e1s se determin\u00f3 que:<\/p>\n<ul>\n<li>En accidentes fatales, el \u00edndice de exceso de velocidad que caus\u00f3 muertes disminuy\u00f3 en promedio a medida que aumentaba la edad del conductor.<\/li>\n<li><a href=\"https:\/\/www.nhtsa.gov\/risky-driving\/speeding#:~:text=Dangers%20of%20Speeding,-TRAFFIC%20SAFETY%20FACTS&amp;text=For%20more%20than%20two%20decades,29%25%20of%20all%20traffic%20fatalities.\">Los conductores varones de entre 15 y 24 a\u00f1os, <\/a>fueron los m\u00e1s propensos al exceso de velocidad en un accidente fatal.<\/li>\n<li>De todas las muertes por accidentes de tr\u00e1nsito reportadas en 2020 relacionadas con veh\u00edculos en movimiento o detenidos, el 45% se debi\u00f3 a exceso de velocidad.<\/li>\n<li>En 2020, m\u00e1s de 1,200 muertes en accidentes de tr\u00e1nsito se atribuyeron al exceso de velocidad solo en el estado de California.<\/li>\n<\/ul>\n<h2>\u00bfC\u00f3mo demostrar que alguien iba a exceso de velocidad en un accidente?<\/h2>\n<p>Si ha estado involucrado en una colisi\u00f3n automovil\u00edstica debido a la negligencia de otro conductor, es crucial probar que el otro conductor conduc\u00eda a exceso de velocidad para obtener una compensaci\u00f3n por las lesiones sufridas. Los conductores deben respetar los l\u00edmites de velocidad, ya que fueron dise\u00f1ados expl\u00edcitamente para reducir los riesgos de accidentes automovil\u00edsticos y mantener a los conductores seguros en la carretera.<\/p>\n<p>Un conductor que no respeta los l\u00edmites de velocidad y se comporta de forma negligente pone en riesgo a los otros. Cuanto m\u00e1s r\u00e1pido maneje un conductor, m\u00e1s da\u00f1o puede sufrir si se ve involucrado en una colisi\u00f3n con otro veh\u00edculo.<\/p>\n<p>Considere los siguientes pasos para ayudar a determinar qui\u00e9n tiene la culpa despu\u00e9s de un accidente:<\/p>\n<h3>Hable con los testigos<\/h3>\n<p>Si es posible hable con los testigos despu\u00e9s del accidente, y obtenga su informaci\u00f3n de contacto para obtener el relato sobre lo que provoc\u00f3 el accidente y lo que vieron. La versi\u00f3n de un testigo presencial puede ser una pieza fundamental para un caso por accidente exitoso, y se usa com\u00fanmente para demostrar que un conductor tiene la culpa o conduc\u00eda a exceso de velocidad momentos antes del accidente.<\/p>\n<h3>Obtener grabaciones de c\u00e1maras<\/h3>\n<p>Es posible, dependiendo de d\u00f3nde ocurri\u00f3 la colisi\u00f3n, que esta haya sido registrada por la c\u00e1mara de alguna casa, negocio o transe\u00fante cercano. Los hogares y las empresas suelen tener sistemas de vigilancia que pueden utilizarse para demostrar la culpabilidad en un accidente.<\/p>\n<p>Un abogado experto en accidentes automovil\u00edsticos puede comunicarse con los propietarios de las viviendas y negocios en el \u00e1rea que rodea la escena del accidente, para verificar si pueden conseguir alguna grabaci\u00f3n de c\u00e1mara donde se vea registrado el accidente.<\/p>\n<h3>Fotograf\u00edas del accidente<\/h3>\n<p>Las fotograf\u00edas de la escena del accidente pueden usarse como una prueba de que usted o el otro conductor iban con exceso de velocidad. Los expertos en reconstrucci\u00f3n de accidentes, abogados o aseguradoras pueden examinar fotograf\u00edas de la colisi\u00f3n para determinar los hechos que conllevaron al accidente.<\/p>\n<h2>Abogado experto en accidentes de auto<\/h2>\n<p>\u00bfHa estado involucrado en <a href=\"https:\/\/ceolawyer.com\/personal-injury\/car-accident-lawyer\/\">un accidente debido a que un conductor iba a exceso de velocidad<\/a>? Si es as\u00ed, comun\u00edquese con el experimentado equipo legal de CEO Lawyer Personal Injury Law Firm llamando al <a href=\"tel:+18883073792\"><strong>(888) 307-3792<\/strong><\/a> o contact\u00e1ndonos en l\u00ednea.<\/p>\n<p>Si usted necesita ayuda con su caso de accidente automovil\u00edstico, CEO Lawyer Personal Injury Firm brinda consultas gratuitas, y si tomamos su caso usted no pagar\u00e1 nada hasta que lo ganemos.<\/p>\n","protected":false},"excerpt":{"rendered":"<p>Un elemento esencial para establecer la culpabilidad en un accidente automovil\u00edstico es determinar si todas las partes involucradas respetaron las leyes de tr\u00e1nsito. La velocidad a la cual estaba manejando el conductor en relaci\u00f3n con el accidente tendr\u00e1 un papel a la hora de determinar qui\u00e9n es el responsable. Las aseguradoras llevar\u00e1n a cabo investigaciones [&hellip;]<\/p>\n","protected":false},"author":18,"featured_media":11823,"parent":13289,"menu_order":0,"comment_status":"closed","ping_status":"closed","template":"","meta":{"_acf_changed":false,"footnotes":""},"class_list":["post-11821","page","type-page","status-publish","has-post-thumbnail","hentry"],"acf":[],"yoast_head":"<!-- This site is optimized with the Yoast SEO plugin v27.2 - https:\/\/yoast.com\/product\/yoast-seo-wordpress\/ -->\n<title>\u00bfC\u00f3mo se Determina la Velocidad en un Accidente? | CEO Lawyer<\/title>\n<meta name=\"description\" content=\"The CEO Lawyer Personal Injury Law Firm puede ayudarle a determinar c\u00f3mo contribuy\u00f3 la velocidad y luchar por la compensaci\u00f3n que se merece. 888-307-3792.\" \/>\n<meta name=\"robots\" content=\"index, follow, max-snippet:-1, max-image-preview:large, max-video-preview:-1\" \/>\n<link rel=\"canonical\" href=\"https:\/\/ceolawyer.com\/espanol\/faq\/ley-de-georgia\/accidente-automovilistico\/como-se-determina-la-velocidad-en-una-investigacion-de-accidentes\/\" \/>\n<meta property=\"og:locale\" content=\"en_US\" \/>\n<meta property=\"og:type\" content=\"article\" \/>\n<meta property=\"og:title\" content=\"\u00bfC\u00f3mo se Determina la Velocidad en un Accidente? | CEO Lawyer\" \/>\n<meta property=\"og:description\" content=\"The CEO Lawyer Personal Injury Law Firm puede ayudarle a determinar c\u00f3mo contribuy\u00f3 la velocidad y luchar por la compensaci\u00f3n que se merece. 888-307-3792.\" \/>\n<meta property=\"og:url\" content=\"https:\/\/ceolawyer.com\/espanol\/faq\/ley-de-georgia\/accidente-automovilistico\/como-se-determina-la-velocidad-en-una-investigacion-de-accidentes\/\" \/>\n<meta property=\"og:site_name\" content=\"CEO Lawyer\" \/>\n<meta property=\"article:modified_time\" content=\"2026-03-18T18:17:38+00:00\" \/>\n<meta property=\"og:image\" content=\"https:\/\/ceolawyer.com\/espanol\/wp-content\/uploads\/sites\/2\/2024\/04\/Como-se-determina-la-velocidad-en-una-investigacion-de-accidentes.webp\" \/>\n\t<meta property=\"og:image:width\" content=\"500\" \/>\n\t<meta property=\"og:image:height\" content=\"333\" \/>\n\t<meta property=\"og:image:type\" content=\"image\/webp\" \/>\n<meta name=\"twitter:card\" content=\"summary_large_image\" \/>\n<meta name=\"twitter:label1\" content=\"Est. reading time\" \/>\n\t<meta name=\"twitter:data1\" content=\"6 minutes\" \/>\n<script type=\"application\/ld+json\" class=\"yoast-schema-graph\">{\"@context\":\"https:\/\/schema.org\",\"@graph\":[{\"@type\":\"WebPage\",\"@id\":\"https:\/\/ceolawyer.com\/espanol\/faq\/ley-de-georgia\/accidente-automovilistico\/como-se-determina-la-velocidad-en-una-investigacion-de-accidentes\/\",\"url\":\"https:\/\/ceolawyer.com\/espanol\/faq\/ley-de-georgia\/accidente-automovilistico\/como-se-determina-la-velocidad-en-una-investigacion-de-accidentes\/\",\"name\":\"\u00bfC\u00f3mo se Determina la Velocidad en un Accidente? | CEO Lawyer\",\"isPartOf\":{\"@id\":\"https:\/\/ceolawyer.com\/espanol\/#website\"},\"primaryImageOfPage\":{\"@id\":\"https:\/\/ceolawyer.com\/espanol\/faq\/ley-de-georgia\/accidente-automovilistico\/como-se-determina-la-velocidad-en-una-investigacion-de-accidentes\/#primaryimage\"},\"image\":{\"@id\":\"https:\/\/ceolawyer.com\/espanol\/faq\/ley-de-georgia\/accidente-automovilistico\/como-se-determina-la-velocidad-en-una-investigacion-de-accidentes\/#primaryimage\"},\"thumbnailUrl\":\"https:\/\/ceolawyer.com\/espanol\/wp-content\/uploads\/sites\/2\/2024\/04\/Como-se-determina-la-velocidad-en-una-investigacion-de-accidentes.webp\",\"datePublished\":\"2024-04-24T18:28:09+00:00\",\"dateModified\":\"2026-03-18T18:17:38+00:00\",\"description\":\"The CEO Lawyer Personal Injury Law Firm puede ayudarle a determinar c\u00f3mo contribuy\u00f3 la velocidad y luchar por la compensaci\u00f3n que se merece. 888-307-3792.\",\"breadcrumb\":{\"@id\":\"https:\/\/ceolawyer.com\/espanol\/faq\/ley-de-georgia\/accidente-automovilistico\/como-se-determina-la-velocidad-en-una-investigacion-de-accidentes\/#breadcrumb\"},\"inLanguage\":\"en-US\",\"potentialAction\":[{\"@type\":\"ReadAction\",\"target\":[\"https:\/\/ceolawyer.com\/espanol\/faq\/ley-de-georgia\/accidente-automovilistico\/como-se-determina-la-velocidad-en-una-investigacion-de-accidentes\/\"]}]},{\"@type\":\"ImageObject\",\"inLanguage\":\"en-US\",\"@id\":\"https:\/\/ceolawyer.com\/espanol\/faq\/ley-de-georgia\/accidente-automovilistico\/como-se-determina-la-velocidad-en-una-investigacion-de-accidentes\/#primaryimage\",\"url\":\"https:\/\/ceolawyer.com\/espanol\/wp-content\/uploads\/sites\/2\/2024\/04\/Como-se-determina-la-velocidad-en-una-investigacion-de-accidentes.webp\",\"contentUrl\":\"https:\/\/ceolawyer.com\/espanol\/wp-content\/uploads\/sites\/2\/2024\/04\/Como-se-determina-la-velocidad-en-una-investigacion-de-accidentes.webp\",\"width\":500,\"height\":333,\"caption\":\"La parte trasera total de un veh\u00edculo despu\u00e9s de una colisi\u00f3n a alta velocidad por parte de otro autom\u00f3vil.\"},{\"@type\":\"BreadcrumbList\",\"@id\":\"https:\/\/ceolawyer.com\/espanol\/faq\/ley-de-georgia\/accidente-automovilistico\/como-se-determina-la-velocidad-en-una-investigacion-de-accidentes\/#breadcrumb\",\"itemListElement\":[{\"@type\":\"ListItem\",\"position\":1,\"name\":\"Home\",\"item\":\"https:\/\/ceolawyer.com\/espanol\/\"},{\"@type\":\"ListItem\",\"position\":2,\"name\":\"FAQ\",\"item\":\"https:\/\/ceolawyer.com\/espanol\/faq\/\"},{\"@type\":\"ListItem\",\"position\":3,\"name\":\"Lesiones personales en Georgia FAQ\",\"item\":\"https:\/\/ceolawyer.com\/espanol\/faq\/ley-de-georgia\/\"},{\"@type\":\"ListItem\",\"position\":4,\"name\":\"\u00bfC\u00f3mo se determina la velocidad en una investigaci\u00f3n de accidentes?\"}]},{\"@type\":\"WebSite\",\"@id\":\"https:\/\/ceolawyer.com\/espanol\/#website\",\"url\":\"https:\/\/ceolawyer.com\/espanol\/\",\"name\":\"CEO Lawyer\",\"description\":\"Personal Injury Attorney\",\"publisher\":{\"@id\":\"https:\/\/ceolawyer.com\/espanol\/#organization\"},\"potentialAction\":[{\"@type\":\"SearchAction\",\"target\":{\"@type\":\"EntryPoint\",\"urlTemplate\":\"https:\/\/ceolawyer.com\/espanol\/?s={search_term_string}\"},\"query-input\":{\"@type\":\"PropertyValueSpecification\",\"valueRequired\":true,\"valueName\":\"search_term_string\"}}],\"inLanguage\":\"en-US\"},{\"@type\":\"Organization\",\"@id\":\"https:\/\/ceolawyer.com\/espanol\/#organization\",\"name\":\"CEO Lawyer\",\"url\":\"https:\/\/ceolawyer.com\/espanol\/\",\"logo\":{\"@type\":\"ImageObject\",\"inLanguage\":\"en-US\",\"@id\":\"https:\/\/ceolawyer.com\/espanol\/#\/schema\/logo\/image\/\",\"url\":\"https:\/\/ceolawyer.com\/espanol\/wp-content\/uploads\/sites\/2\/2022\/05\/CEO_Logo.png\",\"contentUrl\":\"https:\/\/ceolawyer.com\/espanol\/wp-content\/uploads\/sites\/2\/2022\/05\/CEO_Logo.png\",\"width\":200,\"height\":108,\"caption\":\"CEO Lawyer\"},\"image\":{\"@id\":\"https:\/\/ceolawyer.com\/espanol\/#\/schema\/logo\/image\/\"}}]}<\/script>\n<!-- \/ Yoast SEO plugin. -->","yoast_head_json":{"title":"\u00bfC\u00f3mo se Determina la Velocidad en un Accidente? | CEO Lawyer","description":"The CEO Lawyer Personal Injury Law Firm puede ayudarle a determinar c\u00f3mo contribuy\u00f3 la velocidad y luchar por la compensaci\u00f3n que se merece. 888-307-3792.","robots":{"index":"index","follow":"follow","max-snippet":"max-snippet:-1","max-image-preview":"max-image-preview:large","max-video-preview":"max-video-preview:-1"},"canonical":"https:\/\/ceolawyer.com\/espanol\/faq\/ley-de-georgia\/accidente-automovilistico\/como-se-determina-la-velocidad-en-una-investigacion-de-accidentes\/","og_locale":"en_US","og_type":"article","og_title":"\u00bfC\u00f3mo se Determina la Velocidad en un Accidente? | CEO Lawyer","og_description":"The CEO Lawyer Personal Injury Law Firm puede ayudarle a determinar c\u00f3mo contribuy\u00f3 la velocidad y luchar por la compensaci\u00f3n que se merece. 888-307-3792.","og_url":"https:\/\/ceolawyer.com\/espanol\/faq\/ley-de-georgia\/accidente-automovilistico\/como-se-determina-la-velocidad-en-una-investigacion-de-accidentes\/","og_site_name":"CEO Lawyer","article_modified_time":"2026-03-18T18:17:38+00:00","og_image":[{"width":500,"height":333,"url":"https:\/\/ceolawyer.com\/espanol\/wp-content\/uploads\/sites\/2\/2024\/04\/Como-se-determina-la-velocidad-en-una-investigacion-de-accidentes.webp","type":"image\/webp"}],"twitter_card":"summary_large_image","twitter_misc":{"Est. reading time":"6 minutes"},"schema":{"@context":"https:\/\/schema.org","@graph":[{"@type":"WebPage","@id":"https:\/\/ceolawyer.com\/espanol\/faq\/ley-de-georgia\/accidente-automovilistico\/como-se-determina-la-velocidad-en-una-investigacion-de-accidentes\/","url":"https:\/\/ceolawyer.com\/espanol\/faq\/ley-de-georgia\/accidente-automovilistico\/como-se-determina-la-velocidad-en-una-investigacion-de-accidentes\/","name":"\u00bfC\u00f3mo se Determina la Velocidad en un Accidente? | CEO Lawyer","isPartOf":{"@id":"https:\/\/ceolawyer.com\/espanol\/#website"},"primaryImageOfPage":{"@id":"https:\/\/ceolawyer.com\/espanol\/faq\/ley-de-georgia\/accidente-automovilistico\/como-se-determina-la-velocidad-en-una-investigacion-de-accidentes\/#primaryimage"},"image":{"@id":"https:\/\/ceolawyer.com\/espanol\/faq\/ley-de-georgia\/accidente-automovilistico\/como-se-determina-la-velocidad-en-una-investigacion-de-accidentes\/#primaryimage"},"thumbnailUrl":"https:\/\/ceolawyer.com\/espanol\/wp-content\/uploads\/sites\/2\/2024\/04\/Como-se-determina-la-velocidad-en-una-investigacion-de-accidentes.webp","datePublished":"2024-04-24T18:28:09+00:00","dateModified":"2026-03-18T18:17:38+00:00","description":"The CEO Lawyer Personal Injury Law Firm puede ayudarle a determinar c\u00f3mo contribuy\u00f3 la velocidad y luchar por la compensaci\u00f3n que se merece. 888-307-3792.","breadcrumb":{"@id":"https:\/\/ceolawyer.com\/espanol\/faq\/ley-de-georgia\/accidente-automovilistico\/como-se-determina-la-velocidad-en-una-investigacion-de-accidentes\/#breadcrumb"},"inLanguage":"en-US","potentialAction":[{"@type":"ReadAction","target":["https:\/\/ceolawyer.com\/espanol\/faq\/ley-de-georgia\/accidente-automovilistico\/como-se-determina-la-velocidad-en-una-investigacion-de-accidentes\/"]}]},{"@type":"ImageObject","inLanguage":"en-US","@id":"https:\/\/ceolawyer.com\/espanol\/faq\/ley-de-georgia\/accidente-automovilistico\/como-se-determina-la-velocidad-en-una-investigacion-de-accidentes\/#primaryimage","url":"https:\/\/ceolawyer.com\/espanol\/wp-content\/uploads\/sites\/2\/2024\/04\/Como-se-determina-la-velocidad-en-una-investigacion-de-accidentes.webp","contentUrl":"https:\/\/ceolawyer.com\/espanol\/wp-content\/uploads\/sites\/2\/2024\/04\/Como-se-determina-la-velocidad-en-una-investigacion-de-accidentes.webp","width":500,"height":333,"caption":"La parte trasera total de un veh\u00edculo despu\u00e9s de una colisi\u00f3n a alta velocidad por parte de otro autom\u00f3vil."},{"@type":"BreadcrumbList","@id":"https:\/\/ceolawyer.com\/espanol\/faq\/ley-de-georgia\/accidente-automovilistico\/como-se-determina-la-velocidad-en-una-investigacion-de-accidentes\/#breadcrumb","itemListElement":[{"@type":"ListItem","position":1,"name":"Home","item":"https:\/\/ceolawyer.com\/espanol\/"},{"@type":"ListItem","position":2,"name":"FAQ","item":"https:\/\/ceolawyer.com\/espanol\/faq\/"},{"@type":"ListItem","position":3,"name":"Lesiones personales en Georgia FAQ","item":"https:\/\/ceolawyer.com\/espanol\/faq\/ley-de-georgia\/"},{"@type":"ListItem","position":4,"name":"\u00bfC\u00f3mo se determina la velocidad en una investigaci\u00f3n de accidentes?"}]},{"@type":"WebSite","@id":"https:\/\/ceolawyer.com\/espanol\/#website","url":"https:\/\/ceolawyer.com\/espanol\/","name":"CEO Lawyer","description":"Personal Injury Attorney","publisher":{"@id":"https:\/\/ceolawyer.com\/espanol\/#organization"},"potentialAction":[{"@type":"SearchAction","target":{"@type":"EntryPoint","urlTemplate":"https:\/\/ceolawyer.com\/espanol\/?s={search_term_string}"},"query-input":{"@type":"PropertyValueSpecification","valueRequired":true,"valueName":"search_term_string"}}],"inLanguage":"en-US"},{"@type":"Organization","@id":"https:\/\/ceolawyer.com\/espanol\/#organization","name":"CEO Lawyer","url":"https:\/\/ceolawyer.com\/espanol\/","logo":{"@type":"ImageObject","inLanguage":"en-US","@id":"https:\/\/ceolawyer.com\/espanol\/#\/schema\/logo\/image\/","url":"https:\/\/ceolawyer.com\/espanol\/wp-content\/uploads\/sites\/2\/2022\/05\/CEO_Logo.png","contentUrl":"https:\/\/ceolawyer.com\/espanol\/wp-content\/uploads\/sites\/2\/2022\/05\/CEO_Logo.png","width":200,"height":108,"caption":"CEO Lawyer"},"image":{"@id":"https:\/\/ceolawyer.com\/espanol\/#\/schema\/logo\/image\/"}}]}},"_links":{"self":[{"href":"https:\/\/ceolawyer.com\/espanol\/wp-json\/wp\/v2\/pages\/11821","targetHints":{"allow":["GET"]}}],"collection":[{"href":"https:\/\/ceolawyer.com\/espanol\/wp-json\/wp\/v2\/pages"}],"about":[{"href":"https:\/\/ceolawyer.com\/espanol\/wp-json\/wp\/v2\/types\/page"}],"author":[{"embeddable":true,"href":"https:\/\/ceolawyer.com\/espanol\/wp-json\/wp\/v2\/users\/18"}],"replies":[{"embeddable":true,"href":"https:\/\/ceolawyer.com\/espanol\/wp-json\/wp\/v2\/comments?post=11821"}],"version-history":[{"count":0,"href":"https:\/\/ceolawyer.com\/espanol\/wp-json\/wp\/v2\/pages\/11821\/revisions"}],"up":[{"embeddable":true,"href":"https:\/\/ceolawyer.com\/espanol\/wp-json\/wp\/v2\/pages\/13289"}],"wp:featuredmedia":[{"embeddable":true,"href":"https:\/\/ceolawyer.com\/espanol\/wp-json\/wp\/v2\/media\/11823"}],"wp:attachment":[{"href":"https:\/\/ceolawyer.com\/espanol\/wp-json\/wp\/v2\/media?parent=11821"}],"curies":[{"name":"wp","href":"https:\/\/api.w.org\/{rel}","templated":true}]}}