{"id":11830,"date":"2024-04-24T18:43:57","date_gmt":"2024-04-24T18:43:57","guid":{"rendered":"https:\/\/ceolawyer.com\/espanol\/?page_id=11830"},"modified":"2026-03-18T18:16:10","modified_gmt":"2026-03-18T18:16:10","slug":"como-prevenir-accidentes-automovilisticos-en-estado-de-ebriedad","status":"publish","type":"page","link":"https:\/\/ceolawyer.com\/espanol\/faq\/ley-de-georgia\/accidente-automovilistico\/como-prevenir-accidentes-automovilisticos-en-estado-de-ebriedad\/","title":{"rendered":"C\u00f3mo prevenir accidentes automovil\u00edsticos en estado de ebriedad"},"content":{"rendered":"<p><img decoding=\"async\" class=\"alignright size-full wp-image-11832\" src=\"https:\/\/ceolawyer.com\/espanol\/wp-content\/uploads\/sites\/2\/2024\/04\/Como-prevenir-accidentes-automovilisticos-en-estado-de-ebriedad.webp\" alt=\"Un primer plano de la parte delantera da\u00f1ada del coche de un conductor ebrio despu\u00e9s de un accidente.\" width=\"500\" height=\"333\" srcset=\"https:\/\/ceolawyer.com\/espanol\/wp-content\/uploads\/sites\/2\/2024\/04\/Como-prevenir-accidentes-automovilisticos-en-estado-de-ebriedad.webp 500w, https:\/\/ceolawyer.com\/espanol\/wp-content\/uploads\/sites\/2\/2024\/04\/Como-prevenir-accidentes-automovilisticos-en-estado-de-ebriedad-300x200.webp 300w\" sizes=\"(max-width: 500px) 100vw, 500px\" \/>El riesgo principal de la muerte o da\u00f1os severos al conductor alcoholizado y otros conductores en la carretera son asociados a los accidentes causados por manejar en estado de ebriedad. Pero esas no son las \u00fanicas consecuencias que pueden ocurrir.<\/p>\n<p>Los conductores en estado de ebriedad deber\u00e1n pagar una gran suma de multas o pasar mucho tiempo en la c\u00e1rcel.<\/p>\n<p>Si usted o un miembro de su familia est\u00e1 involucrado en un accidente por manejar en estado de ebriedad o bajo la influencia del alcohol, por favor contacte inmediatamente al <a href=\"https:\/\/ceolawyer.com\/espanol\/\">abogado de accidentes en estado de ebriedad en Georgia<\/a> en la firma de CEO Lawyer Personal Injury Law firm. Usted podr\u00e1 tener al abogado Ali Awad y su personal de abogados, con una gran experiencia sobre lesiones personales, llamando al <a href=\"tel:+18883073792\"><strong>(888) 307-3792<\/strong><\/a> o cont\u00e1ctenos en nuestra p\u00e1gina web para recibir una evaluaci\u00f3n gratuita y confidencial sobre su caso.<\/p>\n<p>El abogado Ali Awad, estableci\u00f3 el CEO Lawyer Personal Injury Law Firm, la firma de abogados de lesiones personales m\u00e1s exitosa y r\u00e1pida en crecimiento de los Estados Unidos. Si tomamos su caso, usted no tendr\u00e1 que pagar nada hasta que lo ganemos.<\/p>\n<h2>Muertes al a\u00f1o por conducir en estado de ebriedad<\/h2>\n<p>La conducci\u00f3n en estado de ebriedad es un problema que contin\u00faa infestando las carreteras de Estados Unidos. La Administraci\u00f3n Nacional de Seguridad del Tr\u00e1fico en Carreteras (NHTSA) estim\u00f3 que aproximadamente hay <a href=\"https:\/\/www.nhtsa.gov\/press-releases\/2020-traffic-crash-data-fatalities\">10,000 muertes cada a\u00f1o por accidentes al conducir en estado de ebriedad<\/a>, es decir, cada 52 minutos muere alguien por esta raz\u00f3n.<\/p>\n<h2>Prevenci\u00f3n al conducir en estado de ebriedad<\/h2>\n<p>Los pilares que han servido para reducir la conducci\u00f3n en estado de ebriedad han sido la educaci\u00f3n y las multas monetarias. Por fortuna, hay muchas alternativas para los que toman y conducen, que son r\u00e1pidas y baratas, como pedir un viaje compartido por medio de una aplicaci\u00f3n o pasar la noche en un hotel.<\/p>\n<p>Adem\u00e1s, es recomendable que los padres empiecen a educar a sus hijos sobre el manejo en estado de ebriedad mientras son j\u00f3venes, de preferencia antes de que empiecen a manejar. El conducir responsablemente es muy importante y darles la educaci\u00f3n vial es nuestro deber principal para evitar cualquier error que pueda causar repercusiones que duran para toda la vida.<\/p>\n<p>Lamentablemente los datos del \u00faltimo a\u00f1o sirven para recordarnos que la conducci\u00f3n en estado de ebriedad contin\u00faa siendo un problema severo a trav\u00e9s de todo el pa\u00eds de Estados Unidos, a pesar de las tendencias que hay para bajar las fatalidades. Afortunadamente, los esfuerzos para educar y reforzar la educaci\u00f3n vial pueden mejorar m\u00e1s al obtener los datos de las estad\u00edsticas anuales, evaluarlas y crear soluciones para ir disminuyendo las fatalidades a\u00f1o tras a\u00f1o.<\/p>\n<h2>Bebiendo y manejando alcoholizado<\/h2>\n<p>Sigue estas recomendaciones para evitar manejar bajo la influencia del alcohol y causar choques al conducir.<\/p>\n<h3>1. Conductor designado<\/h3>\n<p>Hacer un compromiso para no tomar y manejar, es el mejor m\u00e9todo para evitar accidentes bajo la influencia del alcohol. Cuando vayas a tomar, organ\u00edzate con tu grupo de amigos y asignen a un conductor.<\/p>\n<p>Que el conductor designado no vaya a tomar bebidas alcoholizadas y se apegue a tomar agua o cualquier otra bebida que no tenga alcohol.\u00a0 Es importante que no tom\u00e9 ni un poco durante todo el evento porque manejando un poco tomado a\u00fan se considerar\u00e1 estar manejando intoxicado.<\/p>\n<p>Claro, si t\u00fa eres el \u00fanico conductor en la fiesta, es mejor evitar el alcohol en su totalidad.<\/p>\n<p>Cada a\u00f1o hay m\u00e1s accidentes fatales o de lesiones graves causados por conductores alcoholizados, generando una muerte cada 52 minutos en los Estados Unidos. As\u00ed que tratemos de bajar estas estad\u00edsticas.<\/p>\n<h3>2. El anfitri\u00f3n debe ser cuidadoso<\/h3>\n<p>Como anfitri\u00f3n, deber\u00e1s asegurar que todos los que est\u00e1n en la fiesta se vayan de la manera m\u00e1s segura. Eso tambi\u00e9n implica que los que no quieran tomar, no sean obligados a tomar por otras personas.<\/p>\n<p>Aquellos que no tengan forma de irse, inv\u00edtalos a quedarse contigo por esa noche y si insisten en querer irse, organ\u00edzate para pedirles un taxi u otro medio de viaje compartido.<\/p>\n<h3>3. Identifica a los conductores ebrios al conducir<\/h3>\n<p>Aun tomando todas las medidas responsables para no manejar en estado de ebriedad, no puedes controlar el comportamiento de otras personas. Es muy com\u00fan compartir las calles con conductores ebrios, a\u00fan m\u00e1s durante los d\u00edas festivos ya que hay m\u00e1s fiestas.<\/p>\n<p>M\u00e1s de 4 millones de personas han reconocido manejar intoxicados al menos una vez en su vida. Ponte alerta ante las siguientes se\u00f1ales de un conductor alcoholizado:<\/p>\n<ul>\n<li>Conducci\u00f3n temeraria, acelerar y desacelerar dr\u00e1sticamente.<\/li>\n<li>Frena en seco de manera repentina.<\/li>\n<li>Excede el l\u00edmite de velocidad por m\u00e1s de diez millas por ahora.<\/li>\n<li>Cambia de carril constantemente y sin sentido.<\/li>\n<li>Hace un giro inusual o m\u00e1s abierto de lo com\u00fan.<\/li>\n<\/ul>\n<p>Si ves estas se\u00f1ales mientras manejas, evita a toda costa intentar detenerlos por tu cuenta. En lugar de eso, llama al 911 e informa a la polic\u00eda con suficientes detalles para rastrearlos m\u00e1s f\u00e1cilmente, puedes brindar la direcci\u00f3n en la calle que vienen manejando y la descripci\u00f3n de su coche.<\/p>\n<p>Nunca manejes despu\u00e9s de haber tomado alcohol, pero tambi\u00e9n puedes ayudar a disminuir el riesgo de un accidente por manejo en estado de ebriedad. Mantente alerta por las se\u00f1ales de un conductor ebrio y notifica a la polic\u00eda del \u00e1rea.<\/p>\n<p>Asignen a un conductor antes de ir a una fiesta y no obliguen a nadie a tomar si no quiere. Ten en mente que tus decisiones pueden causar un impacto significativo en la vida de alguien m\u00e1s.<\/p>\n<p>Puedes hacer las calles m\u00e1s seguras para otros conductores y para ti mismo siguiendo estas recomendaciones.<\/p>\n<h2>Firma de abogados en Georgia para accidentes en estado de ebriedad<\/h2>\n<p>Para consejo legal en tu caso de lesiones personales y una examinaci\u00f3n de tu salud gratuita, ponte en contacto con Ali Awad y sus abogados expertos en accidentes de autos. Todas las\u00a0 demandas por manejar alcoholizado ser\u00e1n asumidas en contingencia, significando que no se te cobrar\u00e1 comisiones hasta que tu caso se haya concluido o ganado.<\/p>\n<p>Nosotros ofrecemos revisiones de casos gratis. Contacta al abogado Ali, y a su experimentado equipo de abogados especializados en accidentes por conducci\u00f3n en estado de ebriedad para recibir una consulta gratuita y sin compromiso.<\/p>\n<p>Podemos ayudarle a explorar sus opciones y v\u00edas legales para garantizar que reciba la compensaci\u00f3n que se merece. Contacta con CEO Lawyer Personal Injury Law Firm llamando al <a href=\"tel:+18883073792\"><strong>(888) 307-3792<\/strong><\/a> o por <a href=\"https:\/\/ceolawyer.com\/espanol\/\">nuestra p\u00e1gina web<\/a>.<\/p>\n<p>Nosotros tomaremos tu caso y no pagar\u00e1s nada hasta que lo ganemos.<\/p>\n","protected":false},"excerpt":{"rendered":"<p>El riesgo principal de la muerte o da\u00f1os severos al conductor alcoholizado y otros conductores en la carretera son asociados a los accidentes causados por manejar en estado de ebriedad. Pero esas no son las \u00fanicas consecuencias que pueden ocurrir. Los conductores en estado de ebriedad deber\u00e1n pagar una gran suma de multas o pasar [&hellip;]<\/p>\n","protected":false},"author":18,"featured_media":11832,"parent":13289,"menu_order":0,"comment_status":"closed","ping_status":"closed","template":"","meta":{"_acf_changed":false,"footnotes":""},"class_list":["post-11830","page","type-page","status-publish","has-post-thumbnail","hentry"],"acf":[],"yoast_head":"<!-- This site is optimized with the Yoast SEO plugin v27.2 - https:\/\/yoast.com\/product\/yoast-seo-wordpress\/ -->\n<title>C\u00f3mo Prevenir Accidentes por Conducir Ebrio | CEO Lawyer<\/title>\n<meta name=\"description\" content=\"No deje escapar a un conductor ebrio culpable. Llame hoy a The CEO Lawyer Personal Injury Law Firm al 888-307-3792 para una consulta gratuita.\" \/>\n<meta name=\"robots\" content=\"index, follow, max-snippet:-1, max-image-preview:large, max-video-preview:-1\" \/>\n<link rel=\"canonical\" href=\"https:\/\/ceolawyer.com\/espanol\/faq\/ley-de-georgia\/accidente-automovilistico\/como-prevenir-accidentes-automovilisticos-en-estado-de-ebriedad\/\" \/>\n<meta property=\"og:locale\" content=\"en_US\" \/>\n<meta property=\"og:type\" content=\"article\" \/>\n<meta property=\"og:title\" content=\"C\u00f3mo Prevenir Accidentes por Conducir Ebrio | CEO Lawyer\" \/>\n<meta property=\"og:description\" content=\"No deje escapar a un conductor ebrio culpable. Llame hoy a The CEO Lawyer Personal Injury Law Firm al 888-307-3792 para una consulta gratuita.\" \/>\n<meta property=\"og:url\" content=\"https:\/\/ceolawyer.com\/espanol\/faq\/ley-de-georgia\/accidente-automovilistico\/como-prevenir-accidentes-automovilisticos-en-estado-de-ebriedad\/\" \/>\n<meta property=\"og:site_name\" content=\"CEO Lawyer\" \/>\n<meta property=\"article:modified_time\" content=\"2026-03-18T18:16:10+00:00\" \/>\n<meta property=\"og:image\" content=\"https:\/\/ceolawyer.com\/espanol\/wp-content\/uploads\/sites\/2\/2024\/04\/Como-prevenir-accidentes-automovilisticos-en-estado-de-ebriedad.webp\" \/>\n\t<meta property=\"og:image:width\" content=\"500\" \/>\n\t<meta property=\"og:image:height\" content=\"333\" \/>\n\t<meta property=\"og:image:type\" content=\"image\/webp\" \/>\n<meta name=\"twitter:card\" content=\"summary_large_image\" \/>\n<meta name=\"twitter:label1\" content=\"Est. reading time\" \/>\n\t<meta name=\"twitter:data1\" content=\"6 minutes\" \/>\n<script type=\"application\/ld+json\" class=\"yoast-schema-graph\">{\"@context\":\"https:\/\/schema.org\",\"@graph\":[{\"@type\":\"WebPage\",\"@id\":\"https:\/\/ceolawyer.com\/espanol\/faq\/ley-de-georgia\/accidente-automovilistico\/como-prevenir-accidentes-automovilisticos-en-estado-de-ebriedad\/\",\"url\":\"https:\/\/ceolawyer.com\/espanol\/faq\/ley-de-georgia\/accidente-automovilistico\/como-prevenir-accidentes-automovilisticos-en-estado-de-ebriedad\/\",\"name\":\"C\u00f3mo Prevenir Accidentes por Conducir Ebrio | CEO Lawyer\",\"isPartOf\":{\"@id\":\"https:\/\/ceolawyer.com\/espanol\/#website\"},\"primaryImageOfPage\":{\"@id\":\"https:\/\/ceolawyer.com\/espanol\/faq\/ley-de-georgia\/accidente-automovilistico\/como-prevenir-accidentes-automovilisticos-en-estado-de-ebriedad\/#primaryimage\"},\"image\":{\"@id\":\"https:\/\/ceolawyer.com\/espanol\/faq\/ley-de-georgia\/accidente-automovilistico\/como-prevenir-accidentes-automovilisticos-en-estado-de-ebriedad\/#primaryimage\"},\"thumbnailUrl\":\"https:\/\/ceolawyer.com\/espanol\/wp-content\/uploads\/sites\/2\/2024\/04\/Como-prevenir-accidentes-automovilisticos-en-estado-de-ebriedad.webp\",\"datePublished\":\"2024-04-24T18:43:57+00:00\",\"dateModified\":\"2026-03-18T18:16:10+00:00\",\"description\":\"No deje escapar a un conductor ebrio culpable. Llame hoy a The CEO Lawyer Personal Injury Law Firm al 888-307-3792 para una consulta gratuita.\",\"breadcrumb\":{\"@id\":\"https:\/\/ceolawyer.com\/espanol\/faq\/ley-de-georgia\/accidente-automovilistico\/como-prevenir-accidentes-automovilisticos-en-estado-de-ebriedad\/#breadcrumb\"},\"inLanguage\":\"en-US\",\"potentialAction\":[{\"@type\":\"ReadAction\",\"target\":[\"https:\/\/ceolawyer.com\/espanol\/faq\/ley-de-georgia\/accidente-automovilistico\/como-prevenir-accidentes-automovilisticos-en-estado-de-ebriedad\/\"]}]},{\"@type\":\"ImageObject\",\"inLanguage\":\"en-US\",\"@id\":\"https:\/\/ceolawyer.com\/espanol\/faq\/ley-de-georgia\/accidente-automovilistico\/como-prevenir-accidentes-automovilisticos-en-estado-de-ebriedad\/#primaryimage\",\"url\":\"https:\/\/ceolawyer.com\/espanol\/wp-content\/uploads\/sites\/2\/2024\/04\/Como-prevenir-accidentes-automovilisticos-en-estado-de-ebriedad.webp\",\"contentUrl\":\"https:\/\/ceolawyer.com\/espanol\/wp-content\/uploads\/sites\/2\/2024\/04\/Como-prevenir-accidentes-automovilisticos-en-estado-de-ebriedad.webp\",\"width\":500,\"height\":333,\"caption\":\"Un primer plano de la parte delantera da\u00f1ada del coche de un conductor ebrio despu\u00e9s de un accidente.\"},{\"@type\":\"BreadcrumbList\",\"@id\":\"https:\/\/ceolawyer.com\/espanol\/faq\/ley-de-georgia\/accidente-automovilistico\/como-prevenir-accidentes-automovilisticos-en-estado-de-ebriedad\/#breadcrumb\",\"itemListElement\":[{\"@type\":\"ListItem\",\"position\":1,\"name\":\"Home\",\"item\":\"https:\/\/ceolawyer.com\/espanol\/\"},{\"@type\":\"ListItem\",\"position\":2,\"name\":\"FAQ\",\"item\":\"https:\/\/ceolawyer.com\/espanol\/faq\/\"},{\"@type\":\"ListItem\",\"position\":3,\"name\":\"Lesiones personales en Georgia FAQ\",\"item\":\"https:\/\/ceolawyer.com\/espanol\/faq\/ley-de-georgia\/\"},{\"@type\":\"ListItem\",\"position\":4,\"name\":\"C\u00f3mo prevenir accidentes automovil\u00edsticos en estado de ebriedad\"}]},{\"@type\":\"WebSite\",\"@id\":\"https:\/\/ceolawyer.com\/espanol\/#website\",\"url\":\"https:\/\/ceolawyer.com\/espanol\/\",\"name\":\"CEO Lawyer\",\"description\":\"Personal Injury Attorney\",\"publisher\":{\"@id\":\"https:\/\/ceolawyer.com\/espanol\/#organization\"},\"potentialAction\":[{\"@type\":\"SearchAction\",\"target\":{\"@type\":\"EntryPoint\",\"urlTemplate\":\"https:\/\/ceolawyer.com\/espanol\/?s={search_term_string}\"},\"query-input\":{\"@type\":\"PropertyValueSpecification\",\"valueRequired\":true,\"valueName\":\"search_term_string\"}}],\"inLanguage\":\"en-US\"},{\"@type\":\"Organization\",\"@id\":\"https:\/\/ceolawyer.com\/espanol\/#organization\",\"name\":\"CEO Lawyer\",\"url\":\"https:\/\/ceolawyer.com\/espanol\/\",\"logo\":{\"@type\":\"ImageObject\",\"inLanguage\":\"en-US\",\"@id\":\"https:\/\/ceolawyer.com\/espanol\/#\/schema\/logo\/image\/\",\"url\":\"https:\/\/ceolawyer.com\/espanol\/wp-content\/uploads\/sites\/2\/2022\/05\/CEO_Logo.png\",\"contentUrl\":\"https:\/\/ceolawyer.com\/espanol\/wp-content\/uploads\/sites\/2\/2022\/05\/CEO_Logo.png\",\"width\":200,\"height\":108,\"caption\":\"CEO Lawyer\"},\"image\":{\"@id\":\"https:\/\/ceolawyer.com\/espanol\/#\/schema\/logo\/image\/\"}}]}<\/script>\n<!-- \/ Yoast SEO plugin. -->","yoast_head_json":{"title":"C\u00f3mo Prevenir Accidentes por Conducir Ebrio | CEO Lawyer","description":"No deje escapar a un conductor ebrio culpable. Llame hoy a The CEO Lawyer Personal Injury Law Firm al 888-307-3792 para una consulta gratuita.","robots":{"index":"index","follow":"follow","max-snippet":"max-snippet:-1","max-image-preview":"max-image-preview:large","max-video-preview":"max-video-preview:-1"},"canonical":"https:\/\/ceolawyer.com\/espanol\/faq\/ley-de-georgia\/accidente-automovilistico\/como-prevenir-accidentes-automovilisticos-en-estado-de-ebriedad\/","og_locale":"en_US","og_type":"article","og_title":"C\u00f3mo Prevenir Accidentes por Conducir Ebrio | CEO Lawyer","og_description":"No deje escapar a un conductor ebrio culpable. Llame hoy a The CEO Lawyer Personal Injury Law Firm al 888-307-3792 para una consulta gratuita.","og_url":"https:\/\/ceolawyer.com\/espanol\/faq\/ley-de-georgia\/accidente-automovilistico\/como-prevenir-accidentes-automovilisticos-en-estado-de-ebriedad\/","og_site_name":"CEO Lawyer","article_modified_time":"2026-03-18T18:16:10+00:00","og_image":[{"width":500,"height":333,"url":"https:\/\/ceolawyer.com\/espanol\/wp-content\/uploads\/sites\/2\/2024\/04\/Como-prevenir-accidentes-automovilisticos-en-estado-de-ebriedad.webp","type":"image\/webp"}],"twitter_card":"summary_large_image","twitter_misc":{"Est. reading time":"6 minutes"},"schema":{"@context":"https:\/\/schema.org","@graph":[{"@type":"WebPage","@id":"https:\/\/ceolawyer.com\/espanol\/faq\/ley-de-georgia\/accidente-automovilistico\/como-prevenir-accidentes-automovilisticos-en-estado-de-ebriedad\/","url":"https:\/\/ceolawyer.com\/espanol\/faq\/ley-de-georgia\/accidente-automovilistico\/como-prevenir-accidentes-automovilisticos-en-estado-de-ebriedad\/","name":"C\u00f3mo Prevenir Accidentes por Conducir Ebrio | CEO Lawyer","isPartOf":{"@id":"https:\/\/ceolawyer.com\/espanol\/#website"},"primaryImageOfPage":{"@id":"https:\/\/ceolawyer.com\/espanol\/faq\/ley-de-georgia\/accidente-automovilistico\/como-prevenir-accidentes-automovilisticos-en-estado-de-ebriedad\/#primaryimage"},"image":{"@id":"https:\/\/ceolawyer.com\/espanol\/faq\/ley-de-georgia\/accidente-automovilistico\/como-prevenir-accidentes-automovilisticos-en-estado-de-ebriedad\/#primaryimage"},"thumbnailUrl":"https:\/\/ceolawyer.com\/espanol\/wp-content\/uploads\/sites\/2\/2024\/04\/Como-prevenir-accidentes-automovilisticos-en-estado-de-ebriedad.webp","datePublished":"2024-04-24T18:43:57+00:00","dateModified":"2026-03-18T18:16:10+00:00","description":"No deje escapar a un conductor ebrio culpable. Llame hoy a The CEO Lawyer Personal Injury Law Firm al 888-307-3792 para una consulta gratuita.","breadcrumb":{"@id":"https:\/\/ceolawyer.com\/espanol\/faq\/ley-de-georgia\/accidente-automovilistico\/como-prevenir-accidentes-automovilisticos-en-estado-de-ebriedad\/#breadcrumb"},"inLanguage":"en-US","potentialAction":[{"@type":"ReadAction","target":["https:\/\/ceolawyer.com\/espanol\/faq\/ley-de-georgia\/accidente-automovilistico\/como-prevenir-accidentes-automovilisticos-en-estado-de-ebriedad\/"]}]},{"@type":"ImageObject","inLanguage":"en-US","@id":"https:\/\/ceolawyer.com\/espanol\/faq\/ley-de-georgia\/accidente-automovilistico\/como-prevenir-accidentes-automovilisticos-en-estado-de-ebriedad\/#primaryimage","url":"https:\/\/ceolawyer.com\/espanol\/wp-content\/uploads\/sites\/2\/2024\/04\/Como-prevenir-accidentes-automovilisticos-en-estado-de-ebriedad.webp","contentUrl":"https:\/\/ceolawyer.com\/espanol\/wp-content\/uploads\/sites\/2\/2024\/04\/Como-prevenir-accidentes-automovilisticos-en-estado-de-ebriedad.webp","width":500,"height":333,"caption":"Un primer plano de la parte delantera da\u00f1ada del coche de un conductor ebrio despu\u00e9s de un accidente."},{"@type":"BreadcrumbList","@id":"https:\/\/ceolawyer.com\/espanol\/faq\/ley-de-georgia\/accidente-automovilistico\/como-prevenir-accidentes-automovilisticos-en-estado-de-ebriedad\/#breadcrumb","itemListElement":[{"@type":"ListItem","position":1,"name":"Home","item":"https:\/\/ceolawyer.com\/espanol\/"},{"@type":"ListItem","position":2,"name":"FAQ","item":"https:\/\/ceolawyer.com\/espanol\/faq\/"},{"@type":"ListItem","position":3,"name":"Lesiones personales en Georgia FAQ","item":"https:\/\/ceolawyer.com\/espanol\/faq\/ley-de-georgia\/"},{"@type":"ListItem","position":4,"name":"C\u00f3mo prevenir accidentes automovil\u00edsticos en estado de ebriedad"}]},{"@type":"WebSite","@id":"https:\/\/ceolawyer.com\/espanol\/#website","url":"https:\/\/ceolawyer.com\/espanol\/","name":"CEO Lawyer","description":"Personal Injury Attorney","publisher":{"@id":"https:\/\/ceolawyer.com\/espanol\/#organization"},"potentialAction":[{"@type":"SearchAction","target":{"@type":"EntryPoint","urlTemplate":"https:\/\/ceolawyer.com\/espanol\/?s={search_term_string}"},"query-input":{"@type":"PropertyValueSpecification","valueRequired":true,"valueName":"search_term_string"}}],"inLanguage":"en-US"},{"@type":"Organization","@id":"https:\/\/ceolawyer.com\/espanol\/#organization","name":"CEO Lawyer","url":"https:\/\/ceolawyer.com\/espanol\/","logo":{"@type":"ImageObject","inLanguage":"en-US","@id":"https:\/\/ceolawyer.com\/espanol\/#\/schema\/logo\/image\/","url":"https:\/\/ceolawyer.com\/espanol\/wp-content\/uploads\/sites\/2\/2022\/05\/CEO_Logo.png","contentUrl":"https:\/\/ceolawyer.com\/espanol\/wp-content\/uploads\/sites\/2\/2022\/05\/CEO_Logo.png","width":200,"height":108,"caption":"CEO Lawyer"},"image":{"@id":"https:\/\/ceolawyer.com\/espanol\/#\/schema\/logo\/image\/"}}]}},"_links":{"self":[{"href":"https:\/\/ceolawyer.com\/espanol\/wp-json\/wp\/v2\/pages\/11830","targetHints":{"allow":["GET"]}}],"collection":[{"href":"https:\/\/ceolawyer.com\/espanol\/wp-json\/wp\/v2\/pages"}],"about":[{"href":"https:\/\/ceolawyer.com\/espanol\/wp-json\/wp\/v2\/types\/page"}],"author":[{"embeddable":true,"href":"https:\/\/ceolawyer.com\/espanol\/wp-json\/wp\/v2\/users\/18"}],"replies":[{"embeddable":true,"href":"https:\/\/ceolawyer.com\/espanol\/wp-json\/wp\/v2\/comments?post=11830"}],"version-history":[{"count":0,"href":"https:\/\/ceolawyer.com\/espanol\/wp-json\/wp\/v2\/pages\/11830\/revisions"}],"up":[{"embeddable":true,"href":"https:\/\/ceolawyer.com\/espanol\/wp-json\/wp\/v2\/pages\/13289"}],"wp:featuredmedia":[{"embeddable":true,"href":"https:\/\/ceolawyer.com\/espanol\/wp-json\/wp\/v2\/media\/11832"}],"wp:attachment":[{"href":"https:\/\/ceolawyer.com\/espanol\/wp-json\/wp\/v2\/media?parent=11830"}],"curies":[{"name":"wp","href":"https:\/\/api.w.org\/{rel}","templated":true}]}}