{"id":11833,"date":"2024-04-24T18:48:30","date_gmt":"2024-04-24T18:48:30","guid":{"rendered":"https:\/\/ceolawyer.com\/espanol\/?page_id=11833"},"modified":"2026-03-18T18:16:38","modified_gmt":"2026-03-18T18:16:38","slug":"como-prevenir-accidentes-relacionados-con-el-clima-en-georgia","status":"publish","type":"page","link":"https:\/\/ceolawyer.com\/espanol\/faq\/ley-de-georgia\/accidente-automovilistico\/como-prevenir-accidentes-relacionados-con-el-clima-en-georgia\/","title":{"rendered":"\u00bfC\u00f3mo prevenir accidentes relacionados con el clima en Georgia?"},"content":{"rendered":"<p><img decoding=\"async\" class=\"alignright size-full wp-image-11835\" src=\"https:\/\/ceolawyer.com\/espanol\/wp-content\/uploads\/sites\/2\/2024\/04\/Como-prevenir-accidentes-relacionados-con-el-clima-en-Georgia.webp\" alt=\"La parte delantera y la puerta del lado del conductor de un sed\u00e1n negro est\u00e1n da\u00f1adas.\" width=\"500\" height=\"333\" srcset=\"https:\/\/ceolawyer.com\/espanol\/wp-content\/uploads\/sites\/2\/2024\/04\/Como-prevenir-accidentes-relacionados-con-el-clima-en-Georgia.webp 500w, https:\/\/ceolawyer.com\/espanol\/wp-content\/uploads\/sites\/2\/2024\/04\/Como-prevenir-accidentes-relacionados-con-el-clima-en-Georgia-300x200.webp 300w\" sizes=\"(max-width: 500px) 100vw, 500px\" \/>Es ampliamente conocido que las condiciones clim\u00e1ticas en invierno pueden ser peligrosas al conducir y que los conductores deber\u00edan tomar precauciones extra cuando se trata de manejar ante estas condiciones adversas. Conducir en carreteras cubiertas de nieve o hielo, neblina, hielo negro, aguanieve, lluvia, y otras condiciones potencialmente peligrosas, pueden hacer que manejar tu veh\u00edculo con mal clima sea dif\u00edcil en Georgia.<\/p>\n<p>De acuerdo a la Administraci\u00f3n Nacional de Seguridad del Tr\u00e1fico (NHTSA por sus siglas en ingl\u00e9s) el 17% de todos los accidentes de tr\u00e1nsito ocurren en condiciones de <a href=\"https:\/\/www.nhtsa.gov\/winter-driving-tips\">clima invernal.<\/a> Es por esto que no es sorprendente que manejar en estas condiciones peligrosas pueda provocar lesiones serias e incluso la muerte.<\/p>\n<p>Aunque no todos los conductores pueden evitar la mayor\u00eda de los accidentes relacionados con el clima, se pueden tomar medidas para mejorar la seguridad al conducir en condiciones clim\u00e1ticas adversas.<\/p>\n<p>\u00bfHa estado involucrado en un accidente de tr\u00e1nsito? Comun\u00edquese con el abogado Ali y su equipo de abogados especializados en lesiones personales de CEO Lawyer Personal Injury Law Firm llamando al <a href=\"tel:+18883073792\"><strong>(888) 307-3792<\/strong><\/a> o <a href=\"https:\/\/ceolawyer.com\/contact-us\/\">cont\u00e1ctenos\u00a0 en l\u00ednea<\/a> para recibir una evaluaci\u00f3n gratuita y confidencial de su caso.<\/p>\n<p>El abogado Ali fund\u00f3 su firma de abogados especializados en lesiones personales y r\u00e1pidamente se convirti\u00f3 en una de las firmas de mayor crecimiento en el pa\u00eds. Si tomamos su caso no pagar\u00e1 nada hasta que lo ganemos.<\/p>\n<h2>Accidentes relacionados con las condiciones del clima<\/h2>\n<p>El clima de Georgia es conocido por tener un gran impacto en las condiciones para manejar y ha ocasionado numerosos accidentes relacionados con el clima. Las condiciones clim\u00e1ticas de Georgia, tales como fuertes lluvias, viento, niebla y nieve, pueden llevar a colisiones graves en la carretera.<\/p>\n<p>El mal clima incrementa en gran medida la probabilidad de verse envuelto en un accidente debido a la baja visibilidad, disminuci\u00f3n del rendimiento del veh\u00edculo y distracciones del conductor. Por lo tanto, para evitar verse involucrado en un accidente mientras conduce en condiciones de clima desfavorables, considere tomar las siguientes acciones:<\/p>\n<h3>Aseg\u00farese que su veh\u00edculo est\u00e1 listo para circular<\/h3>\n<p>Asegurar que su veh\u00edculo se mantiene en buenas condiciones de funcionamiento es importante para evitar quedarse varado en medio de condiciones clim\u00e1ticas ca\u00f3ticas. Mantenga su auto en buenas condiciones realizando revisiones regulares.<\/p>\n<p>Las temperaturas muy bajas pueden causar reducci\u00f3n de la presi\u00f3n de las llantas, agotar la bater\u00eda y otros problemas relacionados con el clima fr\u00edo. Experimentar una aver\u00eda en condiciones de clima adverso puede ser extremadamente peligroso.<\/p>\n<h3>Planea tu ruta<\/h3>\n<p>Antes de salir de casa, utilice un dispositivo para revisar su ruta y las condiciones de clima para planear sus viajes de manera adecuada. Deber\u00eda estar atento a cierres de v\u00edas, accidentes, y cualquier otra condici\u00f3n peligrosa.<\/p>\n<p>Saber cuales son los retrasos y las condiciones en la v\u00eda que le esperan puede ayudar a planear su tiempo como corresponde. Cuando se est\u00e1 conduciendo\u00a0 bajo condiciones de clima adverso nunca hay que conducir deprisa.<\/p>\n<h3>Evite conducir de noche<\/h3>\n<p>Conducir de noche en clima adverso es extremadamente peligroso.<\/p>\n<p>En invierno, a medida que bajan las temperaturas es m\u00e1s probable que se forme hielo y la visibilidad se reduzca. Como los parches de hielo son menos visibles en la noche, esto puede hacer que sea demasiado tarde a la hora de prevenir una colisi\u00f3n grave.<\/p>\n<p>Adem\u00e1s, con fuertes vientos o lluvias torrenciales, la visibilidad en la noche puede ser mucho m\u00e1s reducida, y los obst\u00e1culos en la v\u00eda pueden ser menos visibles. Por lo tanto, evitar la conducci\u00f3n durante la noche cuando las condiciones de clima adversas est\u00e1n presentes, es lo recomendable.<\/p>\n<h3>Disminuya la velocidad<\/h3>\n<p>Es imprescindible conducir con calma y disminuir la velocidad mientras se conduce en carreteras h\u00famedas, resbaladizas, congeladas o cubiertas de nieve. Al conducir bajo condiciones invernales, se recomienda que los conductores disminuyan la velocidad alrededor de la mitad.<\/p>\n<p>En estas condiciones, puede tornarse a\u00fan m\u00e1s dif\u00edcil para los conductores tener el control de sus veh\u00edculos y reducir la velocidad o reaccionar a los autos frente a ellos. Tambi\u00e9n\u00a0 se recomienda que no use control de crucero en carreteras resbaladizas o h\u00famedas y que se mantenga a una distancia prudente de seguridad, alrededor de 8-10 segundos.<\/p>\n<h3>Est\u00e9 preparado para emergencias<\/h3>\n<p>El clima extremo es una de las principales causas de accidentes de autos. A pesar de que un conductor pueda tomar todas las precauciones para permanecer seguro, las colisiones pueden suceder.<\/p>\n<p>Las condiciones de clima extremo pueden ser muy peligrosas, especialmente porque pueden retrasar el tiempo de respuesta de los equipos de emergencia como la polic\u00eda o el servicio de emergencias m\u00e9dicas.\u00a0 Por lo tanto, los conductores deben estar <a href=\"https:\/\/www.utires.com\/articles\/car-emergency-kit-list\/\">preparados para emergencias potenciales<\/a> y asegurarse que sus veh\u00edculos est\u00e9n equipados con art\u00edculos de emergencia como un kit de primeros auxilios, linternas, cables de arranque de bater\u00eda, agua, mantas, bengalas, entre otros.<\/p>\n<h3>Busca ayuda de un abogado<\/h3>\n<p>Si se ha visto envuelto en un accidente relacionado con el clima en Georgia, podr\u00eda requerir cuidados m\u00e9dicos importantes, perder tiempo de trabajo, tener da\u00f1os a su propiedad, y sufrir otros da\u00f1os. Si has tenido da\u00f1os debido a la negligencia de otro conductor o por un accidente relacionado con el clima, usted tiene derecho a una compensaci\u00f3n.<\/p>\n<p>Lo mejor es <a href=\"https:\/\/ceolawyer.com\/georgia-personal-injury\/car-accident-lawyer\/\">consultar con un abogado con experiencia en accidentes de tr\u00e1nsito en Georgia<\/a> para discutir sus opciones de recibir una compensaci\u00f3n por los da\u00f1os causados. Por otro lado, si ha causado da\u00f1o a otro conductor o su propiedad debido a las inclemencias del clima, debe probar que su forma de conducir antes de la colisi\u00f3n reflej\u00f3 una acci\u00f3n razonable y que llev\u00f3 a cabo la l\u00ednea de acci\u00f3n m\u00e1s razonable dentro de las circunstancias para evitar ser declarado responsable.<\/p>\n<p>Por lo tanto, si ha estado envuelto en un accidente en Georgia, debido a las malas condiciones del clima, lo mejor es discutir su caso con un abogado ahora mismo. Usted tendr\u00e1 una cantidad de tiempo limitada para llevar a cabo una reclamo por el accidente, que se conoce como \u201cestatuto de limitaciones\u201d.<\/p>\n<p>Su abogado de accidentes de auto en Georgia interpondr\u00e1 su reclamo dentro del periodo establecido, ayudar\u00e1 a establecer la culpabilidad en su caso de accidente de auto y lo ayudar\u00e1 a defenderse en el evento que sea demandado a causa del accidente por malas condiciones clim\u00e1ticas.<\/p>\n<h2>Accidentes de autos causadas por condiciones clim\u00e1ticas<\/h2>\n<p>Desafortunadamente, en el clima actual, las condiciones de clima severas pueden aparecer repentinamente y pueden llevar f\u00e1cilmente a accidentes de auto perjudiciales, los cuales podr\u00edan incluso poner en riesgo su vida. Las condiciones de clima en Georgia son conocidas por impactar las v\u00edas y las condiciones de viaje significativamente.<\/p>\n<p>Las siguientes estad\u00edsticas se relacionaron con los accidentes de autos por causa de condiciones clim\u00e1ticas.<\/p>\n<ul>\n<li>Se estima que un 22% de los accidentes son causados por condiciones clim\u00e1ticas extremas.<\/li>\n<li>Cerca de <a href=\"https:\/\/safer-america.com\/car-accident-statistics\/#weather\">445,000 personas lesionadas y 6,000 muertes<\/a> ocurren cada a\u00f1o debido a las condiciones clim\u00e1ticas extremas.<\/li>\n<\/ul>\n<p>Cuando se trata de accidentes relacionados con el clima, el clima h\u00famedo (lluvia y carreteras h\u00famedas) son las principales causas de colisiones. M\u00e1s de 200,000 colisiones al a\u00f1o son causadas por la nieve.<\/p>\n<h2>Abogado de lesiones personales<\/h2>\n<p>\u00bfUn conductor negligente le ha causado lesiones a uno de sus seres queridos? \u00bfSe ha visto envuelto en un accidente debido al clima extremo?<\/p>\n<p>Si es su caso no espere m\u00e1s para contactar a los abogados especializados en lesiones personales de CEO Lawyer Personal Injury Law Firm. Ll\u00e1menos hoy al <a href=\"tel:+18883073792\"><strong>(888) 307-3792<\/strong><\/a> o cont\u00e1ctenos en l\u00ednea para recibir una evaluaci\u00f3n gratuita y confidencial de su caso.<\/p>\n<p>Si ha sido lesionado debido a la negligencia de otro conductor, no deber\u00eda ser su responsabilidad cubrir los gastos por sus da\u00f1os. Comun\u00edquese con el abogado Ali y su equipo de abogados especializados de CEO Lawyer Personal Injury Law Firm para saber c\u00f3mo podemos ayudarle.<\/p>\n","protected":false},"excerpt":{"rendered":"<p>Es ampliamente conocido que las condiciones clim\u00e1ticas en invierno pueden ser peligrosas al conducir y que los conductores deber\u00edan tomar precauciones extra cuando se trata de manejar ante estas condiciones adversas. Conducir en carreteras cubiertas de nieve o hielo, neblina, hielo negro, aguanieve, lluvia, y otras condiciones potencialmente peligrosas, pueden hacer que manejar tu veh\u00edculo [&hellip;]<\/p>\n","protected":false},"author":18,"featured_media":11835,"parent":13289,"menu_order":0,"comment_status":"closed","ping_status":"closed","template":"","meta":{"_acf_changed":false,"footnotes":""},"class_list":["post-11833","page","type-page","status-publish","has-post-thumbnail","hentry"],"acf":[],"yoast_head":"<!-- This site is optimized with the Yoast SEO plugin v27.4 - https:\/\/yoast.com\/product\/yoast-seo-wordpress\/ -->\n<title>\u00bfC\u00f3mo Prevenir Accidentes por el Clima en Georgia? | CEO Lawyer<\/title>\n<meta name=\"description\" content=\"Inf\u00f3rmese sobre c\u00f3mo prevenir accidentes antes de salir a la carretera. Llame a The CEO Lawyer hoy para una consulta GRATUITA al 888-307-3792.\" \/>\n<meta name=\"robots\" content=\"index, follow, max-snippet:-1, max-image-preview:large, max-video-preview:-1\" \/>\n<link rel=\"canonical\" href=\"https:\/\/ceolawyer.com\/espanol\/faq\/ley-de-georgia\/accidente-automovilistico\/como-prevenir-accidentes-relacionados-con-el-clima-en-georgia\/\" \/>\n<meta property=\"og:locale\" content=\"en_US\" \/>\n<meta property=\"og:type\" content=\"article\" \/>\n<meta property=\"og:title\" content=\"\u00bfC\u00f3mo Prevenir Accidentes por el Clima en Georgia? | CEO Lawyer\" \/>\n<meta property=\"og:description\" content=\"Inf\u00f3rmese sobre c\u00f3mo prevenir accidentes antes de salir a la carretera. Llame a The CEO Lawyer hoy para una consulta GRATUITA al 888-307-3792.\" \/>\n<meta property=\"og:url\" content=\"https:\/\/ceolawyer.com\/espanol\/faq\/ley-de-georgia\/accidente-automovilistico\/como-prevenir-accidentes-relacionados-con-el-clima-en-georgia\/\" \/>\n<meta property=\"og:site_name\" content=\"CEO Lawyer\" \/>\n<meta property=\"article:modified_time\" content=\"2026-03-18T18:16:38+00:00\" \/>\n<meta property=\"og:image\" content=\"https:\/\/ceolawyer.com\/espanol\/wp-content\/uploads\/sites\/2\/2024\/04\/Como-prevenir-accidentes-relacionados-con-el-clima-en-Georgia.webp\" \/>\n\t<meta property=\"og:image:width\" content=\"500\" \/>\n\t<meta property=\"og:image:height\" content=\"333\" \/>\n\t<meta property=\"og:image:type\" content=\"image\/webp\" \/>\n<meta name=\"twitter:card\" content=\"summary_large_image\" \/>\n<meta name=\"twitter:label1\" content=\"Est. reading time\" \/>\n\t<meta name=\"twitter:data1\" content=\"7 minutes\" \/>\n<script type=\"application\/ld+json\" class=\"yoast-schema-graph\">{\"@context\":\"https:\\\/\\\/schema.org\",\"@graph\":[{\"@type\":\"WebPage\",\"@id\":\"https:\\\/\\\/ceolawyer.com\\\/espanol\\\/faq\\\/ley-de-georgia\\\/accidente-automovilistico\\\/como-prevenir-accidentes-relacionados-con-el-clima-en-georgia\\\/\",\"url\":\"https:\\\/\\\/ceolawyer.com\\\/espanol\\\/faq\\\/ley-de-georgia\\\/accidente-automovilistico\\\/como-prevenir-accidentes-relacionados-con-el-clima-en-georgia\\\/\",\"name\":\"\u00bfC\u00f3mo Prevenir Accidentes por el Clima en Georgia? | CEO Lawyer\",\"isPartOf\":{\"@id\":\"https:\\\/\\\/ceolawyer.com\\\/espanol\\\/#website\"},\"primaryImageOfPage\":{\"@id\":\"https:\\\/\\\/ceolawyer.com\\\/espanol\\\/faq\\\/ley-de-georgia\\\/accidente-automovilistico\\\/como-prevenir-accidentes-relacionados-con-el-clima-en-georgia\\\/#primaryimage\"},\"image\":{\"@id\":\"https:\\\/\\\/ceolawyer.com\\\/espanol\\\/faq\\\/ley-de-georgia\\\/accidente-automovilistico\\\/como-prevenir-accidentes-relacionados-con-el-clima-en-georgia\\\/#primaryimage\"},\"thumbnailUrl\":\"https:\\\/\\\/ceolawyer.com\\\/espanol\\\/wp-content\\\/uploads\\\/sites\\\/2\\\/2024\\\/04\\\/Como-prevenir-accidentes-relacionados-con-el-clima-en-Georgia.webp\",\"datePublished\":\"2024-04-24T18:48:30+00:00\",\"dateModified\":\"2026-03-18T18:16:38+00:00\",\"description\":\"Inf\u00f3rmese sobre c\u00f3mo prevenir accidentes antes de salir a la carretera. Llame a The CEO Lawyer hoy para una consulta GRATUITA al 888-307-3792.\",\"breadcrumb\":{\"@id\":\"https:\\\/\\\/ceolawyer.com\\\/espanol\\\/faq\\\/ley-de-georgia\\\/accidente-automovilistico\\\/como-prevenir-accidentes-relacionados-con-el-clima-en-georgia\\\/#breadcrumb\"},\"inLanguage\":\"en-US\",\"potentialAction\":[{\"@type\":\"ReadAction\",\"target\":[\"https:\\\/\\\/ceolawyer.com\\\/espanol\\\/faq\\\/ley-de-georgia\\\/accidente-automovilistico\\\/como-prevenir-accidentes-relacionados-con-el-clima-en-georgia\\\/\"]}]},{\"@type\":\"ImageObject\",\"inLanguage\":\"en-US\",\"@id\":\"https:\\\/\\\/ceolawyer.com\\\/espanol\\\/faq\\\/ley-de-georgia\\\/accidente-automovilistico\\\/como-prevenir-accidentes-relacionados-con-el-clima-en-georgia\\\/#primaryimage\",\"url\":\"https:\\\/\\\/ceolawyer.com\\\/espanol\\\/wp-content\\\/uploads\\\/sites\\\/2\\\/2024\\\/04\\\/Como-prevenir-accidentes-relacionados-con-el-clima-en-Georgia.webp\",\"contentUrl\":\"https:\\\/\\\/ceolawyer.com\\\/espanol\\\/wp-content\\\/uploads\\\/sites\\\/2\\\/2024\\\/04\\\/Como-prevenir-accidentes-relacionados-con-el-clima-en-Georgia.webp\",\"width\":500,\"height\":333,\"caption\":\"La parte delantera y la puerta del lado del conductor de un sed\u00e1n negro est\u00e1n da\u00f1adas.\"},{\"@type\":\"BreadcrumbList\",\"@id\":\"https:\\\/\\\/ceolawyer.com\\\/espanol\\\/faq\\\/ley-de-georgia\\\/accidente-automovilistico\\\/como-prevenir-accidentes-relacionados-con-el-clima-en-georgia\\\/#breadcrumb\",\"itemListElement\":[{\"@type\":\"ListItem\",\"position\":1,\"name\":\"Home\",\"item\":\"https:\\\/\\\/ceolawyer.com\\\/espanol\\\/\"},{\"@type\":\"ListItem\",\"position\":2,\"name\":\"FAQ\",\"item\":\"https:\\\/\\\/ceolawyer.com\\\/espanol\\\/faq\\\/\"},{\"@type\":\"ListItem\",\"position\":3,\"name\":\"Lesiones personales en Georgia FAQ\",\"item\":\"https:\\\/\\\/ceolawyer.com\\\/espanol\\\/faq\\\/ley-de-georgia\\\/\"},{\"@type\":\"ListItem\",\"position\":4,\"name\":\"\u00bfC\u00f3mo prevenir accidentes relacionados con el clima en Georgia?\"}]},{\"@type\":\"WebSite\",\"@id\":\"https:\\\/\\\/ceolawyer.com\\\/espanol\\\/#website\",\"url\":\"https:\\\/\\\/ceolawyer.com\\\/espanol\\\/\",\"name\":\"CEO Lawyer\",\"description\":\"Personal Injury Attorney\",\"publisher\":{\"@id\":\"https:\\\/\\\/ceolawyer.com\\\/espanol\\\/#organization\"},\"potentialAction\":[{\"@type\":\"SearchAction\",\"target\":{\"@type\":\"EntryPoint\",\"urlTemplate\":\"https:\\\/\\\/ceolawyer.com\\\/espanol\\\/?s={search_term_string}\"},\"query-input\":{\"@type\":\"PropertyValueSpecification\",\"valueRequired\":true,\"valueName\":\"search_term_string\"}}],\"inLanguage\":\"en-US\"},{\"@type\":\"Organization\",\"@id\":\"https:\\\/\\\/ceolawyer.com\\\/espanol\\\/#organization\",\"name\":\"CEO Lawyer\",\"url\":\"https:\\\/\\\/ceolawyer.com\\\/espanol\\\/\",\"logo\":{\"@type\":\"ImageObject\",\"inLanguage\":\"en-US\",\"@id\":\"https:\\\/\\\/ceolawyer.com\\\/espanol\\\/#\\\/schema\\\/logo\\\/image\\\/\",\"url\":\"https:\\\/\\\/ceolawyer.com\\\/espanol\\\/wp-content\\\/uploads\\\/sites\\\/2\\\/2022\\\/05\\\/CEO_Logo.png\",\"contentUrl\":\"https:\\\/\\\/ceolawyer.com\\\/espanol\\\/wp-content\\\/uploads\\\/sites\\\/2\\\/2022\\\/05\\\/CEO_Logo.png\",\"width\":200,\"height\":108,\"caption\":\"CEO Lawyer\"},\"image\":{\"@id\":\"https:\\\/\\\/ceolawyer.com\\\/espanol\\\/#\\\/schema\\\/logo\\\/image\\\/\"}}]}<\/script>\n<!-- \/ Yoast SEO plugin. -->","yoast_head_json":{"title":"\u00bfC\u00f3mo Prevenir Accidentes por el Clima en Georgia? | CEO Lawyer","description":"Inf\u00f3rmese sobre c\u00f3mo prevenir accidentes antes de salir a la carretera. Llame a The CEO Lawyer hoy para una consulta GRATUITA al 888-307-3792.","robots":{"index":"index","follow":"follow","max-snippet":"max-snippet:-1","max-image-preview":"max-image-preview:large","max-video-preview":"max-video-preview:-1"},"canonical":"https:\/\/ceolawyer.com\/espanol\/faq\/ley-de-georgia\/accidente-automovilistico\/como-prevenir-accidentes-relacionados-con-el-clima-en-georgia\/","og_locale":"en_US","og_type":"article","og_title":"\u00bfC\u00f3mo Prevenir Accidentes por el Clima en Georgia? | CEO Lawyer","og_description":"Inf\u00f3rmese sobre c\u00f3mo prevenir accidentes antes de salir a la carretera. Llame a The CEO Lawyer hoy para una consulta GRATUITA al 888-307-3792.","og_url":"https:\/\/ceolawyer.com\/espanol\/faq\/ley-de-georgia\/accidente-automovilistico\/como-prevenir-accidentes-relacionados-con-el-clima-en-georgia\/","og_site_name":"CEO Lawyer","article_modified_time":"2026-03-18T18:16:38+00:00","og_image":[{"width":500,"height":333,"url":"https:\/\/ceolawyer.com\/espanol\/wp-content\/uploads\/sites\/2\/2024\/04\/Como-prevenir-accidentes-relacionados-con-el-clima-en-Georgia.webp","type":"image\/webp"}],"twitter_card":"summary_large_image","twitter_misc":{"Est. reading time":"7 minutes"},"schema":{"@context":"https:\/\/schema.org","@graph":[{"@type":"WebPage","@id":"https:\/\/ceolawyer.com\/espanol\/faq\/ley-de-georgia\/accidente-automovilistico\/como-prevenir-accidentes-relacionados-con-el-clima-en-georgia\/","url":"https:\/\/ceolawyer.com\/espanol\/faq\/ley-de-georgia\/accidente-automovilistico\/como-prevenir-accidentes-relacionados-con-el-clima-en-georgia\/","name":"\u00bfC\u00f3mo Prevenir Accidentes por el Clima en Georgia? | CEO Lawyer","isPartOf":{"@id":"https:\/\/ceolawyer.com\/espanol\/#website"},"primaryImageOfPage":{"@id":"https:\/\/ceolawyer.com\/espanol\/faq\/ley-de-georgia\/accidente-automovilistico\/como-prevenir-accidentes-relacionados-con-el-clima-en-georgia\/#primaryimage"},"image":{"@id":"https:\/\/ceolawyer.com\/espanol\/faq\/ley-de-georgia\/accidente-automovilistico\/como-prevenir-accidentes-relacionados-con-el-clima-en-georgia\/#primaryimage"},"thumbnailUrl":"https:\/\/ceolawyer.com\/espanol\/wp-content\/uploads\/sites\/2\/2024\/04\/Como-prevenir-accidentes-relacionados-con-el-clima-en-Georgia.webp","datePublished":"2024-04-24T18:48:30+00:00","dateModified":"2026-03-18T18:16:38+00:00","description":"Inf\u00f3rmese sobre c\u00f3mo prevenir accidentes antes de salir a la carretera. Llame a The CEO Lawyer hoy para una consulta GRATUITA al 888-307-3792.","breadcrumb":{"@id":"https:\/\/ceolawyer.com\/espanol\/faq\/ley-de-georgia\/accidente-automovilistico\/como-prevenir-accidentes-relacionados-con-el-clima-en-georgia\/#breadcrumb"},"inLanguage":"en-US","potentialAction":[{"@type":"ReadAction","target":["https:\/\/ceolawyer.com\/espanol\/faq\/ley-de-georgia\/accidente-automovilistico\/como-prevenir-accidentes-relacionados-con-el-clima-en-georgia\/"]}]},{"@type":"ImageObject","inLanguage":"en-US","@id":"https:\/\/ceolawyer.com\/espanol\/faq\/ley-de-georgia\/accidente-automovilistico\/como-prevenir-accidentes-relacionados-con-el-clima-en-georgia\/#primaryimage","url":"https:\/\/ceolawyer.com\/espanol\/wp-content\/uploads\/sites\/2\/2024\/04\/Como-prevenir-accidentes-relacionados-con-el-clima-en-Georgia.webp","contentUrl":"https:\/\/ceolawyer.com\/espanol\/wp-content\/uploads\/sites\/2\/2024\/04\/Como-prevenir-accidentes-relacionados-con-el-clima-en-Georgia.webp","width":500,"height":333,"caption":"La parte delantera y la puerta del lado del conductor de un sed\u00e1n negro est\u00e1n da\u00f1adas."},{"@type":"BreadcrumbList","@id":"https:\/\/ceolawyer.com\/espanol\/faq\/ley-de-georgia\/accidente-automovilistico\/como-prevenir-accidentes-relacionados-con-el-clima-en-georgia\/#breadcrumb","itemListElement":[{"@type":"ListItem","position":1,"name":"Home","item":"https:\/\/ceolawyer.com\/espanol\/"},{"@type":"ListItem","position":2,"name":"FAQ","item":"https:\/\/ceolawyer.com\/espanol\/faq\/"},{"@type":"ListItem","position":3,"name":"Lesiones personales en Georgia FAQ","item":"https:\/\/ceolawyer.com\/espanol\/faq\/ley-de-georgia\/"},{"@type":"ListItem","position":4,"name":"\u00bfC\u00f3mo prevenir accidentes relacionados con el clima en Georgia?"}]},{"@type":"WebSite","@id":"https:\/\/ceolawyer.com\/espanol\/#website","url":"https:\/\/ceolawyer.com\/espanol\/","name":"CEO Lawyer","description":"Personal Injury Attorney","publisher":{"@id":"https:\/\/ceolawyer.com\/espanol\/#organization"},"potentialAction":[{"@type":"SearchAction","target":{"@type":"EntryPoint","urlTemplate":"https:\/\/ceolawyer.com\/espanol\/?s={search_term_string}"},"query-input":{"@type":"PropertyValueSpecification","valueRequired":true,"valueName":"search_term_string"}}],"inLanguage":"en-US"},{"@type":"Organization","@id":"https:\/\/ceolawyer.com\/espanol\/#organization","name":"CEO Lawyer","url":"https:\/\/ceolawyer.com\/espanol\/","logo":{"@type":"ImageObject","inLanguage":"en-US","@id":"https:\/\/ceolawyer.com\/espanol\/#\/schema\/logo\/image\/","url":"https:\/\/ceolawyer.com\/espanol\/wp-content\/uploads\/sites\/2\/2022\/05\/CEO_Logo.png","contentUrl":"https:\/\/ceolawyer.com\/espanol\/wp-content\/uploads\/sites\/2\/2022\/05\/CEO_Logo.png","width":200,"height":108,"caption":"CEO Lawyer"},"image":{"@id":"https:\/\/ceolawyer.com\/espanol\/#\/schema\/logo\/image\/"}}]}},"_links":{"self":[{"href":"https:\/\/ceolawyer.com\/espanol\/wp-json\/wp\/v2\/pages\/11833","targetHints":{"allow":["GET"]}}],"collection":[{"href":"https:\/\/ceolawyer.com\/espanol\/wp-json\/wp\/v2\/pages"}],"about":[{"href":"https:\/\/ceolawyer.com\/espanol\/wp-json\/wp\/v2\/types\/page"}],"author":[{"embeddable":true,"href":"https:\/\/ceolawyer.com\/espanol\/wp-json\/wp\/v2\/users\/18"}],"replies":[{"embeddable":true,"href":"https:\/\/ceolawyer.com\/espanol\/wp-json\/wp\/v2\/comments?post=11833"}],"version-history":[{"count":0,"href":"https:\/\/ceolawyer.com\/espanol\/wp-json\/wp\/v2\/pages\/11833\/revisions"}],"up":[{"embeddable":true,"href":"https:\/\/ceolawyer.com\/espanol\/wp-json\/wp\/v2\/pages\/13289"}],"wp:featuredmedia":[{"embeddable":true,"href":"https:\/\/ceolawyer.com\/espanol\/wp-json\/wp\/v2\/media\/11835"}],"wp:attachment":[{"href":"https:\/\/ceolawyer.com\/espanol\/wp-json\/wp\/v2\/media?parent=11833"}],"curies":[{"name":"wp","href":"https:\/\/api.w.org\/{rel}","templated":true}]}}