{"id":11842,"date":"2024-04-24T19:07:13","date_gmt":"2024-04-24T19:07:13","guid":{"rendered":"https:\/\/ceolawyer.com\/espanol\/?page_id=11842"},"modified":"2025-10-30T17:00:14","modified_gmt":"2025-10-30T17:00:14","slug":"te-lesionaste-mientras-caminabas-por-la-calle-o-carretera","status":"publish","type":"page","link":"https:\/\/ceolawyer.com\/espanol\/faq\/accidente-automovilistico\/te-lesionaste-mientras-caminabas-por-la-calle-o-carretera\/","title":{"rendered":"\u00bfTe lesionaste mientras caminabas por la calle o carretera?"},"content":{"rendered":"<p><img decoding=\"async\" class=\"alignright size-full wp-image-11844\" src=\"https:\/\/ceolawyer.com\/espanol\/wp-content\/uploads\/sites\/2\/2024\/04\/Te-lesionaste-mientras-caminabas-por-la-calle-o-carretera-Aqui-la-razones-por-las-cuales-necesitas-un-abogado-de-accidentes-peatonales-en-Atlanta.webp\" alt=\"Un joven peat\u00f3n encapuchado mira a ambos lados antes de cruzar la calle.\" width=\"500\" height=\"333\" srcset=\"https:\/\/ceolawyer.com\/espanol\/wp-content\/uploads\/sites\/2\/2024\/04\/Te-lesionaste-mientras-caminabas-por-la-calle-o-carretera-Aqui-la-razones-por-las-cuales-necesitas-un-abogado-de-accidentes-peatonales-en-Atlanta.webp 500w, https:\/\/ceolawyer.com\/espanol\/wp-content\/uploads\/sites\/2\/2024\/04\/Te-lesionaste-mientras-caminabas-por-la-calle-o-carretera-Aqui-la-razones-por-las-cuales-necesitas-un-abogado-de-accidentes-peatonales-en-Atlanta-300x200.webp 300w\" sizes=\"(max-width: 500px) 100vw, 500px\" \/>Mientras caminas por las calles de la ciudad o cruzando una intersecci\u00f3n en Atlanta, lo \u00faltimo que quieres es ser parte de las estad\u00edsticas de\u00a0 accidentes. Desafortunadamente, los peatones son objetivos f\u00e1ciles para conductores que est\u00e1n distra\u00eddos o tienden a ignorar las reglas de conducci\u00f3n.<\/p>\n<p>Como resultado, puedes acabar seriamente lesionado en un accidente peatonal y sufrir da\u00f1os y p\u00e9rdidas significativas.<\/p>\n<p>Lo \u00faltimo por lo que se deber\u00eda preocupar despu\u00e9s de un accidente es el c\u00f3mo pagar\u00e1 por las cuentas m\u00e9dicas y el tiempo en el que no trabaje. En CEO Lawyer Personal Injury Law Firm, nuestros abogados trabajar\u00e1n duro para conseguirle la compensaci\u00f3n que usted necesita para volver a estar bien.<\/p>\n<p>Nuestros abogados dedicados a las lesiones personales est\u00e1n enfocados en servir a nuestros clientes con integridad y compasi\u00f3n.<\/p>\n<p>En CEO Lawyer Personal Injury Law Firm, nuestros abogados expertos en casos de lesiones personales comprenden que estar involucrado en un accidente peatonal es estresante y doloroso. Nosotros estamos aqu\u00ed para ayudarlo en cada etapa de su proceso y para asegurarnos que sus derechos sean protegidos.<\/p>\n<p>Ll\u00e1menos hoy para una consulta gratis al <a href=\"tel:+18883073792\"><strong>(888) 307-3792<\/strong><\/a>, o complete nuestra forma en l\u00ednea, ubicada en nuestra p\u00e1gina oficial para programar una cita en nuestra oficina en Atlanta, Georgia.<\/p>\n<h2>Causas comunes de accidentes peatonales en Atlanta<\/h2>\n<p>Los accidentes peatonales no son muy diferentes a los accidentes automovil\u00edsticos en t\u00e9rminos de cu\u00e1l es su causante. De hecho, muchas veces, los conductores de veh\u00edculos son los culpables de los accidentes peatonales.<\/p>\n<p>Teniendo esto en cuenta, dichos accidentes pueden ocurrir por causas como cruces peatonales mal se\u00f1alizados, conductores imprudentes que hacen giros ilegales hacia la izquierda, entre otros. Aqu\u00ed te compartimos las causas m\u00e1s comunes:<\/p>\n<ul>\n<li>No ceder el derecho de paso<\/li>\n<li>Velocidad excesiva<\/li>\n<li>Conducir bajo la influencia de alcohol y\/o drogas<\/li>\n<li>Conducci\u00f3n agresiva o con rabia en la carretera<\/li>\n<li>Conducci\u00f3n distra\u00edda por uso del tel\u00e9fono, comer u otras causas de distracci\u00f3n.<\/li>\n<li>Conductor fatigado<\/li>\n<li>No acatar se\u00f1ales de tr\u00e1nsito<\/li>\n<li>Mal dise\u00f1o o mantenimiento del veh\u00edculo<\/li>\n<li>Conducci\u00f3n imprudente<\/li>\n<li>Condiciones pobres en la carretera (construcci\u00f3n en la v\u00eda, ausencia de cruce peatonal)<\/li>\n<li>Entrada a una carretera de forma inesperada o ilegal<\/li>\n<li>Peatones caminando hacia el tr\u00e1fico cuando no hay un cruce peatonal o una \u00e1rea segura designada<\/li>\n<\/ul>\n<p>Los peatones no tienen protecci\u00f3n cuando son impactados por un veh\u00edculo, dej\u00e1ndolos con mayor riesgo de lesiones serias o fatales. Puede ser significativamente retador determinar la culpabilidad debido al estado confuso de los hechos durante el incidente que incluye a un peat\u00f3n, dejando muchos casos sujetos a la discreci\u00f3n y opini\u00f3n del juez.<\/p>\n<p>Tener un <a href=\"https:\/\/ceolawyer.com\/personal-injury\/pedestrian-accident-lawyer\/\">abogado confiable especializado en accidentes peatonales<\/a> de su lado para presentar todos los elementos que pueden afectar la culpabilidad y asignar la responsabilidad apropiada puede incrementar los chances de que su reclamaci\u00f3n sea exitosa.<\/p>\n<p>As\u00ed te podemos ayudar:<\/p>\n<h2>Investigar la escena del accidente<\/h2>\n<p>Un abogado investigar\u00e1 la escena del accidente y hablar\u00e1 con testigos para determinar qu\u00e9 pas\u00f3. Tambi\u00e9n examinar\u00e1n reportes para determinar si alguna citaci\u00f3n fue hecha o si alguna parte ha sido acusada de alg\u00fan crimen relacionado al accidente.<\/p>\n<h2>Recolectar declaraciones de testigos<\/h2>\n<p>Algunos accidentes pasan donde nadie est\u00e1 alrededor. Sin embargo, la mayor\u00eda de accidentes ocurren en p\u00fablico y delante de testigos que pueden haber visto qu\u00e9 pas\u00f3.<\/p>\n<p>Un abogado sabr\u00e1 a qu\u00e9 testigos contactar y qu\u00e9 preguntas hacerles. Se asegurar\u00e1 que esas declaraciones sean registradas correctamente y puestas en escrito para que no puedan ser manipuladas m\u00e1s adelante.<\/p>\n<h2>Establecer responsabilidad<\/h2>\n<p>Atlanta es un estado de negligencia comparativa, lo que significa que su porcentaje de culpabilidad en un accidente puede ser factor cuando se determine cu\u00e1nta compensaci\u00f3n recibir\u00e1. Para construir un caso s\u00f3lido demostrando responsabilidad para accidentes de peatones, nuestros abogados expertos en lesiones, investigar\u00e1n las circunstancias del accidente, determinar\u00e1n evidencias m\u00e9dicas y recolectar\u00e1n testimonios para probar que la otra parte del accidente es responsable.<\/p>\n<h2>Determinar da\u00f1os<\/h2>\n<p>Cuando se encuentre involucrado en un accidente con un carro o cami\u00f3n, las leyes de tr\u00e1fico usualmente culpan al conductor del veh\u00edculo. No obstante, no significa que esos lesionados en un accidente de peat\u00f3n puedan solo aceptar cualquier monto que la compa\u00f1\u00eda de seguros les ofrezca en un ajuste por los da\u00f1os que hayan sufrido durante el mismo.<\/p>\n<p>Un abogado de lesiones personales confiable puede hacer la diferencia al momento de recibir su compensaci\u00f3n.<\/p>\n<p>A menudo, las compa\u00f1\u00edas de seguros pagan a las v\u00edctimas menos de lo que se merecen, debilitando as\u00ed su salud mental y f\u00edsica. Un abogado calcular\u00e1 el valor de sus da\u00f1os y luchar\u00e1 para asegurarse que sea compensado acordemente.<\/p>\n<h2>Lidiar con compa\u00f1\u00edas de seguros<\/h2>\n<p>Las compa\u00f1\u00edas de seguros por lo general presionan a sus v\u00edctimas para conformarse con una cifra baja antes de haber calculado todos los da\u00f1os ocurridos a sus lesiones o incluso antes de que las v\u00edctimas tengan el tiempo de decir su otra parte de la historia. Aunque muy rara vez las compa\u00f1\u00edas de seguros admiten esto, es del saber com\u00fan en la comunidad legal que prefieren ser taca\u00f1os con los acuerdos.<\/p>\n<p>Trabajar con un abogado le permite tener a un experto manejando la situaci\u00f3n mientras que se asegura que sus derechos sean protegidos. Ellos buscar\u00e1n el mejor inter\u00e9s durante el proceso, sabiendo qu\u00e9 tipos de preguntas hacer y cu\u00e1les ignorar al tiempo que construye un caso fuerte para usted.<\/p>\n<p>D\u00e9jenos representarlo y liberarlo del estr\u00e9s. Nosotros manejaremos todas las comunicaciones con la compa\u00f1\u00eda de seguros y nos aseguraremos que haga su trabajo y procese su reclamo de una manera r\u00e1pida y profesional.<\/p>\n<h2>Habla con un abogado competente, especializado en lesiones personales a peatones de CEO Lawyer Personal Injury Law Firm<\/h2>\n<p>Las lesiones sufridas en accidentes de peatones pueden prolongarse, afectando el espectro de funcionamiento de su cuerpo. Si usted ha sido lesionado en un accidente de peat\u00f3n, puede que sienta frustraci\u00f3n, molestia y estr\u00e9s sobre sus lesiones y su recuperaci\u00f3n.<\/p>\n<p>Como tal, puede que est\u00e9 ansioso por averiguar cu\u00e1l es la acci\u00f3n que puede tomar corregir el funcionamiento anormal lo antes posible. En la firma de abogados especializados en lesiones personales, CEO Lawyer Personal Injury Law Firm, nuestros abogados experimentados en accidentes peatonales tienen un r\u00e9cord excepcional de \u00e9xito en la recuperaci\u00f3n de indemnizaciones y defensa en accidentes de peatones.<\/p>\n<p>Nuestro conocimiento superior como equipo es la raz\u00f3n del porqu\u00e9 hemos adquirido un amplio historial exitoso, incluso de los reclamos por accidentes de peatones m\u00e1s desafiantes, a trav\u00e9s de una combinaci\u00f3n \u00fanica de habilidad, experiencia y determinaci\u00f3n.<\/p>\n<p>Hemos comprobado tener un historial de responsabilizar a grandes compa\u00f1\u00edas de seguros por las p\u00e9rdidas de nuestros clientes debido a la negligencia de otras personas. Ll\u00e1menos al <a href=\"tel:+18883073792\"><strong>(888) 307-3792<\/strong><\/a> para solicitar nuestra consulta o<a href=\"https:\/\/ceolawyer.com\/contact-us\/\"> cont\u00e1ctenos en l\u00ednea<\/a>.<\/p>\n","protected":false},"excerpt":{"rendered":"<p>Mientras caminas por las calles de la ciudad o cruzando una intersecci\u00f3n en Atlanta, lo \u00faltimo que quieres es ser parte de las estad\u00edsticas de\u00a0 accidentes. Desafortunadamente, los peatones son objetivos f\u00e1ciles para conductores que est\u00e1n distra\u00eddos o tienden a ignorar las reglas de conducci\u00f3n. Como resultado, puedes acabar seriamente lesionado en un accidente peatonal [&hellip;]<\/p>\n","protected":false},"author":18,"featured_media":11844,"parent":11628,"menu_order":0,"comment_status":"closed","ping_status":"closed","template":"","meta":{"_acf_changed":false,"footnotes":""},"class_list":["post-11842","page","type-page","status-publish","has-post-thumbnail","hentry"],"acf":[],"yoast_head":"<!-- This site is optimized with the Yoast SEO plugin v27.2 - https:\/\/yoast.com\/product\/yoast-seo-wordpress\/ -->\n<title>\u00bfTe lesionaste mientras caminabas por la calle o carretera? | CEO Lawyer<\/title>\n<meta name=\"description\" content=\"\u00bfAtropellado por un autom\u00f3vil mientras caminaba en Atlanta? Llame a The CEO Lawyer Personal Injury Law Firm al 888-307-3792 para una consulta GRATUITA hoy.\" \/>\n<meta name=\"robots\" content=\"index, follow, max-snippet:-1, max-image-preview:large, max-video-preview:-1\" \/>\n<link rel=\"canonical\" href=\"https:\/\/ceolawyer.com\/espanol\/faq\/accidente-automovilistico\/te-lesionaste-mientras-caminabas-por-la-calle-o-carretera\/\" \/>\n<meta property=\"og:locale\" content=\"en_US\" \/>\n<meta property=\"og:type\" content=\"article\" \/>\n<meta property=\"og:title\" content=\"\u00bfTe lesionaste mientras caminabas por la calle o carretera? | CEO Lawyer\" \/>\n<meta property=\"og:description\" content=\"\u00bfAtropellado por un autom\u00f3vil mientras caminaba en Atlanta? Llame a The CEO Lawyer Personal Injury Law Firm al 888-307-3792 para una consulta GRATUITA hoy.\" \/>\n<meta property=\"og:url\" content=\"https:\/\/ceolawyer.com\/espanol\/faq\/accidente-automovilistico\/te-lesionaste-mientras-caminabas-por-la-calle-o-carretera\/\" \/>\n<meta property=\"og:site_name\" content=\"CEO Lawyer\" \/>\n<meta property=\"article:modified_time\" content=\"2025-10-30T17:00:14+00:00\" \/>\n<meta property=\"og:image\" content=\"https:\/\/ceolawyer.com\/espanol\/wp-content\/uploads\/sites\/2\/2024\/04\/Te-lesionaste-mientras-caminabas-por-la-calle-o-carretera-Aqui-la-razones-por-las-cuales-necesitas-un-abogado-de-accidentes-peatonales-en-Atlanta.webp\" \/>\n\t<meta property=\"og:image:width\" content=\"500\" \/>\n\t<meta property=\"og:image:height\" content=\"333\" \/>\n\t<meta property=\"og:image:type\" content=\"image\/webp\" \/>\n<meta name=\"twitter:card\" content=\"summary_large_image\" \/>\n<meta name=\"twitter:label1\" content=\"Est. reading time\" \/>\n\t<meta name=\"twitter:data1\" content=\"6 minutes\" \/>\n<script type=\"application\/ld+json\" class=\"yoast-schema-graph\">{\"@context\":\"https:\/\/schema.org\",\"@graph\":[{\"@type\":\"WebPage\",\"@id\":\"https:\/\/ceolawyer.com\/espanol\/faq\/accidente-automovilistico\/te-lesionaste-mientras-caminabas-por-la-calle-o-carretera\/\",\"url\":\"https:\/\/ceolawyer.com\/espanol\/faq\/accidente-automovilistico\/te-lesionaste-mientras-caminabas-por-la-calle-o-carretera\/\",\"name\":\"\u00bfTe lesionaste mientras caminabas por la calle o carretera? | CEO Lawyer\",\"isPartOf\":{\"@id\":\"https:\/\/ceolawyer.com\/espanol\/#website\"},\"primaryImageOfPage\":{\"@id\":\"https:\/\/ceolawyer.com\/espanol\/faq\/accidente-automovilistico\/te-lesionaste-mientras-caminabas-por-la-calle-o-carretera\/#primaryimage\"},\"image\":{\"@id\":\"https:\/\/ceolawyer.com\/espanol\/faq\/accidente-automovilistico\/te-lesionaste-mientras-caminabas-por-la-calle-o-carretera\/#primaryimage\"},\"thumbnailUrl\":\"https:\/\/ceolawyer.com\/espanol\/wp-content\/uploads\/sites\/2\/2024\/04\/Te-lesionaste-mientras-caminabas-por-la-calle-o-carretera-Aqui-la-razones-por-las-cuales-necesitas-un-abogado-de-accidentes-peatonales-en-Atlanta.webp\",\"datePublished\":\"2024-04-24T19:07:13+00:00\",\"dateModified\":\"2025-10-30T17:00:14+00:00\",\"description\":\"\u00bfAtropellado por un autom\u00f3vil mientras caminaba en Atlanta? Llame a The CEO Lawyer Personal Injury Law Firm al 888-307-3792 para una consulta GRATUITA hoy.\",\"breadcrumb\":{\"@id\":\"https:\/\/ceolawyer.com\/espanol\/faq\/accidente-automovilistico\/te-lesionaste-mientras-caminabas-por-la-calle-o-carretera\/#breadcrumb\"},\"inLanguage\":\"en-US\",\"potentialAction\":[{\"@type\":\"ReadAction\",\"target\":[\"https:\/\/ceolawyer.com\/espanol\/faq\/accidente-automovilistico\/te-lesionaste-mientras-caminabas-por-la-calle-o-carretera\/\"]}]},{\"@type\":\"ImageObject\",\"inLanguage\":\"en-US\",\"@id\":\"https:\/\/ceolawyer.com\/espanol\/faq\/accidente-automovilistico\/te-lesionaste-mientras-caminabas-por-la-calle-o-carretera\/#primaryimage\",\"url\":\"https:\/\/ceolawyer.com\/espanol\/wp-content\/uploads\/sites\/2\/2024\/04\/Te-lesionaste-mientras-caminabas-por-la-calle-o-carretera-Aqui-la-razones-por-las-cuales-necesitas-un-abogado-de-accidentes-peatonales-en-Atlanta.webp\",\"contentUrl\":\"https:\/\/ceolawyer.com\/espanol\/wp-content\/uploads\/sites\/2\/2024\/04\/Te-lesionaste-mientras-caminabas-por-la-calle-o-carretera-Aqui-la-razones-por-las-cuales-necesitas-un-abogado-de-accidentes-peatonales-en-Atlanta.webp\",\"width\":500,\"height\":333,\"caption\":\"Un joven peat\u00f3n encapuchado mira a ambos lados antes de cruzar la calle.\"},{\"@type\":\"BreadcrumbList\",\"@id\":\"https:\/\/ceolawyer.com\/espanol\/faq\/accidente-automovilistico\/te-lesionaste-mientras-caminabas-por-la-calle-o-carretera\/#breadcrumb\",\"itemListElement\":[{\"@type\":\"ListItem\",\"position\":1,\"name\":\"Home\",\"item\":\"https:\/\/ceolawyer.com\/espanol\/\"},{\"@type\":\"ListItem\",\"position\":2,\"name\":\"FAQ\",\"item\":\"https:\/\/ceolawyer.com\/espanol\/faq\/\"},{\"@type\":\"ListItem\",\"position\":3,\"name\":\"Accidente automovil\u00edstico en Georgia FAQ\",\"item\":\"https:\/\/ceolawyer.com\/espanol\/faq\/ley-de-georgia\/accidente-automovilistico\/\"},{\"@type\":\"ListItem\",\"position\":4,\"name\":\"\u00bfTe lesionaste mientras caminabas por la calle o carretera?\"}]},{\"@type\":\"WebSite\",\"@id\":\"https:\/\/ceolawyer.com\/espanol\/#website\",\"url\":\"https:\/\/ceolawyer.com\/espanol\/\",\"name\":\"CEO Lawyer\",\"description\":\"Personal Injury Attorney\",\"publisher\":{\"@id\":\"https:\/\/ceolawyer.com\/espanol\/#organization\"},\"potentialAction\":[{\"@type\":\"SearchAction\",\"target\":{\"@type\":\"EntryPoint\",\"urlTemplate\":\"https:\/\/ceolawyer.com\/espanol\/?s={search_term_string}\"},\"query-input\":{\"@type\":\"PropertyValueSpecification\",\"valueRequired\":true,\"valueName\":\"search_term_string\"}}],\"inLanguage\":\"en-US\"},{\"@type\":\"Organization\",\"@id\":\"https:\/\/ceolawyer.com\/espanol\/#organization\",\"name\":\"CEO Lawyer\",\"url\":\"https:\/\/ceolawyer.com\/espanol\/\",\"logo\":{\"@type\":\"ImageObject\",\"inLanguage\":\"en-US\",\"@id\":\"https:\/\/ceolawyer.com\/espanol\/#\/schema\/logo\/image\/\",\"url\":\"https:\/\/ceolawyer.com\/espanol\/wp-content\/uploads\/sites\/2\/2022\/05\/CEO_Logo.png\",\"contentUrl\":\"https:\/\/ceolawyer.com\/espanol\/wp-content\/uploads\/sites\/2\/2022\/05\/CEO_Logo.png\",\"width\":200,\"height\":108,\"caption\":\"CEO Lawyer\"},\"image\":{\"@id\":\"https:\/\/ceolawyer.com\/espanol\/#\/schema\/logo\/image\/\"}}]}<\/script>\n<!-- \/ Yoast SEO plugin. -->","yoast_head_json":{"title":"\u00bfTe lesionaste mientras caminabas por la calle o carretera? | CEO Lawyer","description":"\u00bfAtropellado por un autom\u00f3vil mientras caminaba en Atlanta? Llame a The CEO Lawyer Personal Injury Law Firm al 888-307-3792 para una consulta GRATUITA hoy.","robots":{"index":"index","follow":"follow","max-snippet":"max-snippet:-1","max-image-preview":"max-image-preview:large","max-video-preview":"max-video-preview:-1"},"canonical":"https:\/\/ceolawyer.com\/espanol\/faq\/accidente-automovilistico\/te-lesionaste-mientras-caminabas-por-la-calle-o-carretera\/","og_locale":"en_US","og_type":"article","og_title":"\u00bfTe lesionaste mientras caminabas por la calle o carretera? | CEO Lawyer","og_description":"\u00bfAtropellado por un autom\u00f3vil mientras caminaba en Atlanta? Llame a The CEO Lawyer Personal Injury Law Firm al 888-307-3792 para una consulta GRATUITA hoy.","og_url":"https:\/\/ceolawyer.com\/espanol\/faq\/accidente-automovilistico\/te-lesionaste-mientras-caminabas-por-la-calle-o-carretera\/","og_site_name":"CEO Lawyer","article_modified_time":"2025-10-30T17:00:14+00:00","og_image":[{"width":500,"height":333,"url":"https:\/\/ceolawyer.com\/espanol\/wp-content\/uploads\/sites\/2\/2024\/04\/Te-lesionaste-mientras-caminabas-por-la-calle-o-carretera-Aqui-la-razones-por-las-cuales-necesitas-un-abogado-de-accidentes-peatonales-en-Atlanta.webp","type":"image\/webp"}],"twitter_card":"summary_large_image","twitter_misc":{"Est. reading time":"6 minutes"},"schema":{"@context":"https:\/\/schema.org","@graph":[{"@type":"WebPage","@id":"https:\/\/ceolawyer.com\/espanol\/faq\/accidente-automovilistico\/te-lesionaste-mientras-caminabas-por-la-calle-o-carretera\/","url":"https:\/\/ceolawyer.com\/espanol\/faq\/accidente-automovilistico\/te-lesionaste-mientras-caminabas-por-la-calle-o-carretera\/","name":"\u00bfTe lesionaste mientras caminabas por la calle o carretera? | CEO Lawyer","isPartOf":{"@id":"https:\/\/ceolawyer.com\/espanol\/#website"},"primaryImageOfPage":{"@id":"https:\/\/ceolawyer.com\/espanol\/faq\/accidente-automovilistico\/te-lesionaste-mientras-caminabas-por-la-calle-o-carretera\/#primaryimage"},"image":{"@id":"https:\/\/ceolawyer.com\/espanol\/faq\/accidente-automovilistico\/te-lesionaste-mientras-caminabas-por-la-calle-o-carretera\/#primaryimage"},"thumbnailUrl":"https:\/\/ceolawyer.com\/espanol\/wp-content\/uploads\/sites\/2\/2024\/04\/Te-lesionaste-mientras-caminabas-por-la-calle-o-carretera-Aqui-la-razones-por-las-cuales-necesitas-un-abogado-de-accidentes-peatonales-en-Atlanta.webp","datePublished":"2024-04-24T19:07:13+00:00","dateModified":"2025-10-30T17:00:14+00:00","description":"\u00bfAtropellado por un autom\u00f3vil mientras caminaba en Atlanta? Llame a The CEO Lawyer Personal Injury Law Firm al 888-307-3792 para una consulta GRATUITA hoy.","breadcrumb":{"@id":"https:\/\/ceolawyer.com\/espanol\/faq\/accidente-automovilistico\/te-lesionaste-mientras-caminabas-por-la-calle-o-carretera\/#breadcrumb"},"inLanguage":"en-US","potentialAction":[{"@type":"ReadAction","target":["https:\/\/ceolawyer.com\/espanol\/faq\/accidente-automovilistico\/te-lesionaste-mientras-caminabas-por-la-calle-o-carretera\/"]}]},{"@type":"ImageObject","inLanguage":"en-US","@id":"https:\/\/ceolawyer.com\/espanol\/faq\/accidente-automovilistico\/te-lesionaste-mientras-caminabas-por-la-calle-o-carretera\/#primaryimage","url":"https:\/\/ceolawyer.com\/espanol\/wp-content\/uploads\/sites\/2\/2024\/04\/Te-lesionaste-mientras-caminabas-por-la-calle-o-carretera-Aqui-la-razones-por-las-cuales-necesitas-un-abogado-de-accidentes-peatonales-en-Atlanta.webp","contentUrl":"https:\/\/ceolawyer.com\/espanol\/wp-content\/uploads\/sites\/2\/2024\/04\/Te-lesionaste-mientras-caminabas-por-la-calle-o-carretera-Aqui-la-razones-por-las-cuales-necesitas-un-abogado-de-accidentes-peatonales-en-Atlanta.webp","width":500,"height":333,"caption":"Un joven peat\u00f3n encapuchado mira a ambos lados antes de cruzar la calle."},{"@type":"BreadcrumbList","@id":"https:\/\/ceolawyer.com\/espanol\/faq\/accidente-automovilistico\/te-lesionaste-mientras-caminabas-por-la-calle-o-carretera\/#breadcrumb","itemListElement":[{"@type":"ListItem","position":1,"name":"Home","item":"https:\/\/ceolawyer.com\/espanol\/"},{"@type":"ListItem","position":2,"name":"FAQ","item":"https:\/\/ceolawyer.com\/espanol\/faq\/"},{"@type":"ListItem","position":3,"name":"Accidente automovil\u00edstico en Georgia FAQ","item":"https:\/\/ceolawyer.com\/espanol\/faq\/ley-de-georgia\/accidente-automovilistico\/"},{"@type":"ListItem","position":4,"name":"\u00bfTe lesionaste mientras caminabas por la calle o carretera?"}]},{"@type":"WebSite","@id":"https:\/\/ceolawyer.com\/espanol\/#website","url":"https:\/\/ceolawyer.com\/espanol\/","name":"CEO Lawyer","description":"Personal Injury Attorney","publisher":{"@id":"https:\/\/ceolawyer.com\/espanol\/#organization"},"potentialAction":[{"@type":"SearchAction","target":{"@type":"EntryPoint","urlTemplate":"https:\/\/ceolawyer.com\/espanol\/?s={search_term_string}"},"query-input":{"@type":"PropertyValueSpecification","valueRequired":true,"valueName":"search_term_string"}}],"inLanguage":"en-US"},{"@type":"Organization","@id":"https:\/\/ceolawyer.com\/espanol\/#organization","name":"CEO Lawyer","url":"https:\/\/ceolawyer.com\/espanol\/","logo":{"@type":"ImageObject","inLanguage":"en-US","@id":"https:\/\/ceolawyer.com\/espanol\/#\/schema\/logo\/image\/","url":"https:\/\/ceolawyer.com\/espanol\/wp-content\/uploads\/sites\/2\/2022\/05\/CEO_Logo.png","contentUrl":"https:\/\/ceolawyer.com\/espanol\/wp-content\/uploads\/sites\/2\/2022\/05\/CEO_Logo.png","width":200,"height":108,"caption":"CEO Lawyer"},"image":{"@id":"https:\/\/ceolawyer.com\/espanol\/#\/schema\/logo\/image\/"}}]}},"_links":{"self":[{"href":"https:\/\/ceolawyer.com\/espanol\/wp-json\/wp\/v2\/pages\/11842","targetHints":{"allow":["GET"]}}],"collection":[{"href":"https:\/\/ceolawyer.com\/espanol\/wp-json\/wp\/v2\/pages"}],"about":[{"href":"https:\/\/ceolawyer.com\/espanol\/wp-json\/wp\/v2\/types\/page"}],"author":[{"embeddable":true,"href":"https:\/\/ceolawyer.com\/espanol\/wp-json\/wp\/v2\/users\/18"}],"replies":[{"embeddable":true,"href":"https:\/\/ceolawyer.com\/espanol\/wp-json\/wp\/v2\/comments?post=11842"}],"version-history":[{"count":0,"href":"https:\/\/ceolawyer.com\/espanol\/wp-json\/wp\/v2\/pages\/11842\/revisions"}],"up":[{"embeddable":true,"href":"https:\/\/ceolawyer.com\/espanol\/wp-json\/wp\/v2\/pages\/11628"}],"wp:featuredmedia":[{"embeddable":true,"href":"https:\/\/ceolawyer.com\/espanol\/wp-json\/wp\/v2\/media\/11844"}],"wp:attachment":[{"href":"https:\/\/ceolawyer.com\/espanol\/wp-json\/wp\/v2\/media?parent=11842"}],"curies":[{"name":"wp","href":"https:\/\/api.w.org\/{rel}","templated":true}]}}