{"id":11845,"date":"2024-04-24T19:16:19","date_gmt":"2024-04-24T19:16:19","guid":{"rendered":"https:\/\/ceolawyer.com\/espanol\/?page_id=11845"},"modified":"2026-03-18T18:10:01","modified_gmt":"2026-03-18T18:10:01","slug":"causas-comunes-de-choques-con-camiones-comerciales-en-atlanta","status":"publish","type":"page","link":"https:\/\/ceolawyer.com\/espanol\/faq\/ley-de-georgia\/accidente-automovilistico\/causas-comunes-de-choques-con-camiones-comerciales-en-atlanta\/","title":{"rendered":"Causas comunes de choques con camiones comerciales en Atlanta"},"content":{"rendered":"<p><img decoding=\"async\" class=\"alignright size-full wp-image-11847\" src=\"https:\/\/ceolawyer.com\/espanol\/wp-content\/uploads\/sites\/2\/2024\/04\/Causas-comunes-de-choques-con-camiones-comerciales-en-Atlanta.webp\" alt=\"Un accidente de cami\u00f3n en la carretera donde un autom\u00f3vil peque\u00f1o sufri\u00f3 graves da\u00f1os en un costado.\" width=\"500\" height=\"333\" srcset=\"https:\/\/ceolawyer.com\/espanol\/wp-content\/uploads\/sites\/2\/2024\/04\/Causas-comunes-de-choques-con-camiones-comerciales-en-Atlanta.webp 500w, https:\/\/ceolawyer.com\/espanol\/wp-content\/uploads\/sites\/2\/2024\/04\/Causas-comunes-de-choques-con-camiones-comerciales-en-Atlanta-300x200.webp 300w\" sizes=\"(max-width: 500px) 100vw, 500px\" \/>Cada a\u00f1o miles de accidentes graves que involucran a camiones comerciales ocurren en las carreteras. Desafortunadamente, el gran tama\u00f1o y peso de estos veh\u00edculos los hacen particularmente muy peligrosos para otros conductores que comparten la carretera con ellos.<\/p>\n<p>A pesar de las regulaciones y la tecnolog\u00eda avanzada para mejorar la seguridad, estos accidentes causan devastadoras y tr\u00e1gicas consecuencias para algunos, haciendo costar millones de d\u00f3lares por da\u00f1os a la propiedad.<\/p>\n<p>Si has estado en un accidente con un veh\u00edculo comercial en Atlanta, t\u00fa necesitas contratar a un abogado de lesiones y accidentes para asegurar que tus derechos est\u00e9n protegidos. En CEO Lawyer Personal Injury Law Firm, nuestro equipo de abogados dedicado a accidentes de camiones tienen una amplia experiencia en manejar litigios complejos contra grandes compa\u00f1\u00edas de camiones y proveedores de seguros, y luchar\u00e1n para asegurar que recibas la compensaci\u00f3n que mereces.<\/p>\n<p>Con gusto te brindamos una evaluaci\u00f3n gratuita de tu caso. Contactanos al <a href=\"tel:+18883073792\"><strong>(888) 307-3792<\/strong><\/a> o escribenos a nuestra p\u00e1gina web.<\/p>\n<h2>\u00bfQu\u00e9 causan los accidentes de camiones comerciales en Atlanta?<\/h2>\n<p>Un cami\u00f3n comercial grande, pesando m\u00e1s de 80,000 libras, puede ser dif\u00edcil de creer que pueda ser un riesgo para otros en la carretera, pero cuando son manejados por operadores con poca experiencia o un conductor que tiene poca preocupaci\u00f3n por los reglamentos viales u otros veh\u00edculos, ellos pueden presentar una amenaza significativa a cualquier conductor o pasajero que pueda estar pasando por las carreteras. Los accidentes pueden pasar aun cuando t\u00fa tienes todas las precauciones.<\/p>\n<p>Los siguientes puntos son las causas m\u00e1s comunes de accidentes de camiones comerciales en Atlanta:<\/p>\n<h3>Fatiga<\/h3>\n<p>A los camioneros se les paga por cargamento, as\u00ed que tienen una tremenda presi\u00f3n para hacer las entregas a tiempo. Por hacer eso, ellos terminan exhaustos y eso los lleva a la somnolencia y falta de atenci\u00f3n en el camino.<\/p>\n<p>Las duras restricciones del tiempo tambi\u00e9n pueden llevar a los conductores a saltar periodos de descanso necesarios y causar una colisi\u00f3n fatal.<\/p>\n<h3>Exceso de velocidad<\/h3>\n<p>Una de las causas m\u00e1s graves de accidentes de camiones comerciales es el exceso de velocidad y es bastante obvio ver el porqu\u00e9. El gran tama\u00f1o de un cami\u00f3n hace que sea dif\u00edcil de controlar a alta velocidad y su impulso es mayor, lo que hace que un choque tenga m\u00e1s posibilidad de ser fatal.<\/p>\n<p>Adem\u00e1s, muchos camiones son conducidos por ch\u00f3feres que ponen en prioridad hacer la mayor entrega de cargamento posibles mientras est\u00e1n laborando o porque quieren ahorrar la mayor gasolina posible. Esto tambi\u00e9n puede provocar una conducci\u00f3n irresponsable y contribuir a los accidentes de camiones y al aumento de la tasa de muertes.<\/p>\n<h3>Falta de capacitaci\u00f3n<\/h3>\n<p>La conducci\u00f3n de camiones comerciales es un trabajo especializado que requiere habilidades y conocimiento de su uso. Desafortunadamente, no todas las compa\u00f1\u00edas realizan una capacitaci\u00f3n adecuada a sus choferes antes de que salgan a la carretera.<\/p>\n<p>La seguridad de los conductores aumenta cuando est\u00e1n adecuadamente educados y capacitados sobre qu\u00e9 esperar en el camino y c\u00f3mo manejar cualquier situaci\u00f3n que surja.<\/p>\n<h3>Disputas en la carretera<\/h3>\n<p>Como cualquier otro conductor, los camioneros pueden ser afectados por una disputa en la carretera causada por estr\u00e9s, ira o frustraci\u00f3n con otros conductores. Un cami\u00f3n largo manejado por un conductor enojado puede ser un riesgo grave, provocando lesiones o incluso la muerte.<\/p>\n<h3>Conducci\u00f3n distra\u00edda<\/h3>\n<p>En la actualidad, la conducci\u00f3n distra\u00edda es una de las causas principales de accidentes en la carretera. Cuando est\u00e1s distra\u00eddo mientras manejas, puedes f\u00e1cilmente chocar con otro veh\u00edculo u objeto en la carretera y esto puede llevar a un accidente.<\/p>\n<p>Las formas m\u00e1s comunes al conducir de manera distra\u00edda pueden ser por mensajear, hablar en el celular, comer, beber o estar cambiando de canci\u00f3n en tu lista de reproducciones.<\/p>\n<h3>Intoxicaci\u00f3n<\/h3>\n<p>Manejar bajo la influencia de sustancias siempre ha sido un gran problema y muy peligroso en todo el mundo. La industria camionera desafortunadamente, no es la excepci\u00f3n.<\/p>\n<p>Conducir en estado de ebriedad puede causar severos accidentes en la carretera, da\u00f1ar la propiedad y causar muertes. El problema aumenta debido a la gran cantidad de camioneros en carretera.<\/p>\n<p>Manejar con estos veh\u00edculos grandes es mucho m\u00e1s complejo que manejar autom\u00f3viles.<\/p>\n<h3>Clima extremo<\/h3>\n<p>El clima extremo puede causar accidentes de camiones de muchas maneras. La m\u00e1s obvia ser\u00eda la reducci\u00f3n de la visibilidad en la carretera, haciendo dif\u00edcil de ver otros veh\u00edculos y los se\u00f1alamientos viales.<\/p>\n<p>Los camioneros deben manejar con mucho cuidado en estos climas extremos, especialmente en lluvias fuertes o en las tormentas de nieve, ya que las condiciones del pavimento se vuelven m\u00e1s resbalosos para las llantas del cami\u00f3n comercial.<\/p>\n<h3>Equipo defectuoso<\/h3>\n<p>Si el cami\u00f3n cuenta con un defecto o falla, como los frenos y llantas, puede llevar a un accidente. Las llantas son particularmente importantes ya que pueden afectar la seguridad y el control del veh\u00edculo comercial durante un clima extremo o en aquellos periodos de sobrecarga en el vag\u00f3n.<\/p>\n<h2>Medidas a tomar despu\u00e9s de un choque de cami\u00f3n comercial en Atlanta<\/h2>\n<p>Si est\u00e1s involucrado en un accidente de cami\u00f3n comercial, debes protegerte a ti mismo y tus derechos. Realiza los siguientes pasos despu\u00e9s de sufrir un accidente:<\/p>\n<ul>\n<li>Espera la asistencia m\u00e9dica.<\/li>\n<li>Contacta a la autoridad (911), reporta el accidente lo m\u00e1s pronto posible y aseg\u00farate que te den una copia de este reporte cuando lo hayan completado.<\/li>\n<li>No hables con nadie sobre el accidente o tus lesiones con excepci\u00f3n de la polic\u00eda.<\/li>\n<li>Toma fotos de los veh\u00edculos da\u00f1ados, incluyendo tomas cercanas de marcas neum\u00e1ticos, abolladuras y cualquier otro da\u00f1o que haya resultado por la colisi\u00f3n.<\/li>\n<li>Re\u00fane toda la informaci\u00f3n de las personas que estuvieron involucradas en el accidente, incluyendo sus nombres, n\u00famero de celulares, n\u00famero de placas, informaci\u00f3n del seguro de autos y domicilios. Es especialmente importante juntar informaci\u00f3n de testigos ya que pueden corroborar tu versi\u00f3n de los hechos en el futuro.<\/li>\n<\/ul>\n<h2>Nuestros abogados de accidentes de camiones de CEO Lawyer Personal Injury Law Firm pueden proteger tus derechos<\/h2>\n<p>Los camiones en Georgia mueven bienes constantemente en las carreteras del estado y toda la naci\u00f3n. Sin embargo, el gran tama\u00f1o y el peso de estos veh\u00edculos pueden ser muy peligrosos.<\/p>\n<p>Los conductores que est\u00e1n distra\u00eddos o cansados y no siguen la regularizaci\u00f3n federal pueden causar accidentes devastadores que dejan v\u00edctimas con lesiones permanentes, afectandolos por el resto de sus vidas.<\/p>\n<p>En CEO Lawyer Personal Injury Law Firm sabemos lo devastador que pueden ser los accidentes de camiones para ti y tu familia. Nuestros <a href=\"https:\/\/ceolawyer.com\/atlanta-personal-injury\/truck-accident-lawyer\/\">abogados de accidentes de camiones en Atlanta<\/a> est\u00e1n para ti cuando m\u00e1s lo necesites.<\/p>\n<p>Nosotros investigaremos el accidente y determinaremos si el conductor, la empresa de transporte o el fabricante del veh\u00edculo pueden ser responsables de tus lesiones. Si bien la compensaci\u00f3n no puede deshacer las lesiones f\u00edsicas o mentales que te causaron, s\u00ed puede facilitar tu estado econ\u00f3mico causado por gastos m\u00e9dicos, salario perdido y da\u00f1os a tu propiedad, permiti\u00e9ndote enfocarte en tu completa recuperaci\u00f3n de tus lesiones.<\/p>\n<p>Ofrecemos consulta legal gratuita para revisar los hechos de tu caso y discutir tus opciones legales antes de decidir contratarnos como tus abogados. Ll\u00e1manos al <a href=\"tel:+18883073792\"><strong>(888) 307-3792<\/strong><\/a> o <a href=\"https:\/\/ceolawyer.com\/espanol\/\">cont\u00e1ctenos en l\u00ednea<\/a> para una consulta opcional gratuita.<\/p>\n","protected":false},"excerpt":{"rendered":"<p>Cada a\u00f1o miles de accidentes graves que involucran a camiones comerciales ocurren en las carreteras. Desafortunadamente, el gran tama\u00f1o y peso de estos veh\u00edculos los hacen particularmente muy peligrosos para otros conductores que comparten la carretera con ellos. A pesar de las regulaciones y la tecnolog\u00eda avanzada para mejorar la seguridad, estos accidentes causan devastadoras [&hellip;]<\/p>\n","protected":false},"author":18,"featured_media":11847,"parent":13289,"menu_order":0,"comment_status":"closed","ping_status":"closed","template":"","meta":{"_acf_changed":false,"footnotes":""},"class_list":["post-11845","page","type-page","status-publish","has-post-thumbnail","hentry"],"acf":[],"yoast_head":"<!-- This site is optimized with the Yoast SEO plugin v27.4 - https:\/\/yoast.com\/product\/yoast-seo-wordpress\/ -->\n<title>Causas comunes de choques con camiones comerciales en Atlanta | CEO Lawyer<\/title>\n<meta name=\"description\" content=\"No navegue solo por un reclamo por accidente de cami\u00f3n en Atlanta. Contacte con The CEO Lawyer Personal Injury Law Firm. Llame al 888-307-3792.\" \/>\n<meta name=\"robots\" content=\"index, follow, max-snippet:-1, max-image-preview:large, max-video-preview:-1\" \/>\n<link rel=\"canonical\" href=\"https:\/\/ceolawyer.com\/espanol\/faq\/ley-de-georgia\/accidente-automovilistico\/causas-comunes-de-choques-con-camiones-comerciales-en-atlanta\/\" \/>\n<meta property=\"og:locale\" content=\"en_US\" \/>\n<meta property=\"og:type\" content=\"article\" \/>\n<meta property=\"og:title\" content=\"Causas comunes de choques con camiones comerciales en Atlanta | CEO Lawyer\" \/>\n<meta property=\"og:description\" content=\"No navegue solo por un reclamo por accidente de cami\u00f3n en Atlanta. Contacte con The CEO Lawyer Personal Injury Law Firm. Llame al 888-307-3792.\" \/>\n<meta property=\"og:url\" content=\"https:\/\/ceolawyer.com\/espanol\/faq\/ley-de-georgia\/accidente-automovilistico\/causas-comunes-de-choques-con-camiones-comerciales-en-atlanta\/\" \/>\n<meta property=\"og:site_name\" content=\"CEO Lawyer\" \/>\n<meta property=\"article:modified_time\" content=\"2026-03-18T18:10:01+00:00\" \/>\n<meta property=\"og:image\" content=\"https:\/\/ceolawyer.com\/espanol\/wp-content\/uploads\/sites\/2\/2024\/04\/Causas-comunes-de-choques-con-camiones-comerciales-en-Atlanta.webp\" \/>\n\t<meta property=\"og:image:width\" content=\"500\" \/>\n\t<meta property=\"og:image:height\" content=\"333\" \/>\n\t<meta property=\"og:image:type\" content=\"image\/webp\" \/>\n<meta name=\"twitter:card\" content=\"summary_large_image\" \/>\n<meta name=\"twitter:label1\" content=\"Est. reading time\" \/>\n\t<meta name=\"twitter:data1\" content=\"6 minutes\" \/>\n<script type=\"application\/ld+json\" class=\"yoast-schema-graph\">{\"@context\":\"https:\\\/\\\/schema.org\",\"@graph\":[{\"@type\":\"WebPage\",\"@id\":\"https:\\\/\\\/ceolawyer.com\\\/espanol\\\/faq\\\/ley-de-georgia\\\/accidente-automovilistico\\\/causas-comunes-de-choques-con-camiones-comerciales-en-atlanta\\\/\",\"url\":\"https:\\\/\\\/ceolawyer.com\\\/espanol\\\/faq\\\/ley-de-georgia\\\/accidente-automovilistico\\\/causas-comunes-de-choques-con-camiones-comerciales-en-atlanta\\\/\",\"name\":\"Causas comunes de choques con camiones comerciales en Atlanta | CEO Lawyer\",\"isPartOf\":{\"@id\":\"https:\\\/\\\/ceolawyer.com\\\/espanol\\\/#website\"},\"primaryImageOfPage\":{\"@id\":\"https:\\\/\\\/ceolawyer.com\\\/espanol\\\/faq\\\/ley-de-georgia\\\/accidente-automovilistico\\\/causas-comunes-de-choques-con-camiones-comerciales-en-atlanta\\\/#primaryimage\"},\"image\":{\"@id\":\"https:\\\/\\\/ceolawyer.com\\\/espanol\\\/faq\\\/ley-de-georgia\\\/accidente-automovilistico\\\/causas-comunes-de-choques-con-camiones-comerciales-en-atlanta\\\/#primaryimage\"},\"thumbnailUrl\":\"https:\\\/\\\/ceolawyer.com\\\/espanol\\\/wp-content\\\/uploads\\\/sites\\\/2\\\/2024\\\/04\\\/Causas-comunes-de-choques-con-camiones-comerciales-en-Atlanta.webp\",\"datePublished\":\"2024-04-24T19:16:19+00:00\",\"dateModified\":\"2026-03-18T18:10:01+00:00\",\"description\":\"No navegue solo por un reclamo por accidente de cami\u00f3n en Atlanta. Contacte con The CEO Lawyer Personal Injury Law Firm. Llame al 888-307-3792.\",\"breadcrumb\":{\"@id\":\"https:\\\/\\\/ceolawyer.com\\\/espanol\\\/faq\\\/ley-de-georgia\\\/accidente-automovilistico\\\/causas-comunes-de-choques-con-camiones-comerciales-en-atlanta\\\/#breadcrumb\"},\"inLanguage\":\"en-US\",\"potentialAction\":[{\"@type\":\"ReadAction\",\"target\":[\"https:\\\/\\\/ceolawyer.com\\\/espanol\\\/faq\\\/ley-de-georgia\\\/accidente-automovilistico\\\/causas-comunes-de-choques-con-camiones-comerciales-en-atlanta\\\/\"]}]},{\"@type\":\"ImageObject\",\"inLanguage\":\"en-US\",\"@id\":\"https:\\\/\\\/ceolawyer.com\\\/espanol\\\/faq\\\/ley-de-georgia\\\/accidente-automovilistico\\\/causas-comunes-de-choques-con-camiones-comerciales-en-atlanta\\\/#primaryimage\",\"url\":\"https:\\\/\\\/ceolawyer.com\\\/espanol\\\/wp-content\\\/uploads\\\/sites\\\/2\\\/2024\\\/04\\\/Causas-comunes-de-choques-con-camiones-comerciales-en-Atlanta.webp\",\"contentUrl\":\"https:\\\/\\\/ceolawyer.com\\\/espanol\\\/wp-content\\\/uploads\\\/sites\\\/2\\\/2024\\\/04\\\/Causas-comunes-de-choques-con-camiones-comerciales-en-Atlanta.webp\",\"width\":500,\"height\":333,\"caption\":\"Un accidente de cami\u00f3n en la carretera donde un autom\u00f3vil peque\u00f1o sufri\u00f3 graves da\u00f1os en un costado.\"},{\"@type\":\"BreadcrumbList\",\"@id\":\"https:\\\/\\\/ceolawyer.com\\\/espanol\\\/faq\\\/ley-de-georgia\\\/accidente-automovilistico\\\/causas-comunes-de-choques-con-camiones-comerciales-en-atlanta\\\/#breadcrumb\",\"itemListElement\":[{\"@type\":\"ListItem\",\"position\":1,\"name\":\"Home\",\"item\":\"https:\\\/\\\/ceolawyer.com\\\/espanol\\\/\"},{\"@type\":\"ListItem\",\"position\":2,\"name\":\"FAQ\",\"item\":\"https:\\\/\\\/ceolawyer.com\\\/espanol\\\/faq\\\/\"},{\"@type\":\"ListItem\",\"position\":3,\"name\":\"Lesiones personales en Georgia FAQ\",\"item\":\"https:\\\/\\\/ceolawyer.com\\\/espanol\\\/faq\\\/ley-de-georgia\\\/\"},{\"@type\":\"ListItem\",\"position\":4,\"name\":\"Causas comunes de choques con camiones comerciales en Atlanta\"}]},{\"@type\":\"WebSite\",\"@id\":\"https:\\\/\\\/ceolawyer.com\\\/espanol\\\/#website\",\"url\":\"https:\\\/\\\/ceolawyer.com\\\/espanol\\\/\",\"name\":\"CEO Lawyer\",\"description\":\"Personal Injury Attorney\",\"publisher\":{\"@id\":\"https:\\\/\\\/ceolawyer.com\\\/espanol\\\/#organization\"},\"potentialAction\":[{\"@type\":\"SearchAction\",\"target\":{\"@type\":\"EntryPoint\",\"urlTemplate\":\"https:\\\/\\\/ceolawyer.com\\\/espanol\\\/?s={search_term_string}\"},\"query-input\":{\"@type\":\"PropertyValueSpecification\",\"valueRequired\":true,\"valueName\":\"search_term_string\"}}],\"inLanguage\":\"en-US\"},{\"@type\":\"Organization\",\"@id\":\"https:\\\/\\\/ceolawyer.com\\\/espanol\\\/#organization\",\"name\":\"CEO Lawyer\",\"url\":\"https:\\\/\\\/ceolawyer.com\\\/espanol\\\/\",\"logo\":{\"@type\":\"ImageObject\",\"inLanguage\":\"en-US\",\"@id\":\"https:\\\/\\\/ceolawyer.com\\\/espanol\\\/#\\\/schema\\\/logo\\\/image\\\/\",\"url\":\"https:\\\/\\\/ceolawyer.com\\\/espanol\\\/wp-content\\\/uploads\\\/sites\\\/2\\\/2022\\\/05\\\/CEO_Logo.png\",\"contentUrl\":\"https:\\\/\\\/ceolawyer.com\\\/espanol\\\/wp-content\\\/uploads\\\/sites\\\/2\\\/2022\\\/05\\\/CEO_Logo.png\",\"width\":200,\"height\":108,\"caption\":\"CEO Lawyer\"},\"image\":{\"@id\":\"https:\\\/\\\/ceolawyer.com\\\/espanol\\\/#\\\/schema\\\/logo\\\/image\\\/\"}}]}<\/script>\n<!-- \/ Yoast SEO plugin. -->","yoast_head_json":{"title":"Causas comunes de choques con camiones comerciales en Atlanta | CEO Lawyer","description":"No navegue solo por un reclamo por accidente de cami\u00f3n en Atlanta. Contacte con The CEO Lawyer Personal Injury Law Firm. Llame al 888-307-3792.","robots":{"index":"index","follow":"follow","max-snippet":"max-snippet:-1","max-image-preview":"max-image-preview:large","max-video-preview":"max-video-preview:-1"},"canonical":"https:\/\/ceolawyer.com\/espanol\/faq\/ley-de-georgia\/accidente-automovilistico\/causas-comunes-de-choques-con-camiones-comerciales-en-atlanta\/","og_locale":"en_US","og_type":"article","og_title":"Causas comunes de choques con camiones comerciales en Atlanta | CEO Lawyer","og_description":"No navegue solo por un reclamo por accidente de cami\u00f3n en Atlanta. Contacte con The CEO Lawyer Personal Injury Law Firm. Llame al 888-307-3792.","og_url":"https:\/\/ceolawyer.com\/espanol\/faq\/ley-de-georgia\/accidente-automovilistico\/causas-comunes-de-choques-con-camiones-comerciales-en-atlanta\/","og_site_name":"CEO Lawyer","article_modified_time":"2026-03-18T18:10:01+00:00","og_image":[{"width":500,"height":333,"url":"https:\/\/ceolawyer.com\/espanol\/wp-content\/uploads\/sites\/2\/2024\/04\/Causas-comunes-de-choques-con-camiones-comerciales-en-Atlanta.webp","type":"image\/webp"}],"twitter_card":"summary_large_image","twitter_misc":{"Est. reading time":"6 minutes"},"schema":{"@context":"https:\/\/schema.org","@graph":[{"@type":"WebPage","@id":"https:\/\/ceolawyer.com\/espanol\/faq\/ley-de-georgia\/accidente-automovilistico\/causas-comunes-de-choques-con-camiones-comerciales-en-atlanta\/","url":"https:\/\/ceolawyer.com\/espanol\/faq\/ley-de-georgia\/accidente-automovilistico\/causas-comunes-de-choques-con-camiones-comerciales-en-atlanta\/","name":"Causas comunes de choques con camiones comerciales en Atlanta | CEO Lawyer","isPartOf":{"@id":"https:\/\/ceolawyer.com\/espanol\/#website"},"primaryImageOfPage":{"@id":"https:\/\/ceolawyer.com\/espanol\/faq\/ley-de-georgia\/accidente-automovilistico\/causas-comunes-de-choques-con-camiones-comerciales-en-atlanta\/#primaryimage"},"image":{"@id":"https:\/\/ceolawyer.com\/espanol\/faq\/ley-de-georgia\/accidente-automovilistico\/causas-comunes-de-choques-con-camiones-comerciales-en-atlanta\/#primaryimage"},"thumbnailUrl":"https:\/\/ceolawyer.com\/espanol\/wp-content\/uploads\/sites\/2\/2024\/04\/Causas-comunes-de-choques-con-camiones-comerciales-en-Atlanta.webp","datePublished":"2024-04-24T19:16:19+00:00","dateModified":"2026-03-18T18:10:01+00:00","description":"No navegue solo por un reclamo por accidente de cami\u00f3n en Atlanta. Contacte con The CEO Lawyer Personal Injury Law Firm. Llame al 888-307-3792.","breadcrumb":{"@id":"https:\/\/ceolawyer.com\/espanol\/faq\/ley-de-georgia\/accidente-automovilistico\/causas-comunes-de-choques-con-camiones-comerciales-en-atlanta\/#breadcrumb"},"inLanguage":"en-US","potentialAction":[{"@type":"ReadAction","target":["https:\/\/ceolawyer.com\/espanol\/faq\/ley-de-georgia\/accidente-automovilistico\/causas-comunes-de-choques-con-camiones-comerciales-en-atlanta\/"]}]},{"@type":"ImageObject","inLanguage":"en-US","@id":"https:\/\/ceolawyer.com\/espanol\/faq\/ley-de-georgia\/accidente-automovilistico\/causas-comunes-de-choques-con-camiones-comerciales-en-atlanta\/#primaryimage","url":"https:\/\/ceolawyer.com\/espanol\/wp-content\/uploads\/sites\/2\/2024\/04\/Causas-comunes-de-choques-con-camiones-comerciales-en-Atlanta.webp","contentUrl":"https:\/\/ceolawyer.com\/espanol\/wp-content\/uploads\/sites\/2\/2024\/04\/Causas-comunes-de-choques-con-camiones-comerciales-en-Atlanta.webp","width":500,"height":333,"caption":"Un accidente de cami\u00f3n en la carretera donde un autom\u00f3vil peque\u00f1o sufri\u00f3 graves da\u00f1os en un costado."},{"@type":"BreadcrumbList","@id":"https:\/\/ceolawyer.com\/espanol\/faq\/ley-de-georgia\/accidente-automovilistico\/causas-comunes-de-choques-con-camiones-comerciales-en-atlanta\/#breadcrumb","itemListElement":[{"@type":"ListItem","position":1,"name":"Home","item":"https:\/\/ceolawyer.com\/espanol\/"},{"@type":"ListItem","position":2,"name":"FAQ","item":"https:\/\/ceolawyer.com\/espanol\/faq\/"},{"@type":"ListItem","position":3,"name":"Lesiones personales en Georgia FAQ","item":"https:\/\/ceolawyer.com\/espanol\/faq\/ley-de-georgia\/"},{"@type":"ListItem","position":4,"name":"Causas comunes de choques con camiones comerciales en Atlanta"}]},{"@type":"WebSite","@id":"https:\/\/ceolawyer.com\/espanol\/#website","url":"https:\/\/ceolawyer.com\/espanol\/","name":"CEO Lawyer","description":"Personal Injury Attorney","publisher":{"@id":"https:\/\/ceolawyer.com\/espanol\/#organization"},"potentialAction":[{"@type":"SearchAction","target":{"@type":"EntryPoint","urlTemplate":"https:\/\/ceolawyer.com\/espanol\/?s={search_term_string}"},"query-input":{"@type":"PropertyValueSpecification","valueRequired":true,"valueName":"search_term_string"}}],"inLanguage":"en-US"},{"@type":"Organization","@id":"https:\/\/ceolawyer.com\/espanol\/#organization","name":"CEO Lawyer","url":"https:\/\/ceolawyer.com\/espanol\/","logo":{"@type":"ImageObject","inLanguage":"en-US","@id":"https:\/\/ceolawyer.com\/espanol\/#\/schema\/logo\/image\/","url":"https:\/\/ceolawyer.com\/espanol\/wp-content\/uploads\/sites\/2\/2022\/05\/CEO_Logo.png","contentUrl":"https:\/\/ceolawyer.com\/espanol\/wp-content\/uploads\/sites\/2\/2022\/05\/CEO_Logo.png","width":200,"height":108,"caption":"CEO Lawyer"},"image":{"@id":"https:\/\/ceolawyer.com\/espanol\/#\/schema\/logo\/image\/"}}]}},"_links":{"self":[{"href":"https:\/\/ceolawyer.com\/espanol\/wp-json\/wp\/v2\/pages\/11845","targetHints":{"allow":["GET"]}}],"collection":[{"href":"https:\/\/ceolawyer.com\/espanol\/wp-json\/wp\/v2\/pages"}],"about":[{"href":"https:\/\/ceolawyer.com\/espanol\/wp-json\/wp\/v2\/types\/page"}],"author":[{"embeddable":true,"href":"https:\/\/ceolawyer.com\/espanol\/wp-json\/wp\/v2\/users\/18"}],"replies":[{"embeddable":true,"href":"https:\/\/ceolawyer.com\/espanol\/wp-json\/wp\/v2\/comments?post=11845"}],"version-history":[{"count":0,"href":"https:\/\/ceolawyer.com\/espanol\/wp-json\/wp\/v2\/pages\/11845\/revisions"}],"up":[{"embeddable":true,"href":"https:\/\/ceolawyer.com\/espanol\/wp-json\/wp\/v2\/pages\/13289"}],"wp:featuredmedia":[{"embeddable":true,"href":"https:\/\/ceolawyer.com\/espanol\/wp-json\/wp\/v2\/media\/11847"}],"wp:attachment":[{"href":"https:\/\/ceolawyer.com\/espanol\/wp-json\/wp\/v2\/media?parent=11845"}],"curies":[{"name":"wp","href":"https:\/\/api.w.org\/{rel}","templated":true}]}}