{"id":11853,"date":"2024-04-25T20:24:49","date_gmt":"2024-04-25T20:24:49","guid":{"rendered":"https:\/\/ceolawyer.com\/espanol\/?page_id=11853"},"modified":"2026-03-18T18:35:58","modified_gmt":"2026-03-18T18:35:58","slug":"puede-la-conduccion-defensiva-ayudarme-a-evitar-un-accidente-de-transito","status":"publish","type":"page","link":"https:\/\/ceolawyer.com\/espanol\/faq\/ley-de-georgia\/accidente-automovilistico\/puede-la-conduccion-defensiva-ayudarme-a-evitar-un-accidente-de-transito\/","title":{"rendered":"\u00bfPuede la conducci\u00f3n defensiva ayudarme a evitar un accidente de tr\u00e1nsito?"},"content":{"rendered":"<p><img decoding=\"async\" class=\"alignright size-full wp-image-11855\" src=\"https:\/\/ceolawyer.com\/espanol\/wp-content\/uploads\/sites\/2\/2024\/04\/Puede-la-conduccion-defensiva-ayudarme-a-evitar-un-accidente-de-transito.webp\" alt=\"Un primer plano de las puertas de dos veh\u00edculos da\u00f1adas despu\u00e9s de que uno intentara adelantar agresivamente al otro.\" width=\"500\" height=\"333\" srcset=\"https:\/\/ceolawyer.com\/espanol\/wp-content\/uploads\/sites\/2\/2024\/04\/Puede-la-conduccion-defensiva-ayudarme-a-evitar-un-accidente-de-transito.webp 500w, https:\/\/ceolawyer.com\/espanol\/wp-content\/uploads\/sites\/2\/2024\/04\/Puede-la-conduccion-defensiva-ayudarme-a-evitar-un-accidente-de-transito-300x200.webp 300w\" sizes=\"(max-width: 500px) 100vw, 500px\" \/>El error del conductor es el principal contribuyente a la alta tasa de colisiones de autom\u00f3viles que ocurren en las carreteras de Atlanta, as\u00ed como de las lesiones y fatalidades resultantes. Estas \u00faltimas podr\u00edan incluir conducir distra\u00eddo, conducir bajo la influencia del alcohol, seguir demasiado de cerca a otro veh\u00edculo, pasarse los sem\u00e1foros en rojo, etc.<\/p>\n<p>Si los conductores respetaran las normas de tr\u00e1nsito y adoptaran pr\u00e1cticas de conducci\u00f3n segura, se podr\u00edan evitar estos incidentes. Por otro lado, la gran mayor\u00eda de los conductores en la carretera rutinariamente violan las regulaciones de seguridad vial y adoptan comportamientos arriesgados.<\/p>\n<p>En este punto, el uso de estrategias de conducci\u00f3n defensiva se vuelve necesario. Debido a los muchos aspectos positivos asociados con este m\u00e9todo de conducci\u00f3n, las autoridades encargadas de la seguridad vial recomiendan que los conductores lo empleen siempre que est\u00e9n al volante.<\/p>\n<h2>Abogado de accidentes automovil\u00edsticos en georgia<\/h2>\n<p>Ponte en contacto con el equipo legal de CEO Lawyer Personal Injury Law Firm llamando al <a href=\"tel:+18883073792\">(888) 307-3792<\/a> o <a href=\"https:\/\/ceolawyer.com\/contact-us\/\">cont\u00e1ctanos en l\u00ednea<\/a> lo antes posible si eres v\u00edctima de un accidente automovil\u00edstico del cual no fuiste responsable para recibir tu evaluaci\u00f3n de caso gratuita y confidencial. El abogado Ali Awad, es quien estableci\u00f3 CEO Lawyer Personal Injury Law Firm y r\u00e1pidamente la convirti\u00f3 en una de las firmas legales de m\u00e1s r\u00e1pido crecimiento en el pa\u00eds.<\/p>\n<p>Si tomamos tu caso, no pagar\u00e1s nada hasta que ganemos.<\/p>\n<h2>\u00bfQu\u00e9 significa conducir a la defensiva?<\/h2>\n<p>El acto consciente de reducir los riesgos relacionados con la conducci\u00f3n es en esencia la t\u00e9cnica de conducci\u00f3n conocida como conducci\u00f3n defensiva. Los conductores mitigan la imprevisibilidad de los peligros potenciales mediante pr\u00e1cticas de conducci\u00f3n defensiva.<\/p>\n<p>Estas estrategias van m\u00e1s all\u00e1 de las regulaciones de tr\u00e1fico comunes y los procedimientos operativos. Implica mejorar las habilidades de conducci\u00f3n al reducir los peligros potenciales y prepararse para circunstancias que probablemente resulten en colisiones.<\/p>\n<p>Las t\u00e1cticas de conducci\u00f3n segura tambi\u00e9n ayudan a los conductores a tomar decisiones informadas mientras conducen, teniendo en cuenta tanto la carretera como el entorno.<\/p>\n<p>Un componente clave de la conducci\u00f3n defensiva es mantener un estado de alerta. De hecho, hay ciertos conductores en la carretera cuya principal preocupaci\u00f3n no es su propia seguridad.<\/p>\n<p>Como consecuencia de esto, debes estar consciente de tu entorno porque no puedes confiar en las decisiones que toman otros conductores.<\/p>\n<h2>\u00bfEs posible que la conducci\u00f3n defensiva pueda evitar un accidente de autom\u00f3viles?<\/h2>\n<p>Al utilizar estrategias de conducci\u00f3n defensiva, los conductores reducen significativamente su riesgo de verse involucrados en una colisi\u00f3n de autom\u00f3viles. Sin embargo, esto depende de su comportamiento en la carretera, tanto positivo como negativo.<\/p>\n<p>Es importante tener en cuenta que la conducci\u00f3n defensiva requiere que te concentres no solo en lo que est\u00e1s haciendo, sino tambi\u00e9n en lo que otros conductores est\u00e1n haciendo. Gracias a esto, puedes prever mejor el peligro y evitarlo.<\/p>\n<p>A continuaci\u00f3n, se presentan algunos m\u00e9todos de conducci\u00f3n defensiva que puedes poner en pr\u00e1ctica para evitar accidentes de tr\u00e1fico.<\/p>\n<p>Est\u00e9 bien preparado para cualquier evento inesperado:<\/p>\n<p>Cuando te pones al volante, debes estar siempre preparado para eventos inesperados. Una situaci\u00f3n de conducci\u00f3n ordinaria puede convertirse en una urgencia en cualquier momento debido a elementos que est\u00e1n fuera de tu control.<\/p>\n<p>Es posible, por ejemplo, que un ni\u00f1o o un perro corran hacia la carretera, lo que te obligar\u00eda a frenar bruscamente junto con los dem\u00e1s conductores a tu alrededor. En una situaci\u00f3n as\u00ed, debes mantener la calma y la compostura para evitar un accidente y encontrar una salida.<\/p>\n<p>En cuanto a la conducci\u00f3n, el mejor consejo que alguien puede darte es estar siempre preparado para lo peor.<\/p>\n<p>Esto no significa que debas tener miedo del viaje que vas a realizar. Solo debes recordar que el <a href=\"https:\/\/grist.org\/transportation\/2011-08-08-new-allstate-survey-shows-americans-think-they-are-great-drivers\/\">64% de las personas cree que son excelentes conductores<\/a>.<\/p>\n<p>\u00bfEs posible que el 64% de las personas sean mejores que el promedio? En caso de que no sea as\u00ed, \u00bfc\u00f3mo afecta su arrogancia a su forma de conducir?<\/p>\n<p>Aseg\u00farate siempre de mantener una distancia segura entre tu veh\u00edculo y los dem\u00e1s en el \u00e1rea. Si no soportas estar cerca de alguien que te pone nervioso, busca una manera de alejarte de esa persona.<\/p>\n<p>Mantente alerta ante los veh\u00edculos que cruzan en las intersecciones, incluso si eres quien tiene la prioridad. Presta atenci\u00f3n a los sem\u00e1foros, especialmente si est\u00e1n a una buena distancia delante de ti.<\/p>\n<h3>Mant\u00e9n la distancia adecuada en todo momento<\/h3>\n<p>Una de las causas m\u00e1s frecuentes de accidentes automovil\u00edsticos, especialmente colisiones frontales, es conducir siguiendo demasiado cerca al veh\u00edculo que va delante. A\u00fan m\u00e1s importante que conducir a una velocidad segura es que los conductores mantengan una distancia segura entre ellos y el veh\u00edculo de adelante.<\/p>\n<p>La distancia de seguimiento ser\u00e1 mayor a medida que aumentamos la velocidad.<\/p>\n<h3>Evita distraerte<\/h3>\n<p>Seg\u00fan la <a href=\"https:\/\/www.nhtsa.gov\/risky-driving\/distracted-driving\">Administraci\u00f3n Nacional de Seguridad del Tr\u00e1fico en Carreteras, la conducci\u00f3n distra\u00edda fue un factor en la muerte de m\u00e1s de 3,000 personas en 2019<\/a>. Debido a los avances tecnol\u00f3gicos, ahora hay m\u00e1s situaciones que pueden desviar la atenci\u00f3n del conductor.<\/p>\n<p>Enviar mensajes de texto, hacer llamadas, consultar el GPS y otras actividades similares son ejemplos de distracciones comunes. Cuando est\u00e1s al volante, debes evitar o minimizar todas las distracciones que sean posibles.<\/p>\n<p>Necesitas mantener la concentraci\u00f3n en la conducci\u00f3n y evitar cualquier cosa que pueda desviar tu atenci\u00f3n. Adem\u00e1s, debes alejarte de posibles distracciones como la comida y los pasajeros que hablan especialmente fuerte.<\/p>\n<h3>Observe todas las leyes y las se\u00f1ales de tr\u00e1nsito que est\u00e1n en la carretera<\/h3>\n<p>Cuando est\u00e1s al volante, lo primero y m\u00e1s esencial que debes hacer es algo que deber\u00eda ser obvio: cumplir con todas las leyes de tr\u00e1nsito y las se\u00f1ales de tr\u00e1fico que est\u00e1n en la carretera. Existe una raz\u00f3n para la imposici\u00f3n de restricciones de velocidad que se encuentran en el camino.<\/p>\n<p>No importa si est\u00e1s conduciendo en una autopista o en una carretera local, los l\u00edmites de velocidad siguen aplic\u00e1ndose. Los accidentes que ocurren a altas velocidades son m\u00e1s propensos a resultar en lesiones que aquellos que ocurren a velocidades m\u00e1s bajas.<\/p>\n<p>Cuando conduces a una velocidad apropiada, causas menos da\u00f1o, tienes m\u00e1s tiempo para reaccionar y tienes una mejor oportunidad de evitar un accidente. Si est\u00e1s conduciendo en una carretera secundaria, mantener el l\u00edmite de velocidad apropiado te proteger\u00e1 en caso que otros veh\u00edculos giren en una curva o los animales se crucen en la carretera.<\/p>\n<p>Incluso si alguien est\u00e1 siguiendo muy de cerca tu veh\u00edculo, no debes aumentar tu velocidad para hacerlos sentir m\u00e1s c\u00f3modos si hay otra opci\u00f3n disponible. Permite que te adelanten y sigan su camino.<\/p>\n<h2>Conduce defensivamente para protegerte de situaciones potencialmente peligrosas<\/h2>\n<p>Como se discuti\u00f3 anteriormente, hay algunas circunstancias que simplemente no se pueden evitar. Depende de ti asegurarte que est\u00e9s lo m\u00e1s seguro posible, sin importar las circunstancias en las que te encuentres.<\/p>\n<p>Debido a la necesidad de hacer giros amplios, siempre debes dejar una distancia adecuada entre t\u00fa y los carros de un gran tama\u00f1o, como camiones, cuando conduzcas en la ciudad o en lugares residenciales. Cuando conduzcas en la autopista, debes ser consciente de que tus puntos ciegos son diferentes de los de ellos.<\/p>\n<h2>salvar tuVidapracticando la conducci\u00f3n defensiva<\/h2>\n<p>Cuando se trata de mantener la seguridad al volante, la soluci\u00f3n radica en practicar la conducci\u00f3n defensiva en lugar de ser un conductor agresivo. Al poner en pr\u00e1ctica h\u00e1bitos de conducci\u00f3n seguros, no eliminar\u00e1s por completo la posibilidad de tener un accidente, pero reducir\u00e1s la probabilidad de que ocurran.<\/p>\n<p>Todos tenemos un papel que desempe\u00f1ar en la reducci\u00f3n del n\u00famero de colisiones automovil\u00edsticas.<\/p>\n<h2>Abogado de accidentes en Georgia<\/h2>\n<p>\u00bfHas estado involucrado en un accidente automovil\u00edstico a pesar de tus mejores esfuerzos? Queremos estar a tu lado.<\/p>\n<p>Como ya se mencion\u00f3, incluso si practicas la conducci\u00f3n defensiva, los accidentes automovil\u00edsticos a\u00fan pueden ocurrir. Sin embargo, si la colisi\u00f3n no fue tu culpa, los abogados de accidentes de nuestra firma en Georgia pueden ayudarte a obtener la compensaci\u00f3n m\u00e1xima de la parte culpable.<\/p>\n<p>Comun\u00edcate con el abogado Ali, y su equipo de experimentados abogados en lesiones personales de CEO Lawyer Personal Injury Law Firm llamando al <a href=\"tel:+18883073792\"><strong>(888) 307-3792<\/strong><\/a> o <a href=\"https:\/\/ceolawyer.com\/contact-us\/\">cont\u00e1ctanos en l\u00ednea<\/a> para recibir la evaluaci\u00f3n de tu caso de forma gratuita y confidencial. El abogado Ali Awad, es quien estableci\u00f3 CEO Lawyer Personal Injury Law Firm y la convirti\u00f3 r\u00e1pidamente en una de las firmas de abogados de m\u00e1s r\u00e1pido crecimiento en el pa\u00eds.<\/p>\n<p>Si tomamos tu caso, no pagar\u00e1s nada hasta que ganemos<\/p>\n","protected":false},"excerpt":{"rendered":"<p>El error del conductor es el principal contribuyente a la alta tasa de colisiones de autom\u00f3viles que ocurren en las carreteras de Atlanta, as\u00ed como de las lesiones y fatalidades resultantes. Estas \u00faltimas podr\u00edan incluir conducir distra\u00eddo, conducir bajo la influencia del alcohol, seguir demasiado de cerca a otro veh\u00edculo, pasarse los sem\u00e1foros en rojo, [&hellip;]<\/p>\n","protected":false},"author":18,"featured_media":11855,"parent":13289,"menu_order":0,"comment_status":"closed","ping_status":"closed","template":"","meta":{"_acf_changed":false,"footnotes":""},"class_list":["post-11853","page","type-page","status-publish","has-post-thumbnail","hentry"],"acf":[],"yoast_head":"<!-- This site is optimized with the Yoast SEO plugin v27.2 - https:\/\/yoast.com\/product\/yoast-seo-wordpress\/ -->\n<title>\u00bfPuede la Conducci\u00f3n Defensiva Evitar un Accidente? | CEO Lawyer<\/title>\n<meta name=\"description\" content=\"Descubra c\u00f3mo la conducci\u00f3n defensiva puede marcar la diferencia en la carretera. Comun\u00edquese con The CEO Lawyer al 888-307-3792 para analizar su caso.\" \/>\n<meta name=\"robots\" content=\"index, follow, max-snippet:-1, max-image-preview:large, max-video-preview:-1\" \/>\n<link rel=\"canonical\" href=\"https:\/\/ceolawyer.com\/espanol\/faq\/ley-de-georgia\/accidente-automovilistico\/puede-la-conduccion-defensiva-ayudarme-a-evitar-un-accidente-de-transito\/\" \/>\n<meta property=\"og:locale\" content=\"en_US\" \/>\n<meta property=\"og:type\" content=\"article\" \/>\n<meta property=\"og:title\" content=\"\u00bfPuede la Conducci\u00f3n Defensiva Evitar un Accidente? | CEO Lawyer\" \/>\n<meta property=\"og:description\" content=\"Descubra c\u00f3mo la conducci\u00f3n defensiva puede marcar la diferencia en la carretera. Comun\u00edquese con The CEO Lawyer al 888-307-3792 para analizar su caso.\" \/>\n<meta property=\"og:url\" content=\"https:\/\/ceolawyer.com\/espanol\/faq\/ley-de-georgia\/accidente-automovilistico\/puede-la-conduccion-defensiva-ayudarme-a-evitar-un-accidente-de-transito\/\" \/>\n<meta property=\"og:site_name\" content=\"CEO Lawyer\" \/>\n<meta property=\"article:modified_time\" content=\"2026-03-18T18:35:58+00:00\" \/>\n<meta property=\"og:image\" content=\"https:\/\/ceolawyer.com\/espanol\/wp-content\/uploads\/sites\/2\/2024\/04\/Puede-la-conduccion-defensiva-ayudarme-a-evitar-un-accidente-de-transito.webp\" \/>\n\t<meta property=\"og:image:width\" content=\"500\" \/>\n\t<meta property=\"og:image:height\" content=\"333\" \/>\n\t<meta property=\"og:image:type\" content=\"image\/webp\" \/>\n<meta name=\"twitter:card\" content=\"summary_large_image\" \/>\n<meta name=\"twitter:label1\" content=\"Est. reading time\" \/>\n\t<meta name=\"twitter:data1\" content=\"7 minutes\" \/>\n<script type=\"application\/ld+json\" class=\"yoast-schema-graph\">{\"@context\":\"https:\/\/schema.org\",\"@graph\":[{\"@type\":\"WebPage\",\"@id\":\"https:\/\/ceolawyer.com\/espanol\/faq\/ley-de-georgia\/accidente-automovilistico\/puede-la-conduccion-defensiva-ayudarme-a-evitar-un-accidente-de-transito\/\",\"url\":\"https:\/\/ceolawyer.com\/espanol\/faq\/ley-de-georgia\/accidente-automovilistico\/puede-la-conduccion-defensiva-ayudarme-a-evitar-un-accidente-de-transito\/\",\"name\":\"\u00bfPuede la Conducci\u00f3n Defensiva Evitar un Accidente? | CEO Lawyer\",\"isPartOf\":{\"@id\":\"https:\/\/ceolawyer.com\/espanol\/#website\"},\"primaryImageOfPage\":{\"@id\":\"https:\/\/ceolawyer.com\/espanol\/faq\/ley-de-georgia\/accidente-automovilistico\/puede-la-conduccion-defensiva-ayudarme-a-evitar-un-accidente-de-transito\/#primaryimage\"},\"image\":{\"@id\":\"https:\/\/ceolawyer.com\/espanol\/faq\/ley-de-georgia\/accidente-automovilistico\/puede-la-conduccion-defensiva-ayudarme-a-evitar-un-accidente-de-transito\/#primaryimage\"},\"thumbnailUrl\":\"https:\/\/ceolawyer.com\/espanol\/wp-content\/uploads\/sites\/2\/2024\/04\/Puede-la-conduccion-defensiva-ayudarme-a-evitar-un-accidente-de-transito.webp\",\"datePublished\":\"2024-04-25T20:24:49+00:00\",\"dateModified\":\"2026-03-18T18:35:58+00:00\",\"description\":\"Descubra c\u00f3mo la conducci\u00f3n defensiva puede marcar la diferencia en la carretera. Comun\u00edquese con The CEO Lawyer al 888-307-3792 para analizar su caso.\",\"breadcrumb\":{\"@id\":\"https:\/\/ceolawyer.com\/espanol\/faq\/ley-de-georgia\/accidente-automovilistico\/puede-la-conduccion-defensiva-ayudarme-a-evitar-un-accidente-de-transito\/#breadcrumb\"},\"inLanguage\":\"en-US\",\"potentialAction\":[{\"@type\":\"ReadAction\",\"target\":[\"https:\/\/ceolawyer.com\/espanol\/faq\/ley-de-georgia\/accidente-automovilistico\/puede-la-conduccion-defensiva-ayudarme-a-evitar-un-accidente-de-transito\/\"]}]},{\"@type\":\"ImageObject\",\"inLanguage\":\"en-US\",\"@id\":\"https:\/\/ceolawyer.com\/espanol\/faq\/ley-de-georgia\/accidente-automovilistico\/puede-la-conduccion-defensiva-ayudarme-a-evitar-un-accidente-de-transito\/#primaryimage\",\"url\":\"https:\/\/ceolawyer.com\/espanol\/wp-content\/uploads\/sites\/2\/2024\/04\/Puede-la-conduccion-defensiva-ayudarme-a-evitar-un-accidente-de-transito.webp\",\"contentUrl\":\"https:\/\/ceolawyer.com\/espanol\/wp-content\/uploads\/sites\/2\/2024\/04\/Puede-la-conduccion-defensiva-ayudarme-a-evitar-un-accidente-de-transito.webp\",\"width\":500,\"height\":333,\"caption\":\"Un primer plano de las puertas de dos veh\u00edculos da\u00f1adas despu\u00e9s de que uno intentara adelantar agresivamente al otro.\"},{\"@type\":\"BreadcrumbList\",\"@id\":\"https:\/\/ceolawyer.com\/espanol\/faq\/ley-de-georgia\/accidente-automovilistico\/puede-la-conduccion-defensiva-ayudarme-a-evitar-un-accidente-de-transito\/#breadcrumb\",\"itemListElement\":[{\"@type\":\"ListItem\",\"position\":1,\"name\":\"Home\",\"item\":\"https:\/\/ceolawyer.com\/espanol\/\"},{\"@type\":\"ListItem\",\"position\":2,\"name\":\"FAQ\",\"item\":\"https:\/\/ceolawyer.com\/espanol\/faq\/\"},{\"@type\":\"ListItem\",\"position\":3,\"name\":\"Lesiones personales en Georgia FAQ\",\"item\":\"https:\/\/ceolawyer.com\/espanol\/faq\/ley-de-georgia\/\"},{\"@type\":\"ListItem\",\"position\":4,\"name\":\"\u00bfPuede la conducci\u00f3n defensiva ayudarme a evitar un accidente de tr\u00e1nsito?\"}]},{\"@type\":\"WebSite\",\"@id\":\"https:\/\/ceolawyer.com\/espanol\/#website\",\"url\":\"https:\/\/ceolawyer.com\/espanol\/\",\"name\":\"CEO Lawyer\",\"description\":\"Personal Injury Attorney\",\"publisher\":{\"@id\":\"https:\/\/ceolawyer.com\/espanol\/#organization\"},\"potentialAction\":[{\"@type\":\"SearchAction\",\"target\":{\"@type\":\"EntryPoint\",\"urlTemplate\":\"https:\/\/ceolawyer.com\/espanol\/?s={search_term_string}\"},\"query-input\":{\"@type\":\"PropertyValueSpecification\",\"valueRequired\":true,\"valueName\":\"search_term_string\"}}],\"inLanguage\":\"en-US\"},{\"@type\":\"Organization\",\"@id\":\"https:\/\/ceolawyer.com\/espanol\/#organization\",\"name\":\"CEO Lawyer\",\"url\":\"https:\/\/ceolawyer.com\/espanol\/\",\"logo\":{\"@type\":\"ImageObject\",\"inLanguage\":\"en-US\",\"@id\":\"https:\/\/ceolawyer.com\/espanol\/#\/schema\/logo\/image\/\",\"url\":\"https:\/\/ceolawyer.com\/espanol\/wp-content\/uploads\/sites\/2\/2022\/05\/CEO_Logo.png\",\"contentUrl\":\"https:\/\/ceolawyer.com\/espanol\/wp-content\/uploads\/sites\/2\/2022\/05\/CEO_Logo.png\",\"width\":200,\"height\":108,\"caption\":\"CEO Lawyer\"},\"image\":{\"@id\":\"https:\/\/ceolawyer.com\/espanol\/#\/schema\/logo\/image\/\"}}]}<\/script>\n<!-- \/ Yoast SEO plugin. -->","yoast_head_json":{"title":"\u00bfPuede la Conducci\u00f3n Defensiva Evitar un Accidente? | CEO Lawyer","description":"Descubra c\u00f3mo la conducci\u00f3n defensiva puede marcar la diferencia en la carretera. Comun\u00edquese con The CEO Lawyer al 888-307-3792 para analizar su caso.","robots":{"index":"index","follow":"follow","max-snippet":"max-snippet:-1","max-image-preview":"max-image-preview:large","max-video-preview":"max-video-preview:-1"},"canonical":"https:\/\/ceolawyer.com\/espanol\/faq\/ley-de-georgia\/accidente-automovilistico\/puede-la-conduccion-defensiva-ayudarme-a-evitar-un-accidente-de-transito\/","og_locale":"en_US","og_type":"article","og_title":"\u00bfPuede la Conducci\u00f3n Defensiva Evitar un Accidente? | CEO Lawyer","og_description":"Descubra c\u00f3mo la conducci\u00f3n defensiva puede marcar la diferencia en la carretera. Comun\u00edquese con The CEO Lawyer al 888-307-3792 para analizar su caso.","og_url":"https:\/\/ceolawyer.com\/espanol\/faq\/ley-de-georgia\/accidente-automovilistico\/puede-la-conduccion-defensiva-ayudarme-a-evitar-un-accidente-de-transito\/","og_site_name":"CEO Lawyer","article_modified_time":"2026-03-18T18:35:58+00:00","og_image":[{"width":500,"height":333,"url":"https:\/\/ceolawyer.com\/espanol\/wp-content\/uploads\/sites\/2\/2024\/04\/Puede-la-conduccion-defensiva-ayudarme-a-evitar-un-accidente-de-transito.webp","type":"image\/webp"}],"twitter_card":"summary_large_image","twitter_misc":{"Est. reading time":"7 minutes"},"schema":{"@context":"https:\/\/schema.org","@graph":[{"@type":"WebPage","@id":"https:\/\/ceolawyer.com\/espanol\/faq\/ley-de-georgia\/accidente-automovilistico\/puede-la-conduccion-defensiva-ayudarme-a-evitar-un-accidente-de-transito\/","url":"https:\/\/ceolawyer.com\/espanol\/faq\/ley-de-georgia\/accidente-automovilistico\/puede-la-conduccion-defensiva-ayudarme-a-evitar-un-accidente-de-transito\/","name":"\u00bfPuede la Conducci\u00f3n Defensiva Evitar un Accidente? | CEO Lawyer","isPartOf":{"@id":"https:\/\/ceolawyer.com\/espanol\/#website"},"primaryImageOfPage":{"@id":"https:\/\/ceolawyer.com\/espanol\/faq\/ley-de-georgia\/accidente-automovilistico\/puede-la-conduccion-defensiva-ayudarme-a-evitar-un-accidente-de-transito\/#primaryimage"},"image":{"@id":"https:\/\/ceolawyer.com\/espanol\/faq\/ley-de-georgia\/accidente-automovilistico\/puede-la-conduccion-defensiva-ayudarme-a-evitar-un-accidente-de-transito\/#primaryimage"},"thumbnailUrl":"https:\/\/ceolawyer.com\/espanol\/wp-content\/uploads\/sites\/2\/2024\/04\/Puede-la-conduccion-defensiva-ayudarme-a-evitar-un-accidente-de-transito.webp","datePublished":"2024-04-25T20:24:49+00:00","dateModified":"2026-03-18T18:35:58+00:00","description":"Descubra c\u00f3mo la conducci\u00f3n defensiva puede marcar la diferencia en la carretera. Comun\u00edquese con The CEO Lawyer al 888-307-3792 para analizar su caso.","breadcrumb":{"@id":"https:\/\/ceolawyer.com\/espanol\/faq\/ley-de-georgia\/accidente-automovilistico\/puede-la-conduccion-defensiva-ayudarme-a-evitar-un-accidente-de-transito\/#breadcrumb"},"inLanguage":"en-US","potentialAction":[{"@type":"ReadAction","target":["https:\/\/ceolawyer.com\/espanol\/faq\/ley-de-georgia\/accidente-automovilistico\/puede-la-conduccion-defensiva-ayudarme-a-evitar-un-accidente-de-transito\/"]}]},{"@type":"ImageObject","inLanguage":"en-US","@id":"https:\/\/ceolawyer.com\/espanol\/faq\/ley-de-georgia\/accidente-automovilistico\/puede-la-conduccion-defensiva-ayudarme-a-evitar-un-accidente-de-transito\/#primaryimage","url":"https:\/\/ceolawyer.com\/espanol\/wp-content\/uploads\/sites\/2\/2024\/04\/Puede-la-conduccion-defensiva-ayudarme-a-evitar-un-accidente-de-transito.webp","contentUrl":"https:\/\/ceolawyer.com\/espanol\/wp-content\/uploads\/sites\/2\/2024\/04\/Puede-la-conduccion-defensiva-ayudarme-a-evitar-un-accidente-de-transito.webp","width":500,"height":333,"caption":"Un primer plano de las puertas de dos veh\u00edculos da\u00f1adas despu\u00e9s de que uno intentara adelantar agresivamente al otro."},{"@type":"BreadcrumbList","@id":"https:\/\/ceolawyer.com\/espanol\/faq\/ley-de-georgia\/accidente-automovilistico\/puede-la-conduccion-defensiva-ayudarme-a-evitar-un-accidente-de-transito\/#breadcrumb","itemListElement":[{"@type":"ListItem","position":1,"name":"Home","item":"https:\/\/ceolawyer.com\/espanol\/"},{"@type":"ListItem","position":2,"name":"FAQ","item":"https:\/\/ceolawyer.com\/espanol\/faq\/"},{"@type":"ListItem","position":3,"name":"Lesiones personales en Georgia FAQ","item":"https:\/\/ceolawyer.com\/espanol\/faq\/ley-de-georgia\/"},{"@type":"ListItem","position":4,"name":"\u00bfPuede la conducci\u00f3n defensiva ayudarme a evitar un accidente de tr\u00e1nsito?"}]},{"@type":"WebSite","@id":"https:\/\/ceolawyer.com\/espanol\/#website","url":"https:\/\/ceolawyer.com\/espanol\/","name":"CEO Lawyer","description":"Personal Injury Attorney","publisher":{"@id":"https:\/\/ceolawyer.com\/espanol\/#organization"},"potentialAction":[{"@type":"SearchAction","target":{"@type":"EntryPoint","urlTemplate":"https:\/\/ceolawyer.com\/espanol\/?s={search_term_string}"},"query-input":{"@type":"PropertyValueSpecification","valueRequired":true,"valueName":"search_term_string"}}],"inLanguage":"en-US"},{"@type":"Organization","@id":"https:\/\/ceolawyer.com\/espanol\/#organization","name":"CEO Lawyer","url":"https:\/\/ceolawyer.com\/espanol\/","logo":{"@type":"ImageObject","inLanguage":"en-US","@id":"https:\/\/ceolawyer.com\/espanol\/#\/schema\/logo\/image\/","url":"https:\/\/ceolawyer.com\/espanol\/wp-content\/uploads\/sites\/2\/2022\/05\/CEO_Logo.png","contentUrl":"https:\/\/ceolawyer.com\/espanol\/wp-content\/uploads\/sites\/2\/2022\/05\/CEO_Logo.png","width":200,"height":108,"caption":"CEO Lawyer"},"image":{"@id":"https:\/\/ceolawyer.com\/espanol\/#\/schema\/logo\/image\/"}}]}},"_links":{"self":[{"href":"https:\/\/ceolawyer.com\/espanol\/wp-json\/wp\/v2\/pages\/11853","targetHints":{"allow":["GET"]}}],"collection":[{"href":"https:\/\/ceolawyer.com\/espanol\/wp-json\/wp\/v2\/pages"}],"about":[{"href":"https:\/\/ceolawyer.com\/espanol\/wp-json\/wp\/v2\/types\/page"}],"author":[{"embeddable":true,"href":"https:\/\/ceolawyer.com\/espanol\/wp-json\/wp\/v2\/users\/18"}],"replies":[{"embeddable":true,"href":"https:\/\/ceolawyer.com\/espanol\/wp-json\/wp\/v2\/comments?post=11853"}],"version-history":[{"count":0,"href":"https:\/\/ceolawyer.com\/espanol\/wp-json\/wp\/v2\/pages\/11853\/revisions"}],"up":[{"embeddable":true,"href":"https:\/\/ceolawyer.com\/espanol\/wp-json\/wp\/v2\/pages\/13289"}],"wp:featuredmedia":[{"embeddable":true,"href":"https:\/\/ceolawyer.com\/espanol\/wp-json\/wp\/v2\/media\/11855"}],"wp:attachment":[{"href":"https:\/\/ceolawyer.com\/espanol\/wp-json\/wp\/v2\/media?parent=11853"}],"curies":[{"name":"wp","href":"https:\/\/api.w.org\/{rel}","templated":true}]}}