{"id":11859,"date":"2024-04-25T20:35:25","date_gmt":"2024-04-25T20:35:25","guid":{"rendered":"https:\/\/ceolawyer.com\/espanol\/?page_id=11859"},"modified":"2026-03-18T18:25:49","modified_gmt":"2026-03-18T18:25:49","slug":"medicare-cubre-lesiones-provenientes-de-un-accidente-de-carro","status":"publish","type":"page","link":"https:\/\/ceolawyer.com\/espanol\/faq\/ley-de-georgia\/accidente-automovilistico\/medicare-cubre-lesiones-provenientes-de-un-accidente-de-carro\/","title":{"rendered":"\u00bfMedicare cubre lesiones provenientes de un accidente de carro?"},"content":{"rendered":"<p><img decoding=\"async\" class=\"alignright size-full wp-image-11861\" src=\"https:\/\/ceolawyer.com\/espanol\/wp-content\/uploads\/sites\/2\/2024\/04\/Medicare-cubre-lesiones-provenientes-de-un-accidente-de-carro.webp\" alt=\"Una persona con una pierna lesionada en un accidente automovil\u00edstico esperando en el vest\u00edbulo de un hospital.\" width=\"500\" height=\"333\" srcset=\"https:\/\/ceolawyer.com\/espanol\/wp-content\/uploads\/sites\/2\/2024\/04\/Medicare-cubre-lesiones-provenientes-de-un-accidente-de-carro.webp 500w, https:\/\/ceolawyer.com\/espanol\/wp-content\/uploads\/sites\/2\/2024\/04\/Medicare-cubre-lesiones-provenientes-de-un-accidente-de-carro-300x200.webp 300w\" sizes=\"(max-width: 500px) 100vw, 500px\" \/>Si has estado involucrado en un accidente de carro, te habr\u00e1s preguntado si tu cobertura de Medicare podr\u00e1 cubrir tus facturas m\u00e9dicas. La respuesta corta es: s\u00ed, la cobertura va a pagar por los gastos m\u00e9dicos de tu accidente automovil\u00edstico.<\/p>\n<p>Sin embargo, hay pasos espec\u00edficos que debes seguir cuando hagas uso de tus beneficios de Medicare.<\/p>\n<p>Primero, sin importar si presentaste un reclamo por lesiones personales, Medicare debe ser reembolsado por los gastos que cubri\u00f3 como resultado de las lesiones que sufriste en el accidente. Por lo tanto, deber\u00e1s reportar el accidente a Medicare.<\/p>\n<p>Asegurarse que Medicare est\u00e1 siendo adecuadamente reembolsado y que usted no sea responsable de gastos, puede ser un proceso legal complicado. No obstante, usted no est\u00e1 solo en el proceso del reclamo.<\/p>\n<p>El abogado Ali y su equipo de <a href=\"https:\/\/ceolawyer.com\/georgia-personal-injury\/car-accident-lawyer\/\">abogados experimentados en accidentes automovil\u00edsticos en Georgia<\/a> te pueden asistir en el manejo de interacciones con tu coordinador contratista de beneficios asignado por Medicare y te podr\u00e1n mantener informado de alg\u00fan posible problema legal durante este reclamo. Tener un abogado con experiencia luchando por tus derechos es crucial para el proceso de tu reclamo.<\/p>\n<h2>\u00bfCubre medicare accidentes automovil\u00edsticos?<\/h2>\n<p>\u00bfPuede Medicare cubrir los gastos de lesiones de un accidente automovil\u00edstico? Como respuesta corta, s\u00ed.<\/p>\n<p>Medicare cubre las lesiones relacionadas con un accidente automovil\u00edstico. Cuando una persona requiere atenci\u00f3n m\u00e9dica, resultado de una colisi\u00f3n automovil\u00edstica, Medicare normalmente es responsable de cubrir sus gastos m\u00e9dicos, incluso si la otra parte fue claramente la culpable del accidente.<\/p>\n<p>Despu\u00e9s del tratamiento, un acuerdo futuro puede incluir el reembolso por los gastos m\u00e9dicos relacionados al evento. Sin embargo, tu seguro de carro usualmente paga la parte por la que est\u00e1s asegurado seg\u00fan el tratamiento m\u00e9dico inmediato, y Medicare pagar\u00e1 por el tratamiento que venga despu\u00e9s de ello.<\/p>\n<p>Si estuvo usted involucrado en un accidente automovil\u00edstico, debe reportarlo a Medicare, sin importar si presentaras o no un reclamo. Esto es crucial, puesto que Medicare debe ser reembolsado por los gastos m\u00e9dicos cubiertos como resultado del evento.<\/p>\n<p>En adici\u00f3n a esto, Medicare seguir\u00e1 monitoreando tu reclamo despu\u00e9s del accidente para as\u00ed hacer valer su derecho de recuperar cualquier monto de los que ellos se hayan hecho cargo por sus cuentas m\u00e9dicas, esto saldr\u00e1 de lo que usted reciba despu\u00e9s del ajuste.<\/p>\n<p><a href=\"https:\/\/www.medicare.gov\/basics\/get-started-with-medicare\/medicare-basics\/parts-of-medicare\">Hay cuatro partes que el seguro m\u00e9dico Medicare cubre:<\/a><\/p>\n<p><strong>PARTE A:<\/strong> Seguro hospitalario para pacientes internados.<\/p>\n<p><strong>PARTE B:<\/strong> Cobertura de servicios y suministros m\u00e9dicos.<\/p>\n<p><strong>PARTE C:<\/strong> Medicare Advantage.<\/p>\n<p><strong>PARTE D:<\/strong> Cubrimiento de prescripciones.<\/p>\n<h3>\u00bfQu\u00e9 es un derecho de retenci\u00f3n de Medicare?<\/h3>\n<p><a href=\"https:\/\/www.archives.gov\/milestone-documents\/medicare-and-medicaid-act\">Medicare fue establecido en los Estados Unidos en 1965<\/a> bajo la ley Social Security Act.<\/p>\n<p>Supongamos que una v\u00edctima de un accidente automovil\u00edstico usa los beneficios de Medicare para cubrir sus lesiones resultantes por el accidente. En este caso, Medicare tendr\u00e1 la autoridad legal para compensar por cualquier gasto resultante de los beneficios del seguro bajo la ley federal.<\/p>\n<p>Los derechos de retenci\u00f3n de Medicare ser\u00e1n prioridad sobre otros derechos de retenci\u00f3n que est\u00e9n adjuntos a cualquier asentamiento o compensaci\u00f3n. Si los embargos no son manejados adecuadamente, Medicare podr\u00e1 buscar cobrarse de la v\u00edctima lesionada o de su abogado.<\/p>\n<p>Adem\u00e1s, es responsabilidad del abogado de la persona lesionada darle manejo a la reclamaci\u00f3n para determinar si este embargo por parte de Medicare se aplica o no. Un aviso de embargo no es requerido por parte de Medicare, a diferencia de otros embargos m\u00e9dicos.<\/p>\n<p>Incluso si nunca recibe un aviso por parte de Medicare, el cliente lesionado y su abogado ser\u00e1n responsables por el embargo.<\/p>\n<p>Adicional a esto, est\u00e1 dentro de los estatutos de Estados Unidos que <a href=\"https:\/\/www.cms.gov\/medicare\/coordination-benefits-recovery\/beneficiary-services\/recovery-process\">Medicare puede recuperar el monto completo del embargo<\/a>, incluso si se excede la cantidad de la recuperaci\u00f3n. Si usted recibe Medicare y tiene una lesi\u00f3n sustanciosa resultante de un accidente automovil\u00edstico, es esencial contactar a un abogado especializado en estos casos, para que as\u00ed las negociaciones sean manejadas adecuadamente.<\/p>\n<p>Desafortunadamente, contactar a Medicare es usualmente un proceso largo que puede incluir m\u00faltiples llamadas telef\u00f3nicas y cartas. Agregado a esto, Medicare puede detener los acuerdos y generar dudas a la compa\u00f1\u00eda de seguros cuando se est\u00e9n llegando a soluciones en el reclamo que incluya el embargo.<\/p>\n<h3>\u00bfCu\u00e1nto tarda asualmente la resoluci\u00f3n de un embargo?<\/h3>\n<p>La resoluci\u00f3n del embargo por parte de Medicare tarda por lo general seis meses o m\u00e1s y es un proceso de m\u00faltiples pasos. El primer paso para su finalizaci\u00f3n es establecer un caso con Medicare para obtener la lista detallada que incluya los gastos que ellos pagaron.<\/p>\n<p>En el siguiente paso su abogado deber\u00e1 revisar punto a punto los pagos y aislar \u00fanicamente los costos pertinentes a la reclamaci\u00f3n del accidente automovil\u00edstico y no otros tratamientos m\u00e9dicos. Finalmente, una vez que el monto del embargo sea aceptado, su responsabilidad ser\u00e1 asegurarse que sea pagado dentro de los pr\u00f3ximos 60 d\u00edas.<\/p>\n<p>Si la demanda del embargo no es pagada dentro de ese lapso, Medicare referir\u00e1 el asunto al departamento de tesorer\u00eda <a href=\"https:\/\/www.cms.gov\/medicare\/coordination-benefits-recovery\/beneficiary-services\/recovery-process\">para la cobranza<\/a> de los Estados Unidos. Adem\u00e1s, podr\u00e1n ser agregados intereses al monto original del reclamo.<\/p>\n<h2>Abogado de lesiones en accidente automovil\u00edstico<\/h2>\n<p>Muchas v\u00edctimas de accidentes automovil\u00edsticos creen poder manejar por su cuenta las negociaciones con las aseguradoras para evitar gastar dinero en abogados especializados en estos casos para representarlos. Si bien es posible que pueda manejar un reclamo por colisi\u00f3n si sus lesiones fueron menores, est\u00e1 probado que los individuos que se representan a s\u00ed mismos, en promedio, recibir\u00e1n menores acuerdos monetarios, que aquellos que fueron representados por abogados experimentados en este tipo de casos.<\/p>\n<p>Si ha sido lesionado o ha recibido un gran da\u00f1o a su propiedad debido al accidente automovil\u00edstico, deber\u00eda considerar obtener un abogado experimentado en los accidentes automovil\u00edsticos para que pueda apelar por usted. El abogado Ali y su equipo de abogados expertos est\u00e1n dedicados a luchar por los derechos de las v\u00edctimas en estos casos.<\/p>\n<p>Ali Awad ha transformado su firma local de lesiones personales en una de las firmas con m\u00e1s r\u00e1pido crecimiento en el pa\u00eds, reteniendo as\u00ed algunos de los abogados m\u00e1s experimentados en lesiones personales y accidentes automovil\u00edsticos de la regi\u00f3n de Georgia. Con un crecimiento r\u00e1pido que incluye el 99% de historial de \u00e9xito, puede estar seguro que con CEO Lawyer Personal Injury Law Firm tendr\u00e1 los mejores resultados posibles para su caso.<\/p>\n<p>Llame al abogado Ali y a su equipo de abogados al <a href=\"tel:+18883073792\"><strong>(888) 307-3792<\/strong><\/a> o <a href=\"https:\/\/ceolawyer.com\/contact-us\/\">en l\u00ednea<\/a> y reciba su evaluaci\u00f3n gratis.<\/p>\n","protected":false},"excerpt":{"rendered":"<p>Si has estado involucrado en un accidente de carro, te habr\u00e1s preguntado si tu cobertura de Medicare podr\u00e1 cubrir tus facturas m\u00e9dicas. La respuesta corta es: s\u00ed, la cobertura va a pagar por los gastos m\u00e9dicos de tu accidente automovil\u00edstico. Sin embargo, hay pasos espec\u00edficos que debes seguir cuando hagas uso de tus beneficios de [&hellip;]<\/p>\n","protected":false},"author":18,"featured_media":11861,"parent":13289,"menu_order":0,"comment_status":"closed","ping_status":"closed","template":"","meta":{"_acf_changed":false,"footnotes":""},"class_list":["post-11859","page","type-page","status-publish","has-post-thumbnail","hentry"],"acf":[],"yoast_head":"<!-- This site is optimized with the Yoast SEO plugin v27.5 - https:\/\/yoast.com\/product\/yoast-seo-wordpress\/ -->\n<title>\u00bfMedicare Cubre Lesiones de un Accidente de Auto? | CEO Lawyer<\/title>\n<meta name=\"description\" content=\"Descubra c\u00f3mo Medicare puede ayudarle con sus lesiones. Llame a The CEO Lawyer Personal Injury Law Firm para una consulta gratuita al 888-307-3792.\" \/>\n<meta name=\"robots\" content=\"index, follow, max-snippet:-1, max-image-preview:large, max-video-preview:-1\" \/>\n<link rel=\"canonical\" href=\"https:\/\/ceolawyer.com\/espanol\/faq\/ley-de-georgia\/accidente-automovilistico\/medicare-cubre-lesiones-provenientes-de-un-accidente-de-carro\/\" \/>\n<meta property=\"og:locale\" content=\"en_US\" \/>\n<meta property=\"og:type\" content=\"article\" \/>\n<meta property=\"og:title\" content=\"\u00bfMedicare Cubre Lesiones de un Accidente de Auto? | CEO Lawyer\" \/>\n<meta property=\"og:description\" content=\"Descubra c\u00f3mo Medicare puede ayudarle con sus lesiones. Llame a The CEO Lawyer Personal Injury Law Firm para una consulta gratuita al 888-307-3792.\" \/>\n<meta property=\"og:url\" content=\"https:\/\/ceolawyer.com\/espanol\/faq\/ley-de-georgia\/accidente-automovilistico\/medicare-cubre-lesiones-provenientes-de-un-accidente-de-carro\/\" \/>\n<meta property=\"og:site_name\" content=\"CEO Lawyer\" \/>\n<meta property=\"article:modified_time\" content=\"2026-03-18T18:25:49+00:00\" \/>\n<meta property=\"og:image\" content=\"https:\/\/ceolawyer.com\/espanol\/wp-content\/uploads\/sites\/2\/2024\/04\/Medicare-cubre-lesiones-provenientes-de-un-accidente-de-carro.webp\" \/>\n\t<meta property=\"og:image:width\" content=\"500\" \/>\n\t<meta property=\"og:image:height\" content=\"333\" \/>\n\t<meta property=\"og:image:type\" content=\"image\/webp\" \/>\n<meta name=\"twitter:card\" content=\"summary_large_image\" \/>\n<meta name=\"twitter:label1\" content=\"Est. reading time\" \/>\n\t<meta name=\"twitter:data1\" content=\"6 minutes\" \/>\n<script type=\"application\/ld+json\" class=\"yoast-schema-graph\">{\"@context\":\"https:\\\/\\\/schema.org\",\"@graph\":[{\"@type\":\"WebPage\",\"@id\":\"https:\\\/\\\/ceolawyer.com\\\/espanol\\\/faq\\\/ley-de-georgia\\\/accidente-automovilistico\\\/medicare-cubre-lesiones-provenientes-de-un-accidente-de-carro\\\/\",\"url\":\"https:\\\/\\\/ceolawyer.com\\\/espanol\\\/faq\\\/ley-de-georgia\\\/accidente-automovilistico\\\/medicare-cubre-lesiones-provenientes-de-un-accidente-de-carro\\\/\",\"name\":\"\u00bfMedicare Cubre Lesiones de un Accidente de Auto? | CEO Lawyer\",\"isPartOf\":{\"@id\":\"https:\\\/\\\/ceolawyer.com\\\/espanol\\\/#website\"},\"primaryImageOfPage\":{\"@id\":\"https:\\\/\\\/ceolawyer.com\\\/espanol\\\/faq\\\/ley-de-georgia\\\/accidente-automovilistico\\\/medicare-cubre-lesiones-provenientes-de-un-accidente-de-carro\\\/#primaryimage\"},\"image\":{\"@id\":\"https:\\\/\\\/ceolawyer.com\\\/espanol\\\/faq\\\/ley-de-georgia\\\/accidente-automovilistico\\\/medicare-cubre-lesiones-provenientes-de-un-accidente-de-carro\\\/#primaryimage\"},\"thumbnailUrl\":\"https:\\\/\\\/ceolawyer.com\\\/espanol\\\/wp-content\\\/uploads\\\/sites\\\/2\\\/2024\\\/04\\\/Medicare-cubre-lesiones-provenientes-de-un-accidente-de-carro.webp\",\"datePublished\":\"2024-04-25T20:35:25+00:00\",\"dateModified\":\"2026-03-18T18:25:49+00:00\",\"description\":\"Descubra c\u00f3mo Medicare puede ayudarle con sus lesiones. Llame a The CEO Lawyer Personal Injury Law Firm para una consulta gratuita al 888-307-3792.\",\"breadcrumb\":{\"@id\":\"https:\\\/\\\/ceolawyer.com\\\/espanol\\\/faq\\\/ley-de-georgia\\\/accidente-automovilistico\\\/medicare-cubre-lesiones-provenientes-de-un-accidente-de-carro\\\/#breadcrumb\"},\"inLanguage\":\"en-US\",\"potentialAction\":[{\"@type\":\"ReadAction\",\"target\":[\"https:\\\/\\\/ceolawyer.com\\\/espanol\\\/faq\\\/ley-de-georgia\\\/accidente-automovilistico\\\/medicare-cubre-lesiones-provenientes-de-un-accidente-de-carro\\\/\"]}]},{\"@type\":\"ImageObject\",\"inLanguage\":\"en-US\",\"@id\":\"https:\\\/\\\/ceolawyer.com\\\/espanol\\\/faq\\\/ley-de-georgia\\\/accidente-automovilistico\\\/medicare-cubre-lesiones-provenientes-de-un-accidente-de-carro\\\/#primaryimage\",\"url\":\"https:\\\/\\\/ceolawyer.com\\\/espanol\\\/wp-content\\\/uploads\\\/sites\\\/2\\\/2024\\\/04\\\/Medicare-cubre-lesiones-provenientes-de-un-accidente-de-carro.webp\",\"contentUrl\":\"https:\\\/\\\/ceolawyer.com\\\/espanol\\\/wp-content\\\/uploads\\\/sites\\\/2\\\/2024\\\/04\\\/Medicare-cubre-lesiones-provenientes-de-un-accidente-de-carro.webp\",\"width\":500,\"height\":333,\"caption\":\"Una persona con una pierna lesionada en un accidente automovil\u00edstico esperando en el vest\u00edbulo de un hospital.\"},{\"@type\":\"BreadcrumbList\",\"@id\":\"https:\\\/\\\/ceolawyer.com\\\/espanol\\\/faq\\\/ley-de-georgia\\\/accidente-automovilistico\\\/medicare-cubre-lesiones-provenientes-de-un-accidente-de-carro\\\/#breadcrumb\",\"itemListElement\":[{\"@type\":\"ListItem\",\"position\":1,\"name\":\"Home\",\"item\":\"https:\\\/\\\/ceolawyer.com\\\/espanol\\\/\"},{\"@type\":\"ListItem\",\"position\":2,\"name\":\"FAQ\",\"item\":\"https:\\\/\\\/ceolawyer.com\\\/espanol\\\/faq\\\/\"},{\"@type\":\"ListItem\",\"position\":3,\"name\":\"Lesiones personales en Georgia FAQ\",\"item\":\"https:\\\/\\\/ceolawyer.com\\\/espanol\\\/faq\\\/ley-de-georgia\\\/\"},{\"@type\":\"ListItem\",\"position\":4,\"name\":\"\u00bfMedicare cubre lesiones provenientes de un accidente de carro?\"}]},{\"@type\":\"WebSite\",\"@id\":\"https:\\\/\\\/ceolawyer.com\\\/espanol\\\/#website\",\"url\":\"https:\\\/\\\/ceolawyer.com\\\/espanol\\\/\",\"name\":\"CEO Lawyer\",\"description\":\"Personal Injury Attorney\",\"publisher\":{\"@id\":\"https:\\\/\\\/ceolawyer.com\\\/espanol\\\/#organization\"},\"potentialAction\":[{\"@type\":\"SearchAction\",\"target\":{\"@type\":\"EntryPoint\",\"urlTemplate\":\"https:\\\/\\\/ceolawyer.com\\\/espanol\\\/?s={search_term_string}\"},\"query-input\":{\"@type\":\"PropertyValueSpecification\",\"valueRequired\":true,\"valueName\":\"search_term_string\"}}],\"inLanguage\":\"en-US\"},{\"@type\":\"Organization\",\"@id\":\"https:\\\/\\\/ceolawyer.com\\\/espanol\\\/#organization\",\"name\":\"CEO Lawyer\",\"url\":\"https:\\\/\\\/ceolawyer.com\\\/espanol\\\/\",\"logo\":{\"@type\":\"ImageObject\",\"inLanguage\":\"en-US\",\"@id\":\"https:\\\/\\\/ceolawyer.com\\\/espanol\\\/#\\\/schema\\\/logo\\\/image\\\/\",\"url\":\"https:\\\/\\\/ceolawyer.com\\\/espanol\\\/wp-content\\\/uploads\\\/sites\\\/2\\\/2022\\\/05\\\/CEO_Logo.png\",\"contentUrl\":\"https:\\\/\\\/ceolawyer.com\\\/espanol\\\/wp-content\\\/uploads\\\/sites\\\/2\\\/2022\\\/05\\\/CEO_Logo.png\",\"width\":200,\"height\":108,\"caption\":\"CEO Lawyer\"},\"image\":{\"@id\":\"https:\\\/\\\/ceolawyer.com\\\/espanol\\\/#\\\/schema\\\/logo\\\/image\\\/\"}}]}<\/script>\n<!-- \/ Yoast SEO plugin. -->","yoast_head_json":{"title":"\u00bfMedicare Cubre Lesiones de un Accidente de Auto? | CEO Lawyer","description":"Descubra c\u00f3mo Medicare puede ayudarle con sus lesiones. Llame a The CEO Lawyer Personal Injury Law Firm para una consulta gratuita al 888-307-3792.","robots":{"index":"index","follow":"follow","max-snippet":"max-snippet:-1","max-image-preview":"max-image-preview:large","max-video-preview":"max-video-preview:-1"},"canonical":"https:\/\/ceolawyer.com\/espanol\/faq\/ley-de-georgia\/accidente-automovilistico\/medicare-cubre-lesiones-provenientes-de-un-accidente-de-carro\/","og_locale":"en_US","og_type":"article","og_title":"\u00bfMedicare Cubre Lesiones de un Accidente de Auto? | CEO Lawyer","og_description":"Descubra c\u00f3mo Medicare puede ayudarle con sus lesiones. Llame a The CEO Lawyer Personal Injury Law Firm para una consulta gratuita al 888-307-3792.","og_url":"https:\/\/ceolawyer.com\/espanol\/faq\/ley-de-georgia\/accidente-automovilistico\/medicare-cubre-lesiones-provenientes-de-un-accidente-de-carro\/","og_site_name":"CEO Lawyer","article_modified_time":"2026-03-18T18:25:49+00:00","og_image":[{"width":500,"height":333,"url":"https:\/\/ceolawyer.com\/espanol\/wp-content\/uploads\/sites\/2\/2024\/04\/Medicare-cubre-lesiones-provenientes-de-un-accidente-de-carro.webp","type":"image\/webp"}],"twitter_card":"summary_large_image","twitter_misc":{"Est. reading time":"6 minutes"},"schema":{"@context":"https:\/\/schema.org","@graph":[{"@type":"WebPage","@id":"https:\/\/ceolawyer.com\/espanol\/faq\/ley-de-georgia\/accidente-automovilistico\/medicare-cubre-lesiones-provenientes-de-un-accidente-de-carro\/","url":"https:\/\/ceolawyer.com\/espanol\/faq\/ley-de-georgia\/accidente-automovilistico\/medicare-cubre-lesiones-provenientes-de-un-accidente-de-carro\/","name":"\u00bfMedicare Cubre Lesiones de un Accidente de Auto? | CEO Lawyer","isPartOf":{"@id":"https:\/\/ceolawyer.com\/espanol\/#website"},"primaryImageOfPage":{"@id":"https:\/\/ceolawyer.com\/espanol\/faq\/ley-de-georgia\/accidente-automovilistico\/medicare-cubre-lesiones-provenientes-de-un-accidente-de-carro\/#primaryimage"},"image":{"@id":"https:\/\/ceolawyer.com\/espanol\/faq\/ley-de-georgia\/accidente-automovilistico\/medicare-cubre-lesiones-provenientes-de-un-accidente-de-carro\/#primaryimage"},"thumbnailUrl":"https:\/\/ceolawyer.com\/espanol\/wp-content\/uploads\/sites\/2\/2024\/04\/Medicare-cubre-lesiones-provenientes-de-un-accidente-de-carro.webp","datePublished":"2024-04-25T20:35:25+00:00","dateModified":"2026-03-18T18:25:49+00:00","description":"Descubra c\u00f3mo Medicare puede ayudarle con sus lesiones. Llame a The CEO Lawyer Personal Injury Law Firm para una consulta gratuita al 888-307-3792.","breadcrumb":{"@id":"https:\/\/ceolawyer.com\/espanol\/faq\/ley-de-georgia\/accidente-automovilistico\/medicare-cubre-lesiones-provenientes-de-un-accidente-de-carro\/#breadcrumb"},"inLanguage":"en-US","potentialAction":[{"@type":"ReadAction","target":["https:\/\/ceolawyer.com\/espanol\/faq\/ley-de-georgia\/accidente-automovilistico\/medicare-cubre-lesiones-provenientes-de-un-accidente-de-carro\/"]}]},{"@type":"ImageObject","inLanguage":"en-US","@id":"https:\/\/ceolawyer.com\/espanol\/faq\/ley-de-georgia\/accidente-automovilistico\/medicare-cubre-lesiones-provenientes-de-un-accidente-de-carro\/#primaryimage","url":"https:\/\/ceolawyer.com\/espanol\/wp-content\/uploads\/sites\/2\/2024\/04\/Medicare-cubre-lesiones-provenientes-de-un-accidente-de-carro.webp","contentUrl":"https:\/\/ceolawyer.com\/espanol\/wp-content\/uploads\/sites\/2\/2024\/04\/Medicare-cubre-lesiones-provenientes-de-un-accidente-de-carro.webp","width":500,"height":333,"caption":"Una persona con una pierna lesionada en un accidente automovil\u00edstico esperando en el vest\u00edbulo de un hospital."},{"@type":"BreadcrumbList","@id":"https:\/\/ceolawyer.com\/espanol\/faq\/ley-de-georgia\/accidente-automovilistico\/medicare-cubre-lesiones-provenientes-de-un-accidente-de-carro\/#breadcrumb","itemListElement":[{"@type":"ListItem","position":1,"name":"Home","item":"https:\/\/ceolawyer.com\/espanol\/"},{"@type":"ListItem","position":2,"name":"FAQ","item":"https:\/\/ceolawyer.com\/espanol\/faq\/"},{"@type":"ListItem","position":3,"name":"Lesiones personales en Georgia FAQ","item":"https:\/\/ceolawyer.com\/espanol\/faq\/ley-de-georgia\/"},{"@type":"ListItem","position":4,"name":"\u00bfMedicare cubre lesiones provenientes de un accidente de carro?"}]},{"@type":"WebSite","@id":"https:\/\/ceolawyer.com\/espanol\/#website","url":"https:\/\/ceolawyer.com\/espanol\/","name":"CEO Lawyer","description":"Personal Injury Attorney","publisher":{"@id":"https:\/\/ceolawyer.com\/espanol\/#organization"},"potentialAction":[{"@type":"SearchAction","target":{"@type":"EntryPoint","urlTemplate":"https:\/\/ceolawyer.com\/espanol\/?s={search_term_string}"},"query-input":{"@type":"PropertyValueSpecification","valueRequired":true,"valueName":"search_term_string"}}],"inLanguage":"en-US"},{"@type":"Organization","@id":"https:\/\/ceolawyer.com\/espanol\/#organization","name":"CEO Lawyer","url":"https:\/\/ceolawyer.com\/espanol\/","logo":{"@type":"ImageObject","inLanguage":"en-US","@id":"https:\/\/ceolawyer.com\/espanol\/#\/schema\/logo\/image\/","url":"https:\/\/ceolawyer.com\/espanol\/wp-content\/uploads\/sites\/2\/2022\/05\/CEO_Logo.png","contentUrl":"https:\/\/ceolawyer.com\/espanol\/wp-content\/uploads\/sites\/2\/2022\/05\/CEO_Logo.png","width":200,"height":108,"caption":"CEO Lawyer"},"image":{"@id":"https:\/\/ceolawyer.com\/espanol\/#\/schema\/logo\/image\/"}}]}},"_links":{"self":[{"href":"https:\/\/ceolawyer.com\/espanol\/wp-json\/wp\/v2\/pages\/11859","targetHints":{"allow":["GET"]}}],"collection":[{"href":"https:\/\/ceolawyer.com\/espanol\/wp-json\/wp\/v2\/pages"}],"about":[{"href":"https:\/\/ceolawyer.com\/espanol\/wp-json\/wp\/v2\/types\/page"}],"author":[{"embeddable":true,"href":"https:\/\/ceolawyer.com\/espanol\/wp-json\/wp\/v2\/users\/18"}],"replies":[{"embeddable":true,"href":"https:\/\/ceolawyer.com\/espanol\/wp-json\/wp\/v2\/comments?post=11859"}],"version-history":[{"count":0,"href":"https:\/\/ceolawyer.com\/espanol\/wp-json\/wp\/v2\/pages\/11859\/revisions"}],"up":[{"embeddable":true,"href":"https:\/\/ceolawyer.com\/espanol\/wp-json\/wp\/v2\/pages\/13289"}],"wp:featuredmedia":[{"embeddable":true,"href":"https:\/\/ceolawyer.com\/espanol\/wp-json\/wp\/v2\/media\/11861"}],"wp:attachment":[{"href":"https:\/\/ceolawyer.com\/espanol\/wp-json\/wp\/v2\/media?parent=11859"}],"curies":[{"name":"wp","href":"https:\/\/api.w.org\/{rel}","templated":true}]}}