{"id":11862,"date":"2024-04-25T20:40:46","date_gmt":"2024-04-25T20:40:46","guid":{"rendered":"https:\/\/ceolawyer.com\/espanol\/?page_id=11862"},"modified":"2026-03-18T18:20:27","modified_gmt":"2026-03-18T18:20:27","slug":"el-seguro-de-mi-auto-aumenta-si-alguien-me-choca","status":"publish","type":"page","link":"https:\/\/ceolawyer.com\/espanol\/faq\/ley-de-georgia\/accidente-automovilistico\/el-seguro-de-mi-auto-aumenta-si-alguien-me-choca\/","title":{"rendered":"\u00bfEl seguro de mi auto aumenta si alguien me choca?"},"content":{"rendered":"<p><img decoding=\"async\" class=\"alignright size-full wp-image-11790\" src=\"https:\/\/ceolawyer.com\/espanol\/wp-content\/uploads\/sites\/2\/2024\/04\/El-seguro-de-mi-auto-aumenta-si-alguien-me-choca-1.webp\" alt=\"Una persona que documenta da\u00f1os a su veh\u00edculo despu\u00e9s de un accidente automovil\u00edstico para un reclamo de seguro.\" width=\"500\" height=\"333\" srcset=\"https:\/\/ceolawyer.com\/espanol\/wp-content\/uploads\/sites\/2\/2024\/04\/El-seguro-de-mi-auto-aumenta-si-alguien-me-choca-1.webp 500w, https:\/\/ceolawyer.com\/espanol\/wp-content\/uploads\/sites\/2\/2024\/04\/El-seguro-de-mi-auto-aumenta-si-alguien-me-choca-1-300x200.webp 300w\" sizes=\"(max-width: 500px) 100vw, 500px\" \/>Un accidente de auto causa estr\u00e9s en diferentes \u00e1reas de tu vida. Puedes estar herido y adolorido, y adem\u00e1s recibir una gran factura al salir del hospital.<\/p>\n<p>Si necesitas un seguimiento de atenci\u00f3n m\u00e9dica, tambi\u00e9n recibir\u00e1s facturas de seguimiento. Luego est\u00e1n las horas de trabajo perdidas mientras estabas en recuperaci\u00f3n, otra p\u00e9rdida financiera.<\/p>\n<p>Probablemente necesitar\u00e1s arreglar tu carro, y los trabajos de reparaci\u00f3n no son baratos. Adem\u00e1s de todo eso, te estar\u00e1s preguntando si tu seguro de auto subir\u00e1 por culpa de tu accidente.<\/p>\n<p>La respuesta a esta pregunta recurrente es: \u00bfsubir\u00e1 el costo de mi seguro si alguien me choca? Depende de qui\u00e9n sea el culpable del accidente.<\/p>\n<p>La tasa de tu seguro solo deber\u00eda incrementar si t\u00fa eres el causante de la colisi\u00f3n. <a href=\"https:\/\/law.justia.com\/codes\/georgia\/2010\/title-33\/chapter-9\/33-9-40\">La ley de Georgia le proh\u00edbe a las compa\u00f1\u00edas de seguros alzar las tasas si alguien m\u00e1s caus\u00f3 el accidente o si estuviste en un accidente con un conductor sin aseguradora<\/a>.<\/p>\n<p>Pero es importante saber que la culpa no siempre est\u00e1 a simple vista en un accidente de auto, y es muy com\u00fan que el otro conductor \u2013 y su compa\u00f1\u00eda de seguros \u2013 \u00a0intenten culparte a ti. Como resultado, vas a necesitar darte la mejor oportunidad posible de demostrar que no causaste el accidente, y consultar un abogado especializado en accidentes automovil\u00edsticos es la manera de hacerlo.<\/p>\n<p>El abogado Ali Awad ha trabajado en cientos de casos de accidentes automovil\u00edsticos y otras lesiones personales, y est\u00e1 listo para pelear por tus derechos legales. \u00c9l es el fundador de CEO Lawyer Personal Injury Law Firm que r\u00e1pidamente se convirti\u00f3 en una de las firmas con mayor crecimiento del pa\u00eds.<\/p>\n<p>Adicional a esto, m\u00e1s de un mill\u00f3n de seguidores disfrutan de su manera clara y realista de tratar temas legales en las redes sociales. Si quieres proteger tus finanzas despu\u00e9s de haber tenido un accidente, llama ya al abogado Ali y obt\u00e9n una consulta gratis sobre tu caso y tus opciones para buscar una compensaci\u00f3n.<\/p>\n<h2>\u00bfDeber\u00eda hacer un reclamo con mi compa\u00f1\u00eda de seguros si el otro conductor fue el culpable del accidente?<\/h2>\n<p>Si bien tu compa\u00f1\u00eda de seguros no deber\u00eda castigarte aumentando las tarifas, y es una buena idea dejarles saber acerca del accidente, es probable que te pidan llenar una solicitud con la compa\u00f1\u00eda de seguros del otro conductor primero. Generalmente, se supone que el culpable del accidente pague por tu atenci\u00f3n m\u00e9dica y los da\u00f1os a tu propiedad\/veh\u00edculo despu\u00e9s de una colisi\u00f3n.<\/p>\n<p>Pero la mayor\u00eda de personas no pueden cubrir estos gastos por su cuenta, su seguro de responsabilidad civil deber\u00eda ocuparse de tus costos. No obstante, hay algunos potenciales obst\u00e1culos aqu\u00ed:<\/p>\n<ul>\n<li>El otro conductor no cuenta con un seguro, a pesar de ser obligatorio en el estado de Georgia.<\/li>\n<li>El otro conductor tiene seguro, pero su l\u00edmite de cobertura est\u00e1 muy por debajo del total de los da\u00f1os causados.<\/li>\n<li>La aseguradora del otro conductor cree que t\u00fa fuiste el culpable del accidente, o encuentra otros motivos para denegar tu solicitud.<\/li>\n<\/ul>\n<p>Revisemos estas situaciones una a la vez:<\/p>\n<h2>El conductor sin seguro<\/h2>\n<p>Lo primero que hacemos en este caso, es revisar la p\u00f3liza de seguros de nuestro cliente para confirmar si incluye la cobertura para el conductor sin seguro, o con seguro insuficiente (tambi\u00e9n conocida como cobertura UM\/UI) y, de ser as\u00ed, cu\u00e1nta cobertura tiene. <a href=\"https:\/\/www.forbes.com\/advisor\/car-insurance\/uninsured-motorist-coverage\/\">La cobertura UM\/UI no es obligatoria en el estado de Georgia, pero las compa\u00f1\u00edas de seguros requieren que se marque una caja en el formulario para excluirla<\/a>, as\u00ed que muchas personas tienen al menos la cobertura UM\/UI m\u00ednima.<\/p>\n<p>Esta es la mejor soluci\u00f3n para gestionar un accidente con un conductor sin seguro \u2013 y de nuevo, esto no deber\u00eda incrementar tus primas.<\/p>\n<p>Si no tienes cobertura UM\/UI, consideraremos MedPay (cobertura m\u00e9dica) o Collision Coverage (cobertura de colisi\u00f3n) si tienes estas opciones inclu\u00eddas en tu p\u00f3liza de seguro. MedPay provee un mayor nivel de protecci\u00f3n cubriendo el costo de la atenci\u00f3n m\u00e9dica despu\u00e9s de un accidente, sin importar qui\u00e9n fue el culpable del mismo (Las p\u00f3lizas de seguro est\u00e1ndar, \u00fanicamente cubren la obligaci\u00f3n de pagar por la atenci\u00f3n m\u00e9dica o lesiones del otro conductor, cuando t\u00fa has sido el principal culpable del accidente).<\/p>\n<p>MedPay puede ser utilizado en casos en los que eres el culpable del accidente, o cuando no est\u00e1 claro qui\u00e9n es el culpable, y cuando el otro conductor no est\u00e1 asegurado. Collision Coverage tiene el mismo nivel de protecci\u00f3n por da\u00f1os a su veh\u00edculo y otra propiedad.<\/p>\n<h3>El conductor con seguro insuficiente<\/h3>\n<p>El requisito m\u00ednimo de seguro de responsabilidad civil en Georgia es tan solo de $25,000 por lesiones corporales y da\u00f1os a la propiedad. Esto cubre muchos casos en los que una persona sale herida o una propiedad da\u00f1ada, pero no los cubre todos.<\/p>\n<p>Si sufres lesiones severas, o tu seguro m\u00e9dico no cubre mucho, f\u00e1cilmente podr\u00edas terminar con gastos m\u00e9dicos de m\u00e1s de $25,000.<\/p>\n<p>\u00bfPodr\u00e1 tu cobertura UM hacerse cargo de los costos? Tal vez, si tienes una pol\u00edtica de acumulaci\u00f3n.<\/p>\n<p>Las pol\u00edticas de acumulaci\u00f3n se pueden usar para complementar otra cobertura del seguro, incluyendo la p\u00f3liza del conductor que caus\u00f3 el accidente. Las p\u00f3lizas de no acumulaci\u00f3n est\u00e1n dise\u00f1adas para garantizar una cantidad X de d\u00f3lares en cobertura, y si ya has recibido esto de parte de la aseguradora del otro conductor, la p\u00f3liza de no acumulaci\u00f3n no puede ser usada.<\/p>\n<p>Entonces si tienes $40,000 en costos m\u00e9dicos y el otro conductor tiene una cobertura m\u00ednima de $25,000 con su seguro, una p\u00f3liza de acumulaci\u00f3n UM\/UI se har\u00eda cargo de los $15,000 restantes. Una p\u00f3liza de no acumulaci\u00f3n, no lo har\u00eda.<\/p>\n<h3>El liquidador\/ajustador de seguros que intenta culparte por el accidente<\/h3>\n<p>Los ajustadores de seguro est\u00e1n contratados para reducir los costos que la aseguradora paga por solicitud, y a menudo logran esto refutando que su cliente fue culpable del accidente. Bajo las leyes de negligencia comparativa de Georgia, un conductor que tiene m\u00e1s del 50% de culpabilidad no puede reclamar da\u00f1os, pero uno que tenga menos del 50% de culpabilidad, puede hacerlo.<\/p>\n<p>Esto quiere decir que las compa\u00f1\u00edas de seguros solo tienen que hacer un caso en el cual hayas sido el principal culpable del accidente para ganar en la corte. La mayor\u00eda de solicitudes por accidentes automovil\u00edsticos se resuelven fuera de la corte, pero los ajustadores de seguros tambi\u00e9n usan su propio estimado de culpabilidad para convencer a los demandantes de que no tienen derecho a ser indemnizados.<\/p>\n<p>A veces conocemos personas que est\u00e1n convencidas de que no tienen un buen caso porque la compa\u00f1\u00eda aseguradora les ha dicho que es as\u00ed. No dejes que te suceda esto.<\/p>\n<p>Aunque no puedes evitar que la aseguradora intente no tener que cubrir los pagos por tu solicitud, puedes hac\u00e9rselo m\u00e1s dif\u00edcil siguiendo los siguientes pasos:<\/p>\n<ul>\n<li>No hables con la aseguradora sin haber hablado con un abogado primero.<\/li>\n<li>No publiques nada sobre tu accidente en redes sociales o cualquier sitio p\u00fablico, a veces los aseguradores rastrean estas aplicaciones buscando la oportunidad de tergiversar tus palabras y alegar que fuiste el culpable.<\/li>\n<li>Nunca admitas la culpa. Probablemente no sabes todo lo que pas\u00f3 antes de tu accidente.<\/li>\n<li>Incluso si cometiste un error, no significa necesariamente que hayas causado el accidente o que tengas m\u00e1s del 50% de la culpabilidad.<\/li>\n<\/ul>\n<p>Consigue los servicios de un <a href=\"https:\/\/ceolawyer.com\/faq\/georgia-law\/injury-settlements\/how-much-should-i-ask-for-a-personal-injury-settlement\/\">abogado calificado que pueda negociar con la compa\u00f1\u00eda aseguradora <\/a>en tu nombre. En muchos casos, un abogado especializado en accidentes automovil\u00edsticos podr\u00eda refutar la solicitud de la aseguradora acerca de la culpabilidad o descubrir m\u00e1s evidencia para mostrar lo sucedido.<\/p>\n<h2>Ali Awad firma de abogados especializados en lesiones personales<\/h2>\n<p>Cuando t\u00fa, o tus seres queridos est\u00e1n enfrentando las secuelas de un accidente automovil\u00edstico, necesitas a alguien que est\u00e9 de su lado y dispuesto a luchar por sus derechos. Comun\u00edcate con la firma de Ali Awad y su equipo de abogados especializados en lesiones personales para obtener una consulta gratis y sin compromiso.<\/p>\n<p>Si tomamos tu caso, el proceso no tendr\u00e1 ning\u00fan costo para ti\u00a0 hasta que ganemos , as\u00ed que no tienes que preocuparte por c\u00f3mo costear un abogado. <a href=\"https:\/\/ceolawyer.com\/contact-us\/\">Visita nuestra p\u00e1gina para enterarte del valor de tu caso.<\/a><\/p>\n<p>Comun\u00edquese con el abogado Ali y nuestro equipo de abogados especializados en lesiones personales, al tel\u00e9fono <a href=\"tel:+18883073792\"><strong>(888) 307-3792<\/strong><\/a> o cont\u00e1ctenos en l\u00ednea para recibir una evaluaci\u00f3n gratuita y confidencial de su caso.<\/p>\n","protected":false},"excerpt":{"rendered":"<p>Un accidente de auto causa estr\u00e9s en diferentes \u00e1reas de tu vida. Puedes estar herido y adolorido, y adem\u00e1s recibir una gran factura al salir del hospital. Si necesitas un seguimiento de atenci\u00f3n m\u00e9dica, tambi\u00e9n recibir\u00e1s facturas de seguimiento. Luego est\u00e1n las horas de trabajo perdidas mientras estabas en recuperaci\u00f3n, otra p\u00e9rdida financiera. Probablemente necesitar\u00e1s [&hellip;]<\/p>\n","protected":false},"author":18,"featured_media":11790,"parent":13289,"menu_order":0,"comment_status":"closed","ping_status":"closed","template":"","meta":{"_acf_changed":false,"footnotes":""},"class_list":["post-11862","page","type-page","status-publish","has-post-thumbnail","hentry"],"acf":[],"yoast_head":"<!-- This site is optimized with the Yoast SEO plugin v27.4 - https:\/\/yoast.com\/product\/yoast-seo-wordpress\/ -->\n<title>\u00bfEl seguro de mi auto aumenta si alguien me choca? | CEO Lawyer<\/title>\n<meta name=\"description\" content=\"\u00bfAumenta mi seguro de auto si alguien me choca? Obt\u00e9n respuestas y asistencia legal en CEO Lawyer Personal Injury Law Firm. Cont\u00e1ctenos a (833)-254-2923.\" \/>\n<meta name=\"robots\" content=\"index, follow, max-snippet:-1, max-image-preview:large, max-video-preview:-1\" \/>\n<link rel=\"canonical\" href=\"https:\/\/ceolawyer.com\/espanol\/faq\/ley-de-georgia\/accidente-automovilistico\/el-seguro-de-mi-auto-aumenta-si-alguien-me-choca\/\" \/>\n<meta property=\"og:locale\" content=\"en_US\" \/>\n<meta property=\"og:type\" content=\"article\" \/>\n<meta property=\"og:title\" content=\"\u00bfEl seguro de mi auto aumenta si alguien me choca? | CEO Lawyer\" \/>\n<meta property=\"og:description\" content=\"\u00bfAumenta mi seguro de auto si alguien me choca? Obt\u00e9n respuestas y asistencia legal en CEO Lawyer Personal Injury Law Firm. Cont\u00e1ctenos a (833)-254-2923.\" \/>\n<meta property=\"og:url\" content=\"https:\/\/ceolawyer.com\/espanol\/faq\/ley-de-georgia\/accidente-automovilistico\/el-seguro-de-mi-auto-aumenta-si-alguien-me-choca\/\" \/>\n<meta property=\"og:site_name\" content=\"CEO Lawyer\" \/>\n<meta property=\"article:modified_time\" content=\"2026-03-18T18:20:27+00:00\" \/>\n<meta property=\"og:image\" content=\"https:\/\/ceolawyer.com\/espanol\/wp-content\/uploads\/sites\/2\/2024\/04\/El-seguro-de-mi-auto-aumenta-si-alguien-me-choca-1.webp\" \/>\n\t<meta property=\"og:image:width\" content=\"500\" \/>\n\t<meta property=\"og:image:height\" content=\"333\" \/>\n\t<meta property=\"og:image:type\" content=\"image\/webp\" \/>\n<meta name=\"twitter:card\" content=\"summary_large_image\" \/>\n<meta name=\"twitter:label1\" content=\"Est. reading time\" \/>\n\t<meta name=\"twitter:data1\" content=\"7 minutes\" \/>\n<script type=\"application\/ld+json\" class=\"yoast-schema-graph\">{\"@context\":\"https:\\\/\\\/schema.org\",\"@graph\":[{\"@type\":\"WebPage\",\"@id\":\"https:\\\/\\\/ceolawyer.com\\\/espanol\\\/faq\\\/ley-de-georgia\\\/accidente-automovilistico\\\/el-seguro-de-mi-auto-aumenta-si-alguien-me-choca\\\/\",\"url\":\"https:\\\/\\\/ceolawyer.com\\\/espanol\\\/faq\\\/ley-de-georgia\\\/accidente-automovilistico\\\/el-seguro-de-mi-auto-aumenta-si-alguien-me-choca\\\/\",\"name\":\"\u00bfEl seguro de mi auto aumenta si alguien me choca? | CEO Lawyer\",\"isPartOf\":{\"@id\":\"https:\\\/\\\/ceolawyer.com\\\/espanol\\\/#website\"},\"primaryImageOfPage\":{\"@id\":\"https:\\\/\\\/ceolawyer.com\\\/espanol\\\/faq\\\/ley-de-georgia\\\/accidente-automovilistico\\\/el-seguro-de-mi-auto-aumenta-si-alguien-me-choca\\\/#primaryimage\"},\"image\":{\"@id\":\"https:\\\/\\\/ceolawyer.com\\\/espanol\\\/faq\\\/ley-de-georgia\\\/accidente-automovilistico\\\/el-seguro-de-mi-auto-aumenta-si-alguien-me-choca\\\/#primaryimage\"},\"thumbnailUrl\":\"https:\\\/\\\/ceolawyer.com\\\/espanol\\\/wp-content\\\/uploads\\\/sites\\\/2\\\/2024\\\/04\\\/El-seguro-de-mi-auto-aumenta-si-alguien-me-choca-1.webp\",\"datePublished\":\"2024-04-25T20:40:46+00:00\",\"dateModified\":\"2026-03-18T18:20:27+00:00\",\"description\":\"\u00bfAumenta mi seguro de auto si alguien me choca? Obt\u00e9n respuestas y asistencia legal en CEO Lawyer Personal Injury Law Firm. Cont\u00e1ctenos a (833)-254-2923.\",\"breadcrumb\":{\"@id\":\"https:\\\/\\\/ceolawyer.com\\\/espanol\\\/faq\\\/ley-de-georgia\\\/accidente-automovilistico\\\/el-seguro-de-mi-auto-aumenta-si-alguien-me-choca\\\/#breadcrumb\"},\"inLanguage\":\"en-US\",\"potentialAction\":[{\"@type\":\"ReadAction\",\"target\":[\"https:\\\/\\\/ceolawyer.com\\\/espanol\\\/faq\\\/ley-de-georgia\\\/accidente-automovilistico\\\/el-seguro-de-mi-auto-aumenta-si-alguien-me-choca\\\/\"]}]},{\"@type\":\"ImageObject\",\"inLanguage\":\"en-US\",\"@id\":\"https:\\\/\\\/ceolawyer.com\\\/espanol\\\/faq\\\/ley-de-georgia\\\/accidente-automovilistico\\\/el-seguro-de-mi-auto-aumenta-si-alguien-me-choca\\\/#primaryimage\",\"url\":\"https:\\\/\\\/ceolawyer.com\\\/espanol\\\/wp-content\\\/uploads\\\/sites\\\/2\\\/2024\\\/04\\\/El-seguro-de-mi-auto-aumenta-si-alguien-me-choca-1.webp\",\"contentUrl\":\"https:\\\/\\\/ceolawyer.com\\\/espanol\\\/wp-content\\\/uploads\\\/sites\\\/2\\\/2024\\\/04\\\/El-seguro-de-mi-auto-aumenta-si-alguien-me-choca-1.webp\",\"width\":500,\"height\":333,\"caption\":\"Una persona que documenta da\u00f1os a su veh\u00edculo despu\u00e9s de un accidente automovil\u00edstico para un reclamo de seguro.\"},{\"@type\":\"BreadcrumbList\",\"@id\":\"https:\\\/\\\/ceolawyer.com\\\/espanol\\\/faq\\\/ley-de-georgia\\\/accidente-automovilistico\\\/el-seguro-de-mi-auto-aumenta-si-alguien-me-choca\\\/#breadcrumb\",\"itemListElement\":[{\"@type\":\"ListItem\",\"position\":1,\"name\":\"Home\",\"item\":\"https:\\\/\\\/ceolawyer.com\\\/espanol\\\/\"},{\"@type\":\"ListItem\",\"position\":2,\"name\":\"FAQ\",\"item\":\"https:\\\/\\\/ceolawyer.com\\\/espanol\\\/faq\\\/\"},{\"@type\":\"ListItem\",\"position\":3,\"name\":\"Lesiones personales en Georgia FAQ\",\"item\":\"https:\\\/\\\/ceolawyer.com\\\/espanol\\\/faq\\\/ley-de-georgia\\\/\"},{\"@type\":\"ListItem\",\"position\":4,\"name\":\"\u00bfEl seguro de mi auto aumenta si alguien me choca?\"}]},{\"@type\":\"WebSite\",\"@id\":\"https:\\\/\\\/ceolawyer.com\\\/espanol\\\/#website\",\"url\":\"https:\\\/\\\/ceolawyer.com\\\/espanol\\\/\",\"name\":\"CEO Lawyer\",\"description\":\"Personal Injury Attorney\",\"publisher\":{\"@id\":\"https:\\\/\\\/ceolawyer.com\\\/espanol\\\/#organization\"},\"potentialAction\":[{\"@type\":\"SearchAction\",\"target\":{\"@type\":\"EntryPoint\",\"urlTemplate\":\"https:\\\/\\\/ceolawyer.com\\\/espanol\\\/?s={search_term_string}\"},\"query-input\":{\"@type\":\"PropertyValueSpecification\",\"valueRequired\":true,\"valueName\":\"search_term_string\"}}],\"inLanguage\":\"en-US\"},{\"@type\":\"Organization\",\"@id\":\"https:\\\/\\\/ceolawyer.com\\\/espanol\\\/#organization\",\"name\":\"CEO Lawyer\",\"url\":\"https:\\\/\\\/ceolawyer.com\\\/espanol\\\/\",\"logo\":{\"@type\":\"ImageObject\",\"inLanguage\":\"en-US\",\"@id\":\"https:\\\/\\\/ceolawyer.com\\\/espanol\\\/#\\\/schema\\\/logo\\\/image\\\/\",\"url\":\"https:\\\/\\\/ceolawyer.com\\\/espanol\\\/wp-content\\\/uploads\\\/sites\\\/2\\\/2022\\\/05\\\/CEO_Logo.png\",\"contentUrl\":\"https:\\\/\\\/ceolawyer.com\\\/espanol\\\/wp-content\\\/uploads\\\/sites\\\/2\\\/2022\\\/05\\\/CEO_Logo.png\",\"width\":200,\"height\":108,\"caption\":\"CEO Lawyer\"},\"image\":{\"@id\":\"https:\\\/\\\/ceolawyer.com\\\/espanol\\\/#\\\/schema\\\/logo\\\/image\\\/\"}}]}<\/script>\n<!-- \/ Yoast SEO plugin. -->","yoast_head_json":{"title":"\u00bfEl seguro de mi auto aumenta si alguien me choca? | CEO Lawyer","description":"\u00bfAumenta mi seguro de auto si alguien me choca? Obt\u00e9n respuestas y asistencia legal en CEO Lawyer Personal Injury Law Firm. Cont\u00e1ctenos a (833)-254-2923.","robots":{"index":"index","follow":"follow","max-snippet":"max-snippet:-1","max-image-preview":"max-image-preview:large","max-video-preview":"max-video-preview:-1"},"canonical":"https:\/\/ceolawyer.com\/espanol\/faq\/ley-de-georgia\/accidente-automovilistico\/el-seguro-de-mi-auto-aumenta-si-alguien-me-choca\/","og_locale":"en_US","og_type":"article","og_title":"\u00bfEl seguro de mi auto aumenta si alguien me choca? | CEO Lawyer","og_description":"\u00bfAumenta mi seguro de auto si alguien me choca? Obt\u00e9n respuestas y asistencia legal en CEO Lawyer Personal Injury Law Firm. Cont\u00e1ctenos a (833)-254-2923.","og_url":"https:\/\/ceolawyer.com\/espanol\/faq\/ley-de-georgia\/accidente-automovilistico\/el-seguro-de-mi-auto-aumenta-si-alguien-me-choca\/","og_site_name":"CEO Lawyer","article_modified_time":"2026-03-18T18:20:27+00:00","og_image":[{"width":500,"height":333,"url":"https:\/\/ceolawyer.com\/espanol\/wp-content\/uploads\/sites\/2\/2024\/04\/El-seguro-de-mi-auto-aumenta-si-alguien-me-choca-1.webp","type":"image\/webp"}],"twitter_card":"summary_large_image","twitter_misc":{"Est. reading time":"7 minutes"},"schema":{"@context":"https:\/\/schema.org","@graph":[{"@type":"WebPage","@id":"https:\/\/ceolawyer.com\/espanol\/faq\/ley-de-georgia\/accidente-automovilistico\/el-seguro-de-mi-auto-aumenta-si-alguien-me-choca\/","url":"https:\/\/ceolawyer.com\/espanol\/faq\/ley-de-georgia\/accidente-automovilistico\/el-seguro-de-mi-auto-aumenta-si-alguien-me-choca\/","name":"\u00bfEl seguro de mi auto aumenta si alguien me choca? | CEO Lawyer","isPartOf":{"@id":"https:\/\/ceolawyer.com\/espanol\/#website"},"primaryImageOfPage":{"@id":"https:\/\/ceolawyer.com\/espanol\/faq\/ley-de-georgia\/accidente-automovilistico\/el-seguro-de-mi-auto-aumenta-si-alguien-me-choca\/#primaryimage"},"image":{"@id":"https:\/\/ceolawyer.com\/espanol\/faq\/ley-de-georgia\/accidente-automovilistico\/el-seguro-de-mi-auto-aumenta-si-alguien-me-choca\/#primaryimage"},"thumbnailUrl":"https:\/\/ceolawyer.com\/espanol\/wp-content\/uploads\/sites\/2\/2024\/04\/El-seguro-de-mi-auto-aumenta-si-alguien-me-choca-1.webp","datePublished":"2024-04-25T20:40:46+00:00","dateModified":"2026-03-18T18:20:27+00:00","description":"\u00bfAumenta mi seguro de auto si alguien me choca? Obt\u00e9n respuestas y asistencia legal en CEO Lawyer Personal Injury Law Firm. Cont\u00e1ctenos a (833)-254-2923.","breadcrumb":{"@id":"https:\/\/ceolawyer.com\/espanol\/faq\/ley-de-georgia\/accidente-automovilistico\/el-seguro-de-mi-auto-aumenta-si-alguien-me-choca\/#breadcrumb"},"inLanguage":"en-US","potentialAction":[{"@type":"ReadAction","target":["https:\/\/ceolawyer.com\/espanol\/faq\/ley-de-georgia\/accidente-automovilistico\/el-seguro-de-mi-auto-aumenta-si-alguien-me-choca\/"]}]},{"@type":"ImageObject","inLanguage":"en-US","@id":"https:\/\/ceolawyer.com\/espanol\/faq\/ley-de-georgia\/accidente-automovilistico\/el-seguro-de-mi-auto-aumenta-si-alguien-me-choca\/#primaryimage","url":"https:\/\/ceolawyer.com\/espanol\/wp-content\/uploads\/sites\/2\/2024\/04\/El-seguro-de-mi-auto-aumenta-si-alguien-me-choca-1.webp","contentUrl":"https:\/\/ceolawyer.com\/espanol\/wp-content\/uploads\/sites\/2\/2024\/04\/El-seguro-de-mi-auto-aumenta-si-alguien-me-choca-1.webp","width":500,"height":333,"caption":"Una persona que documenta da\u00f1os a su veh\u00edculo despu\u00e9s de un accidente automovil\u00edstico para un reclamo de seguro."},{"@type":"BreadcrumbList","@id":"https:\/\/ceolawyer.com\/espanol\/faq\/ley-de-georgia\/accidente-automovilistico\/el-seguro-de-mi-auto-aumenta-si-alguien-me-choca\/#breadcrumb","itemListElement":[{"@type":"ListItem","position":1,"name":"Home","item":"https:\/\/ceolawyer.com\/espanol\/"},{"@type":"ListItem","position":2,"name":"FAQ","item":"https:\/\/ceolawyer.com\/espanol\/faq\/"},{"@type":"ListItem","position":3,"name":"Lesiones personales en Georgia FAQ","item":"https:\/\/ceolawyer.com\/espanol\/faq\/ley-de-georgia\/"},{"@type":"ListItem","position":4,"name":"\u00bfEl seguro de mi auto aumenta si alguien me choca?"}]},{"@type":"WebSite","@id":"https:\/\/ceolawyer.com\/espanol\/#website","url":"https:\/\/ceolawyer.com\/espanol\/","name":"CEO Lawyer","description":"Personal Injury Attorney","publisher":{"@id":"https:\/\/ceolawyer.com\/espanol\/#organization"},"potentialAction":[{"@type":"SearchAction","target":{"@type":"EntryPoint","urlTemplate":"https:\/\/ceolawyer.com\/espanol\/?s={search_term_string}"},"query-input":{"@type":"PropertyValueSpecification","valueRequired":true,"valueName":"search_term_string"}}],"inLanguage":"en-US"},{"@type":"Organization","@id":"https:\/\/ceolawyer.com\/espanol\/#organization","name":"CEO Lawyer","url":"https:\/\/ceolawyer.com\/espanol\/","logo":{"@type":"ImageObject","inLanguage":"en-US","@id":"https:\/\/ceolawyer.com\/espanol\/#\/schema\/logo\/image\/","url":"https:\/\/ceolawyer.com\/espanol\/wp-content\/uploads\/sites\/2\/2022\/05\/CEO_Logo.png","contentUrl":"https:\/\/ceolawyer.com\/espanol\/wp-content\/uploads\/sites\/2\/2022\/05\/CEO_Logo.png","width":200,"height":108,"caption":"CEO Lawyer"},"image":{"@id":"https:\/\/ceolawyer.com\/espanol\/#\/schema\/logo\/image\/"}}]}},"_links":{"self":[{"href":"https:\/\/ceolawyer.com\/espanol\/wp-json\/wp\/v2\/pages\/11862","targetHints":{"allow":["GET"]}}],"collection":[{"href":"https:\/\/ceolawyer.com\/espanol\/wp-json\/wp\/v2\/pages"}],"about":[{"href":"https:\/\/ceolawyer.com\/espanol\/wp-json\/wp\/v2\/types\/page"}],"author":[{"embeddable":true,"href":"https:\/\/ceolawyer.com\/espanol\/wp-json\/wp\/v2\/users\/18"}],"replies":[{"embeddable":true,"href":"https:\/\/ceolawyer.com\/espanol\/wp-json\/wp\/v2\/comments?post=11862"}],"version-history":[{"count":0,"href":"https:\/\/ceolawyer.com\/espanol\/wp-json\/wp\/v2\/pages\/11862\/revisions"}],"up":[{"embeddable":true,"href":"https:\/\/ceolawyer.com\/espanol\/wp-json\/wp\/v2\/pages\/13289"}],"wp:featuredmedia":[{"embeddable":true,"href":"https:\/\/ceolawyer.com\/espanol\/wp-json\/wp\/v2\/media\/11790"}],"wp:attachment":[{"href":"https:\/\/ceolawyer.com\/espanol\/wp-json\/wp\/v2\/media?parent=11862"}],"curies":[{"name":"wp","href":"https:\/\/api.w.org\/{rel}","templated":true}]}}