{"id":11874,"date":"2024-06-28T12:37:57","date_gmt":"2024-06-28T12:37:57","guid":{"rendered":"https:\/\/ceolawyer.com\/espanol\/?page_id=11874"},"modified":"2025-12-18T11:20:50","modified_gmt":"2025-12-18T11:20:50","slug":"accidentes-en-bicicleta","status":"publish","type":"page","link":"https:\/\/ceolawyer.com\/espanol\/abogado-de-lesiones-personales-acworth\/accidentes-en-bicicleta\/","title":{"rendered":"Abogado de accidentes en bicicleta en la ciudad de Acworth"},"content":{"rendered":"<p><img decoding=\"async\" class=\"alignright size-full wp-image-11876\" src=\"https:\/\/ceolawyer.com\/espanol\/wp-content\/uploads\/sites\/2\/2024\/06\/abogado-de-accidentes-en-bicicleta-en-la-ciudad-de-acworth.webp\" alt=\"Una bicicleta infantil con una cesta volcada tras un accidente en un cruce de peatonal.\" width=\"500\" height=\"300\" srcset=\"https:\/\/ceolawyer.com\/espanol\/wp-content\/uploads\/sites\/2\/2024\/06\/abogado-de-accidentes-en-bicicleta-en-la-ciudad-de-acworth.webp 500w, https:\/\/ceolawyer.com\/espanol\/wp-content\/uploads\/sites\/2\/2024\/06\/abogado-de-accidentes-en-bicicleta-en-la-ciudad-de-acworth-300x180.webp 300w\" sizes=\"(max-width: 500px) 100vw, 500px\" \/>No importa si usas la bicicleta para ir de un lugar a otro, por actividad f\u00edsica o por diversi\u00f3n. Cuando menos lo esperas, puedes encontrarte cara a cara con un coche, mirando un futuro con m\u00faltiples citas m\u00e9dicas, gastos y tiempo lejos de tu bicicleta. Aunque los conductores deben compartir la carretera y cumplir las normas de circulaci\u00f3n, a veces no buscan el tr\u00e1fico de ciclistas que pueda haber en la carretera con ellos. Como parte del \u00e1mbito de las lesiones personales, los accidentes de bicicleta tienen graves consecuencias tanto para la propiedad como para las personas involucradas. La situaci\u00f3n empeora cuando la parte negligente deja de cooperar. El equipo de CEO Lawyer Personal Injury Law Firm est\u00e1 listo para reunirse contigo y revisar tu caso. Deja que un abogado de accidentes de bicicleta te ayude. Programa tu consulta con nosotros y llama al <a href=\"tel:+14706138409\">(470) 613-8409<\/a>.<\/p>\n<h2>Lo importante de tener a un abogado experimentado en casos de accidentes de bicicleta de tu lado<\/h2>\n<p>Estar involucrado en un accidente de bicicleta puede ocurrir cuando menos lo esperas. El Centro para el Control de Enfermedades <a href=\"https:\/\/www.cdc.gov\/pedestrian-bike-safety\/about\/bicycle-safety.html\">informa de 130,000 accidentes de bicicleta en los EE. UU. cada a\u00f1o<\/a>, lo que cuesta a todas las partes m\u00e1s de $23 mil millones en da\u00f1os. Los casos de accidentes de bicicleta son m\u00e1s peligrosos de lo que la gente cree. El resultado causa lesiones graves que alteran la vida, da\u00f1os materiales sustanciales y, en el peor de los casos, muertes.<\/p>\n<p>Todo esto puede convertirse en un caso con matices delicados que puede resolverse mejor con la gu\u00eda de un abogado. Cuando eliges un equipo legal para defenderte est\u00e1s dando un paso hacia la recuperaci\u00f3n, ya que trabajar\u00e1n para asegurar la compensaci\u00f3n que tu caso merece. Un abogado de bicicletas tiene muchos a\u00f1os de experiencia, ha visto y resuelto casos similares; sabe qu\u00e9 esperar de las partes negligentes, las compa\u00f1\u00edas de seguros y los abogados. Del mismo modo, sabe c\u00f3mo manejar esas situaciones y superar los desaf\u00edos de negociar con partes no cooperativas.<\/p>\n<h2>Tipos de compensaci\u00f3n en casos de accidentes de bicicleta<\/h2>\n<p>Imagina un choque entre una persona y un auto que se acerca a alta velocidad. Desafortunadamente, no hay suficiente para proteger a la persona del veh\u00edculo que se aproxima, y su cuerpo, probablemente, ser\u00e1 golpeado por el coche, caer\u00e1 y rodar\u00e1 por el pavimento muchas veces, antes de que termine el accidente. La recuperaci\u00f3n de un accidente de esta magnitud no es nada sencilla. Con la necesidad continua de ayuda m\u00e9dica, cirug\u00eda, terapia y medicamentos, la cantidad adeudada en facturas m\u00e9dicas, sin duda, aumentar\u00e1 con el tiempo.<\/p>\n<p>Al trabajar con un abogado de accidentes de bicicleta, \u00e9l se encargar\u00e1 de reunir todas las pruebas relacionadas con tu caso, completar tu reporte y preparar un reclamo para presentarlo a la compa\u00f1\u00eda de seguros de la parte negligente. Es posible que veas algunos o todos los tipos de reclamaciones a continuaci\u00f3n:<\/p>\n<ul>\n<li><strong>Gastos m\u00e9dicos:<\/strong> las facturas m\u00e9dicas pueden acumularse r\u00e1pidamente despu\u00e9s de un accidente. Las lesiones pueden ser graves, incluyendo lesiones cerebrales, laceraciones, huesos rotos, entre otras, que pueden requerir cirug\u00eda y muchos meses de terapia continua.<\/li>\n<li><strong>Dolor y sufrimiento: <\/strong>las condiciones psicol\u00f3gicas como el TEPT y otros traumas, pueden impedir que el lesionado participe en sus actividades y rutinas diarias. Algunas v\u00edctimas tienen dificultades para completar sus tareas diarias o necesitan ayuda adicional de familiares o amigos, lo que genera angustia y otros problemas de salud mental.<\/li>\n<li><strong>P\u00e9rdida de ingresos y salarios:<\/strong> desde el tiempo libre necesario debido a las lesiones, hasta la atenci\u00f3n m\u00e9dica o el tiempo de recuperaci\u00f3n. Las v\u00edctimas tambi\u00e9n pueden enfrentarse a la p\u00e9rdida de ascensos y la capacidad de trabajar, si sus lesiones limitan su capacidad para realizar sus trabajos con \u00e9xito.<\/li>\n<li><strong>Da\u00f1os a la propiedad:<\/strong> da\u00f1os a todos los accesorios, como casco, ropa, tel\u00e9fono m\u00f3vil y la propia bicicleta. Las bicicletas pueden ser una forma de transporte m\u00e1s rentable, pero pueden costar cientos de d\u00f3lares.<\/li>\n<\/ul>\n<p>Si crees que falta una parte de tu reclamaci\u00f3n o ha aparecido una nueva lesi\u00f3n relacionada con tu accidente, llama, de inmediato, a nuestro equipo legal. Incluso las reclamaciones m\u00e1s peque\u00f1as, valen la pena solicitarlas, a una parte negligente; en muchos casos, en realidad pueden sumar un valor mucho mayor una vez que, un abogado con experiencia en lesiones personales, ha tenido la oportunidad de analizar el alcance completo de lo que se ha visto afectado.<\/p>\n<p>Los accidentes ocurren constantemente, pero si est\u00e1s en uno, no necesitas luchar solo cuando puedes trabajar con un equipo legal de tu lado. Su objetivo es confirmar que recibas la compensaci\u00f3n que tu caso merece a trav\u00e9s de pruebas, negociaci\u00f3n y representaci\u00f3n.<\/p>\n<h2>Causas comunes de accidentes de bicicleta en Acworth<\/h2>\n<p>Los accidentes de bicicleta pueden ocurrir en estacionamientos, vecindarios o intersecciones con mucho tr\u00e1fico. Como ciclista, debes hacer lo posible para evitar que ocurra un accidente, y eso se puede lograr siguiendo las normas de tr\u00e1nsito, usando se\u00f1ales y siempre vigilando tu entorno y los posibles peligros. Pero incluso cuando se consideran todos estos consejos, a veces es imposible evitar un accidente con un autom\u00f3vil. Los accidentes de bicicleta pueden convertirse r\u00e1pidamente en una tragedia.<\/p>\n<p>Las causas m\u00e1s comunes de estos accidentes en Acworth incluyen las siguientes:<\/p>\n<h3>Conductores distra\u00eddos<\/h3>\n<p>Como <a href=\"https:\/\/crashstats.nhtsa.dot.gov\/Api\/Public\/ViewPublication\/812927\">causa principal de accidentes automovil\u00edsticos<\/a> hoy en d\u00eda, los conductores distra\u00eddos est\u00e1n ocupados con sus tel\u00e9fonos celulares, enviando mensajes de texto, desconcentr\u00e1ndose y sin prestar atenci\u00f3n a lo que los rodea. La conducci\u00f3n distra\u00edda reduce o elimina los tiempos de reacci\u00f3n, demuestra falta de conciencia situacional y hace caso omiso de las personas que comparten la carretera contigo.<\/p>\n<h3>Ataques de perros<\/h3>\n<p>Los perros tienen una inclinaci\u00f3n natural a atacar objetos que se mueven r\u00e1pido, por lo que persiguen autom\u00f3viles, carteros e, incluso, ciclistas. Estos ataques de animales son impredecibles y pueden ocurrir en cualquier lugar, ya sea en una zona urbana o suburbana. Si bien no se puede hacer mucho para prevenir estos casos, los ciclistas deben saber que el due\u00f1o de un perro agresivo puede no estar cerca para controlar a su mascota. En estas situaciones, lo mejor que puedes hacer es bajarte de la bicicleta y colocarla entre t\u00fa y el animal.<\/p>\n<p>Llama a la polic\u00eda o al control de animales lo antes posible despu\u00e9s de una mordedura de perro. Luego puedes reclamar da\u00f1os a los due\u00f1os negligentes una vez que hayas buscado la atenci\u00f3n m\u00e9dica necesaria.<\/p>\n<h3>Giros con hueco<\/h3>\n<p>Los accidentes por &#8220;giro con hueco&#8221; involucran tr\u00e1fico detenido en un lado de la carretera, donde un conductor intenta hacer un giro a la izquierda entre la congesti\u00f3n para ingresar a otra carretera. El conductor que gira a la izquierda no se da cuenta de que alguien en bicicleta intenta pasar simult\u00e1neamente.<\/p>\n<p>El choque ocurre repentinamente, antes de que cualquiera de las partes se d\u00e9 cuenta de lo que est\u00e1 sucediendo y alguien resulta gravemente herido.<\/p>\n<h3>Giros a la izquierda en intersecciones<\/h3>\n<p>Muchas veces, los conductores giran a la izquierda atravesando el tr\u00e1fico de ciclistas que viene en sentido contrario, porque no vieron la bicicleta o calcularon mal el tiempo que tardar\u00edan en completar el giro. El ciclista puede ser golpeado por la parte delantera del veh\u00edculo, o chocar contra su costado, porque el conductor que giraba no cedi\u00f3 el paso.<\/p>\n<h3>Abrir la puerta de un auto<\/h3>\n<p>Los conductores que salen de sus autom\u00f3viles ignoran lo que los rodea, incluido el carril bici al lado de su lugar. Los carriles exclusivos para bicicletas, com\u00fanmente, se encuentran junto a los lugares de estacionamiento en la calle, lo que significa que si el conductor del autom\u00f3vil no mira antes de abrir la puerta, puede abrirla justo delante de un ciclista, haci\u00e9ndolo caer u oblig\u00e1ndolo a desviarse, para evitar el impacto. Estos actos de negligencia se vuelven fatales cuando los ciclistas son arrojados al tr\u00e1fico que viene en sentido contrario.<\/p>\n<h3>Choques traseros<\/h3>\n<p>Los choques por detr\u00e1s pueden causar r\u00e1pidamente lesiones terribles y da\u00f1os graves a la propiedad. Cuando un autom\u00f3vil se detiene repentinamente y un ciclista se estrella contra la parte trasera del autom\u00f3vil, ya corre el riesgo de sufrir fracturas de huesos, laceraciones y otras lesiones. Los choques traseros con otros autom\u00f3viles siguen siendo peligrosos, pero reducen las lesiones, porque los pasajeros est\u00e1n protegidos por el autom\u00f3vil en el que se encuentran. Sin embargo, cuando ocurre una colisi\u00f3n entre un autom\u00f3vil y una bicicleta, los resultados se vuelven catastr\u00f3ficos.<\/p>\n<h3>Impacto lateral<\/h3>\n<p>Los accidentes por impacto lateral ocurren cuando los autom\u00f3viles conducen demasiado cerca de los ciclistas. Seg\u00fan la ley del estado de Illinois, los automovilistas siempre deben mantener una \u00a0 incluso cuando comparten o rebasan un carril mientras conducen. Los conductores deben tener mucho cuidado al conducir cerca de los ciclistas; los ciclistas deben circular lo m\u00e1s cerca posible del borde de la carretera para estar a salvo de los conductores distra\u00eddos.<\/p>\n<h2>\u00bfQu\u00e9 pueden hacer los ciclistas para prevenir accidentes?<\/h2>\n<p>Aunque a veces no hay mucho que pueda prevenir un accidente, un ciclista puede incorporar estos consejos para ayudar a minimizar las lesiones y aumentar su visibilidad al compartir la carretera:<\/p>\n<ul>\n<li>Usa un casco que te quede bien.<\/li>\n<li>Usa ropa fluorescente para aumentar la visibilidad durante el d\u00eda.<\/li>\n<li>Usa ropa retrorreflectante o utiliza el material en la bicicleta para aumentar la visibilidad nocturna.<\/li>\n<li>A\u00f1ade iluminaci\u00f3n activa a tu bicicleta.<\/li>\n<li>Monta a una velocidad adecuada.<\/li>\n<li>Sigue las normas de circulaci\u00f3n y las se\u00f1ales de tr\u00e1fico.<\/li>\n<li>Utiliza los carriles bici siempre que est\u00e9n disponibles.<\/li>\n<\/ul>\n<p>Estas medidas te protegen tanto a ti, como a los dem\u00e1s, ya que, en caso de que ocurra un accidente, no tendr\u00e1s la culpa.<\/p>\n<h2>Busca la ayuda de una firma de abogados que atiende casos de accidentes de bicicleta en Acworth<\/h2>\n<p>Los accidentes de bicicleta deben ser tomados en serio por todos los involucrados. Un bufete de abogados de accidentes de bicicleta en Acworth puede ayudarte a obtener el apoyo y la representaci\u00f3n que necesitas para recibir la compensaci\u00f3n que tu caso merece. En CEO Lawyer Personal Injury Law Firm, nuestro equipo legal est\u00e1 listo para mostrarte c\u00f3mo puede ayudarte. Con una larga trayectoria, tenacidad y dedicaci\u00f3n, trabajar\u00e1 contigo para construir tu reclamaci\u00f3n y probar los da\u00f1os que sufriste con evidencia que lo respalde. Perm\u00edtenos mostrarte c\u00f3mo podemos ayudarte. <a href=\"https:\/\/ceolawyer.com\/espanol\/contacto-con-nosotros\/\">Llena nuestro formulario<\/a> o ll\u00e1manos hoy al <a href=\"tel:+14706138422\">(470) 613-8422<\/a>. Programa una consulta gratuita para conocer tus opciones legales. Nuestro equipo est\u00e1 aqu\u00ed para darte claridad, estrategia y una defensa real.<\/p>\n","protected":false},"excerpt":{"rendered":"<p>No importa si usas la bicicleta para ir de un lugar a otro, por actividad f\u00edsica o por diversi\u00f3n. Cuando menos lo esperas, puedes encontrarte cara a cara con un coche, mirando un futuro con m\u00faltiples citas m\u00e9dicas, gastos y tiempo lejos de tu bicicleta. Aunque los conductores deben compartir la carretera y cumplir las [&hellip;]<\/p>\n","protected":false},"author":18,"featured_media":11876,"parent":7603,"menu_order":0,"comment_status":"closed","ping_status":"closed","template":"","meta":{"_acf_changed":false,"footnotes":""},"class_list":["post-11874","page","type-page","status-publish","has-post-thumbnail","hentry"],"acf":[],"yoast_head":"<!-- This site is optimized with the Yoast SEO plugin v27.4 - https:\/\/yoast.com\/product\/yoast-seo-wordpress\/ -->\n<title>Abogado de accidentes en bicicleta en la ciudad de Acworth | CEO Lawyer<\/title>\n<meta name=\"description\" content=\"En Acworth, CEO Lawyer Personal Injury Law Firm tiene los abogados de accidentes de bicicleta que usted necesita para obtener la m\u00e1xima compensaci\u00f3n de su reclamo. Llame al (470) 323-8779.\" \/>\n<meta name=\"robots\" content=\"index, follow, max-snippet:-1, max-image-preview:large, max-video-preview:-1\" \/>\n<link rel=\"canonical\" href=\"https:\/\/ceolawyer.com\/espanol\/abogado-de-lesiones-personales-acworth\/accidentes-en-bicicleta\/\" \/>\n<meta property=\"og:locale\" content=\"en_US\" \/>\n<meta property=\"og:type\" content=\"article\" \/>\n<meta property=\"og:title\" content=\"Abogado de accidentes en bicicleta en la ciudad de Acworth | CEO Lawyer\" \/>\n<meta property=\"og:description\" content=\"En Acworth, CEO Lawyer Personal Injury Law Firm tiene los abogados de accidentes de bicicleta que usted necesita para obtener la m\u00e1xima compensaci\u00f3n de su reclamo. Llame al (470) 323-8779.\" \/>\n<meta property=\"og:url\" content=\"https:\/\/ceolawyer.com\/espanol\/abogado-de-lesiones-personales-acworth\/accidentes-en-bicicleta\/\" \/>\n<meta property=\"og:site_name\" content=\"CEO Lawyer\" \/>\n<meta property=\"article:modified_time\" content=\"2025-12-18T11:20:50+00:00\" \/>\n<meta property=\"og:image\" content=\"https:\/\/ceolawyer.com\/espanol\/wp-content\/uploads\/sites\/2\/2024\/06\/abogado-de-accidentes-en-bicicleta-en-la-ciudad-de-acworth.webp\" \/>\n\t<meta property=\"og:image:width\" content=\"500\" \/>\n\t<meta property=\"og:image:height\" content=\"300\" \/>\n\t<meta property=\"og:image:type\" content=\"image\/webp\" \/>\n<meta name=\"twitter:card\" content=\"summary_large_image\" \/>\n<meta name=\"twitter:label1\" content=\"Est. reading time\" \/>\n\t<meta name=\"twitter:data1\" content=\"8 minutes\" \/>\n<script type=\"application\/ld+json\" class=\"yoast-schema-graph\">{\"@context\":\"https:\\\/\\\/schema.org\",\"@graph\":[{\"@type\":\"WebPage\",\"@id\":\"https:\\\/\\\/ceolawyer.com\\\/espanol\\\/abogado-de-lesiones-personales-acworth\\\/accidentes-en-bicicleta\\\/\",\"url\":\"https:\\\/\\\/ceolawyer.com\\\/espanol\\\/abogado-de-lesiones-personales-acworth\\\/accidentes-en-bicicleta\\\/\",\"name\":\"Abogado de accidentes en bicicleta en la ciudad de Acworth | CEO Lawyer\",\"isPartOf\":{\"@id\":\"https:\\\/\\\/ceolawyer.com\\\/espanol\\\/#website\"},\"primaryImageOfPage\":{\"@id\":\"https:\\\/\\\/ceolawyer.com\\\/espanol\\\/abogado-de-lesiones-personales-acworth\\\/accidentes-en-bicicleta\\\/#primaryimage\"},\"image\":{\"@id\":\"https:\\\/\\\/ceolawyer.com\\\/espanol\\\/abogado-de-lesiones-personales-acworth\\\/accidentes-en-bicicleta\\\/#primaryimage\"},\"thumbnailUrl\":\"https:\\\/\\\/ceolawyer.com\\\/espanol\\\/wp-content\\\/uploads\\\/sites\\\/2\\\/2024\\\/06\\\/abogado-de-accidentes-en-bicicleta-en-la-ciudad-de-acworth.webp\",\"datePublished\":\"2024-06-28T12:37:57+00:00\",\"dateModified\":\"2025-12-18T11:20:50+00:00\",\"description\":\"En Acworth, CEO Lawyer Personal Injury Law Firm tiene los abogados de accidentes de bicicleta que usted necesita para obtener la m\u00e1xima compensaci\u00f3n de su reclamo. Llame al (470) 323-8779.\",\"breadcrumb\":{\"@id\":\"https:\\\/\\\/ceolawyer.com\\\/espanol\\\/abogado-de-lesiones-personales-acworth\\\/accidentes-en-bicicleta\\\/#breadcrumb\"},\"inLanguage\":\"en-US\",\"potentialAction\":[{\"@type\":\"ReadAction\",\"target\":[\"https:\\\/\\\/ceolawyer.com\\\/espanol\\\/abogado-de-lesiones-personales-acworth\\\/accidentes-en-bicicleta\\\/\"]}]},{\"@type\":\"ImageObject\",\"inLanguage\":\"en-US\",\"@id\":\"https:\\\/\\\/ceolawyer.com\\\/espanol\\\/abogado-de-lesiones-personales-acworth\\\/accidentes-en-bicicleta\\\/#primaryimage\",\"url\":\"https:\\\/\\\/ceolawyer.com\\\/espanol\\\/wp-content\\\/uploads\\\/sites\\\/2\\\/2024\\\/06\\\/abogado-de-accidentes-en-bicicleta-en-la-ciudad-de-acworth.webp\",\"contentUrl\":\"https:\\\/\\\/ceolawyer.com\\\/espanol\\\/wp-content\\\/uploads\\\/sites\\\/2\\\/2024\\\/06\\\/abogado-de-accidentes-en-bicicleta-en-la-ciudad-de-acworth.webp\",\"width\":500,\"height\":300,\"caption\":\"Una bicicleta infantil con una cesta volcada tras un accidente en un cruce de peatonal.\"},{\"@type\":\"BreadcrumbList\",\"@id\":\"https:\\\/\\\/ceolawyer.com\\\/espanol\\\/abogado-de-lesiones-personales-acworth\\\/accidentes-en-bicicleta\\\/#breadcrumb\",\"itemListElement\":[{\"@type\":\"ListItem\",\"position\":1,\"name\":\"Home\",\"item\":\"https:\\\/\\\/ceolawyer.com\\\/espanol\\\/\"},{\"@type\":\"ListItem\",\"position\":2,\"name\":\"Abogado de lesiones personales en Acworth\",\"item\":\"https:\\\/\\\/ceolawyer.com\\\/espanol\\\/abogado-de-lesiones-personales-acworth\\\/\"},{\"@type\":\"ListItem\",\"position\":3,\"name\":\"Abogado de accidentes en bicicleta en la ciudad de Acworth\"}]},{\"@type\":\"WebSite\",\"@id\":\"https:\\\/\\\/ceolawyer.com\\\/espanol\\\/#website\",\"url\":\"https:\\\/\\\/ceolawyer.com\\\/espanol\\\/\",\"name\":\"CEO Lawyer\",\"description\":\"Personal Injury Attorney\",\"publisher\":{\"@id\":\"https:\\\/\\\/ceolawyer.com\\\/espanol\\\/#organization\"},\"potentialAction\":[{\"@type\":\"SearchAction\",\"target\":{\"@type\":\"EntryPoint\",\"urlTemplate\":\"https:\\\/\\\/ceolawyer.com\\\/espanol\\\/?s={search_term_string}\"},\"query-input\":{\"@type\":\"PropertyValueSpecification\",\"valueRequired\":true,\"valueName\":\"search_term_string\"}}],\"inLanguage\":\"en-US\"},{\"@type\":\"Organization\",\"@id\":\"https:\\\/\\\/ceolawyer.com\\\/espanol\\\/#organization\",\"name\":\"CEO Lawyer\",\"url\":\"https:\\\/\\\/ceolawyer.com\\\/espanol\\\/\",\"logo\":{\"@type\":\"ImageObject\",\"inLanguage\":\"en-US\",\"@id\":\"https:\\\/\\\/ceolawyer.com\\\/espanol\\\/#\\\/schema\\\/logo\\\/image\\\/\",\"url\":\"https:\\\/\\\/ceolawyer.com\\\/espanol\\\/wp-content\\\/uploads\\\/sites\\\/2\\\/2022\\\/05\\\/CEO_Logo.png\",\"contentUrl\":\"https:\\\/\\\/ceolawyer.com\\\/espanol\\\/wp-content\\\/uploads\\\/sites\\\/2\\\/2022\\\/05\\\/CEO_Logo.png\",\"width\":200,\"height\":108,\"caption\":\"CEO Lawyer\"},\"image\":{\"@id\":\"https:\\\/\\\/ceolawyer.com\\\/espanol\\\/#\\\/schema\\\/logo\\\/image\\\/\"}}]}<\/script>\n<!-- \/ Yoast SEO plugin. -->","yoast_head_json":{"title":"Abogado de accidentes en bicicleta en la ciudad de Acworth | CEO Lawyer","description":"En Acworth, CEO Lawyer Personal Injury Law Firm tiene los abogados de accidentes de bicicleta que usted necesita para obtener la m\u00e1xima compensaci\u00f3n de su reclamo. Llame al (470) 323-8779.","robots":{"index":"index","follow":"follow","max-snippet":"max-snippet:-1","max-image-preview":"max-image-preview:large","max-video-preview":"max-video-preview:-1"},"canonical":"https:\/\/ceolawyer.com\/espanol\/abogado-de-lesiones-personales-acworth\/accidentes-en-bicicleta\/","og_locale":"en_US","og_type":"article","og_title":"Abogado de accidentes en bicicleta en la ciudad de Acworth | CEO Lawyer","og_description":"En Acworth, CEO Lawyer Personal Injury Law Firm tiene los abogados de accidentes de bicicleta que usted necesita para obtener la m\u00e1xima compensaci\u00f3n de su reclamo. Llame al (470) 323-8779.","og_url":"https:\/\/ceolawyer.com\/espanol\/abogado-de-lesiones-personales-acworth\/accidentes-en-bicicleta\/","og_site_name":"CEO Lawyer","article_modified_time":"2025-12-18T11:20:50+00:00","og_image":[{"width":500,"height":300,"url":"https:\/\/ceolawyer.com\/espanol\/wp-content\/uploads\/sites\/2\/2024\/06\/abogado-de-accidentes-en-bicicleta-en-la-ciudad-de-acworth.webp","type":"image\/webp"}],"twitter_card":"summary_large_image","twitter_misc":{"Est. reading time":"8 minutes"},"schema":{"@context":"https:\/\/schema.org","@graph":[{"@type":"WebPage","@id":"https:\/\/ceolawyer.com\/espanol\/abogado-de-lesiones-personales-acworth\/accidentes-en-bicicleta\/","url":"https:\/\/ceolawyer.com\/espanol\/abogado-de-lesiones-personales-acworth\/accidentes-en-bicicleta\/","name":"Abogado de accidentes en bicicleta en la ciudad de Acworth | CEO Lawyer","isPartOf":{"@id":"https:\/\/ceolawyer.com\/espanol\/#website"},"primaryImageOfPage":{"@id":"https:\/\/ceolawyer.com\/espanol\/abogado-de-lesiones-personales-acworth\/accidentes-en-bicicleta\/#primaryimage"},"image":{"@id":"https:\/\/ceolawyer.com\/espanol\/abogado-de-lesiones-personales-acworth\/accidentes-en-bicicleta\/#primaryimage"},"thumbnailUrl":"https:\/\/ceolawyer.com\/espanol\/wp-content\/uploads\/sites\/2\/2024\/06\/abogado-de-accidentes-en-bicicleta-en-la-ciudad-de-acworth.webp","datePublished":"2024-06-28T12:37:57+00:00","dateModified":"2025-12-18T11:20:50+00:00","description":"En Acworth, CEO Lawyer Personal Injury Law Firm tiene los abogados de accidentes de bicicleta que usted necesita para obtener la m\u00e1xima compensaci\u00f3n de su reclamo. Llame al (470) 323-8779.","breadcrumb":{"@id":"https:\/\/ceolawyer.com\/espanol\/abogado-de-lesiones-personales-acworth\/accidentes-en-bicicleta\/#breadcrumb"},"inLanguage":"en-US","potentialAction":[{"@type":"ReadAction","target":["https:\/\/ceolawyer.com\/espanol\/abogado-de-lesiones-personales-acworth\/accidentes-en-bicicleta\/"]}]},{"@type":"ImageObject","inLanguage":"en-US","@id":"https:\/\/ceolawyer.com\/espanol\/abogado-de-lesiones-personales-acworth\/accidentes-en-bicicleta\/#primaryimage","url":"https:\/\/ceolawyer.com\/espanol\/wp-content\/uploads\/sites\/2\/2024\/06\/abogado-de-accidentes-en-bicicleta-en-la-ciudad-de-acworth.webp","contentUrl":"https:\/\/ceolawyer.com\/espanol\/wp-content\/uploads\/sites\/2\/2024\/06\/abogado-de-accidentes-en-bicicleta-en-la-ciudad-de-acworth.webp","width":500,"height":300,"caption":"Una bicicleta infantil con una cesta volcada tras un accidente en un cruce de peatonal."},{"@type":"BreadcrumbList","@id":"https:\/\/ceolawyer.com\/espanol\/abogado-de-lesiones-personales-acworth\/accidentes-en-bicicleta\/#breadcrumb","itemListElement":[{"@type":"ListItem","position":1,"name":"Home","item":"https:\/\/ceolawyer.com\/espanol\/"},{"@type":"ListItem","position":2,"name":"Abogado de lesiones personales en Acworth","item":"https:\/\/ceolawyer.com\/espanol\/abogado-de-lesiones-personales-acworth\/"},{"@type":"ListItem","position":3,"name":"Abogado de accidentes en bicicleta en la ciudad de Acworth"}]},{"@type":"WebSite","@id":"https:\/\/ceolawyer.com\/espanol\/#website","url":"https:\/\/ceolawyer.com\/espanol\/","name":"CEO Lawyer","description":"Personal Injury Attorney","publisher":{"@id":"https:\/\/ceolawyer.com\/espanol\/#organization"},"potentialAction":[{"@type":"SearchAction","target":{"@type":"EntryPoint","urlTemplate":"https:\/\/ceolawyer.com\/espanol\/?s={search_term_string}"},"query-input":{"@type":"PropertyValueSpecification","valueRequired":true,"valueName":"search_term_string"}}],"inLanguage":"en-US"},{"@type":"Organization","@id":"https:\/\/ceolawyer.com\/espanol\/#organization","name":"CEO Lawyer","url":"https:\/\/ceolawyer.com\/espanol\/","logo":{"@type":"ImageObject","inLanguage":"en-US","@id":"https:\/\/ceolawyer.com\/espanol\/#\/schema\/logo\/image\/","url":"https:\/\/ceolawyer.com\/espanol\/wp-content\/uploads\/sites\/2\/2022\/05\/CEO_Logo.png","contentUrl":"https:\/\/ceolawyer.com\/espanol\/wp-content\/uploads\/sites\/2\/2022\/05\/CEO_Logo.png","width":200,"height":108,"caption":"CEO Lawyer"},"image":{"@id":"https:\/\/ceolawyer.com\/espanol\/#\/schema\/logo\/image\/"}}]}},"_links":{"self":[{"href":"https:\/\/ceolawyer.com\/espanol\/wp-json\/wp\/v2\/pages\/11874","targetHints":{"allow":["GET"]}}],"collection":[{"href":"https:\/\/ceolawyer.com\/espanol\/wp-json\/wp\/v2\/pages"}],"about":[{"href":"https:\/\/ceolawyer.com\/espanol\/wp-json\/wp\/v2\/types\/page"}],"author":[{"embeddable":true,"href":"https:\/\/ceolawyer.com\/espanol\/wp-json\/wp\/v2\/users\/18"}],"replies":[{"embeddable":true,"href":"https:\/\/ceolawyer.com\/espanol\/wp-json\/wp\/v2\/comments?post=11874"}],"version-history":[{"count":0,"href":"https:\/\/ceolawyer.com\/espanol\/wp-json\/wp\/v2\/pages\/11874\/revisions"}],"up":[{"embeddable":true,"href":"https:\/\/ceolawyer.com\/espanol\/wp-json\/wp\/v2\/pages\/7603"}],"wp:featuredmedia":[{"embeddable":true,"href":"https:\/\/ceolawyer.com\/espanol\/wp-json\/wp\/v2\/media\/11876"}],"wp:attachment":[{"href":"https:\/\/ceolawyer.com\/espanol\/wp-json\/wp\/v2\/media?parent=11874"}],"curies":[{"name":"wp","href":"https:\/\/api.w.org\/{rel}","templated":true}]}}