{"id":11884,"date":"2024-06-28T13:10:10","date_gmt":"2024-06-28T13:10:10","guid":{"rendered":"https:\/\/ceolawyer.com\/espanol\/?page_id=11884"},"modified":"2025-12-18T11:39:53","modified_gmt":"2025-12-18T11:39:53","slug":"conduccion-en-estado-de-ebriedad","status":"publish","type":"page","link":"https:\/\/ceolawyer.com\/espanol\/abogado-de-lesiones-personales-acworth\/conduccion-en-estado-de-ebriedad\/","title":{"rendered":"Abogado especialista en conducci\u00f3n en estado de ebriedad de Acworth"},"content":{"rendered":"<p><img decoding=\"async\" class=\"alignright size-full wp-image-11886\" src=\"https:\/\/ceolawyer.com\/espanol\/wp-content\/uploads\/sites\/2\/2024\/06\/abogado-especialista-en-conduccion-en-estado-de-ebriedad-de-acworth.webp\" alt=\"Un hombre en el asiento del conductor de su auto viendo un alcohol\u00edmetro que est\u00e1 a punto de utilizar.\" width=\"500\" height=\"300\" srcset=\"https:\/\/ceolawyer.com\/espanol\/wp-content\/uploads\/sites\/2\/2024\/06\/abogado-especialista-en-conduccion-en-estado-de-ebriedad-de-acworth.webp 500w, https:\/\/ceolawyer.com\/espanol\/wp-content\/uploads\/sites\/2\/2024\/06\/abogado-especialista-en-conduccion-en-estado-de-ebriedad-de-acworth-300x180.webp 300w\" sizes=\"(max-width: 500px) 100vw, 500px\" \/>Si has sido v\u00edctima de un accidente con un conductor ebrio, el equipo legal de CEO Lawyer Personal Injury Law Firm puede ayudarte. El equipo de nuestra firma ha servido diligentemente a la comunidad durante a\u00f1os y ha llevado innumerables casos representando a ciudadanos de Acworth como t\u00fa. Un caso de conducci\u00f3n en estado de ebriedad puede estar lleno de investigaciones desafiantes, especialmente, cuando se trata de lograr que la parte negligente admita su responsabilidad, pero CEO Lawyer Personal Injury Law Firm puede defender tus intereses legales y tu derecho a buscar una compensaci\u00f3n en el camino.<\/p>\n<p>Durante una reuni\u00f3n inicial, podemos ayudarte a comprender los detalles espec\u00edficos de tu caso, trazar un curso de acci\u00f3n general para presentar tu reclamo y darte la oportunidad de hacer cualquier pregunta legal apremiante que puedas tener. Para programar tu revisi\u00f3n de caso y consulta gratuita, llama al <a href=\"tel:+14706138409\">(470) 613-8409<\/a> o cont\u00e1ctanos en l\u00ednea hoy mismo.<\/p>\n<h2>\u00bfC\u00f3mo puede un abogado de accidentes por conducir ebrio en Acworth proteger tu reclamo por lesiones personales?<\/h2>\n<p>Cada a\u00f1o, m\u00e1s de <a href=\"https:\/\/www.samhsa.gov\/data\/sites\/default\/files\/report_2688\/ShortReport-2688.html\">1 mill\u00f3n de personas<\/a> son arrestadas por conducir bajo la influencia. Todos compartimos la carretera y, en ocasiones, eso significa entrar en contacto con conductores imprudentes e irresponsables. Conducir bajo la influencia es uno de los mayores peligros para los automovilistas en la carretera, causando un accidente fatal en <a href=\"https:\/\/www.nhtsa.gov\/risky-driving\/drunk-driving#:~:text=Overview,one%20person%20every%2039%20minutes.\">promedio cada 39 minutos<\/a>.<\/p>\n<p>Si bien conducir bajo la influencia es un delito en todos los estados, el efecto del alcohol de limitar las inhibiciones, puede dificultar que los conductores intoxicados encuentren un momento de claridad y dejen las llaves. Es posible que una persona intoxicada sea incapaz de identificar si es un peligro para la sociedad debido a un juicio nublado, pero eso no la hace menos responsable de los da\u00f1os causados por su negligencia. No reconocer cu\u00e1ndo es suficiente no es excusa para poner en peligro la vida de todos en la carretera. Cuando ocurre un accidente, el conductor negligente debe ser considerado responsable.<\/p>\n<p>Un accidente es naturalmente aterrador de soportar, pero un encuentro con un conductor ebrio a\u00f1ade un nivel completamente nuevo de estr\u00e9s y frustraci\u00f3n a la experiencia. Sufrir un accidente automovil\u00edstico ya deja a la v\u00edctima con nuevas deudas y gastos, por lo que las v\u00edctimas querr\u00e1n buscar una manera de obtener una compensaci\u00f3n sin ocupar m\u00e1s de su valioso tiempo y energ\u00eda. Puedes apoyarte en el conocimiento, las experiencias pasadas y los recursos de un <a href=\"https:\/\/ceolawyer.com\/acworth-personal-injury\/car-accident-lawyer\/\">equipo legal de accidentes de auto que brinde servicios en Acworth<\/a>, en lugar de tener que encargarte t\u00fa solo de todos los aspectos de la recuperaci\u00f3n. Los servicios que ofrece nuestro abogado se proporcionar\u00e1n de forma exclusiva para que se adapten mejor a tu caso, pero, en general, puedes contar con tu abogado de lesiones personales para tareas que incluyen:<\/p>\n<ul>\n<li><strong>Organizar toda la documentaci\u00f3n recopilada:<\/strong> Cualquier tipo de accidente puede dejar a la v\u00edctima con una gran cantidad de papeleo. Cuando un conductor ebrio est\u00e1 involucrado, puede haber a\u00fan m\u00e1s. Desde informes policiales y declaraciones de testigos hasta evaluaciones m\u00e9dicas e informes toxicol\u00f3gicos, tu abogado puede revisar toda la documentaci\u00f3n recopilada y ayudarte a organizarla para aprovechar al m\u00e1ximo cada documento.<\/li>\n<li><strong>Gestionar la comunicaci\u00f3n con todas las partes externas:<\/strong> Para resolver una reclamaci\u00f3n por lesiones personales, todas las partes deben poder comunicarse de manera efectiva. Puede ser un desaf\u00edo para la v\u00edctima de un accidente sentirse c\u00f3moda relatando su experiencia una y otra vez, pero un abogado puede tomar el control y hablar en nombre de la v\u00edctima durante todo el litigio, adem\u00e1s de estar all\u00ed para apoyar y ayudar en los momentos en que debas estar presente.<\/li>\n<li><strong>Ayudarte a comprender las leyes, regulaciones y mejores pr\u00e1cticas en torno a tu caso:<\/strong> Cada estado tiene leyes diferentes sobre c\u00f3mo proceder con las reclamaciones por lesiones personales y, m\u00e1s espec\u00edficamente, con las reclamaciones por conducci\u00f3n en estado de ebriedad. Un abogado puede ayudarte a trazar los estatutos importantes que pueden afectar tu caso, as\u00ed como a elaborar un plan de acci\u00f3n para representar tus mejores intereses durante todo el litigio.<\/li>\n<li><strong>Investigar tu accidente, incluida una evaluaci\u00f3n exhaustiva de las reclamaciones de negligencia:<\/strong> Al analizar todos los datos recopilados del accidente, un abogado puede detectar peque\u00f1os detalles que otra persona podr\u00eda pasar por alto. La experiencia y el conocimiento de un abogado pueden hacer que este paso sea m\u00e1s eficiente, lo que te permitir\u00e1 dedicar tiempo a algo m\u00e1s importante, como el proceso de curaci\u00f3n.<\/li>\n<li><strong>Negociar en tu nombre:<\/strong> Uno de los aspectos m\u00e1s desafiantes de cualquier reclamaci\u00f3n por lesiones personales es presentar una cifra de acuerdo y luchar por su valor. Tu abogado puede encargarse de esta tarea abrumadora represent\u00e1ndote en las negociaciones y utilizando la informaci\u00f3n de los pasos anteriores del proceso de reclamaci\u00f3n para dirigir la conversaci\u00f3n.<\/li>\n<\/ul>\n<h2>\u00bfCu\u00e1les son los da\u00f1os recuperables despu\u00e9s de un accidente por conducir ebrio en Acworth?<\/h2>\n<p>Un acuerdo compensatorio despu\u00e9s de un accidente por conducir ebrio incluir\u00e1 da\u00f1os separados en m\u00faltiples categor\u00edas. Los da\u00f1os compensatorios se refieren a todos los da\u00f1os, monetarios y no monetarios, que una v\u00edctima ha sufrido como resultado del accidente. Este tipo de acuerdo se otorga para ayudar a las v\u00edctimas a recuperar sus p\u00e9rdidas financieras. Los gastos m\u00e9dicos, el costo del tratamiento continuo, la p\u00e9rdida de salarios o la capacidad de trabajar, el dolor y el sufrimiento, la p\u00e9rdida de compa\u00f1\u00eda y la angustia mental, son ejemplos de da\u00f1os compensatorios.<\/p>\n<p>En algunas reclamaciones por lesiones personales, incluidos los casos de conducci\u00f3n en estado de ebriedad, se puede otorgar un tipo \u00fanico de da\u00f1os a las v\u00edctimas para dar un ejemplo de las acciones negligentes, mostradas por el conductor ebrio. Los da\u00f1os punitivos se otorgan al final de ciertos juicios con jurado, como elemento disuasorio, para la conducci\u00f3n en estado de ebriedad, y aunque Georgia tiene un l\u00edmite de $250,000 d\u00f3lares en da\u00f1os punitivos, no se aplica cuando el juicio de la parte responsable est\u00e1 sustancialmente afectado en el momento del accidente. Si est\u00e1s involucrado en un caso as\u00ed, consultar con un <a href=\"https:\/\/ceolawyer.com\/acworth-personal-injury\/\">equipo legal de lesiones personales que atienda casos en Acworth<\/a> puede proporcionar orientaci\u00f3n adaptada a tu situaci\u00f3n.<\/p>\n<h2>\u00bfC\u00f3mo se determina el estado de ebriedad?<\/h2>\n<p>Las autoridades policiales son responsables de determinar si un conductor est\u00e1 operando un veh\u00edculo bajo la influencia, y esto se puede hacer de varias maneras dependiendo de c\u00f3mo el oficial eval\u00fae la situaci\u00f3n. El umbral de deterioro es de 0.08% de BAC en Georgia, pero en Acworth y en otros lugares, los oficiales de polic\u00eda tienen la facultad de arrestar a los conductores incluso si su BAC es inferior al l\u00edmite legal si demuestran ser un peligro para s\u00ed mismos o para otros.<\/p>\n<p>Para determinar si un automovilista est\u00e1 conduciendo ebrio, un oficial puede usar tres m\u00e9todos:<\/p>\n<ul>\n<li><strong>Observaci\u00f3n general:<\/strong> Los oficiales de polic\u00eda est\u00e1n capacitados para identificar signos de un conductor ebrio, como pupilas vidriosas, habla arrastrada y, por supuesto, conducci\u00f3n imprudente.<\/li>\n<li><strong>Prueba de sobriedad de campo:<\/strong> Hay muchas pruebas, como las pruebas de Caminar en L\u00ednea Recta y Pararse en una Pierna, que los oficiales utilizan para evaluar el equilibrio y el control.<\/li>\n<li><strong>Prueba de alcoholemia:<\/strong> Finalmente, la prueba m\u00e1s precisa es aquella en la que una persona sopla en el dispositivo para que lea su BAC. Sin embargo, esta prueba puede no ser precisa para una persona discapacitada o alguien con ciertas afecciones neurol\u00f3gicas.<\/li>\n<\/ul>\n<h2>\u00bfQu\u00e9 debes hacer despu\u00e9s de un accidente con un conductor ebrio?<\/h2>\n<p>La v\u00edctima de un accidente debe seguir de cerca estos pasos para proteger no solo su bienestar, sino tambi\u00e9n la validez de su reclamaci\u00f3n de seguro m\u00e1s adelante:<\/p>\n<ul>\n<li><strong>Busca atenci\u00f3n m\u00e9dica:<\/strong> Despu\u00e9s de un accidente, lo m\u00e1s importante que debes hacer es cuidar tu salud f\u00edsica. Consulta a un profesional m\u00e9dico para que eval\u00fae todas y cada una de las lesiones antes de seguir con tu d\u00eda. Si se desarrollan nuevas lesiones horas despu\u00e9s del accidente, no dudes en consultar a un m\u00e9dico.<\/li>\n<li><strong>Contacta a las autoridades policiales:<\/strong> La polic\u00eda puede elaborar un informe de accidente adecuado e incluso realizar un arresto en el lugar en algunos casos de accidentes por conducir en estado de ebriedad. Un conductor debe comunicarse con las autoridades correspondientes, siempre que note a un conductor intoxicado en la carretera, para mantener a los oficiales alerta ante situaciones como accidentes.<\/li>\n<li><strong>Documenta los detalles del accidente junto con la recuperaci\u00f3n:<\/strong> Las escenas de accidentes generalmente se limpian pocas horas despu\u00e9s de la colisi\u00f3n, por lo que, si eres f\u00edsicamente capaz, tomar fotos y videos de la escena puede ser fundamental para reconstruir los hechos. Tambi\u00e9n es esencial que la v\u00edctima documente sus lesiones y el proceso de recuperaci\u00f3n, ya que esto puede enfatizar el impacto del evento para representantes como los ajustadores de seguros.<\/li>\n<li><strong>Encuentra testigos:<\/strong> A menudo, la escena de un accidente llamar\u00e1 la atenci\u00f3n y, en \u00faltima instancia, atraer\u00e1 a testigos. Si tienes los medios para hacerlo, pedirle a un testigo que se quede para hacer una declaraci\u00f3n o pedirle su informaci\u00f3n de contacto para transmitirla a la polic\u00eda, puede agregar una perspectiva valiosa e imparcial a la escena. Existe la posibilidad de que se hayan realizado llamadas al 911 antes del accidente con respecto al conductor ebrio, que la polic\u00eda tambi\u00e9n puede utilizar para su investigaci\u00f3n.<\/li>\n<li><strong>Nunca descuides la atenci\u00f3n de seguimiento:<\/strong> Un ajustador de seguros puede utilizar cualquier detalle que considere oportuno para socavar el valor de una reclamaci\u00f3n. Es crucial que una v\u00edctima de un accidente siga los cuidados, como la rehabilitaci\u00f3n f\u00edsica, para demostrar un esfuerzo de buena fe para recuperarse. Si descuidas tu recuperaci\u00f3n, podr\u00edas estar saboteando tu reclamaci\u00f3n por accidente de conducci\u00f3n en estado de ebriedad en Acworth.<\/li>\n<\/ul>\n<h2>Contacta a un equipo legal de accidentes causado por conductores ebrios que brinde servicio en Acworth<\/h2>\n<p>Un accidente es una experiencia abrumadora que puede dejar a la v\u00edctima confundida e insegura sobre sus pr\u00f3ximos pasos, pero con la ayuda de un abogado experimentado en accidentes por conducci\u00f3n en estado de ebriedad en Acworth, puedes hacer que tu reclamaci\u00f3n, de acuerdo de recuperaci\u00f3n, sea un proceso mucho m\u00e1s sencillo. Con CEO Lawyer Personal Injury Law Firm de tu lado, no hay necesidad de hacer malabares con tu recuperaci\u00f3n f\u00edsica y financiera al mismo tiempo. Un profesional estar\u00e1 ah\u00ed para ayudarte, reduciendo tu estr\u00e9s y aumentando tus posibilidades de obtener una compensaci\u00f3n. <a href=\"https:\/\/ceolawyer.com\/espanol\/contacto-con-nosotros\/\">Llena nuestro formulario<\/a> o ll\u00e1manos hoy al <a href=\"tel:+14706138422\">(470) 613-8422<\/a>. Programa una consulta gratuita para conocer tus opciones legales. Nuestro equipo est\u00e1 aqu\u00ed para darte claridad, estrategia y una defensa real.<\/p>\n","protected":false},"excerpt":{"rendered":"<p>Si has sido v\u00edctima de un accidente con un conductor ebrio, el equipo legal de CEO Lawyer Personal Injury Law Firm puede ayudarte. El equipo de nuestra firma ha servido diligentemente a la comunidad durante a\u00f1os y ha llevado innumerables casos representando a ciudadanos de Acworth como t\u00fa. Un caso de conducci\u00f3n en estado de [&hellip;]<\/p>\n","protected":false},"author":18,"featured_media":11886,"parent":7603,"menu_order":0,"comment_status":"closed","ping_status":"closed","template":"","meta":{"_acf_changed":false,"footnotes":""},"class_list":["post-11884","page","type-page","status-publish","has-post-thumbnail","hentry"],"acf":[],"yoast_head":"<!-- This site is optimized with the Yoast SEO plugin v27.4 - https:\/\/yoast.com\/product\/yoast-seo-wordpress\/ -->\n<title>Abogado de defensa por DUI en Acworth | CEO Lawyer<\/title>\n<meta name=\"description\" content=\"Gane su compensaci\u00f3n por los da\u00f1os causados por conductores ebrios. Contacte a un abogado experto en accidentes con conductores ebrios de CEO Lawyer Personal Injury Law Firm en Acworth. Llame al (470) 323-8779.\" \/>\n<meta name=\"robots\" content=\"index, follow, max-snippet:-1, max-image-preview:large, max-video-preview:-1\" \/>\n<link rel=\"canonical\" href=\"https:\/\/ceolawyer.com\/espanol\/abogado-de-lesiones-personales-acworth\/conduccion-en-estado-de-ebriedad\/\" \/>\n<meta property=\"og:locale\" content=\"en_US\" \/>\n<meta property=\"og:type\" content=\"article\" \/>\n<meta property=\"og:title\" content=\"Abogado de defensa por DUI en Acworth | CEO Lawyer\" \/>\n<meta property=\"og:description\" content=\"Gane su compensaci\u00f3n por los da\u00f1os causados por conductores ebrios. Contacte a un abogado experto en accidentes con conductores ebrios de CEO Lawyer Personal Injury Law Firm en Acworth. Llame al (470) 323-8779.\" \/>\n<meta property=\"og:url\" content=\"https:\/\/ceolawyer.com\/espanol\/abogado-de-lesiones-personales-acworth\/conduccion-en-estado-de-ebriedad\/\" \/>\n<meta property=\"og:site_name\" content=\"CEO Lawyer\" \/>\n<meta property=\"article:modified_time\" content=\"2025-12-18T11:39:53+00:00\" \/>\n<meta property=\"og:image\" content=\"https:\/\/ceolawyer.com\/espanol\/wp-content\/uploads\/sites\/2\/2024\/06\/abogado-especialista-en-conduccion-en-estado-de-ebriedad-de-acworth.webp\" \/>\n\t<meta property=\"og:image:width\" content=\"500\" \/>\n\t<meta property=\"og:image:height\" content=\"300\" \/>\n\t<meta property=\"og:image:type\" content=\"image\/webp\" \/>\n<meta name=\"twitter:card\" content=\"summary_large_image\" \/>\n<meta name=\"twitter:label1\" content=\"Est. reading time\" \/>\n\t<meta name=\"twitter:data1\" content=\"8 minutes\" \/>\n<script type=\"application\/ld+json\" class=\"yoast-schema-graph\">{\"@context\":\"https:\\\/\\\/schema.org\",\"@graph\":[{\"@type\":\"WebPage\",\"@id\":\"https:\\\/\\\/ceolawyer.com\\\/espanol\\\/abogado-de-lesiones-personales-acworth\\\/conduccion-en-estado-de-ebriedad\\\/\",\"url\":\"https:\\\/\\\/ceolawyer.com\\\/espanol\\\/abogado-de-lesiones-personales-acworth\\\/conduccion-en-estado-de-ebriedad\\\/\",\"name\":\"Abogado de defensa por DUI en Acworth | CEO Lawyer\",\"isPartOf\":{\"@id\":\"https:\\\/\\\/ceolawyer.com\\\/espanol\\\/#website\"},\"primaryImageOfPage\":{\"@id\":\"https:\\\/\\\/ceolawyer.com\\\/espanol\\\/abogado-de-lesiones-personales-acworth\\\/conduccion-en-estado-de-ebriedad\\\/#primaryimage\"},\"image\":{\"@id\":\"https:\\\/\\\/ceolawyer.com\\\/espanol\\\/abogado-de-lesiones-personales-acworth\\\/conduccion-en-estado-de-ebriedad\\\/#primaryimage\"},\"thumbnailUrl\":\"https:\\\/\\\/ceolawyer.com\\\/espanol\\\/wp-content\\\/uploads\\\/sites\\\/2\\\/2024\\\/06\\\/abogado-especialista-en-conduccion-en-estado-de-ebriedad-de-acworth.webp\",\"datePublished\":\"2024-06-28T13:10:10+00:00\",\"dateModified\":\"2025-12-18T11:39:53+00:00\",\"description\":\"Gane su compensaci\u00f3n por los da\u00f1os causados por conductores ebrios. Contacte a un abogado experto en accidentes con conductores ebrios de CEO Lawyer Personal Injury Law Firm en Acworth. Llame al (470) 323-8779.\",\"breadcrumb\":{\"@id\":\"https:\\\/\\\/ceolawyer.com\\\/espanol\\\/abogado-de-lesiones-personales-acworth\\\/conduccion-en-estado-de-ebriedad\\\/#breadcrumb\"},\"inLanguage\":\"en-US\",\"potentialAction\":[{\"@type\":\"ReadAction\",\"target\":[\"https:\\\/\\\/ceolawyer.com\\\/espanol\\\/abogado-de-lesiones-personales-acworth\\\/conduccion-en-estado-de-ebriedad\\\/\"]}]},{\"@type\":\"ImageObject\",\"inLanguage\":\"en-US\",\"@id\":\"https:\\\/\\\/ceolawyer.com\\\/espanol\\\/abogado-de-lesiones-personales-acworth\\\/conduccion-en-estado-de-ebriedad\\\/#primaryimage\",\"url\":\"https:\\\/\\\/ceolawyer.com\\\/espanol\\\/wp-content\\\/uploads\\\/sites\\\/2\\\/2024\\\/06\\\/abogado-especialista-en-conduccion-en-estado-de-ebriedad-de-acworth.webp\",\"contentUrl\":\"https:\\\/\\\/ceolawyer.com\\\/espanol\\\/wp-content\\\/uploads\\\/sites\\\/2\\\/2024\\\/06\\\/abogado-especialista-en-conduccion-en-estado-de-ebriedad-de-acworth.webp\",\"width\":500,\"height\":300,\"caption\":\"Un hombre en el asiento del conductor de su auto viendo un alcohol\u00edmetro que est\u00e1 a punto de utilizar.\"},{\"@type\":\"BreadcrumbList\",\"@id\":\"https:\\\/\\\/ceolawyer.com\\\/espanol\\\/abogado-de-lesiones-personales-acworth\\\/conduccion-en-estado-de-ebriedad\\\/#breadcrumb\",\"itemListElement\":[{\"@type\":\"ListItem\",\"position\":1,\"name\":\"Home\",\"item\":\"https:\\\/\\\/ceolawyer.com\\\/espanol\\\/\"},{\"@type\":\"ListItem\",\"position\":2,\"name\":\"Abogado de lesiones personales en Acworth\",\"item\":\"https:\\\/\\\/ceolawyer.com\\\/espanol\\\/abogado-de-lesiones-personales-acworth\\\/\"},{\"@type\":\"ListItem\",\"position\":3,\"name\":\"Abogado especialista en conducci\u00f3n en estado de ebriedad de Acworth\"}]},{\"@type\":\"WebSite\",\"@id\":\"https:\\\/\\\/ceolawyer.com\\\/espanol\\\/#website\",\"url\":\"https:\\\/\\\/ceolawyer.com\\\/espanol\\\/\",\"name\":\"CEO Lawyer\",\"description\":\"Personal Injury Attorney\",\"publisher\":{\"@id\":\"https:\\\/\\\/ceolawyer.com\\\/espanol\\\/#organization\"},\"potentialAction\":[{\"@type\":\"SearchAction\",\"target\":{\"@type\":\"EntryPoint\",\"urlTemplate\":\"https:\\\/\\\/ceolawyer.com\\\/espanol\\\/?s={search_term_string}\"},\"query-input\":{\"@type\":\"PropertyValueSpecification\",\"valueRequired\":true,\"valueName\":\"search_term_string\"}}],\"inLanguage\":\"en-US\"},{\"@type\":\"Organization\",\"@id\":\"https:\\\/\\\/ceolawyer.com\\\/espanol\\\/#organization\",\"name\":\"CEO Lawyer\",\"url\":\"https:\\\/\\\/ceolawyer.com\\\/espanol\\\/\",\"logo\":{\"@type\":\"ImageObject\",\"inLanguage\":\"en-US\",\"@id\":\"https:\\\/\\\/ceolawyer.com\\\/espanol\\\/#\\\/schema\\\/logo\\\/image\\\/\",\"url\":\"https:\\\/\\\/ceolawyer.com\\\/espanol\\\/wp-content\\\/uploads\\\/sites\\\/2\\\/2022\\\/05\\\/CEO_Logo.png\",\"contentUrl\":\"https:\\\/\\\/ceolawyer.com\\\/espanol\\\/wp-content\\\/uploads\\\/sites\\\/2\\\/2022\\\/05\\\/CEO_Logo.png\",\"width\":200,\"height\":108,\"caption\":\"CEO Lawyer\"},\"image\":{\"@id\":\"https:\\\/\\\/ceolawyer.com\\\/espanol\\\/#\\\/schema\\\/logo\\\/image\\\/\"}}]}<\/script>\n<!-- \/ Yoast SEO plugin. -->","yoast_head_json":{"title":"Abogado de defensa por DUI en Acworth | CEO Lawyer","description":"Gane su compensaci\u00f3n por los da\u00f1os causados por conductores ebrios. Contacte a un abogado experto en accidentes con conductores ebrios de CEO Lawyer Personal Injury Law Firm en Acworth. Llame al (470) 323-8779.","robots":{"index":"index","follow":"follow","max-snippet":"max-snippet:-1","max-image-preview":"max-image-preview:large","max-video-preview":"max-video-preview:-1"},"canonical":"https:\/\/ceolawyer.com\/espanol\/abogado-de-lesiones-personales-acworth\/conduccion-en-estado-de-ebriedad\/","og_locale":"en_US","og_type":"article","og_title":"Abogado de defensa por DUI en Acworth | CEO Lawyer","og_description":"Gane su compensaci\u00f3n por los da\u00f1os causados por conductores ebrios. Contacte a un abogado experto en accidentes con conductores ebrios de CEO Lawyer Personal Injury Law Firm en Acworth. Llame al (470) 323-8779.","og_url":"https:\/\/ceolawyer.com\/espanol\/abogado-de-lesiones-personales-acworth\/conduccion-en-estado-de-ebriedad\/","og_site_name":"CEO Lawyer","article_modified_time":"2025-12-18T11:39:53+00:00","og_image":[{"width":500,"height":300,"url":"https:\/\/ceolawyer.com\/espanol\/wp-content\/uploads\/sites\/2\/2024\/06\/abogado-especialista-en-conduccion-en-estado-de-ebriedad-de-acworth.webp","type":"image\/webp"}],"twitter_card":"summary_large_image","twitter_misc":{"Est. reading time":"8 minutes"},"schema":{"@context":"https:\/\/schema.org","@graph":[{"@type":"WebPage","@id":"https:\/\/ceolawyer.com\/espanol\/abogado-de-lesiones-personales-acworth\/conduccion-en-estado-de-ebriedad\/","url":"https:\/\/ceolawyer.com\/espanol\/abogado-de-lesiones-personales-acworth\/conduccion-en-estado-de-ebriedad\/","name":"Abogado de defensa por DUI en Acworth | CEO Lawyer","isPartOf":{"@id":"https:\/\/ceolawyer.com\/espanol\/#website"},"primaryImageOfPage":{"@id":"https:\/\/ceolawyer.com\/espanol\/abogado-de-lesiones-personales-acworth\/conduccion-en-estado-de-ebriedad\/#primaryimage"},"image":{"@id":"https:\/\/ceolawyer.com\/espanol\/abogado-de-lesiones-personales-acworth\/conduccion-en-estado-de-ebriedad\/#primaryimage"},"thumbnailUrl":"https:\/\/ceolawyer.com\/espanol\/wp-content\/uploads\/sites\/2\/2024\/06\/abogado-especialista-en-conduccion-en-estado-de-ebriedad-de-acworth.webp","datePublished":"2024-06-28T13:10:10+00:00","dateModified":"2025-12-18T11:39:53+00:00","description":"Gane su compensaci\u00f3n por los da\u00f1os causados por conductores ebrios. Contacte a un abogado experto en accidentes con conductores ebrios de CEO Lawyer Personal Injury Law Firm en Acworth. Llame al (470) 323-8779.","breadcrumb":{"@id":"https:\/\/ceolawyer.com\/espanol\/abogado-de-lesiones-personales-acworth\/conduccion-en-estado-de-ebriedad\/#breadcrumb"},"inLanguage":"en-US","potentialAction":[{"@type":"ReadAction","target":["https:\/\/ceolawyer.com\/espanol\/abogado-de-lesiones-personales-acworth\/conduccion-en-estado-de-ebriedad\/"]}]},{"@type":"ImageObject","inLanguage":"en-US","@id":"https:\/\/ceolawyer.com\/espanol\/abogado-de-lesiones-personales-acworth\/conduccion-en-estado-de-ebriedad\/#primaryimage","url":"https:\/\/ceolawyer.com\/espanol\/wp-content\/uploads\/sites\/2\/2024\/06\/abogado-especialista-en-conduccion-en-estado-de-ebriedad-de-acworth.webp","contentUrl":"https:\/\/ceolawyer.com\/espanol\/wp-content\/uploads\/sites\/2\/2024\/06\/abogado-especialista-en-conduccion-en-estado-de-ebriedad-de-acworth.webp","width":500,"height":300,"caption":"Un hombre en el asiento del conductor de su auto viendo un alcohol\u00edmetro que est\u00e1 a punto de utilizar."},{"@type":"BreadcrumbList","@id":"https:\/\/ceolawyer.com\/espanol\/abogado-de-lesiones-personales-acworth\/conduccion-en-estado-de-ebriedad\/#breadcrumb","itemListElement":[{"@type":"ListItem","position":1,"name":"Home","item":"https:\/\/ceolawyer.com\/espanol\/"},{"@type":"ListItem","position":2,"name":"Abogado de lesiones personales en Acworth","item":"https:\/\/ceolawyer.com\/espanol\/abogado-de-lesiones-personales-acworth\/"},{"@type":"ListItem","position":3,"name":"Abogado especialista en conducci\u00f3n en estado de ebriedad de Acworth"}]},{"@type":"WebSite","@id":"https:\/\/ceolawyer.com\/espanol\/#website","url":"https:\/\/ceolawyer.com\/espanol\/","name":"CEO Lawyer","description":"Personal Injury Attorney","publisher":{"@id":"https:\/\/ceolawyer.com\/espanol\/#organization"},"potentialAction":[{"@type":"SearchAction","target":{"@type":"EntryPoint","urlTemplate":"https:\/\/ceolawyer.com\/espanol\/?s={search_term_string}"},"query-input":{"@type":"PropertyValueSpecification","valueRequired":true,"valueName":"search_term_string"}}],"inLanguage":"en-US"},{"@type":"Organization","@id":"https:\/\/ceolawyer.com\/espanol\/#organization","name":"CEO Lawyer","url":"https:\/\/ceolawyer.com\/espanol\/","logo":{"@type":"ImageObject","inLanguage":"en-US","@id":"https:\/\/ceolawyer.com\/espanol\/#\/schema\/logo\/image\/","url":"https:\/\/ceolawyer.com\/espanol\/wp-content\/uploads\/sites\/2\/2022\/05\/CEO_Logo.png","contentUrl":"https:\/\/ceolawyer.com\/espanol\/wp-content\/uploads\/sites\/2\/2022\/05\/CEO_Logo.png","width":200,"height":108,"caption":"CEO Lawyer"},"image":{"@id":"https:\/\/ceolawyer.com\/espanol\/#\/schema\/logo\/image\/"}}]}},"_links":{"self":[{"href":"https:\/\/ceolawyer.com\/espanol\/wp-json\/wp\/v2\/pages\/11884","targetHints":{"allow":["GET"]}}],"collection":[{"href":"https:\/\/ceolawyer.com\/espanol\/wp-json\/wp\/v2\/pages"}],"about":[{"href":"https:\/\/ceolawyer.com\/espanol\/wp-json\/wp\/v2\/types\/page"}],"author":[{"embeddable":true,"href":"https:\/\/ceolawyer.com\/espanol\/wp-json\/wp\/v2\/users\/18"}],"replies":[{"embeddable":true,"href":"https:\/\/ceolawyer.com\/espanol\/wp-json\/wp\/v2\/comments?post=11884"}],"version-history":[{"count":0,"href":"https:\/\/ceolawyer.com\/espanol\/wp-json\/wp\/v2\/pages\/11884\/revisions"}],"up":[{"embeddable":true,"href":"https:\/\/ceolawyer.com\/espanol\/wp-json\/wp\/v2\/pages\/7603"}],"wp:featuredmedia":[{"embeddable":true,"href":"https:\/\/ceolawyer.com\/espanol\/wp-json\/wp\/v2\/media\/11886"}],"wp:attachment":[{"href":"https:\/\/ceolawyer.com\/espanol\/wp-json\/wp\/v2\/media?parent=11884"}],"curies":[{"name":"wp","href":"https:\/\/api.w.org\/{rel}","templated":true}]}}