{"id":11887,"date":"2024-06-28T13:13:38","date_gmt":"2024-06-28T13:13:38","guid":{"rendered":"https:\/\/ceolawyer.com\/espanol\/?page_id=11887"},"modified":"2025-12-18T11:30:43","modified_gmt":"2025-12-18T11:30:43","slug":"choque-y-fuga","status":"publish","type":"page","link":"https:\/\/ceolawyer.com\/espanol\/abogado-de-lesiones-personales-acworth\/choque-y-fuga\/","title":{"rendered":"Abogado de accidentes de choque y fuga en Acworth"},"content":{"rendered":"<p><img decoding=\"async\" class=\"alignright size-full wp-image-11889\" src=\"https:\/\/ceolawyer.com\/espanol\/wp-content\/uploads\/sites\/2\/2024\/06\/abogado-de-accidentes-de-choque-y-fuga-en-acworth.webp\" alt=\"Un hombre con una camioneta accidentada al fondo despu\u00e9s de un accidente de choque y fuga.\" width=\"500\" height=\"300\" srcset=\"https:\/\/ceolawyer.com\/espanol\/wp-content\/uploads\/sites\/2\/2024\/06\/abogado-de-accidentes-de-choque-y-fuga-en-acworth.webp 500w, https:\/\/ceolawyer.com\/espanol\/wp-content\/uploads\/sites\/2\/2024\/06\/abogado-de-accidentes-de-choque-y-fuga-en-acworth-300x180.webp 300w\" sizes=\"(max-width: 500px) 100vw, 500px\" \/>Solo se necesita un instante de distracci\u00f3n o descuido para causar un accidente. Aunque los accidentes automovil\u00edsticos ocurren con frecuencia, lo \u00faltimo que cualquiera esperar\u00eda es ver a una parte negligente abandonar la escena. Abandonar la escena de un accidente es un delito en Acworth y puede acarrear graves consecuencias legales. Si huyeron de la escena, no permitas que se salgan con la suya. El equipo legal de CEO Lawyer Personal Injury Law Firm saben que puedes tener un reclamo si te encontraste en un accidente automovil\u00edstico donde la otra parte abandon\u00f3 la escena. Para maximizar tus posibilidades de obtener la compensaci\u00f3n que necesitas para pagar las facturas m\u00e9dicas y otros da\u00f1os, llama al <a href=\"tel:+14706138422\">(470) 613-8422<\/a> o cont\u00e1ctanos en l\u00ednea para programar hoy mismo tu consulta inicial gratuita con CEO Lawyer Personal Injury Law Firm.<\/p>\n<h2>As\u00ed puede ayudarte un abogado con experiencia en casos de choque con fuga<\/h2>\n<p>Una situaci\u00f3n de choque con fuga es aterradora; una que puede ocasionar lesiones que amenazan la vida, da\u00f1os a la propiedad y cargas financieras inesperadas. Si estuviste en un accidente automovil\u00edstico donde el otro conductor huy\u00f3 de la escena, puedes buscar asesoramiento legal y luchar por la compensaci\u00f3n que mereces. Elegir trabajar con un abogado de lesiones personales calificado te proporciona estos servicios a lo largo de tu caso:<\/p>\n<ul>\n<li>Atenci\u00f3n y asesoramiento.<\/li>\n<li>Estrategia legal.<\/li>\n<li>Representaci\u00f3n.<\/li>\n<li>Recursos.<\/li>\n<\/ul>\n<p>Adem\u00e1s de lo anterior, tu equipo legal de choque con fuga que atiende casos en Acworth est\u00e1 listo para reunir informaci\u00f3n y pruebas, revisar la ley de Georgia y aplicarla a tu caso. Con las pruebas y la documentaci\u00f3n reunidas, pueden calcular la p\u00e9rdida de salarios, las facturas y los gastos m\u00e9dicos relacionados, los da\u00f1os a la propiedad y el dolor y sufrimiento. Aunque no existe una regla que establezca que debes trabajar con un abogado, cuando eliges trabajar con uno, tendr\u00e1 la habilidad, la paciencia, el tiempo y los recursos a su disposici\u00f3n. Las lesiones y los da\u00f1os a la propiedad causados por un accidente de choque con fuga pueden tardar mucho tiempo en recuperarse.<\/p>\n<p>Cuando contratas a un abogado con experiencia en casos de choque con fuga, tienes la ayuda necesaria para supervisar tu caso y tus asuntos legales mientras te concentras en la recuperaci\u00f3n y en volver a tus rutinas diarias habituales.<\/p>\n<h3>La ley de Georgia tiene un estatuto de limitaciones<\/h3>\n<p>Cada estado de los EE. UU. ha promulgado leyes que limitan el tiempo que una v\u00edctima puede presentar una demanda por lesiones personales. En Georgia, los residentes tienen dos a\u00f1os despu\u00e9s de un incidente para presentar una demanda en el sistema judicial del estado. El plazo general de prescripci\u00f3n para la mayor\u00eda de las demandas por lesiones personales es de dos a\u00f1os, aunque existen algunas excepciones legales. Este l\u00edmite de tiempo es crucial, ya que restringe el periodo disponible para recopilar pruebas, preparar la demanda y negociar con las partes involucradas antes de tener que acudir a un juez.<\/p>\n<p>Las partes negligentes tendr\u00e1n su p\u00f3liza de seguro destinada a cubrir reclamaciones de responsabilidad. Sin embargo, las compa\u00f1\u00edas de seguros no siempre son transparentes y, a menudo, presentan ofertas muy bajas o nada en absoluto. Tu <a href=\"https:\/\/ceolawyer.com\/acworth-personal-injury\/car-accident-lawyer\/\">equipo legal de accidentes de auto que brinda servicios en Acworth<\/a> necesitar\u00e1 tiempo para realizar negociaciones con la esperanza de llegar a un acuerdo satisfactorio para tu reclamaci\u00f3n antes de que ambas partes deban presentarlo ante un juez.<\/p>\n<h2>Causas de accidentes de choque con fuga en Acworth<\/h2>\n<p>Los accidentes ocurren cuando alguien involucrado en una colisi\u00f3n abandona la escena sin antes hablar con la polic\u00eda o intercambiar informaci\u00f3n con los dem\u00e1s involucrados. Algunos ejemplos comunes de escenarios de accidentes de choque con fuga incluyen cuando un peat\u00f3n es atropellado y <a href=\"https:\/\/www.fox5atlanta.com\/news\/acworth-hit-and-run-main-street-colvin\">abandonado al costado de la calle<\/a> o cuando alguien golpea un autom\u00f3vil en un estacionamiento sin intenci\u00f3n de ayudar a pagar los da\u00f1os al autom\u00f3vil de la v\u00edctima.<\/p>\n<p>Ya sea que la parte negligente se vaya a prop\u00f3sito o debido a una respuesta de lucha o huida, lo que hizo fue ilegal y puede enfrentar graves consecuencias penales. Las causas de los accidentes de choque con fuga no son diferentes de las de un accidente t\u00edpico, aparte de que el agresor abandona la escena. Los accidentes en Acworth son causados frecuentemente por:<\/p>\n<ul>\n<li>Manejar de forma agresiva.<\/li>\n<li>Distracciones al volante.<\/li>\n<li>Conducir bajo los efectos del alcohol.<\/li>\n<li>Conducir con sue\u00f1o.<\/li>\n<li>Exceso de velocidad.<\/li>\n<\/ul>\n<h2>Tipos de colisiones por atropello y fuga en Acworth<\/h2>\n<p>Las lesiones relacionadas con accidentes automovil\u00edsticos pueden tardar varias semanas, si no meses, en recuperarse por completo, y los peores casos nunca alcanzan una recuperaci\u00f3n total. Los accidentes de atropello y fuga difieren de los accidentes habituales en que la v\u00edctima no siempre se encuentra en un autom\u00f3vil. Puede que los atropemejollen mientras cruzan la calle, montan en bicicleta, patinan o conducen un carrito de golf. Como puedes imaginar, las posibilidades de sufrir lesiones importantes al enfrentarse a un autom\u00f3vil en movimiento a alta velocidad son probables y, en los peores casos, pueden ser fatales. Aquellos que sobreviven se enfrentan a lesiones que tardan meses, si no a\u00f1os, en recuperarse por completo y con limitaciones que alteran la vida.<\/p>\n<p>No sorprende que las v\u00edctimas de accidentes de atropello y fuga sufran lesiones brutales. Cuando hay peatones involucrados, sus cuerpos golpean el autom\u00f3vil muchas veces antes de que termine el accidente. Las lesiones sufridas en estos accidentes son brutales y potencialmente mortales. Com\u00fanmente, las v\u00edctimas sufren fracturas de huesos, laceraciones, <a href=\"https:\/\/www.ninds.nih.gov\/health-information\/disorders\/traumatic-brain-injury-tbi\">traumatismos cerebrales<\/a> y m\u00e1s, con lesiones que tardan m\u00e1s en recuperarse.<\/p>\n<h2>Lesiones y complicaciones m\u00e9dicas asociadas con accidentes de choque con fuga<\/h2>\n<p>El camino hacia la recuperaci\u00f3n es desafiante, con muchas citas m\u00e9dicas seguidas, recetas de analg\u00e9sicos, cirug\u00edas y m\u00faltiples sesiones de fisioterapia. Es probable que las v\u00edctimas se enfrenten a la p\u00e9rdida de horas de trabajo, lo que puede tener importantes impactos financieros en el estilo de vida y la estabilidad habituales de su familia. Las lesiones causadas por un choque con fuga pueden provocar la incapacidad para trabajar y crear discapacidades permanentes como da\u00f1o cerebral, p\u00e9rdida de la funci\u00f3n de las extremidades, da\u00f1o a los nervios, p\u00e9rdida de extremidades y limitaciones permanentes. Estos l\u00edmites en el cuerpo tienen impactos potencialmente cr\u00edticos en la situaci\u00f3n financiera actual de la familia y pueden generar consecuencias negativas para su futuro financiero.<\/p>\n<p>Especialmente para las familias donde la v\u00edctima es el principal sost\u00e9n econ\u00f3mico del hogar, sus lesiones pueden tener efectos de por vida que les impiden hacer su trabajo correctamente o limitan su capacidad para asumir m\u00e1s responsabilidades, limitando sus carreras a puestos de alta remuneraci\u00f3n en su industria.<\/p>\n<h3>Impactos psicol\u00f3gicos de un accidente de choque con fuga<\/h3>\n<p>La lesi\u00f3n f\u00edsica no es el \u00fanico impacto que un accidente tiene en una persona. Tambi\u00e9n enfrentar\u00e1n consecuencias psicol\u00f3gicas que requerir\u00e1n varios meses de terapia con un profesional autorizado.<\/p>\n<p>Algunos resultados psicol\u00f3gicos t\u00edpicos de haber estado en un accidente de choque con fuga incluyen:<\/p>\n<ul>\n<li>Depresi\u00f3n.<\/li>\n<li>Ansiedad.<\/li>\n<li>TEPT.<\/li>\n<\/ul>\n<p>Adem\u00e1s, existe la posibilidad de que una lesi\u00f3n en la cabeza presente cambios en la memoria de la persona, los niveles de conciencia, los horarios de sue\u00f1o, la personalidad y m\u00e1s. Estos se conocen como lesiones cerebrales y pueden ser un signo de conmociones cerebrales o TCE m\u00e1s graves.<\/p>\n<p>Si sospechas que t\u00fa o alguien que amas muestra cambios extra\u00f1os en su comportamiento despu\u00e9s de un accidente de choque con fuga, busca atenci\u00f3n m\u00e9dica de inmediato.<\/p>\n<h2>Qu\u00e9 hacer si estuviste en un accidente de choque con fuga<\/h2>\n<p>Es totalmente normal que alguien que sufre un accidente de choque y fuga se ponga nervioso o entre en p\u00e1nico. Estos choques dan mucho miedo, son muy traum\u00e1ticos y dolorosos. Pero, si puedes, intenta recordar estos consejos sobre c\u00f3mo reaccionar en esa situaci\u00f3n tan dif\u00edcil:<\/p>\n<ul>\n<li><strong>Llama al 911 de inmediato: <\/strong>llamar a las autoridades no solo enviar\u00e1 a la polic\u00eda, sino tambi\u00e9n asistencia m\u00e9dica. La polic\u00eda investigar\u00e1 y revisar\u00e1 los da\u00f1os de tu caso, adem\u00e1s de preparar un informe policial que detalle sus hallazgos. Incluir\u00e1n hablar con los testigos como parte de su investigaci\u00f3n y pueden ayudar con su testimonio para comprender c\u00f3mo ocurrieron los hechos. La polic\u00eda trabajar\u00e1 para encontrar al conductor, a quien detendr\u00e1n si lo encuentran.<\/li>\n<li><strong>Busca atenci\u00f3n m\u00e9dica:<\/strong> visita la sala de emergencias o a un proveedor de atenci\u00f3n m\u00e9dica cercano, incluso si no te sientes herido o si el equipo de t\u00e9cnicos de emergencias m\u00e9dicas ya te revis\u00f3. No tienen todas las herramientas disponibles para tratar todas las lesiones. Lesiones como los TCE pueden presentarse m\u00e1s tarde. Si te golpeaste la cabeza, el personal m\u00e9dico puede optar por realizar una tomograf\u00eda computarizada o una resonancia magn\u00e9tica para encontrar cualquier lesi\u00f3n que no sea visible sin equipo m\u00e9dico.<\/li>\n<li><strong>Re\u00fane fotograf\u00edas y evidencia:<\/strong> si es posible, toma fotograf\u00edas y videos, y re\u00fane la informaci\u00f3n de contacto de los testigos dispuestos a testificar sobre lo que sucedi\u00f3 en tu caso. Adem\u00e1s, escribe todo lo que puedas recordar sobre el incidente, el veh\u00edculo que te atropell\u00f3 y otros detalles. Aunque no siempre es posible debido a una lesi\u00f3n, ayuda a solidificar la compensaci\u00f3n solicitada en tu reclamaci\u00f3n cuando est\u00e1 disponible.<\/li>\n<li><strong>Llama a CEO Lawyer Personal Injury Law Firm:<\/strong> programa tu consulta con nuestro personal para que podamos completar una revisi\u00f3n de tu caso y comenzar a trabajar en \u00e9l si existe una reclamaci\u00f3n.<\/li>\n<\/ul>\n<p>La polic\u00eda investigar\u00e1 el incidente para identificar al conductor culpable. Si no logran localizarlo, consulta con tu abogado sobre c\u00f3mo proceder. Para obtener una compensaci\u00f3n por tus lesiones y da\u00f1os, deber\u00e1s presentar un reclamo a tu aseguradora o a otra parte responsable.<\/p>\n<h2>Elige a una firma de abogados con experiencia en casos de accidentes de choque con fuga<\/h2>\n<p>Un accidente de choque y fuga es inesperado, impactante y cambia la vida de las v\u00edctimas. Pero con la ayuda de CEO Lawyer Personal Injury Law Firm en Acworth, puedes esperar una atenci\u00f3n legal de calidad mientras gestionamos tu caso y navegamos por el proceso de reclamaciones. No dejes que alguien te lastime y se vaya sin compensarte por tus p\u00e9rdidas. Contacta a un <a href=\"https:\/\/ceolawyer.com\/acworth-personal-injury\/\">abogado de lesiones personales en Acworth<\/a> que estar\u00e1 ah\u00ed en cada paso del camino. <a href=\"https:\/\/ceolawyer.com\/espanol\/contacto-con-nosotros\/\">Llena nuestro formulario<\/a> o ll\u00e1manos hoy al <a href=\"tel:+14706138422\">(470) 613-8422<\/a>. Programa una consulta gratuita para conocer tus opciones legales. Nuestro equipo est\u00e1 aqu\u00ed para darte claridad, estrategia y una defensa real.<\/p>\n","protected":false},"excerpt":{"rendered":"<p>Solo se necesita un instante de distracci\u00f3n o descuido para causar un accidente. Aunque los accidentes automovil\u00edsticos ocurren con frecuencia, lo \u00faltimo que cualquiera esperar\u00eda es ver a una parte negligente abandonar la escena. Abandonar la escena de un accidente es un delito en Acworth y puede acarrear graves consecuencias legales. Si huyeron de la [&hellip;]<\/p>\n","protected":false},"author":18,"featured_media":11889,"parent":7603,"menu_order":0,"comment_status":"closed","ping_status":"closed","template":"","meta":{"_acf_changed":false,"footnotes":""},"class_list":["post-11887","page","type-page","status-publish","has-post-thumbnail","hentry"],"acf":[],"yoast_head":"<!-- This site is optimized with the Yoast SEO plugin v27.4 - https:\/\/yoast.com\/product\/yoast-seo-wordpress\/ -->\n<title>Abogado de accidentes de choque y fuga en Acworth | CEO Lawyer<\/title>\n<meta name=\"description\" content=\"Cuando una parte culpable se niega a asumir la responsabilidad, acuda a nuestros abogados expertos en accidentes de choque y fuga de CEO Lawyer Personal Injury Law Firm en Acworth. Llame al (470) 323-8779.\" \/>\n<meta name=\"robots\" content=\"index, follow, max-snippet:-1, max-image-preview:large, max-video-preview:-1\" \/>\n<link rel=\"canonical\" href=\"https:\/\/ceolawyer.com\/espanol\/abogado-de-lesiones-personales-acworth\/choque-y-fuga\/\" \/>\n<meta property=\"og:locale\" content=\"en_US\" \/>\n<meta property=\"og:type\" content=\"article\" \/>\n<meta property=\"og:title\" content=\"Abogado de accidentes de choque y fuga en Acworth | CEO Lawyer\" \/>\n<meta property=\"og:description\" content=\"Cuando una parte culpable se niega a asumir la responsabilidad, acuda a nuestros abogados expertos en accidentes de choque y fuga de CEO Lawyer Personal Injury Law Firm en Acworth. Llame al (470) 323-8779.\" \/>\n<meta property=\"og:url\" content=\"https:\/\/ceolawyer.com\/espanol\/abogado-de-lesiones-personales-acworth\/choque-y-fuga\/\" \/>\n<meta property=\"og:site_name\" content=\"CEO Lawyer\" \/>\n<meta property=\"article:modified_time\" content=\"2025-12-18T11:30:43+00:00\" \/>\n<meta property=\"og:image\" content=\"https:\/\/ceolawyer.com\/espanol\/wp-content\/uploads\/sites\/2\/2024\/06\/abogado-de-accidentes-de-choque-y-fuga-en-acworth.webp\" \/>\n\t<meta property=\"og:image:width\" content=\"500\" \/>\n\t<meta property=\"og:image:height\" content=\"300\" \/>\n\t<meta property=\"og:image:type\" content=\"image\/webp\" \/>\n<meta name=\"twitter:card\" content=\"summary_large_image\" \/>\n<meta name=\"twitter:label1\" content=\"Est. reading time\" \/>\n\t<meta name=\"twitter:data1\" content=\"8 minutes\" \/>\n<script type=\"application\/ld+json\" class=\"yoast-schema-graph\">{\"@context\":\"https:\\\/\\\/schema.org\",\"@graph\":[{\"@type\":\"WebPage\",\"@id\":\"https:\\\/\\\/ceolawyer.com\\\/espanol\\\/abogado-de-lesiones-personales-acworth\\\/choque-y-fuga\\\/\",\"url\":\"https:\\\/\\\/ceolawyer.com\\\/espanol\\\/abogado-de-lesiones-personales-acworth\\\/choque-y-fuga\\\/\",\"name\":\"Abogado de accidentes de choque y fuga en Acworth | CEO Lawyer\",\"isPartOf\":{\"@id\":\"https:\\\/\\\/ceolawyer.com\\\/espanol\\\/#website\"},\"primaryImageOfPage\":{\"@id\":\"https:\\\/\\\/ceolawyer.com\\\/espanol\\\/abogado-de-lesiones-personales-acworth\\\/choque-y-fuga\\\/#primaryimage\"},\"image\":{\"@id\":\"https:\\\/\\\/ceolawyer.com\\\/espanol\\\/abogado-de-lesiones-personales-acworth\\\/choque-y-fuga\\\/#primaryimage\"},\"thumbnailUrl\":\"https:\\\/\\\/ceolawyer.com\\\/espanol\\\/wp-content\\\/uploads\\\/sites\\\/2\\\/2024\\\/06\\\/abogado-de-accidentes-de-choque-y-fuga-en-acworth.webp\",\"datePublished\":\"2024-06-28T13:13:38+00:00\",\"dateModified\":\"2025-12-18T11:30:43+00:00\",\"description\":\"Cuando una parte culpable se niega a asumir la responsabilidad, acuda a nuestros abogados expertos en accidentes de choque y fuga de CEO Lawyer Personal Injury Law Firm en Acworth. Llame al (470) 323-8779.\",\"breadcrumb\":{\"@id\":\"https:\\\/\\\/ceolawyer.com\\\/espanol\\\/abogado-de-lesiones-personales-acworth\\\/choque-y-fuga\\\/#breadcrumb\"},\"inLanguage\":\"en-US\",\"potentialAction\":[{\"@type\":\"ReadAction\",\"target\":[\"https:\\\/\\\/ceolawyer.com\\\/espanol\\\/abogado-de-lesiones-personales-acworth\\\/choque-y-fuga\\\/\"]}]},{\"@type\":\"ImageObject\",\"inLanguage\":\"en-US\",\"@id\":\"https:\\\/\\\/ceolawyer.com\\\/espanol\\\/abogado-de-lesiones-personales-acworth\\\/choque-y-fuga\\\/#primaryimage\",\"url\":\"https:\\\/\\\/ceolawyer.com\\\/espanol\\\/wp-content\\\/uploads\\\/sites\\\/2\\\/2024\\\/06\\\/abogado-de-accidentes-de-choque-y-fuga-en-acworth.webp\",\"contentUrl\":\"https:\\\/\\\/ceolawyer.com\\\/espanol\\\/wp-content\\\/uploads\\\/sites\\\/2\\\/2024\\\/06\\\/abogado-de-accidentes-de-choque-y-fuga-en-acworth.webp\",\"width\":500,\"height\":300,\"caption\":\"Un hombre con una camioneta accidentada al fondo despu\u00e9s de un accidente de choque y fuga.\"},{\"@type\":\"BreadcrumbList\",\"@id\":\"https:\\\/\\\/ceolawyer.com\\\/espanol\\\/abogado-de-lesiones-personales-acworth\\\/choque-y-fuga\\\/#breadcrumb\",\"itemListElement\":[{\"@type\":\"ListItem\",\"position\":1,\"name\":\"Home\",\"item\":\"https:\\\/\\\/ceolawyer.com\\\/espanol\\\/\"},{\"@type\":\"ListItem\",\"position\":2,\"name\":\"Abogado de lesiones personales en Acworth\",\"item\":\"https:\\\/\\\/ceolawyer.com\\\/espanol\\\/abogado-de-lesiones-personales-acworth\\\/\"},{\"@type\":\"ListItem\",\"position\":3,\"name\":\"Abogado de accidentes de choque y fuga en Acworth\"}]},{\"@type\":\"WebSite\",\"@id\":\"https:\\\/\\\/ceolawyer.com\\\/espanol\\\/#website\",\"url\":\"https:\\\/\\\/ceolawyer.com\\\/espanol\\\/\",\"name\":\"CEO Lawyer\",\"description\":\"Personal Injury Attorney\",\"publisher\":{\"@id\":\"https:\\\/\\\/ceolawyer.com\\\/espanol\\\/#organization\"},\"potentialAction\":[{\"@type\":\"SearchAction\",\"target\":{\"@type\":\"EntryPoint\",\"urlTemplate\":\"https:\\\/\\\/ceolawyer.com\\\/espanol\\\/?s={search_term_string}\"},\"query-input\":{\"@type\":\"PropertyValueSpecification\",\"valueRequired\":true,\"valueName\":\"search_term_string\"}}],\"inLanguage\":\"en-US\"},{\"@type\":\"Organization\",\"@id\":\"https:\\\/\\\/ceolawyer.com\\\/espanol\\\/#organization\",\"name\":\"CEO Lawyer\",\"url\":\"https:\\\/\\\/ceolawyer.com\\\/espanol\\\/\",\"logo\":{\"@type\":\"ImageObject\",\"inLanguage\":\"en-US\",\"@id\":\"https:\\\/\\\/ceolawyer.com\\\/espanol\\\/#\\\/schema\\\/logo\\\/image\\\/\",\"url\":\"https:\\\/\\\/ceolawyer.com\\\/espanol\\\/wp-content\\\/uploads\\\/sites\\\/2\\\/2022\\\/05\\\/CEO_Logo.png\",\"contentUrl\":\"https:\\\/\\\/ceolawyer.com\\\/espanol\\\/wp-content\\\/uploads\\\/sites\\\/2\\\/2022\\\/05\\\/CEO_Logo.png\",\"width\":200,\"height\":108,\"caption\":\"CEO Lawyer\"},\"image\":{\"@id\":\"https:\\\/\\\/ceolawyer.com\\\/espanol\\\/#\\\/schema\\\/logo\\\/image\\\/\"}}]}<\/script>\n<!-- \/ Yoast SEO plugin. -->","yoast_head_json":{"title":"Abogado de accidentes de choque y fuga en Acworth | CEO Lawyer","description":"Cuando una parte culpable se niega a asumir la responsabilidad, acuda a nuestros abogados expertos en accidentes de choque y fuga de CEO Lawyer Personal Injury Law Firm en Acworth. Llame al (470) 323-8779.","robots":{"index":"index","follow":"follow","max-snippet":"max-snippet:-1","max-image-preview":"max-image-preview:large","max-video-preview":"max-video-preview:-1"},"canonical":"https:\/\/ceolawyer.com\/espanol\/abogado-de-lesiones-personales-acworth\/choque-y-fuga\/","og_locale":"en_US","og_type":"article","og_title":"Abogado de accidentes de choque y fuga en Acworth | CEO Lawyer","og_description":"Cuando una parte culpable se niega a asumir la responsabilidad, acuda a nuestros abogados expertos en accidentes de choque y fuga de CEO Lawyer Personal Injury Law Firm en Acworth. Llame al (470) 323-8779.","og_url":"https:\/\/ceolawyer.com\/espanol\/abogado-de-lesiones-personales-acworth\/choque-y-fuga\/","og_site_name":"CEO Lawyer","article_modified_time":"2025-12-18T11:30:43+00:00","og_image":[{"width":500,"height":300,"url":"https:\/\/ceolawyer.com\/espanol\/wp-content\/uploads\/sites\/2\/2024\/06\/abogado-de-accidentes-de-choque-y-fuga-en-acworth.webp","type":"image\/webp"}],"twitter_card":"summary_large_image","twitter_misc":{"Est. reading time":"8 minutes"},"schema":{"@context":"https:\/\/schema.org","@graph":[{"@type":"WebPage","@id":"https:\/\/ceolawyer.com\/espanol\/abogado-de-lesiones-personales-acworth\/choque-y-fuga\/","url":"https:\/\/ceolawyer.com\/espanol\/abogado-de-lesiones-personales-acworth\/choque-y-fuga\/","name":"Abogado de accidentes de choque y fuga en Acworth | CEO Lawyer","isPartOf":{"@id":"https:\/\/ceolawyer.com\/espanol\/#website"},"primaryImageOfPage":{"@id":"https:\/\/ceolawyer.com\/espanol\/abogado-de-lesiones-personales-acworth\/choque-y-fuga\/#primaryimage"},"image":{"@id":"https:\/\/ceolawyer.com\/espanol\/abogado-de-lesiones-personales-acworth\/choque-y-fuga\/#primaryimage"},"thumbnailUrl":"https:\/\/ceolawyer.com\/espanol\/wp-content\/uploads\/sites\/2\/2024\/06\/abogado-de-accidentes-de-choque-y-fuga-en-acworth.webp","datePublished":"2024-06-28T13:13:38+00:00","dateModified":"2025-12-18T11:30:43+00:00","description":"Cuando una parte culpable se niega a asumir la responsabilidad, acuda a nuestros abogados expertos en accidentes de choque y fuga de CEO Lawyer Personal Injury Law Firm en Acworth. Llame al (470) 323-8779.","breadcrumb":{"@id":"https:\/\/ceolawyer.com\/espanol\/abogado-de-lesiones-personales-acworth\/choque-y-fuga\/#breadcrumb"},"inLanguage":"en-US","potentialAction":[{"@type":"ReadAction","target":["https:\/\/ceolawyer.com\/espanol\/abogado-de-lesiones-personales-acworth\/choque-y-fuga\/"]}]},{"@type":"ImageObject","inLanguage":"en-US","@id":"https:\/\/ceolawyer.com\/espanol\/abogado-de-lesiones-personales-acworth\/choque-y-fuga\/#primaryimage","url":"https:\/\/ceolawyer.com\/espanol\/wp-content\/uploads\/sites\/2\/2024\/06\/abogado-de-accidentes-de-choque-y-fuga-en-acworth.webp","contentUrl":"https:\/\/ceolawyer.com\/espanol\/wp-content\/uploads\/sites\/2\/2024\/06\/abogado-de-accidentes-de-choque-y-fuga-en-acworth.webp","width":500,"height":300,"caption":"Un hombre con una camioneta accidentada al fondo despu\u00e9s de un accidente de choque y fuga."},{"@type":"BreadcrumbList","@id":"https:\/\/ceolawyer.com\/espanol\/abogado-de-lesiones-personales-acworth\/choque-y-fuga\/#breadcrumb","itemListElement":[{"@type":"ListItem","position":1,"name":"Home","item":"https:\/\/ceolawyer.com\/espanol\/"},{"@type":"ListItem","position":2,"name":"Abogado de lesiones personales en Acworth","item":"https:\/\/ceolawyer.com\/espanol\/abogado-de-lesiones-personales-acworth\/"},{"@type":"ListItem","position":3,"name":"Abogado de accidentes de choque y fuga en Acworth"}]},{"@type":"WebSite","@id":"https:\/\/ceolawyer.com\/espanol\/#website","url":"https:\/\/ceolawyer.com\/espanol\/","name":"CEO Lawyer","description":"Personal Injury Attorney","publisher":{"@id":"https:\/\/ceolawyer.com\/espanol\/#organization"},"potentialAction":[{"@type":"SearchAction","target":{"@type":"EntryPoint","urlTemplate":"https:\/\/ceolawyer.com\/espanol\/?s={search_term_string}"},"query-input":{"@type":"PropertyValueSpecification","valueRequired":true,"valueName":"search_term_string"}}],"inLanguage":"en-US"},{"@type":"Organization","@id":"https:\/\/ceolawyer.com\/espanol\/#organization","name":"CEO Lawyer","url":"https:\/\/ceolawyer.com\/espanol\/","logo":{"@type":"ImageObject","inLanguage":"en-US","@id":"https:\/\/ceolawyer.com\/espanol\/#\/schema\/logo\/image\/","url":"https:\/\/ceolawyer.com\/espanol\/wp-content\/uploads\/sites\/2\/2022\/05\/CEO_Logo.png","contentUrl":"https:\/\/ceolawyer.com\/espanol\/wp-content\/uploads\/sites\/2\/2022\/05\/CEO_Logo.png","width":200,"height":108,"caption":"CEO Lawyer"},"image":{"@id":"https:\/\/ceolawyer.com\/espanol\/#\/schema\/logo\/image\/"}}]}},"_links":{"self":[{"href":"https:\/\/ceolawyer.com\/espanol\/wp-json\/wp\/v2\/pages\/11887","targetHints":{"allow":["GET"]}}],"collection":[{"href":"https:\/\/ceolawyer.com\/espanol\/wp-json\/wp\/v2\/pages"}],"about":[{"href":"https:\/\/ceolawyer.com\/espanol\/wp-json\/wp\/v2\/types\/page"}],"author":[{"embeddable":true,"href":"https:\/\/ceolawyer.com\/espanol\/wp-json\/wp\/v2\/users\/18"}],"replies":[{"embeddable":true,"href":"https:\/\/ceolawyer.com\/espanol\/wp-json\/wp\/v2\/comments?post=11887"}],"version-history":[{"count":0,"href":"https:\/\/ceolawyer.com\/espanol\/wp-json\/wp\/v2\/pages\/11887\/revisions"}],"up":[{"embeddable":true,"href":"https:\/\/ceolawyer.com\/espanol\/wp-json\/wp\/v2\/pages\/7603"}],"wp:featuredmedia":[{"embeddable":true,"href":"https:\/\/ceolawyer.com\/espanol\/wp-json\/wp\/v2\/media\/11889"}],"wp:attachment":[{"href":"https:\/\/ceolawyer.com\/espanol\/wp-json\/wp\/v2\/media?parent=11887"}],"curies":[{"name":"wp","href":"https:\/\/api.w.org\/{rel}","templated":true}]}}