{"id":11890,"date":"2024-06-28T13:18:55","date_gmt":"2024-06-28T13:18:55","guid":{"rendered":"https:\/\/ceolawyer.com\/espanol\/?page_id=11890"},"modified":"2026-04-24T18:37:50","modified_gmt":"2026-04-24T18:37:50","slug":"casos-de-negligencia-medica","status":"publish","type":"page","link":"https:\/\/ceolawyer.com\/espanol\/abogado-de-lesiones-personales-acworth\/casos-de-negligencia-medica\/","title":{"rendered":"Abogado especialista en casos de negligencia m\u00e9dica en Acworth"},"content":{"rendered":"<p><img decoding=\"async\" class=\"alignright size-full wp-image-11892\" src=\"https:\/\/ceolawyer.com\/espanol\/wp-content\/uploads\/sites\/2\/2024\/06\/abogado-especialista-en-casos-de-negligencia-medica-en-acworth.webp\" alt=\"Un abogado que trabaja en documentos importantes para el casi de negligencia m\u00e9dica de un cliente.\" width=\"500\" height=\"300\" srcset=\"https:\/\/ceolawyer.com\/espanol\/wp-content\/uploads\/sites\/2\/2024\/06\/abogado-especialista-en-casos-de-negligencia-medica-en-acworth.webp 500w, https:\/\/ceolawyer.com\/espanol\/wp-content\/uploads\/sites\/2\/2024\/06\/abogado-especialista-en-casos-de-negligencia-medica-en-acworth-300x180.webp 300w\" sizes=\"(max-width: 500px) 100vw, 500px\" \/>Si crees que fuiste v\u00edctima de negligencia m\u00e9dica, un abogado de lesiones personales en Acworth puede ayudarte. Un caso de negligencia m\u00e9dica suele involucrar a un hospital, un consultorio m\u00e9dico, instalaciones externas como centros de rehabilitaci\u00f3n, o una combinaci\u00f3n de estos. Esto significa que es probable que tu reclamo sea contra una entidad corporativa y no solo contra un proveedor de atenci\u00f3n m\u00e9dica que haya actuado con negligencia. Tu consulta inicial con CEO Lawyer Personal Injury Law Firm es completamente gratis y no te compromete a nada. Los objetivos de esta primera reuni\u00f3n son: comprender los detalles espec\u00edficos de tu caso, trazar un plan de acci\u00f3n general y darte la oportunidad de hacer cualquier pregunta, o compartir cualquier inquietud, que tengas sobre el proceso.<\/p>\n<h2>\u00bfQu\u00e9 puede hacer un abogado de negligencia m\u00e9dica de Acworth por tu reclamo?<\/h2>\n<p>La negligencia m\u00e9dica ocurre cuando un paciente sufre lesiones o fallece debido a las acciones negligentes y la atenci\u00f3n inadecuada de un proveedor de salud. Los errores m\u00e9dicos causan hasta 251,000 muertes en los EE. UU. cada a\u00f1o, lo que convierte a la negligencia m\u00e9dica en <a href=\"https:\/\/pubmed.ncbi.nlm.nih.gov\/28186008\/\">la tercera causa de muerte en el pa\u00eds<\/a>. Si bien existen procesos y medidas de seguridad est\u00e1ndar para prevenir algunos errores, la responsabilidad de la atenci\u00f3n m\u00e9dica recae en \u00faltima instancia en el profesional de la salud. Este est\u00e1ndar de atenci\u00f3n se extiende a m\u00e9dicos, enfermeras, t\u00e9cnicos y otros profesionales m\u00e9dicos responsables del bienestar del paciente.<\/p>\n<p>Manejar los efectos de un error m\u00e9dico puede ser dif\u00edcil, especialmente al aprender a desenvolverte con la lesi\u00f3n o condici\u00f3n desarrollada. Mientras te recuperas, lo \u00faltimo de lo que deber\u00edas preocuparte son las deudas y los gastos incurridos debido a la negligencia de un proveedor de atenci\u00f3n m\u00e9dica. Lidiar con tu recuperaci\u00f3n financiera y f\u00edsica, al mismo tiempo, es una tarea agotadora, lo que aumenta la probabilidad de que pases por alto aspectos importantes de ambas. Un abogado con experiencia en negligencia m\u00e9dica en Acworth puede proporcionar muchos servicios, incluyendo:<\/p>\n<ul>\n<li><strong>Organizar toda la documentaci\u00f3n recopilada:<\/strong> Mientras gestionas cualquier enfermedad o lesi\u00f3n, dentro de un centro m\u00e9dico, recibir\u00e1s una gran cantidad de documentos relacionados con registros como evaluaciones de salud, planes de tratamiento, informaci\u00f3n sobre tu condici\u00f3n y m\u00e1s. Un abogado puede organizar tus registros m\u00e9dicos y revisar documentos adicionales que pueden ser vitales para tu reclamo.<\/li>\n<li><strong>Gestionar la comunicaci\u00f3n con todas las partes externas:<\/strong> Para resolver un caso de negligencia m\u00e9dica, la v\u00edctima puede necesitar relatar su experiencia y ofrecer m\u00faltiples declaraciones, tanto escritas como verbales. Un abogado puede hablar en tu nombre, al comunicarse con otras partes involucradas, para que no tengas que preocuparte por prepararte para preguntas o analizar demasiado las respuestas.<\/li>\n<li><strong>Ayudarte a comprender las leyes, regulaciones y mejores pr\u00e1cticas relacionadas con tu caso:<\/strong> Las directrices de negligencia m\u00e9dica pueden variar de un estado a otro, especialmente los plazos y los l\u00edmites de los acuerdos. Tu abogado te ayudar\u00e1 a comprender qu\u00e9 leyes, regulaciones y mejores pr\u00e1cticas, se aplican a tu caso espec\u00edfico.<\/li>\n<li><strong>Investigar tu accidente, incluyendo una evaluaci\u00f3n exhaustiva de las reclamaciones de negligencia:<\/strong> Relatar tu experiencia al sufrir errores m\u00e9dicos puede ser una tarea agotadora. En cambio, un abogado puede profundizar en los detalles de tu caso buscando informaci\u00f3n clave que pueda desempe\u00f1ar un papel vital para asegurar un acuerdo por negligencia m\u00e9dica.<\/li>\n<li><strong>Negociar en tu nombre:<\/strong> El paso final y, m\u00e1s desalentador del litigio, generalmente, es acordar una cifra compensatoria. Presentar un n\u00famero v\u00e1lido y argumentar su valor con la parte responsable puede ser un desaf\u00edo, especialmente al tratar de llegar a un acuerdo. Un <a href=\"https:\/\/ceolawyer.com\/acworth-personal-injury\/\">equipo legal de lesiones personales que brinde servicios en Acworth<\/a> puede utilizar su experiencia pasada y su vasto conocimiento de la ley estatal para negociar un acuerdo en tu caso.<\/li>\n<\/ul>\n<h2>\u00bfC\u00f3mo determinar\u00e1 un abogado de negligencia m\u00e9dica en Acworth si vale la pena seguir un reclamo?<\/h2>\n<p>Cuando una persona es f\u00edsicamente vulnerable a lesiones o enfermedades, se conf\u00eda en los profesionales m\u00e9dicos con la m\u00e1xima responsabilidad: el cuidado de la vida humana. Controlar un dolor f\u00edsico puede dar miedo, especialmente cuando tienes que confiar en otra persona para que te ayude, incluso si se le considera un experto. Buscamos la gu\u00eda de los profesionales m\u00e9dicos cuando enfermamos, con la esperanza de que alguien tenga respuestas seguras, pero \u00bfqu\u00e9 sucede cuando su atenci\u00f3n pone directamente a alguien en peligro?<\/p>\n<p>Los casos de negligencia m\u00e9dica pueden ser dif\u00edciles de evaluar, especialmente por tu cuenta, porque los detalles sobre c\u00f3mo operan los proveedores de atenci\u00f3n m\u00e9dica, y c\u00f3mo se designan los errores de negligencia, implican cuestiones legales complejas. Tu abogado puede ayudarte a comprender factores importantes de la negligencia m\u00e9dica, como el deber de cuidado de un proveedor y lo que eso significa para ti. Para probar un reclamo por negligencia, el demandante debe estar preparado al demostrar que el proveedor se desvi\u00f3 de su est\u00e1ndar de atenci\u00f3n esperado. Estos est\u00e1ndares est\u00e1n establecidos por leyes y regulaciones, as\u00ed como por pol\u00edticas y pautas establecidas por grupos profesionales, como las juntas m\u00e9dicas.<\/p>\n<p>Los proveedores generalmente no son responsables del da\u00f1o que han causado como resultado de un error profesional, como un diagn\u00f3stico err\u00f3neo, a menos que el error provenga directamente de una desviaci\u00f3n de los est\u00e1ndares de atenci\u00f3n que se esperaba que mantuvieran. En lugar de quedarte reflexionando y adivinando la validez de un reclamo por negligencia m\u00e9dica, consulta a un equipo legal que pueda determinar si:<\/p>\n<ul>\n<li>No se ha cumplido el est\u00e1ndar de atenci\u00f3n reconocido.<\/li>\n<li>La lesi\u00f3n fue el resultado directo de que no se cumpliera el est\u00e1ndar de atenci\u00f3n.<\/li>\n<li>La lesi\u00f3n result\u00f3 en efectos significativos, catastr\u00f3ficos o que cambiaron la vida.<\/li>\n<\/ul>\n<h2>Casos m\u00e1s comunes de negligencia m\u00e9dica que vemos en Acworth<\/h2>\n<p>&#8220;Negligencia m\u00e9dica&#8221; es un t\u00e9rmino general que engloba una amplia variedad de lesiones que provienen de una atenci\u00f3n m\u00e9dica inadecuada o negligente, por parte de un profesional m\u00e9dico. Si bien, pr\u00e1cticamente cualquier cosa tiene el potencial de salir mal, con errores como la falta de comunicaci\u00f3n y el error de juicio, existen algunos casos espec\u00edficos que se reportan con m\u00e1s frecuencia por error m\u00e9dico que otros.<\/p>\n<p>Algunos de los casos de negligencia m\u00e9dica m\u00e1s comunes incluyen:<\/p>\n<ul>\n<li>Errores de anestesia.<\/li>\n<li>Lesiones de nacimiento.<\/li>\n<li>Diagn\u00f3stico err\u00f3neo de una condici\u00f3n.<\/li>\n<li>Errores quir\u00fargicos, incluyendo la ejecuci\u00f3n de procedimientos quir\u00fargicos innecesarios.<\/li>\n<li>Administraci\u00f3n incorrecta de medicamentos, incluyendo un error en la dosis.<\/li>\n<li>Dar de alta a un paciente demasiado pronto.<\/li>\n<li>No reconocer y diagnosticar adecuadamente los s\u00edntomas.<\/li>\n<li>No realizar o solicitar adecuadamente procedimientos de prueba en nombre de un paciente enfermo.<\/li>\n<li>No leer o interpretar adecuadamente los resultados de laboratorio.<\/li>\n<li>No comprender o ignorar descaradamente el historial m\u00e9dico de un paciente.<\/li>\n<\/ul>\n<h2>\u00bfLos casos de negligencia m\u00e9dica se resuelven mediante un juicio?<\/h2>\n<p>El proceso de una reclamaci\u00f3n por negligencia m\u00e9dica comienza con la fase de descubrimiento, donde tanto tu abogado, como la representaci\u00f3n del demandado, desglosar\u00e1n los datos recopilados y presentar\u00e1n cualquier evidencia que pretendan utilizar a lo largo de los procedimientos del caso. Durante este tiempo, ambas partes pueden revisar la evidencia y la declaraci\u00f3n jurada de cada lado en busca de evidencia que consideren que tendr\u00e1 un impacto en la posici\u00f3n de su cliente. Incluso despu\u00e9s de la fase de descubrimiento, todav\u00eda es posible que una reclamaci\u00f3n por negligencia se resuelva fuera de los tribunales. Como esta v\u00eda suele ser menos costosa y requiere menos tiempo que prolongar un juicio, la representaci\u00f3n del demandado puede hacerle una oferta a tu abogado para evitar cualquier dolor de cabeza que implique ir a juicio.<\/p>\n<p>En CEO Lawyer Personal Injury Law Firm sabemos c\u00f3mo reconocer una oferta baja y combatir cualquier intento de subestimar tu reclamaci\u00f3n. Si tu caso de negligencia m\u00e9dica llega a un tribunal, tu abogado puede contratar a un perito para que explique el est\u00e1ndar de atenci\u00f3n m\u00e9dica y eval\u00fae si se cumpli\u00f3, o no, en tu caso particular. A menudo, se recurre a peritos para ayudar al p\u00fablico en general a comprender la jerga m\u00e9dica compleja y proporcionar una opini\u00f3n profesional e imparcial sobre el asunto. Una vez que ambas partes han presentado testimonio sobre los hechos del accidente, un juez indicar\u00e1 a un jurado con instrucciones, para que decida sobre el caso, y se emitir\u00e1 una sentencia final.<\/p>\n<h2>Comun\u00edcate con una firma de abogados de negligencia m\u00e9dica que brinda servicios en Acworth<\/h2>\n<p>Cuando pones tu salud y bienestar en manos de un profesional m\u00e9dico, esperas que te cuide lo mejor que pueda seg\u00fan su capacidad profesional. En algunos casos, un proveedor de atenci\u00f3n m\u00e9dica puede actuar de manera negligente y poner a un paciente en peligro, lo que lleva a una condici\u00f3n reci\u00e9n desarrollada o empeorar una condici\u00f3n existente. Manejar la salud de una persona es abrumador por s\u00ed solo, pero saber que una atenci\u00f3n inadecuada es lo que caus\u00f3 el dolor, puede agregar un nuevo nivel de conmoci\u00f3n y frustraci\u00f3n a la experiencia. Despu\u00e9s de sufrir un error m\u00e9dico por parte de un profesional en el que una vez confiaste, buscar ayuda puede ser estresante y confuso.<\/p>\n<p>Sin embargo, un abogado con experiencia en negligencia m\u00e9dica de Acworth de CEO Lawyer Personal Injury Law Firm puede ser tu aliado al pasar a tu siguiente cap\u00edtulo, asegurando que tu bienestar financiero sea defendido durante una reclamaci\u00f3n por negligencia. En pocos a\u00f1os, CEO Lawyer ha expandido un peque\u00f1o bufete local a una marca reconocida a nivel nacional. Nuestra firma se encarga de servir a comunidades como Acworth dedicando tiempo y apoyo a los nativos de Georgia y estamos listos para ayudarte a comenzar a construir una reclamaci\u00f3n por negligencia m\u00e9dica. <a href=\"https:\/\/ceolawyer.com\/espanol\/contacto-con-nosotros\/\">Llena nuestro formulario<\/a> o ll\u00e1manos hoy al <a href=\"tel:+14706138422\">(470) 613-8422<\/a>. Programa una consulta gratuita para conocer tus opciones legales. Nuestro equipo est\u00e1 aqu\u00ed para darte claridad, estrategia y una defensa real.<\/p>\n","protected":false},"excerpt":{"rendered":"<p>Si crees que fuiste v\u00edctima de negligencia m\u00e9dica, un abogado de lesiones personales en Acworth puede ayudarte. Un caso de negligencia m\u00e9dica suele involucrar a un hospital, un consultorio m\u00e9dico, instalaciones externas como centros de rehabilitaci\u00f3n, o una combinaci\u00f3n de estos. Esto significa que es probable que tu reclamo sea contra una entidad corporativa y [&hellip;]<\/p>\n","protected":false},"author":18,"featured_media":11892,"parent":7603,"menu_order":0,"comment_status":"closed","ping_status":"closed","template":"","meta":{"_acf_changed":false,"footnotes":""},"class_list":["post-11890","page","type-page","status-publish","has-post-thumbnail","hentry"],"acf":[],"yoast_head":"<!-- This site is optimized with the Yoast SEO plugin v27.4 - https:\/\/yoast.com\/product\/yoast-seo-wordpress\/ -->\n<title>Abogado especialista en casos de negligencia m\u00e9dica en Acworth | CEO Lawyer<\/title>\n<meta name=\"description\" content=\"Si sufri\u00f3 da\u00f1os a causa del personal m\u00e9dico, en CEO Lawyer Personal Injury Law Firm de Acworth, tenemos los abogados de negligencia m\u00e9dica para luchar por usted. Llame al (470) 323-8779.\" \/>\n<meta name=\"robots\" content=\"index, follow, max-snippet:-1, max-image-preview:large, max-video-preview:-1\" \/>\n<link rel=\"canonical\" href=\"https:\/\/ceolawyer.com\/espanol\/abogado-de-lesiones-personales-acworth\/casos-de-negligencia-medica\/\" \/>\n<meta property=\"og:locale\" content=\"en_US\" \/>\n<meta property=\"og:type\" content=\"article\" \/>\n<meta property=\"og:title\" content=\"Abogado especialista en casos de negligencia m\u00e9dica en Acworth | CEO Lawyer\" \/>\n<meta property=\"og:description\" content=\"Si sufri\u00f3 da\u00f1os a causa del personal m\u00e9dico, en CEO Lawyer Personal Injury Law Firm de Acworth, tenemos los abogados de negligencia m\u00e9dica para luchar por usted. Llame al (470) 323-8779.\" \/>\n<meta property=\"og:url\" content=\"https:\/\/ceolawyer.com\/espanol\/abogado-de-lesiones-personales-acworth\/casos-de-negligencia-medica\/\" \/>\n<meta property=\"og:site_name\" content=\"CEO Lawyer\" \/>\n<meta property=\"article:modified_time\" content=\"2026-04-24T18:37:50+00:00\" \/>\n<meta property=\"og:image\" content=\"https:\/\/ceolawyer.com\/espanol\/wp-content\/uploads\/sites\/2\/2024\/06\/abogado-especialista-en-casos-de-negligencia-medica-en-acworth.webp\" \/>\n\t<meta property=\"og:image:width\" content=\"500\" \/>\n\t<meta property=\"og:image:height\" content=\"300\" \/>\n\t<meta property=\"og:image:type\" content=\"image\/webp\" \/>\n<meta name=\"twitter:card\" content=\"summary_large_image\" \/>\n<meta name=\"twitter:label1\" content=\"Est. reading time\" \/>\n\t<meta name=\"twitter:data1\" content=\"8 minutes\" \/>\n<script type=\"application\/ld+json\" class=\"yoast-schema-graph\">{\"@context\":\"https:\\\/\\\/schema.org\",\"@graph\":[{\"@type\":\"WebPage\",\"@id\":\"https:\\\/\\\/ceolawyer.com\\\/espanol\\\/abogado-de-lesiones-personales-acworth\\\/casos-de-negligencia-medica\\\/\",\"url\":\"https:\\\/\\\/ceolawyer.com\\\/espanol\\\/abogado-de-lesiones-personales-acworth\\\/casos-de-negligencia-medica\\\/\",\"name\":\"Abogado especialista en casos de negligencia m\u00e9dica en Acworth | CEO Lawyer\",\"isPartOf\":{\"@id\":\"https:\\\/\\\/ceolawyer.com\\\/espanol\\\/#website\"},\"primaryImageOfPage\":{\"@id\":\"https:\\\/\\\/ceolawyer.com\\\/espanol\\\/abogado-de-lesiones-personales-acworth\\\/casos-de-negligencia-medica\\\/#primaryimage\"},\"image\":{\"@id\":\"https:\\\/\\\/ceolawyer.com\\\/espanol\\\/abogado-de-lesiones-personales-acworth\\\/casos-de-negligencia-medica\\\/#primaryimage\"},\"thumbnailUrl\":\"https:\\\/\\\/ceolawyer.com\\\/espanol\\\/wp-content\\\/uploads\\\/sites\\\/2\\\/2024\\\/06\\\/abogado-especialista-en-casos-de-negligencia-medica-en-acworth.webp\",\"datePublished\":\"2024-06-28T13:18:55+00:00\",\"dateModified\":\"2026-04-24T18:37:50+00:00\",\"description\":\"Si sufri\u00f3 da\u00f1os a causa del personal m\u00e9dico, en CEO Lawyer Personal Injury Law Firm de Acworth, tenemos los abogados de negligencia m\u00e9dica para luchar por usted. Llame al (470) 323-8779.\",\"breadcrumb\":{\"@id\":\"https:\\\/\\\/ceolawyer.com\\\/espanol\\\/abogado-de-lesiones-personales-acworth\\\/casos-de-negligencia-medica\\\/#breadcrumb\"},\"inLanguage\":\"en-US\",\"potentialAction\":[{\"@type\":\"ReadAction\",\"target\":[\"https:\\\/\\\/ceolawyer.com\\\/espanol\\\/abogado-de-lesiones-personales-acworth\\\/casos-de-negligencia-medica\\\/\"]}]},{\"@type\":\"ImageObject\",\"inLanguage\":\"en-US\",\"@id\":\"https:\\\/\\\/ceolawyer.com\\\/espanol\\\/abogado-de-lesiones-personales-acworth\\\/casos-de-negligencia-medica\\\/#primaryimage\",\"url\":\"https:\\\/\\\/ceolawyer.com\\\/espanol\\\/wp-content\\\/uploads\\\/sites\\\/2\\\/2024\\\/06\\\/abogado-especialista-en-casos-de-negligencia-medica-en-acworth.webp\",\"contentUrl\":\"https:\\\/\\\/ceolawyer.com\\\/espanol\\\/wp-content\\\/uploads\\\/sites\\\/2\\\/2024\\\/06\\\/abogado-especialista-en-casos-de-negligencia-medica-en-acworth.webp\",\"width\":500,\"height\":300,\"caption\":\"Un abogado que trabaja en documentos importantes para el casi de negligencia m\u00e9dica de un cliente.\"},{\"@type\":\"BreadcrumbList\",\"@id\":\"https:\\\/\\\/ceolawyer.com\\\/espanol\\\/abogado-de-lesiones-personales-acworth\\\/casos-de-negligencia-medica\\\/#breadcrumb\",\"itemListElement\":[{\"@type\":\"ListItem\",\"position\":1,\"name\":\"Home\",\"item\":\"https:\\\/\\\/ceolawyer.com\\\/espanol\\\/\"},{\"@type\":\"ListItem\",\"position\":2,\"name\":\"Abogado de lesiones personales en Acworth\",\"item\":\"https:\\\/\\\/ceolawyer.com\\\/espanol\\\/abogado-de-lesiones-personales-acworth\\\/\"},{\"@type\":\"ListItem\",\"position\":3,\"name\":\"Abogado especialista en casos de negligencia m\u00e9dica en Acworth\"}]},{\"@type\":\"WebSite\",\"@id\":\"https:\\\/\\\/ceolawyer.com\\\/espanol\\\/#website\",\"url\":\"https:\\\/\\\/ceolawyer.com\\\/espanol\\\/\",\"name\":\"CEO Lawyer\",\"description\":\"Personal Injury Attorney\",\"publisher\":{\"@id\":\"https:\\\/\\\/ceolawyer.com\\\/espanol\\\/#organization\"},\"potentialAction\":[{\"@type\":\"SearchAction\",\"target\":{\"@type\":\"EntryPoint\",\"urlTemplate\":\"https:\\\/\\\/ceolawyer.com\\\/espanol\\\/?s={search_term_string}\"},\"query-input\":{\"@type\":\"PropertyValueSpecification\",\"valueRequired\":true,\"valueName\":\"search_term_string\"}}],\"inLanguage\":\"en-US\"},{\"@type\":\"Organization\",\"@id\":\"https:\\\/\\\/ceolawyer.com\\\/espanol\\\/#organization\",\"name\":\"CEO Lawyer\",\"url\":\"https:\\\/\\\/ceolawyer.com\\\/espanol\\\/\",\"logo\":{\"@type\":\"ImageObject\",\"inLanguage\":\"en-US\",\"@id\":\"https:\\\/\\\/ceolawyer.com\\\/espanol\\\/#\\\/schema\\\/logo\\\/image\\\/\",\"url\":\"https:\\\/\\\/ceolawyer.com\\\/espanol\\\/wp-content\\\/uploads\\\/sites\\\/2\\\/2022\\\/05\\\/CEO_Logo.png\",\"contentUrl\":\"https:\\\/\\\/ceolawyer.com\\\/espanol\\\/wp-content\\\/uploads\\\/sites\\\/2\\\/2022\\\/05\\\/CEO_Logo.png\",\"width\":200,\"height\":108,\"caption\":\"CEO Lawyer\"},\"image\":{\"@id\":\"https:\\\/\\\/ceolawyer.com\\\/espanol\\\/#\\\/schema\\\/logo\\\/image\\\/\"}}]}<\/script>\n<!-- \/ Yoast SEO plugin. -->","yoast_head_json":{"title":"Abogado especialista en casos de negligencia m\u00e9dica en Acworth | CEO Lawyer","description":"Si sufri\u00f3 da\u00f1os a causa del personal m\u00e9dico, en CEO Lawyer Personal Injury Law Firm de Acworth, tenemos los abogados de negligencia m\u00e9dica para luchar por usted. Llame al (470) 323-8779.","robots":{"index":"index","follow":"follow","max-snippet":"max-snippet:-1","max-image-preview":"max-image-preview:large","max-video-preview":"max-video-preview:-1"},"canonical":"https:\/\/ceolawyer.com\/espanol\/abogado-de-lesiones-personales-acworth\/casos-de-negligencia-medica\/","og_locale":"en_US","og_type":"article","og_title":"Abogado especialista en casos de negligencia m\u00e9dica en Acworth | CEO Lawyer","og_description":"Si sufri\u00f3 da\u00f1os a causa del personal m\u00e9dico, en CEO Lawyer Personal Injury Law Firm de Acworth, tenemos los abogados de negligencia m\u00e9dica para luchar por usted. Llame al (470) 323-8779.","og_url":"https:\/\/ceolawyer.com\/espanol\/abogado-de-lesiones-personales-acworth\/casos-de-negligencia-medica\/","og_site_name":"CEO Lawyer","article_modified_time":"2026-04-24T18:37:50+00:00","og_image":[{"width":500,"height":300,"url":"https:\/\/ceolawyer.com\/espanol\/wp-content\/uploads\/sites\/2\/2024\/06\/abogado-especialista-en-casos-de-negligencia-medica-en-acworth.webp","type":"image\/webp"}],"twitter_card":"summary_large_image","twitter_misc":{"Est. reading time":"8 minutes"},"schema":{"@context":"https:\/\/schema.org","@graph":[{"@type":"WebPage","@id":"https:\/\/ceolawyer.com\/espanol\/abogado-de-lesiones-personales-acworth\/casos-de-negligencia-medica\/","url":"https:\/\/ceolawyer.com\/espanol\/abogado-de-lesiones-personales-acworth\/casos-de-negligencia-medica\/","name":"Abogado especialista en casos de negligencia m\u00e9dica en Acworth | CEO Lawyer","isPartOf":{"@id":"https:\/\/ceolawyer.com\/espanol\/#website"},"primaryImageOfPage":{"@id":"https:\/\/ceolawyer.com\/espanol\/abogado-de-lesiones-personales-acworth\/casos-de-negligencia-medica\/#primaryimage"},"image":{"@id":"https:\/\/ceolawyer.com\/espanol\/abogado-de-lesiones-personales-acworth\/casos-de-negligencia-medica\/#primaryimage"},"thumbnailUrl":"https:\/\/ceolawyer.com\/espanol\/wp-content\/uploads\/sites\/2\/2024\/06\/abogado-especialista-en-casos-de-negligencia-medica-en-acworth.webp","datePublished":"2024-06-28T13:18:55+00:00","dateModified":"2026-04-24T18:37:50+00:00","description":"Si sufri\u00f3 da\u00f1os a causa del personal m\u00e9dico, en CEO Lawyer Personal Injury Law Firm de Acworth, tenemos los abogados de negligencia m\u00e9dica para luchar por usted. Llame al (470) 323-8779.","breadcrumb":{"@id":"https:\/\/ceolawyer.com\/espanol\/abogado-de-lesiones-personales-acworth\/casos-de-negligencia-medica\/#breadcrumb"},"inLanguage":"en-US","potentialAction":[{"@type":"ReadAction","target":["https:\/\/ceolawyer.com\/espanol\/abogado-de-lesiones-personales-acworth\/casos-de-negligencia-medica\/"]}]},{"@type":"ImageObject","inLanguage":"en-US","@id":"https:\/\/ceolawyer.com\/espanol\/abogado-de-lesiones-personales-acworth\/casos-de-negligencia-medica\/#primaryimage","url":"https:\/\/ceolawyer.com\/espanol\/wp-content\/uploads\/sites\/2\/2024\/06\/abogado-especialista-en-casos-de-negligencia-medica-en-acworth.webp","contentUrl":"https:\/\/ceolawyer.com\/espanol\/wp-content\/uploads\/sites\/2\/2024\/06\/abogado-especialista-en-casos-de-negligencia-medica-en-acworth.webp","width":500,"height":300,"caption":"Un abogado que trabaja en documentos importantes para el casi de negligencia m\u00e9dica de un cliente."},{"@type":"BreadcrumbList","@id":"https:\/\/ceolawyer.com\/espanol\/abogado-de-lesiones-personales-acworth\/casos-de-negligencia-medica\/#breadcrumb","itemListElement":[{"@type":"ListItem","position":1,"name":"Home","item":"https:\/\/ceolawyer.com\/espanol\/"},{"@type":"ListItem","position":2,"name":"Abogado de lesiones personales en Acworth","item":"https:\/\/ceolawyer.com\/espanol\/abogado-de-lesiones-personales-acworth\/"},{"@type":"ListItem","position":3,"name":"Abogado especialista en casos de negligencia m\u00e9dica en Acworth"}]},{"@type":"WebSite","@id":"https:\/\/ceolawyer.com\/espanol\/#website","url":"https:\/\/ceolawyer.com\/espanol\/","name":"CEO Lawyer","description":"Personal Injury Attorney","publisher":{"@id":"https:\/\/ceolawyer.com\/espanol\/#organization"},"potentialAction":[{"@type":"SearchAction","target":{"@type":"EntryPoint","urlTemplate":"https:\/\/ceolawyer.com\/espanol\/?s={search_term_string}"},"query-input":{"@type":"PropertyValueSpecification","valueRequired":true,"valueName":"search_term_string"}}],"inLanguage":"en-US"},{"@type":"Organization","@id":"https:\/\/ceolawyer.com\/espanol\/#organization","name":"CEO Lawyer","url":"https:\/\/ceolawyer.com\/espanol\/","logo":{"@type":"ImageObject","inLanguage":"en-US","@id":"https:\/\/ceolawyer.com\/espanol\/#\/schema\/logo\/image\/","url":"https:\/\/ceolawyer.com\/espanol\/wp-content\/uploads\/sites\/2\/2022\/05\/CEO_Logo.png","contentUrl":"https:\/\/ceolawyer.com\/espanol\/wp-content\/uploads\/sites\/2\/2022\/05\/CEO_Logo.png","width":200,"height":108,"caption":"CEO Lawyer"},"image":{"@id":"https:\/\/ceolawyer.com\/espanol\/#\/schema\/logo\/image\/"}}]}},"_links":{"self":[{"href":"https:\/\/ceolawyer.com\/espanol\/wp-json\/wp\/v2\/pages\/11890","targetHints":{"allow":["GET"]}}],"collection":[{"href":"https:\/\/ceolawyer.com\/espanol\/wp-json\/wp\/v2\/pages"}],"about":[{"href":"https:\/\/ceolawyer.com\/espanol\/wp-json\/wp\/v2\/types\/page"}],"author":[{"embeddable":true,"href":"https:\/\/ceolawyer.com\/espanol\/wp-json\/wp\/v2\/users\/18"}],"replies":[{"embeddable":true,"href":"https:\/\/ceolawyer.com\/espanol\/wp-json\/wp\/v2\/comments?post=11890"}],"version-history":[{"count":0,"href":"https:\/\/ceolawyer.com\/espanol\/wp-json\/wp\/v2\/pages\/11890\/revisions"}],"up":[{"embeddable":true,"href":"https:\/\/ceolawyer.com\/espanol\/wp-json\/wp\/v2\/pages\/7603"}],"wp:featuredmedia":[{"embeddable":true,"href":"https:\/\/ceolawyer.com\/espanol\/wp-json\/wp\/v2\/media\/11892"}],"wp:attachment":[{"href":"https:\/\/ceolawyer.com\/espanol\/wp-json\/wp\/v2\/media?parent=11890"}],"curies":[{"name":"wp","href":"https:\/\/api.w.org\/{rel}","templated":true}]}}